{"id":120027,"date":"2023-03-10T12:18:09","date_gmt":"2023-03-10T12:18:09","guid":{"rendered":"https:\/\/p4p.test\/protexin-cobalaplex-60-capsules"},"modified":"2026-04-14T08:04:59","modified_gmt":"2026-04-14T08:04:59","slug":"protexin-cobalaplex-60-capsules","status":"publish","type":"product","link":"https:\/\/www.pharmacy4pets.nl\/be\/protexin-cobalaplex-60-capsules","title":{"rendered":"Cobalaplex | 60 capsules"},"content":{"rendered":"<h1>Cobalaplex<\/h1>\n<p>Cobalaplex, voorheen bekend als Protexin Cobalaplex, is een voedingssupplement voor honden en katten dat bijdraagt aan de spijsvertering. Cobalaplex capsules bevatten onder andere prebiotica, vitamine B9 en vitamine B12. Door het toegevoegde kiparoma zal uw huisdier dit als een smakelijke capsule ervaren. De capsules kunnen zowel in zijn geheel worden gegeven of na het openen van de capsule uitgestrooid worden over het voer.<\/p>\n<h2>Dosering Cobalaplex<\/h2>\n<table>\n<tbody>\n<tr>\n<td width=\"151\">\n<p><strong>Lichaamsgewicht<\/strong><\/p>\n<\/td>\n<td width=\"142\">\n<p><strong>Aantal capsules<\/strong><\/p>\n<\/td>\n<\/tr>\n<tr>\n<td width=\"151\">\n<p>Hond\/kat &lt;10 kg<\/p>\n<\/td>\n<td width=\"142\">\n<p>1\/2 capsule per dag of 1 capsule per 2 dagen<\/p>\n<\/td>\n<\/tr>\n<tr>\n<td width=\"151\">\n<p>Hond 10-20 kg<\/p>\n<\/td>\n<td width=\"142\">\n<p>1 capsule per dag<\/p>\n<\/td>\n<\/tr>\n<tr>\n<td width=\"151\">\n<p>Hond &gt;20 kg<\/p>\n<\/td>\n<td width=\"142\">\n<p>2 capsules per dag<\/p>\n<\/td>\n<\/tr>\n<\/tbody>\n<\/table>\n<p>\u00a0<\/p>\n","protected":false},"excerpt":{"rendered":"<p>Cobalaplex Cobalaplex, voorheen bekend als Protexin Cobalaplex, is een voedingssupplement voor honden en katten dat bijdraagt aan de spijsvertering. Cobalaplex capsules bevatten onder andere prebiotica, vitamine B9 en vitamine B12. Door het toegevoegde kiparoma zal uw huisdier dit als een smakelijke capsule ervaren. De capsules kunnen zowel in zijn geheel worden gegeven of na het [&hellip;]<\/p>\n","protected":false},"featured_media":120026,"comment_status":"open","ping_status":"closed","template":"","meta":{"_acf_changed":false,"_nl_post_content":"<h1>Cobalaplex<\/h1>\n<p>Cobalaplex, voorheen bekend als Protexin Cobalaplex, is een voedingssupplement voor honden en katten dat bijdraagt aan de spijsvertering. Cobalaplex capsules bevatten onder andere prebiotica, vitamine B9 en vitamine B12. Door het toegevoegde kiparoma zal uw huisdier dit als een smakelijke capsule ervaren. De capsules kunnen zowel in zijn geheel worden gegeven of na het openen van de capsule uitgestrooid worden over het voer.<\/p>\n<h2>Dosering Cobalaplex<\/h2>\n<table>\n<tbody>\n<tr>\n<td width=\"151\">\n<p><strong>Lichaamsgewicht<\/strong><\/p>\n<\/td>\n<td width=\"142\">\n<p><strong>Aantal capsules<\/strong><\/p>\n<\/td>\n<\/tr>\n<tr>\n<td width=\"151\">\n<p>Hond\/kat &lt;10 kg<\/p>\n<\/td>\n<td width=\"142\">\n<p>1\/2 capsule per dag of 1 capsule per 2 dagen<\/p>\n<\/td>\n<\/tr>\n<tr>\n<td width=\"151\">\n<p>Hond 10-20 kg<\/p>\n<\/td>\n<td width=\"142\">\n<p>1 capsule per dag<\/p>\n<\/td>\n<\/tr>\n<tr>\n<td width=\"151\">\n<p>Hond &gt;20 kg<\/p>\n<\/td>\n<td width=\"142\">\n<p>2 capsules per dag<\/p>\n<\/td>\n<\/tr>\n<\/tbody>\n<\/table>\n<p>\u00a0<\/p>","_nl_post_name":"protexin-cobalaplex-60-capsules","_nl_post_excerpt":"","_nl_post_title":"Cobalaplex | 60 capsules","_en_post_content":"<h1>Cobalaplex<\/h1>\n<p>Cobalaplex, formerly known as Protexin Cobalaplex, is a nutritional supplement for dogs and cats that contributes to digestion. Cobalaplex contains prebiotics, vitamin B9 and vitamin B12. Due to the added chicken aroma, your pet will experience this as a tasty capsule. The capsules may be administered whole or opened with food.<\/p>\n<p>Recommended amount per day:<\/p>\n<table>\n<tbody>\n<tr>\n<td width=\"151\">\n<p><strong>Body weight<\/strong><\/p>\n<\/td>\n<td width=\"142\">\n<p><strong>Number of capsules<\/strong><\/p>\n<\/td>\n<\/tr>\n<tr>\n<td width=\"151\">\n<p>Dog\/cat &lt;10 kg<\/p>\n<\/td>\n<td width=\"142\">\n<p>1\/2 capsule<\/p>\n<\/td>\n<\/tr>\n<tr>\n<td width=\"151\">\n<p>Dog 10-20 kg<\/p>\n<\/td>\n<td width=\"142\">\n<p>1 capsule<\/p>\n<\/td>\n<\/tr>\n<tr>\n<td width=\"151\">\n<p>Dog &gt;20 kg<\/p>\n<\/td>\n<td width=\"142\">\n<p>2 capsules<\/p>\n<\/td>\n<\/tr>\n<\/tbody>\n<\/table>\n<p>\u00a0<\/p>","_en_post_name":"protexin-cobalaplex-60-capsules","_en_post_excerpt":"","_en_post_title":"Cobalaplex | 60 capsules","_de_post_content":"<h1>Cobalaplex<\/h1>\n<p>Cobalaplex, fr\u00fcher bekannt als Protexin Cobalaplex,\u00a0ist ein Nahrungserg\u00e4nzungsmittel f\u00fcr Hunde und Katzen, das die Verdauung f\u00f6rdert. Cobalaplex enth\u00e4lt unter anderem Pr\u00e4biotika, Vitamin B9 und Vitamin B12. Durch das zugesetzte H\u00fchneraroma wird Ihr Haustier dies als wohlschmeckende Kapsel erleben. Die Kapseln k\u00f6nnen im Ganzen oder ge\u00f6ffnet zum Essen eingenommen werden.<\/p>\n<p>Empfohlene Menge pro Tag:<\/p>\n<table>\n<tbody>\n<tr>\n<td width=\"151\">\n<p><strong>K\u00f6rpergewicht<\/strong><\/p>\n<\/td>\n<td width=\"142\">\n<p><strong>Anzahl der Kapseln<\/strong><\/p>\n<\/td>\n<\/tr>\n<tr>\n<td width=\"151\">\n<p>Hund\/Katze &lt;10 kg<\/p>\n<\/td>\n<td width=\"142\">\n<p>1\/2 Kapsel<\/p>\n<\/td>\n<\/tr>\n<tr>\n<td width=\"151\">\n<p>Hund 10-20 kg<\/p>\n<\/td>\n<td width=\"142\">\n<p>1 Kapsel<\/p>\n<\/td>\n<\/tr>\n<tr>\n<td width=\"151\">\n<p>Hund &gt;20 kg<\/p>\n<\/td>\n<td width=\"142\">\n<p>2 Kapseln<\/p>\n<\/td>\n<\/tr>\n<\/tbody>\n<\/table>\n<p>\u00a0<\/p>","_de_post_name":"protexin-cobalaplex-60-kapseln","_de_post_excerpt":"","_de_post_title":"Cobalaplex | 60 Kapseln","_fr_post_content":"<h1>Cobalaplex<\/h1>\r\n<p>Cobalaplex,\u00a0<span class=\"HwtZe\" lang=\"fr\"><span class=\"jCAhz JxVs2d ChMk0b\"><span class=\"ryNqvb\">anciennement connu sous le nom de Protexin Cobalaplex,\u00a0<\/span><\/span><\/span>est un compl\u00e9ment alimentaire pour chiens et chats qui contribue \u00e0 la digestion. Cobalaplex contient, entre autres, des pr\u00e9biotiques, de la vitamine B9 et de la vitamine B12. Gr\u00e2ce \u00e0 l'ar\u00f4me de poulet ajout\u00e9, votre animal de compagnie en profitera comme une capsule savoureuse. Les capsules peuvent \u00eatre administr\u00e9es enti\u00e8res ou ouvertes avec de la nourriture.<\/p>\r\n<p>Montant recommand\u00e9 par jour\u00a0:<\/p>\r\n<table>\r\n<tbody>\r\n<tr>\r\n<td width=\"151\">\r\n<p><strong>Poids corporel<\/strong><\/p>\r\n<\/td>\r\n<td width=\"142\">\r\n<p><strong>Nombre de capsules<\/strong><\/p>\r\n<\/td>\r\n<\/tr>\r\n<tr>\r\n<td width=\"151\">\r\n<p>Chien\/chat &lt;10 kg<\/p>\r\n<\/td>\r\n<td width=\"142\">\r\n<p>1\/2 g\u00e9lule<\/p>\r\n<\/td>\r\n<\/tr>\r\n<tr>\r\n<td width=\"151\">\r\n<p>Chien 10-20 kg<\/p>\r\n<\/td>\r\n<td width=\"142\">\r\n<p>1 g\u00e9lule<\/p>\r\n<\/td>\r\n<\/tr>\r\n<tr>\r\n<td width=\"151\">\r\n<p>Chien &gt;20 kg<\/p>\r\n<\/td>\r\n<td width=\"142\">\r\n<p>2 g\u00e9lules<\/p>\r\n<\/td>\r\n<\/tr>\r\n<\/tbody>\r\n<\/table>\r\n<p>\u00a0<\/p>","_fr_post_name":"protexin-cobalaplex-60-gelules","_fr_post_excerpt":"","_fr_post_title":"Cobalaplex | 60 g\u00e9lules","_es_post_content":"<h1>Cobalaplex<\/h1>\n<p><span class=\"jCAhz ChMk0b\"><span class=\"ryNqvb\">Cobalaplex,\u00a0anteriormente conocido como Protexin Cobalaplex\u00a0contiene prebi\u00f3ticos, vitamina B9 y vitamina B12. Debido al aroma a\u00f1adido a pollo, tu mascota lo sentir\u00e1 como una sabrosa c\u00e1psula.<\/span><\/span> <span class=\"jCAhz ChMk0b\"><span class=\"ryNqvb\">Las c\u00e1psulas se pueden administrar enteras o abiertas con la comida.<\/span><\/span><\/p>\n<p><span class=\"HwtZe\" lang=\"es\"><span class=\"jCAhz ChMk0b\"><span class=\"ryNqvb\">Cantidad recomendada por d\u00eda:<\/span><\/span><\/span><\/p>\n<table style=\"height: 184px;\">\n<tbody>\n<tr style=\"height: 46px;\">\n<td style=\"height: 46px;\" width=\"151\">\n<p><strong>Peso corporal<\/strong><\/p>\n<\/td>\n<td style=\"height: 46px;\" width=\"142\">\n<p><b>N\u00famero de c\u00e1psulas<\/b><\/p>\n<\/td>\n<\/tr>\n<tr style=\"height: 46px;\">\n<td style=\"height: 46px;\" width=\"151\">\n<p>Perro\/gato &lt;10 kg<\/p>\n<\/td>\n<td style=\"height: 46px;\" width=\"142\">\n<p>1\/2 c\u00e1psula<\/p>\n<\/td>\n<\/tr>\n<tr style=\"height: 46px;\">\n<td style=\"height: 46px;\" width=\"151\">\n<p>Perro 10-20 kg<\/p>\n<\/td>\n<td style=\"height: 46px;\" width=\"142\">\n<p>1 c\u00e1psula<\/p>\n<\/td>\n<\/tr>\n<tr style=\"height: 46px;\">\n<td style=\"height: 46px;\" width=\"151\">\n<p>Perro &gt;20 kg<\/p>\n<\/td>\n<td style=\"height: 46px;\" width=\"142\">\n<p>2 c\u00e1psulas<\/p>\n<\/td>\n<\/tr>\n<\/tbody>\n<\/table>\n<p>\u00a0<\/p>","_es_post_name":"protexin-cobalaplex-60-capsulas","_es_post_excerpt":"","_es_post_title":"Cobalaplex | 60 capsulas","edit_language":"nl"},"product_brand":[],"product_cat":[1117,1118,1879,1848,1871,1839,1857,1949],"product_tag":[],"class_list":{"0":"post-120027","1":"product","2":"type-product","3":"status-publish","4":"has-post-thumbnail","6":"product_cat-honden","7":"product_cat-katten","8":"product_cat-maag-darmen","10":"product_cat-medicijnen-supplementen","12":"product_cat-merken","13":"product_cat-protexin","14":"pa_aandoening-overig","15":"pa_doeldier-hond","16":"pa_doeldier-kat","17":"pa_fabricatieland-nederland","18":"pa_merkfilter-protexin","19":"pa_merkgroep-dechra","20":"pa_productsoort-voedingssupplement","21":"pa_toedieningswijze-capsules","22":"pa_unit_pricing_base_measure-1ct","23":"pa_unit_pricing_measure-60ct","24":"pa_werkzamestof-overig","26":"first","27":"instock","28":"taxable","29":"shipping-taxable","30":"purchasable","31":"product-type-simple"},"yoast_head":"<!-- This site is optimized with the Yoast SEO plugin v27.5 - https:\/\/yoast.com\/product\/yoast-seo-wordpress\/ -->\n<title>Cobalaplex Hond en Kat | Spijsvertering | Pharmacy4pets.nl<\/title>\n<meta name=\"description\" content=\"Cobalaplex voedingssupplement voor hond en kat dat bijdraagt aan de spijsvertering. \u2b50 Klantbeoordeling 9\/10 \u2b50 PharmaPunten sparen \u2b50 Pharmacy4pets.nl\" \/>\n<meta name=\"robots\" content=\"index, follow, max-snippet:-1, max-image-preview:large, max-video-preview:-1\" \/>\n<link rel=\"canonical\" href=\"https:\/\/www.pharmacy4pets.nl\/protexin-cobalaplex-60-capsules\" \/>\n<meta property=\"og:locale\" content=\"nl_NL\" \/>\n<meta property=\"og:type\" content=\"article\" \/>\n<meta property=\"og:title\" content=\"Cobalaplex Hond en Kat | Spijsvertering | Pharmacy4pets.nl\" \/>\n<meta property=\"og:description\" content=\"Cobalaplex voedingssupplement voor hond en kat dat bijdraagt aan de spijsvertering. \u2b50 Klantbeoordeling 9\/10 \u2b50 PharmaPunten sparen \u2b50 Pharmacy4pets.nl\" \/>\n<meta property=\"og:url\" content=\"https:\/\/www.pharmacy4pets.nl\/protexin-cobalaplex-60-capsules\" \/>\n<meta property=\"og:site_name\" content=\"Pharmacy4pets\" \/>\n<meta property=\"article:publisher\" content=\"https:\/\/www.facebook.com\/people\/Pharmacy4petsnl\/100063484989896\/\" \/>\n<meta property=\"article:modified_time\" content=\"2026-04-14T08:04:59+00:00\" \/>\n<meta property=\"og:image\" content=\"https:\/\/www.pharmacy4pets.nl\/wp-content\/uploads\/2023\/03\/Cobalaplex.jpg\" \/>\n\t<meta property=\"og:image:width\" content=\"500\" \/>\n\t<meta property=\"og:image:height\" content=\"500\" \/>\n\t<meta property=\"og:image:type\" content=\"image\/jpeg\" \/>\n<meta name=\"twitter:card\" content=\"summary_large_image\" \/>\n<script type=\"application\/ld+json\" class=\"yoast-schema-graph\">{\"@context\":\"https:\\\/\\\/schema.org\",\"@graph\":[{\"@type\":\"WebPage\",\"@id\":\"https:\\\/\\\/www.pharmacy4pets.nl\\\/protexin-cobalaplex-60-capsules\",\"url\":\"https:\\\/\\\/www.pharmacy4pets.nl\\\/protexin-cobalaplex-60-capsules\",\"name\":\"Cobalaplex Hond en Kat | Spijsvertering | Pharmacy4pets.nl\",\"isPartOf\":{\"@id\":\"http:\\\/\\\/www.pharmacy4pets.nl\\\/#website\"},\"primaryImageOfPage\":{\"@id\":\"https:\\\/\\\/www.pharmacy4pets.nl\\\/protexin-cobalaplex-60-capsules#primaryimage\"},\"image\":{\"@id\":\"https:\\\/\\\/www.pharmacy4pets.nl\\\/protexin-cobalaplex-60-capsules#primaryimage\"},\"thumbnailUrl\":\"https:\\\/\\\/www.pharmacy4pets.nl\\\/wp-content\\\/uploads\\\/2023\\\/03\\\/Cobalaplex.jpg\",\"datePublished\":\"2023-03-10T12:18:09+00:00\",\"dateModified\":\"2026-04-14T08:04:59+00:00\",\"description\":\"Cobalaplex voedingssupplement voor hond en kat dat bijdraagt aan de spijsvertering. \u2b50 Klantbeoordeling 9\\\/10 \u2b50 PharmaPunten sparen \u2b50 Pharmacy4pets.nl\",\"breadcrumb\":{\"@id\":\"https:\\\/\\\/www.pharmacy4pets.nl\\\/protexin-cobalaplex-60-capsules#breadcrumb\"},\"inLanguage\":\"nl-NL\",\"potentialAction\":[{\"@type\":\"ReadAction\",\"target\":[\"https:\\\/\\\/www.pharmacy4pets.nl\\\/protexin-cobalaplex-60-capsules\"]}]},{\"@type\":\"ImageObject\",\"inLanguage\":\"nl-NL\",\"@id\":\"https:\\\/\\\/www.pharmacy4pets.nl\\\/protexin-cobalaplex-60-capsules#primaryimage\",\"url\":\"https:\\\/\\\/www.pharmacy4pets.nl\\\/wp-content\\\/uploads\\\/2023\\\/03\\\/Cobalaplex.jpg\",\"contentUrl\":\"https:\\\/\\\/www.pharmacy4pets.nl\\\/wp-content\\\/uploads\\\/2023\\\/03\\\/Cobalaplex.jpg\",\"width\":500,\"height\":500,\"caption\":\"Cobalaplex\"},{\"@type\":\"BreadcrumbList\",\"@id\":\"https:\\\/\\\/www.pharmacy4pets.nl\\\/protexin-cobalaplex-60-capsules#breadcrumb\",\"itemListElement\":[{\"@type\":\"ListItem\",\"position\":1,\"name\":\"Home\",\"item\":\"https:\\\/\\\/p4p-nl.bootmine.com\\\/\"},{\"@type\":\"ListItem\",\"position\":2,\"name\":\"Winkel\",\"item\":\"https:\\\/\\\/p4p-nl.bootmine.com\\\/winkel\"},{\"@type\":\"ListItem\",\"position\":3,\"name\":\"Cobalaplex | 60 capsules\"}]},{\"@type\":\"WebSite\",\"@id\":\"http:\\\/\\\/www.pharmacy4pets.nl\\\/#website\",\"url\":\"http:\\\/\\\/www.pharmacy4pets.nl\\\/\",\"name\":\"Pharmacy4pets\",\"description\":\"Pharmacy4pets.nl is d\u00e9 online apotheek waar u terecht kunt voor alle diergeneesmiddelen, verzorgingsproducten en dieetvoeding voor uw huisdier.\",\"publisher\":{\"@id\":\"http:\\\/\\\/www.pharmacy4pets.nl\\\/#organization\"},\"potentialAction\":[{\"@type\":\"SearchAction\",\"target\":{\"@type\":\"EntryPoint\",\"urlTemplate\":\"http:\\\/\\\/www.pharmacy4pets.nl\\\/?s={search_term_string}\"},\"query-input\":{\"@type\":\"PropertyValueSpecification\",\"valueRequired\":true,\"valueName\":\"search_term_string\"}}],\"inLanguage\":\"nl-NL\"},{\"@type\":\"Organization\",\"@id\":\"http:\\\/\\\/www.pharmacy4pets.nl\\\/#organization\",\"name\":\"Pharmacy4pets\",\"url\":\"http:\\\/\\\/www.pharmacy4pets.nl\\\/\",\"logo\":{\"@type\":\"ImageObject\",\"inLanguage\":\"nl-NL\",\"@id\":\"http:\\\/\\\/www.pharmacy4pets.nl\\\/#\\\/schema\\\/logo\\\/image\\\/\",\"url\":\"https:\\\/\\\/p4p-nl.bootmine.com\\\/wp-content\\\/uploads\\\/2026\\\/03\\\/logo-pharmacy4pets.png\",\"contentUrl\":\"https:\\\/\\\/p4p-nl.bootmine.com\\\/wp-content\\\/uploads\\\/2026\\\/03\\\/logo-pharmacy4pets.png\",\"width\":1024,\"height\":135,\"caption\":\"Pharmacy4pets\"},\"image\":{\"@id\":\"http:\\\/\\\/www.pharmacy4pets.nl\\\/#\\\/schema\\\/logo\\\/image\\\/\"},\"sameAs\":[\"https:\\\/\\\/www.facebook.com\\\/people\\\/Pharmacy4petsnl\\\/100063484989896\\\/\",\"https:\\\/\\\/www.youtube.com\\\/channel\\\/UCGPTIgucgli03tP2_kvLkHg\\\/featured\",\"https:\\\/\\\/www.instagram.com\\\/pharmacy4pets.nl\"]}]}<\/script>\n<!-- \/ Yoast SEO plugin. -->","yoast_head_json":{"title":"Cobalaplex Hond en Kat | Spijsvertering | Pharmacy4pets.nl","description":"Cobalaplex voedingssupplement voor hond en kat dat bijdraagt aan de spijsvertering. \u2b50 Klantbeoordeling 9\/10 \u2b50 PharmaPunten sparen \u2b50 Pharmacy4pets.nl","robots":{"index":"index","follow":"follow","max-snippet":"max-snippet:-1","max-image-preview":"max-image-preview:large","max-video-preview":"max-video-preview:-1"},"canonical":"https:\/\/www.pharmacy4pets.nl\/protexin-cobalaplex-60-capsules","og_locale":"nl_NL","og_type":"article","og_title":"Cobalaplex Hond en Kat | Spijsvertering | Pharmacy4pets.nl","og_description":"Cobalaplex voedingssupplement voor hond en kat dat bijdraagt aan de spijsvertering. \u2b50 Klantbeoordeling 9\/10 \u2b50 PharmaPunten sparen \u2b50 Pharmacy4pets.nl","og_url":"https:\/\/www.pharmacy4pets.nl\/protexin-cobalaplex-60-capsules","og_site_name":"Pharmacy4pets","article_publisher":"https:\/\/www.facebook.com\/people\/Pharmacy4petsnl\/100063484989896\/","article_modified_time":"2026-04-14T08:04:59+00:00","og_image":[{"width":500,"height":500,"url":"https:\/\/www.pharmacy4pets.nl\/wp-content\/uploads\/2023\/03\/Cobalaplex.jpg","type":"image\/jpeg"}],"twitter_card":"summary_large_image","schema":{"@context":"https:\/\/schema.org","@graph":[{"@type":"WebPage","@id":"https:\/\/www.pharmacy4pets.nl\/protexin-cobalaplex-60-capsules","url":"https:\/\/www.pharmacy4pets.nl\/protexin-cobalaplex-60-capsules","name":"Cobalaplex Hond en Kat | Spijsvertering | Pharmacy4pets.nl","isPartOf":{"@id":"http:\/\/www.pharmacy4pets.nl\/#website"},"primaryImageOfPage":{"@id":"https:\/\/www.pharmacy4pets.nl\/protexin-cobalaplex-60-capsules#primaryimage"},"image":{"@id":"https:\/\/www.pharmacy4pets.nl\/protexin-cobalaplex-60-capsules#primaryimage"},"thumbnailUrl":"https:\/\/www.pharmacy4pets.nl\/wp-content\/uploads\/2023\/03\/Cobalaplex.jpg","datePublished":"2023-03-10T12:18:09+00:00","dateModified":"2026-04-14T08:04:59+00:00","description":"Cobalaplex voedingssupplement voor hond en kat dat bijdraagt aan de spijsvertering. \u2b50 Klantbeoordeling 9\/10 \u2b50 PharmaPunten sparen \u2b50 Pharmacy4pets.nl","breadcrumb":{"@id":"https:\/\/www.pharmacy4pets.nl\/protexin-cobalaplex-60-capsules#breadcrumb"},"inLanguage":"nl-NL","potentialAction":[{"@type":"ReadAction","target":["https:\/\/www.pharmacy4pets.nl\/protexin-cobalaplex-60-capsules"]}]},{"@type":"ImageObject","inLanguage":"nl-NL","@id":"https:\/\/www.pharmacy4pets.nl\/protexin-cobalaplex-60-capsules#primaryimage","url":"https:\/\/www.pharmacy4pets.nl\/wp-content\/uploads\/2023\/03\/Cobalaplex.jpg","contentUrl":"https:\/\/www.pharmacy4pets.nl\/wp-content\/uploads\/2023\/03\/Cobalaplex.jpg","width":500,"height":500,"caption":"Cobalaplex"},{"@type":"BreadcrumbList","@id":"https:\/\/www.pharmacy4pets.nl\/protexin-cobalaplex-60-capsules#breadcrumb","itemListElement":[{"@type":"ListItem","position":1,"name":"Home","item":"https:\/\/p4p-nl.bootmine.com\/"},{"@type":"ListItem","position":2,"name":"Winkel","item":"https:\/\/p4p-nl.bootmine.com\/winkel"},{"@type":"ListItem","position":3,"name":"Cobalaplex | 60 capsules"}]},{"@type":"WebSite","@id":"http:\/\/www.pharmacy4pets.nl\/#website","url":"http:\/\/www.pharmacy4pets.nl\/","name":"Pharmacy4pets","description":"Pharmacy4pets.nl is d\u00e9 online apotheek waar u terecht kunt voor alle diergeneesmiddelen, verzorgingsproducten en dieetvoeding voor uw huisdier.","publisher":{"@id":"http:\/\/www.pharmacy4pets.nl\/#organization"},"potentialAction":[{"@type":"SearchAction","target":{"@type":"EntryPoint","urlTemplate":"http:\/\/www.pharmacy4pets.nl\/?s={search_term_string}"},"query-input":{"@type":"PropertyValueSpecification","valueRequired":true,"valueName":"search_term_string"}}],"inLanguage":"nl-NL"},{"@type":"Organization","@id":"http:\/\/www.pharmacy4pets.nl\/#organization","name":"Pharmacy4pets","url":"http:\/\/www.pharmacy4pets.nl\/","logo":{"@type":"ImageObject","inLanguage":"nl-NL","@id":"http:\/\/www.pharmacy4pets.nl\/#\/schema\/logo\/image\/","url":"https:\/\/p4p-nl.bootmine.com\/wp-content\/uploads\/2026\/03\/logo-pharmacy4pets.png","contentUrl":"https:\/\/p4p-nl.bootmine.com\/wp-content\/uploads\/2026\/03\/logo-pharmacy4pets.png","width":1024,"height":135,"caption":"Pharmacy4pets"},"image":{"@id":"http:\/\/www.pharmacy4pets.nl\/#\/schema\/logo\/image\/"},"sameAs":["https:\/\/www.facebook.com\/people\/Pharmacy4petsnl\/100063484989896\/","https:\/\/www.youtube.com\/channel\/UCGPTIgucgli03tP2_kvLkHg\/featured","https:\/\/www.instagram.com\/pharmacy4pets.nl"]}]}},"market_data":{"nl":{"price":0,"sale_price":0,"active":false,"url":null,"parent_url":"","tax_rate":0,"price_inc_tax":0,"sale_price_inc_tax":0},"de":{"price":0,"sale_price":0,"active":false,"url":null,"parent_url":"","tax_rate":0,"price_inc_tax":0,"sale_price_inc_tax":0},"be":{"price":0,"sale_price":0,"active":false,"url":null,"parent_url":"","tax_rate":0,"price_inc_tax":0,"sale_price_inc_tax":0},"fr":{"price":0,"sale_price":0,"active":false,"url":null,"parent_url":"","tax_rate":0,"price_inc_tax":0,"sale_price_inc_tax":0},"ch":{"price":0,"sale_price":0,"active":false,"url":null,"parent_url":"","tax_rate":0,"price_inc_tax":0,"sale_price_inc_tax":0},"at":{"price":0,"sale_price":0,"active":false,"url":null,"parent_url":"","tax_rate":0,"price_inc_tax":0,"sale_price_inc_tax":0},"es":{"price":0,"sale_price":0,"active":false,"url":null,"parent_url":"","tax_rate":0,"price_inc_tax":0,"sale_price_inc_tax":0},"dk":{"price":0,"sale_price":0,"active":false,"url":null,"parent_url":"","tax_rate":0,"price_inc_tax":0,"sale_price_inc_tax":0},"com":{"price":0,"sale_price":0,"active":false,"url":null,"parent_url":"","tax_rate":0,"price_inc_tax":0,"sale_price_inc_tax":0}},"market_nl_price":0,"market_nl_sale_price":0,"market_nl_active":false,"market_nl_url":null,"market_nl_parent_url":"","market_nl_tax_rate":0,"market_nl_price_inc_tax":0,"market_nl_sale_price_inc_tax":0,"market_de_price":0,"market_de_sale_price":0,"market_de_active":false,"market_de_url":null,"market_de_parent_url":"","market_de_tax_rate":0,"market_de_price_inc_tax":0,"market_de_sale_price_inc_tax":0,"market_be_price":0,"market_be_sale_price":0,"market_be_active":false,"market_be_url":null,"market_be_parent_url":"","market_be_tax_rate":0,"market_be_price_inc_tax":0,"market_be_sale_price_inc_tax":0,"market_fr_price":0,"market_fr_sale_price":0,"market_fr_active":false,"market_fr_url":null,"market_fr_parent_url":"","market_fr_tax_rate":0,"market_fr_price_inc_tax":0,"market_fr_sale_price_inc_tax":0,"market_ch_price":0,"market_ch_sale_price":0,"market_ch_active":false,"market_ch_url":null,"market_ch_parent_url":"","market_ch_tax_rate":0,"market_ch_price_inc_tax":0,"market_ch_sale_price_inc_tax":0,"market_at_price":0,"market_at_sale_price":0,"market_at_active":false,"market_at_url":null,"market_at_parent_url":"","market_at_tax_rate":0,"market_at_price_inc_tax":0,"market_at_sale_price_inc_tax":0,"market_es_price":0,"market_es_sale_price":0,"market_es_active":false,"market_es_url":null,"market_es_parent_url":"","market_es_tax_rate":0,"market_es_price_inc_tax":0,"market_es_sale_price_inc_tax":0,"market_dk_price":0,"market_dk_sale_price":0,"market_dk_active":false,"market_dk_url":null,"market_dk_parent_url":"","market_dk_tax_rate":0,"market_dk_price_inc_tax":0,"market_dk_sale_price_inc_tax":0,"market_com_price":0,"market_com_sale_price":0,"market_com_active":false,"market_com_url":null,"market_com_parent_url":"","market_com_tax_rate":0,"market_com_price_inc_tax":0,"market_com_sale_price_inc_tax":0,"acf":[],"_links":{"self":[{"href":"https:\/\/www.pharmacy4pets.nl\/be\/wp-json\/wp\/v2\/product\/120027","targetHints":{"allow":["GET"]}}],"collection":[{"href":"https:\/\/www.pharmacy4pets.nl\/be\/wp-json\/wp\/v2\/product"}],"about":[{"href":"https:\/\/www.pharmacy4pets.nl\/be\/wp-json\/wp\/v2\/types\/product"}],"replies":[{"embeddable":true,"href":"https:\/\/www.pharmacy4pets.nl\/be\/wp-json\/wp\/v2\/comments?post=120027"}],"wp:featuredmedia":[{"embeddable":true,"href":"https:\/\/www.pharmacy4pets.nl\/be\/wp-json\/wp\/v2\/media\/120026"}],"wp:attachment":[{"href":"https:\/\/www.pharmacy4pets.nl\/be\/wp-json\/wp\/v2\/media?parent=120027"}],"wp:term":[{"taxonomy":"product_brand","embeddable":true,"href":"https:\/\/www.pharmacy4pets.nl\/be\/wp-json\/wp\/v2\/product_brand?post=120027"},{"taxonomy":"product_cat","embeddable":true,"href":"https:\/\/www.pharmacy4pets.nl\/be\/wp-json\/wp\/v2\/product_cat?post=120027"},{"taxonomy":"product_tag","embeddable":true,"href":"https:\/\/www.pharmacy4pets.nl\/be\/wp-json\/wp\/v2\/product_tag?post=120027"}],"curies":[{"name":"wp","href":"https:\/\/api.w.org\/{rel}","templated":true}]}}