{"id":120019,"date":"2023-03-10T12:18:08","date_gmt":"2023-03-10T12:18:08","guid":{"rendered":"https:\/\/p4p.test\/protecdiar-kh-pasta-15-ml"},"modified":"2026-04-14T08:04:58","modified_gmt":"2026-04-14T08:04:58","slug":"protecdiar-kh-pasta-15-ml","status":"publish","type":"product","link":"https:\/\/www.pharmacy4pets.nl\/be\/protecdiar-kh-pasta-15-ml","title":{"rendered":"Protecdiar KH pasta | 15 ml"},"content":{"rendered":"<p>Protecdiar KH pasta voor honden en katten is te gebruiken bij acute intestinale absorptiestoornissen. Het advies is om dit aanvullend diervoerder in de vorm van een orale pasta 2 maal per dag gedurende 2-3 dagen aan uw huisdier te geven. Aanbevolen hoeveelheid: 1 ml (1 maatstreepje) per 2 kg lichaamsgewicht.<\/p>\n","protected":false},"excerpt":{"rendered":"<p>Protecdiar KH pasta voor honden en katten is te gebruiken bij acute intestinale absorptiestoornissen. Het advies is om dit aanvullend diervoerder in de vorm van een orale pasta 2 maal per dag gedurende 2-3 dagen aan uw huisdier te geven. Aanbevolen hoeveelheid: 1 ml (1 maatstreepje) per 2 kg lichaamsgewicht.<\/p>\n","protected":false},"featured_media":120018,"comment_status":"open","ping_status":"closed","template":"","meta":{"_acf_changed":false,"_nl_post_content":"Protecdiar KH pasta voor honden en katten is te gebruiken bij acute intestinale absorptiestoornissen. Het advies is om dit aanvullend diervoerder in de vorm van een orale pasta 2 maal per dag gedurende 2-3 dagen aan uw huisdier te geven. Aanbevolen hoeveelheid: 1 ml (1 maatstreepje) per 2 kg lichaamsgewicht.","_nl_post_name":"protecdiar-kh-pasta-15-ml","_nl_post_excerpt":"","_nl_post_title":"Protecdiar KH pasta | 15 ml","_en_post_content":"Protecdiar KH paste for dogs and cats can be used in acute intestinal absorption disorders. The advice is to give this supplementary feed in the form of an oral paste to your pet twice a day for 2-3 days. Recommended amount: 1 ml (1 graduation mark) per 2 kg of body weight.","_en_post_name":"protecdiar-kh-paste-15-ml","_en_post_excerpt":"","_en_post_title":"Protecdiar KH paste | 15 ml","_de_post_content":"Protecdiar KH-Paste f\u00fcr Hunde und Katzen kann bei akuten Resorptionsst\u00f6rungen im Darm eingesetzt werden. Wir empfehlen Ihnen, Ihrem Haustier dieses Erg\u00e4nzungsfuttermittel in Form einer oralen Paste zwei bis drei Tage lang zweimal t\u00e4glich zu verabreichen. Empfohlene Menge: 1 ml (1 Teilstrich) pro 2 kg K\u00f6rpergewicht.","_de_post_name":"protecdiar-kh-paste-15-ml","_de_post_excerpt":"","_de_post_title":"Protecdiar KH Paste | 15 ml","_fr_post_content":"La p\u00e2te Protecdiar KH pour chiens et chats peut \u00eatre utilis\u00e9e dans les troubles aigus de l'absorption intestinale. Le conseil est de donner cet aliment compl\u00e9mentaire sous forme de p\u00e2te orale \u00e0 votre animal deux fois par jour pendant 2 \u00e0 3 jours. Quantit\u00e9 recommand\u00e9e : 1 ml (1 graduation) pour 2 kg de poids corporel.","_fr_post_name":"protecdiar-kh-pate-15-ml","_fr_post_excerpt":"","_fr_post_title":"Protecdiar KH p\u00e2te | 15 ml","_es_post_content":"La pasta Protecdiar KH para perros y gatos se puede utilizar en trastornos agudos de la absorci\u00f3n intestinal. El consejo es darle este alimento complementario en forma de pasta oral a su mascota dos veces al d\u00eda durante 2-3 d\u00edas. Cantidad recomendada: 1 ml (1 marca de graduaci\u00f3n) por 2 kg de peso corporal.","_es_post_name":"protecdiar-kh-pasta-15-ml","_es_post_excerpt":"","_es_post_title":"Protecdiar KH pasta | 15 ml","edit_language":"nl"},"product_brand":[],"product_cat":[1993,1975,1117,1118,1848,1879,1839,1871,1857,2150],"product_tag":[],"class_list":{"0":"post-120019","1":"product","2":"type-product","3":"status-publish","4":"has-post-thumbnail","6":"product_cat-diarree","8":"product_cat-honden","9":"product_cat-katten","10":"product_cat-maag-darmen","12":"product_cat-medicijnen-supplementen","14":"product_cat-merken","15":"product_cat-protecdiar","16":"pa_aandoening-maag_darmen","17":"pa_doeldier-hond","18":"pa_doeldier-kat","19":"pa_fabricatieland-nederland","20":"pa_merkfilter-protecdiar","21":"pa_merkgroep-ecuphar","22":"pa_productsoort-voedingssupplement","23":"pa_toedieningswijze-pasta","24":"pa_unit_pricing_base_measure-10ml","25":"pa_unit_pricing_measure-15ml","26":"pa_werkzamestof-overig","28":"first","29":"instock","30":"taxable","31":"shipping-taxable","32":"purchasable","33":"product-type-simple"},"yoast_head":"<!-- This site is optimized with the Yoast SEO plugin v27.5 - https:\/\/yoast.com\/product\/yoast-seo-wordpress\/ -->\n<title>Protecdiar KH pasta | 15 ml - Pharmacy4pets<\/title>\n<meta name=\"robots\" content=\"index, follow, max-snippet:-1, max-image-preview:large, max-video-preview:-1\" \/>\n<link rel=\"canonical\" href=\"https:\/\/www.pharmacy4pets.nl\/protecdiar-kh-pasta-15-ml\" \/>\n<meta property=\"og:locale\" content=\"nl_NL\" \/>\n<meta property=\"og:type\" content=\"article\" \/>\n<meta property=\"og:title\" content=\"Protecdiar KH pasta | 15 ml - Pharmacy4pets\" \/>\n<meta property=\"og:description\" content=\"Protecdiar KH pasta voor honden en katten is te gebruiken bij acute intestinale absorptiestoornissen. Het advies is om dit aanvullend diervoerder in de vorm van een orale pasta 2 maal per dag gedurende 2-3 dagen aan uw huisdier te geven. Aanbevolen hoeveelheid: 1 ml (1 maatstreepje) per 2 kg lichaamsgewicht.\" \/>\n<meta property=\"og:url\" content=\"https:\/\/www.pharmacy4pets.nl\/protecdiar-kh-pasta-15-ml\" \/>\n<meta property=\"og:site_name\" content=\"Pharmacy4pets\" \/>\n<meta property=\"article:publisher\" content=\"https:\/\/www.facebook.com\/people\/Pharmacy4petsnl\/100063484989896\/\" \/>\n<meta property=\"article:modified_time\" content=\"2026-04-14T08:04:58+00:00\" \/>\n<meta property=\"og:image\" content=\"https:\/\/www.pharmacy4pets.nl\/wp-content\/uploads\/2023\/03\/25566.jpg\" \/>\n\t<meta property=\"og:image:width\" content=\"700\" \/>\n\t<meta property=\"og:image:height\" content=\"300\" \/>\n\t<meta property=\"og:image:type\" content=\"image\/jpeg\" \/>\n<meta name=\"twitter:card\" content=\"summary_large_image\" \/>\n<script type=\"application\/ld+json\" class=\"yoast-schema-graph\">{\"@context\":\"https:\\\/\\\/schema.org\",\"@graph\":[{\"@type\":\"WebPage\",\"@id\":\"https:\\\/\\\/www.pharmacy4pets.nl\\\/protecdiar-kh-pasta-15-ml\",\"url\":\"https:\\\/\\\/www.pharmacy4pets.nl\\\/protecdiar-kh-pasta-15-ml\",\"name\":\"Protecdiar KH pasta | 15 ml - Pharmacy4pets\",\"isPartOf\":{\"@id\":\"http:\\\/\\\/www.pharmacy4pets.nl\\\/#website\"},\"primaryImageOfPage\":{\"@id\":\"https:\\\/\\\/www.pharmacy4pets.nl\\\/protecdiar-kh-pasta-15-ml#primaryimage\"},\"image\":{\"@id\":\"https:\\\/\\\/www.pharmacy4pets.nl\\\/protecdiar-kh-pasta-15-ml#primaryimage\"},\"thumbnailUrl\":\"https:\\\/\\\/www.pharmacy4pets.nl\\\/wp-content\\\/uploads\\\/2023\\\/03\\\/25566.jpg\",\"datePublished\":\"2023-03-10T12:18:08+00:00\",\"dateModified\":\"2026-04-14T08:04:58+00:00\",\"breadcrumb\":{\"@id\":\"https:\\\/\\\/www.pharmacy4pets.nl\\\/protecdiar-kh-pasta-15-ml#breadcrumb\"},\"inLanguage\":\"nl-NL\",\"potentialAction\":[{\"@type\":\"ReadAction\",\"target\":[\"https:\\\/\\\/www.pharmacy4pets.nl\\\/protecdiar-kh-pasta-15-ml\"]}]},{\"@type\":\"ImageObject\",\"inLanguage\":\"nl-NL\",\"@id\":\"https:\\\/\\\/www.pharmacy4pets.nl\\\/protecdiar-kh-pasta-15-ml#primaryimage\",\"url\":\"https:\\\/\\\/www.pharmacy4pets.nl\\\/wp-content\\\/uploads\\\/2023\\\/03\\\/25566.jpg\",\"contentUrl\":\"https:\\\/\\\/www.pharmacy4pets.nl\\\/wp-content\\\/uploads\\\/2023\\\/03\\\/25566.jpg\",\"width\":700,\"height\":300,\"caption\":\"Protecdiar KH\"},{\"@type\":\"BreadcrumbList\",\"@id\":\"https:\\\/\\\/www.pharmacy4pets.nl\\\/protecdiar-kh-pasta-15-ml#breadcrumb\",\"itemListElement\":[{\"@type\":\"ListItem\",\"position\":1,\"name\":\"Home\",\"item\":\"https:\\\/\\\/p4p-nl.bootmine.com\\\/\"},{\"@type\":\"ListItem\",\"position\":2,\"name\":\"Winkel\",\"item\":\"https:\\\/\\\/p4p-nl.bootmine.com\\\/winkel\"},{\"@type\":\"ListItem\",\"position\":3,\"name\":\"Protecdiar KH pasta | 15 ml\"}]},{\"@type\":\"WebSite\",\"@id\":\"http:\\\/\\\/www.pharmacy4pets.nl\\\/#website\",\"url\":\"http:\\\/\\\/www.pharmacy4pets.nl\\\/\",\"name\":\"Pharmacy4pets\",\"description\":\"Pharmacy4pets.nl is d\u00e9 online apotheek waar u terecht kunt voor alle diergeneesmiddelen, verzorgingsproducten en dieetvoeding voor uw huisdier.\",\"publisher\":{\"@id\":\"http:\\\/\\\/www.pharmacy4pets.nl\\\/#organization\"},\"potentialAction\":[{\"@type\":\"SearchAction\",\"target\":{\"@type\":\"EntryPoint\",\"urlTemplate\":\"http:\\\/\\\/www.pharmacy4pets.nl\\\/?s={search_term_string}\"},\"query-input\":{\"@type\":\"PropertyValueSpecification\",\"valueRequired\":true,\"valueName\":\"search_term_string\"}}],\"inLanguage\":\"nl-NL\"},{\"@type\":\"Organization\",\"@id\":\"http:\\\/\\\/www.pharmacy4pets.nl\\\/#organization\",\"name\":\"Pharmacy4pets\",\"url\":\"http:\\\/\\\/www.pharmacy4pets.nl\\\/\",\"logo\":{\"@type\":\"ImageObject\",\"inLanguage\":\"nl-NL\",\"@id\":\"http:\\\/\\\/www.pharmacy4pets.nl\\\/#\\\/schema\\\/logo\\\/image\\\/\",\"url\":\"https:\\\/\\\/p4p-nl.bootmine.com\\\/wp-content\\\/uploads\\\/2026\\\/03\\\/logo-pharmacy4pets.png\",\"contentUrl\":\"https:\\\/\\\/p4p-nl.bootmine.com\\\/wp-content\\\/uploads\\\/2026\\\/03\\\/logo-pharmacy4pets.png\",\"width\":1024,\"height\":135,\"caption\":\"Pharmacy4pets\"},\"image\":{\"@id\":\"http:\\\/\\\/www.pharmacy4pets.nl\\\/#\\\/schema\\\/logo\\\/image\\\/\"},\"sameAs\":[\"https:\\\/\\\/www.facebook.com\\\/people\\\/Pharmacy4petsnl\\\/100063484989896\\\/\",\"https:\\\/\\\/www.youtube.com\\\/channel\\\/UCGPTIgucgli03tP2_kvLkHg\\\/featured\",\"https:\\\/\\\/www.instagram.com\\\/pharmacy4pets.nl\"]}]}<\/script>\n<!-- \/ Yoast SEO plugin. -->","yoast_head_json":{"title":"Protecdiar KH pasta | 15 ml - Pharmacy4pets","robots":{"index":"index","follow":"follow","max-snippet":"max-snippet:-1","max-image-preview":"max-image-preview:large","max-video-preview":"max-video-preview:-1"},"canonical":"https:\/\/www.pharmacy4pets.nl\/protecdiar-kh-pasta-15-ml","og_locale":"nl_NL","og_type":"article","og_title":"Protecdiar KH pasta | 15 ml - Pharmacy4pets","og_description":"Protecdiar KH pasta voor honden en katten is te gebruiken bij acute intestinale absorptiestoornissen. Het advies is om dit aanvullend diervoerder in de vorm van een orale pasta 2 maal per dag gedurende 2-3 dagen aan uw huisdier te geven. Aanbevolen hoeveelheid: 1 ml (1 maatstreepje) per 2 kg lichaamsgewicht.","og_url":"https:\/\/www.pharmacy4pets.nl\/protecdiar-kh-pasta-15-ml","og_site_name":"Pharmacy4pets","article_publisher":"https:\/\/www.facebook.com\/people\/Pharmacy4petsnl\/100063484989896\/","article_modified_time":"2026-04-14T08:04:58+00:00","og_image":[{"width":700,"height":300,"url":"https:\/\/www.pharmacy4pets.nl\/wp-content\/uploads\/2023\/03\/25566.jpg","type":"image\/jpeg"}],"twitter_card":"summary_large_image","schema":{"@context":"https:\/\/schema.org","@graph":[{"@type":"WebPage","@id":"https:\/\/www.pharmacy4pets.nl\/protecdiar-kh-pasta-15-ml","url":"https:\/\/www.pharmacy4pets.nl\/protecdiar-kh-pasta-15-ml","name":"Protecdiar KH pasta | 15 ml - Pharmacy4pets","isPartOf":{"@id":"http:\/\/www.pharmacy4pets.nl\/#website"},"primaryImageOfPage":{"@id":"https:\/\/www.pharmacy4pets.nl\/protecdiar-kh-pasta-15-ml#primaryimage"},"image":{"@id":"https:\/\/www.pharmacy4pets.nl\/protecdiar-kh-pasta-15-ml#primaryimage"},"thumbnailUrl":"https:\/\/www.pharmacy4pets.nl\/wp-content\/uploads\/2023\/03\/25566.jpg","datePublished":"2023-03-10T12:18:08+00:00","dateModified":"2026-04-14T08:04:58+00:00","breadcrumb":{"@id":"https:\/\/www.pharmacy4pets.nl\/protecdiar-kh-pasta-15-ml#breadcrumb"},"inLanguage":"nl-NL","potentialAction":[{"@type":"ReadAction","target":["https:\/\/www.pharmacy4pets.nl\/protecdiar-kh-pasta-15-ml"]}]},{"@type":"ImageObject","inLanguage":"nl-NL","@id":"https:\/\/www.pharmacy4pets.nl\/protecdiar-kh-pasta-15-ml#primaryimage","url":"https:\/\/www.pharmacy4pets.nl\/wp-content\/uploads\/2023\/03\/25566.jpg","contentUrl":"https:\/\/www.pharmacy4pets.nl\/wp-content\/uploads\/2023\/03\/25566.jpg","width":700,"height":300,"caption":"Protecdiar KH"},{"@type":"BreadcrumbList","@id":"https:\/\/www.pharmacy4pets.nl\/protecdiar-kh-pasta-15-ml#breadcrumb","itemListElement":[{"@type":"ListItem","position":1,"name":"Home","item":"https:\/\/p4p-nl.bootmine.com\/"},{"@type":"ListItem","position":2,"name":"Winkel","item":"https:\/\/p4p-nl.bootmine.com\/winkel"},{"@type":"ListItem","position":3,"name":"Protecdiar KH pasta | 15 ml"}]},{"@type":"WebSite","@id":"http:\/\/www.pharmacy4pets.nl\/#website","url":"http:\/\/www.pharmacy4pets.nl\/","name":"Pharmacy4pets","description":"Pharmacy4pets.nl is d\u00e9 online apotheek waar u terecht kunt voor alle diergeneesmiddelen, verzorgingsproducten en dieetvoeding voor uw huisdier.","publisher":{"@id":"http:\/\/www.pharmacy4pets.nl\/#organization"},"potentialAction":[{"@type":"SearchAction","target":{"@type":"EntryPoint","urlTemplate":"http:\/\/www.pharmacy4pets.nl\/?s={search_term_string}"},"query-input":{"@type":"PropertyValueSpecification","valueRequired":true,"valueName":"search_term_string"}}],"inLanguage":"nl-NL"},{"@type":"Organization","@id":"http:\/\/www.pharmacy4pets.nl\/#organization","name":"Pharmacy4pets","url":"http:\/\/www.pharmacy4pets.nl\/","logo":{"@type":"ImageObject","inLanguage":"nl-NL","@id":"http:\/\/www.pharmacy4pets.nl\/#\/schema\/logo\/image\/","url":"https:\/\/p4p-nl.bootmine.com\/wp-content\/uploads\/2026\/03\/logo-pharmacy4pets.png","contentUrl":"https:\/\/p4p-nl.bootmine.com\/wp-content\/uploads\/2026\/03\/logo-pharmacy4pets.png","width":1024,"height":135,"caption":"Pharmacy4pets"},"image":{"@id":"http:\/\/www.pharmacy4pets.nl\/#\/schema\/logo\/image\/"},"sameAs":["https:\/\/www.facebook.com\/people\/Pharmacy4petsnl\/100063484989896\/","https:\/\/www.youtube.com\/channel\/UCGPTIgucgli03tP2_kvLkHg\/featured","https:\/\/www.instagram.com\/pharmacy4pets.nl"]}]}},"market_data":{"nl":{"price":0,"sale_price":0,"active":false,"url":null,"parent_url":"","tax_rate":0,"price_inc_tax":0,"sale_price_inc_tax":0},"de":{"price":0,"sale_price":0,"active":false,"url":null,"parent_url":"","tax_rate":0,"price_inc_tax":0,"sale_price_inc_tax":0},"be":{"price":0,"sale_price":0,"active":false,"url":null,"parent_url":"","tax_rate":0,"price_inc_tax":0,"sale_price_inc_tax":0},"fr":{"price":0,"sale_price":0,"active":false,"url":null,"parent_url":"","tax_rate":0,"price_inc_tax":0,"sale_price_inc_tax":0},"ch":{"price":0,"sale_price":0,"active":false,"url":null,"parent_url":"","tax_rate":0,"price_inc_tax":0,"sale_price_inc_tax":0},"at":{"price":0,"sale_price":0,"active":false,"url":null,"parent_url":"","tax_rate":0,"price_inc_tax":0,"sale_price_inc_tax":0},"es":{"price":0,"sale_price":0,"active":false,"url":null,"parent_url":"","tax_rate":0,"price_inc_tax":0,"sale_price_inc_tax":0},"dk":{"price":0,"sale_price":0,"active":false,"url":null,"parent_url":"","tax_rate":0,"price_inc_tax":0,"sale_price_inc_tax":0},"com":{"price":0,"sale_price":0,"active":false,"url":null,"parent_url":"","tax_rate":0,"price_inc_tax":0,"sale_price_inc_tax":0}},"market_nl_price":0,"market_nl_sale_price":0,"market_nl_active":false,"market_nl_url":null,"market_nl_parent_url":"","market_nl_tax_rate":0,"market_nl_price_inc_tax":0,"market_nl_sale_price_inc_tax":0,"market_de_price":0,"market_de_sale_price":0,"market_de_active":false,"market_de_url":null,"market_de_parent_url":"","market_de_tax_rate":0,"market_de_price_inc_tax":0,"market_de_sale_price_inc_tax":0,"market_be_price":0,"market_be_sale_price":0,"market_be_active":false,"market_be_url":null,"market_be_parent_url":"","market_be_tax_rate":0,"market_be_price_inc_tax":0,"market_be_sale_price_inc_tax":0,"market_fr_price":0,"market_fr_sale_price":0,"market_fr_active":false,"market_fr_url":null,"market_fr_parent_url":"","market_fr_tax_rate":0,"market_fr_price_inc_tax":0,"market_fr_sale_price_inc_tax":0,"market_ch_price":0,"market_ch_sale_price":0,"market_ch_active":false,"market_ch_url":null,"market_ch_parent_url":"","market_ch_tax_rate":0,"market_ch_price_inc_tax":0,"market_ch_sale_price_inc_tax":0,"market_at_price":0,"market_at_sale_price":0,"market_at_active":false,"market_at_url":null,"market_at_parent_url":"","market_at_tax_rate":0,"market_at_price_inc_tax":0,"market_at_sale_price_inc_tax":0,"market_es_price":0,"market_es_sale_price":0,"market_es_active":false,"market_es_url":null,"market_es_parent_url":"","market_es_tax_rate":0,"market_es_price_inc_tax":0,"market_es_sale_price_inc_tax":0,"market_dk_price":0,"market_dk_sale_price":0,"market_dk_active":false,"market_dk_url":null,"market_dk_parent_url":"","market_dk_tax_rate":0,"market_dk_price_inc_tax":0,"market_dk_sale_price_inc_tax":0,"market_com_price":0,"market_com_sale_price":0,"market_com_active":false,"market_com_url":null,"market_com_parent_url":"","market_com_tax_rate":0,"market_com_price_inc_tax":0,"market_com_sale_price_inc_tax":0,"acf":[],"_links":{"self":[{"href":"https:\/\/www.pharmacy4pets.nl\/be\/wp-json\/wp\/v2\/product\/120019","targetHints":{"allow":["GET"]}}],"collection":[{"href":"https:\/\/www.pharmacy4pets.nl\/be\/wp-json\/wp\/v2\/product"}],"about":[{"href":"https:\/\/www.pharmacy4pets.nl\/be\/wp-json\/wp\/v2\/types\/product"}],"replies":[{"embeddable":true,"href":"https:\/\/www.pharmacy4pets.nl\/be\/wp-json\/wp\/v2\/comments?post=120019"}],"wp:featuredmedia":[{"embeddable":true,"href":"https:\/\/www.pharmacy4pets.nl\/be\/wp-json\/wp\/v2\/media\/120018"}],"wp:attachment":[{"href":"https:\/\/www.pharmacy4pets.nl\/be\/wp-json\/wp\/v2\/media?parent=120019"}],"wp:term":[{"taxonomy":"product_brand","embeddable":true,"href":"https:\/\/www.pharmacy4pets.nl\/be\/wp-json\/wp\/v2\/product_brand?post=120019"},{"taxonomy":"product_cat","embeddable":true,"href":"https:\/\/www.pharmacy4pets.nl\/be\/wp-json\/wp\/v2\/product_cat?post=120019"},{"taxonomy":"product_tag","embeddable":true,"href":"https:\/\/www.pharmacy4pets.nl\/be\/wp-json\/wp\/v2\/product_tag?post=120019"}],"curies":[{"name":"wp","href":"https:\/\/api.w.org\/{rel}","templated":true}]}}