{"id":120017,"date":"2023-03-10T12:18:08","date_gmt":"2023-03-10T12:18:08","guid":{"rendered":"https:\/\/p4p.test\/protecdiar-forte-tabs-96-tabletten"},"modified":"2026-04-14T08:04:58","modified_gmt":"2026-04-14T08:04:58","slug":"protecdiar-forte-tabs-96-tabletten","status":"publish","type":"product","link":"https:\/\/www.pharmacy4pets.nl\/be\/protecdiar-forte-tabs-96-tabletten","title":{"rendered":"Protecdiar Forte Tabs | 96 tabletten"},"content":{"rendered":"<p>Protecdiar Forte Tabs is een supplement ter ondersteuning van de balans in de darmflora van uw hond. Daarnaast kunnen de Protecdiar Forte Tabs helpen bij het verminderen van symptomen van diarree en de algemene spijsvertering van uw hond verbeteren.<\/p>\n<p>Protecdiar Forte Tabs mogen rechtstreeks aan uw hond gegeven worden of vermalen worden en gemengd worden met de voeding. Voor de beste resultaten luidt het advies deze tabletten tweemaal daags te geven, \u00e9\u00e9n keer &#8217;s ochtends en \u00e9\u00e9n keer &#8217;s avonds, gedurende 2-3 dagen. Dosering: 1 tablet per 25 kg lichaamsgewicht. Ter ondersteuning is schoon een vers drinkbaar van belang.\u00a0Om het toedienen van de tabletten te vergemakkelijken is er een varkensleversmaak aan toegevoegd.<\/p>\n<p>We raden aan om voor gebruik uw dierenarts te raadplegen.<\/p>\n","protected":false},"excerpt":{"rendered":"<p>Protecdiar Forte Tabs is een supplement ter ondersteuning van de balans in de darmflora van uw hond. Daarnaast kunnen de Protecdiar Forte Tabs helpen bij het verminderen van symptomen van diarree en de algemene spijsvertering van uw hond verbeteren. Protecdiar Forte Tabs mogen rechtstreeks aan uw hond gegeven worden of vermalen worden en gemengd worden [&hellip;]<\/p>\n","protected":false},"featured_media":120016,"comment_status":"open","ping_status":"closed","template":"","meta":{"_acf_changed":false,"_nl_post_content":"<p>Protecdiar Forte Tabs is een supplement ter ondersteuning van de balans in de darmflora van uw hond. Daarnaast kunnen de Protecdiar Forte Tabs helpen bij het verminderen van symptomen van diarree en de algemene spijsvertering van uw hond verbeteren.<\/p>\n<p>Protecdiar Forte Tabs mogen rechtstreeks aan uw hond gegeven worden of vermalen worden en gemengd worden met de voeding. Voor de beste resultaten luidt het advies deze tabletten tweemaal daags te geven, \u00e9\u00e9n keer 's ochtends en \u00e9\u00e9n keer 's avonds, gedurende 2-3 dagen. Dosering: 1 tablet per 25 kg lichaamsgewicht. Ter ondersteuning is schoon een vers drinkbaar van belang.\u00a0Om het toedienen van de tabletten te vergemakkelijken is er een varkensleversmaak aan toegevoegd.<\/p>\n<p>We raden aan om voor gebruik uw dierenarts te raadplegen.<\/p>","_nl_post_name":"protecdiar-forte-tabs-96-tabletten","_nl_post_excerpt":"","_nl_post_title":"Protecdiar Forte Tabs | 96 tabletten","_en_post_content":"<p>Protecdiar Forte Tabs is a supplement to support the balance of your dog's intestinal flora. In addition, the Protecdiar Forte Tabs can help reduce symptoms of diarrhea and improve your dog's general digestion.<\/p>\r\n<p>Protecdiar Forte Tabs can be given directly to your dog or ground up and mixed with the food. For best results, it is recommended that these tablets are given twice a day, once in the morning and once in the evening, for 2-3 days. Dosage: 1 tablet per 25 kg body weight. Clean and fresh drinkable is important for support. To make it easier to administer the tablets, a pork liver flavor has been added.<\/p>\r\n<p>We recommend consulting your veterinarian before use.<\/p>","_en_post_name":"protecdiar-forte-tabs-96-tablets","_en_post_excerpt":"","_en_post_title":"Protecdiar Forte Tabs | 96 tablets","_de_post_content":"<p>Protecdiar Forte Tabs ist ein Nahrungserg\u00e4nzungsmittel zur Unterst\u00fctzung des Gleichgewichts der Darmflora Ihres Hundes. Dar\u00fcber hinaus k\u00f6nnen die Protecdiar Forte Tabs dazu beitragen, Durchfallsymptome zu lindern und die allgemeine Verdauung Ihres Hundes zu verbessern.<\/p>\n<p>Protecdiar Forte Tabs k\u00f6nnen Ihrem Hund direkt verabreicht oder zerkleinert und mit dem Futter vermischt werden. Um optimale Ergebnisse zu erzielen, wird empfohlen, diese Tabletten zwei bis drei Tage lang zweimal t\u00e4glich, einmal morgens und einmal abends, einzunehmen. Dosierung: 1 Tablette pro 25 kg K\u00f6rpergewicht. Zur Unterst\u00fctzung ist ein sauberes, frisches Getr\u00e4nk wichtig. Um die Einnahme der Tabletten zu erleichtern, wurde ein Schweinelebergeschmack hinzugef\u00fcgt.<\/p>\n<p>Wir empfehlen, vor der Anwendung Ihren Tierarzt zu konsultieren.<\/p>","_de_post_name":"protecdiar-forte-tabs-96-tabletten","_de_post_excerpt":"","_de_post_title":"Protecdiar Forte Tabs | 96 Tabletten","_fr_post_content":"<p>Protecdiar Forte Tabs est un compl\u00e9ment destin\u00e9 \u00e0 soutenir l'\u00e9quilibre de la flore intestinale de votre chien. De plus, les Protecdiar Forte Tabs peuvent aider \u00e0 r\u00e9duire les sympt\u00f4mes de la diarrh\u00e9e et \u00e0 am\u00e9liorer la digestion globale de votre chien.<\/p>\n<p>Les comprim\u00e9s Protecdiar Forte peuvent \u00eatre donn\u00e9s directement \u00e0 votre chien ou \u00e9cras\u00e9s et m\u00e9lang\u00e9s \u00e0 de la nourriture. Pour de meilleurs r\u00e9sultats, il est recommand\u00e9 de prendre ces comprim\u00e9s deux fois par jour, une fois le matin et une fois le soir, pendant 2 \u00e0 3 jours. Posologie : 1 comprim\u00e9 pour 25 kg de poids corporel. Une boisson propre et fra\u00eeche est importante pour le soutien. Pour faciliter l'administration des comprim\u00e9s, un ar\u00f4me de foie de porc a \u00e9t\u00e9 ajout\u00e9.<\/p>\n<p>Nous vous recommandons de consulter votre v\u00e9t\u00e9rinaire avant utilisation.<\/p>","_fr_post_name":"protecdiar-forte-tabs-96-comprimes","_fr_post_excerpt":"","_fr_post_title":"Protecdiar Forte Tabs | 96 comprim\u00e9s","_es_post_content":"<p>Protecdiar Forte Tabs es un complemento para apoyar el equilibrio de la flora intestinal de tu perro. Adem\u00e1s, Protecdiar Forte Tabs puede ayudar a reducir los s\u00edntomas de la diarrea y mejorar la digesti\u00f3n general de tu perro.<\/p>\n<p>Protecdiar Forte Tabs puede administrarse directamente a su perro o triturarse y mezclarse con la comida. Para obtener mejores resultados, se recomienda tomar estos comprimidos dos veces al d\u00eda, una por la ma\u00f1ana y otra por la noche, durante 2-3 d\u00edas. Posolog\u00eda: 1 comprimido por cada 25 kg de peso corporal. Una bebida limpia y fresca es importante para brindar apoyo. Para facilitar la administraci\u00f3n de los comprimidos, se le ha a\u00f1adido un sabor a h\u00edgado de cerdo.<\/p>\n<p>Recomendamos consultar a su veterinario antes de su uso.<\/p>","_es_post_name":"protecdiar-forte-tabs-96-comprimidos","_es_post_excerpt":"","_es_post_title":"Protecdiar Forte Tabs | 96 pastillas","edit_language":"nl"},"product_brand":[],"product_cat":[1975,1117,1848,1839,1857,2150],"product_tag":[],"class_list":{"0":"post-120017","1":"product","2":"type-product","3":"status-publish","4":"has-post-thumbnail","6":"product_cat-diarree","7":"product_cat-honden","8":"product_cat-maag-darmen","9":"product_cat-medicijnen-supplementen","10":"product_cat-merken","11":"product_cat-protecdiar","12":"pa_aandoening-maag_darmen","13":"pa_doeldier-hond","14":"pa_fabricatieland-nederland","15":"pa_merkfilter-protecdiar","16":"pa_merkgroep-ecuphar","17":"pa_productsoort-voedingssupplement","18":"pa_toedieningswijze-tabletten","19":"pa_unit_pricing_base_measure-1ct","20":"pa_unit_pricing_measure-96ct","21":"pa_werkzamestof-overig","23":"first","24":"instock","25":"taxable","26":"shipping-taxable","27":"purchasable","28":"product-type-simple"},"yoast_head":"<!-- This site is optimized with the Yoast SEO plugin v27.5 - https:\/\/yoast.com\/product\/yoast-seo-wordpress\/ -->\n<title>Protecdiar Forte Tabs | 96 tabletten - Pharmacy4pets<\/title>\n<meta name=\"robots\" content=\"index, follow, max-snippet:-1, max-image-preview:large, max-video-preview:-1\" \/>\n<link rel=\"canonical\" href=\"https:\/\/p4p-nl.bootmine.com\/%product-slug%\/protecdiar-forte-tabs-96-tabletten\" \/>\n<meta property=\"og:locale\" content=\"nl_NL\" \/>\n<meta property=\"og:type\" content=\"article\" \/>\n<meta property=\"og:title\" content=\"Protecdiar Forte Tabs | 96 tabletten - Pharmacy4pets\" \/>\n<meta property=\"og:description\" content=\"Protecdiar Forte Tabs is een supplement ter ondersteuning van de balans in de darmflora van uw hond. Daarnaast kunnen de Protecdiar Forte Tabs helpen bij het verminderen van symptomen van diarree en de algemene spijsvertering van uw hond verbeteren. Protecdiar Forte Tabs mogen rechtstreeks aan uw hond gegeven worden of vermalen worden en gemengd worden [&hellip;]\" \/>\n<meta property=\"og:url\" content=\"https:\/\/p4p-nl.bootmine.com\/%product-slug%\/protecdiar-forte-tabs-96-tabletten\" \/>\n<meta property=\"og:site_name\" content=\"Pharmacy4pets\" \/>\n<meta property=\"article:publisher\" content=\"https:\/\/www.facebook.com\/people\/Pharmacy4petsnl\/100063484989896\/\" \/>\n<meta property=\"article:modified_time\" content=\"2026-04-14T08:04:58+00:00\" \/>\n<meta property=\"og:image\" content=\"https:\/\/p4p-nl.bootmine.com\/wp-content\/uploads\/2023\/03\/25243.jpg\" \/>\n\t<meta property=\"og:image:width\" content=\"600\" \/>\n\t<meta property=\"og:image:height\" content=\"483\" \/>\n\t<meta property=\"og:image:type\" content=\"image\/jpeg\" \/>\n<meta name=\"twitter:card\" content=\"summary_large_image\" \/>\n<meta name=\"twitter:label1\" content=\"Geschatte leestijd\" \/>\n\t<meta name=\"twitter:data1\" content=\"1 minuut\" \/>\n<script type=\"application\/ld+json\" class=\"yoast-schema-graph\">{\"@context\":\"https:\\\/\\\/schema.org\",\"@graph\":[{\"@type\":\"WebPage\",\"@id\":\"https:\\\/\\\/p4p-nl.bootmine.com\\\/%product-slug%\\\/protecdiar-forte-tabs-96-tabletten\",\"url\":\"https:\\\/\\\/p4p-nl.bootmine.com\\\/%product-slug%\\\/protecdiar-forte-tabs-96-tabletten\",\"name\":\"Protecdiar Forte Tabs | 96 tabletten - Pharmacy4pets\",\"isPartOf\":{\"@id\":\"http:\\\/\\\/www.pharmacy4pets.nl\\\/#website\"},\"primaryImageOfPage\":{\"@id\":\"https:\\\/\\\/p4p-nl.bootmine.com\\\/%product-slug%\\\/protecdiar-forte-tabs-96-tabletten#primaryimage\"},\"image\":{\"@id\":\"https:\\\/\\\/p4p-nl.bootmine.com\\\/%product-slug%\\\/protecdiar-forte-tabs-96-tabletten#primaryimage\"},\"thumbnailUrl\":\"https:\\\/\\\/www.pharmacy4pets.nl\\\/wp-content\\\/uploads\\\/2023\\\/03\\\/25243.jpg\",\"datePublished\":\"2023-03-10T12:18:08+00:00\",\"dateModified\":\"2026-04-14T08:04:58+00:00\",\"breadcrumb\":{\"@id\":\"https:\\\/\\\/p4p-nl.bootmine.com\\\/%product-slug%\\\/protecdiar-forte-tabs-96-tabletten#breadcrumb\"},\"inLanguage\":\"nl-NL\",\"potentialAction\":[{\"@type\":\"ReadAction\",\"target\":[\"https:\\\/\\\/p4p-nl.bootmine.com\\\/%product-slug%\\\/protecdiar-forte-tabs-96-tabletten\"]}]},{\"@type\":\"ImageObject\",\"inLanguage\":\"nl-NL\",\"@id\":\"https:\\\/\\\/p4p-nl.bootmine.com\\\/%product-slug%\\\/protecdiar-forte-tabs-96-tabletten#primaryimage\",\"url\":\"https:\\\/\\\/www.pharmacy4pets.nl\\\/wp-content\\\/uploads\\\/2023\\\/03\\\/25243.jpg\",\"contentUrl\":\"https:\\\/\\\/www.pharmacy4pets.nl\\\/wp-content\\\/uploads\\\/2023\\\/03\\\/25243.jpg\",\"width\":600,\"height\":483,\"caption\":\"Protecdiar Forte Tabs\"},{\"@type\":\"BreadcrumbList\",\"@id\":\"https:\\\/\\\/p4p-nl.bootmine.com\\\/%product-slug%\\\/protecdiar-forte-tabs-96-tabletten#breadcrumb\",\"itemListElement\":[{\"@type\":\"ListItem\",\"position\":1,\"name\":\"Home\",\"item\":\"https:\\\/\\\/p4p-nl.bootmine.com\\\/\"},{\"@type\":\"ListItem\",\"position\":2,\"name\":\"Winkel\",\"item\":\"https:\\\/\\\/p4p-nl.bootmine.com\\\/winkel\"},{\"@type\":\"ListItem\",\"position\":3,\"name\":\"Protecdiar Forte Tabs | 96 tabletten\"}]},{\"@type\":\"WebSite\",\"@id\":\"http:\\\/\\\/www.pharmacy4pets.nl\\\/#website\",\"url\":\"http:\\\/\\\/www.pharmacy4pets.nl\\\/\",\"name\":\"Pharmacy4pets\",\"description\":\"Pharmacy4pets.nl is d\u00e9 online apotheek waar u terecht kunt voor alle diergeneesmiddelen, verzorgingsproducten en dieetvoeding voor uw huisdier.\",\"publisher\":{\"@id\":\"http:\\\/\\\/www.pharmacy4pets.nl\\\/#organization\"},\"potentialAction\":[{\"@type\":\"SearchAction\",\"target\":{\"@type\":\"EntryPoint\",\"urlTemplate\":\"http:\\\/\\\/www.pharmacy4pets.nl\\\/?s={search_term_string}\"},\"query-input\":{\"@type\":\"PropertyValueSpecification\",\"valueRequired\":true,\"valueName\":\"search_term_string\"}}],\"inLanguage\":\"nl-NL\"},{\"@type\":\"Organization\",\"@id\":\"http:\\\/\\\/www.pharmacy4pets.nl\\\/#organization\",\"name\":\"Pharmacy4pets\",\"url\":\"http:\\\/\\\/www.pharmacy4pets.nl\\\/\",\"logo\":{\"@type\":\"ImageObject\",\"inLanguage\":\"nl-NL\",\"@id\":\"http:\\\/\\\/www.pharmacy4pets.nl\\\/#\\\/schema\\\/logo\\\/image\\\/\",\"url\":\"https:\\\/\\\/p4p-nl.bootmine.com\\\/wp-content\\\/uploads\\\/2026\\\/03\\\/logo-pharmacy4pets.png\",\"contentUrl\":\"https:\\\/\\\/p4p-nl.bootmine.com\\\/wp-content\\\/uploads\\\/2026\\\/03\\\/logo-pharmacy4pets.png\",\"width\":1024,\"height\":135,\"caption\":\"Pharmacy4pets\"},\"image\":{\"@id\":\"http:\\\/\\\/www.pharmacy4pets.nl\\\/#\\\/schema\\\/logo\\\/image\\\/\"},\"sameAs\":[\"https:\\\/\\\/www.facebook.com\\\/people\\\/Pharmacy4petsnl\\\/100063484989896\\\/\",\"https:\\\/\\\/www.youtube.com\\\/channel\\\/UCGPTIgucgli03tP2_kvLkHg\\\/featured\",\"https:\\\/\\\/www.instagram.com\\\/pharmacy4pets.nl\"]}]}<\/script>\n<!-- \/ Yoast SEO plugin. -->","yoast_head_json":{"title":"Protecdiar Forte Tabs | 96 tabletten - Pharmacy4pets","robots":{"index":"index","follow":"follow","max-snippet":"max-snippet:-1","max-image-preview":"max-image-preview:large","max-video-preview":"max-video-preview:-1"},"canonical":"https:\/\/p4p-nl.bootmine.com\/%product-slug%\/protecdiar-forte-tabs-96-tabletten","og_locale":"nl_NL","og_type":"article","og_title":"Protecdiar Forte Tabs | 96 tabletten - Pharmacy4pets","og_description":"Protecdiar Forte Tabs is een supplement ter ondersteuning van de balans in de darmflora van uw hond. Daarnaast kunnen de Protecdiar Forte Tabs helpen bij het verminderen van symptomen van diarree en de algemene spijsvertering van uw hond verbeteren. Protecdiar Forte Tabs mogen rechtstreeks aan uw hond gegeven worden of vermalen worden en gemengd worden [&hellip;]","og_url":"https:\/\/p4p-nl.bootmine.com\/%product-slug%\/protecdiar-forte-tabs-96-tabletten","og_site_name":"Pharmacy4pets","article_publisher":"https:\/\/www.facebook.com\/people\/Pharmacy4petsnl\/100063484989896\/","article_modified_time":"2026-04-14T08:04:58+00:00","og_image":[{"width":600,"height":483,"url":"https:\/\/p4p-nl.bootmine.com\/wp-content\/uploads\/2023\/03\/25243.jpg","type":"image\/jpeg"}],"twitter_card":"summary_large_image","twitter_misc":{"Geschatte leestijd":"1 minuut"},"schema":{"@context":"https:\/\/schema.org","@graph":[{"@type":"WebPage","@id":"https:\/\/p4p-nl.bootmine.com\/%product-slug%\/protecdiar-forte-tabs-96-tabletten","url":"https:\/\/p4p-nl.bootmine.com\/%product-slug%\/protecdiar-forte-tabs-96-tabletten","name":"Protecdiar Forte Tabs | 96 tabletten - Pharmacy4pets","isPartOf":{"@id":"http:\/\/www.pharmacy4pets.nl\/#website"},"primaryImageOfPage":{"@id":"https:\/\/p4p-nl.bootmine.com\/%product-slug%\/protecdiar-forte-tabs-96-tabletten#primaryimage"},"image":{"@id":"https:\/\/p4p-nl.bootmine.com\/%product-slug%\/protecdiar-forte-tabs-96-tabletten#primaryimage"},"thumbnailUrl":"https:\/\/www.pharmacy4pets.nl\/wp-content\/uploads\/2023\/03\/25243.jpg","datePublished":"2023-03-10T12:18:08+00:00","dateModified":"2026-04-14T08:04:58+00:00","breadcrumb":{"@id":"https:\/\/p4p-nl.bootmine.com\/%product-slug%\/protecdiar-forte-tabs-96-tabletten#breadcrumb"},"inLanguage":"nl-NL","potentialAction":[{"@type":"ReadAction","target":["https:\/\/p4p-nl.bootmine.com\/%product-slug%\/protecdiar-forte-tabs-96-tabletten"]}]},{"@type":"ImageObject","inLanguage":"nl-NL","@id":"https:\/\/p4p-nl.bootmine.com\/%product-slug%\/protecdiar-forte-tabs-96-tabletten#primaryimage","url":"https:\/\/www.pharmacy4pets.nl\/wp-content\/uploads\/2023\/03\/25243.jpg","contentUrl":"https:\/\/www.pharmacy4pets.nl\/wp-content\/uploads\/2023\/03\/25243.jpg","width":600,"height":483,"caption":"Protecdiar Forte Tabs"},{"@type":"BreadcrumbList","@id":"https:\/\/p4p-nl.bootmine.com\/%product-slug%\/protecdiar-forte-tabs-96-tabletten#breadcrumb","itemListElement":[{"@type":"ListItem","position":1,"name":"Home","item":"https:\/\/p4p-nl.bootmine.com\/"},{"@type":"ListItem","position":2,"name":"Winkel","item":"https:\/\/p4p-nl.bootmine.com\/winkel"},{"@type":"ListItem","position":3,"name":"Protecdiar Forte Tabs | 96 tabletten"}]},{"@type":"WebSite","@id":"http:\/\/www.pharmacy4pets.nl\/#website","url":"http:\/\/www.pharmacy4pets.nl\/","name":"Pharmacy4pets","description":"Pharmacy4pets.nl is d\u00e9 online apotheek waar u terecht kunt voor alle diergeneesmiddelen, verzorgingsproducten en dieetvoeding voor uw huisdier.","publisher":{"@id":"http:\/\/www.pharmacy4pets.nl\/#organization"},"potentialAction":[{"@type":"SearchAction","target":{"@type":"EntryPoint","urlTemplate":"http:\/\/www.pharmacy4pets.nl\/?s={search_term_string}"},"query-input":{"@type":"PropertyValueSpecification","valueRequired":true,"valueName":"search_term_string"}}],"inLanguage":"nl-NL"},{"@type":"Organization","@id":"http:\/\/www.pharmacy4pets.nl\/#organization","name":"Pharmacy4pets","url":"http:\/\/www.pharmacy4pets.nl\/","logo":{"@type":"ImageObject","inLanguage":"nl-NL","@id":"http:\/\/www.pharmacy4pets.nl\/#\/schema\/logo\/image\/","url":"https:\/\/p4p-nl.bootmine.com\/wp-content\/uploads\/2026\/03\/logo-pharmacy4pets.png","contentUrl":"https:\/\/p4p-nl.bootmine.com\/wp-content\/uploads\/2026\/03\/logo-pharmacy4pets.png","width":1024,"height":135,"caption":"Pharmacy4pets"},"image":{"@id":"http:\/\/www.pharmacy4pets.nl\/#\/schema\/logo\/image\/"},"sameAs":["https:\/\/www.facebook.com\/people\/Pharmacy4petsnl\/100063484989896\/","https:\/\/www.youtube.com\/channel\/UCGPTIgucgli03tP2_kvLkHg\/featured","https:\/\/www.instagram.com\/pharmacy4pets.nl"]}]}},"market_data":{"nl":{"price":0,"sale_price":0,"active":false,"url":null,"parent_url":"","tax_rate":0,"price_inc_tax":0,"sale_price_inc_tax":0},"de":{"price":0,"sale_price":0,"active":false,"url":null,"parent_url":"","tax_rate":0,"price_inc_tax":0,"sale_price_inc_tax":0},"be":{"price":0,"sale_price":0,"active":false,"url":null,"parent_url":"","tax_rate":0,"price_inc_tax":0,"sale_price_inc_tax":0},"fr":{"price":0,"sale_price":0,"active":false,"url":null,"parent_url":"","tax_rate":0,"price_inc_tax":0,"sale_price_inc_tax":0},"ch":{"price":0,"sale_price":0,"active":false,"url":null,"parent_url":"","tax_rate":0,"price_inc_tax":0,"sale_price_inc_tax":0},"at":{"price":0,"sale_price":0,"active":false,"url":null,"parent_url":"","tax_rate":0,"price_inc_tax":0,"sale_price_inc_tax":0},"es":{"price":0,"sale_price":0,"active":false,"url":null,"parent_url":"","tax_rate":0,"price_inc_tax":0,"sale_price_inc_tax":0},"dk":{"price":0,"sale_price":0,"active":false,"url":null,"parent_url":"","tax_rate":0,"price_inc_tax":0,"sale_price_inc_tax":0},"com":{"price":0,"sale_price":0,"active":false,"url":null,"parent_url":"","tax_rate":0,"price_inc_tax":0,"sale_price_inc_tax":0}},"market_nl_price":0,"market_nl_sale_price":0,"market_nl_active":false,"market_nl_url":null,"market_nl_parent_url":"","market_nl_tax_rate":0,"market_nl_price_inc_tax":0,"market_nl_sale_price_inc_tax":0,"market_de_price":0,"market_de_sale_price":0,"market_de_active":false,"market_de_url":null,"market_de_parent_url":"","market_de_tax_rate":0,"market_de_price_inc_tax":0,"market_de_sale_price_inc_tax":0,"market_be_price":0,"market_be_sale_price":0,"market_be_active":false,"market_be_url":null,"market_be_parent_url":"","market_be_tax_rate":0,"market_be_price_inc_tax":0,"market_be_sale_price_inc_tax":0,"market_fr_price":0,"market_fr_sale_price":0,"market_fr_active":false,"market_fr_url":null,"market_fr_parent_url":"","market_fr_tax_rate":0,"market_fr_price_inc_tax":0,"market_fr_sale_price_inc_tax":0,"market_ch_price":0,"market_ch_sale_price":0,"market_ch_active":false,"market_ch_url":null,"market_ch_parent_url":"","market_ch_tax_rate":0,"market_ch_price_inc_tax":0,"market_ch_sale_price_inc_tax":0,"market_at_price":0,"market_at_sale_price":0,"market_at_active":false,"market_at_url":null,"market_at_parent_url":"","market_at_tax_rate":0,"market_at_price_inc_tax":0,"market_at_sale_price_inc_tax":0,"market_es_price":0,"market_es_sale_price":0,"market_es_active":false,"market_es_url":null,"market_es_parent_url":"","market_es_tax_rate":0,"market_es_price_inc_tax":0,"market_es_sale_price_inc_tax":0,"market_dk_price":0,"market_dk_sale_price":0,"market_dk_active":false,"market_dk_url":null,"market_dk_parent_url":"","market_dk_tax_rate":0,"market_dk_price_inc_tax":0,"market_dk_sale_price_inc_tax":0,"market_com_price":0,"market_com_sale_price":0,"market_com_active":false,"market_com_url":null,"market_com_parent_url":"","market_com_tax_rate":0,"market_com_price_inc_tax":0,"market_com_sale_price_inc_tax":0,"acf":[],"_links":{"self":[{"href":"https:\/\/www.pharmacy4pets.nl\/be\/wp-json\/wp\/v2\/product\/120017","targetHints":{"allow":["GET"]}}],"collection":[{"href":"https:\/\/www.pharmacy4pets.nl\/be\/wp-json\/wp\/v2\/product"}],"about":[{"href":"https:\/\/www.pharmacy4pets.nl\/be\/wp-json\/wp\/v2\/types\/product"}],"replies":[{"embeddable":true,"href":"https:\/\/www.pharmacy4pets.nl\/be\/wp-json\/wp\/v2\/comments?post=120017"}],"wp:featuredmedia":[{"embeddable":true,"href":"https:\/\/www.pharmacy4pets.nl\/be\/wp-json\/wp\/v2\/media\/120016"}],"wp:attachment":[{"href":"https:\/\/www.pharmacy4pets.nl\/be\/wp-json\/wp\/v2\/media?parent=120017"}],"wp:term":[{"taxonomy":"product_brand","embeddable":true,"href":"https:\/\/www.pharmacy4pets.nl\/be\/wp-json\/wp\/v2\/product_brand?post=120017"},{"taxonomy":"product_cat","embeddable":true,"href":"https:\/\/www.pharmacy4pets.nl\/be\/wp-json\/wp\/v2\/product_cat?post=120017"},{"taxonomy":"product_tag","embeddable":true,"href":"https:\/\/www.pharmacy4pets.nl\/be\/wp-json\/wp\/v2\/product_tag?post=120017"}],"curies":[{"name":"wp","href":"https:\/\/api.w.org\/{rel}","templated":true}]}}