{"id":120007,"date":"2023-03-10T12:18:06","date_gmt":"2023-03-10T12:18:06","guid":{"rendered":"https:\/\/p4p.test\/porus-one-500-mg-30-sticks"},"modified":"2026-04-14T08:04:57","modified_gmt":"2026-04-14T08:04:57","slug":"porus-one-500-mg-30-sticks","status":"publish","type":"product","link":"https:\/\/www.pharmacy4pets.nl\/be\/porus-one-500-mg-30-sticks","title":{"rendered":"Porus One 500 mg | 30 sticks"},"content":{"rendered":"<h1><strong>Porus One kat<br \/><\/strong><\/h1>\n<p><a href=\"https:\/\/www.pharmacy4pets.nl\/merken\/porus-one\">Porus One<\/a> ondersteunt de <a href=\"https:\/\/www.pharmacy4pets.nl\/katten\/medicijnen-supplementen\/nieren-blaas-urinewegen\">niergezondheid bij katten<\/a>. Door de opname van dierlijke eiwitten worden uremische toxines gevormd, deze kunnen schadelijk zijn voor de nieren. Porus One bevat een op koolstof gebaseerde absorbeerder welke deze uremische toxines doet helpen verminderen.<\/p>\n<h2><strong>Toediening<\/strong><\/h2>\n<p>Geef Porus One \u00e9\u00e9n keer per dag aan uw kat. Porus one is gemakkelijk toe te dienen door de inhoud van het zakje te mengen met natvoer.<\/p>\n","protected":false},"excerpt":{"rendered":"<p>Porus One kat Porus One ondersteunt de niergezondheid bij katten. Door de opname van dierlijke eiwitten worden uremische toxines gevormd, deze kunnen schadelijk zijn voor de nieren. Porus One bevat een op koolstof gebaseerde absorbeerder welke deze uremische toxines doet helpen verminderen. Toediening Geef Porus One \u00e9\u00e9n keer per dag aan uw kat. Porus one [&hellip;]<\/p>\n","protected":false},"featured_media":120006,"comment_status":"open","ping_status":"closed","template":"","meta":{"_acf_changed":false,"_nl_post_content":"<h1><strong>Porus One kat<br \/><\/strong><\/h1>\r\n<p><a href=\"https:\/\/www.pharmacy4pets.nl\/merken\/porus-one\">Porus One<\/a> ondersteunt de <a href=\"https:\/\/www.pharmacy4pets.nl\/katten\/medicijnen-supplementen\/nieren-blaas-urinewegen\">niergezondheid bij katten<\/a>. Door de opname van dierlijke eiwitten worden uremische toxines gevormd, deze kunnen schadelijk zijn voor de nieren. Porus One bevat een op koolstof gebaseerde absorbeerder welke deze uremische toxines doet helpen verminderen.<\/p>\r\n<h2><strong>Toediening<\/strong><\/h2>\r\n<p>Geef Porus One \u00e9\u00e9n keer per dag aan uw kat. Porus one is gemakkelijk toe te dienen door de inhoud van het zakje te mengen met natvoer.<\/p>","_nl_post_name":"porus-one-500-mg-30-sticks","_nl_post_excerpt":"","_nl_post_title":"Porus One 500 mg | 30 sticks","_en_post_content":"<h1><strong>Porus One<\/strong><\/h1>\r\n<p><a href=\"https:\/\/www.pharmacy4pets.com\/brands\/porus-one\">Porus One<\/a> supports <a href=\"https:\/\/www.pharmacy4pets.com\/cats\/medication-supplements\/kidneys-bladder-urinary-tract\">kidney health in cats<\/a>. The intake of animal proteins leads to the formation of uremic toxins, which can be harmful to the kidneys. Porus One contains a carbon-based absorber that helps reduce these uremic toxins.<\/p>\r\n<h2><strong>Administration<\/strong><\/h2>\r\n<p>Administer Porus One once daily to your cat. Porus One is easy to administer by mixing the contents of the sachet with wet food.<\/p>","_en_post_name":"porus-one-500-mg-30-sticks","_en_post_excerpt":"","_en_post_title":"Porus One 500 mg | 30 sticks","_de_post_content":"<h1><strong>Porus One Katze<\/strong><\/h1>\r\n<p><a href=\"https:\/\/www.pharmacy4pets.de\/marken\/porus-one\">Porus One<\/a> unterst\u00fctzt die <a href=\"https:\/\/www.pharmacy4pets.de\/katzen\/medikamente-erganzungen\/nieren-blase-harntrakt\">Nierengesundheit bei Katzen<\/a>. Durch die Aufnahme tierischer Proteine entstehen ur\u00e4mische Toxine, die sch\u00e4dlich f\u00fcr die Nieren sein k\u00f6nnen. Porus One enth\u00e4lt einen auf Kohlenstoff basierenden Absorber, der dabei hilft, diese ur\u00e4mischen Toxine zu reduzieren.<\/p>\r\n<h2><strong>Anwendung<\/strong><\/h2>\r\n<p>Geben Sie Porus One einmal t\u00e4glich an Ihre Katze. Porus One ist einfach anzuwenden, indem Sie den Inhalt des Beutels mit Nassfutter vermischen.<\/p>","_de_post_name":"porus-one-500-mg-30-streifen","_de_post_excerpt":"","_de_post_title":"Porus One Katze 500 mg | 30 Streifen","_fr_post_content":"<h1><strong>Porus One<\/strong><\/h1>\r\n<p><a href=\"https:\/\/www.pharmacy4pets.fr\/marques\/porus-one\">Porus One<\/a> soutient la <a href=\"https:\/\/www.pharmacy4pets.fr\/chats\/medicaments-supplements\/reins-vessie-voies-urinaires\">sant\u00e9 r\u00e9nale des chats<\/a>. L'ingestion de prot\u00e9ines animales entra\u00eene la formation de toxines ur\u00e9miques, qui peuvent \u00eatre nocives pour les reins. Porus One contient un absorbeur \u00e0 base de carbone qui aide \u00e0 r\u00e9duire ces toxines ur\u00e9miques.<\/p>\r\n<h2><strong>Administration<\/strong><\/h2>\r\n<p>Administrez Porus One une fois par jour \u00e0 votre chat. Porus One est facile \u00e0 administrer en m\u00e9langeant le contenu du sachet avec de la nourriture humide.<\/p>","_fr_post_name":"porus-one-500-mg-30-batons","_fr_post_excerpt":"","_fr_post_title":"Porus One 500 mg | 30 b\u00e2tons","_es_post_content":"<h1><strong>Porus One<\/strong><\/h1>\r\n<p><a href=\"https:\/\/www.pharmacy4pets.es\/marcas\/porus-one\">Porus One<\/a> apoya la <a href=\"https:\/\/www.pharmacy4pets.es\/gatos\/medicamentos-suplementos\/rinones-vejiga-tracto-urinario\">salud renal en gatos<\/a>. La ingesta de prote\u00ednas animales lleva a la formaci\u00f3n de toxinas uremicas, que pueden ser da\u00f1inas para los ri\u00f1ones. Porus One contiene un absorbedor a base de carbono que ayuda a reducir estas toxinas uremicas.<\/p>\r\n<h2><strong>Administraci\u00f3n<\/strong><\/h2>\r\n<p>Administre Porus One una vez al d\u00eda a su gato. Porus One es f\u00e1cil de administrar mezclando el contenido del sobre con comida h\u00fameda.<\/p>","_es_post_name":"porus-one-500-mg-30-palos","_es_post_excerpt":"","_es_post_title":"Porus One 500 mg | 30 palos","edit_language":"nl"},"product_brand":[],"product_cat":[1118,1871,1857,1880,1998,2146],"product_tag":[],"class_list":{"0":"post-120007","1":"product","2":"type-product","3":"status-publish","4":"has-post-thumbnail","6":"product_cat-katten","7":"product_cat-medicijnen-supplementen","8":"product_cat-merken","9":"product_cat-nieren-blaas-urinewegen","10":"product_cat-nierfalen","11":"product_cat-porus-one","12":"pa_aandoening-overig","13":"pa_doeldier-kat","14":"pa_fabricatieland-duitsland","15":"pa_merkfilter-porusone","16":"pa_merkgroep-dechra","17":"pa_productsoort-voedingssupplement","18":"pa_toedieningswijze-sticks","19":"pa_unit_pricing_base_measure-1ct","20":"pa_unit_pricing_measure-30ct","21":"pa_werkzamestof-overig","23":"first","24":"instock","25":"taxable","26":"shipping-taxable","27":"purchasable","28":"product-type-simple"},"yoast_head":"<!-- This site is optimized with the Yoast SEO plugin v27.5 - https:\/\/yoast.com\/product\/yoast-seo-wordpress\/ -->\n<title>Porus One 500 mg | 30 sticks - Pharmacy4pets<\/title>\n<meta name=\"robots\" content=\"index, follow, max-snippet:-1, max-image-preview:large, max-video-preview:-1\" \/>\n<link rel=\"canonical\" href=\"https:\/\/www.pharmacy4pets.nl\/porus-one-500-mg-30-sticks\" \/>\n<meta property=\"og:locale\" content=\"nl_NL\" \/>\n<meta property=\"og:type\" content=\"article\" \/>\n<meta property=\"og:title\" content=\"Porus One 500 mg | 30 sticks - Pharmacy4pets\" \/>\n<meta property=\"og:description\" content=\"Porus One kat Porus One ondersteunt de niergezondheid bij katten. Door de opname van dierlijke eiwitten worden uremische toxines gevormd, deze kunnen schadelijk zijn voor de nieren. Porus One bevat een op koolstof gebaseerde absorbeerder welke deze uremische toxines doet helpen verminderen. Toediening Geef Porus One \u00e9\u00e9n keer per dag aan uw kat. Porus one [&hellip;]\" \/>\n<meta property=\"og:url\" content=\"https:\/\/www.pharmacy4pets.nl\/porus-one-500-mg-30-sticks\" \/>\n<meta property=\"og:site_name\" content=\"Pharmacy4pets\" \/>\n<meta property=\"article:publisher\" content=\"https:\/\/www.facebook.com\/people\/Pharmacy4petsnl\/100063484989896\/\" \/>\n<meta property=\"article:modified_time\" content=\"2026-04-14T08:04:57+00:00\" \/>\n<meta property=\"og:image\" content=\"https:\/\/www.pharmacy4pets.nl\/wp-content\/uploads\/2023\/03\/Porus_One_v2.jpg\" \/>\n\t<meta property=\"og:image:width\" content=\"450\" \/>\n\t<meta property=\"og:image:height\" content=\"450\" \/>\n\t<meta property=\"og:image:type\" content=\"image\/jpeg\" \/>\n<meta name=\"twitter:card\" content=\"summary_large_image\" \/>\n<script type=\"application\/ld+json\" class=\"yoast-schema-graph\">{\"@context\":\"https:\\\/\\\/schema.org\",\"@graph\":[{\"@type\":\"WebPage\",\"@id\":\"https:\\\/\\\/www.pharmacy4pets.nl\\\/porus-one-500-mg-30-sticks\",\"url\":\"https:\\\/\\\/www.pharmacy4pets.nl\\\/porus-one-500-mg-30-sticks\",\"name\":\"Porus One 500 mg | 30 sticks - Pharmacy4pets\",\"isPartOf\":{\"@id\":\"http:\\\/\\\/www.pharmacy4pets.nl\\\/#website\"},\"primaryImageOfPage\":{\"@id\":\"https:\\\/\\\/www.pharmacy4pets.nl\\\/porus-one-500-mg-30-sticks#primaryimage\"},\"image\":{\"@id\":\"https:\\\/\\\/www.pharmacy4pets.nl\\\/porus-one-500-mg-30-sticks#primaryimage\"},\"thumbnailUrl\":\"https:\\\/\\\/www.pharmacy4pets.nl\\\/wp-content\\\/uploads\\\/2023\\\/03\\\/Porus_One_v2.jpg\",\"datePublished\":\"2023-03-10T12:18:06+00:00\",\"dateModified\":\"2026-04-14T08:04:57+00:00\",\"breadcrumb\":{\"@id\":\"https:\\\/\\\/www.pharmacy4pets.nl\\\/porus-one-500-mg-30-sticks#breadcrumb\"},\"inLanguage\":\"nl-NL\",\"potentialAction\":[{\"@type\":\"ReadAction\",\"target\":[\"https:\\\/\\\/www.pharmacy4pets.nl\\\/porus-one-500-mg-30-sticks\"]}]},{\"@type\":\"ImageObject\",\"inLanguage\":\"nl-NL\",\"@id\":\"https:\\\/\\\/www.pharmacy4pets.nl\\\/porus-one-500-mg-30-sticks#primaryimage\",\"url\":\"https:\\\/\\\/www.pharmacy4pets.nl\\\/wp-content\\\/uploads\\\/2023\\\/03\\\/Porus_One_v2.jpg\",\"contentUrl\":\"https:\\\/\\\/www.pharmacy4pets.nl\\\/wp-content\\\/uploads\\\/2023\\\/03\\\/Porus_One_v2.jpg\",\"width\":450,\"height\":450,\"caption\":\"Porus One\"},{\"@type\":\"BreadcrumbList\",\"@id\":\"https:\\\/\\\/www.pharmacy4pets.nl\\\/porus-one-500-mg-30-sticks#breadcrumb\",\"itemListElement\":[{\"@type\":\"ListItem\",\"position\":1,\"name\":\"Home\",\"item\":\"https:\\\/\\\/p4p-nl.bootmine.com\\\/\"},{\"@type\":\"ListItem\",\"position\":2,\"name\":\"Winkel\",\"item\":\"https:\\\/\\\/p4p-nl.bootmine.com\\\/winkel\"},{\"@type\":\"ListItem\",\"position\":3,\"name\":\"Porus One 500 mg | 30 sticks\"}]},{\"@type\":\"WebSite\",\"@id\":\"http:\\\/\\\/www.pharmacy4pets.nl\\\/#website\",\"url\":\"http:\\\/\\\/www.pharmacy4pets.nl\\\/\",\"name\":\"Pharmacy4pets\",\"description\":\"Pharmacy4pets.nl is d\u00e9 online apotheek waar u terecht kunt voor alle diergeneesmiddelen, verzorgingsproducten en dieetvoeding voor uw huisdier.\",\"publisher\":{\"@id\":\"http:\\\/\\\/www.pharmacy4pets.nl\\\/#organization\"},\"potentialAction\":[{\"@type\":\"SearchAction\",\"target\":{\"@type\":\"EntryPoint\",\"urlTemplate\":\"http:\\\/\\\/www.pharmacy4pets.nl\\\/?s={search_term_string}\"},\"query-input\":{\"@type\":\"PropertyValueSpecification\",\"valueRequired\":true,\"valueName\":\"search_term_string\"}}],\"inLanguage\":\"nl-NL\"},{\"@type\":\"Organization\",\"@id\":\"http:\\\/\\\/www.pharmacy4pets.nl\\\/#organization\",\"name\":\"Pharmacy4pets\",\"url\":\"http:\\\/\\\/www.pharmacy4pets.nl\\\/\",\"logo\":{\"@type\":\"ImageObject\",\"inLanguage\":\"nl-NL\",\"@id\":\"http:\\\/\\\/www.pharmacy4pets.nl\\\/#\\\/schema\\\/logo\\\/image\\\/\",\"url\":\"https:\\\/\\\/p4p-nl.bootmine.com\\\/wp-content\\\/uploads\\\/2026\\\/03\\\/logo-pharmacy4pets.png\",\"contentUrl\":\"https:\\\/\\\/p4p-nl.bootmine.com\\\/wp-content\\\/uploads\\\/2026\\\/03\\\/logo-pharmacy4pets.png\",\"width\":1024,\"height\":135,\"caption\":\"Pharmacy4pets\"},\"image\":{\"@id\":\"http:\\\/\\\/www.pharmacy4pets.nl\\\/#\\\/schema\\\/logo\\\/image\\\/\"},\"sameAs\":[\"https:\\\/\\\/www.facebook.com\\\/people\\\/Pharmacy4petsnl\\\/100063484989896\\\/\",\"https:\\\/\\\/www.youtube.com\\\/channel\\\/UCGPTIgucgli03tP2_kvLkHg\\\/featured\",\"https:\\\/\\\/www.instagram.com\\\/pharmacy4pets.nl\"]}]}<\/script>\n<!-- \/ Yoast SEO plugin. -->","yoast_head_json":{"title":"Porus One 500 mg | 30 sticks - Pharmacy4pets","robots":{"index":"index","follow":"follow","max-snippet":"max-snippet:-1","max-image-preview":"max-image-preview:large","max-video-preview":"max-video-preview:-1"},"canonical":"https:\/\/www.pharmacy4pets.nl\/porus-one-500-mg-30-sticks","og_locale":"nl_NL","og_type":"article","og_title":"Porus One 500 mg | 30 sticks - Pharmacy4pets","og_description":"Porus One kat Porus One ondersteunt de niergezondheid bij katten. Door de opname van dierlijke eiwitten worden uremische toxines gevormd, deze kunnen schadelijk zijn voor de nieren. Porus One bevat een op koolstof gebaseerde absorbeerder welke deze uremische toxines doet helpen verminderen. Toediening Geef Porus One \u00e9\u00e9n keer per dag aan uw kat. Porus one [&hellip;]","og_url":"https:\/\/www.pharmacy4pets.nl\/porus-one-500-mg-30-sticks","og_site_name":"Pharmacy4pets","article_publisher":"https:\/\/www.facebook.com\/people\/Pharmacy4petsnl\/100063484989896\/","article_modified_time":"2026-04-14T08:04:57+00:00","og_image":[{"width":450,"height":450,"url":"https:\/\/www.pharmacy4pets.nl\/wp-content\/uploads\/2023\/03\/Porus_One_v2.jpg","type":"image\/jpeg"}],"twitter_card":"summary_large_image","schema":{"@context":"https:\/\/schema.org","@graph":[{"@type":"WebPage","@id":"https:\/\/www.pharmacy4pets.nl\/porus-one-500-mg-30-sticks","url":"https:\/\/www.pharmacy4pets.nl\/porus-one-500-mg-30-sticks","name":"Porus One 500 mg | 30 sticks - Pharmacy4pets","isPartOf":{"@id":"http:\/\/www.pharmacy4pets.nl\/#website"},"primaryImageOfPage":{"@id":"https:\/\/www.pharmacy4pets.nl\/porus-one-500-mg-30-sticks#primaryimage"},"image":{"@id":"https:\/\/www.pharmacy4pets.nl\/porus-one-500-mg-30-sticks#primaryimage"},"thumbnailUrl":"https:\/\/www.pharmacy4pets.nl\/wp-content\/uploads\/2023\/03\/Porus_One_v2.jpg","datePublished":"2023-03-10T12:18:06+00:00","dateModified":"2026-04-14T08:04:57+00:00","breadcrumb":{"@id":"https:\/\/www.pharmacy4pets.nl\/porus-one-500-mg-30-sticks#breadcrumb"},"inLanguage":"nl-NL","potentialAction":[{"@type":"ReadAction","target":["https:\/\/www.pharmacy4pets.nl\/porus-one-500-mg-30-sticks"]}]},{"@type":"ImageObject","inLanguage":"nl-NL","@id":"https:\/\/www.pharmacy4pets.nl\/porus-one-500-mg-30-sticks#primaryimage","url":"https:\/\/www.pharmacy4pets.nl\/wp-content\/uploads\/2023\/03\/Porus_One_v2.jpg","contentUrl":"https:\/\/www.pharmacy4pets.nl\/wp-content\/uploads\/2023\/03\/Porus_One_v2.jpg","width":450,"height":450,"caption":"Porus One"},{"@type":"BreadcrumbList","@id":"https:\/\/www.pharmacy4pets.nl\/porus-one-500-mg-30-sticks#breadcrumb","itemListElement":[{"@type":"ListItem","position":1,"name":"Home","item":"https:\/\/p4p-nl.bootmine.com\/"},{"@type":"ListItem","position":2,"name":"Winkel","item":"https:\/\/p4p-nl.bootmine.com\/winkel"},{"@type":"ListItem","position":3,"name":"Porus One 500 mg | 30 sticks"}]},{"@type":"WebSite","@id":"http:\/\/www.pharmacy4pets.nl\/#website","url":"http:\/\/www.pharmacy4pets.nl\/","name":"Pharmacy4pets","description":"Pharmacy4pets.nl is d\u00e9 online apotheek waar u terecht kunt voor alle diergeneesmiddelen, verzorgingsproducten en dieetvoeding voor uw huisdier.","publisher":{"@id":"http:\/\/www.pharmacy4pets.nl\/#organization"},"potentialAction":[{"@type":"SearchAction","target":{"@type":"EntryPoint","urlTemplate":"http:\/\/www.pharmacy4pets.nl\/?s={search_term_string}"},"query-input":{"@type":"PropertyValueSpecification","valueRequired":true,"valueName":"search_term_string"}}],"inLanguage":"nl-NL"},{"@type":"Organization","@id":"http:\/\/www.pharmacy4pets.nl\/#organization","name":"Pharmacy4pets","url":"http:\/\/www.pharmacy4pets.nl\/","logo":{"@type":"ImageObject","inLanguage":"nl-NL","@id":"http:\/\/www.pharmacy4pets.nl\/#\/schema\/logo\/image\/","url":"https:\/\/p4p-nl.bootmine.com\/wp-content\/uploads\/2026\/03\/logo-pharmacy4pets.png","contentUrl":"https:\/\/p4p-nl.bootmine.com\/wp-content\/uploads\/2026\/03\/logo-pharmacy4pets.png","width":1024,"height":135,"caption":"Pharmacy4pets"},"image":{"@id":"http:\/\/www.pharmacy4pets.nl\/#\/schema\/logo\/image\/"},"sameAs":["https:\/\/www.facebook.com\/people\/Pharmacy4petsnl\/100063484989896\/","https:\/\/www.youtube.com\/channel\/UCGPTIgucgli03tP2_kvLkHg\/featured","https:\/\/www.instagram.com\/pharmacy4pets.nl"]}]}},"market_data":{"nl":{"price":0,"sale_price":0,"active":false,"url":null,"parent_url":"","tax_rate":0,"price_inc_tax":0,"sale_price_inc_tax":0},"de":{"price":0,"sale_price":0,"active":false,"url":null,"parent_url":"","tax_rate":0,"price_inc_tax":0,"sale_price_inc_tax":0},"be":{"price":0,"sale_price":0,"active":false,"url":null,"parent_url":"","tax_rate":0,"price_inc_tax":0,"sale_price_inc_tax":0},"fr":{"price":0,"sale_price":0,"active":false,"url":null,"parent_url":"","tax_rate":0,"price_inc_tax":0,"sale_price_inc_tax":0},"ch":{"price":0,"sale_price":0,"active":false,"url":null,"parent_url":"","tax_rate":0,"price_inc_tax":0,"sale_price_inc_tax":0},"at":{"price":0,"sale_price":0,"active":false,"url":null,"parent_url":"","tax_rate":0,"price_inc_tax":0,"sale_price_inc_tax":0},"es":{"price":0,"sale_price":0,"active":false,"url":null,"parent_url":"","tax_rate":0,"price_inc_tax":0,"sale_price_inc_tax":0},"dk":{"price":0,"sale_price":0,"active":false,"url":null,"parent_url":"","tax_rate":0,"price_inc_tax":0,"sale_price_inc_tax":0},"com":{"price":0,"sale_price":0,"active":false,"url":null,"parent_url":"","tax_rate":0,"price_inc_tax":0,"sale_price_inc_tax":0}},"market_nl_price":0,"market_nl_sale_price":0,"market_nl_active":false,"market_nl_url":null,"market_nl_parent_url":"","market_nl_tax_rate":0,"market_nl_price_inc_tax":0,"market_nl_sale_price_inc_tax":0,"market_de_price":0,"market_de_sale_price":0,"market_de_active":false,"market_de_url":null,"market_de_parent_url":"","market_de_tax_rate":0,"market_de_price_inc_tax":0,"market_de_sale_price_inc_tax":0,"market_be_price":0,"market_be_sale_price":0,"market_be_active":false,"market_be_url":null,"market_be_parent_url":"","market_be_tax_rate":0,"market_be_price_inc_tax":0,"market_be_sale_price_inc_tax":0,"market_fr_price":0,"market_fr_sale_price":0,"market_fr_active":false,"market_fr_url":null,"market_fr_parent_url":"","market_fr_tax_rate":0,"market_fr_price_inc_tax":0,"market_fr_sale_price_inc_tax":0,"market_ch_price":0,"market_ch_sale_price":0,"market_ch_active":false,"market_ch_url":null,"market_ch_parent_url":"","market_ch_tax_rate":0,"market_ch_price_inc_tax":0,"market_ch_sale_price_inc_tax":0,"market_at_price":0,"market_at_sale_price":0,"market_at_active":false,"market_at_url":null,"market_at_parent_url":"","market_at_tax_rate":0,"market_at_price_inc_tax":0,"market_at_sale_price_inc_tax":0,"market_es_price":0,"market_es_sale_price":0,"market_es_active":false,"market_es_url":null,"market_es_parent_url":"","market_es_tax_rate":0,"market_es_price_inc_tax":0,"market_es_sale_price_inc_tax":0,"market_dk_price":0,"market_dk_sale_price":0,"market_dk_active":false,"market_dk_url":null,"market_dk_parent_url":"","market_dk_tax_rate":0,"market_dk_price_inc_tax":0,"market_dk_sale_price_inc_tax":0,"market_com_price":0,"market_com_sale_price":0,"market_com_active":false,"market_com_url":null,"market_com_parent_url":"","market_com_tax_rate":0,"market_com_price_inc_tax":0,"market_com_sale_price_inc_tax":0,"acf":[],"_links":{"self":[{"href":"https:\/\/www.pharmacy4pets.nl\/be\/wp-json\/wp\/v2\/product\/120007","targetHints":{"allow":["GET"]}}],"collection":[{"href":"https:\/\/www.pharmacy4pets.nl\/be\/wp-json\/wp\/v2\/product"}],"about":[{"href":"https:\/\/www.pharmacy4pets.nl\/be\/wp-json\/wp\/v2\/types\/product"}],"replies":[{"embeddable":true,"href":"https:\/\/www.pharmacy4pets.nl\/be\/wp-json\/wp\/v2\/comments?post=120007"}],"wp:featuredmedia":[{"embeddable":true,"href":"https:\/\/www.pharmacy4pets.nl\/be\/wp-json\/wp\/v2\/media\/120006"}],"wp:attachment":[{"href":"https:\/\/www.pharmacy4pets.nl\/be\/wp-json\/wp\/v2\/media?parent=120007"}],"wp:term":[{"taxonomy":"product_brand","embeddable":true,"href":"https:\/\/www.pharmacy4pets.nl\/be\/wp-json\/wp\/v2\/product_brand?post=120007"},{"taxonomy":"product_cat","embeddable":true,"href":"https:\/\/www.pharmacy4pets.nl\/be\/wp-json\/wp\/v2\/product_cat?post=120007"},{"taxonomy":"product_tag","embeddable":true,"href":"https:\/\/www.pharmacy4pets.nl\/be\/wp-json\/wp\/v2\/product_tag?post=120007"}],"curies":[{"name":"wp","href":"https:\/\/api.w.org\/{rel}","templated":true}]}}