{"id":120003,"date":"2023-03-10T12:18:06","date_gmt":"2023-03-10T12:18:06","guid":{"rendered":"https:\/\/p4p.test\/phytonics-probiotics-paard-pony-200-gram"},"modified":"2026-04-14T08:04:57","modified_gmt":"2026-04-14T08:04:57","slug":"phytonics-probiotics-paard-pony-200-gram","status":"publish","type":"product","link":"https:\/\/www.pharmacy4pets.nl\/be\/phytonics-probiotics-paard-pony-200-gram","title":{"rendered":"Phytonics Probiotics | Paard\/Pony | 200 gram"},"content":{"rendered":"<p>Phytonics Probiotics is een aanvullend diervoeder voor paarden en pony\u2019s dat bijdraagt aan een gezonde spijsvertering en darmflora. De aanwezige prebiotica ondersteunen de groei van diverse bacteriestammen in de darmen. Phytonics Probiotics levert daarnaast een positieve bijdrage aan een gezonde huid en vacht.<\/p>\n","protected":false},"excerpt":{"rendered":"<p>Phytonics Probiotics is een aanvullend diervoeder voor paarden en pony\u2019s dat bijdraagt aan een gezonde spijsvertering en darmflora. De aanwezige prebiotica ondersteunen de groei van diverse bacteriestammen in de darmen. Phytonics Probiotics levert daarnaast een positieve bijdrage aan een gezonde huid en vacht.<\/p>\n","protected":false},"featured_media":120002,"comment_status":"open","ping_status":"closed","template":"","meta":{"_acf_changed":false,"_nl_post_content":"Phytonics Probiotics is een aanvullend diervoeder voor paarden en pony\u2019s dat bijdraagt aan een gezonde spijsvertering en darmflora. De aanwezige prebiotica ondersteunen de groei van diverse bacteriestammen in de darmen. Phytonics Probiotics levert daarnaast een positieve bijdrage aan een gezonde huid en vacht.","_nl_post_name":"phytonics-probiotics-paard-pony-200-gram","_nl_post_excerpt":"","_nl_post_title":"Phytonics Probiotics | Paard\/Pony | 200 gram","_en_post_content":"Phytonics Probiotics is a supplementary feed for horses and ponies that contributes to healthy digestion and intestinal flora. The prebiotics present support the growth of various strains of bacteria in the intestines. Phytonics Probiotics also makes a positive contribution to a healthy skin and coat.","_en_post_name":"phytonics-probiotics-horse-pony-200-grams","_en_post_excerpt":"","_en_post_title":"Phytonics Probiotics | Horse\/Pony | 200 grams","_de_post_content":"Phytonics Probiotics ist ein Erg\u00e4nzungsfuttermittel f\u00fcr Pferde und Ponys, das zu einer gesunden Verdauung und Darmflora beitr\u00e4gt. Die enthaltenen Pr\u00e4biotika unterst\u00fctzen das Wachstum verschiedener Bakterienst\u00e4mme im Darm. Phytonics Probiotics tr\u00e4gt zudem positiv zu einer gesunden Haut und einem gesunden Fell bei.","_de_post_name":"phytonics-probiotics-pferd-pony-200-gramm","_de_post_excerpt":"","_de_post_title":"Phytonics Probiotics | Pferd\/Pony | 200 Gramm","_fr_post_content":"Phytonics Probiotics est un aliment compl\u00e9mentaire pour chevaux et poneys qui contribue \u00e0 une digestion saine et \u00e0 une flore intestinale saine. Les pr\u00e9biotiques pr\u00e9sents soutiennent la croissance de diverses souches de bact\u00e9ries dans les intestins. Phytonics Probiotics apporte \u00e9galement une contribution positive \u00e0 une peau et un pelage sains.","_fr_post_name":"phytonics-probiotics-cheval-poney-200-grammes","_fr_post_excerpt":"","_fr_post_title":"Phytonics Probiotics | Cheval\/Poney | 200 grammes","_es_post_content":"Phytonics Probiotics es un pienso complementario para caballos y ponis que contribuye a una digesti\u00f3n y una flora intestinal saludables. Los prebi\u00f3ticos presentes favorecen el crecimiento de diversas cepas de bacterias en los intestinos. Los probi\u00f3ticos Phytonics tambi\u00e9n contribuyen positivamente a una piel y un pelaje sanos.","_es_post_name":"phytonics-probiotics-caballo-poni-200-gramos","_es_post_excerpt":"","_es_post_title":"Phytonics Probiotics | Caballo\/Poni | 200 gramos","edit_language":"nl"},"product_brand":[],"product_cat":[2015,1815,1811,1857,1809,2075,2123],"product_tag":[],"class_list":{"0":"post-120003","1":"product","2":"type-product","3":"status-publish","4":"has-post-thumbnail","6":"product_cat-immuunsysteem-weerstand","7":"product_cat-maag-darmen","8":"product_cat-medicijnen-supplementen","9":"product_cat-merken","10":"product_cat-paarden","11":"product_cat-phytonics","12":"product_cat-probiotica","13":"pa_aandoening-overig","14":"pa_doeldier-paard","15":"pa_fabricatieland-nederland","16":"pa_merkfilter-phytonics","17":"pa_merkgroep-nml","18":"pa_productsoort-voedingssupplement","19":"pa_toedieningswijze-poeder","20":"pa_unit_pricing_base_measure-100g","21":"pa_unit_pricing_measure-200g","22":"pa_werkzamestof-overig","24":"first","25":"instock","26":"taxable","27":"shipping-taxable","28":"purchasable","29":"product-type-simple"},"yoast_head":"<!-- This site is optimized with the Yoast SEO plugin v27.5 - https:\/\/yoast.com\/product\/yoast-seo-wordpress\/ -->\n<title>Phytonics Probiotics | Paard\/Pony | 200 gram - Pharmacy4pets<\/title>\n<meta name=\"robots\" content=\"index, follow, max-snippet:-1, max-image-preview:large, max-video-preview:-1\" \/>\n<link rel=\"canonical\" href=\"https:\/\/p4p-nl.bootmine.com\/%product-slug%\/phytonics-probiotics-paard-pony-200-gram\" \/>\n<meta property=\"og:locale\" content=\"nl_NL\" \/>\n<meta property=\"og:type\" content=\"article\" \/>\n<meta property=\"og:title\" content=\"Phytonics Probiotics | Paard\/Pony | 200 gram - Pharmacy4pets\" \/>\n<meta property=\"og:description\" content=\"Phytonics Probiotics is een aanvullend diervoeder voor paarden en pony\u2019s dat bijdraagt aan een gezonde spijsvertering en darmflora. De aanwezige prebiotica ondersteunen de groei van diverse bacteriestammen in de darmen. Phytonics Probiotics levert daarnaast een positieve bijdrage aan een gezonde huid en vacht.\" \/>\n<meta property=\"og:url\" content=\"https:\/\/p4p-nl.bootmine.com\/%product-slug%\/phytonics-probiotics-paard-pony-200-gram\" \/>\n<meta property=\"og:site_name\" content=\"Pharmacy4pets\" \/>\n<meta property=\"article:publisher\" content=\"https:\/\/www.facebook.com\/people\/Pharmacy4petsnl\/100063484989896\/\" \/>\n<meta property=\"article:modified_time\" content=\"2026-04-14T08:04:57+00:00\" \/>\n<meta property=\"og:image\" content=\"https:\/\/p4p-nl.bootmine.com\/wp-content\/uploads\/2023\/03\/21200.jpg\" \/>\n\t<meta property=\"og:image:width\" content=\"410\" \/>\n\t<meta property=\"og:image:height\" content=\"421\" \/>\n\t<meta property=\"og:image:type\" content=\"image\/jpeg\" \/>\n<meta name=\"twitter:card\" content=\"summary_large_image\" \/>\n<script type=\"application\/ld+json\" class=\"yoast-schema-graph\">{\"@context\":\"https:\\\/\\\/schema.org\",\"@graph\":[{\"@type\":\"WebPage\",\"@id\":\"https:\\\/\\\/p4p-nl.bootmine.com\\\/%product-slug%\\\/phytonics-probiotics-paard-pony-200-gram\",\"url\":\"https:\\\/\\\/p4p-nl.bootmine.com\\\/%product-slug%\\\/phytonics-probiotics-paard-pony-200-gram\",\"name\":\"Phytonics Probiotics | Paard\\\/Pony | 200 gram - Pharmacy4pets\",\"isPartOf\":{\"@id\":\"http:\\\/\\\/www.pharmacy4pets.nl\\\/#website\"},\"primaryImageOfPage\":{\"@id\":\"https:\\\/\\\/p4p-nl.bootmine.com\\\/%product-slug%\\\/phytonics-probiotics-paard-pony-200-gram#primaryimage\"},\"image\":{\"@id\":\"https:\\\/\\\/p4p-nl.bootmine.com\\\/%product-slug%\\\/phytonics-probiotics-paard-pony-200-gram#primaryimage\"},\"thumbnailUrl\":\"https:\\\/\\\/www.pharmacy4pets.nl\\\/wp-content\\\/uploads\\\/2023\\\/03\\\/21200.jpg\",\"datePublished\":\"2023-03-10T12:18:06+00:00\",\"dateModified\":\"2026-04-14T08:04:57+00:00\",\"breadcrumb\":{\"@id\":\"https:\\\/\\\/p4p-nl.bootmine.com\\\/%product-slug%\\\/phytonics-probiotics-paard-pony-200-gram#breadcrumb\"},\"inLanguage\":\"nl-NL\",\"potentialAction\":[{\"@type\":\"ReadAction\",\"target\":[\"https:\\\/\\\/p4p-nl.bootmine.com\\\/%product-slug%\\\/phytonics-probiotics-paard-pony-200-gram\"]}]},{\"@type\":\"ImageObject\",\"inLanguage\":\"nl-NL\",\"@id\":\"https:\\\/\\\/p4p-nl.bootmine.com\\\/%product-slug%\\\/phytonics-probiotics-paard-pony-200-gram#primaryimage\",\"url\":\"https:\\\/\\\/www.pharmacy4pets.nl\\\/wp-content\\\/uploads\\\/2023\\\/03\\\/21200.jpg\",\"contentUrl\":\"https:\\\/\\\/www.pharmacy4pets.nl\\\/wp-content\\\/uploads\\\/2023\\\/03\\\/21200.jpg\",\"width\":410,\"height\":421,\"caption\":\"Phytonics Probiotics\"},{\"@type\":\"BreadcrumbList\",\"@id\":\"https:\\\/\\\/p4p-nl.bootmine.com\\\/%product-slug%\\\/phytonics-probiotics-paard-pony-200-gram#breadcrumb\",\"itemListElement\":[{\"@type\":\"ListItem\",\"position\":1,\"name\":\"Home\",\"item\":\"https:\\\/\\\/p4p-nl.bootmine.com\\\/\"},{\"@type\":\"ListItem\",\"position\":2,\"name\":\"Winkel\",\"item\":\"https:\\\/\\\/p4p-nl.bootmine.com\\\/winkel\"},{\"@type\":\"ListItem\",\"position\":3,\"name\":\"Phytonics Probiotics | Paard\\\/Pony | 200 gram\"}]},{\"@type\":\"WebSite\",\"@id\":\"http:\\\/\\\/www.pharmacy4pets.nl\\\/#website\",\"url\":\"http:\\\/\\\/www.pharmacy4pets.nl\\\/\",\"name\":\"Pharmacy4pets\",\"description\":\"Pharmacy4pets.nl is d\u00e9 online apotheek waar u terecht kunt voor alle diergeneesmiddelen, verzorgingsproducten en dieetvoeding voor uw huisdier.\",\"publisher\":{\"@id\":\"http:\\\/\\\/www.pharmacy4pets.nl\\\/#organization\"},\"potentialAction\":[{\"@type\":\"SearchAction\",\"target\":{\"@type\":\"EntryPoint\",\"urlTemplate\":\"http:\\\/\\\/www.pharmacy4pets.nl\\\/?s={search_term_string}\"},\"query-input\":{\"@type\":\"PropertyValueSpecification\",\"valueRequired\":true,\"valueName\":\"search_term_string\"}}],\"inLanguage\":\"nl-NL\"},{\"@type\":\"Organization\",\"@id\":\"http:\\\/\\\/www.pharmacy4pets.nl\\\/#organization\",\"name\":\"Pharmacy4pets\",\"url\":\"http:\\\/\\\/www.pharmacy4pets.nl\\\/\",\"logo\":{\"@type\":\"ImageObject\",\"inLanguage\":\"nl-NL\",\"@id\":\"http:\\\/\\\/www.pharmacy4pets.nl\\\/#\\\/schema\\\/logo\\\/image\\\/\",\"url\":\"https:\\\/\\\/p4p-nl.bootmine.com\\\/wp-content\\\/uploads\\\/2026\\\/03\\\/logo-pharmacy4pets.png\",\"contentUrl\":\"https:\\\/\\\/p4p-nl.bootmine.com\\\/wp-content\\\/uploads\\\/2026\\\/03\\\/logo-pharmacy4pets.png\",\"width\":1024,\"height\":135,\"caption\":\"Pharmacy4pets\"},\"image\":{\"@id\":\"http:\\\/\\\/www.pharmacy4pets.nl\\\/#\\\/schema\\\/logo\\\/image\\\/\"},\"sameAs\":[\"https:\\\/\\\/www.facebook.com\\\/people\\\/Pharmacy4petsnl\\\/100063484989896\\\/\",\"https:\\\/\\\/www.youtube.com\\\/channel\\\/UCGPTIgucgli03tP2_kvLkHg\\\/featured\",\"https:\\\/\\\/www.instagram.com\\\/pharmacy4pets.nl\"]}]}<\/script>\n<!-- \/ Yoast SEO plugin. -->","yoast_head_json":{"title":"Phytonics Probiotics | Paard\/Pony | 200 gram - Pharmacy4pets","robots":{"index":"index","follow":"follow","max-snippet":"max-snippet:-1","max-image-preview":"max-image-preview:large","max-video-preview":"max-video-preview:-1"},"canonical":"https:\/\/p4p-nl.bootmine.com\/%product-slug%\/phytonics-probiotics-paard-pony-200-gram","og_locale":"nl_NL","og_type":"article","og_title":"Phytonics Probiotics | Paard\/Pony | 200 gram - Pharmacy4pets","og_description":"Phytonics Probiotics is een aanvullend diervoeder voor paarden en pony\u2019s dat bijdraagt aan een gezonde spijsvertering en darmflora. De aanwezige prebiotica ondersteunen de groei van diverse bacteriestammen in de darmen. Phytonics Probiotics levert daarnaast een positieve bijdrage aan een gezonde huid en vacht.","og_url":"https:\/\/p4p-nl.bootmine.com\/%product-slug%\/phytonics-probiotics-paard-pony-200-gram","og_site_name":"Pharmacy4pets","article_publisher":"https:\/\/www.facebook.com\/people\/Pharmacy4petsnl\/100063484989896\/","article_modified_time":"2026-04-14T08:04:57+00:00","og_image":[{"width":410,"height":421,"url":"https:\/\/p4p-nl.bootmine.com\/wp-content\/uploads\/2023\/03\/21200.jpg","type":"image\/jpeg"}],"twitter_card":"summary_large_image","schema":{"@context":"https:\/\/schema.org","@graph":[{"@type":"WebPage","@id":"https:\/\/p4p-nl.bootmine.com\/%product-slug%\/phytonics-probiotics-paard-pony-200-gram","url":"https:\/\/p4p-nl.bootmine.com\/%product-slug%\/phytonics-probiotics-paard-pony-200-gram","name":"Phytonics Probiotics | Paard\/Pony | 200 gram - Pharmacy4pets","isPartOf":{"@id":"http:\/\/www.pharmacy4pets.nl\/#website"},"primaryImageOfPage":{"@id":"https:\/\/p4p-nl.bootmine.com\/%product-slug%\/phytonics-probiotics-paard-pony-200-gram#primaryimage"},"image":{"@id":"https:\/\/p4p-nl.bootmine.com\/%product-slug%\/phytonics-probiotics-paard-pony-200-gram#primaryimage"},"thumbnailUrl":"https:\/\/www.pharmacy4pets.nl\/wp-content\/uploads\/2023\/03\/21200.jpg","datePublished":"2023-03-10T12:18:06+00:00","dateModified":"2026-04-14T08:04:57+00:00","breadcrumb":{"@id":"https:\/\/p4p-nl.bootmine.com\/%product-slug%\/phytonics-probiotics-paard-pony-200-gram#breadcrumb"},"inLanguage":"nl-NL","potentialAction":[{"@type":"ReadAction","target":["https:\/\/p4p-nl.bootmine.com\/%product-slug%\/phytonics-probiotics-paard-pony-200-gram"]}]},{"@type":"ImageObject","inLanguage":"nl-NL","@id":"https:\/\/p4p-nl.bootmine.com\/%product-slug%\/phytonics-probiotics-paard-pony-200-gram#primaryimage","url":"https:\/\/www.pharmacy4pets.nl\/wp-content\/uploads\/2023\/03\/21200.jpg","contentUrl":"https:\/\/www.pharmacy4pets.nl\/wp-content\/uploads\/2023\/03\/21200.jpg","width":410,"height":421,"caption":"Phytonics Probiotics"},{"@type":"BreadcrumbList","@id":"https:\/\/p4p-nl.bootmine.com\/%product-slug%\/phytonics-probiotics-paard-pony-200-gram#breadcrumb","itemListElement":[{"@type":"ListItem","position":1,"name":"Home","item":"https:\/\/p4p-nl.bootmine.com\/"},{"@type":"ListItem","position":2,"name":"Winkel","item":"https:\/\/p4p-nl.bootmine.com\/winkel"},{"@type":"ListItem","position":3,"name":"Phytonics Probiotics | Paard\/Pony | 200 gram"}]},{"@type":"WebSite","@id":"http:\/\/www.pharmacy4pets.nl\/#website","url":"http:\/\/www.pharmacy4pets.nl\/","name":"Pharmacy4pets","description":"Pharmacy4pets.nl is d\u00e9 online apotheek waar u terecht kunt voor alle diergeneesmiddelen, verzorgingsproducten en dieetvoeding voor uw huisdier.","publisher":{"@id":"http:\/\/www.pharmacy4pets.nl\/#organization"},"potentialAction":[{"@type":"SearchAction","target":{"@type":"EntryPoint","urlTemplate":"http:\/\/www.pharmacy4pets.nl\/?s={search_term_string}"},"query-input":{"@type":"PropertyValueSpecification","valueRequired":true,"valueName":"search_term_string"}}],"inLanguage":"nl-NL"},{"@type":"Organization","@id":"http:\/\/www.pharmacy4pets.nl\/#organization","name":"Pharmacy4pets","url":"http:\/\/www.pharmacy4pets.nl\/","logo":{"@type":"ImageObject","inLanguage":"nl-NL","@id":"http:\/\/www.pharmacy4pets.nl\/#\/schema\/logo\/image\/","url":"https:\/\/p4p-nl.bootmine.com\/wp-content\/uploads\/2026\/03\/logo-pharmacy4pets.png","contentUrl":"https:\/\/p4p-nl.bootmine.com\/wp-content\/uploads\/2026\/03\/logo-pharmacy4pets.png","width":1024,"height":135,"caption":"Pharmacy4pets"},"image":{"@id":"http:\/\/www.pharmacy4pets.nl\/#\/schema\/logo\/image\/"},"sameAs":["https:\/\/www.facebook.com\/people\/Pharmacy4petsnl\/100063484989896\/","https:\/\/www.youtube.com\/channel\/UCGPTIgucgli03tP2_kvLkHg\/featured","https:\/\/www.instagram.com\/pharmacy4pets.nl"]}]}},"market_data":{"nl":{"price":0,"sale_price":0,"active":false,"url":null,"parent_url":"","tax_rate":0,"price_inc_tax":0,"sale_price_inc_tax":0},"de":{"price":0,"sale_price":0,"active":false,"url":null,"parent_url":"","tax_rate":0,"price_inc_tax":0,"sale_price_inc_tax":0},"be":{"price":0,"sale_price":0,"active":false,"url":null,"parent_url":"","tax_rate":0,"price_inc_tax":0,"sale_price_inc_tax":0},"fr":{"price":0,"sale_price":0,"active":false,"url":null,"parent_url":"","tax_rate":0,"price_inc_tax":0,"sale_price_inc_tax":0},"ch":{"price":0,"sale_price":0,"active":false,"url":null,"parent_url":"","tax_rate":0,"price_inc_tax":0,"sale_price_inc_tax":0},"at":{"price":0,"sale_price":0,"active":false,"url":null,"parent_url":"","tax_rate":0,"price_inc_tax":0,"sale_price_inc_tax":0},"es":{"price":0,"sale_price":0,"active":false,"url":null,"parent_url":"","tax_rate":0,"price_inc_tax":0,"sale_price_inc_tax":0},"dk":{"price":0,"sale_price":0,"active":false,"url":null,"parent_url":"","tax_rate":0,"price_inc_tax":0,"sale_price_inc_tax":0},"com":{"price":0,"sale_price":0,"active":false,"url":null,"parent_url":"","tax_rate":0,"price_inc_tax":0,"sale_price_inc_tax":0}},"market_nl_price":0,"market_nl_sale_price":0,"market_nl_active":false,"market_nl_url":null,"market_nl_parent_url":"","market_nl_tax_rate":0,"market_nl_price_inc_tax":0,"market_nl_sale_price_inc_tax":0,"market_de_price":0,"market_de_sale_price":0,"market_de_active":false,"market_de_url":null,"market_de_parent_url":"","market_de_tax_rate":0,"market_de_price_inc_tax":0,"market_de_sale_price_inc_tax":0,"market_be_price":0,"market_be_sale_price":0,"market_be_active":false,"market_be_url":null,"market_be_parent_url":"","market_be_tax_rate":0,"market_be_price_inc_tax":0,"market_be_sale_price_inc_tax":0,"market_fr_price":0,"market_fr_sale_price":0,"market_fr_active":false,"market_fr_url":null,"market_fr_parent_url":"","market_fr_tax_rate":0,"market_fr_price_inc_tax":0,"market_fr_sale_price_inc_tax":0,"market_ch_price":0,"market_ch_sale_price":0,"market_ch_active":false,"market_ch_url":null,"market_ch_parent_url":"","market_ch_tax_rate":0,"market_ch_price_inc_tax":0,"market_ch_sale_price_inc_tax":0,"market_at_price":0,"market_at_sale_price":0,"market_at_active":false,"market_at_url":null,"market_at_parent_url":"","market_at_tax_rate":0,"market_at_price_inc_tax":0,"market_at_sale_price_inc_tax":0,"market_es_price":0,"market_es_sale_price":0,"market_es_active":false,"market_es_url":null,"market_es_parent_url":"","market_es_tax_rate":0,"market_es_price_inc_tax":0,"market_es_sale_price_inc_tax":0,"market_dk_price":0,"market_dk_sale_price":0,"market_dk_active":false,"market_dk_url":null,"market_dk_parent_url":"","market_dk_tax_rate":0,"market_dk_price_inc_tax":0,"market_dk_sale_price_inc_tax":0,"market_com_price":0,"market_com_sale_price":0,"market_com_active":false,"market_com_url":null,"market_com_parent_url":"","market_com_tax_rate":0,"market_com_price_inc_tax":0,"market_com_sale_price_inc_tax":0,"acf":[],"_links":{"self":[{"href":"https:\/\/www.pharmacy4pets.nl\/be\/wp-json\/wp\/v2\/product\/120003","targetHints":{"allow":["GET"]}}],"collection":[{"href":"https:\/\/www.pharmacy4pets.nl\/be\/wp-json\/wp\/v2\/product"}],"about":[{"href":"https:\/\/www.pharmacy4pets.nl\/be\/wp-json\/wp\/v2\/types\/product"}],"replies":[{"embeddable":true,"href":"https:\/\/www.pharmacy4pets.nl\/be\/wp-json\/wp\/v2\/comments?post=120003"}],"wp:featuredmedia":[{"embeddable":true,"href":"https:\/\/www.pharmacy4pets.nl\/be\/wp-json\/wp\/v2\/media\/120002"}],"wp:attachment":[{"href":"https:\/\/www.pharmacy4pets.nl\/be\/wp-json\/wp\/v2\/media?parent=120003"}],"wp:term":[{"taxonomy":"product_brand","embeddable":true,"href":"https:\/\/www.pharmacy4pets.nl\/be\/wp-json\/wp\/v2\/product_brand?post=120003"},{"taxonomy":"product_cat","embeddable":true,"href":"https:\/\/www.pharmacy4pets.nl\/be\/wp-json\/wp\/v2\/product_cat?post=120003"},{"taxonomy":"product_tag","embeddable":true,"href":"https:\/\/www.pharmacy4pets.nl\/be\/wp-json\/wp\/v2\/product_tag?post=120003"}],"curies":[{"name":"wp","href":"https:\/\/api.w.org\/{rel}","templated":true}]}}