{"id":120001,"date":"2023-03-10T12:18:05","date_gmt":"2023-03-10T12:18:05","guid":{"rendered":"https:\/\/p4p.test\/phytonics-probiotics-hond-kat-50-gram"},"modified":"2026-04-14T08:04:56","modified_gmt":"2026-04-14T08:04:56","slug":"phytonics-probiotics-hond-kat-50-gram","status":"publish","type":"product","link":"https:\/\/www.pharmacy4pets.nl\/be\/phytonics-probiotics-hond-kat-50-gram","title":{"rendered":"Phytonics Probiotics | Hond\/Kat | 50 gram"},"content":{"rendered":"<p>Phytonics Probiotics is een aanvullend diervoeder voor honden en katten dat bijdraagt aan een gezonde spijsvertering en darmflora. De aanwezige prebiotica ondersteunen de groei van diverse bacteriestammen in de darmen. Phytonics Probiotics levert daarnaast een positieve bijdrage aan een gezonde huid en vacht.<\/p>\n<p><strong>Dosering:<\/strong><\/p>\n<p>Houd onderstaande dosering aan, voor de eerste week 2x per dag, vanaf de tweede week 1x per dag:<\/p>\n<ul>\n<li>&lt;10 kg = 1 maatschep<\/li>\n<li>10-25 kg = 2 maatscheppen<\/li>\n<li>&gt;25 kg = 3 maatscheppen<\/li>\n<\/ul>\n<p>1 maatschep bevat circa 0,5 gram poeder Phytonics Probiotics.<\/p>\n<p><strong>Toediening:<\/strong><\/p>\n<p>Phytonics Probiotics poeder oplossen in warm water, een kwartier laten staan, doorroeren en met een spuitje in de bek ingeven.<\/p>\n","protected":false},"excerpt":{"rendered":"<p>Phytonics Probiotics is een aanvullend diervoeder voor honden en katten dat bijdraagt aan een gezonde spijsvertering en darmflora. De aanwezige prebiotica ondersteunen de groei van diverse bacteriestammen in de darmen. Phytonics Probiotics levert daarnaast een positieve bijdrage aan een gezonde huid en vacht. Dosering: Houd onderstaande dosering aan, voor de eerste week 2x per dag, [&hellip;]<\/p>\n","protected":false},"featured_media":120000,"comment_status":"open","ping_status":"closed","template":"","meta":{"_acf_changed":false,"_nl_post_content":"<p>Phytonics Probiotics is een aanvullend diervoeder voor honden en katten dat bijdraagt aan een gezonde spijsvertering en darmflora. De aanwezige prebiotica ondersteunen de groei van diverse bacteriestammen in de darmen. Phytonics Probiotics levert daarnaast een positieve bijdrage aan een gezonde huid en vacht.<\/p>\n<p><strong>Dosering:<\/strong><\/p>\n<p>Houd onderstaande dosering aan, voor de eerste week 2x per dag, vanaf de tweede week 1x per dag:<\/p>\n<ul>\n<li>&lt;10 kg = 1 maatschep<\/li>\n<li>10-25 kg = 2 maatscheppen<\/li>\n<li>&gt;25 kg = 3 maatscheppen<\/li>\n<\/ul>\n<p>1 maatschep bevat circa 0,5 gram poeder Phytonics Probiotics.<\/p>\n<p><strong>Toediening:<\/strong><\/p>\n<p>Phytonics Probiotics poeder oplossen in warm water, een kwartier laten staan, doorroeren en met een spuitje in de bek ingeven.<\/p>","_nl_post_name":"phytonics-probiotics-hond-kat-50-gram","_nl_post_excerpt":"","_nl_post_title":"Phytonics Probiotics | Hond\/Kat | 50 gram","_en_post_content":"<p>Phytonics Probiotics is a supplementary feed for dogs and cats that contributes to healthy digestion and intestinal flora. The prebiotics present support the growth of various strains of bacteria in the intestines. Phytonics Probiotics also make a positive contribution to a healthy skin and coat.<\/p>\r\n<p><strong>Dosage:<\/strong><\/p>\r\n<p>Use the following dosage, for the first week 2x per day, from the second week 1x per day:<\/p>\r\n<ul>\r\n<li>&lt;10 kg = 1 scoop<\/li>\r\n<li>10-25 kg = 2 scoops<\/li>\r\n<li>&gt;25 kg = 3 scoops<\/li>\r\n<\/ul>\r\n<p>1 scoop contains approximately 0.5 grams of powdered Phytonics Probiotics.<\/p>\r\n<p><strong>Administration:<\/strong><\/p>\r\n<p>Dissolve Phytonics Probiotics powder in warm water, let stand for fifteen minutes, stir and administer with a syringe in the mouth.<\/p>","_en_post_name":"phytonics-probiotics-dog-cat-50-grams","_en_post_excerpt":"","_en_post_title":"Phytonics Probiotics | Dog\/Cat | 50 grams","_de_post_content":"<p>Phytonics Probiotics ist ein Erg\u00e4nzungsfuttermittel f\u00fcr Hunde und Katzen, das zu einer gesunden Verdauung und Darmflora beitr\u00e4gt. Die enthaltenen Pr\u00e4biotika unterst\u00fctzen das Wachstum verschiedener Bakterienst\u00e4mme im Darm. Phytonics Probiotika tragen auch positiv zu einer gesunden Haut und einem gesunden Fell bei.<\/p>\n<p><strong>Dosierung:<\/strong><\/p>\n<p>Verwenden Sie folgende Dosierung, in der ersten Woche 2x t\u00e4glich, ab der zweiten Woche 1x t\u00e4glich:<\/p>\n<ul>\n<li>&lt;10 kg = 1 Messl\u00f6ffel<\/li>\n<li>10-25 kg = 2 Messl\u00f6ffel<\/li>\n<li>&gt;25 kg = 3 Messl\u00f6ffel<\/li>\n<\/ul>\n<p>1 Messl\u00f6ffel enth\u00e4lt etwa 0,5 Gramm pulverisierte Phytonics-Probiotika.<\/p>\n<p><strong>Verwaltung:<\/strong><\/p>\n<p>Phytonics Probiotika-Pulver in warmem Wasser aufl\u00f6sen, f\u00fcnfzehn Minuten stehen lassen, umr\u00fchren und mit einer Spritze in den Mund verabreichen.<\/p>","_de_post_name":"phytonics-probiotics-hund-katze-50-gramm","_de_post_excerpt":"","_de_post_title":"Phytonics Probiotics | Hund\/Katze | 50 Gramm","_fr_post_content":"<p>Phytonics Probiotics est un aliment compl\u00e9mentaire pour chiens et chats qui contribue \u00e0 une digestion saine et \u00e0 une flore intestinale saine. Les pr\u00e9biotiques pr\u00e9sents soutiennent la croissance de diverses souches de bact\u00e9ries dans les intestins. Les probiotiques Phytonics apportent \u00e9galement une contribution positive \u00e0 une peau et un pelage sains.<\/p>\n<p><strong>Posologie\u00a0:<\/strong><\/p>\n<p>Utilisez la posologie suivante, pendant la premi\u00e8re semaine 2x par jour, \u00e0 partir de la deuxi\u00e8me semaine 1x par jour\u00a0:<\/p>\n<ul>\n<li>&lt;10\u00a0kg = 1 cuill\u00e8re<\/li>\n<li>10-25\u00a0kg = 2 cuill\u00e8res<\/li>\n<li>&gt;25 kg = 3 cuill\u00e8res<\/li>\n<\/ul>\n<p>1 cuill\u00e8re contient environ 0,5\u00a0gramme de probiotiques Phytonics en poudre.<\/p>\n<p><strong>Administration\u00a0:<\/strong><\/p>\n<p>Dissoudre la poudre de Phytonics Probiotics dans de l'eau ti\u00e8de, laisser reposer quinze minutes, remuer et administrer avec une seringue dans la bouche.<\/p>","_fr_post_name":"phytonics-probiotics-chien-chat-50-grammes","_fr_post_excerpt":"","_fr_post_title":"Phytonics Probiotics | Chien\/Chat | 50 grammes","_es_post_content":"<p>Phytonics Probiotics es un pienso complementario para perros y gatos que contribuye a una saludable digesti\u00f3n y flora intestinal. Los prebi\u00f3ticos presentes favorecen el crecimiento de diversas cepas de bacterias en los intestinos. Los probi\u00f3ticos Phytonics tambi\u00e9n contribuyen positivamente a una piel y un pelaje sanos.<\/p>\r\n<p><strong>Dosificaci\u00f3n:<\/strong><\/p>\r\n<p>Utilice la siguiente dosis, durante la primera semana 2 veces al d\u00eda, a partir de la segunda semana 1 vez al d\u00eda:<\/p>\r\n<ul>\r\n<li>&lt;10 kg = 1 cucharada<\/li>\r\n<li>10-25 kg = 2 cucharadas<\/li>\r\n<li>&gt;25 kg = 3 cucharadas<\/li>\r\n<\/ul>\r\n<p>1 cucharada contiene aproximadamente 0,5 gramos de probi\u00f3ticos Phytonics en polvo.<\/p>\r\n<p><strong>Administraci\u00f3n:<\/strong><\/p>\r\n<p>Disolver el polvo de Phytonics Probiotics en agua tibia, dejar reposar quince minutos, remover y administrar con una jeringa en la boca.<\/p>","_es_post_name":"phytonics-probiotics-perro-gato-50-gramos","_es_post_excerpt":"","_es_post_title":"Phytonics Probiotics | Perro\/Gato | 50 gramos","edit_language":"nl"},"product_brand":[],"product_cat":[1117,2014,2013,1118,1871,1839,1857,2075],"product_tag":[],"class_list":{"0":"post-120001","1":"product","2":"type-product","3":"status-publish","4":"has-post-thumbnail","6":"product_cat-honden","7":"product_cat-immuunsysteem-weerstand","9":"product_cat-katten","10":"product_cat-medicijnen-supplementen","12":"product_cat-merken","13":"product_cat-phytonics","14":"pa_aandoening-overig","15":"pa_doeldier-hond","16":"pa_doeldier-kat","17":"pa_fabricatieland-nederland","18":"pa_merkfilter-phytonics","19":"pa_merkgroep-nml","20":"pa_productsoort-voedingssupplement","21":"pa_toedieningswijze-poeder","22":"pa_unit_pricing_base_measure-10g","23":"pa_unit_pricing_measure-50g","24":"pa_werkzamestof-overig","26":"first","27":"instock","28":"taxable","29":"shipping-taxable","30":"purchasable","31":"product-type-simple"},"yoast_head":"<!-- This site is optimized with the Yoast SEO plugin v27.5 - https:\/\/yoast.com\/product\/yoast-seo-wordpress\/ -->\n<title>Phytonics Probiotics | Hond\/Kat | 50 gram - Pharmacy4pets<\/title>\n<meta name=\"robots\" content=\"index, follow, max-snippet:-1, max-image-preview:large, max-video-preview:-1\" \/>\n<link rel=\"canonical\" href=\"https:\/\/p4p-nl.bootmine.com\/%product-slug%\/phytonics-probiotics-hond-kat-50-gram\" \/>\n<meta property=\"og:locale\" content=\"nl_NL\" \/>\n<meta property=\"og:type\" content=\"article\" \/>\n<meta property=\"og:title\" content=\"Phytonics Probiotics | Hond\/Kat | 50 gram - Pharmacy4pets\" \/>\n<meta property=\"og:description\" content=\"Phytonics Probiotics is een aanvullend diervoeder voor honden en katten dat bijdraagt aan een gezonde spijsvertering en darmflora. De aanwezige prebiotica ondersteunen de groei van diverse bacteriestammen in de darmen. Phytonics Probiotics levert daarnaast een positieve bijdrage aan een gezonde huid en vacht. Dosering: Houd onderstaande dosering aan, voor de eerste week 2x per dag, [&hellip;]\" \/>\n<meta property=\"og:url\" content=\"https:\/\/p4p-nl.bootmine.com\/%product-slug%\/phytonics-probiotics-hond-kat-50-gram\" \/>\n<meta property=\"og:site_name\" content=\"Pharmacy4pets\" \/>\n<meta property=\"article:publisher\" content=\"https:\/\/www.facebook.com\/people\/Pharmacy4petsnl\/100063484989896\/\" \/>\n<meta property=\"article:modified_time\" content=\"2026-04-14T08:04:56+00:00\" \/>\n<meta property=\"og:image\" content=\"https:\/\/p4p-nl.bootmine.com\/wp-content\/uploads\/2023\/03\/19854.jpg\" \/>\n\t<meta property=\"og:image:width\" content=\"345\" \/>\n\t<meta property=\"og:image:height\" content=\"349\" \/>\n\t<meta property=\"og:image:type\" content=\"image\/jpeg\" \/>\n<meta name=\"twitter:card\" content=\"summary_large_image\" \/>\n<script type=\"application\/ld+json\" class=\"yoast-schema-graph\">{\"@context\":\"https:\\\/\\\/schema.org\",\"@graph\":[{\"@type\":\"WebPage\",\"@id\":\"https:\\\/\\\/p4p-nl.bootmine.com\\\/%product-slug%\\\/phytonics-probiotics-hond-kat-50-gram\",\"url\":\"https:\\\/\\\/p4p-nl.bootmine.com\\\/%product-slug%\\\/phytonics-probiotics-hond-kat-50-gram\",\"name\":\"Phytonics Probiotics | Hond\\\/Kat | 50 gram - Pharmacy4pets\",\"isPartOf\":{\"@id\":\"http:\\\/\\\/www.pharmacy4pets.nl\\\/#website\"},\"primaryImageOfPage\":{\"@id\":\"https:\\\/\\\/p4p-nl.bootmine.com\\\/%product-slug%\\\/phytonics-probiotics-hond-kat-50-gram#primaryimage\"},\"image\":{\"@id\":\"https:\\\/\\\/p4p-nl.bootmine.com\\\/%product-slug%\\\/phytonics-probiotics-hond-kat-50-gram#primaryimage\"},\"thumbnailUrl\":\"https:\\\/\\\/www.pharmacy4pets.nl\\\/wp-content\\\/uploads\\\/2023\\\/03\\\/19854.jpg\",\"datePublished\":\"2023-03-10T12:18:05+00:00\",\"dateModified\":\"2026-04-14T08:04:56+00:00\",\"breadcrumb\":{\"@id\":\"https:\\\/\\\/p4p-nl.bootmine.com\\\/%product-slug%\\\/phytonics-probiotics-hond-kat-50-gram#breadcrumb\"},\"inLanguage\":\"nl-NL\",\"potentialAction\":[{\"@type\":\"ReadAction\",\"target\":[\"https:\\\/\\\/p4p-nl.bootmine.com\\\/%product-slug%\\\/phytonics-probiotics-hond-kat-50-gram\"]}]},{\"@type\":\"ImageObject\",\"inLanguage\":\"nl-NL\",\"@id\":\"https:\\\/\\\/p4p-nl.bootmine.com\\\/%product-slug%\\\/phytonics-probiotics-hond-kat-50-gram#primaryimage\",\"url\":\"https:\\\/\\\/www.pharmacy4pets.nl\\\/wp-content\\\/uploads\\\/2023\\\/03\\\/19854.jpg\",\"contentUrl\":\"https:\\\/\\\/www.pharmacy4pets.nl\\\/wp-content\\\/uploads\\\/2023\\\/03\\\/19854.jpg\",\"width\":345,\"height\":349,\"caption\":\"Phytonics Probiotics\"},{\"@type\":\"BreadcrumbList\",\"@id\":\"https:\\\/\\\/p4p-nl.bootmine.com\\\/%product-slug%\\\/phytonics-probiotics-hond-kat-50-gram#breadcrumb\",\"itemListElement\":[{\"@type\":\"ListItem\",\"position\":1,\"name\":\"Home\",\"item\":\"https:\\\/\\\/p4p-nl.bootmine.com\\\/\"},{\"@type\":\"ListItem\",\"position\":2,\"name\":\"Winkel\",\"item\":\"https:\\\/\\\/p4p-nl.bootmine.com\\\/winkel\"},{\"@type\":\"ListItem\",\"position\":3,\"name\":\"Phytonics Probiotics | Hond\\\/Kat | 50 gram\"}]},{\"@type\":\"WebSite\",\"@id\":\"http:\\\/\\\/www.pharmacy4pets.nl\\\/#website\",\"url\":\"http:\\\/\\\/www.pharmacy4pets.nl\\\/\",\"name\":\"Pharmacy4pets\",\"description\":\"Pharmacy4pets.nl is d\u00e9 online apotheek waar u terecht kunt voor alle diergeneesmiddelen, verzorgingsproducten en dieetvoeding voor uw huisdier.\",\"publisher\":{\"@id\":\"http:\\\/\\\/www.pharmacy4pets.nl\\\/#organization\"},\"potentialAction\":[{\"@type\":\"SearchAction\",\"target\":{\"@type\":\"EntryPoint\",\"urlTemplate\":\"http:\\\/\\\/www.pharmacy4pets.nl\\\/?s={search_term_string}\"},\"query-input\":{\"@type\":\"PropertyValueSpecification\",\"valueRequired\":true,\"valueName\":\"search_term_string\"}}],\"inLanguage\":\"nl-NL\"},{\"@type\":\"Organization\",\"@id\":\"http:\\\/\\\/www.pharmacy4pets.nl\\\/#organization\",\"name\":\"Pharmacy4pets\",\"url\":\"http:\\\/\\\/www.pharmacy4pets.nl\\\/\",\"logo\":{\"@type\":\"ImageObject\",\"inLanguage\":\"nl-NL\",\"@id\":\"http:\\\/\\\/www.pharmacy4pets.nl\\\/#\\\/schema\\\/logo\\\/image\\\/\",\"url\":\"https:\\\/\\\/p4p-nl.bootmine.com\\\/wp-content\\\/uploads\\\/2026\\\/03\\\/logo-pharmacy4pets.png\",\"contentUrl\":\"https:\\\/\\\/p4p-nl.bootmine.com\\\/wp-content\\\/uploads\\\/2026\\\/03\\\/logo-pharmacy4pets.png\",\"width\":1024,\"height\":135,\"caption\":\"Pharmacy4pets\"},\"image\":{\"@id\":\"http:\\\/\\\/www.pharmacy4pets.nl\\\/#\\\/schema\\\/logo\\\/image\\\/\"},\"sameAs\":[\"https:\\\/\\\/www.facebook.com\\\/people\\\/Pharmacy4petsnl\\\/100063484989896\\\/\",\"https:\\\/\\\/www.youtube.com\\\/channel\\\/UCGPTIgucgli03tP2_kvLkHg\\\/featured\",\"https:\\\/\\\/www.instagram.com\\\/pharmacy4pets.nl\"]}]}<\/script>\n<!-- \/ Yoast SEO plugin. -->","yoast_head_json":{"title":"Phytonics Probiotics | Hond\/Kat | 50 gram - Pharmacy4pets","robots":{"index":"index","follow":"follow","max-snippet":"max-snippet:-1","max-image-preview":"max-image-preview:large","max-video-preview":"max-video-preview:-1"},"canonical":"https:\/\/p4p-nl.bootmine.com\/%product-slug%\/phytonics-probiotics-hond-kat-50-gram","og_locale":"nl_NL","og_type":"article","og_title":"Phytonics Probiotics | Hond\/Kat | 50 gram - Pharmacy4pets","og_description":"Phytonics Probiotics is een aanvullend diervoeder voor honden en katten dat bijdraagt aan een gezonde spijsvertering en darmflora. De aanwezige prebiotica ondersteunen de groei van diverse bacteriestammen in de darmen. Phytonics Probiotics levert daarnaast een positieve bijdrage aan een gezonde huid en vacht. Dosering: Houd onderstaande dosering aan, voor de eerste week 2x per dag, [&hellip;]","og_url":"https:\/\/p4p-nl.bootmine.com\/%product-slug%\/phytonics-probiotics-hond-kat-50-gram","og_site_name":"Pharmacy4pets","article_publisher":"https:\/\/www.facebook.com\/people\/Pharmacy4petsnl\/100063484989896\/","article_modified_time":"2026-04-14T08:04:56+00:00","og_image":[{"width":345,"height":349,"url":"https:\/\/p4p-nl.bootmine.com\/wp-content\/uploads\/2023\/03\/19854.jpg","type":"image\/jpeg"}],"twitter_card":"summary_large_image","schema":{"@context":"https:\/\/schema.org","@graph":[{"@type":"WebPage","@id":"https:\/\/p4p-nl.bootmine.com\/%product-slug%\/phytonics-probiotics-hond-kat-50-gram","url":"https:\/\/p4p-nl.bootmine.com\/%product-slug%\/phytonics-probiotics-hond-kat-50-gram","name":"Phytonics Probiotics | Hond\/Kat | 50 gram - Pharmacy4pets","isPartOf":{"@id":"http:\/\/www.pharmacy4pets.nl\/#website"},"primaryImageOfPage":{"@id":"https:\/\/p4p-nl.bootmine.com\/%product-slug%\/phytonics-probiotics-hond-kat-50-gram#primaryimage"},"image":{"@id":"https:\/\/p4p-nl.bootmine.com\/%product-slug%\/phytonics-probiotics-hond-kat-50-gram#primaryimage"},"thumbnailUrl":"https:\/\/www.pharmacy4pets.nl\/wp-content\/uploads\/2023\/03\/19854.jpg","datePublished":"2023-03-10T12:18:05+00:00","dateModified":"2026-04-14T08:04:56+00:00","breadcrumb":{"@id":"https:\/\/p4p-nl.bootmine.com\/%product-slug%\/phytonics-probiotics-hond-kat-50-gram#breadcrumb"},"inLanguage":"nl-NL","potentialAction":[{"@type":"ReadAction","target":["https:\/\/p4p-nl.bootmine.com\/%product-slug%\/phytonics-probiotics-hond-kat-50-gram"]}]},{"@type":"ImageObject","inLanguage":"nl-NL","@id":"https:\/\/p4p-nl.bootmine.com\/%product-slug%\/phytonics-probiotics-hond-kat-50-gram#primaryimage","url":"https:\/\/www.pharmacy4pets.nl\/wp-content\/uploads\/2023\/03\/19854.jpg","contentUrl":"https:\/\/www.pharmacy4pets.nl\/wp-content\/uploads\/2023\/03\/19854.jpg","width":345,"height":349,"caption":"Phytonics Probiotics"},{"@type":"BreadcrumbList","@id":"https:\/\/p4p-nl.bootmine.com\/%product-slug%\/phytonics-probiotics-hond-kat-50-gram#breadcrumb","itemListElement":[{"@type":"ListItem","position":1,"name":"Home","item":"https:\/\/p4p-nl.bootmine.com\/"},{"@type":"ListItem","position":2,"name":"Winkel","item":"https:\/\/p4p-nl.bootmine.com\/winkel"},{"@type":"ListItem","position":3,"name":"Phytonics Probiotics | Hond\/Kat | 50 gram"}]},{"@type":"WebSite","@id":"http:\/\/www.pharmacy4pets.nl\/#website","url":"http:\/\/www.pharmacy4pets.nl\/","name":"Pharmacy4pets","description":"Pharmacy4pets.nl is d\u00e9 online apotheek waar u terecht kunt voor alle diergeneesmiddelen, verzorgingsproducten en dieetvoeding voor uw huisdier.","publisher":{"@id":"http:\/\/www.pharmacy4pets.nl\/#organization"},"potentialAction":[{"@type":"SearchAction","target":{"@type":"EntryPoint","urlTemplate":"http:\/\/www.pharmacy4pets.nl\/?s={search_term_string}"},"query-input":{"@type":"PropertyValueSpecification","valueRequired":true,"valueName":"search_term_string"}}],"inLanguage":"nl-NL"},{"@type":"Organization","@id":"http:\/\/www.pharmacy4pets.nl\/#organization","name":"Pharmacy4pets","url":"http:\/\/www.pharmacy4pets.nl\/","logo":{"@type":"ImageObject","inLanguage":"nl-NL","@id":"http:\/\/www.pharmacy4pets.nl\/#\/schema\/logo\/image\/","url":"https:\/\/p4p-nl.bootmine.com\/wp-content\/uploads\/2026\/03\/logo-pharmacy4pets.png","contentUrl":"https:\/\/p4p-nl.bootmine.com\/wp-content\/uploads\/2026\/03\/logo-pharmacy4pets.png","width":1024,"height":135,"caption":"Pharmacy4pets"},"image":{"@id":"http:\/\/www.pharmacy4pets.nl\/#\/schema\/logo\/image\/"},"sameAs":["https:\/\/www.facebook.com\/people\/Pharmacy4petsnl\/100063484989896\/","https:\/\/www.youtube.com\/channel\/UCGPTIgucgli03tP2_kvLkHg\/featured","https:\/\/www.instagram.com\/pharmacy4pets.nl"]}]}},"market_data":{"nl":{"price":0,"sale_price":0,"active":false,"url":null,"parent_url":"","tax_rate":0,"price_inc_tax":0,"sale_price_inc_tax":0},"de":{"price":0,"sale_price":0,"active":false,"url":null,"parent_url":"","tax_rate":0,"price_inc_tax":0,"sale_price_inc_tax":0},"be":{"price":0,"sale_price":0,"active":false,"url":null,"parent_url":"","tax_rate":0,"price_inc_tax":0,"sale_price_inc_tax":0},"fr":{"price":0,"sale_price":0,"active":false,"url":null,"parent_url":"","tax_rate":0,"price_inc_tax":0,"sale_price_inc_tax":0},"ch":{"price":0,"sale_price":0,"active":false,"url":null,"parent_url":"","tax_rate":0,"price_inc_tax":0,"sale_price_inc_tax":0},"at":{"price":0,"sale_price":0,"active":false,"url":null,"parent_url":"","tax_rate":0,"price_inc_tax":0,"sale_price_inc_tax":0},"es":{"price":0,"sale_price":0,"active":false,"url":null,"parent_url":"","tax_rate":0,"price_inc_tax":0,"sale_price_inc_tax":0},"dk":{"price":0,"sale_price":0,"active":false,"url":null,"parent_url":"","tax_rate":0,"price_inc_tax":0,"sale_price_inc_tax":0},"com":{"price":0,"sale_price":0,"active":false,"url":null,"parent_url":"","tax_rate":0,"price_inc_tax":0,"sale_price_inc_tax":0}},"market_nl_price":0,"market_nl_sale_price":0,"market_nl_active":false,"market_nl_url":null,"market_nl_parent_url":"","market_nl_tax_rate":0,"market_nl_price_inc_tax":0,"market_nl_sale_price_inc_tax":0,"market_de_price":0,"market_de_sale_price":0,"market_de_active":false,"market_de_url":null,"market_de_parent_url":"","market_de_tax_rate":0,"market_de_price_inc_tax":0,"market_de_sale_price_inc_tax":0,"market_be_price":0,"market_be_sale_price":0,"market_be_active":false,"market_be_url":null,"market_be_parent_url":"","market_be_tax_rate":0,"market_be_price_inc_tax":0,"market_be_sale_price_inc_tax":0,"market_fr_price":0,"market_fr_sale_price":0,"market_fr_active":false,"market_fr_url":null,"market_fr_parent_url":"","market_fr_tax_rate":0,"market_fr_price_inc_tax":0,"market_fr_sale_price_inc_tax":0,"market_ch_price":0,"market_ch_sale_price":0,"market_ch_active":false,"market_ch_url":null,"market_ch_parent_url":"","market_ch_tax_rate":0,"market_ch_price_inc_tax":0,"market_ch_sale_price_inc_tax":0,"market_at_price":0,"market_at_sale_price":0,"market_at_active":false,"market_at_url":null,"market_at_parent_url":"","market_at_tax_rate":0,"market_at_price_inc_tax":0,"market_at_sale_price_inc_tax":0,"market_es_price":0,"market_es_sale_price":0,"market_es_active":false,"market_es_url":null,"market_es_parent_url":"","market_es_tax_rate":0,"market_es_price_inc_tax":0,"market_es_sale_price_inc_tax":0,"market_dk_price":0,"market_dk_sale_price":0,"market_dk_active":false,"market_dk_url":null,"market_dk_parent_url":"","market_dk_tax_rate":0,"market_dk_price_inc_tax":0,"market_dk_sale_price_inc_tax":0,"market_com_price":0,"market_com_sale_price":0,"market_com_active":false,"market_com_url":null,"market_com_parent_url":"","market_com_tax_rate":0,"market_com_price_inc_tax":0,"market_com_sale_price_inc_tax":0,"acf":[],"_links":{"self":[{"href":"https:\/\/www.pharmacy4pets.nl\/be\/wp-json\/wp\/v2\/product\/120001","targetHints":{"allow":["GET"]}}],"collection":[{"href":"https:\/\/www.pharmacy4pets.nl\/be\/wp-json\/wp\/v2\/product"}],"about":[{"href":"https:\/\/www.pharmacy4pets.nl\/be\/wp-json\/wp\/v2\/types\/product"}],"replies":[{"embeddable":true,"href":"https:\/\/www.pharmacy4pets.nl\/be\/wp-json\/wp\/v2\/comments?post=120001"}],"wp:featuredmedia":[{"embeddable":true,"href":"https:\/\/www.pharmacy4pets.nl\/be\/wp-json\/wp\/v2\/media\/120000"}],"wp:attachment":[{"href":"https:\/\/www.pharmacy4pets.nl\/be\/wp-json\/wp\/v2\/media?parent=120001"}],"wp:term":[{"taxonomy":"product_brand","embeddable":true,"href":"https:\/\/www.pharmacy4pets.nl\/be\/wp-json\/wp\/v2\/product_brand?post=120001"},{"taxonomy":"product_cat","embeddable":true,"href":"https:\/\/www.pharmacy4pets.nl\/be\/wp-json\/wp\/v2\/product_cat?post=120001"},{"taxonomy":"product_tag","embeddable":true,"href":"https:\/\/www.pharmacy4pets.nl\/be\/wp-json\/wp\/v2\/product_tag?post=120001"}],"curies":[{"name":"wp","href":"https:\/\/api.w.org\/{rel}","templated":true}]}}