{"id":119997,"date":"2023-03-10T12:18:04","date_gmt":"2023-03-10T12:18:04","guid":{"rendered":"https:\/\/p4p.test\/phytonics-gluco-balance-hond-kat-100-gram"},"modified":"2026-04-14T08:04:55","modified_gmt":"2026-04-14T08:04:55","slug":"phytonics-gluco-balance-hond-kat-100-gram","status":"publish","type":"product","link":"https:\/\/www.pharmacy4pets.nl\/be\/phytonics-gluco-balance-hond-kat-100-gram","title":{"rendered":"Phytonics Gluco Balance | Hond\/Kat | 100 gram"},"content":{"rendered":"<p>Phytonics Gluco Balance voor de hond en kat is een aanvullend diervoeder dat een gezonde suikerstofwisseling bij te zware honden en katten ondersteunt. Het poeder kan over het voer gegeven worden. Bevochtig (bij droog voer) het voer\/poeder zodat het niet uit de voerbak geblazen wordt.<\/p>\n<p><strong>Dosering: <\/strong><\/p>\n<p>Houd onderstaande dosering aan, voor de eerste week 2x per dag, vanaf de tweede week 1x per dag:<\/p>\n<ul>\n<li>Hond &gt;25 kg = 1,5\u00a0maatschep<\/li>\n<li>Hond 10-25 kg = 1\u00a0maatschep<\/li>\n<li>Hond\/kat &lt;25 kg = 0,5 maatschep<\/li>\n<\/ul>\n<p>1 maatschep bevat circa 0,7\u00a0gram poeder Phytonics Gluco Balance.<\/p>\n<p>Bij verbetering kan overgegaan worden op een onderhoudsdosering. Dit is meestal de helft van de aangegeven dosering. Kijk bij het doseren van dit product goed naar de reactie van het dier. In het begin kan een hogere dosering nodig zijn, dit product kan veilig in een dubbele dosering gegeven worden. Verlaag de dosering bij verbetering geleidelijk tot een zo laag mogelijke dosering.<\/p>\n<p>Neem bij dieren jonger dan 6 maanden contact op met uw dierenarts voor gebruik van dit product.<\/p>\n","protected":false},"excerpt":{"rendered":"<p>Phytonics Gluco Balance voor de hond en kat is een aanvullend diervoeder dat een gezonde suikerstofwisseling bij te zware honden en katten ondersteunt. Het poeder kan over het voer gegeven worden. Bevochtig (bij droog voer) het voer\/poeder zodat het niet uit de voerbak geblazen wordt. Dosering: Houd onderstaande dosering aan, voor de eerste week 2x [&hellip;]<\/p>\n","protected":false},"featured_media":119996,"comment_status":"open","ping_status":"closed","template":"","meta":{"_acf_changed":false,"_nl_post_content":"<p>Phytonics Gluco Balance voor de hond en kat is een aanvullend diervoeder dat een gezonde suikerstofwisseling bij te zware honden en katten ondersteunt. Het poeder kan over het voer gegeven worden. Bevochtig (bij droog voer) het voer\/poeder zodat het niet uit de voerbak geblazen wordt.<\/p>\n<p><strong>Dosering: <\/strong><\/p>\n<p>Houd onderstaande dosering aan, voor de eerste week 2x per dag, vanaf de tweede week 1x per dag:<\/p>\n<ul>\n<li>Hond &gt;25 kg = 1,5\u00a0maatschep<\/li>\n<li>Hond 10-25 kg = 1\u00a0maatschep<\/li>\n<li>Hond\/kat &lt;25 kg = 0,5 maatschep<\/li>\n<\/ul>\n<p>1 maatschep bevat circa 0,7\u00a0gram poeder Phytonics Gluco Balance.<\/p>\n<p>Bij verbetering kan overgegaan worden op een onderhoudsdosering. Dit is meestal de helft van de aangegeven dosering. Kijk bij het doseren van dit product goed naar de reactie van het dier. In het begin kan een hogere dosering nodig zijn, dit product kan veilig in een dubbele dosering gegeven worden. Verlaag de dosering bij verbetering geleidelijk tot een zo laag mogelijke dosering.<\/p>\n<p>Neem bij dieren jonger dan 6 maanden contact op met uw dierenarts voor gebruik van dit product.<\/p>","_nl_post_name":"phytonics-gluco-balance-hond-kat-100-gram","_nl_post_excerpt":"","_nl_post_title":"Phytonics Gluco Balance | Hond\/Kat | 100 gram","_en_post_content":"<p align=\"left\">Phytonics Gluco Balance for dogs and cats is a supplementary feed that supports healthy sugar metabolism in overweight dogs and cats. The powder can be given over the food. Moisten (for dry food) the food\/powder so that it is not blown out of the food bowl.<\/p>\r\n<p align=\"left\"><strong>Dosage: <\/strong><\/p>\r\n<p align=\"left\">Use the following dosage, for the first week 2x per day, from the second week 1x per day:<\/p>\r\n<ul align=\"left\">\r\n<li>Dog >25 kg = 1.5 scoop<\/li>\r\n<li>Dog 10-25 kg = 1\u00a0measuring scoop<\/li>\r\n<li>Dog\/cat &lt;25 kg = 0.5 scoop<\/li>\r\n<\/ul>\r\n<p align=\"left\">1 scoop contains approximately 0.7\u00a0gram of Phytonics Gluco Balance powder.<\/p>\r\n<p align=\"left\">Upon improvement, a maintenance dose can be used. This is usually half the indicated dosage. When dosing this product, carefully observe the reaction of the animal. A higher dose may be required in the beginning, this product can be safely given in a double dose. When improving, gradually reduce the dose to the lowest possible dose.<\/p>\r\n<p align=\"left\">In animals younger than 6 months, please consult your veterinarian before using this product.<\/p>","_en_post_name":"phytonics-gluco-balance-dog-cat-100-grams","_en_post_excerpt":"","_en_post_title":"Phytonics Gluco Balance | Dog\/Cat | 100 grams","_de_post_content":"<p align=\"left\">Phytonics Gluco Balance f\u00fcr Hunde und Katzen ist ein Erg\u00e4nzungsfuttermittel, das einen gesunden Zuckerstoffwechsel bei \u00fcbergewichtigen Hunden und Katzen unterst\u00fctzt. Das Pulver kann \u00fcber das Futter gegeben werden. Befeuchten Sie (bei Trockenfutter) das Futter\/Pulver, damit es nicht aus dem Futternapf geblasen wird.<\/p>\r\n<p align=\"left\"><strong>Dosierung: <\/strong><\/p>\r\n<p align=\"left\">Verwenden Sie folgende Dosierung, in der ersten Woche 2x t\u00e4glich, ab der zweiten Woche 1x t\u00e4glich:<\/p>\r\n<ul align=\"left\">\r\n<li>Hund &gt;25 kg = 1,5 Messl\u00f6ffel<\/li>\r\n<li>Hund 10\u201325 kg = 1 Messl\u00f6ffel<\/li>\r\n<li>Hund\/Katze &lt;25 kg = 0,5 Messl\u00f6ffel<\/li>\r\n<\/ul>\r\n<p align=\"left\">1 Messl\u00f6ffel enth\u00e4lt etwa 0,7\u00a0Gramm Phytonics Gluco Balance-Pulver.<\/p>\r\n<p align=\"left\">Bei Besserung kann eine Erhaltungsdosis angewendet werden. Dies ist in der Regel die H\u00e4lfte der angegebenen Dosierung. Beobachten Sie bei der Dosierung dieses Produkts sorgf\u00e4ltig die Reaktion des Tieres. Zu Beginn kann eine h\u00f6here Dosis erforderlich sein. Dieses Produkt kann bedenkenlos in einer doppelten Dosis verabreicht werden. Reduzieren Sie bei Besserung die Dosis schrittweise auf die niedrigstm\u00f6gliche Dosis.<\/p>\r\n<p align=\"left\">Bei Tieren, die j\u00fcnger als 6 Monate sind, konsultieren Sie bitte Ihren Tierarzt, bevor Sie dieses Produkt verwenden.<\/p>","_de_post_name":"phytonics-gluco-balance-hund-katze-100-gramm","_de_post_excerpt":"","_de_post_title":"Phytonics Gluco Balance | Hund\/Katze | 100 Gramm","_fr_post_content":"<p align=\"left\">Phytonics Gluco Balance pour chiens et chats est un aliment compl\u00e9mentaire qui favorise un m\u00e9tabolisme sain des sucres chez les chiens et chats en surpoids. La poudre peut \u00eatre administr\u00e9e sur la nourriture. Humidifiez (pour les aliments secs) la nourriture\/la poudre afin qu'elle ne soit pas souffl\u00e9e hors du bol alimentaire.<\/p>\r\n<p align=\"left\"><strong>Posologie\u00a0: <\/strong><\/p>\r\n<p align=\"left\">Utilisez la posologie suivante, pendant la premi\u00e8re semaine 2x par jour, \u00e0 partir de la deuxi\u00e8me semaine 1x par jour\u00a0:<\/p>\r\n<ul align=\"gauche\">\r\n<li>Chien\u00a0&gt; 25\u00a0kg = 1,5 cuill\u00e8re<\/li>\r\n<li>Chien de 10 \u00e0 25\u00a0kg = 1 mesurette<\/li>\r\n<li>Chien\/chat &lt;25\u00a0kg = 0,5 cuill\u00e8re<\/li>\r\n<\/ul>\r\n<p align=\"left\">1 cuill\u00e8re contient environ 0,7\u00a0gramme de poudre Phytonics Gluco Balance.<\/p>\r\n<p align=\"left\">En cas d'am\u00e9lioration, une dose d'entretien peut \u00eatre utilis\u00e9e. Cela repr\u00e9sente g\u00e9n\u00e9ralement la moiti\u00e9 de la dose indiqu\u00e9e. Lors du dosage de ce produit, observez attentivement la r\u00e9action de l'animal. Une dose plus \u00e9lev\u00e9e peut \u00eatre n\u00e9cessaire au d\u00e9but, ce produit peut \u00eatre administr\u00e9 en toute s\u00e9curit\u00e9 en double dose. En cas d'am\u00e9lioration, r\u00e9duisez progressivement la dose jusqu'\u00e0 la dose la plus faible possible.<\/p>\r\n<p align=\"left\">Chez les animaux de moins de 6 mois, veuillez consulter votre v\u00e9t\u00e9rinaire avant d'utiliser ce produit.<\/p>","_fr_post_name":"phytonics-gluco-balance-chien-chat-100-grammes","_fr_post_excerpt":"","_fr_post_title":"Phytonics Gluco Balance | Chien\/Chat | 100 grammes","_es_post_content":"<p align=\"left\">Phytonics Gluco Balance para perros y gatos es un alimento complementario que favorece el metabolismo saludable del az\u00facar en perros y gatos con sobrepeso. El polvo se puede aplicar sobre la comida. Humedezca (para alimentos secos) la comida\/el polvo para que no se salga volando del recipiente de comida.<\/p>\r\n<p align=\"left\"><strong>Dosis: <\/strong><\/p>\r\n<p align=\"left\">Utilice la siguiente dosis, durante la primera semana 2 veces al d\u00eda, a partir de la segunda semana 1 vez al d\u00eda:<\/p>\r\n<ul align=\"izquierda\">\r\n<li>Perro &gt;25 kg = 1,5 cucharada<\/li>\r\n<li>Perro de 10 a 25 kg = 1\u00a0cuchara dosificador<\/li>\r\n<li>Perro\/gato &lt;25 kg = 0,5 cucharada<\/li>\r\n<\/ul>\r\n<p align=\"left\">1 cucharada contiene aproximadamente 0,7\u00a0gramos de polvo Phytonics Gluco Balance.<\/p>\r\n<p align=\"left\">Al mejorar, se puede utilizar una dosis de mantenimiento. Suele ser la mitad de la dosis indicada. Al dosificar este producto, observe atentamente la reacci\u00f3n del animal. Es posible que se requiera una dosis m\u00e1s alta al principio; este producto se puede administrar de manera segura en una dosis doble. Al mejorar, reducir gradualmente la dosis hasta la dosis m\u00e1s baja posible.<\/p>\r\n<p align=\"left\">En animales menores de 6 meses, consulte a su veterinario antes de utilizar este producto.<\/p>","_es_post_name":"phytonics-gluco-balance-perro-gato-100-gramos","_es_post_excerpt":"","_es_post_title":"Phytonics Gluco Balance | Perro\/Gato | 100 gramos","edit_language":"nl"},"product_brand":[],"product_cat":[1117,1118,1877,1846,1871,1839,1857,2075],"product_tag":[],"class_list":{"0":"post-119997","1":"product","2":"type-product","3":"status-publish","4":"has-post-thumbnail","6":"product_cat-honden","7":"product_cat-katten","8":"product_cat-lever","10":"product_cat-medicijnen-supplementen","12":"product_cat-merken","13":"product_cat-phytonics","14":"pa_aandoening-overig","15":"pa_doeldier-hond","16":"pa_doeldier-kat","17":"pa_fabricatieland-nederland","18":"pa_merkfilter-phytonics","19":"pa_merkgroep-nml","20":"pa_productsoort-voedingssupplement","21":"pa_toedieningswijze-poeder","22":"pa_unit_pricing_base_measure-10g","23":"pa_unit_pricing_measure-100g","24":"pa_werkzamestof-overig","26":"first","27":"instock","28":"taxable","29":"shipping-taxable","30":"purchasable","31":"product-type-simple"},"yoast_head":"<!-- This site is optimized with the Yoast SEO plugin v27.5 - https:\/\/yoast.com\/product\/yoast-seo-wordpress\/ -->\n<title>Phytonics Gluco Balance | Hond\/Kat | 100 gram - Pharmacy4pets<\/title>\n<meta name=\"robots\" content=\"index, follow, max-snippet:-1, max-image-preview:large, max-video-preview:-1\" \/>\n<link rel=\"canonical\" href=\"https:\/\/www.pharmacy4pets.nl\/be\/phytonics-gluco-balance-hond-kat-100-gram\" \/>\n<meta property=\"og:locale\" content=\"nl_NL\" \/>\n<meta property=\"og:type\" content=\"article\" \/>\n<meta property=\"og:title\" content=\"Phytonics Gluco Balance | Hond\/Kat | 100 gram - Pharmacy4pets\" \/>\n<meta property=\"og:description\" content=\"Phytonics Gluco Balance voor de hond en kat is een aanvullend diervoeder dat een gezonde suikerstofwisseling bij te zware honden en katten ondersteunt. Het poeder kan over het voer gegeven worden. Bevochtig (bij droog voer) het voer\/poeder zodat het niet uit de voerbak geblazen wordt. Dosering: Houd onderstaande dosering aan, voor de eerste week 2x [&hellip;]\" \/>\n<meta property=\"og:url\" content=\"https:\/\/www.pharmacy4pets.nl\/be\/phytonics-gluco-balance-hond-kat-100-gram\" \/>\n<meta property=\"og:site_name\" content=\"Pharmacy4pets\" \/>\n<meta property=\"article:publisher\" content=\"https:\/\/www.facebook.com\/people\/Pharmacy4petsnl\/100063484989896\/\" \/>\n<meta property=\"article:modified_time\" content=\"2026-04-14T08:04:55+00:00\" \/>\n<meta property=\"og:image\" content=\"https:\/\/www.pharmacy4pets.nl\/wp-content\/uploads\/2023\/03\/21669.jpg\" \/>\n\t<meta property=\"og:image:width\" content=\"388\" \/>\n\t<meta property=\"og:image:height\" content=\"512\" \/>\n\t<meta property=\"og:image:type\" content=\"image\/jpeg\" \/>\n<meta name=\"twitter:card\" content=\"summary_large_image\" \/>\n<meta name=\"twitter:label1\" content=\"Geschatte leestijd\" \/>\n\t<meta name=\"twitter:data1\" content=\"1 minuut\" \/>\n<script type=\"application\/ld+json\" class=\"yoast-schema-graph\">{\"@context\":\"https:\\\/\\\/schema.org\",\"@graph\":[{\"@type\":\"WebPage\",\"@id\":\"https:\\\/\\\/www.pharmacy4pets.nl\\\/be\\\/phytonics-gluco-balance-hond-kat-100-gram\",\"url\":\"https:\\\/\\\/www.pharmacy4pets.nl\\\/be\\\/phytonics-gluco-balance-hond-kat-100-gram\",\"name\":\"Phytonics Gluco Balance | Hond\\\/Kat | 100 gram - Pharmacy4pets\",\"isPartOf\":{\"@id\":\"http:\\\/\\\/www.pharmacy4pets.nl\\\/#website\"},\"primaryImageOfPage\":{\"@id\":\"https:\\\/\\\/www.pharmacy4pets.nl\\\/be\\\/phytonics-gluco-balance-hond-kat-100-gram#primaryimage\"},\"image\":{\"@id\":\"https:\\\/\\\/www.pharmacy4pets.nl\\\/be\\\/phytonics-gluco-balance-hond-kat-100-gram#primaryimage\"},\"thumbnailUrl\":\"https:\\\/\\\/www.pharmacy4pets.nl\\\/wp-content\\\/uploads\\\/2023\\\/03\\\/21669.jpg\",\"datePublished\":\"2023-03-10T12:18:04+00:00\",\"dateModified\":\"2026-04-14T08:04:55+00:00\",\"breadcrumb\":{\"@id\":\"https:\\\/\\\/www.pharmacy4pets.nl\\\/be\\\/phytonics-gluco-balance-hond-kat-100-gram#breadcrumb\"},\"inLanguage\":\"nl-NL\",\"potentialAction\":[{\"@type\":\"ReadAction\",\"target\":[\"https:\\\/\\\/www.pharmacy4pets.nl\\\/be\\\/phytonics-gluco-balance-hond-kat-100-gram\"]}]},{\"@type\":\"ImageObject\",\"inLanguage\":\"nl-NL\",\"@id\":\"https:\\\/\\\/www.pharmacy4pets.nl\\\/be\\\/phytonics-gluco-balance-hond-kat-100-gram#primaryimage\",\"url\":\"https:\\\/\\\/www.pharmacy4pets.nl\\\/wp-content\\\/uploads\\\/2023\\\/03\\\/21669.jpg\",\"contentUrl\":\"https:\\\/\\\/www.pharmacy4pets.nl\\\/wp-content\\\/uploads\\\/2023\\\/03\\\/21669.jpg\",\"width\":388,\"height\":512,\"caption\":\"Phytonics Gluco Balance\"},{\"@type\":\"BreadcrumbList\",\"@id\":\"https:\\\/\\\/www.pharmacy4pets.nl\\\/be\\\/phytonics-gluco-balance-hond-kat-100-gram#breadcrumb\",\"itemListElement\":[{\"@type\":\"ListItem\",\"position\":1,\"name\":\"Home\",\"item\":\"https:\\\/\\\/p4p-nl.bootmine.com\\\/\"},{\"@type\":\"ListItem\",\"position\":2,\"name\":\"Winkel\",\"item\":\"https:\\\/\\\/p4p-nl.bootmine.com\\\/winkel\"},{\"@type\":\"ListItem\",\"position\":3,\"name\":\"Phytonics Gluco Balance | Hond\\\/Kat | 100 gram\"}]},{\"@type\":\"WebSite\",\"@id\":\"http:\\\/\\\/www.pharmacy4pets.nl\\\/#website\",\"url\":\"http:\\\/\\\/www.pharmacy4pets.nl\\\/\",\"name\":\"Pharmacy4pets\",\"description\":\"Pharmacy4pets.nl is d\u00e9 online apotheek waar u terecht kunt voor alle diergeneesmiddelen, verzorgingsproducten en dieetvoeding voor uw huisdier.\",\"publisher\":{\"@id\":\"http:\\\/\\\/www.pharmacy4pets.nl\\\/#organization\"},\"potentialAction\":[{\"@type\":\"SearchAction\",\"target\":{\"@type\":\"EntryPoint\",\"urlTemplate\":\"http:\\\/\\\/www.pharmacy4pets.nl\\\/?s={search_term_string}\"},\"query-input\":{\"@type\":\"PropertyValueSpecification\",\"valueRequired\":true,\"valueName\":\"search_term_string\"}}],\"inLanguage\":\"nl-NL\"},{\"@type\":\"Organization\",\"@id\":\"http:\\\/\\\/www.pharmacy4pets.nl\\\/#organization\",\"name\":\"Pharmacy4pets\",\"url\":\"http:\\\/\\\/www.pharmacy4pets.nl\\\/\",\"logo\":{\"@type\":\"ImageObject\",\"inLanguage\":\"nl-NL\",\"@id\":\"http:\\\/\\\/www.pharmacy4pets.nl\\\/#\\\/schema\\\/logo\\\/image\\\/\",\"url\":\"https:\\\/\\\/p4p-nl.bootmine.com\\\/wp-content\\\/uploads\\\/2026\\\/03\\\/logo-pharmacy4pets.png\",\"contentUrl\":\"https:\\\/\\\/p4p-nl.bootmine.com\\\/wp-content\\\/uploads\\\/2026\\\/03\\\/logo-pharmacy4pets.png\",\"width\":1024,\"height\":135,\"caption\":\"Pharmacy4pets\"},\"image\":{\"@id\":\"http:\\\/\\\/www.pharmacy4pets.nl\\\/#\\\/schema\\\/logo\\\/image\\\/\"},\"sameAs\":[\"https:\\\/\\\/www.facebook.com\\\/people\\\/Pharmacy4petsnl\\\/100063484989896\\\/\",\"https:\\\/\\\/www.youtube.com\\\/channel\\\/UCGPTIgucgli03tP2_kvLkHg\\\/featured\",\"https:\\\/\\\/www.instagram.com\\\/pharmacy4pets.nl\"]}]}<\/script>\n<!-- \/ Yoast SEO plugin. -->","yoast_head_json":{"title":"Phytonics Gluco Balance | Hond\/Kat | 100 gram - Pharmacy4pets","robots":{"index":"index","follow":"follow","max-snippet":"max-snippet:-1","max-image-preview":"max-image-preview:large","max-video-preview":"max-video-preview:-1"},"canonical":"https:\/\/www.pharmacy4pets.nl\/be\/phytonics-gluco-balance-hond-kat-100-gram","og_locale":"nl_NL","og_type":"article","og_title":"Phytonics Gluco Balance | Hond\/Kat | 100 gram - Pharmacy4pets","og_description":"Phytonics Gluco Balance voor de hond en kat is een aanvullend diervoeder dat een gezonde suikerstofwisseling bij te zware honden en katten ondersteunt. Het poeder kan over het voer gegeven worden. Bevochtig (bij droog voer) het voer\/poeder zodat het niet uit de voerbak geblazen wordt. Dosering: Houd onderstaande dosering aan, voor de eerste week 2x [&hellip;]","og_url":"https:\/\/www.pharmacy4pets.nl\/be\/phytonics-gluco-balance-hond-kat-100-gram","og_site_name":"Pharmacy4pets","article_publisher":"https:\/\/www.facebook.com\/people\/Pharmacy4petsnl\/100063484989896\/","article_modified_time":"2026-04-14T08:04:55+00:00","og_image":[{"width":388,"height":512,"url":"https:\/\/www.pharmacy4pets.nl\/wp-content\/uploads\/2023\/03\/21669.jpg","type":"image\/jpeg"}],"twitter_card":"summary_large_image","twitter_misc":{"Geschatte leestijd":"1 minuut"},"schema":{"@context":"https:\/\/schema.org","@graph":[{"@type":"WebPage","@id":"https:\/\/www.pharmacy4pets.nl\/be\/phytonics-gluco-balance-hond-kat-100-gram","url":"https:\/\/www.pharmacy4pets.nl\/be\/phytonics-gluco-balance-hond-kat-100-gram","name":"Phytonics Gluco Balance | Hond\/Kat | 100 gram - Pharmacy4pets","isPartOf":{"@id":"http:\/\/www.pharmacy4pets.nl\/#website"},"primaryImageOfPage":{"@id":"https:\/\/www.pharmacy4pets.nl\/be\/phytonics-gluco-balance-hond-kat-100-gram#primaryimage"},"image":{"@id":"https:\/\/www.pharmacy4pets.nl\/be\/phytonics-gluco-balance-hond-kat-100-gram#primaryimage"},"thumbnailUrl":"https:\/\/www.pharmacy4pets.nl\/wp-content\/uploads\/2023\/03\/21669.jpg","datePublished":"2023-03-10T12:18:04+00:00","dateModified":"2026-04-14T08:04:55+00:00","breadcrumb":{"@id":"https:\/\/www.pharmacy4pets.nl\/be\/phytonics-gluco-balance-hond-kat-100-gram#breadcrumb"},"inLanguage":"nl-NL","potentialAction":[{"@type":"ReadAction","target":["https:\/\/www.pharmacy4pets.nl\/be\/phytonics-gluco-balance-hond-kat-100-gram"]}]},{"@type":"ImageObject","inLanguage":"nl-NL","@id":"https:\/\/www.pharmacy4pets.nl\/be\/phytonics-gluco-balance-hond-kat-100-gram#primaryimage","url":"https:\/\/www.pharmacy4pets.nl\/wp-content\/uploads\/2023\/03\/21669.jpg","contentUrl":"https:\/\/www.pharmacy4pets.nl\/wp-content\/uploads\/2023\/03\/21669.jpg","width":388,"height":512,"caption":"Phytonics Gluco Balance"},{"@type":"BreadcrumbList","@id":"https:\/\/www.pharmacy4pets.nl\/be\/phytonics-gluco-balance-hond-kat-100-gram#breadcrumb","itemListElement":[{"@type":"ListItem","position":1,"name":"Home","item":"https:\/\/p4p-nl.bootmine.com\/"},{"@type":"ListItem","position":2,"name":"Winkel","item":"https:\/\/p4p-nl.bootmine.com\/winkel"},{"@type":"ListItem","position":3,"name":"Phytonics Gluco Balance | Hond\/Kat | 100 gram"}]},{"@type":"WebSite","@id":"http:\/\/www.pharmacy4pets.nl\/#website","url":"http:\/\/www.pharmacy4pets.nl\/","name":"Pharmacy4pets","description":"Pharmacy4pets.nl is d\u00e9 online apotheek waar u terecht kunt voor alle diergeneesmiddelen, verzorgingsproducten en dieetvoeding voor uw huisdier.","publisher":{"@id":"http:\/\/www.pharmacy4pets.nl\/#organization"},"potentialAction":[{"@type":"SearchAction","target":{"@type":"EntryPoint","urlTemplate":"http:\/\/www.pharmacy4pets.nl\/?s={search_term_string}"},"query-input":{"@type":"PropertyValueSpecification","valueRequired":true,"valueName":"search_term_string"}}],"inLanguage":"nl-NL"},{"@type":"Organization","@id":"http:\/\/www.pharmacy4pets.nl\/#organization","name":"Pharmacy4pets","url":"http:\/\/www.pharmacy4pets.nl\/","logo":{"@type":"ImageObject","inLanguage":"nl-NL","@id":"http:\/\/www.pharmacy4pets.nl\/#\/schema\/logo\/image\/","url":"https:\/\/p4p-nl.bootmine.com\/wp-content\/uploads\/2026\/03\/logo-pharmacy4pets.png","contentUrl":"https:\/\/p4p-nl.bootmine.com\/wp-content\/uploads\/2026\/03\/logo-pharmacy4pets.png","width":1024,"height":135,"caption":"Pharmacy4pets"},"image":{"@id":"http:\/\/www.pharmacy4pets.nl\/#\/schema\/logo\/image\/"},"sameAs":["https:\/\/www.facebook.com\/people\/Pharmacy4petsnl\/100063484989896\/","https:\/\/www.youtube.com\/channel\/UCGPTIgucgli03tP2_kvLkHg\/featured","https:\/\/www.instagram.com\/pharmacy4pets.nl"]}]}},"market_data":{"nl":{"price":0,"sale_price":0,"active":false,"url":null,"parent_url":"","tax_rate":0,"price_inc_tax":0,"sale_price_inc_tax":0},"de":{"price":0,"sale_price":0,"active":false,"url":null,"parent_url":"","tax_rate":0,"price_inc_tax":0,"sale_price_inc_tax":0},"be":{"price":0,"sale_price":0,"active":false,"url":null,"parent_url":"","tax_rate":0,"price_inc_tax":0,"sale_price_inc_tax":0},"fr":{"price":0,"sale_price":0,"active":false,"url":null,"parent_url":"","tax_rate":0,"price_inc_tax":0,"sale_price_inc_tax":0},"ch":{"price":0,"sale_price":0,"active":false,"url":null,"parent_url":"","tax_rate":0,"price_inc_tax":0,"sale_price_inc_tax":0},"at":{"price":0,"sale_price":0,"active":false,"url":null,"parent_url":"","tax_rate":0,"price_inc_tax":0,"sale_price_inc_tax":0},"es":{"price":0,"sale_price":0,"active":false,"url":null,"parent_url":"","tax_rate":0,"price_inc_tax":0,"sale_price_inc_tax":0},"dk":{"price":0,"sale_price":0,"active":false,"url":null,"parent_url":"","tax_rate":0,"price_inc_tax":0,"sale_price_inc_tax":0},"com":{"price":0,"sale_price":0,"active":false,"url":null,"parent_url":"","tax_rate":0,"price_inc_tax":0,"sale_price_inc_tax":0}},"market_nl_price":0,"market_nl_sale_price":0,"market_nl_active":false,"market_nl_url":null,"market_nl_parent_url":"","market_nl_tax_rate":0,"market_nl_price_inc_tax":0,"market_nl_sale_price_inc_tax":0,"market_de_price":0,"market_de_sale_price":0,"market_de_active":false,"market_de_url":null,"market_de_parent_url":"","market_de_tax_rate":0,"market_de_price_inc_tax":0,"market_de_sale_price_inc_tax":0,"market_be_price":0,"market_be_sale_price":0,"market_be_active":false,"market_be_url":null,"market_be_parent_url":"","market_be_tax_rate":0,"market_be_price_inc_tax":0,"market_be_sale_price_inc_tax":0,"market_fr_price":0,"market_fr_sale_price":0,"market_fr_active":false,"market_fr_url":null,"market_fr_parent_url":"","market_fr_tax_rate":0,"market_fr_price_inc_tax":0,"market_fr_sale_price_inc_tax":0,"market_ch_price":0,"market_ch_sale_price":0,"market_ch_active":false,"market_ch_url":null,"market_ch_parent_url":"","market_ch_tax_rate":0,"market_ch_price_inc_tax":0,"market_ch_sale_price_inc_tax":0,"market_at_price":0,"market_at_sale_price":0,"market_at_active":false,"market_at_url":null,"market_at_parent_url":"","market_at_tax_rate":0,"market_at_price_inc_tax":0,"market_at_sale_price_inc_tax":0,"market_es_price":0,"market_es_sale_price":0,"market_es_active":false,"market_es_url":null,"market_es_parent_url":"","market_es_tax_rate":0,"market_es_price_inc_tax":0,"market_es_sale_price_inc_tax":0,"market_dk_price":0,"market_dk_sale_price":0,"market_dk_active":false,"market_dk_url":null,"market_dk_parent_url":"","market_dk_tax_rate":0,"market_dk_price_inc_tax":0,"market_dk_sale_price_inc_tax":0,"market_com_price":0,"market_com_sale_price":0,"market_com_active":false,"market_com_url":null,"market_com_parent_url":"","market_com_tax_rate":0,"market_com_price_inc_tax":0,"market_com_sale_price_inc_tax":0,"acf":[],"_links":{"self":[{"href":"https:\/\/www.pharmacy4pets.nl\/be\/wp-json\/wp\/v2\/product\/119997","targetHints":{"allow":["GET"]}}],"collection":[{"href":"https:\/\/www.pharmacy4pets.nl\/be\/wp-json\/wp\/v2\/product"}],"about":[{"href":"https:\/\/www.pharmacy4pets.nl\/be\/wp-json\/wp\/v2\/types\/product"}],"replies":[{"embeddable":true,"href":"https:\/\/www.pharmacy4pets.nl\/be\/wp-json\/wp\/v2\/comments?post=119997"}],"wp:featuredmedia":[{"embeddable":true,"href":"https:\/\/www.pharmacy4pets.nl\/be\/wp-json\/wp\/v2\/media\/119996"}],"wp:attachment":[{"href":"https:\/\/www.pharmacy4pets.nl\/be\/wp-json\/wp\/v2\/media?parent=119997"}],"wp:term":[{"taxonomy":"product_brand","embeddable":true,"href":"https:\/\/www.pharmacy4pets.nl\/be\/wp-json\/wp\/v2\/product_brand?post=119997"},{"taxonomy":"product_cat","embeddable":true,"href":"https:\/\/www.pharmacy4pets.nl\/be\/wp-json\/wp\/v2\/product_cat?post=119997"},{"taxonomy":"product_tag","embeddable":true,"href":"https:\/\/www.pharmacy4pets.nl\/be\/wp-json\/wp\/v2\/product_tag?post=119997"}],"curies":[{"name":"wp","href":"https:\/\/api.w.org\/{rel}","templated":true}]}}