{"id":119995,"date":"2023-03-10T12:18:03","date_gmt":"2023-03-10T12:18:03","guid":{"rendered":"https:\/\/p4p.test\/petosan-tandendoekje-microfiber"},"modified":"2026-04-14T08:04:54","modified_gmt":"2026-04-14T08:04:54","slug":"petosan-tandendoekje-microfiber","status":"publish","type":"product","link":"https:\/\/www.pharmacy4pets.nl\/be\/petosan-tandendoekje-microfiber","title":{"rendered":"Petosan Tandendoekje Microfiber"},"content":{"rendered":"<p>Met behulp van het Petosan Tandendoekje Microfiber zijn de tanden en de mondholte van uw hond gemakkelijk te reinigen. Door met het doekje te poetsen kunnen tandplan en bacteri\u00ebn worden verwijderd. Het tandendoekje is gemakkelijk te hergebruiken door het doekje uit te spoelen en deze te laten drogen.<\/p>\n","protected":false},"excerpt":{"rendered":"<p>Met behulp van het Petosan Tandendoekje Microfiber zijn de tanden en de mondholte van uw hond gemakkelijk te reinigen. Door met het doekje te poetsen kunnen tandplan en bacteri\u00ebn worden verwijderd. Het tandendoekje is gemakkelijk te hergebruiken door het doekje uit te spoelen en deze te laten drogen.<\/p>\n","protected":false},"featured_media":119994,"comment_status":"open","ping_status":"closed","template":"","meta":{"_acf_changed":false,"_nl_post_content":"Met behulp van het Petosan Tandendoekje Microfiber zijn de tanden en de mondholte van uw hond gemakkelijk te reinigen. Door met het doekje te poetsen kunnen tandplan en bacteri\u00ebn worden verwijderd. Het tandendoekje is gemakkelijk te hergebruiken door het doekje uit te spoelen en deze te laten drogen.","_nl_post_name":"petosan-tandendoekje-microfiber","_nl_post_excerpt":"","_nl_post_title":"Petosan Tandendoekje Microfiber","_en_post_content":"With the help of the Petosan Toothcloth Microfiber, your dog's teeth and oral cavity are easy to clean. By brushing with the cloth, dental plaque and bacteria can be removed. The dental wipe is easy to reuse by rinsing the wipe and letting it dry.","_en_post_name":"petosan-toothcloth-microfiber","_en_post_excerpt":"","_en_post_title":"Petosan Toothcloth Microfiber","_de_post_content":"<p>Mit Hilfe des Petosan Zahntuch Microfiber\u00a0lassen sich die Z\u00e4hne und der Mundraum Ihres Hundes leicht reinigen. Durch das B\u00fcrsten mit dem Tuch k\u00f6nnen Zahnbelag und Bakterien entfernt werden. Das Zahnreinigungstuch l\u00e4sst sich leicht wiederverwenden, indem man es aussp\u00fclt und trocknen l\u00e4sst.<\/p>","_de_post_name":"petosan-zahntuch-microfiber","_de_post_excerpt":"","_de_post_title":"Petosan Zahntuch Microfiber","_fr_post_content":"<p>Gr\u00e2ce au Petosan Chiffon en microfibre pour les dents et la cavit\u00e9 buccale de votre chien sont faciles \u00e0 nettoyer. En brossant avec le chiffon, la plaque dentaire et les bact\u00e9ries peuvent \u00eatre \u00e9limin\u00e9es. La lingette dentaire est facile \u00e0 r\u00e9utiliser en la rin\u00e7ant et en la laissant s\u00e9cher.<\/p>","_fr_post_name":"petosan-chiffon-en-microfibre-pour-les-dents","_fr_post_excerpt":"","_fr_post_title":"Petosan Chiffon en microfibre pour les dents","_es_post_content":"<p>Usando Petosan cepillo de dientes de microfibra son los dientes y la cavidad bucal de tu perro son f\u00e1ciles de limpiar. Al cepillar con el pa\u00f1o se puede eliminar la placa dental y las bacterias. La toallita dental es f\u00e1cil de reutilizar enjuag\u00e1ndola y dej\u00e1ndola secar.<\/p>","_es_post_name":"petosan-cepillo-de-dientes-de-microfibra","_es_post_excerpt":"","_es_post_title":"Petosan cepillo de dientes de microfibra","edit_language":"nl"},"product_brand":[],"product_cat":[1861,1842,1117,1839,1857,1947,2128,1863],"product_tag":[],"class_list":{"0":"post-119995","1":"product","2":"type-product","3":"status-publish","4":"has-post-thumbnail","6":"product_cat-benodigdheden","7":"product_cat-gebit","8":"product_cat-honden","9":"product_cat-medicijnen-supplementen","10":"product_cat-merken","11":"product_cat-petosan","12":"product_cat-tandenborstels-en-tandpasta","13":"product_cat-verzorging","14":"pa_aandoening-gebit","15":"pa_doeldier-hond","16":"pa_fabricatieland-noorwegen","17":"pa_merkfilter-petosan","18":"pa_merkgroep-petosan","19":"pa_productsoort-overig","20":"pa_toedieningswijze-tandenborstel","21":"pa_unit_pricing_base_measure-1ct","22":"pa_unit_pricing_measure-1ct","23":"pa_werkzamestof-overig","25":"first","26":"instock","27":"taxable","28":"shipping-taxable","29":"purchasable","30":"product-type-simple"},"yoast_head":"<!-- This site is optimized with the Yoast SEO plugin v27.5 - https:\/\/yoast.com\/product\/yoast-seo-wordpress\/ -->\n<title>Petosan Tandendoekje Microfiber - Pharmacy4pets<\/title>\n<meta name=\"robots\" content=\"index, follow, max-snippet:-1, max-image-preview:large, max-video-preview:-1\" \/>\n<link rel=\"canonical\" href=\"https:\/\/www.pharmacy4pets.nl\/petosan-tandendoekje-microfiber\" \/>\n<meta property=\"og:locale\" content=\"nl_NL\" \/>\n<meta property=\"og:type\" content=\"article\" \/>\n<meta property=\"og:title\" content=\"Petosan Tandendoekje Microfiber - Pharmacy4pets\" \/>\n<meta property=\"og:description\" content=\"Met behulp van het Petosan Tandendoekje Microfiber zijn de tanden en de mondholte van uw hond gemakkelijk te reinigen. Door met het doekje te poetsen kunnen tandplan en bacteri\u00ebn worden verwijderd. Het tandendoekje is gemakkelijk te hergebruiken door het doekje uit te spoelen en deze te laten drogen.\" \/>\n<meta property=\"og:url\" content=\"https:\/\/www.pharmacy4pets.nl\/petosan-tandendoekje-microfiber\" \/>\n<meta property=\"og:site_name\" content=\"Pharmacy4pets\" \/>\n<meta property=\"article:publisher\" content=\"https:\/\/www.facebook.com\/people\/Pharmacy4petsnl\/100063484989896\/\" \/>\n<meta property=\"article:modified_time\" content=\"2026-04-14T08:04:54+00:00\" \/>\n<meta property=\"og:image\" content=\"https:\/\/www.pharmacy4pets.nl\/wp-content\/uploads\/2023\/03\/21527.jpg\" \/>\n\t<meta property=\"og:image:width\" content=\"585\" \/>\n\t<meta property=\"og:image:height\" content=\"600\" \/>\n\t<meta property=\"og:image:type\" content=\"image\/jpeg\" \/>\n<meta name=\"twitter:card\" content=\"summary_large_image\" \/>\n<script type=\"application\/ld+json\" class=\"yoast-schema-graph\">{\"@context\":\"https:\\\/\\\/schema.org\",\"@graph\":[{\"@type\":\"WebPage\",\"@id\":\"https:\\\/\\\/www.pharmacy4pets.nl\\\/petosan-tandendoekje-microfiber\",\"url\":\"https:\\\/\\\/www.pharmacy4pets.nl\\\/petosan-tandendoekje-microfiber\",\"name\":\"Petosan Tandendoekje Microfiber - Pharmacy4pets\",\"isPartOf\":{\"@id\":\"http:\\\/\\\/www.pharmacy4pets.nl\\\/#website\"},\"primaryImageOfPage\":{\"@id\":\"https:\\\/\\\/www.pharmacy4pets.nl\\\/petosan-tandendoekje-microfiber#primaryimage\"},\"image\":{\"@id\":\"https:\\\/\\\/www.pharmacy4pets.nl\\\/petosan-tandendoekje-microfiber#primaryimage\"},\"thumbnailUrl\":\"https:\\\/\\\/www.pharmacy4pets.nl\\\/wp-content\\\/uploads\\\/2023\\\/03\\\/21527.jpg\",\"datePublished\":\"2023-03-10T12:18:03+00:00\",\"dateModified\":\"2026-04-14T08:04:54+00:00\",\"breadcrumb\":{\"@id\":\"https:\\\/\\\/www.pharmacy4pets.nl\\\/petosan-tandendoekje-microfiber#breadcrumb\"},\"inLanguage\":\"nl-NL\",\"potentialAction\":[{\"@type\":\"ReadAction\",\"target\":[\"https:\\\/\\\/www.pharmacy4pets.nl\\\/petosan-tandendoekje-microfiber\"]}]},{\"@type\":\"ImageObject\",\"inLanguage\":\"nl-NL\",\"@id\":\"https:\\\/\\\/www.pharmacy4pets.nl\\\/petosan-tandendoekje-microfiber#primaryimage\",\"url\":\"https:\\\/\\\/www.pharmacy4pets.nl\\\/wp-content\\\/uploads\\\/2023\\\/03\\\/21527.jpg\",\"contentUrl\":\"https:\\\/\\\/www.pharmacy4pets.nl\\\/wp-content\\\/uploads\\\/2023\\\/03\\\/21527.jpg\",\"width\":585,\"height\":600,\"caption\":\"Petosan\"},{\"@type\":\"BreadcrumbList\",\"@id\":\"https:\\\/\\\/www.pharmacy4pets.nl\\\/petosan-tandendoekje-microfiber#breadcrumb\",\"itemListElement\":[{\"@type\":\"ListItem\",\"position\":1,\"name\":\"Home\",\"item\":\"https:\\\/\\\/p4p-nl.bootmine.com\\\/\"},{\"@type\":\"ListItem\",\"position\":2,\"name\":\"Winkel\",\"item\":\"https:\\\/\\\/p4p-nl.bootmine.com\\\/winkel\"},{\"@type\":\"ListItem\",\"position\":3,\"name\":\"Petosan Tandendoekje Microfiber\"}]},{\"@type\":\"WebSite\",\"@id\":\"http:\\\/\\\/www.pharmacy4pets.nl\\\/#website\",\"url\":\"http:\\\/\\\/www.pharmacy4pets.nl\\\/\",\"name\":\"Pharmacy4pets\",\"description\":\"Pharmacy4pets.nl is d\u00e9 online apotheek waar u terecht kunt voor alle diergeneesmiddelen, verzorgingsproducten en dieetvoeding voor uw huisdier.\",\"publisher\":{\"@id\":\"http:\\\/\\\/www.pharmacy4pets.nl\\\/#organization\"},\"potentialAction\":[{\"@type\":\"SearchAction\",\"target\":{\"@type\":\"EntryPoint\",\"urlTemplate\":\"http:\\\/\\\/www.pharmacy4pets.nl\\\/?s={search_term_string}\"},\"query-input\":{\"@type\":\"PropertyValueSpecification\",\"valueRequired\":true,\"valueName\":\"search_term_string\"}}],\"inLanguage\":\"nl-NL\"},{\"@type\":\"Organization\",\"@id\":\"http:\\\/\\\/www.pharmacy4pets.nl\\\/#organization\",\"name\":\"Pharmacy4pets\",\"url\":\"http:\\\/\\\/www.pharmacy4pets.nl\\\/\",\"logo\":{\"@type\":\"ImageObject\",\"inLanguage\":\"nl-NL\",\"@id\":\"http:\\\/\\\/www.pharmacy4pets.nl\\\/#\\\/schema\\\/logo\\\/image\\\/\",\"url\":\"https:\\\/\\\/p4p-nl.bootmine.com\\\/wp-content\\\/uploads\\\/2026\\\/03\\\/logo-pharmacy4pets.png\",\"contentUrl\":\"https:\\\/\\\/p4p-nl.bootmine.com\\\/wp-content\\\/uploads\\\/2026\\\/03\\\/logo-pharmacy4pets.png\",\"width\":1024,\"height\":135,\"caption\":\"Pharmacy4pets\"},\"image\":{\"@id\":\"http:\\\/\\\/www.pharmacy4pets.nl\\\/#\\\/schema\\\/logo\\\/image\\\/\"},\"sameAs\":[\"https:\\\/\\\/www.facebook.com\\\/people\\\/Pharmacy4petsnl\\\/100063484989896\\\/\",\"https:\\\/\\\/www.youtube.com\\\/channel\\\/UCGPTIgucgli03tP2_kvLkHg\\\/featured\",\"https:\\\/\\\/www.instagram.com\\\/pharmacy4pets.nl\"]}]}<\/script>\n<!-- \/ Yoast SEO plugin. -->","yoast_head_json":{"title":"Petosan Tandendoekje Microfiber - Pharmacy4pets","robots":{"index":"index","follow":"follow","max-snippet":"max-snippet:-1","max-image-preview":"max-image-preview:large","max-video-preview":"max-video-preview:-1"},"canonical":"https:\/\/www.pharmacy4pets.nl\/petosan-tandendoekje-microfiber","og_locale":"nl_NL","og_type":"article","og_title":"Petosan Tandendoekje Microfiber - Pharmacy4pets","og_description":"Met behulp van het Petosan Tandendoekje Microfiber zijn de tanden en de mondholte van uw hond gemakkelijk te reinigen. Door met het doekje te poetsen kunnen tandplan en bacteri\u00ebn worden verwijderd. Het tandendoekje is gemakkelijk te hergebruiken door het doekje uit te spoelen en deze te laten drogen.","og_url":"https:\/\/www.pharmacy4pets.nl\/petosan-tandendoekje-microfiber","og_site_name":"Pharmacy4pets","article_publisher":"https:\/\/www.facebook.com\/people\/Pharmacy4petsnl\/100063484989896\/","article_modified_time":"2026-04-14T08:04:54+00:00","og_image":[{"width":585,"height":600,"url":"https:\/\/www.pharmacy4pets.nl\/wp-content\/uploads\/2023\/03\/21527.jpg","type":"image\/jpeg"}],"twitter_card":"summary_large_image","schema":{"@context":"https:\/\/schema.org","@graph":[{"@type":"WebPage","@id":"https:\/\/www.pharmacy4pets.nl\/petosan-tandendoekje-microfiber","url":"https:\/\/www.pharmacy4pets.nl\/petosan-tandendoekje-microfiber","name":"Petosan Tandendoekje Microfiber - Pharmacy4pets","isPartOf":{"@id":"http:\/\/www.pharmacy4pets.nl\/#website"},"primaryImageOfPage":{"@id":"https:\/\/www.pharmacy4pets.nl\/petosan-tandendoekje-microfiber#primaryimage"},"image":{"@id":"https:\/\/www.pharmacy4pets.nl\/petosan-tandendoekje-microfiber#primaryimage"},"thumbnailUrl":"https:\/\/www.pharmacy4pets.nl\/wp-content\/uploads\/2023\/03\/21527.jpg","datePublished":"2023-03-10T12:18:03+00:00","dateModified":"2026-04-14T08:04:54+00:00","breadcrumb":{"@id":"https:\/\/www.pharmacy4pets.nl\/petosan-tandendoekje-microfiber#breadcrumb"},"inLanguage":"nl-NL","potentialAction":[{"@type":"ReadAction","target":["https:\/\/www.pharmacy4pets.nl\/petosan-tandendoekje-microfiber"]}]},{"@type":"ImageObject","inLanguage":"nl-NL","@id":"https:\/\/www.pharmacy4pets.nl\/petosan-tandendoekje-microfiber#primaryimage","url":"https:\/\/www.pharmacy4pets.nl\/wp-content\/uploads\/2023\/03\/21527.jpg","contentUrl":"https:\/\/www.pharmacy4pets.nl\/wp-content\/uploads\/2023\/03\/21527.jpg","width":585,"height":600,"caption":"Petosan"},{"@type":"BreadcrumbList","@id":"https:\/\/www.pharmacy4pets.nl\/petosan-tandendoekje-microfiber#breadcrumb","itemListElement":[{"@type":"ListItem","position":1,"name":"Home","item":"https:\/\/p4p-nl.bootmine.com\/"},{"@type":"ListItem","position":2,"name":"Winkel","item":"https:\/\/p4p-nl.bootmine.com\/winkel"},{"@type":"ListItem","position":3,"name":"Petosan Tandendoekje Microfiber"}]},{"@type":"WebSite","@id":"http:\/\/www.pharmacy4pets.nl\/#website","url":"http:\/\/www.pharmacy4pets.nl\/","name":"Pharmacy4pets","description":"Pharmacy4pets.nl is d\u00e9 online apotheek waar u terecht kunt voor alle diergeneesmiddelen, verzorgingsproducten en dieetvoeding voor uw huisdier.","publisher":{"@id":"http:\/\/www.pharmacy4pets.nl\/#organization"},"potentialAction":[{"@type":"SearchAction","target":{"@type":"EntryPoint","urlTemplate":"http:\/\/www.pharmacy4pets.nl\/?s={search_term_string}"},"query-input":{"@type":"PropertyValueSpecification","valueRequired":true,"valueName":"search_term_string"}}],"inLanguage":"nl-NL"},{"@type":"Organization","@id":"http:\/\/www.pharmacy4pets.nl\/#organization","name":"Pharmacy4pets","url":"http:\/\/www.pharmacy4pets.nl\/","logo":{"@type":"ImageObject","inLanguage":"nl-NL","@id":"http:\/\/www.pharmacy4pets.nl\/#\/schema\/logo\/image\/","url":"https:\/\/p4p-nl.bootmine.com\/wp-content\/uploads\/2026\/03\/logo-pharmacy4pets.png","contentUrl":"https:\/\/p4p-nl.bootmine.com\/wp-content\/uploads\/2026\/03\/logo-pharmacy4pets.png","width":1024,"height":135,"caption":"Pharmacy4pets"},"image":{"@id":"http:\/\/www.pharmacy4pets.nl\/#\/schema\/logo\/image\/"},"sameAs":["https:\/\/www.facebook.com\/people\/Pharmacy4petsnl\/100063484989896\/","https:\/\/www.youtube.com\/channel\/UCGPTIgucgli03tP2_kvLkHg\/featured","https:\/\/www.instagram.com\/pharmacy4pets.nl"]}]}},"market_data":{"nl":{"price":0,"sale_price":0,"active":false,"url":null,"parent_url":"","tax_rate":0,"price_inc_tax":0,"sale_price_inc_tax":0},"de":{"price":0,"sale_price":0,"active":false,"url":null,"parent_url":"","tax_rate":0,"price_inc_tax":0,"sale_price_inc_tax":0},"be":{"price":0,"sale_price":0,"active":false,"url":null,"parent_url":"","tax_rate":0,"price_inc_tax":0,"sale_price_inc_tax":0},"fr":{"price":0,"sale_price":0,"active":false,"url":null,"parent_url":"","tax_rate":0,"price_inc_tax":0,"sale_price_inc_tax":0},"ch":{"price":0,"sale_price":0,"active":false,"url":null,"parent_url":"","tax_rate":0,"price_inc_tax":0,"sale_price_inc_tax":0},"at":{"price":0,"sale_price":0,"active":false,"url":null,"parent_url":"","tax_rate":0,"price_inc_tax":0,"sale_price_inc_tax":0},"es":{"price":0,"sale_price":0,"active":false,"url":null,"parent_url":"","tax_rate":0,"price_inc_tax":0,"sale_price_inc_tax":0},"dk":{"price":0,"sale_price":0,"active":false,"url":null,"parent_url":"","tax_rate":0,"price_inc_tax":0,"sale_price_inc_tax":0},"com":{"price":0,"sale_price":0,"active":false,"url":null,"parent_url":"","tax_rate":0,"price_inc_tax":0,"sale_price_inc_tax":0}},"market_nl_price":0,"market_nl_sale_price":0,"market_nl_active":false,"market_nl_url":null,"market_nl_parent_url":"","market_nl_tax_rate":0,"market_nl_price_inc_tax":0,"market_nl_sale_price_inc_tax":0,"market_de_price":0,"market_de_sale_price":0,"market_de_active":false,"market_de_url":null,"market_de_parent_url":"","market_de_tax_rate":0,"market_de_price_inc_tax":0,"market_de_sale_price_inc_tax":0,"market_be_price":0,"market_be_sale_price":0,"market_be_active":false,"market_be_url":null,"market_be_parent_url":"","market_be_tax_rate":0,"market_be_price_inc_tax":0,"market_be_sale_price_inc_tax":0,"market_fr_price":0,"market_fr_sale_price":0,"market_fr_active":false,"market_fr_url":null,"market_fr_parent_url":"","market_fr_tax_rate":0,"market_fr_price_inc_tax":0,"market_fr_sale_price_inc_tax":0,"market_ch_price":0,"market_ch_sale_price":0,"market_ch_active":false,"market_ch_url":null,"market_ch_parent_url":"","market_ch_tax_rate":0,"market_ch_price_inc_tax":0,"market_ch_sale_price_inc_tax":0,"market_at_price":0,"market_at_sale_price":0,"market_at_active":false,"market_at_url":null,"market_at_parent_url":"","market_at_tax_rate":0,"market_at_price_inc_tax":0,"market_at_sale_price_inc_tax":0,"market_es_price":0,"market_es_sale_price":0,"market_es_active":false,"market_es_url":null,"market_es_parent_url":"","market_es_tax_rate":0,"market_es_price_inc_tax":0,"market_es_sale_price_inc_tax":0,"market_dk_price":0,"market_dk_sale_price":0,"market_dk_active":false,"market_dk_url":null,"market_dk_parent_url":"","market_dk_tax_rate":0,"market_dk_price_inc_tax":0,"market_dk_sale_price_inc_tax":0,"market_com_price":0,"market_com_sale_price":0,"market_com_active":false,"market_com_url":null,"market_com_parent_url":"","market_com_tax_rate":0,"market_com_price_inc_tax":0,"market_com_sale_price_inc_tax":0,"acf":[],"_links":{"self":[{"href":"https:\/\/www.pharmacy4pets.nl\/be\/wp-json\/wp\/v2\/product\/119995","targetHints":{"allow":["GET"]}}],"collection":[{"href":"https:\/\/www.pharmacy4pets.nl\/be\/wp-json\/wp\/v2\/product"}],"about":[{"href":"https:\/\/www.pharmacy4pets.nl\/be\/wp-json\/wp\/v2\/types\/product"}],"replies":[{"embeddable":true,"href":"https:\/\/www.pharmacy4pets.nl\/be\/wp-json\/wp\/v2\/comments?post=119995"}],"wp:featuredmedia":[{"embeddable":true,"href":"https:\/\/www.pharmacy4pets.nl\/be\/wp-json\/wp\/v2\/media\/119994"}],"wp:attachment":[{"href":"https:\/\/www.pharmacy4pets.nl\/be\/wp-json\/wp\/v2\/media?parent=119995"}],"wp:term":[{"taxonomy":"product_brand","embeddable":true,"href":"https:\/\/www.pharmacy4pets.nl\/be\/wp-json\/wp\/v2\/product_brand?post=119995"},{"taxonomy":"product_cat","embeddable":true,"href":"https:\/\/www.pharmacy4pets.nl\/be\/wp-json\/wp\/v2\/product_cat?post=119995"},{"taxonomy":"product_tag","embeddable":true,"href":"https:\/\/www.pharmacy4pets.nl\/be\/wp-json\/wp\/v2\/product_tag?post=119995"}],"curies":[{"name":"wp","href":"https:\/\/api.w.org\/{rel}","templated":true}]}}