{"id":119989,"date":"2023-03-10T12:18:02","date_gmt":"2023-03-10T12:18:02","guid":{"rendered":"https:\/\/p4p.test\/petosan-tandenborstel-twinhead-puppy"},"modified":"2026-04-14T08:04:53","modified_gmt":"2026-04-14T08:04:53","slug":"petosan-tandenborstel-twinhead-puppy","status":"publish","type":"product","link":"https:\/\/www.pharmacy4pets.nl\/be\/petosan-tandenborstel-twinhead-puppy","title":{"rendered":"Petosan Tandenborstel Twinhead Puppy"},"content":{"rendered":"<p>Met de Petosan Tandenborstel Twinhead Puppy kunt u de tanden van uw pup op een gemakkelijke en effectieve manier reinigen, voor een goede mondgezondheid.<\/p>\n<p>De Petosan Tandenborstel Twinhead Puppy is speciaal ontworpen voor puppy\u2019s en heeft een dubbele kop voor een grondige reiniging. De kleine kop is ideaal voor het bereiken van moeilijk bereikbare plekken, terwijl de grotere kop het oppervlak van de tanden effici\u00ebnt reinigt.<\/p>\n<p>De tandenborstel heeft zachte borstelharen die ervoor zorgen dat het tandvlees niet beschadigt. Bovendien heeft de tandenborstel een ergonomisch handvat, zodat u de borstel stevig en comfortabel kunt vasthouden tijdens het poetsen.<\/p>\n","protected":false},"excerpt":{"rendered":"<p>Met de Petosan Tandenborstel Twinhead Puppy kunt u de tanden van uw pup op een gemakkelijke en effectieve manier reinigen, voor een goede mondgezondheid. De Petosan Tandenborstel Twinhead Puppy is speciaal ontworpen voor puppy\u2019s en heeft een dubbele kop voor een grondige reiniging. De kleine kop is ideaal voor het bereiken van moeilijk bereikbare plekken, [&hellip;]<\/p>\n","protected":false},"featured_media":119988,"comment_status":"open","ping_status":"closed","template":"","meta":{"_acf_changed":false,"_nl_post_content":"<p>Met de Petosan Tandenborstel Twinhead Puppy kunt u de tanden van uw pup op een gemakkelijke en effectieve manier reinigen, voor een goede mondgezondheid.<\/p>\n<p>De Petosan Tandenborstel Twinhead Puppy is speciaal ontworpen voor puppy\u2019s en heeft een dubbele kop voor een grondige reiniging. De kleine kop is ideaal voor het bereiken van moeilijk bereikbare plekken, terwijl de grotere kop het oppervlak van de tanden effici\u00ebnt reinigt.<\/p>\n<p>De tandenborstel heeft zachte borstelharen die ervoor zorgen dat het tandvlees niet beschadigt. Bovendien heeft de tandenborstel een ergonomisch handvat, zodat u de borstel stevig en comfortabel kunt vasthouden tijdens het poetsen.<\/p>","_nl_post_name":"petosan-tandenborstel-twinhead-puppy","_nl_post_excerpt":"","_nl_post_title":"Petosan Tandenborstel Twinhead Puppy","_en_post_content":"<p>With the Petosan Toothbrush Twinhead Puppy you can clean your puppy's teeth in an easy and effective way, for good oral health.<\/p>\r\n<p>The Petosan Toothbrush Twinhead Puppy is specially designed for puppies and has a double head for a thorough cleaning. The small head is ideal for reaching hard-to-reach areas, while the larger head efficiently cleans the surface of the teeth.<\/p>\r\n<p>The toothbrush has soft bristles that ensure that the gums are not damaged. In addition, the toothbrush has an ergonomic handle, so that you can hold the brush firmly and comfortably while brushing.<\/p>","_en_post_name":"petosan-toothbrush-twinhead-puppy","_en_post_excerpt":"","_en_post_title":"Petosan Toothbrush Twinhead Puppy","_de_post_content":"<p>Mit der Petosan Zahnb\u00fcrste Twinhead Welpe k\u00f6nnen Sie die Z\u00e4hne Ihres Welpen auf einfache und effektive Weise reinigen und so f\u00fcr eine gute Mundgesundheit sorgen.<\/p>\n<p>Die Petosan Zahnb\u00fcrste Twinhead Welpe wurde speziell f\u00fcr Welpen entwickelt und verf\u00fcgt \u00fcber einen Doppelkopf f\u00fcr eine gr\u00fcndliche Reinigung. Der kleine Kopf eignet sich ideal zum Erreichen schwer zug\u00e4nglicher Stellen, w\u00e4hrend der gr\u00f6\u00dfere Kopf die Zahnoberfl\u00e4che effizient reinigt.<\/p>\n<p>Die Zahnb\u00fcrste verf\u00fcgt \u00fcber weiche Borsten, die daf\u00fcr sorgen, dass das Zahnfleisch nicht besch\u00e4digt wird. Dar\u00fcber hinaus verf\u00fcgt die Zahnb\u00fcrste \u00fcber einen ergonomischen Griff, sodass Sie die B\u00fcrste beim Z\u00e4hneputzen fest und bequem halten k\u00f6nnen.<\/p>","_de_post_name":"petosan-zahnburste-twinhead-welpe","_de_post_excerpt":"","_de_post_title":"Petosan Zahnb\u00fcrste Twinhead Welpe","_fr_post_content":"<p>Avec la brosse \u00e0 dents Petosan Twinhead Chiot, vous pouvez nettoyer les dents de votre chiot de mani\u00e8re simple et efficace, pour une bonne sant\u00e9 bucco-dentaire.<\/p>\n<p>La brosse \u00e0 dents Petosan Twinhead Chiot est sp\u00e9cialement con\u00e7ue pour les chiots et poss\u00e8de une double t\u00eate pour un nettoyage en profondeur. La petite t\u00eate est id\u00e9ale pour atteindre les zones difficiles d'acc\u00e8s, tandis que la plus grande t\u00eate nettoie efficacement la surface des dents.<\/p>\n<p>La brosse \u00e0 dents a des poils souples qui garantissent que les gencives ne sont pas endommag\u00e9es. De plus, la brosse \u00e0 dents est dot\u00e9e d'un manche ergonomique, afin que vous puissiez tenir la brosse fermement et confortablement pendant le brossage.<\/p>","_fr_post_name":"petosan-brosse-a-dents-twinhead-chiot","_fr_post_excerpt":"","_fr_post_title":"Petosan Brosse \u00e0 dents Twinhead Chiot","_es_post_content":"<p>Con el Petosan Cepillo de dientes Twinhead Perrito podr\u00e1s limpiar los dientes de tu cachorro de una forma f\u00e1cil y eficaz, para una buena salud bucal.<\/p>\n<p>El Petosan Cepillo de dientes Twinhead Perrito est\u00e1 especialmente dise\u00f1ado para cachorros y dispone de doble cabezal para una limpieza en profundidad. El cabezal peque\u00f1o es ideal para llegar a zonas de dif\u00edcil acceso, mientras que el cabezal m\u00e1s grande limpia eficazmente la superficie de los dientes.<\/p>\n<p>El cepillo de dientes tiene cerdas suaves que aseguran que las enc\u00edas no se da\u00f1en. Adem\u00e1s, el cepillo de dientes cuenta con un mango ergon\u00f3mico, para que puedas sujetar el cepillo con firmeza y comodidad mientras te cepillas.<\/p>","_es_post_name":"petosan-cepillo-de-dientes-twinhead-perrito","_es_post_excerpt":"","_es_post_title":"Petosan Cepillo de dientes Twinhead Perrito","edit_language":"nl"},"product_brand":[],"product_cat":[2209,1861,2223,1842,1117,1839,2207,1857,1947,2177,2128,1863,2211],"product_tag":[],"class_list":{"0":"post-119989","1":"product","2":"type-product","3":"status-publish","4":"has-post-thumbnail","6":"product_cat-puppy-benodigdheden","7":"product_cat-benodigdheden","8":"product_cat-gebit","10":"product_cat-honden","11":"product_cat-medicijnen-supplementen","13":"product_cat-merken","14":"product_cat-petosan","15":"product_cat-puppy","16":"product_cat-tandenborstels-en-tandpasta","17":"product_cat-verzorging","19":"pa_aandoening-gebit","20":"pa_doeldier-hond","21":"pa_doeldier-puppy","22":"pa_fabricatieland-noorwegen","23":"pa_merkfilter-petosan","24":"pa_merkgroep-petosan","25":"pa_productsoort-overig","26":"pa_toedieningswijze-tandenborstel","27":"pa_unit_pricing_base_measure-1ct","28":"pa_unit_pricing_measure-1ct","29":"pa_werkzamestof-overig","31":"first","32":"instock","33":"taxable","34":"shipping-taxable","35":"purchasable","36":"product-type-simple"},"yoast_head":"<!-- This site is optimized with the Yoast SEO plugin v27.5 - https:\/\/yoast.com\/product\/yoast-seo-wordpress\/ -->\n<title>Petosan Tandenborstel Twinhead Puppy - Pharmacy4pets<\/title>\n<meta name=\"robots\" content=\"index, follow, max-snippet:-1, max-image-preview:large, max-video-preview:-1\" \/>\n<link rel=\"canonical\" href=\"https:\/\/p4p-nl.bootmine.com\/%product-slug%\/petosan-tandenborstel-twinhead-puppy\" \/>\n<meta property=\"og:locale\" content=\"nl_NL\" \/>\n<meta property=\"og:type\" content=\"article\" \/>\n<meta property=\"og:title\" content=\"Petosan Tandenborstel Twinhead Puppy - Pharmacy4pets\" \/>\n<meta property=\"og:description\" content=\"Met de Petosan Tandenborstel Twinhead Puppy kunt u de tanden van uw pup op een gemakkelijke en effectieve manier reinigen, voor een goede mondgezondheid. De Petosan Tandenborstel Twinhead Puppy is speciaal ontworpen voor puppy\u2019s en heeft een dubbele kop voor een grondige reiniging. De kleine kop is ideaal voor het bereiken van moeilijk bereikbare plekken, [&hellip;]\" \/>\n<meta property=\"og:url\" content=\"https:\/\/p4p-nl.bootmine.com\/%product-slug%\/petosan-tandenborstel-twinhead-puppy\" \/>\n<meta property=\"og:site_name\" content=\"Pharmacy4pets\" \/>\n<meta property=\"article:publisher\" content=\"https:\/\/www.facebook.com\/people\/Pharmacy4petsnl\/100063484989896\/\" \/>\n<meta property=\"article:modified_time\" content=\"2026-04-14T08:04:53+00:00\" \/>\n<meta property=\"og:image\" content=\"https:\/\/p4p-nl.bootmine.com\/wp-content\/uploads\/2023\/03\/23872.jpg\" \/>\n\t<meta property=\"og:image:width\" content=\"600\" \/>\n\t<meta property=\"og:image:height\" content=\"600\" \/>\n\t<meta property=\"og:image:type\" content=\"image\/jpeg\" \/>\n<meta name=\"twitter:card\" content=\"summary_large_image\" \/>\n<meta name=\"twitter:label1\" content=\"Geschatte leestijd\" \/>\n\t<meta name=\"twitter:data1\" content=\"1 minuut\" \/>\n<script type=\"application\/ld+json\" class=\"yoast-schema-graph\">{\"@context\":\"https:\\\/\\\/schema.org\",\"@graph\":[{\"@type\":\"WebPage\",\"@id\":\"https:\\\/\\\/p4p-nl.bootmine.com\\\/%product-slug%\\\/petosan-tandenborstel-twinhead-puppy\",\"url\":\"https:\\\/\\\/p4p-nl.bootmine.com\\\/%product-slug%\\\/petosan-tandenborstel-twinhead-puppy\",\"name\":\"Petosan Tandenborstel Twinhead Puppy - Pharmacy4pets\",\"isPartOf\":{\"@id\":\"http:\\\/\\\/www.pharmacy4pets.nl\\\/#website\"},\"primaryImageOfPage\":{\"@id\":\"https:\\\/\\\/p4p-nl.bootmine.com\\\/%product-slug%\\\/petosan-tandenborstel-twinhead-puppy#primaryimage\"},\"image\":{\"@id\":\"https:\\\/\\\/p4p-nl.bootmine.com\\\/%product-slug%\\\/petosan-tandenborstel-twinhead-puppy#primaryimage\"},\"thumbnailUrl\":\"https:\\\/\\\/www.pharmacy4pets.nl\\\/wp-content\\\/uploads\\\/2023\\\/03\\\/23872.jpg\",\"datePublished\":\"2023-03-10T12:18:02+00:00\",\"dateModified\":\"2026-04-14T08:04:53+00:00\",\"breadcrumb\":{\"@id\":\"https:\\\/\\\/p4p-nl.bootmine.com\\\/%product-slug%\\\/petosan-tandenborstel-twinhead-puppy#breadcrumb\"},\"inLanguage\":\"nl-NL\",\"potentialAction\":[{\"@type\":\"ReadAction\",\"target\":[\"https:\\\/\\\/p4p-nl.bootmine.com\\\/%product-slug%\\\/petosan-tandenborstel-twinhead-puppy\"]}]},{\"@type\":\"ImageObject\",\"inLanguage\":\"nl-NL\",\"@id\":\"https:\\\/\\\/p4p-nl.bootmine.com\\\/%product-slug%\\\/petosan-tandenborstel-twinhead-puppy#primaryimage\",\"url\":\"https:\\\/\\\/www.pharmacy4pets.nl\\\/wp-content\\\/uploads\\\/2023\\\/03\\\/23872.jpg\",\"contentUrl\":\"https:\\\/\\\/www.pharmacy4pets.nl\\\/wp-content\\\/uploads\\\/2023\\\/03\\\/23872.jpg\",\"width\":600,\"height\":600,\"caption\":\"Petosan Tandenborstel Twinhead Puppy-0\"},{\"@type\":\"BreadcrumbList\",\"@id\":\"https:\\\/\\\/p4p-nl.bootmine.com\\\/%product-slug%\\\/petosan-tandenborstel-twinhead-puppy#breadcrumb\",\"itemListElement\":[{\"@type\":\"ListItem\",\"position\":1,\"name\":\"Home\",\"item\":\"https:\\\/\\\/p4p-nl.bootmine.com\\\/\"},{\"@type\":\"ListItem\",\"position\":2,\"name\":\"Winkel\",\"item\":\"https:\\\/\\\/p4p-nl.bootmine.com\\\/winkel\"},{\"@type\":\"ListItem\",\"position\":3,\"name\":\"Petosan Tandenborstel Twinhead Puppy\"}]},{\"@type\":\"WebSite\",\"@id\":\"http:\\\/\\\/www.pharmacy4pets.nl\\\/#website\",\"url\":\"http:\\\/\\\/www.pharmacy4pets.nl\\\/\",\"name\":\"Pharmacy4pets\",\"description\":\"Pharmacy4pets.nl is d\u00e9 online apotheek waar u terecht kunt voor alle diergeneesmiddelen, verzorgingsproducten en dieetvoeding voor uw huisdier.\",\"publisher\":{\"@id\":\"http:\\\/\\\/www.pharmacy4pets.nl\\\/#organization\"},\"potentialAction\":[{\"@type\":\"SearchAction\",\"target\":{\"@type\":\"EntryPoint\",\"urlTemplate\":\"http:\\\/\\\/www.pharmacy4pets.nl\\\/?s={search_term_string}\"},\"query-input\":{\"@type\":\"PropertyValueSpecification\",\"valueRequired\":true,\"valueName\":\"search_term_string\"}}],\"inLanguage\":\"nl-NL\"},{\"@type\":\"Organization\",\"@id\":\"http:\\\/\\\/www.pharmacy4pets.nl\\\/#organization\",\"name\":\"Pharmacy4pets\",\"url\":\"http:\\\/\\\/www.pharmacy4pets.nl\\\/\",\"logo\":{\"@type\":\"ImageObject\",\"inLanguage\":\"nl-NL\",\"@id\":\"http:\\\/\\\/www.pharmacy4pets.nl\\\/#\\\/schema\\\/logo\\\/image\\\/\",\"url\":\"https:\\\/\\\/p4p-nl.bootmine.com\\\/wp-content\\\/uploads\\\/2026\\\/03\\\/logo-pharmacy4pets.png\",\"contentUrl\":\"https:\\\/\\\/p4p-nl.bootmine.com\\\/wp-content\\\/uploads\\\/2026\\\/03\\\/logo-pharmacy4pets.png\",\"width\":1024,\"height\":135,\"caption\":\"Pharmacy4pets\"},\"image\":{\"@id\":\"http:\\\/\\\/www.pharmacy4pets.nl\\\/#\\\/schema\\\/logo\\\/image\\\/\"},\"sameAs\":[\"https:\\\/\\\/www.facebook.com\\\/people\\\/Pharmacy4petsnl\\\/100063484989896\\\/\",\"https:\\\/\\\/www.youtube.com\\\/channel\\\/UCGPTIgucgli03tP2_kvLkHg\\\/featured\",\"https:\\\/\\\/www.instagram.com\\\/pharmacy4pets.nl\"]}]}<\/script>\n<!-- \/ Yoast SEO plugin. -->","yoast_head_json":{"title":"Petosan Tandenborstel Twinhead Puppy - Pharmacy4pets","robots":{"index":"index","follow":"follow","max-snippet":"max-snippet:-1","max-image-preview":"max-image-preview:large","max-video-preview":"max-video-preview:-1"},"canonical":"https:\/\/p4p-nl.bootmine.com\/%product-slug%\/petosan-tandenborstel-twinhead-puppy","og_locale":"nl_NL","og_type":"article","og_title":"Petosan Tandenborstel Twinhead Puppy - Pharmacy4pets","og_description":"Met de Petosan Tandenborstel Twinhead Puppy kunt u de tanden van uw pup op een gemakkelijke en effectieve manier reinigen, voor een goede mondgezondheid. De Petosan Tandenborstel Twinhead Puppy is speciaal ontworpen voor puppy\u2019s en heeft een dubbele kop voor een grondige reiniging. De kleine kop is ideaal voor het bereiken van moeilijk bereikbare plekken, [&hellip;]","og_url":"https:\/\/p4p-nl.bootmine.com\/%product-slug%\/petosan-tandenborstel-twinhead-puppy","og_site_name":"Pharmacy4pets","article_publisher":"https:\/\/www.facebook.com\/people\/Pharmacy4petsnl\/100063484989896\/","article_modified_time":"2026-04-14T08:04:53+00:00","og_image":[{"width":600,"height":600,"url":"https:\/\/p4p-nl.bootmine.com\/wp-content\/uploads\/2023\/03\/23872.jpg","type":"image\/jpeg"}],"twitter_card":"summary_large_image","twitter_misc":{"Geschatte leestijd":"1 minuut"},"schema":{"@context":"https:\/\/schema.org","@graph":[{"@type":"WebPage","@id":"https:\/\/p4p-nl.bootmine.com\/%product-slug%\/petosan-tandenborstel-twinhead-puppy","url":"https:\/\/p4p-nl.bootmine.com\/%product-slug%\/petosan-tandenborstel-twinhead-puppy","name":"Petosan Tandenborstel Twinhead Puppy - Pharmacy4pets","isPartOf":{"@id":"http:\/\/www.pharmacy4pets.nl\/#website"},"primaryImageOfPage":{"@id":"https:\/\/p4p-nl.bootmine.com\/%product-slug%\/petosan-tandenborstel-twinhead-puppy#primaryimage"},"image":{"@id":"https:\/\/p4p-nl.bootmine.com\/%product-slug%\/petosan-tandenborstel-twinhead-puppy#primaryimage"},"thumbnailUrl":"https:\/\/www.pharmacy4pets.nl\/wp-content\/uploads\/2023\/03\/23872.jpg","datePublished":"2023-03-10T12:18:02+00:00","dateModified":"2026-04-14T08:04:53+00:00","breadcrumb":{"@id":"https:\/\/p4p-nl.bootmine.com\/%product-slug%\/petosan-tandenborstel-twinhead-puppy#breadcrumb"},"inLanguage":"nl-NL","potentialAction":[{"@type":"ReadAction","target":["https:\/\/p4p-nl.bootmine.com\/%product-slug%\/petosan-tandenborstel-twinhead-puppy"]}]},{"@type":"ImageObject","inLanguage":"nl-NL","@id":"https:\/\/p4p-nl.bootmine.com\/%product-slug%\/petosan-tandenborstel-twinhead-puppy#primaryimage","url":"https:\/\/www.pharmacy4pets.nl\/wp-content\/uploads\/2023\/03\/23872.jpg","contentUrl":"https:\/\/www.pharmacy4pets.nl\/wp-content\/uploads\/2023\/03\/23872.jpg","width":600,"height":600,"caption":"Petosan Tandenborstel Twinhead Puppy-0"},{"@type":"BreadcrumbList","@id":"https:\/\/p4p-nl.bootmine.com\/%product-slug%\/petosan-tandenborstel-twinhead-puppy#breadcrumb","itemListElement":[{"@type":"ListItem","position":1,"name":"Home","item":"https:\/\/p4p-nl.bootmine.com\/"},{"@type":"ListItem","position":2,"name":"Winkel","item":"https:\/\/p4p-nl.bootmine.com\/winkel"},{"@type":"ListItem","position":3,"name":"Petosan Tandenborstel Twinhead Puppy"}]},{"@type":"WebSite","@id":"http:\/\/www.pharmacy4pets.nl\/#website","url":"http:\/\/www.pharmacy4pets.nl\/","name":"Pharmacy4pets","description":"Pharmacy4pets.nl is d\u00e9 online apotheek waar u terecht kunt voor alle diergeneesmiddelen, verzorgingsproducten en dieetvoeding voor uw huisdier.","publisher":{"@id":"http:\/\/www.pharmacy4pets.nl\/#organization"},"potentialAction":[{"@type":"SearchAction","target":{"@type":"EntryPoint","urlTemplate":"http:\/\/www.pharmacy4pets.nl\/?s={search_term_string}"},"query-input":{"@type":"PropertyValueSpecification","valueRequired":true,"valueName":"search_term_string"}}],"inLanguage":"nl-NL"},{"@type":"Organization","@id":"http:\/\/www.pharmacy4pets.nl\/#organization","name":"Pharmacy4pets","url":"http:\/\/www.pharmacy4pets.nl\/","logo":{"@type":"ImageObject","inLanguage":"nl-NL","@id":"http:\/\/www.pharmacy4pets.nl\/#\/schema\/logo\/image\/","url":"https:\/\/p4p-nl.bootmine.com\/wp-content\/uploads\/2026\/03\/logo-pharmacy4pets.png","contentUrl":"https:\/\/p4p-nl.bootmine.com\/wp-content\/uploads\/2026\/03\/logo-pharmacy4pets.png","width":1024,"height":135,"caption":"Pharmacy4pets"},"image":{"@id":"http:\/\/www.pharmacy4pets.nl\/#\/schema\/logo\/image\/"},"sameAs":["https:\/\/www.facebook.com\/people\/Pharmacy4petsnl\/100063484989896\/","https:\/\/www.youtube.com\/channel\/UCGPTIgucgli03tP2_kvLkHg\/featured","https:\/\/www.instagram.com\/pharmacy4pets.nl"]}]}},"market_data":{"nl":{"price":0,"sale_price":0,"active":false,"url":null,"parent_url":"","tax_rate":0,"price_inc_tax":0,"sale_price_inc_tax":0},"de":{"price":0,"sale_price":0,"active":false,"url":null,"parent_url":"","tax_rate":0,"price_inc_tax":0,"sale_price_inc_tax":0},"be":{"price":0,"sale_price":0,"active":false,"url":null,"parent_url":"","tax_rate":0,"price_inc_tax":0,"sale_price_inc_tax":0},"fr":{"price":0,"sale_price":0,"active":false,"url":null,"parent_url":"","tax_rate":0,"price_inc_tax":0,"sale_price_inc_tax":0},"ch":{"price":0,"sale_price":0,"active":false,"url":null,"parent_url":"","tax_rate":0,"price_inc_tax":0,"sale_price_inc_tax":0},"at":{"price":0,"sale_price":0,"active":false,"url":null,"parent_url":"","tax_rate":0,"price_inc_tax":0,"sale_price_inc_tax":0},"es":{"price":0,"sale_price":0,"active":false,"url":null,"parent_url":"","tax_rate":0,"price_inc_tax":0,"sale_price_inc_tax":0},"dk":{"price":0,"sale_price":0,"active":false,"url":null,"parent_url":"","tax_rate":0,"price_inc_tax":0,"sale_price_inc_tax":0},"com":{"price":0,"sale_price":0,"active":false,"url":null,"parent_url":"","tax_rate":0,"price_inc_tax":0,"sale_price_inc_tax":0}},"market_nl_price":0,"market_nl_sale_price":0,"market_nl_active":false,"market_nl_url":null,"market_nl_parent_url":"","market_nl_tax_rate":0,"market_nl_price_inc_tax":0,"market_nl_sale_price_inc_tax":0,"market_de_price":0,"market_de_sale_price":0,"market_de_active":false,"market_de_url":null,"market_de_parent_url":"","market_de_tax_rate":0,"market_de_price_inc_tax":0,"market_de_sale_price_inc_tax":0,"market_be_price":0,"market_be_sale_price":0,"market_be_active":false,"market_be_url":null,"market_be_parent_url":"","market_be_tax_rate":0,"market_be_price_inc_tax":0,"market_be_sale_price_inc_tax":0,"market_fr_price":0,"market_fr_sale_price":0,"market_fr_active":false,"market_fr_url":null,"market_fr_parent_url":"","market_fr_tax_rate":0,"market_fr_price_inc_tax":0,"market_fr_sale_price_inc_tax":0,"market_ch_price":0,"market_ch_sale_price":0,"market_ch_active":false,"market_ch_url":null,"market_ch_parent_url":"","market_ch_tax_rate":0,"market_ch_price_inc_tax":0,"market_ch_sale_price_inc_tax":0,"market_at_price":0,"market_at_sale_price":0,"market_at_active":false,"market_at_url":null,"market_at_parent_url":"","market_at_tax_rate":0,"market_at_price_inc_tax":0,"market_at_sale_price_inc_tax":0,"market_es_price":0,"market_es_sale_price":0,"market_es_active":false,"market_es_url":null,"market_es_parent_url":"","market_es_tax_rate":0,"market_es_price_inc_tax":0,"market_es_sale_price_inc_tax":0,"market_dk_price":0,"market_dk_sale_price":0,"market_dk_active":false,"market_dk_url":null,"market_dk_parent_url":"","market_dk_tax_rate":0,"market_dk_price_inc_tax":0,"market_dk_sale_price_inc_tax":0,"market_com_price":0,"market_com_sale_price":0,"market_com_active":false,"market_com_url":null,"market_com_parent_url":"","market_com_tax_rate":0,"market_com_price_inc_tax":0,"market_com_sale_price_inc_tax":0,"acf":[],"_links":{"self":[{"href":"https:\/\/www.pharmacy4pets.nl\/be\/wp-json\/wp\/v2\/product\/119989","targetHints":{"allow":["GET"]}}],"collection":[{"href":"https:\/\/www.pharmacy4pets.nl\/be\/wp-json\/wp\/v2\/product"}],"about":[{"href":"https:\/\/www.pharmacy4pets.nl\/be\/wp-json\/wp\/v2\/types\/product"}],"replies":[{"embeddable":true,"href":"https:\/\/www.pharmacy4pets.nl\/be\/wp-json\/wp\/v2\/comments?post=119989"}],"wp:featuredmedia":[{"embeddable":true,"href":"https:\/\/www.pharmacy4pets.nl\/be\/wp-json\/wp\/v2\/media\/119988"}],"wp:attachment":[{"href":"https:\/\/www.pharmacy4pets.nl\/be\/wp-json\/wp\/v2\/media?parent=119989"}],"wp:term":[{"taxonomy":"product_brand","embeddable":true,"href":"https:\/\/www.pharmacy4pets.nl\/be\/wp-json\/wp\/v2\/product_brand?post=119989"},{"taxonomy":"product_cat","embeddable":true,"href":"https:\/\/www.pharmacy4pets.nl\/be\/wp-json\/wp\/v2\/product_cat?post=119989"},{"taxonomy":"product_tag","embeddable":true,"href":"https:\/\/www.pharmacy4pets.nl\/be\/wp-json\/wp\/v2\/product_tag?post=119989"}],"curies":[{"name":"wp","href":"https:\/\/api.w.org\/{rel}","templated":true}]}}