{"id":119987,"date":"2023-03-10T12:18:02","date_gmt":"2023-03-10T12:18:02","guid":{"rendered":"https:\/\/p4p.test\/petosan-tandenborstel-twinhead-m"},"modified":"2026-04-14T08:04:53","modified_gmt":"2026-04-14T08:04:53","slug":"petosan-tandenborstel-twinhead-m","status":"publish","type":"product","link":"https:\/\/www.pharmacy4pets.nl\/be\/petosan-tandenborstel-twinhead-m","title":{"rendered":"Petosan Tandenborstel Twinhead M"},"content":{"rendered":"<p>Met de Petosan Tandenborstel Twinhead kunt u de tanden van uw hond op een gemakkelijke en effectieve manier reinigen, voor een goede mondgezondheid.<\/p>\n<p>De Petosan Tandenborstel Twinhead is speciaal ontworpen met een dubbele kop voor een grondige reiniging. De kleine kop is ideaal voor het bereiken van moeilijk bereikbare plekken, terwijl de grotere kop het oppervlak van de tanden effici\u00ebnt reinigt.<\/p>\n<p>De tandenborstel heeft zachte borstelharen die ervoor zorgen dat het tandvlees niet beschadigt. Bovendien heeft de tandenborstel een ergonomisch handvat, zodat u de borstel stevig en comfortabel kunt vasthouden tijdens het poetsen.<\/p>\n","protected":false},"excerpt":{"rendered":"<p>Met de Petosan Tandenborstel Twinhead kunt u de tanden van uw hond op een gemakkelijke en effectieve manier reinigen, voor een goede mondgezondheid. De Petosan Tandenborstel Twinhead is speciaal ontworpen met een dubbele kop voor een grondige reiniging. De kleine kop is ideaal voor het bereiken van moeilijk bereikbare plekken, terwijl de grotere kop het [&hellip;]<\/p>\n","protected":false},"featured_media":119986,"comment_status":"open","ping_status":"closed","template":"","meta":{"_acf_changed":false,"_nl_post_content":"<p>Met de Petosan Tandenborstel Twinhead kunt u de tanden van uw hond op een gemakkelijke en effectieve manier reinigen, voor een goede mondgezondheid.<\/p>\n<p>De Petosan Tandenborstel Twinhead is speciaal ontworpen met een dubbele kop voor een grondige reiniging. De kleine kop is ideaal voor het bereiken van moeilijk bereikbare plekken, terwijl de grotere kop het oppervlak van de tanden effici\u00ebnt reinigt.<\/p>\n<p>De tandenborstel heeft zachte borstelharen die ervoor zorgen dat het tandvlees niet beschadigt. Bovendien heeft de tandenborstel een ergonomisch handvat, zodat u de borstel stevig en comfortabel kunt vasthouden tijdens het poetsen.<\/p>","_nl_post_name":"petosan-tandenborstel-twinhead-m","_nl_post_excerpt":"","_nl_post_title":"Petosan Tandenborstel Twinhead M","_en_post_content":"<p>With the Petosan Toothbrush Twinhead, you can clean your dog's teeth in an easy and effective way, for good oral health.<\/p>\n<p>The Petosan Toothbrush Twinhead is specially designed with a double head for thorough cleaning. The small head is ideal for reaching hard-to-reach areas, while the larger head efficiently cleans the surface of the teeth.<\/p>\n<p>The toothbrush has soft bristles that ensure it does not damage gums. Moreover, the toothbrush has an ergonomic handle, allowing you to hold the brush firmly and comfortably while brushing.<\/p>","_en_post_name":"Petosan-Toothbrush-Twinhead-M","_en_post_excerpt":"","_en_post_title":"Petosan Toothbrush Twinhead M","_de_post_content":"<p>Mit der Petosan Zahnb\u00fcrste Twinhead k\u00f6nnen Sie die Z\u00e4hne Ihres Hundes auf einfache und effektive Weise reinigen, um eine gute Mundgesundheit zu gew\u00e4hrleisten.<\/p>\n<p>Die Petosan Zahnb\u00fcrste Twinhead wurde speziell mit einem Doppelkopf f\u00fcr eine gr\u00fcndliche Reinigung entwickelt. Der kleine Kopf ist ideal, um schwer zug\u00e4ngliche Stellen zu erreichen, w\u00e4hrend der gr\u00f6\u00dfere Kopf die Oberfl\u00e4che der Z\u00e4hne effizient reinigt.<\/p>\n<p>Die Zahnb\u00fcrste hat weiche Borsten, die sicherstellen, dass sie das Zahnfleisch nicht verletzt. Au\u00dferdem hat die Zahnb\u00fcrste einen ergonomischen Griff, mit dem Sie die B\u00fcrste beim Putzen fest und bequem halten k\u00f6nnen.<\/p>","_de_post_name":"Petosan-Zahnburste-Twinhead-M","_de_post_excerpt":"","_de_post_title":"Petosan Zahnb\u00fcrste Twinhead M","_fr_post_content":"<p>Avec la brosse \u00e0 dents Petosan Twinhead, vous pouvez nettoyer les dents de votre chien de mani\u00e8re simple et efficace, pour une bonne sant\u00e9 bucco-dentaire.<\/p>\n<p>La brosse \u00e0 dents Petosan Twinhead est sp\u00e9cialement con\u00e7ue avec une double t\u00eate pour un nettoyage en profondeur. La petite t\u00eate est id\u00e9ale pour atteindre les zones difficiles d'acc\u00e8s, tandis que la grande t\u00eate nettoie efficacement la surface des dents.<\/p>\n<p>La brosse \u00e0 dents poss\u00e8de des poils souples qui garantissent qu'elle n'ab\u00eeme pas les gencives. De plus, la brosse \u00e0 dents est dot\u00e9e d'un manche ergonomique qui vous permet de tenir la brosse fermement et confortablement pendant le brossage.<\/p>","_fr_post_name":"Petosan-brosse-a-dents-Twinhead-M","_fr_post_excerpt":"","_fr_post_title":"Petosan Brosse \u00e0 dents Twinhead M","_es_post_content":"<p>Con el cepillo dental Petosan Twinhead, podr\u00e1 limpiar los dientes de su perro de forma f\u00e1cil y eficaz, para una buena salud bucal.<\/p>\n<p>El cepillo dental Petosan Twinhead est\u00e1 especialmente dise\u00f1ado con un cabezal doble para una limpieza a fondo. El cabezal peque\u00f1o es ideal para llegar a zonas de dif\u00edcil acceso, mientras que el cabezal m\u00e1s grande limpia eficazmente la superficie de los dientes.<\/p>\n<p>El cepillo tiene filamentos suaves que garantizan que no da\u00f1e las enc\u00edas. Adem\u00e1s, el cepillo tiene un mango ergon\u00f3mico que permite sujetarlo con firmeza y comodidad durante el cepillado.<\/p>","_es_post_name":"Petosan-Cepillo-de-dientes-Twinhead-M","_es_post_excerpt":"","_es_post_title":"Petosan Cepillo de dientes Twinhead M","edit_language":"nl"},"product_brand":[],"product_cat":[1861,1842,1117,1839,1857,1947,1863],"product_tag":[],"class_list":{"0":"post-119987","1":"product","2":"type-product","3":"status-publish","4":"has-post-thumbnail","6":"product_cat-benodigdheden","7":"product_cat-gebit","8":"product_cat-honden","9":"product_cat-medicijnen-supplementen","10":"product_cat-merken","11":"product_cat-petosan","12":"product_cat-verzorging","13":"pa_aandoening-gebit","14":"pa_doeldier-hond","15":"pa_fabricatieland-noorwegen","16":"pa_merkfilter-petosan","17":"pa_merkgroep-petosan","18":"pa_productsoort-overig","19":"pa_toedieningswijze-tandenborstel","20":"pa_unit_pricing_base_measure-1ct","21":"pa_unit_pricing_measure-1ct","22":"pa_werkzamestof-overig","24":"first","25":"instock","26":"taxable","27":"shipping-taxable","28":"purchasable","29":"product-type-simple"},"yoast_head":"<!-- This site is optimized with the Yoast SEO plugin v27.5 - https:\/\/yoast.com\/product\/yoast-seo-wordpress\/ -->\n<title>Petosan Tandenborstel Twinhead M - Pharmacy4pets<\/title>\n<meta name=\"robots\" content=\"index, follow, max-snippet:-1, max-image-preview:large, max-video-preview:-1\" \/>\n<link rel=\"canonical\" href=\"https:\/\/www.pharmacy4pets.nl\/petosan-tandenborstel-twinhead-m\" \/>\n<meta property=\"og:locale\" content=\"nl_NL\" \/>\n<meta property=\"og:type\" content=\"article\" \/>\n<meta property=\"og:title\" content=\"Petosan Tandenborstel Twinhead M - Pharmacy4pets\" \/>\n<meta property=\"og:description\" content=\"Met de Petosan Tandenborstel Twinhead kunt u de tanden van uw hond op een gemakkelijke en effectieve manier reinigen, voor een goede mondgezondheid. De Petosan Tandenborstel Twinhead is speciaal ontworpen met een dubbele kop voor een grondige reiniging. De kleine kop is ideaal voor het bereiken van moeilijk bereikbare plekken, terwijl de grotere kop het [&hellip;]\" \/>\n<meta property=\"og:url\" content=\"https:\/\/www.pharmacy4pets.nl\/petosan-tandenborstel-twinhead-m\" \/>\n<meta property=\"og:site_name\" content=\"Pharmacy4pets\" \/>\n<meta property=\"article:publisher\" content=\"https:\/\/www.facebook.com\/people\/Pharmacy4petsnl\/100063484989896\/\" \/>\n<meta property=\"article:modified_time\" content=\"2026-04-14T08:04:53+00:00\" \/>\n<meta property=\"og:image\" content=\"https:\/\/www.pharmacy4pets.nl\/wp-content\/uploads\/2023\/03\/23874_1.jpg\" \/>\n\t<meta property=\"og:image:width\" content=\"268\" \/>\n\t<meta property=\"og:image:height\" content=\"722\" \/>\n\t<meta property=\"og:image:type\" content=\"image\/jpeg\" \/>\n<meta name=\"twitter:card\" content=\"summary_large_image\" \/>\n<script type=\"application\/ld+json\" class=\"yoast-schema-graph\">{\"@context\":\"https:\\\/\\\/schema.org\",\"@graph\":[{\"@type\":\"WebPage\",\"@id\":\"https:\\\/\\\/www.pharmacy4pets.nl\\\/petosan-tandenborstel-twinhead-m\",\"url\":\"https:\\\/\\\/www.pharmacy4pets.nl\\\/petosan-tandenborstel-twinhead-m\",\"name\":\"Petosan Tandenborstel Twinhead M - Pharmacy4pets\",\"isPartOf\":{\"@id\":\"http:\\\/\\\/www.pharmacy4pets.nl\\\/#website\"},\"primaryImageOfPage\":{\"@id\":\"https:\\\/\\\/www.pharmacy4pets.nl\\\/petosan-tandenborstel-twinhead-m#primaryimage\"},\"image\":{\"@id\":\"https:\\\/\\\/www.pharmacy4pets.nl\\\/petosan-tandenborstel-twinhead-m#primaryimage\"},\"thumbnailUrl\":\"https:\\\/\\\/www.pharmacy4pets.nl\\\/wp-content\\\/uploads\\\/2023\\\/03\\\/23874_1.jpg\",\"datePublished\":\"2023-03-10T12:18:02+00:00\",\"dateModified\":\"2026-04-14T08:04:53+00:00\",\"breadcrumb\":{\"@id\":\"https:\\\/\\\/www.pharmacy4pets.nl\\\/petosan-tandenborstel-twinhead-m#breadcrumb\"},\"inLanguage\":\"nl-NL\",\"potentialAction\":[{\"@type\":\"ReadAction\",\"target\":[\"https:\\\/\\\/www.pharmacy4pets.nl\\\/petosan-tandenborstel-twinhead-m\"]}]},{\"@type\":\"ImageObject\",\"inLanguage\":\"nl-NL\",\"@id\":\"https:\\\/\\\/www.pharmacy4pets.nl\\\/petosan-tandenborstel-twinhead-m#primaryimage\",\"url\":\"https:\\\/\\\/www.pharmacy4pets.nl\\\/wp-content\\\/uploads\\\/2023\\\/03\\\/23874_1.jpg\",\"contentUrl\":\"https:\\\/\\\/www.pharmacy4pets.nl\\\/wp-content\\\/uploads\\\/2023\\\/03\\\/23874_1.jpg\",\"width\":268,\"height\":722,\"caption\":\"Petosan Twinhead\"},{\"@type\":\"BreadcrumbList\",\"@id\":\"https:\\\/\\\/www.pharmacy4pets.nl\\\/petosan-tandenborstel-twinhead-m#breadcrumb\",\"itemListElement\":[{\"@type\":\"ListItem\",\"position\":1,\"name\":\"Home\",\"item\":\"https:\\\/\\\/p4p-nl.bootmine.com\\\/\"},{\"@type\":\"ListItem\",\"position\":2,\"name\":\"Winkel\",\"item\":\"https:\\\/\\\/p4p-nl.bootmine.com\\\/winkel\"},{\"@type\":\"ListItem\",\"position\":3,\"name\":\"Petosan Tandenborstel Twinhead M\"}]},{\"@type\":\"WebSite\",\"@id\":\"http:\\\/\\\/www.pharmacy4pets.nl\\\/#website\",\"url\":\"http:\\\/\\\/www.pharmacy4pets.nl\\\/\",\"name\":\"Pharmacy4pets\",\"description\":\"Pharmacy4pets.nl is d\u00e9 online apotheek waar u terecht kunt voor alle diergeneesmiddelen, verzorgingsproducten en dieetvoeding voor uw huisdier.\",\"publisher\":{\"@id\":\"http:\\\/\\\/www.pharmacy4pets.nl\\\/#organization\"},\"potentialAction\":[{\"@type\":\"SearchAction\",\"target\":{\"@type\":\"EntryPoint\",\"urlTemplate\":\"http:\\\/\\\/www.pharmacy4pets.nl\\\/?s={search_term_string}\"},\"query-input\":{\"@type\":\"PropertyValueSpecification\",\"valueRequired\":true,\"valueName\":\"search_term_string\"}}],\"inLanguage\":\"nl-NL\"},{\"@type\":\"Organization\",\"@id\":\"http:\\\/\\\/www.pharmacy4pets.nl\\\/#organization\",\"name\":\"Pharmacy4pets\",\"url\":\"http:\\\/\\\/www.pharmacy4pets.nl\\\/\",\"logo\":{\"@type\":\"ImageObject\",\"inLanguage\":\"nl-NL\",\"@id\":\"http:\\\/\\\/www.pharmacy4pets.nl\\\/#\\\/schema\\\/logo\\\/image\\\/\",\"url\":\"https:\\\/\\\/p4p-nl.bootmine.com\\\/wp-content\\\/uploads\\\/2026\\\/03\\\/logo-pharmacy4pets.png\",\"contentUrl\":\"https:\\\/\\\/p4p-nl.bootmine.com\\\/wp-content\\\/uploads\\\/2026\\\/03\\\/logo-pharmacy4pets.png\",\"width\":1024,\"height\":135,\"caption\":\"Pharmacy4pets\"},\"image\":{\"@id\":\"http:\\\/\\\/www.pharmacy4pets.nl\\\/#\\\/schema\\\/logo\\\/image\\\/\"},\"sameAs\":[\"https:\\\/\\\/www.facebook.com\\\/people\\\/Pharmacy4petsnl\\\/100063484989896\\\/\",\"https:\\\/\\\/www.youtube.com\\\/channel\\\/UCGPTIgucgli03tP2_kvLkHg\\\/featured\",\"https:\\\/\\\/www.instagram.com\\\/pharmacy4pets.nl\"]}]}<\/script>\n<!-- \/ Yoast SEO plugin. -->","yoast_head_json":{"title":"Petosan Tandenborstel Twinhead M - Pharmacy4pets","robots":{"index":"index","follow":"follow","max-snippet":"max-snippet:-1","max-image-preview":"max-image-preview:large","max-video-preview":"max-video-preview:-1"},"canonical":"https:\/\/www.pharmacy4pets.nl\/petosan-tandenborstel-twinhead-m","og_locale":"nl_NL","og_type":"article","og_title":"Petosan Tandenborstel Twinhead M - Pharmacy4pets","og_description":"Met de Petosan Tandenborstel Twinhead kunt u de tanden van uw hond op een gemakkelijke en effectieve manier reinigen, voor een goede mondgezondheid. De Petosan Tandenborstel Twinhead is speciaal ontworpen met een dubbele kop voor een grondige reiniging. De kleine kop is ideaal voor het bereiken van moeilijk bereikbare plekken, terwijl de grotere kop het [&hellip;]","og_url":"https:\/\/www.pharmacy4pets.nl\/petosan-tandenborstel-twinhead-m","og_site_name":"Pharmacy4pets","article_publisher":"https:\/\/www.facebook.com\/people\/Pharmacy4petsnl\/100063484989896\/","article_modified_time":"2026-04-14T08:04:53+00:00","og_image":[{"width":268,"height":722,"url":"https:\/\/www.pharmacy4pets.nl\/wp-content\/uploads\/2023\/03\/23874_1.jpg","type":"image\/jpeg"}],"twitter_card":"summary_large_image","schema":{"@context":"https:\/\/schema.org","@graph":[{"@type":"WebPage","@id":"https:\/\/www.pharmacy4pets.nl\/petosan-tandenborstel-twinhead-m","url":"https:\/\/www.pharmacy4pets.nl\/petosan-tandenborstel-twinhead-m","name":"Petosan Tandenborstel Twinhead M - Pharmacy4pets","isPartOf":{"@id":"http:\/\/www.pharmacy4pets.nl\/#website"},"primaryImageOfPage":{"@id":"https:\/\/www.pharmacy4pets.nl\/petosan-tandenborstel-twinhead-m#primaryimage"},"image":{"@id":"https:\/\/www.pharmacy4pets.nl\/petosan-tandenborstel-twinhead-m#primaryimage"},"thumbnailUrl":"https:\/\/www.pharmacy4pets.nl\/wp-content\/uploads\/2023\/03\/23874_1.jpg","datePublished":"2023-03-10T12:18:02+00:00","dateModified":"2026-04-14T08:04:53+00:00","breadcrumb":{"@id":"https:\/\/www.pharmacy4pets.nl\/petosan-tandenborstel-twinhead-m#breadcrumb"},"inLanguage":"nl-NL","potentialAction":[{"@type":"ReadAction","target":["https:\/\/www.pharmacy4pets.nl\/petosan-tandenborstel-twinhead-m"]}]},{"@type":"ImageObject","inLanguage":"nl-NL","@id":"https:\/\/www.pharmacy4pets.nl\/petosan-tandenborstel-twinhead-m#primaryimage","url":"https:\/\/www.pharmacy4pets.nl\/wp-content\/uploads\/2023\/03\/23874_1.jpg","contentUrl":"https:\/\/www.pharmacy4pets.nl\/wp-content\/uploads\/2023\/03\/23874_1.jpg","width":268,"height":722,"caption":"Petosan Twinhead"},{"@type":"BreadcrumbList","@id":"https:\/\/www.pharmacy4pets.nl\/petosan-tandenborstel-twinhead-m#breadcrumb","itemListElement":[{"@type":"ListItem","position":1,"name":"Home","item":"https:\/\/p4p-nl.bootmine.com\/"},{"@type":"ListItem","position":2,"name":"Winkel","item":"https:\/\/p4p-nl.bootmine.com\/winkel"},{"@type":"ListItem","position":3,"name":"Petosan Tandenborstel Twinhead M"}]},{"@type":"WebSite","@id":"http:\/\/www.pharmacy4pets.nl\/#website","url":"http:\/\/www.pharmacy4pets.nl\/","name":"Pharmacy4pets","description":"Pharmacy4pets.nl is d\u00e9 online apotheek waar u terecht kunt voor alle diergeneesmiddelen, verzorgingsproducten en dieetvoeding voor uw huisdier.","publisher":{"@id":"http:\/\/www.pharmacy4pets.nl\/#organization"},"potentialAction":[{"@type":"SearchAction","target":{"@type":"EntryPoint","urlTemplate":"http:\/\/www.pharmacy4pets.nl\/?s={search_term_string}"},"query-input":{"@type":"PropertyValueSpecification","valueRequired":true,"valueName":"search_term_string"}}],"inLanguage":"nl-NL"},{"@type":"Organization","@id":"http:\/\/www.pharmacy4pets.nl\/#organization","name":"Pharmacy4pets","url":"http:\/\/www.pharmacy4pets.nl\/","logo":{"@type":"ImageObject","inLanguage":"nl-NL","@id":"http:\/\/www.pharmacy4pets.nl\/#\/schema\/logo\/image\/","url":"https:\/\/p4p-nl.bootmine.com\/wp-content\/uploads\/2026\/03\/logo-pharmacy4pets.png","contentUrl":"https:\/\/p4p-nl.bootmine.com\/wp-content\/uploads\/2026\/03\/logo-pharmacy4pets.png","width":1024,"height":135,"caption":"Pharmacy4pets"},"image":{"@id":"http:\/\/www.pharmacy4pets.nl\/#\/schema\/logo\/image\/"},"sameAs":["https:\/\/www.facebook.com\/people\/Pharmacy4petsnl\/100063484989896\/","https:\/\/www.youtube.com\/channel\/UCGPTIgucgli03tP2_kvLkHg\/featured","https:\/\/www.instagram.com\/pharmacy4pets.nl"]}]}},"market_data":{"nl":{"price":0,"sale_price":0,"active":false,"url":null,"parent_url":"","tax_rate":0,"price_inc_tax":0,"sale_price_inc_tax":0},"de":{"price":0,"sale_price":0,"active":false,"url":null,"parent_url":"","tax_rate":0,"price_inc_tax":0,"sale_price_inc_tax":0},"be":{"price":0,"sale_price":0,"active":false,"url":null,"parent_url":"","tax_rate":0,"price_inc_tax":0,"sale_price_inc_tax":0},"fr":{"price":0,"sale_price":0,"active":false,"url":null,"parent_url":"","tax_rate":0,"price_inc_tax":0,"sale_price_inc_tax":0},"ch":{"price":0,"sale_price":0,"active":false,"url":null,"parent_url":"","tax_rate":0,"price_inc_tax":0,"sale_price_inc_tax":0},"at":{"price":0,"sale_price":0,"active":false,"url":null,"parent_url":"","tax_rate":0,"price_inc_tax":0,"sale_price_inc_tax":0},"es":{"price":0,"sale_price":0,"active":false,"url":null,"parent_url":"","tax_rate":0,"price_inc_tax":0,"sale_price_inc_tax":0},"dk":{"price":0,"sale_price":0,"active":false,"url":null,"parent_url":"","tax_rate":0,"price_inc_tax":0,"sale_price_inc_tax":0},"com":{"price":0,"sale_price":0,"active":false,"url":null,"parent_url":"","tax_rate":0,"price_inc_tax":0,"sale_price_inc_tax":0}},"market_nl_price":0,"market_nl_sale_price":0,"market_nl_active":false,"market_nl_url":null,"market_nl_parent_url":"","market_nl_tax_rate":0,"market_nl_price_inc_tax":0,"market_nl_sale_price_inc_tax":0,"market_de_price":0,"market_de_sale_price":0,"market_de_active":false,"market_de_url":null,"market_de_parent_url":"","market_de_tax_rate":0,"market_de_price_inc_tax":0,"market_de_sale_price_inc_tax":0,"market_be_price":0,"market_be_sale_price":0,"market_be_active":false,"market_be_url":null,"market_be_parent_url":"","market_be_tax_rate":0,"market_be_price_inc_tax":0,"market_be_sale_price_inc_tax":0,"market_fr_price":0,"market_fr_sale_price":0,"market_fr_active":false,"market_fr_url":null,"market_fr_parent_url":"","market_fr_tax_rate":0,"market_fr_price_inc_tax":0,"market_fr_sale_price_inc_tax":0,"market_ch_price":0,"market_ch_sale_price":0,"market_ch_active":false,"market_ch_url":null,"market_ch_parent_url":"","market_ch_tax_rate":0,"market_ch_price_inc_tax":0,"market_ch_sale_price_inc_tax":0,"market_at_price":0,"market_at_sale_price":0,"market_at_active":false,"market_at_url":null,"market_at_parent_url":"","market_at_tax_rate":0,"market_at_price_inc_tax":0,"market_at_sale_price_inc_tax":0,"market_es_price":0,"market_es_sale_price":0,"market_es_active":false,"market_es_url":null,"market_es_parent_url":"","market_es_tax_rate":0,"market_es_price_inc_tax":0,"market_es_sale_price_inc_tax":0,"market_dk_price":0,"market_dk_sale_price":0,"market_dk_active":false,"market_dk_url":null,"market_dk_parent_url":"","market_dk_tax_rate":0,"market_dk_price_inc_tax":0,"market_dk_sale_price_inc_tax":0,"market_com_price":0,"market_com_sale_price":0,"market_com_active":false,"market_com_url":null,"market_com_parent_url":"","market_com_tax_rate":0,"market_com_price_inc_tax":0,"market_com_sale_price_inc_tax":0,"acf":[],"_links":{"self":[{"href":"https:\/\/www.pharmacy4pets.nl\/be\/wp-json\/wp\/v2\/product\/119987","targetHints":{"allow":["GET"]}}],"collection":[{"href":"https:\/\/www.pharmacy4pets.nl\/be\/wp-json\/wp\/v2\/product"}],"about":[{"href":"https:\/\/www.pharmacy4pets.nl\/be\/wp-json\/wp\/v2\/types\/product"}],"replies":[{"embeddable":true,"href":"https:\/\/www.pharmacy4pets.nl\/be\/wp-json\/wp\/v2\/comments?post=119987"}],"wp:featuredmedia":[{"embeddable":true,"href":"https:\/\/www.pharmacy4pets.nl\/be\/wp-json\/wp\/v2\/media\/119986"}],"wp:attachment":[{"href":"https:\/\/www.pharmacy4pets.nl\/be\/wp-json\/wp\/v2\/media?parent=119987"}],"wp:term":[{"taxonomy":"product_brand","embeddable":true,"href":"https:\/\/www.pharmacy4pets.nl\/be\/wp-json\/wp\/v2\/product_brand?post=119987"},{"taxonomy":"product_cat","embeddable":true,"href":"https:\/\/www.pharmacy4pets.nl\/be\/wp-json\/wp\/v2\/product_cat?post=119987"},{"taxonomy":"product_tag","embeddable":true,"href":"https:\/\/www.pharmacy4pets.nl\/be\/wp-json\/wp\/v2\/product_tag?post=119987"}],"curies":[{"name":"wp","href":"https:\/\/api.w.org\/{rel}","templated":true}]}}