{"id":119975,"date":"2023-03-10T12:18:00","date_gmt":"2023-03-10T12:18:00","guid":{"rendered":"https:\/\/p4p.test\/pestigon-combo-50-60mg-kat-fret-3-pipetten"},"modified":"2026-03-25T12:04:00","modified_gmt":"2026-03-25T12:04:00","slug":"pestigon-combo-50-60mg-kat-fret-3-pipetten","status":"publish","type":"product","link":"https:\/\/www.pharmacy4pets.nl\/be\/pestigon-combo-50-60mg-kat-fret-3-pipetten","title":{"rendered":"Pestigon Combo 50\/60mg | Kat\/Fret | 3 pipetten"},"content":{"rendered":"<p>Pestigon Combo voor de kat en fret kan worden gebruikt ter behandeling en preventie van vlooien en teken bij katten en fretten. Pestigon Combo heeft een werkzaamheid van 4 weken tegen vlooien en 2 weken tegen teken. Daarnaast verhindert Pestigon Combo ook de ontwikkeling van eitjes, larven en poppen. Dit teken- en vlooiemiddel is eenvoudig toe te dienen door middel van een pipet. E\u00e9n verpakking bevat 3 pipetten.<\/p>\n<p>Pestigon Combo is geschikt voor kitten zwaarder dan 1 kg en ouder dan 8 weken. Voor fretten is dit middel geschikt als de fret ouder is dan 6 maanden.<\/p>\n","protected":false},"excerpt":{"rendered":"<p>Pestigon Combo voor de kat en fret kan worden gebruikt ter behandeling en preventie van vlooien en teken bij katten en fretten. Pestigon Combo heeft een werkzaamheid van 4 weken tegen vlooien en 2 weken tegen teken. Daarnaast verhindert Pestigon Combo ook de ontwikkeling van eitjes, larven en poppen. Dit teken- en vlooiemiddel is eenvoudig [&hellip;]<\/p>\n","protected":false},"featured_media":119974,"comment_status":"open","ping_status":"closed","template":"","meta":{"_acf_changed":false,"_nl_post_content":"<p>Pestigon Combo voor de kat en fret kan worden gebruikt ter behandeling en preventie van vlooien en teken bij katten en fretten. Pestigon Combo heeft een werkzaamheid van 4 weken tegen vlooien en 2 weken tegen teken. Daarnaast verhindert Pestigon Combo ook de ontwikkeling van eitjes, larven en poppen. Dit teken- en vlooiemiddel is eenvoudig toe te dienen door middel van een pipet. E\u00e9n verpakking bevat 3 pipetten.<\/p>\r\n<p>Pestigon Combo is geschikt voor kitten zwaarder dan 1 kg en ouder dan 8 weken. Voor fretten is dit middel geschikt als de fret ouder is dan 6 maanden.<\/p>","_nl_post_name":"pestigon-combo-50-60mg-kat-fret-3-pipetten","_nl_post_excerpt":"","_nl_post_title":"Pestigon Combo 50\/60mg | Kat\/Fret | 3 pipetten","_en_post_content":"<p>Pestigon Combo for cats and ferrets can be used to treat and prevent fleas and ticks in cats and ferrets. Pestigon Combo has an efficacy of 4 weeks against fleas and 2 weeks against ticks. In addition, Pestigon Combo also prevents the development of eggs, larvae and pupae. This tick and flea remedy is easy to administer by means of a pipette. One package contains 3 pipettes.<\/p>\r\n<p>Pestigon Combo is suitable for kittens weighing more than 1 kg and older than 8 weeks. For ferrets, this product is suitable if the ferret is older than 6 months.<\/p>","_en_post_name":"pestigon-combo-50-60mg-cat-ferret-3-pipettes","_en_post_excerpt":"","_en_post_title":"Pestigon Combo 50\/60mg | Cat\/Ferret | 3 pipettes","_de_post_content":"<p>Pestigon Combo f\u00fcr Katzen und Frettchen kann zur Behandlung und Vorbeugung von Fl\u00f6hen und Zecken bei Katzen und Frettchen verwendet werden. Pestigon Combo hat eine Wirksamkeit von 4 Wochen gegen Fl\u00f6he und 2 Wochen gegen Zecken. Dar\u00fcber hinaus verhindert Pestigon Combo auch die Entwicklung von Eiern, Larven und Puppen. Dieses Zecken- und Flohmittel l\u00e4sst sich einfach mit einer Pipette verabreichen. Eine Packung enth\u00e4lt 3 Pipetten.<\/p>\r\n<p>Pestigon Combo ist f\u00fcr K\u00e4tzchen mit einem Gewicht von mehr als 1 kg und \u00e4lter als 8 Wochen geeignet. F\u00fcr Frettchen ist dieses Produkt geeignet, wenn das Frettchen \u00e4lter als 6 Monate ist.<\/p>","_de_post_name":"pestigon-combo-50-60mg-katze-frettchen-3-pipetten","_de_post_excerpt":"","_de_post_title":"Pestigon Combo 50\/60mg | Katze\/Frettchen | 3 Pipetten","_fr_post_content":"<p>Pestigon Combo pour chats et furets peut \u00eatre utilis\u00e9 pour traiter et pr\u00e9venir les puces et les tiques chez les chats et les furets. Pestigon Combo a une efficacit\u00e9 de 4 semaines contre les puces et de 2 semaines contre les tiques. De plus, Pestigon Combo emp\u00eache \u00e9galement le d\u00e9veloppement des \u0153ufs, des larves et des pupes. Ce rem\u00e8de contre les tiques et les puces est facile \u00e0 administrer au moyen d'une pipette. Un paquet contient 3 pipettes.<\/p>\r\n<p>Pestigon Combo convient aux chatons pesant plus de 1 kg et \u00e2g\u00e9s de plus de 8 semaines. Pour les furets, ce produit convient si le furet est \u00e2g\u00e9 de plus de 6 mois.<\/p>","_fr_post_name":"pestigon-combo-50-60mg-chat-furet-3-pipettes","_fr_post_excerpt":"","_fr_post_title":"Pestigon Combo 50\/60mg | Chat\/Furet | 3 Pipettes","_es_post_content":"<p>Pestigon Combo para gatos y hurones se puede utilizar para tratar y prevenir pulgas y garrapatas en gatos y hurones. Pestigon Combo tiene una eficacia de 4 semanas contra pulgas y 2 semanas contra garrapatas. Adem\u00e1s, Pestigon Combo tambi\u00e9n previene el desarrollo de huevos, larvas y pupas. Este remedio contra pulgas y garrapatas es f\u00e1cil de administrar mediante una pipeta. Un paquete contiene 3 pipetas.<\/p>\r\n<p>Pestigon Combo es adecuado para gatitos que pesen m\u00e1s de 1 kg y tengan m\u00e1s de 8 semanas. Para hurones, este producto es adecuado si el hur\u00f3n tiene m\u00e1s de 6 meses.<\/p>","_es_post_name":"pestigon-combo-50-60mg-gato-huron-3-pipetas","_es_post_excerpt":"","_es_post_title":"Pestigon Combo 50\/60mg | Gato\/Hur\u00f3n | 3 pipetas","edit_language":"nl"},"product_brand":[],"product_cat":[1118,2178,1857,1946,1869,1868,2181,1867],"product_tag":[],"class_list":{"0":"post-119975","1":"product","2":"type-product","3":"status-publish","4":"has-post-thumbnail","6":"product_cat-katten","7":"product_cat-kitten","8":"product_cat-merken","9":"product_cat-pestigon","10":"product_cat-teken","11":"product_cat-vlooien","12":"product_cat-vlooien-teken-insecten","14":"pa_aandoening-luizen","15":"pa_aandoening-teken","16":"pa_aandoening-vlooien","17":"pa_doeldier-kat","18":"pa_doeldier-knaagdier","19":"pa_fabricatieland-belgie","20":"pa_merkfilter-pestigon","21":"pa_merkgroep-fendigo","22":"pa_productsoort-diergeneesmiddelvrij_ura","23":"pa_toedieningswijze-spot_on","24":"pa_unit_pricing_base_measure-1ct","25":"pa_unit_pricing_measure-3ct","26":"pa_werkzamestof-fipronil","28":"first","29":"instock","30":"taxable","31":"shipping-taxable","32":"purchasable","33":"product-type-simple"},"yoast_head":"<!-- This site is optimized with the Yoast SEO plugin v27.5 - https:\/\/yoast.com\/product\/yoast-seo-wordpress\/ -->\n<title>Pestigon Combo 50\/60mg | Kat\/Fret | 3 pipetten - Pharmacy4pets<\/title>\n<meta name=\"robots\" content=\"index, follow, max-snippet:-1, max-image-preview:large, max-video-preview:-1\" \/>\n<link rel=\"canonical\" href=\"https:\/\/www.pharmacy4pets.nl\/pestigon-combo-50-60mg-kat-fret-3-pipetten\" \/>\n<meta property=\"og:locale\" content=\"nl_NL\" \/>\n<meta property=\"og:type\" content=\"article\" \/>\n<meta property=\"og:title\" content=\"Pestigon Combo 50\/60mg | Kat\/Fret | 3 pipetten - Pharmacy4pets\" \/>\n<meta property=\"og:description\" content=\"Pestigon Combo voor de kat en fret kan worden gebruikt ter behandeling en preventie van vlooien en teken bij katten en fretten. Pestigon Combo heeft een werkzaamheid van 4 weken tegen vlooien en 2 weken tegen teken. Daarnaast verhindert Pestigon Combo ook de ontwikkeling van eitjes, larven en poppen. Dit teken- en vlooiemiddel is eenvoudig [&hellip;]\" \/>\n<meta property=\"og:url\" content=\"https:\/\/www.pharmacy4pets.nl\/pestigon-combo-50-60mg-kat-fret-3-pipetten\" \/>\n<meta property=\"og:site_name\" content=\"Pharmacy4pets\" \/>\n<meta property=\"article:publisher\" content=\"https:\/\/www.facebook.com\/people\/Pharmacy4petsnl\/100063484989896\/\" \/>\n<meta property=\"article:modified_time\" content=\"2026-03-25T12:04:00+00:00\" \/>\n<meta property=\"og:image\" content=\"https:\/\/www.pharmacy4pets.nl\/wp-content\/uploads\/2023\/03\/25028.jpg\" \/>\n\t<meta property=\"og:image:width\" content=\"708\" \/>\n\t<meta property=\"og:image:height\" content=\"708\" \/>\n\t<meta property=\"og:image:type\" content=\"image\/jpeg\" \/>\n<meta name=\"twitter:card\" content=\"summary_large_image\" \/>\n<script type=\"application\/ld+json\" class=\"yoast-schema-graph\">{\"@context\":\"https:\\\/\\\/schema.org\",\"@graph\":[{\"@type\":\"WebPage\",\"@id\":\"https:\\\/\\\/www.pharmacy4pets.nl\\\/pestigon-combo-50-60mg-kat-fret-3-pipetten\",\"url\":\"https:\\\/\\\/www.pharmacy4pets.nl\\\/pestigon-combo-50-60mg-kat-fret-3-pipetten\",\"name\":\"Pestigon Combo 50\\\/60mg | Kat\\\/Fret | 3 pipetten - Pharmacy4pets\",\"isPartOf\":{\"@id\":\"http:\\\/\\\/www.pharmacy4pets.nl\\\/#website\"},\"primaryImageOfPage\":{\"@id\":\"https:\\\/\\\/www.pharmacy4pets.nl\\\/pestigon-combo-50-60mg-kat-fret-3-pipetten#primaryimage\"},\"image\":{\"@id\":\"https:\\\/\\\/www.pharmacy4pets.nl\\\/pestigon-combo-50-60mg-kat-fret-3-pipetten#primaryimage\"},\"thumbnailUrl\":\"https:\\\/\\\/www.pharmacy4pets.nl\\\/wp-content\\\/uploads\\\/2023\\\/03\\\/25028.jpg\",\"datePublished\":\"2023-03-10T12:18:00+00:00\",\"dateModified\":\"2026-03-25T12:04:00+00:00\",\"breadcrumb\":{\"@id\":\"https:\\\/\\\/www.pharmacy4pets.nl\\\/pestigon-combo-50-60mg-kat-fret-3-pipetten#breadcrumb\"},\"inLanguage\":\"nl-NL\",\"potentialAction\":[{\"@type\":\"ReadAction\",\"target\":[\"https:\\\/\\\/www.pharmacy4pets.nl\\\/pestigon-combo-50-60mg-kat-fret-3-pipetten\"]}]},{\"@type\":\"ImageObject\",\"inLanguage\":\"nl-NL\",\"@id\":\"https:\\\/\\\/www.pharmacy4pets.nl\\\/pestigon-combo-50-60mg-kat-fret-3-pipetten#primaryimage\",\"url\":\"https:\\\/\\\/www.pharmacy4pets.nl\\\/wp-content\\\/uploads\\\/2023\\\/03\\\/25028.jpg\",\"contentUrl\":\"https:\\\/\\\/www.pharmacy4pets.nl\\\/wp-content\\\/uploads\\\/2023\\\/03\\\/25028.jpg\",\"width\":708,\"height\":708,\"caption\":\"Pestigon Combo\"},{\"@type\":\"BreadcrumbList\",\"@id\":\"https:\\\/\\\/www.pharmacy4pets.nl\\\/pestigon-combo-50-60mg-kat-fret-3-pipetten#breadcrumb\",\"itemListElement\":[{\"@type\":\"ListItem\",\"position\":1,\"name\":\"Home\",\"item\":\"https:\\\/\\\/p4p-nl.bootmine.com\\\/\"},{\"@type\":\"ListItem\",\"position\":2,\"name\":\"Winkel\",\"item\":\"https:\\\/\\\/p4p-nl.bootmine.com\\\/winkel\"},{\"@type\":\"ListItem\",\"position\":3,\"name\":\"Pestigon Combo 50\\\/60mg | Kat\\\/Fret | 3 pipetten\"}]},{\"@type\":\"WebSite\",\"@id\":\"http:\\\/\\\/www.pharmacy4pets.nl\\\/#website\",\"url\":\"http:\\\/\\\/www.pharmacy4pets.nl\\\/\",\"name\":\"Pharmacy4pets\",\"description\":\"Pharmacy4pets.nl is d\u00e9 online apotheek waar u terecht kunt voor alle diergeneesmiddelen, verzorgingsproducten en dieetvoeding voor uw huisdier.\",\"publisher\":{\"@id\":\"http:\\\/\\\/www.pharmacy4pets.nl\\\/#organization\"},\"potentialAction\":[{\"@type\":\"SearchAction\",\"target\":{\"@type\":\"EntryPoint\",\"urlTemplate\":\"http:\\\/\\\/www.pharmacy4pets.nl\\\/?s={search_term_string}\"},\"query-input\":{\"@type\":\"PropertyValueSpecification\",\"valueRequired\":true,\"valueName\":\"search_term_string\"}}],\"inLanguage\":\"nl-NL\"},{\"@type\":\"Organization\",\"@id\":\"http:\\\/\\\/www.pharmacy4pets.nl\\\/#organization\",\"name\":\"Pharmacy4pets\",\"url\":\"http:\\\/\\\/www.pharmacy4pets.nl\\\/\",\"logo\":{\"@type\":\"ImageObject\",\"inLanguage\":\"nl-NL\",\"@id\":\"http:\\\/\\\/www.pharmacy4pets.nl\\\/#\\\/schema\\\/logo\\\/image\\\/\",\"url\":\"https:\\\/\\\/p4p-nl.bootmine.com\\\/wp-content\\\/uploads\\\/2026\\\/03\\\/logo-pharmacy4pets.png\",\"contentUrl\":\"https:\\\/\\\/p4p-nl.bootmine.com\\\/wp-content\\\/uploads\\\/2026\\\/03\\\/logo-pharmacy4pets.png\",\"width\":1024,\"height\":135,\"caption\":\"Pharmacy4pets\"},\"image\":{\"@id\":\"http:\\\/\\\/www.pharmacy4pets.nl\\\/#\\\/schema\\\/logo\\\/image\\\/\"},\"sameAs\":[\"https:\\\/\\\/www.facebook.com\\\/people\\\/Pharmacy4petsnl\\\/100063484989896\\\/\",\"https:\\\/\\\/www.youtube.com\\\/channel\\\/UCGPTIgucgli03tP2_kvLkHg\\\/featured\",\"https:\\\/\\\/www.instagram.com\\\/pharmacy4pets.nl\"]}]}<\/script>\n<!-- \/ Yoast SEO plugin. -->","yoast_head_json":{"title":"Pestigon Combo 50\/60mg | Kat\/Fret | 3 pipetten - Pharmacy4pets","robots":{"index":"index","follow":"follow","max-snippet":"max-snippet:-1","max-image-preview":"max-image-preview:large","max-video-preview":"max-video-preview:-1"},"canonical":"https:\/\/www.pharmacy4pets.nl\/pestigon-combo-50-60mg-kat-fret-3-pipetten","og_locale":"nl_NL","og_type":"article","og_title":"Pestigon Combo 50\/60mg | Kat\/Fret | 3 pipetten - Pharmacy4pets","og_description":"Pestigon Combo voor de kat en fret kan worden gebruikt ter behandeling en preventie van vlooien en teken bij katten en fretten. Pestigon Combo heeft een werkzaamheid van 4 weken tegen vlooien en 2 weken tegen teken. Daarnaast verhindert Pestigon Combo ook de ontwikkeling van eitjes, larven en poppen. Dit teken- en vlooiemiddel is eenvoudig [&hellip;]","og_url":"https:\/\/www.pharmacy4pets.nl\/pestigon-combo-50-60mg-kat-fret-3-pipetten","og_site_name":"Pharmacy4pets","article_publisher":"https:\/\/www.facebook.com\/people\/Pharmacy4petsnl\/100063484989896\/","article_modified_time":"2026-03-25T12:04:00+00:00","og_image":[{"width":708,"height":708,"url":"https:\/\/www.pharmacy4pets.nl\/wp-content\/uploads\/2023\/03\/25028.jpg","type":"image\/jpeg"}],"twitter_card":"summary_large_image","schema":{"@context":"https:\/\/schema.org","@graph":[{"@type":"WebPage","@id":"https:\/\/www.pharmacy4pets.nl\/pestigon-combo-50-60mg-kat-fret-3-pipetten","url":"https:\/\/www.pharmacy4pets.nl\/pestigon-combo-50-60mg-kat-fret-3-pipetten","name":"Pestigon Combo 50\/60mg | Kat\/Fret | 3 pipetten - Pharmacy4pets","isPartOf":{"@id":"http:\/\/www.pharmacy4pets.nl\/#website"},"primaryImageOfPage":{"@id":"https:\/\/www.pharmacy4pets.nl\/pestigon-combo-50-60mg-kat-fret-3-pipetten#primaryimage"},"image":{"@id":"https:\/\/www.pharmacy4pets.nl\/pestigon-combo-50-60mg-kat-fret-3-pipetten#primaryimage"},"thumbnailUrl":"https:\/\/www.pharmacy4pets.nl\/wp-content\/uploads\/2023\/03\/25028.jpg","datePublished":"2023-03-10T12:18:00+00:00","dateModified":"2026-03-25T12:04:00+00:00","breadcrumb":{"@id":"https:\/\/www.pharmacy4pets.nl\/pestigon-combo-50-60mg-kat-fret-3-pipetten#breadcrumb"},"inLanguage":"nl-NL","potentialAction":[{"@type":"ReadAction","target":["https:\/\/www.pharmacy4pets.nl\/pestigon-combo-50-60mg-kat-fret-3-pipetten"]}]},{"@type":"ImageObject","inLanguage":"nl-NL","@id":"https:\/\/www.pharmacy4pets.nl\/pestigon-combo-50-60mg-kat-fret-3-pipetten#primaryimage","url":"https:\/\/www.pharmacy4pets.nl\/wp-content\/uploads\/2023\/03\/25028.jpg","contentUrl":"https:\/\/www.pharmacy4pets.nl\/wp-content\/uploads\/2023\/03\/25028.jpg","width":708,"height":708,"caption":"Pestigon Combo"},{"@type":"BreadcrumbList","@id":"https:\/\/www.pharmacy4pets.nl\/pestigon-combo-50-60mg-kat-fret-3-pipetten#breadcrumb","itemListElement":[{"@type":"ListItem","position":1,"name":"Home","item":"https:\/\/p4p-nl.bootmine.com\/"},{"@type":"ListItem","position":2,"name":"Winkel","item":"https:\/\/p4p-nl.bootmine.com\/winkel"},{"@type":"ListItem","position":3,"name":"Pestigon Combo 50\/60mg | Kat\/Fret | 3 pipetten"}]},{"@type":"WebSite","@id":"http:\/\/www.pharmacy4pets.nl\/#website","url":"http:\/\/www.pharmacy4pets.nl\/","name":"Pharmacy4pets","description":"Pharmacy4pets.nl is d\u00e9 online apotheek waar u terecht kunt voor alle diergeneesmiddelen, verzorgingsproducten en dieetvoeding voor uw huisdier.","publisher":{"@id":"http:\/\/www.pharmacy4pets.nl\/#organization"},"potentialAction":[{"@type":"SearchAction","target":{"@type":"EntryPoint","urlTemplate":"http:\/\/www.pharmacy4pets.nl\/?s={search_term_string}"},"query-input":{"@type":"PropertyValueSpecification","valueRequired":true,"valueName":"search_term_string"}}],"inLanguage":"nl-NL"},{"@type":"Organization","@id":"http:\/\/www.pharmacy4pets.nl\/#organization","name":"Pharmacy4pets","url":"http:\/\/www.pharmacy4pets.nl\/","logo":{"@type":"ImageObject","inLanguage":"nl-NL","@id":"http:\/\/www.pharmacy4pets.nl\/#\/schema\/logo\/image\/","url":"https:\/\/p4p-nl.bootmine.com\/wp-content\/uploads\/2026\/03\/logo-pharmacy4pets.png","contentUrl":"https:\/\/p4p-nl.bootmine.com\/wp-content\/uploads\/2026\/03\/logo-pharmacy4pets.png","width":1024,"height":135,"caption":"Pharmacy4pets"},"image":{"@id":"http:\/\/www.pharmacy4pets.nl\/#\/schema\/logo\/image\/"},"sameAs":["https:\/\/www.facebook.com\/people\/Pharmacy4petsnl\/100063484989896\/","https:\/\/www.youtube.com\/channel\/UCGPTIgucgli03tP2_kvLkHg\/featured","https:\/\/www.instagram.com\/pharmacy4pets.nl"]}]}},"market_data":{"nl":{"price":0,"sale_price":0,"active":false,"url":null,"parent_url":"","tax_rate":0,"price_inc_tax":0,"sale_price_inc_tax":0},"de":{"price":0,"sale_price":0,"active":false,"url":null,"parent_url":"","tax_rate":0,"price_inc_tax":0,"sale_price_inc_tax":0},"be":{"price":0,"sale_price":0,"active":false,"url":null,"parent_url":"","tax_rate":0,"price_inc_tax":0,"sale_price_inc_tax":0},"fr":{"price":0,"sale_price":0,"active":false,"url":null,"parent_url":"","tax_rate":0,"price_inc_tax":0,"sale_price_inc_tax":0},"ch":{"price":0,"sale_price":0,"active":false,"url":null,"parent_url":"","tax_rate":0,"price_inc_tax":0,"sale_price_inc_tax":0},"at":{"price":0,"sale_price":0,"active":false,"url":null,"parent_url":"","tax_rate":0,"price_inc_tax":0,"sale_price_inc_tax":0},"es":{"price":0,"sale_price":0,"active":false,"url":null,"parent_url":"","tax_rate":0,"price_inc_tax":0,"sale_price_inc_tax":0},"dk":{"price":0,"sale_price":0,"active":false,"url":null,"parent_url":"","tax_rate":0,"price_inc_tax":0,"sale_price_inc_tax":0},"com":{"price":0,"sale_price":0,"active":false,"url":null,"parent_url":"","tax_rate":0,"price_inc_tax":0,"sale_price_inc_tax":0}},"market_nl_price":0,"market_nl_sale_price":0,"market_nl_active":false,"market_nl_url":null,"market_nl_parent_url":"","market_nl_tax_rate":0,"market_nl_price_inc_tax":0,"market_nl_sale_price_inc_tax":0,"market_de_price":0,"market_de_sale_price":0,"market_de_active":false,"market_de_url":null,"market_de_parent_url":"","market_de_tax_rate":0,"market_de_price_inc_tax":0,"market_de_sale_price_inc_tax":0,"market_be_price":0,"market_be_sale_price":0,"market_be_active":false,"market_be_url":null,"market_be_parent_url":"","market_be_tax_rate":0,"market_be_price_inc_tax":0,"market_be_sale_price_inc_tax":0,"market_fr_price":0,"market_fr_sale_price":0,"market_fr_active":false,"market_fr_url":null,"market_fr_parent_url":"","market_fr_tax_rate":0,"market_fr_price_inc_tax":0,"market_fr_sale_price_inc_tax":0,"market_ch_price":0,"market_ch_sale_price":0,"market_ch_active":false,"market_ch_url":null,"market_ch_parent_url":"","market_ch_tax_rate":0,"market_ch_price_inc_tax":0,"market_ch_sale_price_inc_tax":0,"market_at_price":0,"market_at_sale_price":0,"market_at_active":false,"market_at_url":null,"market_at_parent_url":"","market_at_tax_rate":0,"market_at_price_inc_tax":0,"market_at_sale_price_inc_tax":0,"market_es_price":0,"market_es_sale_price":0,"market_es_active":false,"market_es_url":null,"market_es_parent_url":"","market_es_tax_rate":0,"market_es_price_inc_tax":0,"market_es_sale_price_inc_tax":0,"market_dk_price":0,"market_dk_sale_price":0,"market_dk_active":false,"market_dk_url":null,"market_dk_parent_url":"","market_dk_tax_rate":0,"market_dk_price_inc_tax":0,"market_dk_sale_price_inc_tax":0,"market_com_price":0,"market_com_sale_price":0,"market_com_active":false,"market_com_url":null,"market_com_parent_url":"","market_com_tax_rate":0,"market_com_price_inc_tax":0,"market_com_sale_price_inc_tax":0,"acf":[],"_links":{"self":[{"href":"https:\/\/www.pharmacy4pets.nl\/be\/wp-json\/wp\/v2\/product\/119975","targetHints":{"allow":["GET"]}}],"collection":[{"href":"https:\/\/www.pharmacy4pets.nl\/be\/wp-json\/wp\/v2\/product"}],"about":[{"href":"https:\/\/www.pharmacy4pets.nl\/be\/wp-json\/wp\/v2\/types\/product"}],"replies":[{"embeddable":true,"href":"https:\/\/www.pharmacy4pets.nl\/be\/wp-json\/wp\/v2\/comments?post=119975"}],"wp:featuredmedia":[{"embeddable":true,"href":"https:\/\/www.pharmacy4pets.nl\/be\/wp-json\/wp\/v2\/media\/119974"}],"wp:attachment":[{"href":"https:\/\/www.pharmacy4pets.nl\/be\/wp-json\/wp\/v2\/media?parent=119975"}],"wp:term":[{"taxonomy":"product_brand","embeddable":true,"href":"https:\/\/www.pharmacy4pets.nl\/be\/wp-json\/wp\/v2\/product_brand?post=119975"},{"taxonomy":"product_cat","embeddable":true,"href":"https:\/\/www.pharmacy4pets.nl\/be\/wp-json\/wp\/v2\/product_cat?post=119975"},{"taxonomy":"product_tag","embeddable":true,"href":"https:\/\/www.pharmacy4pets.nl\/be\/wp-json\/wp\/v2\/product_tag?post=119975"}],"curies":[{"name":"wp","href":"https:\/\/api.w.org\/{rel}","templated":true}]}}