{"id":119973,"date":"2023-03-10T12:18:00","date_gmt":"2023-03-10T12:18:00","guid":{"rendered":"https:\/\/p4p.test\/paw-balm-voetzoolbalsem-44-ml"},"modified":"2026-03-25T12:03:59","modified_gmt":"2026-03-25T12:03:59","slug":"paw-balm-voetzoolbalsem-44-ml","status":"publish","type":"product","link":"https:\/\/www.pharmacy4pets.nl\/be\/paw-balm-voetzoolbalsem-44-ml","title":{"rendered":"Paw Balm voetzoolbalsem | 44 ml"},"content":{"rendered":"<p>Paw Balm is een balsem die de voetzolen van uw huisdier verzorgd en beschermd. Deze voetzoolbalsem zorgt voor een beschermende laag bij lange wandelingen, vermindert slippen en maakt de voetzolen van honden en katten minder gevoelig voor warmte en kou.<\/p>\n","protected":false},"excerpt":{"rendered":"<p>Paw Balm is een balsem die de voetzolen van uw huisdier verzorgd en beschermd. Deze voetzoolbalsem zorgt voor een beschermende laag bij lange wandelingen, vermindert slippen en maakt de voetzolen van honden en katten minder gevoelig voor warmte en kou.<\/p>\n","protected":false},"featured_media":119972,"comment_status":"open","ping_status":"closed","template":"","meta":{"_acf_changed":false,"_nl_post_content":"Paw Balm is een balsem die de voetzolen van uw huisdier verzorgd en beschermd. Deze voetzoolbalsem zorgt voor een beschermende laag bij lange wandelingen, vermindert slippen en maakt de voetzolen van honden en katten minder gevoelig voor warmte en kou.","_nl_post_name":"paw-balm-voetzoolbalsem-44-ml","_nl_post_excerpt":"","_nl_post_title":"Paw Balm voetzoolbalsem | 44 ml","_en_post_content":"Paw Balm is a balm that cares for and protects the soles of your pet's feet. This footpad balm provides a protective layer for long walks, reduces slippage and makes the soles of dogs and cats less sensitive to heat and cold.","_en_post_name":"paw-balm-footpad-balm-44-ml","_en_post_excerpt":"","_en_post_title":"Paw Balm Footpad Balm | 44 ml","_de_post_content":"Paw Balm ist ein Balsam, der die Fu\u00dfsohlen Ihres Haustieres pflegt und sch\u00fctzt. Dieser Fu\u00dfballenbalsam bildet eine sch\u00fctzende Schicht bei langen Spazierg\u00e4ngen, reduziert das Verrutschen und macht die Fu\u00dfsohlen von Hunden und Katzen weniger empfindlich gegen\u00fcber Hitze und K\u00e4lte.","_de_post_name":"paw-balm-fusssohlenbalsam-44-ml","_de_post_excerpt":"","_de_post_title":"Paw Balm Fu\u00dfsohlenbalsam | 44 ml","_fr_post_content":"Paw Balm est un baume qui soigne et prot\u00e8ge la plante des pieds de votre animal. Ce baume pour coussinets plantaires fournit une couche protectrice pour les longues promenades, r\u00e9duit le glissement et rend les semelles des chiens et des chats moins sensibles \u00e0 la chaleur et au froid.","_fr_post_name":"paw-balm-baume-pour-la-plante-des-pieds-44-ml","_fr_post_excerpt":"","_fr_post_title":"Paw Balm baume pour la plante des pieds | 44 ml","_es_post_content":"Paw Balm es un b\u00e1lsamo que cuida y protege las plantas de los pies de tu mascota. Este b\u00e1lsamo para las almohadillas proporciona una capa protectora para largos paseos, reduce el deslizamiento y hace que las plantas de los perros y gatos sean menos sensibles al calor y al fr\u00edo.","_es_post_name":"paw-balm-balsamo-para-las-plantas-de-los-pies-44-ml","_es_post_excerpt":"","_es_post_title":"Paw Balm b\u00e1lsamo para las plantas de los pies | 44 ml","edit_language":"nl"},"product_brand":[],"product_cat":[1891,1861,2157,1117,1118,1857,1863,1893],"product_tag":[],"class_list":{"0":"post-119973","1":"product","2":"type-product","3":"status-publish","4":"has-post-thumbnail","6":"product_cat-benodigdheden","8":"product_cat-espree","9":"product_cat-honden","10":"product_cat-katten","11":"product_cat-merken","12":"product_cat-verzorging","14":"pa_aandoening-huid_vacht","15":"pa_doeldier-hond","16":"pa_doeldier-kat","17":"pa_fabricatieland-usa","18":"pa_merkfilter-espree","19":"pa_merkgroep-nml","20":"pa_productsoort-overig","21":"pa_toedieningswijze-zalf","22":"pa_unit_pricing_base_measure-10ml","23":"pa_unit_pricing_measure-44ml","24":"pa_werkzamestof-overig","26":"first","27":"instock","28":"taxable","29":"shipping-taxable","30":"purchasable","31":"product-type-simple"},"yoast_head":"<!-- This site is optimized with the Yoast SEO plugin v27.5 - https:\/\/yoast.com\/product\/yoast-seo-wordpress\/ -->\n<title>Paw Balm voetzoolbalsem | 44 ml - Pharmacy4pets<\/title>\n<meta name=\"robots\" content=\"index, follow, max-snippet:-1, max-image-preview:large, max-video-preview:-1\" \/>\n<link rel=\"canonical\" href=\"https:\/\/www.pharmacy4pets.nl\/paw-balm-voetzoolbalsem-44-ml\" \/>\n<meta property=\"og:locale\" content=\"nl_NL\" \/>\n<meta property=\"og:type\" content=\"article\" \/>\n<meta property=\"og:title\" content=\"Paw Balm voetzoolbalsem | 44 ml - Pharmacy4pets\" \/>\n<meta property=\"og:description\" content=\"Paw Balm is een balsem die de voetzolen van uw huisdier verzorgd en beschermd. Deze voetzoolbalsem zorgt voor een beschermende laag bij lange wandelingen, vermindert slippen en maakt de voetzolen van honden en katten minder gevoelig voor warmte en kou.\" \/>\n<meta property=\"og:url\" content=\"https:\/\/www.pharmacy4pets.nl\/paw-balm-voetzoolbalsem-44-ml\" \/>\n<meta property=\"og:site_name\" content=\"Pharmacy4pets\" \/>\n<meta property=\"article:publisher\" content=\"https:\/\/www.facebook.com\/people\/Pharmacy4petsnl\/100063484989896\/\" \/>\n<meta property=\"article:modified_time\" content=\"2026-03-25T12:03:59+00:00\" \/>\n<meta property=\"og:image\" content=\"https:\/\/www.pharmacy4pets.nl\/wp-content\/uploads\/2023\/03\/21430.jpg\" \/>\n\t<meta property=\"og:image:width\" content=\"450\" \/>\n\t<meta property=\"og:image:height\" content=\"450\" \/>\n\t<meta property=\"og:image:type\" content=\"image\/jpeg\" \/>\n<meta name=\"twitter:card\" content=\"summary_large_image\" \/>\n<script type=\"application\/ld+json\" class=\"yoast-schema-graph\">{\"@context\":\"https:\\\/\\\/schema.org\",\"@graph\":[{\"@type\":\"WebPage\",\"@id\":\"https:\\\/\\\/www.pharmacy4pets.nl\\\/paw-balm-voetzoolbalsem-44-ml\",\"url\":\"https:\\\/\\\/www.pharmacy4pets.nl\\\/paw-balm-voetzoolbalsem-44-ml\",\"name\":\"Paw Balm voetzoolbalsem | 44 ml - Pharmacy4pets\",\"isPartOf\":{\"@id\":\"http:\\\/\\\/www.pharmacy4pets.nl\\\/#website\"},\"primaryImageOfPage\":{\"@id\":\"https:\\\/\\\/www.pharmacy4pets.nl\\\/paw-balm-voetzoolbalsem-44-ml#primaryimage\"},\"image\":{\"@id\":\"https:\\\/\\\/www.pharmacy4pets.nl\\\/paw-balm-voetzoolbalsem-44-ml#primaryimage\"},\"thumbnailUrl\":\"https:\\\/\\\/www.pharmacy4pets.nl\\\/wp-content\\\/uploads\\\/2023\\\/03\\\/21430.jpg\",\"datePublished\":\"2023-03-10T12:18:00+00:00\",\"dateModified\":\"2026-03-25T12:03:59+00:00\",\"breadcrumb\":{\"@id\":\"https:\\\/\\\/www.pharmacy4pets.nl\\\/paw-balm-voetzoolbalsem-44-ml#breadcrumb\"},\"inLanguage\":\"nl-NL\",\"potentialAction\":[{\"@type\":\"ReadAction\",\"target\":[\"https:\\\/\\\/www.pharmacy4pets.nl\\\/paw-balm-voetzoolbalsem-44-ml\"]}]},{\"@type\":\"ImageObject\",\"inLanguage\":\"nl-NL\",\"@id\":\"https:\\\/\\\/www.pharmacy4pets.nl\\\/paw-balm-voetzoolbalsem-44-ml#primaryimage\",\"url\":\"https:\\\/\\\/www.pharmacy4pets.nl\\\/wp-content\\\/uploads\\\/2023\\\/03\\\/21430.jpg\",\"contentUrl\":\"https:\\\/\\\/www.pharmacy4pets.nl\\\/wp-content\\\/uploads\\\/2023\\\/03\\\/21430.jpg\",\"width\":450,\"height\":450,\"caption\":\"Paw Balm\"},{\"@type\":\"BreadcrumbList\",\"@id\":\"https:\\\/\\\/www.pharmacy4pets.nl\\\/paw-balm-voetzoolbalsem-44-ml#breadcrumb\",\"itemListElement\":[{\"@type\":\"ListItem\",\"position\":1,\"name\":\"Home\",\"item\":\"https:\\\/\\\/p4p-nl.bootmine.com\\\/\"},{\"@type\":\"ListItem\",\"position\":2,\"name\":\"Winkel\",\"item\":\"https:\\\/\\\/p4p-nl.bootmine.com\\\/winkel\"},{\"@type\":\"ListItem\",\"position\":3,\"name\":\"Paw Balm voetzoolbalsem | 44 ml\"}]},{\"@type\":\"WebSite\",\"@id\":\"http:\\\/\\\/www.pharmacy4pets.nl\\\/#website\",\"url\":\"http:\\\/\\\/www.pharmacy4pets.nl\\\/\",\"name\":\"Pharmacy4pets\",\"description\":\"Pharmacy4pets.nl is d\u00e9 online apotheek waar u terecht kunt voor alle diergeneesmiddelen, verzorgingsproducten en dieetvoeding voor uw huisdier.\",\"publisher\":{\"@id\":\"http:\\\/\\\/www.pharmacy4pets.nl\\\/#organization\"},\"potentialAction\":[{\"@type\":\"SearchAction\",\"target\":{\"@type\":\"EntryPoint\",\"urlTemplate\":\"http:\\\/\\\/www.pharmacy4pets.nl\\\/?s={search_term_string}\"},\"query-input\":{\"@type\":\"PropertyValueSpecification\",\"valueRequired\":true,\"valueName\":\"search_term_string\"}}],\"inLanguage\":\"nl-NL\"},{\"@type\":\"Organization\",\"@id\":\"http:\\\/\\\/www.pharmacy4pets.nl\\\/#organization\",\"name\":\"Pharmacy4pets\",\"url\":\"http:\\\/\\\/www.pharmacy4pets.nl\\\/\",\"logo\":{\"@type\":\"ImageObject\",\"inLanguage\":\"nl-NL\",\"@id\":\"http:\\\/\\\/www.pharmacy4pets.nl\\\/#\\\/schema\\\/logo\\\/image\\\/\",\"url\":\"https:\\\/\\\/p4p-nl.bootmine.com\\\/wp-content\\\/uploads\\\/2026\\\/03\\\/logo-pharmacy4pets.png\",\"contentUrl\":\"https:\\\/\\\/p4p-nl.bootmine.com\\\/wp-content\\\/uploads\\\/2026\\\/03\\\/logo-pharmacy4pets.png\",\"width\":1024,\"height\":135,\"caption\":\"Pharmacy4pets\"},\"image\":{\"@id\":\"http:\\\/\\\/www.pharmacy4pets.nl\\\/#\\\/schema\\\/logo\\\/image\\\/\"},\"sameAs\":[\"https:\\\/\\\/www.facebook.com\\\/people\\\/Pharmacy4petsnl\\\/100063484989896\\\/\",\"https:\\\/\\\/www.youtube.com\\\/channel\\\/UCGPTIgucgli03tP2_kvLkHg\\\/featured\",\"https:\\\/\\\/www.instagram.com\\\/pharmacy4pets.nl\"]}]}<\/script>\n<!-- \/ Yoast SEO plugin. -->","yoast_head_json":{"title":"Paw Balm voetzoolbalsem | 44 ml - Pharmacy4pets","robots":{"index":"index","follow":"follow","max-snippet":"max-snippet:-1","max-image-preview":"max-image-preview:large","max-video-preview":"max-video-preview:-1"},"canonical":"https:\/\/www.pharmacy4pets.nl\/paw-balm-voetzoolbalsem-44-ml","og_locale":"nl_NL","og_type":"article","og_title":"Paw Balm voetzoolbalsem | 44 ml - Pharmacy4pets","og_description":"Paw Balm is een balsem die de voetzolen van uw huisdier verzorgd en beschermd. Deze voetzoolbalsem zorgt voor een beschermende laag bij lange wandelingen, vermindert slippen en maakt de voetzolen van honden en katten minder gevoelig voor warmte en kou.","og_url":"https:\/\/www.pharmacy4pets.nl\/paw-balm-voetzoolbalsem-44-ml","og_site_name":"Pharmacy4pets","article_publisher":"https:\/\/www.facebook.com\/people\/Pharmacy4petsnl\/100063484989896\/","article_modified_time":"2026-03-25T12:03:59+00:00","og_image":[{"width":450,"height":450,"url":"https:\/\/www.pharmacy4pets.nl\/wp-content\/uploads\/2023\/03\/21430.jpg","type":"image\/jpeg"}],"twitter_card":"summary_large_image","schema":{"@context":"https:\/\/schema.org","@graph":[{"@type":"WebPage","@id":"https:\/\/www.pharmacy4pets.nl\/paw-balm-voetzoolbalsem-44-ml","url":"https:\/\/www.pharmacy4pets.nl\/paw-balm-voetzoolbalsem-44-ml","name":"Paw Balm voetzoolbalsem | 44 ml - Pharmacy4pets","isPartOf":{"@id":"http:\/\/www.pharmacy4pets.nl\/#website"},"primaryImageOfPage":{"@id":"https:\/\/www.pharmacy4pets.nl\/paw-balm-voetzoolbalsem-44-ml#primaryimage"},"image":{"@id":"https:\/\/www.pharmacy4pets.nl\/paw-balm-voetzoolbalsem-44-ml#primaryimage"},"thumbnailUrl":"https:\/\/www.pharmacy4pets.nl\/wp-content\/uploads\/2023\/03\/21430.jpg","datePublished":"2023-03-10T12:18:00+00:00","dateModified":"2026-03-25T12:03:59+00:00","breadcrumb":{"@id":"https:\/\/www.pharmacy4pets.nl\/paw-balm-voetzoolbalsem-44-ml#breadcrumb"},"inLanguage":"nl-NL","potentialAction":[{"@type":"ReadAction","target":["https:\/\/www.pharmacy4pets.nl\/paw-balm-voetzoolbalsem-44-ml"]}]},{"@type":"ImageObject","inLanguage":"nl-NL","@id":"https:\/\/www.pharmacy4pets.nl\/paw-balm-voetzoolbalsem-44-ml#primaryimage","url":"https:\/\/www.pharmacy4pets.nl\/wp-content\/uploads\/2023\/03\/21430.jpg","contentUrl":"https:\/\/www.pharmacy4pets.nl\/wp-content\/uploads\/2023\/03\/21430.jpg","width":450,"height":450,"caption":"Paw Balm"},{"@type":"BreadcrumbList","@id":"https:\/\/www.pharmacy4pets.nl\/paw-balm-voetzoolbalsem-44-ml#breadcrumb","itemListElement":[{"@type":"ListItem","position":1,"name":"Home","item":"https:\/\/p4p-nl.bootmine.com\/"},{"@type":"ListItem","position":2,"name":"Winkel","item":"https:\/\/p4p-nl.bootmine.com\/winkel"},{"@type":"ListItem","position":3,"name":"Paw Balm voetzoolbalsem | 44 ml"}]},{"@type":"WebSite","@id":"http:\/\/www.pharmacy4pets.nl\/#website","url":"http:\/\/www.pharmacy4pets.nl\/","name":"Pharmacy4pets","description":"Pharmacy4pets.nl is d\u00e9 online apotheek waar u terecht kunt voor alle diergeneesmiddelen, verzorgingsproducten en dieetvoeding voor uw huisdier.","publisher":{"@id":"http:\/\/www.pharmacy4pets.nl\/#organization"},"potentialAction":[{"@type":"SearchAction","target":{"@type":"EntryPoint","urlTemplate":"http:\/\/www.pharmacy4pets.nl\/?s={search_term_string}"},"query-input":{"@type":"PropertyValueSpecification","valueRequired":true,"valueName":"search_term_string"}}],"inLanguage":"nl-NL"},{"@type":"Organization","@id":"http:\/\/www.pharmacy4pets.nl\/#organization","name":"Pharmacy4pets","url":"http:\/\/www.pharmacy4pets.nl\/","logo":{"@type":"ImageObject","inLanguage":"nl-NL","@id":"http:\/\/www.pharmacy4pets.nl\/#\/schema\/logo\/image\/","url":"https:\/\/p4p-nl.bootmine.com\/wp-content\/uploads\/2026\/03\/logo-pharmacy4pets.png","contentUrl":"https:\/\/p4p-nl.bootmine.com\/wp-content\/uploads\/2026\/03\/logo-pharmacy4pets.png","width":1024,"height":135,"caption":"Pharmacy4pets"},"image":{"@id":"http:\/\/www.pharmacy4pets.nl\/#\/schema\/logo\/image\/"},"sameAs":["https:\/\/www.facebook.com\/people\/Pharmacy4petsnl\/100063484989896\/","https:\/\/www.youtube.com\/channel\/UCGPTIgucgli03tP2_kvLkHg\/featured","https:\/\/www.instagram.com\/pharmacy4pets.nl"]}]}},"market_data":{"nl":{"price":0,"sale_price":0,"active":false,"url":null,"parent_url":"","tax_rate":0,"price_inc_tax":0,"sale_price_inc_tax":0},"de":{"price":0,"sale_price":0,"active":false,"url":null,"parent_url":"","tax_rate":0,"price_inc_tax":0,"sale_price_inc_tax":0},"be":{"price":0,"sale_price":0,"active":false,"url":null,"parent_url":"","tax_rate":0,"price_inc_tax":0,"sale_price_inc_tax":0},"fr":{"price":0,"sale_price":0,"active":false,"url":null,"parent_url":"","tax_rate":0,"price_inc_tax":0,"sale_price_inc_tax":0},"ch":{"price":0,"sale_price":0,"active":false,"url":null,"parent_url":"","tax_rate":0,"price_inc_tax":0,"sale_price_inc_tax":0},"at":{"price":0,"sale_price":0,"active":false,"url":null,"parent_url":"","tax_rate":0,"price_inc_tax":0,"sale_price_inc_tax":0},"es":{"price":0,"sale_price":0,"active":false,"url":null,"parent_url":"","tax_rate":0,"price_inc_tax":0,"sale_price_inc_tax":0},"dk":{"price":0,"sale_price":0,"active":false,"url":null,"parent_url":"","tax_rate":0,"price_inc_tax":0,"sale_price_inc_tax":0},"com":{"price":0,"sale_price":0,"active":false,"url":null,"parent_url":"","tax_rate":0,"price_inc_tax":0,"sale_price_inc_tax":0}},"market_nl_price":0,"market_nl_sale_price":0,"market_nl_active":false,"market_nl_url":null,"market_nl_parent_url":"","market_nl_tax_rate":0,"market_nl_price_inc_tax":0,"market_nl_sale_price_inc_tax":0,"market_de_price":0,"market_de_sale_price":0,"market_de_active":false,"market_de_url":null,"market_de_parent_url":"","market_de_tax_rate":0,"market_de_price_inc_tax":0,"market_de_sale_price_inc_tax":0,"market_be_price":0,"market_be_sale_price":0,"market_be_active":false,"market_be_url":null,"market_be_parent_url":"","market_be_tax_rate":0,"market_be_price_inc_tax":0,"market_be_sale_price_inc_tax":0,"market_fr_price":0,"market_fr_sale_price":0,"market_fr_active":false,"market_fr_url":null,"market_fr_parent_url":"","market_fr_tax_rate":0,"market_fr_price_inc_tax":0,"market_fr_sale_price_inc_tax":0,"market_ch_price":0,"market_ch_sale_price":0,"market_ch_active":false,"market_ch_url":null,"market_ch_parent_url":"","market_ch_tax_rate":0,"market_ch_price_inc_tax":0,"market_ch_sale_price_inc_tax":0,"market_at_price":0,"market_at_sale_price":0,"market_at_active":false,"market_at_url":null,"market_at_parent_url":"","market_at_tax_rate":0,"market_at_price_inc_tax":0,"market_at_sale_price_inc_tax":0,"market_es_price":0,"market_es_sale_price":0,"market_es_active":false,"market_es_url":null,"market_es_parent_url":"","market_es_tax_rate":0,"market_es_price_inc_tax":0,"market_es_sale_price_inc_tax":0,"market_dk_price":0,"market_dk_sale_price":0,"market_dk_active":false,"market_dk_url":null,"market_dk_parent_url":"","market_dk_tax_rate":0,"market_dk_price_inc_tax":0,"market_dk_sale_price_inc_tax":0,"market_com_price":0,"market_com_sale_price":0,"market_com_active":false,"market_com_url":null,"market_com_parent_url":"","market_com_tax_rate":0,"market_com_price_inc_tax":0,"market_com_sale_price_inc_tax":0,"acf":[],"_links":{"self":[{"href":"https:\/\/www.pharmacy4pets.nl\/be\/wp-json\/wp\/v2\/product\/119973","targetHints":{"allow":["GET"]}}],"collection":[{"href":"https:\/\/www.pharmacy4pets.nl\/be\/wp-json\/wp\/v2\/product"}],"about":[{"href":"https:\/\/www.pharmacy4pets.nl\/be\/wp-json\/wp\/v2\/types\/product"}],"replies":[{"embeddable":true,"href":"https:\/\/www.pharmacy4pets.nl\/be\/wp-json\/wp\/v2\/comments?post=119973"}],"wp:featuredmedia":[{"embeddable":true,"href":"https:\/\/www.pharmacy4pets.nl\/be\/wp-json\/wp\/v2\/media\/119972"}],"wp:attachment":[{"href":"https:\/\/www.pharmacy4pets.nl\/be\/wp-json\/wp\/v2\/media?parent=119973"}],"wp:term":[{"taxonomy":"product_brand","embeddable":true,"href":"https:\/\/www.pharmacy4pets.nl\/be\/wp-json\/wp\/v2\/product_brand?post=119973"},{"taxonomy":"product_cat","embeddable":true,"href":"https:\/\/www.pharmacy4pets.nl\/be\/wp-json\/wp\/v2\/product_cat?post=119973"},{"taxonomy":"product_tag","embeddable":true,"href":"https:\/\/www.pharmacy4pets.nl\/be\/wp-json\/wp\/v2\/product_tag?post=119973"}],"curies":[{"name":"wp","href":"https:\/\/api.w.org\/{rel}","templated":true}]}}