{"id":119959,"date":"2023-03-10T12:17:56","date_gmt":"2023-03-10T12:17:56","guid":{"rendered":"https:\/\/p4p.test\/movoflex-soft-chews"},"modified":"2026-03-25T12:03:54","modified_gmt":"2026-03-25T12:03:54","slug":"movoflex-soft-chews","status":"publish","type":"product","link":"https:\/\/www.pharmacy4pets.nl\/be\/movoflex-soft-chews","title":{"rendered":"Movoflex Hond"},"content":{"rendered":"<h1><strong>Movoflex<\/strong><\/h1>\n<p><a href=\"https:\/\/www.pharmacy4pets.nl\/merken\/movoflex\">Movoflex <\/a>Soft Chews zijn ontwikkeld ter verbetering van de <a href=\"https:\/\/www.pharmacy4pets.nl\/honden\/medicijnen-supplementen\/gewrichten\">mobiliteit<\/a> van honden. Dit voedingssupplement in de vorm van kauwsnoepjes bevat een unieke combinatie van 5 natuurlijke ingredi\u00ebnten, waaronder UC-II, hyaluronzuur en boswellia serrata, die helpen bij het bevorderen van de gewrichtsgezondheid en het verminderen van ontstekingen en pijn. Deze 5 ingredi\u00ebnten zorgen voor een complete, snelle en eenvoudige oplossing bij gewrichtsproblemen.<\/p>\n<p>Dit gewrichtssupplement is gemakkelijk te geven aan honden en hebben een smakelijke kippenlever smaak die door veel honden gewaardeerd wordt. Ze zijn verkrijgbaar in 3 verschillende maten, afhankelijk van de grootte van uw hond, en kunnen dagelijks worden gegeven als onderdeel van een gezonde voeding en levensstijl. Al na 7 dagen gebruik van Movoflex kunt u als hondeneigenaar het verschil zien op de mobiliteit van uw huisdier.<\/p>\n<h2><strong>De voordelen van Movoflex:<\/strong><\/h2>\n<ul>\n<li>Significante verbetering waargenomen van de mobiliteit na 7 dagen<\/li>\n<li>1 zeer smakelijke chew per dag die eenvoudig te geven is<\/li>\n<li>Geen verhoogde aanvangsdosis nodig<\/li>\n<li>3 verschillende maten voor een optimale dosering<\/li>\n<li>97% van de ingredi\u00ebnten is van natuurlijke oorsprong<\/li>\n<\/ul>\n","protected":false},"excerpt":{"rendered":"<p>Movoflex Movoflex Soft Chews zijn ontwikkeld ter verbetering van de mobiliteit van honden. Dit voedingssupplement in de vorm van kauwsnoepjes bevat een unieke combinatie van 5 natuurlijke ingredi\u00ebnten, waaronder UC-II, hyaluronzuur en boswellia serrata, die helpen bij het bevorderen van de gewrichtsgezondheid en het verminderen van ontstekingen en pijn. Deze 5 ingredi\u00ebnten zorgen voor een [&hellip;]<\/p>\n","protected":false},"featured_media":119956,"comment_status":"open","ping_status":"closed","template":"","meta":{"_acf_changed":false,"_nl_post_content":"<h1><strong>Movoflex<\/strong><\/h1>\n<p><a href=\"https:\/\/www.pharmacy4pets.nl\/merken\/movoflex\">Movoflex <\/a>Soft Chews zijn ontwikkeld ter verbetering van de <a href=\"https:\/\/www.pharmacy4pets.nl\/honden\/medicijnen-supplementen\/gewrichten\">mobiliteit<\/a> van honden. Dit voedingssupplement in de vorm van kauwsnoepjes bevat een unieke combinatie van 5 natuurlijke ingredi\u00ebnten, waaronder UC-II, hyaluronzuur en boswellia serrata, die helpen bij het bevorderen van de gewrichtsgezondheid en het verminderen van ontstekingen en pijn. Deze 5 ingredi\u00ebnten zorgen voor een complete, snelle en eenvoudige oplossing bij gewrichtsproblemen.<\/p>\n<p>Dit gewrichtssupplement is gemakkelijk te geven aan honden en hebben een smakelijke kippenlever smaak die door veel honden gewaardeerd wordt. Ze zijn verkrijgbaar in 3 verschillende maten, afhankelijk van de grootte van uw hond, en kunnen dagelijks worden gegeven als onderdeel van een gezonde voeding en levensstijl. Al na 7 dagen gebruik van Movoflex kunt u als hondeneigenaar het verschil zien op de mobiliteit van uw huisdier.<\/p>\n<h2><strong>De voordelen van Movoflex:<\/strong><\/h2>\n<ul>\n<li>Significante verbetering waargenomen van de mobiliteit na 7 dagen<\/li>\n<li>1 zeer smakelijke chew per dag die eenvoudig te geven is<\/li>\n<li>Geen verhoogde aanvangsdosis nodig<\/li>\n<li>3 verschillende maten voor een optimale dosering<\/li>\n<li>97% van de ingredi\u00ebnten is van natuurlijke oorsprong<\/li>\n<\/ul>","_nl_post_name":"movoflex-soft-chews","_nl_post_excerpt":"","_nl_post_title":"Movoflex Hond","_en_post_content":"<h1><strong>Movoflex<\/strong><\/h1>\n<p><a href=\"https:\/\/www.pharmacy4pets.com\/brands\/movoflex\">Movoflex<\/a> Soft Chews has been developed to improve <a href=\"https:\/\/www.pharmacy4pets.com\/dogs\/medication-supplements\/joints\">mobility<\/a> in dogs. This chewable food supplement contains a unique combination of 5 natural ingredients, including UC-II, hyaluronic acid and boswellia serrata, which help to promote joint health and reduce inflammation and pain. These 5 ingredients provide a complete, quick and easy solution to joint problems.<\/p>\n<p>This joint supplement is easy to give to dogs and has a tasty chicken liver flavour that many dogs love. They are available in 3 different sizes, depending on the size of your dog, and can be given daily as part of a healthy diet and lifestyle. After just 7 days of using Movoflex, you as a dog owner can see the difference in your pet's mobility.<\/p>\n<h2><strong>The benefits of Movoflex:<\/strong><\/h2>\n<ul style=\"list-style-type: disc;\">\n<li>Significant improvement in mobility after 7 days<\/li>\n<li>1 chewable tablet a day, highly palatable and easy to administer<\/li>\n<li>No need to increase the initial dose<\/li>\n<li>3 different sizes for optimal dosage<\/li>\n<li>97% of ingredients are of natural origin<\/li>\n<\/ul>","_en_post_name":"movoflex-soft-chews","_en_post_excerpt":"","_en_post_title":"Movoflex Dog","_de_post_content":"<h1><strong>Movoflex<\/strong><\/h1>\n<p><a href=\"https:\/\/www.pharmacy4pets.de\/marken\/movoflex\">Movoflex<\/a> Soft Chews wurden entwickelt, um die <a href=\"https:\/\/www.pharmacy4pets.de\/hunde\/medikamente-erganzungen\/gelenke\">Beweglichkeit<\/a> von Hunden zu verbessern. Dieses Nahrungserg\u00e4nzungsmittel in Form von Kausnacks enth\u00e4lt eine einzigartige Kombination aus 5 nat\u00fcrlichen Inhaltsstoffen, darunter UC-II, Hyalurons\u00e4ure und Boswellia serrata, die die Gesundheit der Gelenke f\u00f6rdern und Entz\u00fcndungen und Schmerzen reduzieren. Diese 5 Inhaltsstoffe bieten eine vollst\u00e4ndige, schnelle und einfache L\u00f6sung f\u00fcr Gelenkprobleme.<\/p>\n<p>Dieses Erg\u00e4nzungsfuttermittel f\u00fcr die Gelenke ist einfach zu verabreichen und hat einen leckeren H\u00fchnerlebergeschmack, der von vielen Hunden gesch\u00e4tzt wird. Sie sind in 3 verschiedenen Gr\u00f6\u00dfen erh\u00e4ltlich, je nach Gr\u00f6\u00dfe Ihres Hundes, und k\u00f6nnen t\u00e4glich als Teil einer gesunden Ern\u00e4hrung und Lebensweise verabreicht werden. Nach nur 7 Tagen der Anwendung von Movoflex k\u00f6nnen Sie als Hundebesitzer den Unterschied in der Beweglichkeit Ihres Tieres sehen.<\/p>\n<h2><strong>Die Vorteile von Movoflex:<\/strong><\/h2>\n<ul style=\"list-style-type: disc;\">\n<li>Signifikante Verbesserung der Beweglichkeit nach 7 Tagen<\/li>\n<li>1 sehr schmackhafter Kausnack pro Tag, der leicht zu verabreichen ist<\/li>\n<li>Keine erh\u00f6hte Anfangsdosis erforderlich<\/li>\n<li>3 verschiedene Gr\u00f6\u00dfen f\u00fcr eine optimale Dosierung<\/li>\n<li>97% der Inhaltsstoffe sind nat\u00fcrlichen Ursprungs<\/li>\n<\/ul>","_de_post_name":"movoflex-soft-chews","_de_post_excerpt":"","_de_post_title":"Movoflex Hund","_fr_post_content":"<h1><strong>Movoflex<\/strong><\/h1>\n<p><a href=\"https:\/\/www.pharmacy4pets.fr\/marques\/movoflex\">Movoflex<\/a> Soft Chews a \u00e9t\u00e9 d\u00e9velopp\u00e9 pour am\u00e9liorer la <a href=\"https:\/\/www.pharmacy4pets.fr\/chiens\/medicaments-supplements\/articulations\">mobilit\u00e9<\/a> des chiens. Ce compl\u00e9ment alimentaire sous forme de friandises \u00e0 m\u00e2cher contient une combinaison unique de 5 ingr\u00e9dients naturels, dont l'UC-II, l'acide hyaluronique et le boswellia serrata, qui contribuent \u00e0 promouvoir la sant\u00e9 des articulations et \u00e0 r\u00e9duire l'inflammation et la douleur. Ces 5 ingr\u00e9dients apportent une solution compl\u00e8te, rapide et facile aux probl\u00e8mes articulaires.<\/p>\n<p>Ce compl\u00e9ment alimentaire pour les articulations est facile \u00e0 donner aux chiens et a un go\u00fbt savoureux de foie de poulet appr\u00e9ci\u00e9 par de nombreux chiens. Ils sont disponibles en 3 tailles diff\u00e9rentes, en fonction de la taille de votre chien, et peuvent \u00eatre donn\u00e9s quotidiennement dans le cadre d'un r\u00e9gime alimentaire et d'un mode de vie sains. Apr\u00e8s seulement 7 jours d'utilisation de Movoflex, vous pouvez, en tant que propri\u00e9taire de chien, voir la diff\u00e9rence au niveau de la mobilit\u00e9 de votre animal.<\/p>\n<h2><strong>Les avantages de Movoflex chien :<\/strong><\/h2>\n<ul style=\"list-style-type: disc;\">\n<li>Am\u00e9lioration significative de la mobilit\u00e9 apr\u00e8s 7 jours<\/li>\n<li>1 comprim\u00e9 \u00e0 m\u00e2cher par jour, tr\u00e8s app\u00e9tent et facile \u00e0 administrer<\/li>\n<li>Aucune augmentation de la dose initiale n'est n\u00e9cessaire<\/li>\n<li>3 tailles diff\u00e9rentes pour un dosage optimal<\/li>\n<li>97% des ingr\u00e9dients sont d'origine naturelle<\/li>\n<\/ul>","_fr_post_name":"movoflex-soft-chews","_fr_post_excerpt":"","_fr_post_title":"Movoflex Chien","_es_post_content":"<h1><strong>Movoflex<\/strong><\/h1>\n<p><a href=\"https:\/\/www.pharmacy4pets.es\/marcas\/movoflex\">Movoflex<\/a> Soft Chews se ha desarrollado para mejorar la movilidad de los perros. Este suplemento diet\u00e9tico en forma de golosinas masticables contiene una combinaci\u00f3n \u00fanica de 5 ingredientes naturales, incluyendo UC-II, \u00e1cido hialur\u00f3nico y boswellia serrata, que ayudan a promover la salud de las <a href=\"https:\/\/www.pharmacy4pets.es\/perros\/medicamentos-suplementos\/articulaciones\">articulaciones<\/a> y reducir la inflamaci\u00f3n y el dolor. Estos 5 ingredientes proporcionan una soluci\u00f3n completa, r\u00e1pida y f\u00e1cil para los problemas articulares.<\/p>\n<p>Este suplemento para las articulaciones es f\u00e1cil de administrar a los perros y tiene un sabroso sabor a h\u00edgado de pollo apreciado por muchos perros. Est\u00e1n disponibles en 3 tama\u00f1os diferentes, en funci\u00f3n del tama\u00f1o de su perro, y pueden administrarse diariamente como parte de una dieta y un estilo de vida saludables. Tras s\u00f3lo 7 d\u00edas de uso de Movoflex, usted, como propietario de un perro, podr\u00e1 ver la diferencia en la movilidad de su mascota.<\/p>\n<h2><strong>Los beneficios de Movoflex:<\/strong><\/h2>\n<ul style=\"list-style-type: disc;\">\n<li>Mejora significativa observada en la movilidad despu\u00e9s de 7 d\u00edas<\/li>\n<li>1 masticable al d\u00eda muy apetecible y f\u00e1cil de administrar<\/li>\n<li>No es necesario aumentar la dosis inicial<\/li>\n<li>3 tama\u00f1os diferentes para una dosificaci\u00f3n \u00f3ptima<\/li>\n<li>97% de los ingredientes son de origen natural<\/li>\n<\/ul>","_es_post_name":"movoflex-soft-chews","_es_post_excerpt":"","_es_post_title":"Movoflex Perro","edit_language":"nl"},"product_brand":[],"product_cat":[1843,1117,1839,1857,2136],"product_tag":[],"class_list":{"0":"post-119959","1":"product","2":"type-product","3":"status-publish","4":"has-post-thumbnail","6":"product_cat-gewrichten","7":"product_cat-honden","8":"product_cat-medicijnen-supplementen","9":"product_cat-merken","10":"product_cat-movoflex","11":"pa_aandoening-gewrichten","12":"pa_doeldier-hond","13":"pa_fabricatieland-frankrijk","14":"pa_merkfilter-movoflex","15":"pa_merkgroep-virbac","16":"pa_productsoort-voedingssupplement","17":"pa_toedieningswijze-kauwbrokjes","18":"pa_werkzamestof-overig","20":"first","21":"instock","22":"taxable","23":"shipping-taxable","24":"product-type-grouped"},"yoast_head":"<!-- This site is optimized with the Yoast SEO plugin v27.5 - https:\/\/yoast.com\/product\/yoast-seo-wordpress\/ -->\n<title>Movoflex Hond - Pharmacy4pets<\/title>\n<meta name=\"robots\" content=\"index, follow, max-snippet:-1, max-image-preview:large, max-video-preview:-1\" \/>\n<link rel=\"canonical\" href=\"https:\/\/www.pharmacy4pets.nl\/movoflex-soft-chews\" \/>\n<meta property=\"og:locale\" content=\"nl_NL\" \/>\n<meta property=\"og:type\" content=\"article\" \/>\n<meta property=\"og:title\" content=\"Movoflex Hond - Pharmacy4pets\" \/>\n<meta property=\"og:description\" content=\"Movoflex Movoflex Soft Chews zijn ontwikkeld ter verbetering van de mobiliteit van honden. Dit voedingssupplement in de vorm van kauwsnoepjes bevat een unieke combinatie van 5 natuurlijke ingredi\u00ebnten, waaronder UC-II, hyaluronzuur en boswellia serrata, die helpen bij het bevorderen van de gewrichtsgezondheid en het verminderen van ontstekingen en pijn. Deze 5 ingredi\u00ebnten zorgen voor een [&hellip;]\" \/>\n<meta property=\"og:url\" content=\"https:\/\/www.pharmacy4pets.nl\/movoflex-soft-chews\" \/>\n<meta property=\"og:site_name\" content=\"Pharmacy4pets\" \/>\n<meta property=\"article:publisher\" content=\"https:\/\/www.facebook.com\/people\/Pharmacy4petsnl\/100063484989896\/\" \/>\n<meta property=\"article:modified_time\" content=\"2026-03-25T12:03:54+00:00\" \/>\n<meta property=\"og:image\" content=\"https:\/\/www.pharmacy4pets.nl\/wp-content\/uploads\/2023\/03\/26161_1.jpg\" \/>\n\t<meta property=\"og:image:width\" content=\"600\" \/>\n\t<meta property=\"og:image:height\" content=\"600\" \/>\n\t<meta property=\"og:image:type\" content=\"image\/jpeg\" \/>\n<meta name=\"twitter:card\" content=\"summary_large_image\" \/>\n<meta name=\"twitter:label1\" content=\"Geschatte leestijd\" \/>\n\t<meta name=\"twitter:data1\" content=\"1 minuut\" \/>\n<script type=\"application\/ld+json\" class=\"yoast-schema-graph\">{\"@context\":\"https:\\\/\\\/schema.org\",\"@graph\":[{\"@type\":\"WebPage\",\"@id\":\"https:\\\/\\\/www.pharmacy4pets.nl\\\/movoflex-soft-chews\",\"url\":\"https:\\\/\\\/www.pharmacy4pets.nl\\\/movoflex-soft-chews\",\"name\":\"Movoflex Hond - Pharmacy4pets\",\"isPartOf\":{\"@id\":\"http:\\\/\\\/www.pharmacy4pets.nl\\\/#website\"},\"primaryImageOfPage\":{\"@id\":\"https:\\\/\\\/www.pharmacy4pets.nl\\\/movoflex-soft-chews#primaryimage\"},\"image\":{\"@id\":\"https:\\\/\\\/www.pharmacy4pets.nl\\\/movoflex-soft-chews#primaryimage\"},\"thumbnailUrl\":\"https:\\\/\\\/www.pharmacy4pets.nl\\\/wp-content\\\/uploads\\\/2023\\\/03\\\/26161_1.jpg\",\"datePublished\":\"2023-03-10T12:17:56+00:00\",\"dateModified\":\"2026-03-25T12:03:54+00:00\",\"breadcrumb\":{\"@id\":\"https:\\\/\\\/www.pharmacy4pets.nl\\\/movoflex-soft-chews#breadcrumb\"},\"inLanguage\":\"nl-NL\",\"potentialAction\":[{\"@type\":\"ReadAction\",\"target\":[\"https:\\\/\\\/www.pharmacy4pets.nl\\\/movoflex-soft-chews\"]}]},{\"@type\":\"ImageObject\",\"inLanguage\":\"nl-NL\",\"@id\":\"https:\\\/\\\/www.pharmacy4pets.nl\\\/movoflex-soft-chews#primaryimage\",\"url\":\"https:\\\/\\\/www.pharmacy4pets.nl\\\/wp-content\\\/uploads\\\/2023\\\/03\\\/26161_1.jpg\",\"contentUrl\":\"https:\\\/\\\/www.pharmacy4pets.nl\\\/wp-content\\\/uploads\\\/2023\\\/03\\\/26161_1.jpg\",\"width\":600,\"height\":600,\"caption\":\"Movoflex\"},{\"@type\":\"BreadcrumbList\",\"@id\":\"https:\\\/\\\/www.pharmacy4pets.nl\\\/movoflex-soft-chews#breadcrumb\",\"itemListElement\":[{\"@type\":\"ListItem\",\"position\":1,\"name\":\"Home\",\"item\":\"https:\\\/\\\/p4p-nl.bootmine.com\\\/\"},{\"@type\":\"ListItem\",\"position\":2,\"name\":\"Winkel\",\"item\":\"https:\\\/\\\/p4p-nl.bootmine.com\\\/winkel\"},{\"@type\":\"ListItem\",\"position\":3,\"name\":\"Movoflex Hond\"}]},{\"@type\":\"WebSite\",\"@id\":\"http:\\\/\\\/www.pharmacy4pets.nl\\\/#website\",\"url\":\"http:\\\/\\\/www.pharmacy4pets.nl\\\/\",\"name\":\"Pharmacy4pets\",\"description\":\"Pharmacy4pets.nl is d\u00e9 online apotheek waar u terecht kunt voor alle diergeneesmiddelen, verzorgingsproducten en dieetvoeding voor uw huisdier.\",\"publisher\":{\"@id\":\"http:\\\/\\\/www.pharmacy4pets.nl\\\/#organization\"},\"potentialAction\":[{\"@type\":\"SearchAction\",\"target\":{\"@type\":\"EntryPoint\",\"urlTemplate\":\"http:\\\/\\\/www.pharmacy4pets.nl\\\/?s={search_term_string}\"},\"query-input\":{\"@type\":\"PropertyValueSpecification\",\"valueRequired\":true,\"valueName\":\"search_term_string\"}}],\"inLanguage\":\"nl-NL\"},{\"@type\":\"Organization\",\"@id\":\"http:\\\/\\\/www.pharmacy4pets.nl\\\/#organization\",\"name\":\"Pharmacy4pets\",\"url\":\"http:\\\/\\\/www.pharmacy4pets.nl\\\/\",\"logo\":{\"@type\":\"ImageObject\",\"inLanguage\":\"nl-NL\",\"@id\":\"http:\\\/\\\/www.pharmacy4pets.nl\\\/#\\\/schema\\\/logo\\\/image\\\/\",\"url\":\"https:\\\/\\\/p4p-nl.bootmine.com\\\/wp-content\\\/uploads\\\/2026\\\/03\\\/logo-pharmacy4pets.png\",\"contentUrl\":\"https:\\\/\\\/p4p-nl.bootmine.com\\\/wp-content\\\/uploads\\\/2026\\\/03\\\/logo-pharmacy4pets.png\",\"width\":1024,\"height\":135,\"caption\":\"Pharmacy4pets\"},\"image\":{\"@id\":\"http:\\\/\\\/www.pharmacy4pets.nl\\\/#\\\/schema\\\/logo\\\/image\\\/\"},\"sameAs\":[\"https:\\\/\\\/www.facebook.com\\\/people\\\/Pharmacy4petsnl\\\/100063484989896\\\/\",\"https:\\\/\\\/www.youtube.com\\\/channel\\\/UCGPTIgucgli03tP2_kvLkHg\\\/featured\",\"https:\\\/\\\/www.instagram.com\\\/pharmacy4pets.nl\"]}]}<\/script>\n<!-- \/ Yoast SEO plugin. -->","yoast_head_json":{"title":"Movoflex Hond - Pharmacy4pets","robots":{"index":"index","follow":"follow","max-snippet":"max-snippet:-1","max-image-preview":"max-image-preview:large","max-video-preview":"max-video-preview:-1"},"canonical":"https:\/\/www.pharmacy4pets.nl\/movoflex-soft-chews","og_locale":"nl_NL","og_type":"article","og_title":"Movoflex Hond - Pharmacy4pets","og_description":"Movoflex Movoflex Soft Chews zijn ontwikkeld ter verbetering van de mobiliteit van honden. Dit voedingssupplement in de vorm van kauwsnoepjes bevat een unieke combinatie van 5 natuurlijke ingredi\u00ebnten, waaronder UC-II, hyaluronzuur en boswellia serrata, die helpen bij het bevorderen van de gewrichtsgezondheid en het verminderen van ontstekingen en pijn. Deze 5 ingredi\u00ebnten zorgen voor een [&hellip;]","og_url":"https:\/\/www.pharmacy4pets.nl\/movoflex-soft-chews","og_site_name":"Pharmacy4pets","article_publisher":"https:\/\/www.facebook.com\/people\/Pharmacy4petsnl\/100063484989896\/","article_modified_time":"2026-03-25T12:03:54+00:00","og_image":[{"width":600,"height":600,"url":"https:\/\/www.pharmacy4pets.nl\/wp-content\/uploads\/2023\/03\/26161_1.jpg","type":"image\/jpeg"}],"twitter_card":"summary_large_image","twitter_misc":{"Geschatte leestijd":"1 minuut"},"schema":{"@context":"https:\/\/schema.org","@graph":[{"@type":"WebPage","@id":"https:\/\/www.pharmacy4pets.nl\/movoflex-soft-chews","url":"https:\/\/www.pharmacy4pets.nl\/movoflex-soft-chews","name":"Movoflex Hond - Pharmacy4pets","isPartOf":{"@id":"http:\/\/www.pharmacy4pets.nl\/#website"},"primaryImageOfPage":{"@id":"https:\/\/www.pharmacy4pets.nl\/movoflex-soft-chews#primaryimage"},"image":{"@id":"https:\/\/www.pharmacy4pets.nl\/movoflex-soft-chews#primaryimage"},"thumbnailUrl":"https:\/\/www.pharmacy4pets.nl\/wp-content\/uploads\/2023\/03\/26161_1.jpg","datePublished":"2023-03-10T12:17:56+00:00","dateModified":"2026-03-25T12:03:54+00:00","breadcrumb":{"@id":"https:\/\/www.pharmacy4pets.nl\/movoflex-soft-chews#breadcrumb"},"inLanguage":"nl-NL","potentialAction":[{"@type":"ReadAction","target":["https:\/\/www.pharmacy4pets.nl\/movoflex-soft-chews"]}]},{"@type":"ImageObject","inLanguage":"nl-NL","@id":"https:\/\/www.pharmacy4pets.nl\/movoflex-soft-chews#primaryimage","url":"https:\/\/www.pharmacy4pets.nl\/wp-content\/uploads\/2023\/03\/26161_1.jpg","contentUrl":"https:\/\/www.pharmacy4pets.nl\/wp-content\/uploads\/2023\/03\/26161_1.jpg","width":600,"height":600,"caption":"Movoflex"},{"@type":"BreadcrumbList","@id":"https:\/\/www.pharmacy4pets.nl\/movoflex-soft-chews#breadcrumb","itemListElement":[{"@type":"ListItem","position":1,"name":"Home","item":"https:\/\/p4p-nl.bootmine.com\/"},{"@type":"ListItem","position":2,"name":"Winkel","item":"https:\/\/p4p-nl.bootmine.com\/winkel"},{"@type":"ListItem","position":3,"name":"Movoflex Hond"}]},{"@type":"WebSite","@id":"http:\/\/www.pharmacy4pets.nl\/#website","url":"http:\/\/www.pharmacy4pets.nl\/","name":"Pharmacy4pets","description":"Pharmacy4pets.nl is d\u00e9 online apotheek waar u terecht kunt voor alle diergeneesmiddelen, verzorgingsproducten en dieetvoeding voor uw huisdier.","publisher":{"@id":"http:\/\/www.pharmacy4pets.nl\/#organization"},"potentialAction":[{"@type":"SearchAction","target":{"@type":"EntryPoint","urlTemplate":"http:\/\/www.pharmacy4pets.nl\/?s={search_term_string}"},"query-input":{"@type":"PropertyValueSpecification","valueRequired":true,"valueName":"search_term_string"}}],"inLanguage":"nl-NL"},{"@type":"Organization","@id":"http:\/\/www.pharmacy4pets.nl\/#organization","name":"Pharmacy4pets","url":"http:\/\/www.pharmacy4pets.nl\/","logo":{"@type":"ImageObject","inLanguage":"nl-NL","@id":"http:\/\/www.pharmacy4pets.nl\/#\/schema\/logo\/image\/","url":"https:\/\/p4p-nl.bootmine.com\/wp-content\/uploads\/2026\/03\/logo-pharmacy4pets.png","contentUrl":"https:\/\/p4p-nl.bootmine.com\/wp-content\/uploads\/2026\/03\/logo-pharmacy4pets.png","width":1024,"height":135,"caption":"Pharmacy4pets"},"image":{"@id":"http:\/\/www.pharmacy4pets.nl\/#\/schema\/logo\/image\/"},"sameAs":["https:\/\/www.facebook.com\/people\/Pharmacy4petsnl\/100063484989896\/","https:\/\/www.youtube.com\/channel\/UCGPTIgucgli03tP2_kvLkHg\/featured","https:\/\/www.instagram.com\/pharmacy4pets.nl"]}]}},"market_data":{"nl":{"price":0,"sale_price":0,"active":false,"url":null,"parent_url":"","tax_rate":0,"price_inc_tax":0,"sale_price_inc_tax":0},"de":{"price":0,"sale_price":0,"active":false,"url":null,"parent_url":"","tax_rate":0,"price_inc_tax":0,"sale_price_inc_tax":0},"be":{"price":0,"sale_price":0,"active":false,"url":null,"parent_url":"","tax_rate":0,"price_inc_tax":0,"sale_price_inc_tax":0},"fr":{"price":0,"sale_price":0,"active":false,"url":null,"parent_url":"","tax_rate":0,"price_inc_tax":0,"sale_price_inc_tax":0},"ch":{"price":0,"sale_price":0,"active":false,"url":null,"parent_url":"","tax_rate":0,"price_inc_tax":0,"sale_price_inc_tax":0},"at":{"price":0,"sale_price":0,"active":false,"url":null,"parent_url":"","tax_rate":0,"price_inc_tax":0,"sale_price_inc_tax":0},"es":{"price":0,"sale_price":0,"active":false,"url":null,"parent_url":"","tax_rate":0,"price_inc_tax":0,"sale_price_inc_tax":0},"dk":{"price":0,"sale_price":0,"active":false,"url":null,"parent_url":"","tax_rate":0,"price_inc_tax":0,"sale_price_inc_tax":0},"com":{"price":0,"sale_price":0,"active":false,"url":null,"parent_url":"","tax_rate":0,"price_inc_tax":0,"sale_price_inc_tax":0}},"market_nl_price":0,"market_nl_sale_price":0,"market_nl_active":false,"market_nl_url":null,"market_nl_parent_url":"","market_nl_tax_rate":0,"market_nl_price_inc_tax":0,"market_nl_sale_price_inc_tax":0,"market_de_price":0,"market_de_sale_price":0,"market_de_active":false,"market_de_url":null,"market_de_parent_url":"","market_de_tax_rate":0,"market_de_price_inc_tax":0,"market_de_sale_price_inc_tax":0,"market_be_price":0,"market_be_sale_price":0,"market_be_active":false,"market_be_url":null,"market_be_parent_url":"","market_be_tax_rate":0,"market_be_price_inc_tax":0,"market_be_sale_price_inc_tax":0,"market_fr_price":0,"market_fr_sale_price":0,"market_fr_active":false,"market_fr_url":null,"market_fr_parent_url":"","market_fr_tax_rate":0,"market_fr_price_inc_tax":0,"market_fr_sale_price_inc_tax":0,"market_ch_price":0,"market_ch_sale_price":0,"market_ch_active":false,"market_ch_url":null,"market_ch_parent_url":"","market_ch_tax_rate":0,"market_ch_price_inc_tax":0,"market_ch_sale_price_inc_tax":0,"market_at_price":0,"market_at_sale_price":0,"market_at_active":false,"market_at_url":null,"market_at_parent_url":"","market_at_tax_rate":0,"market_at_price_inc_tax":0,"market_at_sale_price_inc_tax":0,"market_es_price":0,"market_es_sale_price":0,"market_es_active":false,"market_es_url":null,"market_es_parent_url":"","market_es_tax_rate":0,"market_es_price_inc_tax":0,"market_es_sale_price_inc_tax":0,"market_dk_price":0,"market_dk_sale_price":0,"market_dk_active":false,"market_dk_url":null,"market_dk_parent_url":"","market_dk_tax_rate":0,"market_dk_price_inc_tax":0,"market_dk_sale_price_inc_tax":0,"market_com_price":0,"market_com_sale_price":0,"market_com_active":false,"market_com_url":null,"market_com_parent_url":"","market_com_tax_rate":0,"market_com_price_inc_tax":0,"market_com_sale_price_inc_tax":0,"acf":[],"_links":{"self":[{"href":"https:\/\/www.pharmacy4pets.nl\/be\/wp-json\/wp\/v2\/product\/119959","targetHints":{"allow":["GET"]}}],"collection":[{"href":"https:\/\/www.pharmacy4pets.nl\/be\/wp-json\/wp\/v2\/product"}],"about":[{"href":"https:\/\/www.pharmacy4pets.nl\/be\/wp-json\/wp\/v2\/types\/product"}],"replies":[{"embeddable":true,"href":"https:\/\/www.pharmacy4pets.nl\/be\/wp-json\/wp\/v2\/comments?post=119959"}],"wp:featuredmedia":[{"embeddable":true,"href":"https:\/\/www.pharmacy4pets.nl\/be\/wp-json\/wp\/v2\/media\/119956"}],"wp:attachment":[{"href":"https:\/\/www.pharmacy4pets.nl\/be\/wp-json\/wp\/v2\/media?parent=119959"}],"wp:term":[{"taxonomy":"product_brand","embeddable":true,"href":"https:\/\/www.pharmacy4pets.nl\/be\/wp-json\/wp\/v2\/product_brand?post=119959"},{"taxonomy":"product_cat","embeddable":true,"href":"https:\/\/www.pharmacy4pets.nl\/be\/wp-json\/wp\/v2\/product_cat?post=119959"},{"taxonomy":"product_tag","embeddable":true,"href":"https:\/\/www.pharmacy4pets.nl\/be\/wp-json\/wp\/v2\/product_tag?post=119959"}],"curies":[{"name":"wp","href":"https:\/\/api.w.org\/{rel}","templated":true}]}}