{"id":119908,"date":"2023-03-10T12:17:48","date_gmt":"2023-03-10T12:17:48","guid":{"rendered":"https:\/\/p4p.test\/medical-pet-shirt-top-shirt-s"},"modified":"2026-04-14T08:04:47","modified_gmt":"2026-04-14T08:04:47","slug":"medical-pet-shirt-top-shirt-s","status":"publish","type":"product","link":"https:\/\/www.pharmacy4pets.nl\/be\/medical-pet-shirt-top-shirt-s","title":{"rendered":"Medical Pet Shirt Top Shirt S"},"content":{"rendered":"<p>Het Medical Pet Shirt Top Shirt geeft honden bescherming na een operatie of bij huidziekten. Door het Pet Shirt kan uw hond niet bijten of krabben en wordt de huid beschermd. <\/p>\n<p> Door de vormgeving van het Pet Shirt blijft de bewegingsvrijheid van de hond in stand. Het Top Shirt is ook in te zetten bij stress of angstproblemen. Door middel van de verstelbare klittenbandsluiting en de elastische band op de buikzijde kan er druk rondom de borst worden uitgeoefend wat een kalmerende werking kan bieden. Het Top shirt is herbruikbaar en op 30\u00ba Celsius te wassen. <\/p>\n","protected":false},"excerpt":{"rendered":"<p>Het Medical Pet Shirt Top Shirt geeft honden bescherming na een operatie of bij huidziekten. Door het Pet Shirt kan uw hond niet bijten of krabben en wordt de huid beschermd. Door de vormgeving van het Pet Shirt blijft de bewegingsvrijheid van de hond in stand. Het Top Shirt is ook in te zetten bij [&hellip;]<\/p>\n","protected":false},"featured_media":119906,"comment_status":"open","ping_status":"closed","template":"","meta":{"_acf_changed":false,"_nl_post_content":"<p>Het Medical Pet Shirt Top Shirt geeft honden bescherming na een operatie of bij huidziekten. Door het Pet Shirt kan uw hond niet bijten of krabben en wordt de huid beschermd. <\/p> <p> Door de vormgeving van het Pet Shirt blijft de bewegingsvrijheid van de hond in stand. Het Top Shirt is ook in te zetten bij stress of angstproblemen. Door middel van de verstelbare klittenbandsluiting en de elastische band op de buikzijde kan er druk rondom de borst worden uitgeoefend wat een kalmerende werking kan bieden. Het Top shirt is herbruikbaar en op 30\u00ba Celsius te wassen. <\/p>","_nl_post_name":"medical-pet-shirt-top-shirt-s","_nl_post_excerpt":"","_nl_post_title":"Medical Pet Shirt Top Shirt S","_en_post_content":"<p>The Medical Pet Shirt Top Shirt gives dogs protection after surgery or skin diseases. The Pet Shirt prevents your dog from biting or scratching and the skin is protected. <\/p> <p> Thanks to the design of the Pet Shirt, the dog's freedom of movement is maintained. The Top Shirt can also be used for stress or anxiety problems. By means of the adjustable Velcro closure and the elastic band on the belly side, pressure can be exerted around the chest, which can offer a calming effect. The Top shirt is reusable and washable at 30\u00ba Celsius. <\/p>","_en_post_name":"Medical-Pet-Shirt-Top-Shirt-S","_en_post_excerpt":"","_en_post_title":"Medical Pet Shirt Top Shirt S","_de_post_content":"<p>Das Medical Pet Shirt Top Shirt bietet Hunden Schutz nach Operationen oder Hauterkrankungen. Das Pet Shirt verhindert, dass Ihr Hund bei\u00dft oder kratzt und die Haut wird geschont. <\/p> <p> Durch das Design des Pet Shirts bleibt die Bewegungsfreiheit des Hundes erhalten. Das Top Shirt kann auch bei Stress- oder Angstproblemen eingesetzt werden. Durch den verstellbaren Klettverschluss und den Gummizug auf der Bauchseite kann Druck rund um die Brust ausge\u00fcbt werden, der eine beruhigende Wirkung entfalten kann. Das Top-Shirt ist wiederverwendbar und bei 30 \u00b0C waschbar. <\/p>","_de_post_name":"Medical-Pet-Shirt-Top-Shirt-S","_de_post_excerpt":"","_de_post_title":"Medical Pet Shirt Top Shirt S","_fr_post_content":"<p>Le Medical Pet Shirt Top Shirt offre une protection aux chiens apr\u00e8s une intervention chirurgicale ou une maladie de la peau. Le Pet Shirt emp\u00eache votre chien de mordre ou de se gratter et la peau est prot\u00e9g\u00e9e. <\/p> <p> Gr\u00e2ce \u00e0 la conception du Pet Shirt, la libert\u00e9 de mouvement du chien est maintenue. Le Top Shirt peut \u00e9galement \u00eatre utilis\u00e9 en cas de probl\u00e8mes de stress ou d\u2019anxi\u00e9t\u00e9. Gr\u00e2ce \u00e0 la fermeture Velcro r\u00e9glable et \u00e0 la bande \u00e9lastique c\u00f4t\u00e9 ventre, une pression peut \u00eatre exerc\u00e9e autour de la poitrine, ce qui peut offrir un effet apaisant. Le Top shirt est r\u00e9utilisable et lavable \u00e0 30\u00ba Celsius. <\/p>","_fr_post_name":"Medical-Pet-Shirt-Top-Shirt-S","_fr_post_excerpt":"","_fr_post_title":"Medical Pet Shirt Top Shirt S","_es_post_content":"<p>La camiseta m\u00e9dica para mascotas brinda protecci\u00f3n a los perros despu\u00e9s de una cirug\u00eda o enfermedades de la piel. La camiseta para mascotas evita que su perro muerda o ara\u00f1e y la piel queda protegida. <\/p> <p>Gracias al dise\u00f1o de la Pet Shirt se mantiene la libertad de movimiento del perro. La Top Shirt tambi\u00e9n se puede utilizar para problemas de estr\u00e9s o ansiedad. Mediante el cierre de velcro ajustable y la banda el\u00e1stica en el lado del vientre se puede ejercer presi\u00f3n alrededor del pecho, lo que puede ofrecer un efecto calmante. La camiseta Top es reutilizable y lavable a 30\u00ba Celsius. <\/p>","_es_post_name":"Medical-Pet-Shirt-Top-Shirt-S","_es_post_excerpt":"","_es_post_title":"Medical Pet Shirt Top Shirt S","edit_language":"nl"},"product_brand":[],"product_cat":[1861,1862,1117,1974,1845,1935,1839,1857],"product_tag":[],"class_list":{"0":"post-119908","1":"product","2":"type-product","3":"status-publish","4":"has-post-thumbnail","6":"product_cat-benodigdheden","7":"product_cat-ehbo","8":"product_cat-honden","9":"product_cat-hotspot","10":"product_cat-huid-vacht","11":"product_cat-medical-pet-shirts","12":"product_cat-medicijnen-supplementen","13":"product_cat-merken","14":"pa_aandoening-wond_ehbo","15":"pa_doeldier-hond","16":"pa_fabricatieland-india","17":"pa_merkfilter-medicalpetshirt","18":"pa_merkgroep-medicalpetshirt","19":"pa_productsoort-overig","20":"pa_toedieningswijze-shirt","21":"pa_unit_pricing_base_measure-1ct","22":"pa_unit_pricing_measure-1ct","23":"pa_werkzamestof-overig","25":"first","26":"instock","27":"taxable","28":"shipping-taxable","29":"purchasable","30":"product-type-simple"},"yoast_head":"<!-- This site is optimized with the Yoast SEO plugin v27.5 - https:\/\/yoast.com\/product\/yoast-seo-wordpress\/ -->\n<title>Medical Pet Shirt Top Shirt S - Pharmacy4pets<\/title>\n<meta name=\"robots\" content=\"index, follow, max-snippet:-1, max-image-preview:large, max-video-preview:-1\" \/>\n<link rel=\"canonical\" href=\"https:\/\/www.pharmacy4pets.nl\/medical-pet-shirt-top-shirt-s\" \/>\n<meta property=\"og:locale\" content=\"nl_NL\" \/>\n<meta property=\"og:type\" content=\"article\" \/>\n<meta property=\"og:title\" content=\"Medical Pet Shirt Top Shirt S - Pharmacy4pets\" \/>\n<meta property=\"og:description\" content=\"Het Medical Pet Shirt Top Shirt geeft honden bescherming na een operatie of bij huidziekten. Door het Pet Shirt kan uw hond niet bijten of krabben en wordt de huid beschermd. Door de vormgeving van het Pet Shirt blijft de bewegingsvrijheid van de hond in stand. Het Top Shirt is ook in te zetten bij [&hellip;]\" \/>\n<meta property=\"og:url\" content=\"https:\/\/www.pharmacy4pets.nl\/medical-pet-shirt-top-shirt-s\" \/>\n<meta property=\"og:site_name\" content=\"Pharmacy4pets\" \/>\n<meta property=\"article:publisher\" content=\"https:\/\/www.facebook.com\/people\/Pharmacy4petsnl\/100063484989896\/\" \/>\n<meta property=\"article:modified_time\" content=\"2026-04-14T08:04:47+00:00\" \/>\n<meta property=\"og:image\" content=\"https:\/\/www.pharmacy4pets.nl\/wp-content\/uploads\/2023\/03\/mps_top_1-8502_4.jpg\" \/>\n\t<meta property=\"og:image:width\" content=\"1000\" \/>\n\t<meta property=\"og:image:height\" content=\"1000\" \/>\n\t<meta property=\"og:image:type\" content=\"image\/jpeg\" \/>\n<meta name=\"twitter:card\" content=\"summary_large_image\" \/>\n<script type=\"application\/ld+json\" class=\"yoast-schema-graph\">{\"@context\":\"https:\\\/\\\/schema.org\",\"@graph\":[{\"@type\":\"WebPage\",\"@id\":\"https:\\\/\\\/www.pharmacy4pets.nl\\\/medical-pet-shirt-top-shirt-s\",\"url\":\"https:\\\/\\\/www.pharmacy4pets.nl\\\/medical-pet-shirt-top-shirt-s\",\"name\":\"Medical Pet Shirt Top Shirt S - Pharmacy4pets\",\"isPartOf\":{\"@id\":\"http:\\\/\\\/www.pharmacy4pets.nl\\\/#website\"},\"primaryImageOfPage\":{\"@id\":\"https:\\\/\\\/www.pharmacy4pets.nl\\\/medical-pet-shirt-top-shirt-s#primaryimage\"},\"image\":{\"@id\":\"https:\\\/\\\/www.pharmacy4pets.nl\\\/medical-pet-shirt-top-shirt-s#primaryimage\"},\"thumbnailUrl\":\"https:\\\/\\\/www.pharmacy4pets.nl\\\/wp-content\\\/uploads\\\/2023\\\/03\\\/mps_top_1-8502_4.jpg\",\"datePublished\":\"2023-03-10T12:17:48+00:00\",\"dateModified\":\"2026-04-14T08:04:47+00:00\",\"breadcrumb\":{\"@id\":\"https:\\\/\\\/www.pharmacy4pets.nl\\\/medical-pet-shirt-top-shirt-s#breadcrumb\"},\"inLanguage\":\"nl-NL\",\"potentialAction\":[{\"@type\":\"ReadAction\",\"target\":[\"https:\\\/\\\/www.pharmacy4pets.nl\\\/medical-pet-shirt-top-shirt-s\"]}]},{\"@type\":\"ImageObject\",\"inLanguage\":\"nl-NL\",\"@id\":\"https:\\\/\\\/www.pharmacy4pets.nl\\\/medical-pet-shirt-top-shirt-s#primaryimage\",\"url\":\"https:\\\/\\\/www.pharmacy4pets.nl\\\/wp-content\\\/uploads\\\/2023\\\/03\\\/mps_top_1-8502_4.jpg\",\"contentUrl\":\"https:\\\/\\\/www.pharmacy4pets.nl\\\/wp-content\\\/uploads\\\/2023\\\/03\\\/mps_top_1-8502_4.jpg\",\"width\":1000,\"height\":1000,\"caption\":\"Medical Pet Shirt Top\"},{\"@type\":\"BreadcrumbList\",\"@id\":\"https:\\\/\\\/www.pharmacy4pets.nl\\\/medical-pet-shirt-top-shirt-s#breadcrumb\",\"itemListElement\":[{\"@type\":\"ListItem\",\"position\":1,\"name\":\"Home\",\"item\":\"https:\\\/\\\/p4p-nl.bootmine.com\\\/\"},{\"@type\":\"ListItem\",\"position\":2,\"name\":\"Winkel\",\"item\":\"https:\\\/\\\/p4p-nl.bootmine.com\\\/winkel\"},{\"@type\":\"ListItem\",\"position\":3,\"name\":\"Medical Pet Shirt Top Shirt S\"}]},{\"@type\":\"WebSite\",\"@id\":\"http:\\\/\\\/www.pharmacy4pets.nl\\\/#website\",\"url\":\"http:\\\/\\\/www.pharmacy4pets.nl\\\/\",\"name\":\"Pharmacy4pets\",\"description\":\"Pharmacy4pets.nl is d\u00e9 online apotheek waar u terecht kunt voor alle diergeneesmiddelen, verzorgingsproducten en dieetvoeding voor uw huisdier.\",\"publisher\":{\"@id\":\"http:\\\/\\\/www.pharmacy4pets.nl\\\/#organization\"},\"potentialAction\":[{\"@type\":\"SearchAction\",\"target\":{\"@type\":\"EntryPoint\",\"urlTemplate\":\"http:\\\/\\\/www.pharmacy4pets.nl\\\/?s={search_term_string}\"},\"query-input\":{\"@type\":\"PropertyValueSpecification\",\"valueRequired\":true,\"valueName\":\"search_term_string\"}}],\"inLanguage\":\"nl-NL\"},{\"@type\":\"Organization\",\"@id\":\"http:\\\/\\\/www.pharmacy4pets.nl\\\/#organization\",\"name\":\"Pharmacy4pets\",\"url\":\"http:\\\/\\\/www.pharmacy4pets.nl\\\/\",\"logo\":{\"@type\":\"ImageObject\",\"inLanguage\":\"nl-NL\",\"@id\":\"http:\\\/\\\/www.pharmacy4pets.nl\\\/#\\\/schema\\\/logo\\\/image\\\/\",\"url\":\"https:\\\/\\\/p4p-nl.bootmine.com\\\/wp-content\\\/uploads\\\/2026\\\/03\\\/logo-pharmacy4pets.png\",\"contentUrl\":\"https:\\\/\\\/p4p-nl.bootmine.com\\\/wp-content\\\/uploads\\\/2026\\\/03\\\/logo-pharmacy4pets.png\",\"width\":1024,\"height\":135,\"caption\":\"Pharmacy4pets\"},\"image\":{\"@id\":\"http:\\\/\\\/www.pharmacy4pets.nl\\\/#\\\/schema\\\/logo\\\/image\\\/\"},\"sameAs\":[\"https:\\\/\\\/www.facebook.com\\\/people\\\/Pharmacy4petsnl\\\/100063484989896\\\/\",\"https:\\\/\\\/www.youtube.com\\\/channel\\\/UCGPTIgucgli03tP2_kvLkHg\\\/featured\",\"https:\\\/\\\/www.instagram.com\\\/pharmacy4pets.nl\"]}]}<\/script>\n<!-- \/ Yoast SEO plugin. -->","yoast_head_json":{"title":"Medical Pet Shirt Top Shirt S - Pharmacy4pets","robots":{"index":"index","follow":"follow","max-snippet":"max-snippet:-1","max-image-preview":"max-image-preview:large","max-video-preview":"max-video-preview:-1"},"canonical":"https:\/\/www.pharmacy4pets.nl\/medical-pet-shirt-top-shirt-s","og_locale":"nl_NL","og_type":"article","og_title":"Medical Pet Shirt Top Shirt S - Pharmacy4pets","og_description":"Het Medical Pet Shirt Top Shirt geeft honden bescherming na een operatie of bij huidziekten. Door het Pet Shirt kan uw hond niet bijten of krabben en wordt de huid beschermd. Door de vormgeving van het Pet Shirt blijft de bewegingsvrijheid van de hond in stand. Het Top Shirt is ook in te zetten bij [&hellip;]","og_url":"https:\/\/www.pharmacy4pets.nl\/medical-pet-shirt-top-shirt-s","og_site_name":"Pharmacy4pets","article_publisher":"https:\/\/www.facebook.com\/people\/Pharmacy4petsnl\/100063484989896\/","article_modified_time":"2026-04-14T08:04:47+00:00","og_image":[{"width":1000,"height":1000,"url":"https:\/\/www.pharmacy4pets.nl\/wp-content\/uploads\/2023\/03\/mps_top_1-8502_4.jpg","type":"image\/jpeg"}],"twitter_card":"summary_large_image","schema":{"@context":"https:\/\/schema.org","@graph":[{"@type":"WebPage","@id":"https:\/\/www.pharmacy4pets.nl\/medical-pet-shirt-top-shirt-s","url":"https:\/\/www.pharmacy4pets.nl\/medical-pet-shirt-top-shirt-s","name":"Medical Pet Shirt Top Shirt S - Pharmacy4pets","isPartOf":{"@id":"http:\/\/www.pharmacy4pets.nl\/#website"},"primaryImageOfPage":{"@id":"https:\/\/www.pharmacy4pets.nl\/medical-pet-shirt-top-shirt-s#primaryimage"},"image":{"@id":"https:\/\/www.pharmacy4pets.nl\/medical-pet-shirt-top-shirt-s#primaryimage"},"thumbnailUrl":"https:\/\/www.pharmacy4pets.nl\/wp-content\/uploads\/2023\/03\/mps_top_1-8502_4.jpg","datePublished":"2023-03-10T12:17:48+00:00","dateModified":"2026-04-14T08:04:47+00:00","breadcrumb":{"@id":"https:\/\/www.pharmacy4pets.nl\/medical-pet-shirt-top-shirt-s#breadcrumb"},"inLanguage":"nl-NL","potentialAction":[{"@type":"ReadAction","target":["https:\/\/www.pharmacy4pets.nl\/medical-pet-shirt-top-shirt-s"]}]},{"@type":"ImageObject","inLanguage":"nl-NL","@id":"https:\/\/www.pharmacy4pets.nl\/medical-pet-shirt-top-shirt-s#primaryimage","url":"https:\/\/www.pharmacy4pets.nl\/wp-content\/uploads\/2023\/03\/mps_top_1-8502_4.jpg","contentUrl":"https:\/\/www.pharmacy4pets.nl\/wp-content\/uploads\/2023\/03\/mps_top_1-8502_4.jpg","width":1000,"height":1000,"caption":"Medical Pet Shirt Top"},{"@type":"BreadcrumbList","@id":"https:\/\/www.pharmacy4pets.nl\/medical-pet-shirt-top-shirt-s#breadcrumb","itemListElement":[{"@type":"ListItem","position":1,"name":"Home","item":"https:\/\/p4p-nl.bootmine.com\/"},{"@type":"ListItem","position":2,"name":"Winkel","item":"https:\/\/p4p-nl.bootmine.com\/winkel"},{"@type":"ListItem","position":3,"name":"Medical Pet Shirt Top Shirt S"}]},{"@type":"WebSite","@id":"http:\/\/www.pharmacy4pets.nl\/#website","url":"http:\/\/www.pharmacy4pets.nl\/","name":"Pharmacy4pets","description":"Pharmacy4pets.nl is d\u00e9 online apotheek waar u terecht kunt voor alle diergeneesmiddelen, verzorgingsproducten en dieetvoeding voor uw huisdier.","publisher":{"@id":"http:\/\/www.pharmacy4pets.nl\/#organization"},"potentialAction":[{"@type":"SearchAction","target":{"@type":"EntryPoint","urlTemplate":"http:\/\/www.pharmacy4pets.nl\/?s={search_term_string}"},"query-input":{"@type":"PropertyValueSpecification","valueRequired":true,"valueName":"search_term_string"}}],"inLanguage":"nl-NL"},{"@type":"Organization","@id":"http:\/\/www.pharmacy4pets.nl\/#organization","name":"Pharmacy4pets","url":"http:\/\/www.pharmacy4pets.nl\/","logo":{"@type":"ImageObject","inLanguage":"nl-NL","@id":"http:\/\/www.pharmacy4pets.nl\/#\/schema\/logo\/image\/","url":"https:\/\/p4p-nl.bootmine.com\/wp-content\/uploads\/2026\/03\/logo-pharmacy4pets.png","contentUrl":"https:\/\/p4p-nl.bootmine.com\/wp-content\/uploads\/2026\/03\/logo-pharmacy4pets.png","width":1024,"height":135,"caption":"Pharmacy4pets"},"image":{"@id":"http:\/\/www.pharmacy4pets.nl\/#\/schema\/logo\/image\/"},"sameAs":["https:\/\/www.facebook.com\/people\/Pharmacy4petsnl\/100063484989896\/","https:\/\/www.youtube.com\/channel\/UCGPTIgucgli03tP2_kvLkHg\/featured","https:\/\/www.instagram.com\/pharmacy4pets.nl"]}]}},"market_data":{"nl":{"price":0,"sale_price":0,"active":false,"url":null,"parent_url":"","tax_rate":0,"price_inc_tax":0,"sale_price_inc_tax":0},"de":{"price":0,"sale_price":0,"active":false,"url":null,"parent_url":"","tax_rate":0,"price_inc_tax":0,"sale_price_inc_tax":0},"be":{"price":0,"sale_price":0,"active":false,"url":null,"parent_url":"","tax_rate":0,"price_inc_tax":0,"sale_price_inc_tax":0},"fr":{"price":0,"sale_price":0,"active":false,"url":null,"parent_url":"","tax_rate":0,"price_inc_tax":0,"sale_price_inc_tax":0},"ch":{"price":0,"sale_price":0,"active":false,"url":null,"parent_url":"","tax_rate":0,"price_inc_tax":0,"sale_price_inc_tax":0},"at":{"price":0,"sale_price":0,"active":false,"url":null,"parent_url":"","tax_rate":0,"price_inc_tax":0,"sale_price_inc_tax":0},"es":{"price":0,"sale_price":0,"active":false,"url":null,"parent_url":"","tax_rate":0,"price_inc_tax":0,"sale_price_inc_tax":0},"dk":{"price":0,"sale_price":0,"active":false,"url":null,"parent_url":"","tax_rate":0,"price_inc_tax":0,"sale_price_inc_tax":0},"com":{"price":0,"sale_price":0,"active":false,"url":null,"parent_url":"","tax_rate":0,"price_inc_tax":0,"sale_price_inc_tax":0}},"market_nl_price":0,"market_nl_sale_price":0,"market_nl_active":false,"market_nl_url":null,"market_nl_parent_url":"","market_nl_tax_rate":0,"market_nl_price_inc_tax":0,"market_nl_sale_price_inc_tax":0,"market_de_price":0,"market_de_sale_price":0,"market_de_active":false,"market_de_url":null,"market_de_parent_url":"","market_de_tax_rate":0,"market_de_price_inc_tax":0,"market_de_sale_price_inc_tax":0,"market_be_price":0,"market_be_sale_price":0,"market_be_active":false,"market_be_url":null,"market_be_parent_url":"","market_be_tax_rate":0,"market_be_price_inc_tax":0,"market_be_sale_price_inc_tax":0,"market_fr_price":0,"market_fr_sale_price":0,"market_fr_active":false,"market_fr_url":null,"market_fr_parent_url":"","market_fr_tax_rate":0,"market_fr_price_inc_tax":0,"market_fr_sale_price_inc_tax":0,"market_ch_price":0,"market_ch_sale_price":0,"market_ch_active":false,"market_ch_url":null,"market_ch_parent_url":"","market_ch_tax_rate":0,"market_ch_price_inc_tax":0,"market_ch_sale_price_inc_tax":0,"market_at_price":0,"market_at_sale_price":0,"market_at_active":false,"market_at_url":null,"market_at_parent_url":"","market_at_tax_rate":0,"market_at_price_inc_tax":0,"market_at_sale_price_inc_tax":0,"market_es_price":0,"market_es_sale_price":0,"market_es_active":false,"market_es_url":null,"market_es_parent_url":"","market_es_tax_rate":0,"market_es_price_inc_tax":0,"market_es_sale_price_inc_tax":0,"market_dk_price":0,"market_dk_sale_price":0,"market_dk_active":false,"market_dk_url":null,"market_dk_parent_url":"","market_dk_tax_rate":0,"market_dk_price_inc_tax":0,"market_dk_sale_price_inc_tax":0,"market_com_price":0,"market_com_sale_price":0,"market_com_active":false,"market_com_url":null,"market_com_parent_url":"","market_com_tax_rate":0,"market_com_price_inc_tax":0,"market_com_sale_price_inc_tax":0,"acf":[],"_links":{"self":[{"href":"https:\/\/www.pharmacy4pets.nl\/be\/wp-json\/wp\/v2\/product\/119908","targetHints":{"allow":["GET"]}}],"collection":[{"href":"https:\/\/www.pharmacy4pets.nl\/be\/wp-json\/wp\/v2\/product"}],"about":[{"href":"https:\/\/www.pharmacy4pets.nl\/be\/wp-json\/wp\/v2\/types\/product"}],"replies":[{"embeddable":true,"href":"https:\/\/www.pharmacy4pets.nl\/be\/wp-json\/wp\/v2\/comments?post=119908"}],"wp:featuredmedia":[{"embeddable":true,"href":"https:\/\/www.pharmacy4pets.nl\/be\/wp-json\/wp\/v2\/media\/119906"}],"wp:attachment":[{"href":"https:\/\/www.pharmacy4pets.nl\/be\/wp-json\/wp\/v2\/media?parent=119908"}],"wp:term":[{"taxonomy":"product_brand","embeddable":true,"href":"https:\/\/www.pharmacy4pets.nl\/be\/wp-json\/wp\/v2\/product_brand?post=119908"},{"taxonomy":"product_cat","embeddable":true,"href":"https:\/\/www.pharmacy4pets.nl\/be\/wp-json\/wp\/v2\/product_cat?post=119908"},{"taxonomy":"product_tag","embeddable":true,"href":"https:\/\/www.pharmacy4pets.nl\/be\/wp-json\/wp\/v2\/product_tag?post=119908"}],"curies":[{"name":"wp","href":"https:\/\/api.w.org\/{rel}","templated":true}]}}