{"id":119890,"date":"2023-03-10T12:17:46","date_gmt":"2023-03-10T12:17:46","guid":{"rendered":"https:\/\/p4p.test\/medical-pet-shirt-taz-voorpoot-mouwtjes-xxl"},"modified":"2026-04-14T08:04:45","modified_gmt":"2026-04-14T08:04:45","slug":"medical-pet-shirt-taz-voorpoot-mouwtjes-xxl","status":"publish","type":"product","link":"https:\/\/www.pharmacy4pets.nl\/be\/medical-pet-shirt-taz-voorpoot-mouwtjes-xxl","title":{"rendered":"Medical Pet Shirt TAZ Voorpoot Mouwtjes XXL"},"content":{"rendered":"<p>De Medical Pet Shirt TAZ Enkele Voorpootmouw kan zowel voor de linker- als de rechtervoorpoot van een hond gebruikt kan worden. Geschikt om zalf af te dekken voor een optimale werking, maar ook ter bescherming van hotspots, wonden, bandages of huidproblemen. De voorpootmouw is gemaakt van een zeer hoge kwaliteit katoen en stretchstof voor het beste comfort. Door de sluiting rondom de borstkas is het zeer gemakkelijk in gebruik. De voorpootmouw is wasmachine wasbaar en herbruikbaar. <\/p>\n","protected":false},"excerpt":{"rendered":"<p>De Medical Pet Shirt TAZ Enkele Voorpootmouw kan zowel voor de linker- als de rechtervoorpoot van een hond gebruikt kan worden. Geschikt om zalf af te dekken voor een optimale werking, maar ook ter bescherming van hotspots, wonden, bandages of huidproblemen. De voorpootmouw is gemaakt van een zeer hoge kwaliteit katoen en stretchstof voor het [&hellip;]<\/p>\n","protected":false},"featured_media":119888,"comment_status":"open","ping_status":"closed","template":"","meta":{"_acf_changed":false,"_nl_post_content":"De Medical Pet Shirt TAZ Enkele Voorpootmouw kan zowel voor de linker- als de rechtervoorpoot van een hond gebruikt kan worden. Geschikt om zalf af te dekken voor een optimale werking, maar ook ter bescherming van hotspots, wonden, bandages of huidproblemen. De voorpootmouw is gemaakt van een zeer hoge kwaliteit katoen en stretchstof voor het beste comfort. Door de sluiting rondom de borstkas is het zeer gemakkelijk in gebruik. De voorpootmouw is wasmachine wasbaar en herbruikbaar. ","_nl_post_name":"medical-pet-shirt-taz-voorpoot-mouwtjes-xxl","_nl_post_excerpt":"","_nl_post_title":"Medical Pet Shirt TAZ Voorpoot Mouwtjes XXL","_en_post_content":"<p>The Medical Pet Shirt TAZ Single Front Leg Sleeve can be used for both the left and right front leg of a dog. Suitable to cover ointment for optimal effect, but also to protect hotspots, wounds, bandages or skin problems. The front leg sleeve is made of a very high quality cotton and stretch fabric for the best comfort. The closure around the chest makes it very easy to use. The front leg sleeve is machine washable and reusable.<\/p>","_en_post_name":"Medical-Pet-Shirt-TAZ-Front Leg-Sleeves-XXL","_en_post_excerpt":"","_en_post_title":"Medical Pet Shirt TAZ Front Leg Sleeves XXL","_de_post_content":"<p>Das Medical Pet Shirt TAZ Vorderbein \u00c4rmel kann sowohl f\u00fcr das linke als auch f\u00fcr das rechte Vorderbein eines Hundes verwendet werden. Geeignet zum Abdecken von Salben f\u00fcr eine optimale Wirkung, aber auch zum Schutz von Hotspots, Wunden, Verb\u00e4nden oder Hautproblemen. Der vordere Bein\u00e4rmel besteht aus einem sehr hochwertigen Baumwoll- und Stretchstoff f\u00fcr besten Komfort. Durch den Verschluss rund um die Brust ist die Handhabung sehr einfach. Die Vorderbeinmanschette ist maschinenwaschbar und wiederverwendbar.<\/p>","_de_post_name":"Medical-Pet-Shirt-TAZ-Vorderbein-Armel-XXL","_de_post_excerpt":"","_de_post_title":"Medical Pet Shirt TAZ Vorderbein \u00c4rmel XXL","_fr_post_content":"<p>Le\u00a0Medical Pet Shirt TAZ Patte avant manchons\u00a0peut \u00eatre utilis\u00e9e \u00e0 la fois pour la patte avant gauche et droite d\u2019un chien. Convient pour recouvrir la pommade pour un effet optimal, mais aussi pour prot\u00e9ger les points chauds, les plaies, les bandages ou les probl\u00e8mes de peau. La manche avant de la jambe est confectionn\u00e9e dans un tissu en coton et stretch de tr\u00e8s haute qualit\u00e9 pour un confort optimal. La fermeture autour de la poitrine le rend tr\u00e8s facile \u00e0 utiliser. La manche de la jambe avant est lavable en machine et r\u00e9utilisable.<\/p>","_fr_post_name":"Medical-Pet-Shirt-TAZ-Patte-avant-Manchons-XXL","_fr_post_excerpt":"","_fr_post_title":"Medical Pet Shirt TAZ Patte avant Manchons XXL","_es_post_content":"<p>La Medical Pet Shirt TAZ Pata delantera mangas se puede utilizar tanto para la pata delantera izquierda como para la derecha de un perro. Adecuado para cubrir pomadas para un efecto \u00f3ptimo, pero tambi\u00e9n para proteger puntos calientes, heridas, vendajes o problemas de la piel. La manga delantera de la pierna est\u00e1 hecha de algod\u00f3n de muy alta calidad y tejido el\u00e1stico para mayor comodidad. El cierre alrededor del pecho hace que sea muy f\u00e1cil de usar. La funda de la pierna delantera se puede lavar a m\u00e1quina y reutilizar.<\/p>","_es_post_name":"Medical-Pet-Shirt-TAZ-Pata-delantera-Mangas-XXL","_es_post_excerpt":"","_es_post_title":"Medical Pet Shirt TAZ Pata delantera Mangas XXL","edit_language":"nl"},"product_brand":[],"product_cat":[1861,1862,1117,1974,1845,1935,1839,1857],"product_tag":[],"class_list":{"0":"post-119890","1":"product","2":"type-product","3":"status-publish","4":"has-post-thumbnail","6":"product_cat-benodigdheden","7":"product_cat-ehbo","8":"product_cat-honden","9":"product_cat-hotspot","10":"product_cat-huid-vacht","11":"product_cat-medical-pet-shirts","12":"product_cat-medicijnen-supplementen","13":"product_cat-merken","14":"pa_aandoening-wond_ehbo","15":"pa_doeldier-hond","16":"pa_fabricatieland-india","17":"pa_merkfilter-medicalpetshirt","18":"pa_merkgroep-medicalpetshirt","19":"pa_productsoort-overig","20":"pa_toedieningswijze-overig","21":"pa_unit_pricing_base_measure-1ct","22":"pa_unit_pricing_measure-1ct","23":"pa_werkzamestof-overig","25":"first","26":"instock","27":"taxable","28":"shipping-taxable","29":"purchasable","30":"product-type-simple"},"yoast_head":"<!-- This site is optimized with the Yoast SEO plugin v27.5 - https:\/\/yoast.com\/product\/yoast-seo-wordpress\/ -->\n<title>Medical Pet Shirt TAZ Voorpoot Mouwtjes XXL - Pharmacy4pets<\/title>\n<meta name=\"robots\" content=\"index, follow, max-snippet:-1, max-image-preview:large, max-video-preview:-1\" \/>\n<link rel=\"canonical\" href=\"https:\/\/www.pharmacy4pets.nl\/be\/medical-pet-shirt-taz-voorpoot-mouwtjes-xxl\" \/>\n<meta property=\"og:locale\" content=\"nl_NL\" \/>\n<meta property=\"og:type\" content=\"article\" \/>\n<meta property=\"og:title\" content=\"Medical Pet Shirt TAZ Voorpoot Mouwtjes XXL - Pharmacy4pets\" \/>\n<meta property=\"og:description\" content=\"De Medical Pet Shirt TAZ Enkele Voorpootmouw kan zowel voor de linker- als de rechtervoorpoot van een hond gebruikt kan worden. Geschikt om zalf af te dekken voor een optimale werking, maar ook ter bescherming van hotspots, wonden, bandages of huidproblemen. De voorpootmouw is gemaakt van een zeer hoge kwaliteit katoen en stretchstof voor het [&hellip;]\" \/>\n<meta property=\"og:url\" content=\"https:\/\/www.pharmacy4pets.nl\/be\/medical-pet-shirt-taz-voorpoot-mouwtjes-xxl\" \/>\n<meta property=\"og:site_name\" content=\"Pharmacy4pets\" \/>\n<meta property=\"article:publisher\" content=\"https:\/\/www.facebook.com\/people\/Pharmacy4petsnl\/100063484989896\/\" \/>\n<meta property=\"article:modified_time\" content=\"2026-04-14T08:04:45+00:00\" \/>\n<meta property=\"og:image\" content=\"https:\/\/www.pharmacy4pets.nl\/wp-content\/uploads\/2023\/03\/mps_taz_1-8494.jpg\" \/>\n\t<meta property=\"og:image:width\" content=\"1000\" \/>\n\t<meta property=\"og:image:height\" content=\"1000\" \/>\n\t<meta property=\"og:image:type\" content=\"image\/jpeg\" \/>\n<meta name=\"twitter:card\" content=\"summary_large_image\" \/>\n<script type=\"application\/ld+json\" class=\"yoast-schema-graph\">{\"@context\":\"https:\\\/\\\/schema.org\",\"@graph\":[{\"@type\":\"WebPage\",\"@id\":\"https:\\\/\\\/www.pharmacy4pets.nl\\\/be\\\/medical-pet-shirt-taz-voorpoot-mouwtjes-xxl\",\"url\":\"https:\\\/\\\/www.pharmacy4pets.nl\\\/be\\\/medical-pet-shirt-taz-voorpoot-mouwtjes-xxl\",\"name\":\"Medical Pet Shirt TAZ Voorpoot Mouwtjes XXL - Pharmacy4pets\",\"isPartOf\":{\"@id\":\"http:\\\/\\\/www.pharmacy4pets.nl\\\/#website\"},\"primaryImageOfPage\":{\"@id\":\"https:\\\/\\\/www.pharmacy4pets.nl\\\/be\\\/medical-pet-shirt-taz-voorpoot-mouwtjes-xxl#primaryimage\"},\"image\":{\"@id\":\"https:\\\/\\\/www.pharmacy4pets.nl\\\/be\\\/medical-pet-shirt-taz-voorpoot-mouwtjes-xxl#primaryimage\"},\"thumbnailUrl\":\"https:\\\/\\\/www.pharmacy4pets.nl\\\/wp-content\\\/uploads\\\/2023\\\/03\\\/mps_taz_1-8494.jpg\",\"datePublished\":\"2023-03-10T12:17:46+00:00\",\"dateModified\":\"2026-04-14T08:04:45+00:00\",\"breadcrumb\":{\"@id\":\"https:\\\/\\\/www.pharmacy4pets.nl\\\/be\\\/medical-pet-shirt-taz-voorpoot-mouwtjes-xxl#breadcrumb\"},\"inLanguage\":\"nl-NL\",\"potentialAction\":[{\"@type\":\"ReadAction\",\"target\":[\"https:\\\/\\\/www.pharmacy4pets.nl\\\/be\\\/medical-pet-shirt-taz-voorpoot-mouwtjes-xxl\"]}]},{\"@type\":\"ImageObject\",\"inLanguage\":\"nl-NL\",\"@id\":\"https:\\\/\\\/www.pharmacy4pets.nl\\\/be\\\/medical-pet-shirt-taz-voorpoot-mouwtjes-xxl#primaryimage\",\"url\":\"https:\\\/\\\/www.pharmacy4pets.nl\\\/wp-content\\\/uploads\\\/2023\\\/03\\\/mps_taz_1-8494.jpg\",\"contentUrl\":\"https:\\\/\\\/www.pharmacy4pets.nl\\\/wp-content\\\/uploads\\\/2023\\\/03\\\/mps_taz_1-8494.jpg\",\"width\":1000,\"height\":1000,\"caption\":\"Medical Pet Shirt\"},{\"@type\":\"BreadcrumbList\",\"@id\":\"https:\\\/\\\/www.pharmacy4pets.nl\\\/be\\\/medical-pet-shirt-taz-voorpoot-mouwtjes-xxl#breadcrumb\",\"itemListElement\":[{\"@type\":\"ListItem\",\"position\":1,\"name\":\"Home\",\"item\":\"https:\\\/\\\/p4p-nl.bootmine.com\\\/\"},{\"@type\":\"ListItem\",\"position\":2,\"name\":\"Winkel\",\"item\":\"https:\\\/\\\/p4p-nl.bootmine.com\\\/winkel\"},{\"@type\":\"ListItem\",\"position\":3,\"name\":\"Medical Pet Shirt TAZ Voorpoot Mouwtjes XXL\"}]},{\"@type\":\"WebSite\",\"@id\":\"http:\\\/\\\/www.pharmacy4pets.nl\\\/#website\",\"url\":\"http:\\\/\\\/www.pharmacy4pets.nl\\\/\",\"name\":\"Pharmacy4pets\",\"description\":\"Pharmacy4pets.nl is d\u00e9 online apotheek waar u terecht kunt voor alle diergeneesmiddelen, verzorgingsproducten en dieetvoeding voor uw huisdier.\",\"publisher\":{\"@id\":\"http:\\\/\\\/www.pharmacy4pets.nl\\\/#organization\"},\"potentialAction\":[{\"@type\":\"SearchAction\",\"target\":{\"@type\":\"EntryPoint\",\"urlTemplate\":\"http:\\\/\\\/www.pharmacy4pets.nl\\\/?s={search_term_string}\"},\"query-input\":{\"@type\":\"PropertyValueSpecification\",\"valueRequired\":true,\"valueName\":\"search_term_string\"}}],\"inLanguage\":\"nl-NL\"},{\"@type\":\"Organization\",\"@id\":\"http:\\\/\\\/www.pharmacy4pets.nl\\\/#organization\",\"name\":\"Pharmacy4pets\",\"url\":\"http:\\\/\\\/www.pharmacy4pets.nl\\\/\",\"logo\":{\"@type\":\"ImageObject\",\"inLanguage\":\"nl-NL\",\"@id\":\"http:\\\/\\\/www.pharmacy4pets.nl\\\/#\\\/schema\\\/logo\\\/image\\\/\",\"url\":\"https:\\\/\\\/p4p-nl.bootmine.com\\\/wp-content\\\/uploads\\\/2026\\\/03\\\/logo-pharmacy4pets.png\",\"contentUrl\":\"https:\\\/\\\/p4p-nl.bootmine.com\\\/wp-content\\\/uploads\\\/2026\\\/03\\\/logo-pharmacy4pets.png\",\"width\":1024,\"height\":135,\"caption\":\"Pharmacy4pets\"},\"image\":{\"@id\":\"http:\\\/\\\/www.pharmacy4pets.nl\\\/#\\\/schema\\\/logo\\\/image\\\/\"},\"sameAs\":[\"https:\\\/\\\/www.facebook.com\\\/people\\\/Pharmacy4petsnl\\\/100063484989896\\\/\",\"https:\\\/\\\/www.youtube.com\\\/channel\\\/UCGPTIgucgli03tP2_kvLkHg\\\/featured\",\"https:\\\/\\\/www.instagram.com\\\/pharmacy4pets.nl\"]}]}<\/script>\n<!-- \/ Yoast SEO plugin. -->","yoast_head_json":{"title":"Medical Pet Shirt TAZ Voorpoot Mouwtjes XXL - Pharmacy4pets","robots":{"index":"index","follow":"follow","max-snippet":"max-snippet:-1","max-image-preview":"max-image-preview:large","max-video-preview":"max-video-preview:-1"},"canonical":"https:\/\/www.pharmacy4pets.nl\/be\/medical-pet-shirt-taz-voorpoot-mouwtjes-xxl","og_locale":"nl_NL","og_type":"article","og_title":"Medical Pet Shirt TAZ Voorpoot Mouwtjes XXL - Pharmacy4pets","og_description":"De Medical Pet Shirt TAZ Enkele Voorpootmouw kan zowel voor de linker- als de rechtervoorpoot van een hond gebruikt kan worden. Geschikt om zalf af te dekken voor een optimale werking, maar ook ter bescherming van hotspots, wonden, bandages of huidproblemen. De voorpootmouw is gemaakt van een zeer hoge kwaliteit katoen en stretchstof voor het [&hellip;]","og_url":"https:\/\/www.pharmacy4pets.nl\/be\/medical-pet-shirt-taz-voorpoot-mouwtjes-xxl","og_site_name":"Pharmacy4pets","article_publisher":"https:\/\/www.facebook.com\/people\/Pharmacy4petsnl\/100063484989896\/","article_modified_time":"2026-04-14T08:04:45+00:00","og_image":[{"width":1000,"height":1000,"url":"https:\/\/www.pharmacy4pets.nl\/wp-content\/uploads\/2023\/03\/mps_taz_1-8494.jpg","type":"image\/jpeg"}],"twitter_card":"summary_large_image","schema":{"@context":"https:\/\/schema.org","@graph":[{"@type":"WebPage","@id":"https:\/\/www.pharmacy4pets.nl\/be\/medical-pet-shirt-taz-voorpoot-mouwtjes-xxl","url":"https:\/\/www.pharmacy4pets.nl\/be\/medical-pet-shirt-taz-voorpoot-mouwtjes-xxl","name":"Medical Pet Shirt TAZ Voorpoot Mouwtjes XXL - Pharmacy4pets","isPartOf":{"@id":"http:\/\/www.pharmacy4pets.nl\/#website"},"primaryImageOfPage":{"@id":"https:\/\/www.pharmacy4pets.nl\/be\/medical-pet-shirt-taz-voorpoot-mouwtjes-xxl#primaryimage"},"image":{"@id":"https:\/\/www.pharmacy4pets.nl\/be\/medical-pet-shirt-taz-voorpoot-mouwtjes-xxl#primaryimage"},"thumbnailUrl":"https:\/\/www.pharmacy4pets.nl\/wp-content\/uploads\/2023\/03\/mps_taz_1-8494.jpg","datePublished":"2023-03-10T12:17:46+00:00","dateModified":"2026-04-14T08:04:45+00:00","breadcrumb":{"@id":"https:\/\/www.pharmacy4pets.nl\/be\/medical-pet-shirt-taz-voorpoot-mouwtjes-xxl#breadcrumb"},"inLanguage":"nl-NL","potentialAction":[{"@type":"ReadAction","target":["https:\/\/www.pharmacy4pets.nl\/be\/medical-pet-shirt-taz-voorpoot-mouwtjes-xxl"]}]},{"@type":"ImageObject","inLanguage":"nl-NL","@id":"https:\/\/www.pharmacy4pets.nl\/be\/medical-pet-shirt-taz-voorpoot-mouwtjes-xxl#primaryimage","url":"https:\/\/www.pharmacy4pets.nl\/wp-content\/uploads\/2023\/03\/mps_taz_1-8494.jpg","contentUrl":"https:\/\/www.pharmacy4pets.nl\/wp-content\/uploads\/2023\/03\/mps_taz_1-8494.jpg","width":1000,"height":1000,"caption":"Medical Pet Shirt"},{"@type":"BreadcrumbList","@id":"https:\/\/www.pharmacy4pets.nl\/be\/medical-pet-shirt-taz-voorpoot-mouwtjes-xxl#breadcrumb","itemListElement":[{"@type":"ListItem","position":1,"name":"Home","item":"https:\/\/p4p-nl.bootmine.com\/"},{"@type":"ListItem","position":2,"name":"Winkel","item":"https:\/\/p4p-nl.bootmine.com\/winkel"},{"@type":"ListItem","position":3,"name":"Medical Pet Shirt TAZ Voorpoot Mouwtjes XXL"}]},{"@type":"WebSite","@id":"http:\/\/www.pharmacy4pets.nl\/#website","url":"http:\/\/www.pharmacy4pets.nl\/","name":"Pharmacy4pets","description":"Pharmacy4pets.nl is d\u00e9 online apotheek waar u terecht kunt voor alle diergeneesmiddelen, verzorgingsproducten en dieetvoeding voor uw huisdier.","publisher":{"@id":"http:\/\/www.pharmacy4pets.nl\/#organization"},"potentialAction":[{"@type":"SearchAction","target":{"@type":"EntryPoint","urlTemplate":"http:\/\/www.pharmacy4pets.nl\/?s={search_term_string}"},"query-input":{"@type":"PropertyValueSpecification","valueRequired":true,"valueName":"search_term_string"}}],"inLanguage":"nl-NL"},{"@type":"Organization","@id":"http:\/\/www.pharmacy4pets.nl\/#organization","name":"Pharmacy4pets","url":"http:\/\/www.pharmacy4pets.nl\/","logo":{"@type":"ImageObject","inLanguage":"nl-NL","@id":"http:\/\/www.pharmacy4pets.nl\/#\/schema\/logo\/image\/","url":"https:\/\/p4p-nl.bootmine.com\/wp-content\/uploads\/2026\/03\/logo-pharmacy4pets.png","contentUrl":"https:\/\/p4p-nl.bootmine.com\/wp-content\/uploads\/2026\/03\/logo-pharmacy4pets.png","width":1024,"height":135,"caption":"Pharmacy4pets"},"image":{"@id":"http:\/\/www.pharmacy4pets.nl\/#\/schema\/logo\/image\/"},"sameAs":["https:\/\/www.facebook.com\/people\/Pharmacy4petsnl\/100063484989896\/","https:\/\/www.youtube.com\/channel\/UCGPTIgucgli03tP2_kvLkHg\/featured","https:\/\/www.instagram.com\/pharmacy4pets.nl"]}]}},"market_data":{"nl":{"price":0,"sale_price":0,"active":false,"url":null,"parent_url":"","tax_rate":0,"price_inc_tax":0,"sale_price_inc_tax":0},"de":{"price":0,"sale_price":0,"active":false,"url":null,"parent_url":"","tax_rate":0,"price_inc_tax":0,"sale_price_inc_tax":0},"be":{"price":0,"sale_price":0,"active":false,"url":null,"parent_url":"","tax_rate":0,"price_inc_tax":0,"sale_price_inc_tax":0},"fr":{"price":0,"sale_price":0,"active":false,"url":null,"parent_url":"","tax_rate":0,"price_inc_tax":0,"sale_price_inc_tax":0},"ch":{"price":0,"sale_price":0,"active":false,"url":null,"parent_url":"","tax_rate":0,"price_inc_tax":0,"sale_price_inc_tax":0},"at":{"price":0,"sale_price":0,"active":false,"url":null,"parent_url":"","tax_rate":0,"price_inc_tax":0,"sale_price_inc_tax":0},"es":{"price":0,"sale_price":0,"active":false,"url":null,"parent_url":"","tax_rate":0,"price_inc_tax":0,"sale_price_inc_tax":0},"dk":{"price":0,"sale_price":0,"active":false,"url":null,"parent_url":"","tax_rate":0,"price_inc_tax":0,"sale_price_inc_tax":0},"com":{"price":0,"sale_price":0,"active":false,"url":null,"parent_url":"","tax_rate":0,"price_inc_tax":0,"sale_price_inc_tax":0}},"market_nl_price":0,"market_nl_sale_price":0,"market_nl_active":false,"market_nl_url":null,"market_nl_parent_url":"","market_nl_tax_rate":0,"market_nl_price_inc_tax":0,"market_nl_sale_price_inc_tax":0,"market_de_price":0,"market_de_sale_price":0,"market_de_active":false,"market_de_url":null,"market_de_parent_url":"","market_de_tax_rate":0,"market_de_price_inc_tax":0,"market_de_sale_price_inc_tax":0,"market_be_price":0,"market_be_sale_price":0,"market_be_active":false,"market_be_url":null,"market_be_parent_url":"","market_be_tax_rate":0,"market_be_price_inc_tax":0,"market_be_sale_price_inc_tax":0,"market_fr_price":0,"market_fr_sale_price":0,"market_fr_active":false,"market_fr_url":null,"market_fr_parent_url":"","market_fr_tax_rate":0,"market_fr_price_inc_tax":0,"market_fr_sale_price_inc_tax":0,"market_ch_price":0,"market_ch_sale_price":0,"market_ch_active":false,"market_ch_url":null,"market_ch_parent_url":"","market_ch_tax_rate":0,"market_ch_price_inc_tax":0,"market_ch_sale_price_inc_tax":0,"market_at_price":0,"market_at_sale_price":0,"market_at_active":false,"market_at_url":null,"market_at_parent_url":"","market_at_tax_rate":0,"market_at_price_inc_tax":0,"market_at_sale_price_inc_tax":0,"market_es_price":0,"market_es_sale_price":0,"market_es_active":false,"market_es_url":null,"market_es_parent_url":"","market_es_tax_rate":0,"market_es_price_inc_tax":0,"market_es_sale_price_inc_tax":0,"market_dk_price":0,"market_dk_sale_price":0,"market_dk_active":false,"market_dk_url":null,"market_dk_parent_url":"","market_dk_tax_rate":0,"market_dk_price_inc_tax":0,"market_dk_sale_price_inc_tax":0,"market_com_price":0,"market_com_sale_price":0,"market_com_active":false,"market_com_url":null,"market_com_parent_url":"","market_com_tax_rate":0,"market_com_price_inc_tax":0,"market_com_sale_price_inc_tax":0,"acf":[],"_links":{"self":[{"href":"https:\/\/www.pharmacy4pets.nl\/be\/wp-json\/wp\/v2\/product\/119890","targetHints":{"allow":["GET"]}}],"collection":[{"href":"https:\/\/www.pharmacy4pets.nl\/be\/wp-json\/wp\/v2\/product"}],"about":[{"href":"https:\/\/www.pharmacy4pets.nl\/be\/wp-json\/wp\/v2\/types\/product"}],"replies":[{"embeddable":true,"href":"https:\/\/www.pharmacy4pets.nl\/be\/wp-json\/wp\/v2\/comments?post=119890"}],"wp:featuredmedia":[{"embeddable":true,"href":"https:\/\/www.pharmacy4pets.nl\/be\/wp-json\/wp\/v2\/media\/119888"}],"wp:attachment":[{"href":"https:\/\/www.pharmacy4pets.nl\/be\/wp-json\/wp\/v2\/media?parent=119890"}],"wp:term":[{"taxonomy":"product_brand","embeddable":true,"href":"https:\/\/www.pharmacy4pets.nl\/be\/wp-json\/wp\/v2\/product_brand?post=119890"},{"taxonomy":"product_cat","embeddable":true,"href":"https:\/\/www.pharmacy4pets.nl\/be\/wp-json\/wp\/v2\/product_cat?post=119890"},{"taxonomy":"product_tag","embeddable":true,"href":"https:\/\/www.pharmacy4pets.nl\/be\/wp-json\/wp\/v2\/product_tag?post=119890"}],"curies":[{"name":"wp","href":"https:\/\/api.w.org\/{rel}","templated":true}]}}