{"id":119831,"date":"2023-03-10T12:17:37","date_gmt":"2023-03-10T12:17:37","guid":{"rendered":"https:\/\/p4p.test\/medical-pet-shirt-hls-achterpoot-mouwtjes-xxs"},"modified":"2026-04-14T08:04:39","modified_gmt":"2026-04-14T08:04:39","slug":"medical-pet-shirt-hls-achterpoot-mouwtjes-xxs","status":"publish","type":"product","link":"https:\/\/www.pharmacy4pets.nl\/be\/medical-pet-shirt-hls-achterpoot-mouwtjes-xxs","title":{"rendered":"Medical Pet Shirt HLS Achterpoot Mouwtjes XXS"},"content":{"rendered":"<p>De Medical Pet Shirt HLS Achterpootmouwen beschermen de achterpoten van de hond. Hierdoor kunnen wonden, hechtingen of bandages bedekt en beschermt worden, zodat de hond hier niet aan kan gaan likken, krabben of bijten. Zo kan de hond in alle vrijheid genezen.<\/p>\n<p>De Medical Pet Shirt HLS Achterpootmouwen zijn\u00a0voorzien van twee mouwtjes met een klittenbandsluiting aan de bovenkant, verstelbare bandjes aan de voorkant en \u00e9\u00e9n bandje aan de achterkant om onder de staart te sluiten om het draaien van het mouwtje tegen te gaan.<\/p>\n<p>De achterpootmouwen zijn wasmachine wasbaar en herbruikbaar.<\/p>\n<p>Let op! De Medical Pet Shirt HLS Achterpootmouwen zijn alleen te gebruiken in combinatie met het Medical Pet Shirt Top Shirt (los verkrijgbaar), anders zullen de mouwen tijdens het dragen afzakken.<\/p>\n","protected":false},"excerpt":{"rendered":"<p>De Medical Pet Shirt HLS Achterpootmouwen beschermen de achterpoten van de hond. Hierdoor kunnen wonden, hechtingen of bandages bedekt en beschermt worden, zodat de hond hier niet aan kan gaan likken, krabben of bijten. Zo kan de hond in alle vrijheid genezen. De Medical Pet Shirt HLS Achterpootmouwen zijn\u00a0voorzien van twee mouwtjes met een klittenbandsluiting [&hellip;]<\/p>\n","protected":false},"featured_media":119829,"comment_status":"open","ping_status":"closed","template":"","meta":{"_acf_changed":false,"_nl_post_content":"<p>De Medical Pet Shirt HLS Achterpootmouwen beschermen de achterpoten van de hond. Hierdoor kunnen wonden, hechtingen of bandages bedekt en beschermt worden, zodat de hond hier niet aan kan gaan likken, krabben of bijten. Zo kan de hond in alle vrijheid genezen.<\/p>\n<p>De Medical Pet Shirt HLS Achterpootmouwen zijn\u00a0voorzien van twee mouwtjes met een klittenbandsluiting aan de bovenkant, verstelbare bandjes aan de voorkant en \u00e9\u00e9n bandje aan de achterkant om onder de staart te sluiten om het draaien van het mouwtje tegen te gaan.<\/p>\n<p>De achterpootmouwen zijn wasmachine wasbaar en herbruikbaar.<\/p>\n<p>Let op! De Medical Pet Shirt HLS Achterpootmouwen zijn alleen te gebruiken in combinatie met het Medical Pet Shirt Top Shirt (los verkrijgbaar), anders zullen de mouwen tijdens het dragen afzakken.<\/p>","_nl_post_name":"medical-pet-shirt-hls-achterpoot-mouwtjes-xxs","_nl_post_excerpt":"","_nl_post_title":"Medical Pet Shirt HLS Achterpoot Mouwtjes XXS","_en_post_content":"<p>The Medical Pet Shirt HLS Hind Leg Sleeves protect the dog's hind legs. This allows wounds, stitches or bandages to be covered and protected, so that the dog cannot lick, scratch or bite them. This way the dog can heal in complete freedom.<\/p>\r\n<p>The Medical Pet Shirt HLS Hind Leg Sleeves feature two sleeves with a Velcro closure at the top, adjustable straps at the front and one strap at the back to close under the tail to prevent the sleeve from twisting.<\/p>\r\n<p>The back leg sleeves are machine washable and reusable.<\/p>\r\n<p>NB! The Medical Pet Shirt HLS Hind Leg Sleeves can only be used in combination with the Medical Pet Shirt Top Shirt (available separately), otherwise the sleeves will slide down during wear.<\/p>","_en_post_name":"Medical-Pet-Shirt-HLS-Hind-Leg-Sleeves-XXS","_en_post_excerpt":"","_en_post_title":"Medical Pet Shirt HLS Hind Leg Sleeves XXS","_de_post_content":"<p>Die Medical Pet Shirt HLS Hinterpfote \u00c4rmel sch\u00fctzen die Hinterbeine des Hundes. Dadurch k\u00f6nnen Wunden, Stiche oder Verb\u00e4nde abgedeckt und gesch\u00fctzt werden, sodass der Hund sie nicht lecken, kratzen oder bei\u00dfen kann. Auf diese Weise kann der Hund in v\u00f6lliger Freiheit heilen.<\/p>\n<p>Die Medical Pet Shirt HLS Hinterpfote \u00c4rmel verf\u00fcgen \u00fcber zwei \u00c4rmel mit Klettverschluss oben, verstellbare Riemen vorne und einen Riemen hinten zum Schlie\u00dfen unter dem Schwanz, um ein Verdrehen der \u00c4rmel zu verhindern.<\/p>\n<p>Die hinteren Bein\u00e4rmel sind maschinenwaschbar und wiederverwendbar.<\/p>\n<p>ACHTUNG! Die Medical Pet Shirt HLS Hinterpfote \u00c4rmel k\u00f6nnen nur in Kombination mit dem Medical Pet Shirt Top Shirt (separat erh\u00e4ltlich) verwendet werden, da die \u00c4rmel sonst beim Tragen nach unten rutschen.<\/p>","_de_post_name":"Medical-Pet-Shirt-HLS-Hinterpfote-\u00c4rmel-XXS","_de_post_excerpt":"","_de_post_title":"Medical Pet Shirt HLS Hinterpfote \u00c4rmel XXS","_fr_post_content":"<p>Les Medical Pet Shirt HLS Patte arri\u00e8re Manchons prot\u00e8gent les pattes post\u00e9rieures du chien. Cela permet de couvrir et de prot\u00e9ger les plaies, les points de suture ou les bandages, afin que le chien ne puisse pas les l\u00e9cher, les gratter ou les mordre. Le chien peut ainsi gu\u00e9rir en toute libert\u00e9.<\/p>\n<p>Les Medical Pet Shirt HLS Patte arri\u00e8re Manchons comportent deux manches avec une fermeture Velcro en haut, des sangles r\u00e9glables \u00e0 l'avant et une sangle \u00e0 l'arri\u00e8re pour se fermer sous la queue pour emp\u00eacher la manche de se tordre.<\/p>\n<p>Les manches arri\u00e8re des jambes sont lavables en machine et r\u00e9utilisables.<\/p>\n<p>Attention ! Les Medical Pet Shirt HLS Patte arri\u00e8re Manchons ne peuvent \u00eatre utilis\u00e9es qu'en combinaison avec la chemise sup\u00e9rieure Medical Pet Shirt Top Shirt (disponible s\u00e9par\u00e9ment), sinon les manches glisseront vers le bas pendant le port.<\/p>","_fr_post_name":"Medical-Pet-Shirt-HLS-patte-arriere-Manchons-XXS","_fr_post_excerpt":"","_fr_post_title":"Medical Pet Shirt HLS Patte arri\u00e8re Manchons XXS","_es_post_content":"<p>Las Medical Pet Shirt HLS Pata trasera mangas protegen las patas traseras del perro. Esto permite cubrir y proteger heridas, puntos o vendajes, para que el perro no pueda lamerlos, rascarlos o morderlos. De esta forma el perro podr\u00e1 curarse con total libertad.<\/p>\n<p>Las Medical Pet Shirt HLS Pata trasera mangas cuentan con dos mangas con cierre de velcro en la parte superior, correas ajustables en la parte delantera y una correa en la parte posterior para cerrar debajo de la cola y evitar que la manga se tuerza.<\/p>\n<p>Las mangas traseras de las piernas son lavables a m\u00e1quina y reutilizables.<\/p>\n<p>\u00a1N\u00d3TESE BIEN! Las Medical Pet Shirt HLS Pata trasera mangas solo se pueden usar en combinaci\u00f3n con la camiseta superior Medical Pet Shirt Top Shirt (disponible por separado); de lo contrario, las mangas se deslizar\u00e1n hacia abajo durante el uso.<\/p>","_es_post_name":"Medical-Pet-Shirt-HLS-Pata-trasera-Mangas-XXS","_es_post_excerpt":"","_es_post_title":"Medical Pet Shirt HLS Pata trasera Mangas XXS","edit_language":"nl"},"product_brand":[],"product_cat":[1861,1862,1117,1974,1845,1935,1839,1857],"product_tag":[],"class_list":{"0":"post-119831","1":"product","2":"type-product","3":"status-publish","4":"has-post-thumbnail","6":"product_cat-benodigdheden","7":"product_cat-ehbo","8":"product_cat-honden","9":"product_cat-hotspot","10":"product_cat-huid-vacht","11":"product_cat-medical-pet-shirts","12":"product_cat-medicijnen-supplementen","13":"product_cat-merken","14":"pa_aandoening-wond_ehbo","15":"pa_doeldier-hond","16":"pa_fabricatieland-india","17":"pa_merkfilter-medicalpetshirt","18":"pa_merkgroep-medicalpetshirt","19":"pa_productsoort-overig","20":"pa_toedieningswijze-overig","21":"pa_unit_pricing_base_measure-1ct","22":"pa_unit_pricing_measure-1ct","23":"pa_werkzamestof-overig","25":"first","26":"instock","27":"taxable","28":"shipping-taxable","29":"purchasable","30":"product-type-simple"},"yoast_head":"<!-- This site is optimized with the Yoast SEO plugin v27.5 - https:\/\/yoast.com\/product\/yoast-seo-wordpress\/ -->\n<title>Medical Pet Shirt HLS Achterpoot Mouwtjes XXS - Pharmacy4pets<\/title>\n<meta name=\"robots\" content=\"index, follow, max-snippet:-1, max-image-preview:large, max-video-preview:-1\" \/>\n<link rel=\"canonical\" href=\"https:\/\/www.pharmacy4pets.nl\/medical-pet-shirt-hls-achterpoot-mouwtjes-xxs\" \/>\n<meta property=\"og:locale\" content=\"nl_NL\" \/>\n<meta property=\"og:type\" content=\"article\" \/>\n<meta property=\"og:title\" content=\"Medical Pet Shirt HLS Achterpoot Mouwtjes XXS - Pharmacy4pets\" \/>\n<meta property=\"og:description\" content=\"De Medical Pet Shirt HLS Achterpootmouwen beschermen de achterpoten van de hond. Hierdoor kunnen wonden, hechtingen of bandages bedekt en beschermt worden, zodat de hond hier niet aan kan gaan likken, krabben of bijten. Zo kan de hond in alle vrijheid genezen. De Medical Pet Shirt HLS Achterpootmouwen zijn\u00a0voorzien van twee mouwtjes met een klittenbandsluiting [&hellip;]\" \/>\n<meta property=\"og:url\" content=\"https:\/\/www.pharmacy4pets.nl\/medical-pet-shirt-hls-achterpoot-mouwtjes-xxs\" \/>\n<meta property=\"og:site_name\" content=\"Pharmacy4pets\" \/>\n<meta property=\"article:publisher\" content=\"https:\/\/www.facebook.com\/people\/Pharmacy4petsnl\/100063484989896\/\" \/>\n<meta property=\"article:modified_time\" content=\"2026-04-14T08:04:39+00:00\" \/>\n<meta property=\"og:image\" content=\"https:\/\/www.pharmacy4pets.nl\/wp-content\/uploads\/2023\/03\/mps_hls_3.jpg\" \/>\n\t<meta property=\"og:image:width\" content=\"1000\" \/>\n\t<meta property=\"og:image:height\" content=\"1000\" \/>\n\t<meta property=\"og:image:type\" content=\"image\/jpeg\" \/>\n<meta name=\"twitter:card\" content=\"summary_large_image\" \/>\n<meta name=\"twitter:label1\" content=\"Geschatte leestijd\" \/>\n\t<meta name=\"twitter:data1\" content=\"1 minuut\" \/>\n<script type=\"application\/ld+json\" class=\"yoast-schema-graph\">{\"@context\":\"https:\\\/\\\/schema.org\",\"@graph\":[{\"@type\":\"WebPage\",\"@id\":\"https:\\\/\\\/www.pharmacy4pets.nl\\\/medical-pet-shirt-hls-achterpoot-mouwtjes-xxs\",\"url\":\"https:\\\/\\\/www.pharmacy4pets.nl\\\/medical-pet-shirt-hls-achterpoot-mouwtjes-xxs\",\"name\":\"Medical Pet Shirt HLS Achterpoot Mouwtjes XXS - Pharmacy4pets\",\"isPartOf\":{\"@id\":\"http:\\\/\\\/www.pharmacy4pets.nl\\\/#website\"},\"primaryImageOfPage\":{\"@id\":\"https:\\\/\\\/www.pharmacy4pets.nl\\\/medical-pet-shirt-hls-achterpoot-mouwtjes-xxs#primaryimage\"},\"image\":{\"@id\":\"https:\\\/\\\/www.pharmacy4pets.nl\\\/medical-pet-shirt-hls-achterpoot-mouwtjes-xxs#primaryimage\"},\"thumbnailUrl\":\"https:\\\/\\\/www.pharmacy4pets.nl\\\/wp-content\\\/uploads\\\/2023\\\/03\\\/mps_hls_3.jpg\",\"datePublished\":\"2023-03-10T12:17:37+00:00\",\"dateModified\":\"2026-04-14T08:04:39+00:00\",\"breadcrumb\":{\"@id\":\"https:\\\/\\\/www.pharmacy4pets.nl\\\/medical-pet-shirt-hls-achterpoot-mouwtjes-xxs#breadcrumb\"},\"inLanguage\":\"nl-NL\",\"potentialAction\":[{\"@type\":\"ReadAction\",\"target\":[\"https:\\\/\\\/www.pharmacy4pets.nl\\\/medical-pet-shirt-hls-achterpoot-mouwtjes-xxs\"]}]},{\"@type\":\"ImageObject\",\"inLanguage\":\"nl-NL\",\"@id\":\"https:\\\/\\\/www.pharmacy4pets.nl\\\/medical-pet-shirt-hls-achterpoot-mouwtjes-xxs#primaryimage\",\"url\":\"https:\\\/\\\/www.pharmacy4pets.nl\\\/wp-content\\\/uploads\\\/2023\\\/03\\\/mps_hls_3.jpg\",\"contentUrl\":\"https:\\\/\\\/www.pharmacy4pets.nl\\\/wp-content\\\/uploads\\\/2023\\\/03\\\/mps_hls_3.jpg\",\"width\":1000,\"height\":1000,\"caption\":\"Medical Pet Shirt HLS\"},{\"@type\":\"BreadcrumbList\",\"@id\":\"https:\\\/\\\/www.pharmacy4pets.nl\\\/medical-pet-shirt-hls-achterpoot-mouwtjes-xxs#breadcrumb\",\"itemListElement\":[{\"@type\":\"ListItem\",\"position\":1,\"name\":\"Home\",\"item\":\"https:\\\/\\\/p4p-nl.bootmine.com\\\/\"},{\"@type\":\"ListItem\",\"position\":2,\"name\":\"Winkel\",\"item\":\"https:\\\/\\\/p4p-nl.bootmine.com\\\/winkel\"},{\"@type\":\"ListItem\",\"position\":3,\"name\":\"Medical Pet Shirt HLS Achterpoot Mouwtjes XXS\"}]},{\"@type\":\"WebSite\",\"@id\":\"http:\\\/\\\/www.pharmacy4pets.nl\\\/#website\",\"url\":\"http:\\\/\\\/www.pharmacy4pets.nl\\\/\",\"name\":\"Pharmacy4pets\",\"description\":\"Pharmacy4pets.nl is d\u00e9 online apotheek waar u terecht kunt voor alle diergeneesmiddelen, verzorgingsproducten en dieetvoeding voor uw huisdier.\",\"publisher\":{\"@id\":\"http:\\\/\\\/www.pharmacy4pets.nl\\\/#organization\"},\"potentialAction\":[{\"@type\":\"SearchAction\",\"target\":{\"@type\":\"EntryPoint\",\"urlTemplate\":\"http:\\\/\\\/www.pharmacy4pets.nl\\\/?s={search_term_string}\"},\"query-input\":{\"@type\":\"PropertyValueSpecification\",\"valueRequired\":true,\"valueName\":\"search_term_string\"}}],\"inLanguage\":\"nl-NL\"},{\"@type\":\"Organization\",\"@id\":\"http:\\\/\\\/www.pharmacy4pets.nl\\\/#organization\",\"name\":\"Pharmacy4pets\",\"url\":\"http:\\\/\\\/www.pharmacy4pets.nl\\\/\",\"logo\":{\"@type\":\"ImageObject\",\"inLanguage\":\"nl-NL\",\"@id\":\"http:\\\/\\\/www.pharmacy4pets.nl\\\/#\\\/schema\\\/logo\\\/image\\\/\",\"url\":\"https:\\\/\\\/p4p-nl.bootmine.com\\\/wp-content\\\/uploads\\\/2026\\\/03\\\/logo-pharmacy4pets.png\",\"contentUrl\":\"https:\\\/\\\/p4p-nl.bootmine.com\\\/wp-content\\\/uploads\\\/2026\\\/03\\\/logo-pharmacy4pets.png\",\"width\":1024,\"height\":135,\"caption\":\"Pharmacy4pets\"},\"image\":{\"@id\":\"http:\\\/\\\/www.pharmacy4pets.nl\\\/#\\\/schema\\\/logo\\\/image\\\/\"},\"sameAs\":[\"https:\\\/\\\/www.facebook.com\\\/people\\\/Pharmacy4petsnl\\\/100063484989896\\\/\",\"https:\\\/\\\/www.youtube.com\\\/channel\\\/UCGPTIgucgli03tP2_kvLkHg\\\/featured\",\"https:\\\/\\\/www.instagram.com\\\/pharmacy4pets.nl\"]}]}<\/script>\n<!-- \/ Yoast SEO plugin. -->","yoast_head_json":{"title":"Medical Pet Shirt HLS Achterpoot Mouwtjes XXS - Pharmacy4pets","robots":{"index":"index","follow":"follow","max-snippet":"max-snippet:-1","max-image-preview":"max-image-preview:large","max-video-preview":"max-video-preview:-1"},"canonical":"https:\/\/www.pharmacy4pets.nl\/medical-pet-shirt-hls-achterpoot-mouwtjes-xxs","og_locale":"nl_NL","og_type":"article","og_title":"Medical Pet Shirt HLS Achterpoot Mouwtjes XXS - Pharmacy4pets","og_description":"De Medical Pet Shirt HLS Achterpootmouwen beschermen de achterpoten van de hond. Hierdoor kunnen wonden, hechtingen of bandages bedekt en beschermt worden, zodat de hond hier niet aan kan gaan likken, krabben of bijten. Zo kan de hond in alle vrijheid genezen. De Medical Pet Shirt HLS Achterpootmouwen zijn\u00a0voorzien van twee mouwtjes met een klittenbandsluiting [&hellip;]","og_url":"https:\/\/www.pharmacy4pets.nl\/medical-pet-shirt-hls-achterpoot-mouwtjes-xxs","og_site_name":"Pharmacy4pets","article_publisher":"https:\/\/www.facebook.com\/people\/Pharmacy4petsnl\/100063484989896\/","article_modified_time":"2026-04-14T08:04:39+00:00","og_image":[{"width":1000,"height":1000,"url":"https:\/\/www.pharmacy4pets.nl\/wp-content\/uploads\/2023\/03\/mps_hls_3.jpg","type":"image\/jpeg"}],"twitter_card":"summary_large_image","twitter_misc":{"Geschatte leestijd":"1 minuut"},"schema":{"@context":"https:\/\/schema.org","@graph":[{"@type":"WebPage","@id":"https:\/\/www.pharmacy4pets.nl\/medical-pet-shirt-hls-achterpoot-mouwtjes-xxs","url":"https:\/\/www.pharmacy4pets.nl\/medical-pet-shirt-hls-achterpoot-mouwtjes-xxs","name":"Medical Pet Shirt HLS Achterpoot Mouwtjes XXS - Pharmacy4pets","isPartOf":{"@id":"http:\/\/www.pharmacy4pets.nl\/#website"},"primaryImageOfPage":{"@id":"https:\/\/www.pharmacy4pets.nl\/medical-pet-shirt-hls-achterpoot-mouwtjes-xxs#primaryimage"},"image":{"@id":"https:\/\/www.pharmacy4pets.nl\/medical-pet-shirt-hls-achterpoot-mouwtjes-xxs#primaryimage"},"thumbnailUrl":"https:\/\/www.pharmacy4pets.nl\/wp-content\/uploads\/2023\/03\/mps_hls_3.jpg","datePublished":"2023-03-10T12:17:37+00:00","dateModified":"2026-04-14T08:04:39+00:00","breadcrumb":{"@id":"https:\/\/www.pharmacy4pets.nl\/medical-pet-shirt-hls-achterpoot-mouwtjes-xxs#breadcrumb"},"inLanguage":"nl-NL","potentialAction":[{"@type":"ReadAction","target":["https:\/\/www.pharmacy4pets.nl\/medical-pet-shirt-hls-achterpoot-mouwtjes-xxs"]}]},{"@type":"ImageObject","inLanguage":"nl-NL","@id":"https:\/\/www.pharmacy4pets.nl\/medical-pet-shirt-hls-achterpoot-mouwtjes-xxs#primaryimage","url":"https:\/\/www.pharmacy4pets.nl\/wp-content\/uploads\/2023\/03\/mps_hls_3.jpg","contentUrl":"https:\/\/www.pharmacy4pets.nl\/wp-content\/uploads\/2023\/03\/mps_hls_3.jpg","width":1000,"height":1000,"caption":"Medical Pet Shirt HLS"},{"@type":"BreadcrumbList","@id":"https:\/\/www.pharmacy4pets.nl\/medical-pet-shirt-hls-achterpoot-mouwtjes-xxs#breadcrumb","itemListElement":[{"@type":"ListItem","position":1,"name":"Home","item":"https:\/\/p4p-nl.bootmine.com\/"},{"@type":"ListItem","position":2,"name":"Winkel","item":"https:\/\/p4p-nl.bootmine.com\/winkel"},{"@type":"ListItem","position":3,"name":"Medical Pet Shirt HLS Achterpoot Mouwtjes XXS"}]},{"@type":"WebSite","@id":"http:\/\/www.pharmacy4pets.nl\/#website","url":"http:\/\/www.pharmacy4pets.nl\/","name":"Pharmacy4pets","description":"Pharmacy4pets.nl is d\u00e9 online apotheek waar u terecht kunt voor alle diergeneesmiddelen, verzorgingsproducten en dieetvoeding voor uw huisdier.","publisher":{"@id":"http:\/\/www.pharmacy4pets.nl\/#organization"},"potentialAction":[{"@type":"SearchAction","target":{"@type":"EntryPoint","urlTemplate":"http:\/\/www.pharmacy4pets.nl\/?s={search_term_string}"},"query-input":{"@type":"PropertyValueSpecification","valueRequired":true,"valueName":"search_term_string"}}],"inLanguage":"nl-NL"},{"@type":"Organization","@id":"http:\/\/www.pharmacy4pets.nl\/#organization","name":"Pharmacy4pets","url":"http:\/\/www.pharmacy4pets.nl\/","logo":{"@type":"ImageObject","inLanguage":"nl-NL","@id":"http:\/\/www.pharmacy4pets.nl\/#\/schema\/logo\/image\/","url":"https:\/\/p4p-nl.bootmine.com\/wp-content\/uploads\/2026\/03\/logo-pharmacy4pets.png","contentUrl":"https:\/\/p4p-nl.bootmine.com\/wp-content\/uploads\/2026\/03\/logo-pharmacy4pets.png","width":1024,"height":135,"caption":"Pharmacy4pets"},"image":{"@id":"http:\/\/www.pharmacy4pets.nl\/#\/schema\/logo\/image\/"},"sameAs":["https:\/\/www.facebook.com\/people\/Pharmacy4petsnl\/100063484989896\/","https:\/\/www.youtube.com\/channel\/UCGPTIgucgli03tP2_kvLkHg\/featured","https:\/\/www.instagram.com\/pharmacy4pets.nl"]}]}},"market_data":{"nl":{"price":0,"sale_price":0,"active":false,"url":null,"parent_url":"","tax_rate":0,"price_inc_tax":0,"sale_price_inc_tax":0},"de":{"price":0,"sale_price":0,"active":false,"url":null,"parent_url":"","tax_rate":0,"price_inc_tax":0,"sale_price_inc_tax":0},"be":{"price":0,"sale_price":0,"active":false,"url":null,"parent_url":"","tax_rate":0,"price_inc_tax":0,"sale_price_inc_tax":0},"fr":{"price":0,"sale_price":0,"active":false,"url":null,"parent_url":"","tax_rate":0,"price_inc_tax":0,"sale_price_inc_tax":0},"ch":{"price":0,"sale_price":0,"active":false,"url":null,"parent_url":"","tax_rate":0,"price_inc_tax":0,"sale_price_inc_tax":0},"at":{"price":0,"sale_price":0,"active":false,"url":null,"parent_url":"","tax_rate":0,"price_inc_tax":0,"sale_price_inc_tax":0},"es":{"price":0,"sale_price":0,"active":false,"url":null,"parent_url":"","tax_rate":0,"price_inc_tax":0,"sale_price_inc_tax":0},"dk":{"price":0,"sale_price":0,"active":false,"url":null,"parent_url":"","tax_rate":0,"price_inc_tax":0,"sale_price_inc_tax":0},"com":{"price":0,"sale_price":0,"active":false,"url":null,"parent_url":"","tax_rate":0,"price_inc_tax":0,"sale_price_inc_tax":0}},"market_nl_price":0,"market_nl_sale_price":0,"market_nl_active":false,"market_nl_url":null,"market_nl_parent_url":"","market_nl_tax_rate":0,"market_nl_price_inc_tax":0,"market_nl_sale_price_inc_tax":0,"market_de_price":0,"market_de_sale_price":0,"market_de_active":false,"market_de_url":null,"market_de_parent_url":"","market_de_tax_rate":0,"market_de_price_inc_tax":0,"market_de_sale_price_inc_tax":0,"market_be_price":0,"market_be_sale_price":0,"market_be_active":false,"market_be_url":null,"market_be_parent_url":"","market_be_tax_rate":0,"market_be_price_inc_tax":0,"market_be_sale_price_inc_tax":0,"market_fr_price":0,"market_fr_sale_price":0,"market_fr_active":false,"market_fr_url":null,"market_fr_parent_url":"","market_fr_tax_rate":0,"market_fr_price_inc_tax":0,"market_fr_sale_price_inc_tax":0,"market_ch_price":0,"market_ch_sale_price":0,"market_ch_active":false,"market_ch_url":null,"market_ch_parent_url":"","market_ch_tax_rate":0,"market_ch_price_inc_tax":0,"market_ch_sale_price_inc_tax":0,"market_at_price":0,"market_at_sale_price":0,"market_at_active":false,"market_at_url":null,"market_at_parent_url":"","market_at_tax_rate":0,"market_at_price_inc_tax":0,"market_at_sale_price_inc_tax":0,"market_es_price":0,"market_es_sale_price":0,"market_es_active":false,"market_es_url":null,"market_es_parent_url":"","market_es_tax_rate":0,"market_es_price_inc_tax":0,"market_es_sale_price_inc_tax":0,"market_dk_price":0,"market_dk_sale_price":0,"market_dk_active":false,"market_dk_url":null,"market_dk_parent_url":"","market_dk_tax_rate":0,"market_dk_price_inc_tax":0,"market_dk_sale_price_inc_tax":0,"market_com_price":0,"market_com_sale_price":0,"market_com_active":false,"market_com_url":null,"market_com_parent_url":"","market_com_tax_rate":0,"market_com_price_inc_tax":0,"market_com_sale_price_inc_tax":0,"acf":[],"_links":{"self":[{"href":"https:\/\/www.pharmacy4pets.nl\/be\/wp-json\/wp\/v2\/product\/119831","targetHints":{"allow":["GET"]}}],"collection":[{"href":"https:\/\/www.pharmacy4pets.nl\/be\/wp-json\/wp\/v2\/product"}],"about":[{"href":"https:\/\/www.pharmacy4pets.nl\/be\/wp-json\/wp\/v2\/types\/product"}],"replies":[{"embeddable":true,"href":"https:\/\/www.pharmacy4pets.nl\/be\/wp-json\/wp\/v2\/comments?post=119831"}],"wp:featuredmedia":[{"embeddable":true,"href":"https:\/\/www.pharmacy4pets.nl\/be\/wp-json\/wp\/v2\/media\/119829"}],"wp:attachment":[{"href":"https:\/\/www.pharmacy4pets.nl\/be\/wp-json\/wp\/v2\/media?parent=119831"}],"wp:term":[{"taxonomy":"product_brand","embeddable":true,"href":"https:\/\/www.pharmacy4pets.nl\/be\/wp-json\/wp\/v2\/product_brand?post=119831"},{"taxonomy":"product_cat","embeddable":true,"href":"https:\/\/www.pharmacy4pets.nl\/be\/wp-json\/wp\/v2\/product_cat?post=119831"},{"taxonomy":"product_tag","embeddable":true,"href":"https:\/\/www.pharmacy4pets.nl\/be\/wp-json\/wp\/v2\/product_tag?post=119831"}],"curies":[{"name":"wp","href":"https:\/\/api.w.org\/{rel}","templated":true}]}}