{"id":119792,"date":"2023-03-10T12:17:34","date_gmt":"2023-03-10T12:17:34","guid":{"rendered":"https:\/\/p4p.test\/medical-pet-shirt-head-cover-pads-medium"},"modified":"2026-04-14T08:04:35","modified_gmt":"2026-04-14T08:04:35","slug":"medical-pet-shirt-head-cover-pads-medium","status":"publish","type":"product","link":"https:\/\/www.pharmacy4pets.nl\/be\/medical-pet-shirt-head-cover-pads-medium","title":{"rendered":"Medical Pet shirt Head Cover Pads &#8211; Medium | 2 stuks"},"content":{"rendered":"<p>Medical Pet Shirt Head Cover Pads zijn losse pads geschikt voor de Medical Pet Shirt Head Cover. Deze pads zijn geschikt wanneer er extra zachte bescherming nodig is aan de oren van de hond. De Medical Pet Shirt Head Cover bevat speciaal ontworpen zakjes om de pads in te plaatsen.<\/p>\n","protected":false},"excerpt":{"rendered":"<p>Medical Pet Shirt Head Cover Pads zijn losse pads geschikt voor de Medical Pet Shirt Head Cover. Deze pads zijn geschikt wanneer er extra zachte bescherming nodig is aan de oren van de hond. De Medical Pet Shirt Head Cover bevat speciaal ontworpen zakjes om de pads in te plaatsen.<\/p>\n","protected":false},"featured_media":119790,"comment_status":"open","ping_status":"closed","template":"","meta":{"_acf_changed":false,"_nl_post_content":"Medical Pet Shirt Head Cover Pads zijn losse pads geschikt voor de Medical Pet Shirt Head Cover. Deze pads zijn geschikt wanneer er extra zachte bescherming nodig is aan de oren van de hond. De Medical Pet Shirt Head Cover bevat speciaal ontworpen zakjes om de pads in te plaatsen.","_nl_post_name":"medical-pet-shirt-head-cover-pads-medium","_nl_post_excerpt":"","_nl_post_title":"Medical Pet shirt Head Cover Pads - Medium | 2 stuks","_en_post_content":"Medical Pet Shirt Head Cover Pads are loose pads suitable for the Medical Pet Shirt Head Cover. These pads are suitable when extra soft protection is needed for the dog's ears. The Medical Pet Shirt Head Cover includes specially designed pockets to place the pads in.","_en_post_name":"medical-pet-shirt-head-cover-pads-medium","_en_post_excerpt":"","_en_post_title":"Medical Pet shirt Head Cover Pads - Medium | 2 pieces","_de_post_content":"Medical Pet Shirt Head Cover Pads sind lose Pads, die f\u00fcr das Medical Pet Shirt Head Cover geeignet sind. Diese Pads eignen sich, wenn ein besonders weicher Schutz f\u00fcr die Ohren des Hundes ben\u00f6tigt wird. Das Medical Pet Shirt Head Cover verf\u00fcgt \u00fcber speziell entwickelte Taschen zum Verstauen der Pads.","_de_post_name":"medical-pet-shirt-head-cover-pads-medium","_de_post_excerpt":"","_de_post_title":"Medical Pet shirt Head Cover Pads - Medium | 2 St\u00fcck","_fr_post_content":"Medical Pet Shirt Head Cover Pads sont des coussinets amples adapt\u00e9s au Medical Pet Shirt Head Cover. Ces coussinets conviennent lorsqu'une protection extra douce est n\u00e9cessaire pour les oreilles du chien. Le Medical Pet Shirt Head Cover comprend des poches sp\u00e9cialement con\u00e7ues pour y placer les coussinets.","_fr_post_name":"medical-pet-shirt-head-cover-pads-medium","_fr_post_excerpt":"","_fr_post_title":"Medical Pet shirt Head Cover Pads - Medium | 2 pi\u00e8ces","_es_post_content":"Medical Pet Shirt Head Cover Pads son almohadillas sueltas adecuadas para el Medical Pet Shirt Head Cover. Estas almohadillas son adecuadas cuando se necesita una protecci\u00f3n extra suave para las orejas del perro. La Medical Pet Shirt Head Cover incluye bolsillos especialmente dise\u00f1ados para colocar las almohadillas.","_es_post_name":"medical-pet-shirt-head-cover-pads-medium","_es_post_excerpt":"","_es_post_title":"Medical Pet shirt Head Cover Pads - Medium | 2 piezas","edit_language":"nl"},"product_brand":[],"product_cat":[1861,1862,1117,1974,1845,1935,1839,1857],"product_tag":[],"class_list":{"0":"post-119792","1":"product","2":"type-product","3":"status-publish","4":"has-post-thumbnail","6":"product_cat-benodigdheden","7":"product_cat-ehbo","8":"product_cat-honden","9":"product_cat-hotspot","10":"product_cat-huid-vacht","11":"product_cat-medical-pet-shirts","12":"product_cat-medicijnen-supplementen","13":"product_cat-merken","14":"pa_aandoening-wond_ehbo","15":"pa_doeldier-hond","16":"pa_fabricatieland-india","17":"pa_merkfilter-medicalpetshirt","18":"pa_merkgroep-medicalpetshirt","19":"pa_productsoort-overig","20":"pa_toedieningswijze-overig","21":"pa_unit_pricing_base_measure-1ct","22":"pa_unit_pricing_measure-2ct","23":"pa_werkzamestof-overig","25":"first","26":"instock","27":"taxable","28":"shipping-taxable","29":"purchasable","30":"product-type-simple"},"yoast_head":"<!-- This site is optimized with the Yoast SEO plugin v27.5 - https:\/\/yoast.com\/product\/yoast-seo-wordpress\/ -->\n<title>Medical Pet shirt Head Cover Pads - Medium | 2 stuks - Pharmacy4pets<\/title>\n<meta name=\"robots\" content=\"index, follow, max-snippet:-1, max-image-preview:large, max-video-preview:-1\" \/>\n<link rel=\"canonical\" href=\"https:\/\/p4p-nl.bootmine.com\/%product-slug%\/medical-pet-shirt-head-cover-pads-medium\" \/>\n<meta property=\"og:locale\" content=\"nl_NL\" \/>\n<meta property=\"og:type\" content=\"article\" \/>\n<meta property=\"og:title\" content=\"Medical Pet shirt Head Cover Pads - Medium | 2 stuks - Pharmacy4pets\" \/>\n<meta property=\"og:description\" content=\"Medical Pet Shirt Head Cover Pads zijn losse pads geschikt voor de Medical Pet Shirt Head Cover. Deze pads zijn geschikt wanneer er extra zachte bescherming nodig is aan de oren van de hond. De Medical Pet Shirt Head Cover bevat speciaal ontworpen zakjes om de pads in te plaatsen.\" \/>\n<meta property=\"og:url\" content=\"https:\/\/p4p-nl.bootmine.com\/%product-slug%\/medical-pet-shirt-head-cover-pads-medium\" \/>\n<meta property=\"og:site_name\" content=\"Pharmacy4pets\" \/>\n<meta property=\"article:publisher\" content=\"https:\/\/www.facebook.com\/people\/Pharmacy4petsnl\/100063484989896\/\" \/>\n<meta property=\"article:modified_time\" content=\"2026-04-14T08:04:35+00:00\" \/>\n<meta property=\"og:image\" content=\"https:\/\/p4p-nl.bootmine.com\/wp-content\/uploads\/2023\/03\/mps_pads_6.jpg\" \/>\n\t<meta property=\"og:image:width\" content=\"600\" \/>\n\t<meta property=\"og:image:height\" content=\"399\" \/>\n\t<meta property=\"og:image:type\" content=\"image\/jpeg\" \/>\n<meta name=\"twitter:card\" content=\"summary_large_image\" \/>\n<script type=\"application\/ld+json\" class=\"yoast-schema-graph\">{\"@context\":\"https:\\\/\\\/schema.org\",\"@graph\":[{\"@type\":\"WebPage\",\"@id\":\"https:\\\/\\\/p4p-nl.bootmine.com\\\/%product-slug%\\\/medical-pet-shirt-head-cover-pads-medium\",\"url\":\"https:\\\/\\\/p4p-nl.bootmine.com\\\/%product-slug%\\\/medical-pet-shirt-head-cover-pads-medium\",\"name\":\"Medical Pet shirt Head Cover Pads - Medium | 2 stuks - Pharmacy4pets\",\"isPartOf\":{\"@id\":\"http:\\\/\\\/www.pharmacy4pets.nl\\\/#website\"},\"primaryImageOfPage\":{\"@id\":\"https:\\\/\\\/p4p-nl.bootmine.com\\\/%product-slug%\\\/medical-pet-shirt-head-cover-pads-medium#primaryimage\"},\"image\":{\"@id\":\"https:\\\/\\\/p4p-nl.bootmine.com\\\/%product-slug%\\\/medical-pet-shirt-head-cover-pads-medium#primaryimage\"},\"thumbnailUrl\":\"https:\\\/\\\/www.pharmacy4pets.nl\\\/wp-content\\\/uploads\\\/2023\\\/03\\\/mps_pads_6.jpg\",\"datePublished\":\"2023-03-10T12:17:34+00:00\",\"dateModified\":\"2026-04-14T08:04:35+00:00\",\"breadcrumb\":{\"@id\":\"https:\\\/\\\/p4p-nl.bootmine.com\\\/%product-slug%\\\/medical-pet-shirt-head-cover-pads-medium#breadcrumb\"},\"inLanguage\":\"nl-NL\",\"potentialAction\":[{\"@type\":\"ReadAction\",\"target\":[\"https:\\\/\\\/p4p-nl.bootmine.com\\\/%product-slug%\\\/medical-pet-shirt-head-cover-pads-medium\"]}]},{\"@type\":\"ImageObject\",\"inLanguage\":\"nl-NL\",\"@id\":\"https:\\\/\\\/p4p-nl.bootmine.com\\\/%product-slug%\\\/medical-pet-shirt-head-cover-pads-medium#primaryimage\",\"url\":\"https:\\\/\\\/www.pharmacy4pets.nl\\\/wp-content\\\/uploads\\\/2023\\\/03\\\/mps_pads_6.jpg\",\"contentUrl\":\"https:\\\/\\\/www.pharmacy4pets.nl\\\/wp-content\\\/uploads\\\/2023\\\/03\\\/mps_pads_6.jpg\",\"width\":600,\"height\":399,\"caption\":\"Medical Pet Shirt Head Cover Pads\"},{\"@type\":\"BreadcrumbList\",\"@id\":\"https:\\\/\\\/p4p-nl.bootmine.com\\\/%product-slug%\\\/medical-pet-shirt-head-cover-pads-medium#breadcrumb\",\"itemListElement\":[{\"@type\":\"ListItem\",\"position\":1,\"name\":\"Home\",\"item\":\"https:\\\/\\\/p4p-nl.bootmine.com\\\/\"},{\"@type\":\"ListItem\",\"position\":2,\"name\":\"Winkel\",\"item\":\"https:\\\/\\\/p4p-nl.bootmine.com\\\/winkel\"},{\"@type\":\"ListItem\",\"position\":3,\"name\":\"Medical Pet shirt Head Cover Pads &#8211; Medium | 2 stuks\"}]},{\"@type\":\"WebSite\",\"@id\":\"http:\\\/\\\/www.pharmacy4pets.nl\\\/#website\",\"url\":\"http:\\\/\\\/www.pharmacy4pets.nl\\\/\",\"name\":\"Pharmacy4pets\",\"description\":\"Pharmacy4pets.nl is d\u00e9 online apotheek waar u terecht kunt voor alle diergeneesmiddelen, verzorgingsproducten en dieetvoeding voor uw huisdier.\",\"publisher\":{\"@id\":\"http:\\\/\\\/www.pharmacy4pets.nl\\\/#organization\"},\"potentialAction\":[{\"@type\":\"SearchAction\",\"target\":{\"@type\":\"EntryPoint\",\"urlTemplate\":\"http:\\\/\\\/www.pharmacy4pets.nl\\\/?s={search_term_string}\"},\"query-input\":{\"@type\":\"PropertyValueSpecification\",\"valueRequired\":true,\"valueName\":\"search_term_string\"}}],\"inLanguage\":\"nl-NL\"},{\"@type\":\"Organization\",\"@id\":\"http:\\\/\\\/www.pharmacy4pets.nl\\\/#organization\",\"name\":\"Pharmacy4pets\",\"url\":\"http:\\\/\\\/www.pharmacy4pets.nl\\\/\",\"logo\":{\"@type\":\"ImageObject\",\"inLanguage\":\"nl-NL\",\"@id\":\"http:\\\/\\\/www.pharmacy4pets.nl\\\/#\\\/schema\\\/logo\\\/image\\\/\",\"url\":\"https:\\\/\\\/p4p-nl.bootmine.com\\\/wp-content\\\/uploads\\\/2026\\\/03\\\/logo-pharmacy4pets.png\",\"contentUrl\":\"https:\\\/\\\/p4p-nl.bootmine.com\\\/wp-content\\\/uploads\\\/2026\\\/03\\\/logo-pharmacy4pets.png\",\"width\":1024,\"height\":135,\"caption\":\"Pharmacy4pets\"},\"image\":{\"@id\":\"http:\\\/\\\/www.pharmacy4pets.nl\\\/#\\\/schema\\\/logo\\\/image\\\/\"},\"sameAs\":[\"https:\\\/\\\/www.facebook.com\\\/people\\\/Pharmacy4petsnl\\\/100063484989896\\\/\",\"https:\\\/\\\/www.youtube.com\\\/channel\\\/UCGPTIgucgli03tP2_kvLkHg\\\/featured\",\"https:\\\/\\\/www.instagram.com\\\/pharmacy4pets.nl\"]}]}<\/script>\n<!-- \/ Yoast SEO plugin. -->","yoast_head_json":{"title":"Medical Pet shirt Head Cover Pads - Medium | 2 stuks - Pharmacy4pets","robots":{"index":"index","follow":"follow","max-snippet":"max-snippet:-1","max-image-preview":"max-image-preview:large","max-video-preview":"max-video-preview:-1"},"canonical":"https:\/\/p4p-nl.bootmine.com\/%product-slug%\/medical-pet-shirt-head-cover-pads-medium","og_locale":"nl_NL","og_type":"article","og_title":"Medical Pet shirt Head Cover Pads - Medium | 2 stuks - Pharmacy4pets","og_description":"Medical Pet Shirt Head Cover Pads zijn losse pads geschikt voor de Medical Pet Shirt Head Cover. Deze pads zijn geschikt wanneer er extra zachte bescherming nodig is aan de oren van de hond. De Medical Pet Shirt Head Cover bevat speciaal ontworpen zakjes om de pads in te plaatsen.","og_url":"https:\/\/p4p-nl.bootmine.com\/%product-slug%\/medical-pet-shirt-head-cover-pads-medium","og_site_name":"Pharmacy4pets","article_publisher":"https:\/\/www.facebook.com\/people\/Pharmacy4petsnl\/100063484989896\/","article_modified_time":"2026-04-14T08:04:35+00:00","og_image":[{"width":600,"height":399,"url":"https:\/\/p4p-nl.bootmine.com\/wp-content\/uploads\/2023\/03\/mps_pads_6.jpg","type":"image\/jpeg"}],"twitter_card":"summary_large_image","schema":{"@context":"https:\/\/schema.org","@graph":[{"@type":"WebPage","@id":"https:\/\/p4p-nl.bootmine.com\/%product-slug%\/medical-pet-shirt-head-cover-pads-medium","url":"https:\/\/p4p-nl.bootmine.com\/%product-slug%\/medical-pet-shirt-head-cover-pads-medium","name":"Medical Pet shirt Head Cover Pads - Medium | 2 stuks - Pharmacy4pets","isPartOf":{"@id":"http:\/\/www.pharmacy4pets.nl\/#website"},"primaryImageOfPage":{"@id":"https:\/\/p4p-nl.bootmine.com\/%product-slug%\/medical-pet-shirt-head-cover-pads-medium#primaryimage"},"image":{"@id":"https:\/\/p4p-nl.bootmine.com\/%product-slug%\/medical-pet-shirt-head-cover-pads-medium#primaryimage"},"thumbnailUrl":"https:\/\/www.pharmacy4pets.nl\/wp-content\/uploads\/2023\/03\/mps_pads_6.jpg","datePublished":"2023-03-10T12:17:34+00:00","dateModified":"2026-04-14T08:04:35+00:00","breadcrumb":{"@id":"https:\/\/p4p-nl.bootmine.com\/%product-slug%\/medical-pet-shirt-head-cover-pads-medium#breadcrumb"},"inLanguage":"nl-NL","potentialAction":[{"@type":"ReadAction","target":["https:\/\/p4p-nl.bootmine.com\/%product-slug%\/medical-pet-shirt-head-cover-pads-medium"]}]},{"@type":"ImageObject","inLanguage":"nl-NL","@id":"https:\/\/p4p-nl.bootmine.com\/%product-slug%\/medical-pet-shirt-head-cover-pads-medium#primaryimage","url":"https:\/\/www.pharmacy4pets.nl\/wp-content\/uploads\/2023\/03\/mps_pads_6.jpg","contentUrl":"https:\/\/www.pharmacy4pets.nl\/wp-content\/uploads\/2023\/03\/mps_pads_6.jpg","width":600,"height":399,"caption":"Medical Pet Shirt Head Cover Pads"},{"@type":"BreadcrumbList","@id":"https:\/\/p4p-nl.bootmine.com\/%product-slug%\/medical-pet-shirt-head-cover-pads-medium#breadcrumb","itemListElement":[{"@type":"ListItem","position":1,"name":"Home","item":"https:\/\/p4p-nl.bootmine.com\/"},{"@type":"ListItem","position":2,"name":"Winkel","item":"https:\/\/p4p-nl.bootmine.com\/winkel"},{"@type":"ListItem","position":3,"name":"Medical Pet shirt Head Cover Pads &#8211; Medium | 2 stuks"}]},{"@type":"WebSite","@id":"http:\/\/www.pharmacy4pets.nl\/#website","url":"http:\/\/www.pharmacy4pets.nl\/","name":"Pharmacy4pets","description":"Pharmacy4pets.nl is d\u00e9 online apotheek waar u terecht kunt voor alle diergeneesmiddelen, verzorgingsproducten en dieetvoeding voor uw huisdier.","publisher":{"@id":"http:\/\/www.pharmacy4pets.nl\/#organization"},"potentialAction":[{"@type":"SearchAction","target":{"@type":"EntryPoint","urlTemplate":"http:\/\/www.pharmacy4pets.nl\/?s={search_term_string}"},"query-input":{"@type":"PropertyValueSpecification","valueRequired":true,"valueName":"search_term_string"}}],"inLanguage":"nl-NL"},{"@type":"Organization","@id":"http:\/\/www.pharmacy4pets.nl\/#organization","name":"Pharmacy4pets","url":"http:\/\/www.pharmacy4pets.nl\/","logo":{"@type":"ImageObject","inLanguage":"nl-NL","@id":"http:\/\/www.pharmacy4pets.nl\/#\/schema\/logo\/image\/","url":"https:\/\/p4p-nl.bootmine.com\/wp-content\/uploads\/2026\/03\/logo-pharmacy4pets.png","contentUrl":"https:\/\/p4p-nl.bootmine.com\/wp-content\/uploads\/2026\/03\/logo-pharmacy4pets.png","width":1024,"height":135,"caption":"Pharmacy4pets"},"image":{"@id":"http:\/\/www.pharmacy4pets.nl\/#\/schema\/logo\/image\/"},"sameAs":["https:\/\/www.facebook.com\/people\/Pharmacy4petsnl\/100063484989896\/","https:\/\/www.youtube.com\/channel\/UCGPTIgucgli03tP2_kvLkHg\/featured","https:\/\/www.instagram.com\/pharmacy4pets.nl"]}]}},"market_data":{"nl":{"price":0,"sale_price":0,"active":false,"url":null,"parent_url":"","tax_rate":0,"price_inc_tax":0,"sale_price_inc_tax":0},"de":{"price":0,"sale_price":0,"active":false,"url":null,"parent_url":"","tax_rate":0,"price_inc_tax":0,"sale_price_inc_tax":0},"be":{"price":0,"sale_price":0,"active":false,"url":null,"parent_url":"","tax_rate":0,"price_inc_tax":0,"sale_price_inc_tax":0},"fr":{"price":0,"sale_price":0,"active":false,"url":null,"parent_url":"","tax_rate":0,"price_inc_tax":0,"sale_price_inc_tax":0},"ch":{"price":0,"sale_price":0,"active":false,"url":null,"parent_url":"","tax_rate":0,"price_inc_tax":0,"sale_price_inc_tax":0},"at":{"price":0,"sale_price":0,"active":false,"url":null,"parent_url":"","tax_rate":0,"price_inc_tax":0,"sale_price_inc_tax":0},"es":{"price":0,"sale_price":0,"active":false,"url":null,"parent_url":"","tax_rate":0,"price_inc_tax":0,"sale_price_inc_tax":0},"dk":{"price":0,"sale_price":0,"active":false,"url":null,"parent_url":"","tax_rate":0,"price_inc_tax":0,"sale_price_inc_tax":0},"com":{"price":0,"sale_price":0,"active":false,"url":null,"parent_url":"","tax_rate":0,"price_inc_tax":0,"sale_price_inc_tax":0}},"market_nl_price":0,"market_nl_sale_price":0,"market_nl_active":false,"market_nl_url":null,"market_nl_parent_url":"","market_nl_tax_rate":0,"market_nl_price_inc_tax":0,"market_nl_sale_price_inc_tax":0,"market_de_price":0,"market_de_sale_price":0,"market_de_active":false,"market_de_url":null,"market_de_parent_url":"","market_de_tax_rate":0,"market_de_price_inc_tax":0,"market_de_sale_price_inc_tax":0,"market_be_price":0,"market_be_sale_price":0,"market_be_active":false,"market_be_url":null,"market_be_parent_url":"","market_be_tax_rate":0,"market_be_price_inc_tax":0,"market_be_sale_price_inc_tax":0,"market_fr_price":0,"market_fr_sale_price":0,"market_fr_active":false,"market_fr_url":null,"market_fr_parent_url":"","market_fr_tax_rate":0,"market_fr_price_inc_tax":0,"market_fr_sale_price_inc_tax":0,"market_ch_price":0,"market_ch_sale_price":0,"market_ch_active":false,"market_ch_url":null,"market_ch_parent_url":"","market_ch_tax_rate":0,"market_ch_price_inc_tax":0,"market_ch_sale_price_inc_tax":0,"market_at_price":0,"market_at_sale_price":0,"market_at_active":false,"market_at_url":null,"market_at_parent_url":"","market_at_tax_rate":0,"market_at_price_inc_tax":0,"market_at_sale_price_inc_tax":0,"market_es_price":0,"market_es_sale_price":0,"market_es_active":false,"market_es_url":null,"market_es_parent_url":"","market_es_tax_rate":0,"market_es_price_inc_tax":0,"market_es_sale_price_inc_tax":0,"market_dk_price":0,"market_dk_sale_price":0,"market_dk_active":false,"market_dk_url":null,"market_dk_parent_url":"","market_dk_tax_rate":0,"market_dk_price_inc_tax":0,"market_dk_sale_price_inc_tax":0,"market_com_price":0,"market_com_sale_price":0,"market_com_active":false,"market_com_url":null,"market_com_parent_url":"","market_com_tax_rate":0,"market_com_price_inc_tax":0,"market_com_sale_price_inc_tax":0,"acf":[],"_links":{"self":[{"href":"https:\/\/www.pharmacy4pets.nl\/be\/wp-json\/wp\/v2\/product\/119792","targetHints":{"allow":["GET"]}}],"collection":[{"href":"https:\/\/www.pharmacy4pets.nl\/be\/wp-json\/wp\/v2\/product"}],"about":[{"href":"https:\/\/www.pharmacy4pets.nl\/be\/wp-json\/wp\/v2\/types\/product"}],"replies":[{"embeddable":true,"href":"https:\/\/www.pharmacy4pets.nl\/be\/wp-json\/wp\/v2\/comments?post=119792"}],"wp:featuredmedia":[{"embeddable":true,"href":"https:\/\/www.pharmacy4pets.nl\/be\/wp-json\/wp\/v2\/media\/119790"}],"wp:attachment":[{"href":"https:\/\/www.pharmacy4pets.nl\/be\/wp-json\/wp\/v2\/media?parent=119792"}],"wp:term":[{"taxonomy":"product_brand","embeddable":true,"href":"https:\/\/www.pharmacy4pets.nl\/be\/wp-json\/wp\/v2\/product_brand?post=119792"},{"taxonomy":"product_cat","embeddable":true,"href":"https:\/\/www.pharmacy4pets.nl\/be\/wp-json\/wp\/v2\/product_cat?post=119792"},{"taxonomy":"product_tag","embeddable":true,"href":"https:\/\/www.pharmacy4pets.nl\/be\/wp-json\/wp\/v2\/product_tag?post=119792"}],"curies":[{"name":"wp","href":"https:\/\/api.w.org\/{rel}","templated":true}]}}