{"id":119770,"date":"2023-03-10T12:17:30","date_gmt":"2023-03-10T12:17:30","guid":{"rendered":"https:\/\/p4p.test\/maxani-honinggel"},"modified":"2026-03-25T12:03:15","modified_gmt":"2026-03-25T12:03:15","slug":"maxani-honinggel","status":"publish","type":"product","link":"https:\/\/www.pharmacy4pets.nl\/be\/maxani-honinggel","title":{"rendered":"Maxani Honinggel"},"content":{"rendered":"<h1>Maxani honinggel<\/h1>\n<p>Maxani honinggel ondersteunt de genezing van diverse verwondingen bij dieren. Denk aan schaafwonden, snijwonden, algemene wonden, eerstegraads brandwonden en tweedegraads brandwonden. De honinggel heeft een antibacteri\u00eble werking en helpt bij het cre\u00ebren van een vochtig wondmilieu wat genezing bevordert.<\/p>\n<p>Maxani honinggel bevat 45% zuivere honing en is op basis van glycerine.<\/p>\n","protected":false},"excerpt":{"rendered":"<p>Maxani honinggel Maxani honinggel ondersteunt de genezing van diverse verwondingen bij dieren. Denk aan schaafwonden, snijwonden, algemene wonden, eerstegraads brandwonden en tweedegraads brandwonden. De honinggel heeft een antibacteri\u00eble werking en helpt bij het cre\u00ebren van een vochtig wondmilieu wat genezing bevordert. Maxani honinggel bevat 45% zuivere honing en is op basis van glycerine.<\/p>\n","protected":false},"featured_media":119767,"comment_status":"open","ping_status":"closed","template":"","meta":{"_acf_changed":false,"_nl_post_content":"<h1>Maxani honinggel<\/h1>\n<p>Maxani honinggel ondersteunt de genezing van diverse verwondingen bij dieren. Denk aan schaafwonden, snijwonden, algemene wonden, eerstegraads brandwonden en tweedegraads brandwonden. De honinggel heeft een antibacteri\u00eble werking en helpt bij het cre\u00ebren van een vochtig wondmilieu wat genezing bevordert.<\/p>\n<p>Maxani honinggel bevat 45% zuivere honing en is op basis van glycerine.<\/p>","_nl_post_name":"maxani-honinggel","_nl_post_excerpt":"","_nl_post_title":"Maxani Honinggel","_en_post_content":"<p>Maxani honey gel supports the healing of various injuries in animals. Think of abrasions, cuts, general wounds, first degree burns and second degree burns. The honey gel has an antibacterial effect and helps to create a moist wound environment that promotes healing. <\/p> <p>Maxani honey gel contains 45% pure honey and is based on glycerine.<\/p>","_en_post_name":"Maxani-Honey-gel","_en_post_excerpt":"","_en_post_title":"Maxani Honey gel","_de_post_content":"<p>Maxani Honiggel unterst\u00fctzt die Heilung verschiedener Verletzungen bei Tieren. Denken Sie an Sch\u00fcrfwunden, Schnittwunden, allgemeine Wunden, Verbrennungen ersten und zweiten Grades. Das Honiggel wirkt antibakteriell und tr\u00e4gt dazu bei, ein feuchtes Wundmilieu zu schaffen, das die Heilung f\u00f6rdert. <\/p> <p>Maxani Honiggel enth\u00e4lt 45 % reinen Honig und basiert auf Glycerin.<\/p>","_de_post_name":"Maxani-Honiggel","_de_post_excerpt":"","_de_post_title":"Maxani Honiggel","_fr_post_content":"<p>Le gel de miel Maxani favorise la gu\u00e9rison de diverses blessures chez les animaux. Pensez aux \u00e9corchures, aux coupures, aux blessures g\u00e9n\u00e9rales, aux br\u00fblures au premier degr\u00e9 et aux br\u00fblures au deuxi\u00e8me degr\u00e9. Le gel de miel a un effet antibact\u00e9rien et aide \u00e0 cr\u00e9er un environnement humide pour la plaie qui favorise la cicatrisation. <\/p> <p>Le gel au miel Maxani contient 45 % de miel pur et est \u00e0 base de glyc\u00e9rine.<\/p>","_fr_post_name":"Maxani-Gelee-au-miel","_fr_post_excerpt":"","_fr_post_title":"Maxani Gel\u00e9e au miel","_es_post_content":"<p>El gel de miel Maxani favorece la curaci\u00f3n de diversas lesiones en los animales. Piense en abrasiones, cortes, heridas en general, quemaduras de primer grado y quemaduras de segundo grado. El gel de miel tiene un efecto antibacteriano y ayuda a crear un ambiente h\u00famedo para la herida que favorece la curaci\u00f3n. <\/p> <p>El gel de miel Maxani contiene un 45% de miel pura y tiene una base de glicerina.<\/p>","_es_post_name":"Maxani-Gel-de-Miel","_es_post_excerpt":"","_es_post_title":"Maxani Gel de Miel","edit_language":"nl"},"product_brand":[],"product_cat":[2209,1891,1861,1117,2133,2115,2341,1974,1845,1876,1118,2153,1839,1871,1857,1988,2005,1886,1855,2177,1863,1893,2211],"product_tag":[],"class_list":{"0":"post-119770","1":"product","2":"type-product","3":"status-publish","4":"has-post-thumbnail","6":"product_cat-puppy-benodigdheden","7":"product_cat-benodigdheden","9":"product_cat-honden","10":"product_cat-honingzalf","12":"product_cat-hotspot","14":"product_cat-huid-vacht","16":"product_cat-katten","17":"product_cat-maxani","18":"product_cat-medicijnen-supplementen","20":"product_cat-merken","21":"product_cat-ontstekingsremmer","23":"product_cat-pijn-ontsteking","25":"product_cat-puppy","26":"product_cat-verzorging","29":"pa_aandoening-huid_vacht","30":"pa_aandoening-wond_ehbo","31":"pa_doeldier-hond","32":"pa_fabricatieland-nederland","33":"pa_merkfilter-maxani","34":"pa_merkgroep-maxani","35":"pa_productsoort-overig","36":"pa_toedieningswijze-gel","37":"pa_werkzamestof-overig","39":"first","40":"instock","41":"taxable","42":"shipping-taxable","43":"product-type-grouped"},"yoast_head":"<!-- This site is optimized with the Yoast SEO plugin v27.5 - https:\/\/yoast.com\/product\/yoast-seo-wordpress\/ -->\n<title>Maxani Honinggel - Pharmacy4pets<\/title>\n<meta name=\"robots\" content=\"index, follow, max-snippet:-1, max-image-preview:large, max-video-preview:-1\" \/>\n<link rel=\"canonical\" href=\"https:\/\/www.pharmacy4pets.nl\/maxani-honinggel\" \/>\n<meta property=\"og:locale\" content=\"nl_NL\" \/>\n<meta property=\"og:type\" content=\"article\" \/>\n<meta property=\"og:title\" content=\"Maxani Honinggel - Pharmacy4pets\" \/>\n<meta property=\"og:description\" content=\"Maxani honinggel Maxani honinggel ondersteunt de genezing van diverse verwondingen bij dieren. Denk aan schaafwonden, snijwonden, algemene wonden, eerstegraads brandwonden en tweedegraads brandwonden. De honinggel heeft een antibacteri\u00eble werking en helpt bij het cre\u00ebren van een vochtig wondmilieu wat genezing bevordert. Maxani honinggel bevat 45% zuivere honing en is op basis van glycerine.\" \/>\n<meta property=\"og:url\" content=\"https:\/\/www.pharmacy4pets.nl\/maxani-honinggel\" \/>\n<meta property=\"og:site_name\" content=\"Pharmacy4pets\" \/>\n<meta property=\"article:publisher\" content=\"https:\/\/www.facebook.com\/people\/Pharmacy4petsnl\/100063484989896\/\" \/>\n<meta property=\"article:modified_time\" content=\"2026-03-25T12:03:15+00:00\" \/>\n<meta property=\"og:image\" content=\"https:\/\/www.pharmacy4pets.nl\/wp-content\/uploads\/2023\/03\/maxani.jpg\" \/>\n\t<meta property=\"og:image:width\" content=\"711\" \/>\n\t<meta property=\"og:image:height\" content=\"711\" \/>\n\t<meta property=\"og:image:type\" content=\"image\/jpeg\" \/>\n<meta name=\"twitter:card\" content=\"summary_large_image\" \/>\n<script type=\"application\/ld+json\" class=\"yoast-schema-graph\">{\"@context\":\"https:\\\/\\\/schema.org\",\"@graph\":[{\"@type\":\"WebPage\",\"@id\":\"https:\\\/\\\/www.pharmacy4pets.nl\\\/maxani-honinggel\",\"url\":\"https:\\\/\\\/www.pharmacy4pets.nl\\\/maxani-honinggel\",\"name\":\"Maxani Honinggel - Pharmacy4pets\",\"isPartOf\":{\"@id\":\"http:\\\/\\\/www.pharmacy4pets.nl\\\/#website\"},\"primaryImageOfPage\":{\"@id\":\"https:\\\/\\\/www.pharmacy4pets.nl\\\/maxani-honinggel#primaryimage\"},\"image\":{\"@id\":\"https:\\\/\\\/www.pharmacy4pets.nl\\\/maxani-honinggel#primaryimage\"},\"thumbnailUrl\":\"https:\\\/\\\/www.pharmacy4pets.nl\\\/wp-content\\\/uploads\\\/2023\\\/03\\\/maxani.jpg\",\"datePublished\":\"2023-03-10T12:17:30+00:00\",\"dateModified\":\"2026-03-25T12:03:15+00:00\",\"breadcrumb\":{\"@id\":\"https:\\\/\\\/www.pharmacy4pets.nl\\\/maxani-honinggel#breadcrumb\"},\"inLanguage\":\"nl-NL\",\"potentialAction\":[{\"@type\":\"ReadAction\",\"target\":[\"https:\\\/\\\/www.pharmacy4pets.nl\\\/maxani-honinggel\"]}]},{\"@type\":\"ImageObject\",\"inLanguage\":\"nl-NL\",\"@id\":\"https:\\\/\\\/www.pharmacy4pets.nl\\\/maxani-honinggel#primaryimage\",\"url\":\"https:\\\/\\\/www.pharmacy4pets.nl\\\/wp-content\\\/uploads\\\/2023\\\/03\\\/maxani.jpg\",\"contentUrl\":\"https:\\\/\\\/www.pharmacy4pets.nl\\\/wp-content\\\/uploads\\\/2023\\\/03\\\/maxani.jpg\",\"width\":711,\"height\":711,\"caption\":\"Maxani\"},{\"@type\":\"BreadcrumbList\",\"@id\":\"https:\\\/\\\/www.pharmacy4pets.nl\\\/maxani-honinggel#breadcrumb\",\"itemListElement\":[{\"@type\":\"ListItem\",\"position\":1,\"name\":\"Home\",\"item\":\"https:\\\/\\\/p4p-nl.bootmine.com\\\/\"},{\"@type\":\"ListItem\",\"position\":2,\"name\":\"Winkel\",\"item\":\"https:\\\/\\\/p4p-nl.bootmine.com\\\/winkel\"},{\"@type\":\"ListItem\",\"position\":3,\"name\":\"Maxani Honinggel\"}]},{\"@type\":\"WebSite\",\"@id\":\"http:\\\/\\\/www.pharmacy4pets.nl\\\/#website\",\"url\":\"http:\\\/\\\/www.pharmacy4pets.nl\\\/\",\"name\":\"Pharmacy4pets\",\"description\":\"Pharmacy4pets.nl is d\u00e9 online apotheek waar u terecht kunt voor alle diergeneesmiddelen, verzorgingsproducten en dieetvoeding voor uw huisdier.\",\"publisher\":{\"@id\":\"http:\\\/\\\/www.pharmacy4pets.nl\\\/#organization\"},\"potentialAction\":[{\"@type\":\"SearchAction\",\"target\":{\"@type\":\"EntryPoint\",\"urlTemplate\":\"http:\\\/\\\/www.pharmacy4pets.nl\\\/?s={search_term_string}\"},\"query-input\":{\"@type\":\"PropertyValueSpecification\",\"valueRequired\":true,\"valueName\":\"search_term_string\"}}],\"inLanguage\":\"nl-NL\"},{\"@type\":\"Organization\",\"@id\":\"http:\\\/\\\/www.pharmacy4pets.nl\\\/#organization\",\"name\":\"Pharmacy4pets\",\"url\":\"http:\\\/\\\/www.pharmacy4pets.nl\\\/\",\"logo\":{\"@type\":\"ImageObject\",\"inLanguage\":\"nl-NL\",\"@id\":\"http:\\\/\\\/www.pharmacy4pets.nl\\\/#\\\/schema\\\/logo\\\/image\\\/\",\"url\":\"https:\\\/\\\/p4p-nl.bootmine.com\\\/wp-content\\\/uploads\\\/2026\\\/03\\\/logo-pharmacy4pets.png\",\"contentUrl\":\"https:\\\/\\\/p4p-nl.bootmine.com\\\/wp-content\\\/uploads\\\/2026\\\/03\\\/logo-pharmacy4pets.png\",\"width\":1024,\"height\":135,\"caption\":\"Pharmacy4pets\"},\"image\":{\"@id\":\"http:\\\/\\\/www.pharmacy4pets.nl\\\/#\\\/schema\\\/logo\\\/image\\\/\"},\"sameAs\":[\"https:\\\/\\\/www.facebook.com\\\/people\\\/Pharmacy4petsnl\\\/100063484989896\\\/\",\"https:\\\/\\\/www.youtube.com\\\/channel\\\/UCGPTIgucgli03tP2_kvLkHg\\\/featured\",\"https:\\\/\\\/www.instagram.com\\\/pharmacy4pets.nl\"]}]}<\/script>\n<!-- \/ Yoast SEO plugin. -->","yoast_head_json":{"title":"Maxani Honinggel - Pharmacy4pets","robots":{"index":"index","follow":"follow","max-snippet":"max-snippet:-1","max-image-preview":"max-image-preview:large","max-video-preview":"max-video-preview:-1"},"canonical":"https:\/\/www.pharmacy4pets.nl\/maxani-honinggel","og_locale":"nl_NL","og_type":"article","og_title":"Maxani Honinggel - Pharmacy4pets","og_description":"Maxani honinggel Maxani honinggel ondersteunt de genezing van diverse verwondingen bij dieren. Denk aan schaafwonden, snijwonden, algemene wonden, eerstegraads brandwonden en tweedegraads brandwonden. De honinggel heeft een antibacteri\u00eble werking en helpt bij het cre\u00ebren van een vochtig wondmilieu wat genezing bevordert. Maxani honinggel bevat 45% zuivere honing en is op basis van glycerine.","og_url":"https:\/\/www.pharmacy4pets.nl\/maxani-honinggel","og_site_name":"Pharmacy4pets","article_publisher":"https:\/\/www.facebook.com\/people\/Pharmacy4petsnl\/100063484989896\/","article_modified_time":"2026-03-25T12:03:15+00:00","og_image":[{"width":711,"height":711,"url":"https:\/\/www.pharmacy4pets.nl\/wp-content\/uploads\/2023\/03\/maxani.jpg","type":"image\/jpeg"}],"twitter_card":"summary_large_image","schema":{"@context":"https:\/\/schema.org","@graph":[{"@type":"WebPage","@id":"https:\/\/www.pharmacy4pets.nl\/maxani-honinggel","url":"https:\/\/www.pharmacy4pets.nl\/maxani-honinggel","name":"Maxani Honinggel - Pharmacy4pets","isPartOf":{"@id":"http:\/\/www.pharmacy4pets.nl\/#website"},"primaryImageOfPage":{"@id":"https:\/\/www.pharmacy4pets.nl\/maxani-honinggel#primaryimage"},"image":{"@id":"https:\/\/www.pharmacy4pets.nl\/maxani-honinggel#primaryimage"},"thumbnailUrl":"https:\/\/www.pharmacy4pets.nl\/wp-content\/uploads\/2023\/03\/maxani.jpg","datePublished":"2023-03-10T12:17:30+00:00","dateModified":"2026-03-25T12:03:15+00:00","breadcrumb":{"@id":"https:\/\/www.pharmacy4pets.nl\/maxani-honinggel#breadcrumb"},"inLanguage":"nl-NL","potentialAction":[{"@type":"ReadAction","target":["https:\/\/www.pharmacy4pets.nl\/maxani-honinggel"]}]},{"@type":"ImageObject","inLanguage":"nl-NL","@id":"https:\/\/www.pharmacy4pets.nl\/maxani-honinggel#primaryimage","url":"https:\/\/www.pharmacy4pets.nl\/wp-content\/uploads\/2023\/03\/maxani.jpg","contentUrl":"https:\/\/www.pharmacy4pets.nl\/wp-content\/uploads\/2023\/03\/maxani.jpg","width":711,"height":711,"caption":"Maxani"},{"@type":"BreadcrumbList","@id":"https:\/\/www.pharmacy4pets.nl\/maxani-honinggel#breadcrumb","itemListElement":[{"@type":"ListItem","position":1,"name":"Home","item":"https:\/\/p4p-nl.bootmine.com\/"},{"@type":"ListItem","position":2,"name":"Winkel","item":"https:\/\/p4p-nl.bootmine.com\/winkel"},{"@type":"ListItem","position":3,"name":"Maxani Honinggel"}]},{"@type":"WebSite","@id":"http:\/\/www.pharmacy4pets.nl\/#website","url":"http:\/\/www.pharmacy4pets.nl\/","name":"Pharmacy4pets","description":"Pharmacy4pets.nl is d\u00e9 online apotheek waar u terecht kunt voor alle diergeneesmiddelen, verzorgingsproducten en dieetvoeding voor uw huisdier.","publisher":{"@id":"http:\/\/www.pharmacy4pets.nl\/#organization"},"potentialAction":[{"@type":"SearchAction","target":{"@type":"EntryPoint","urlTemplate":"http:\/\/www.pharmacy4pets.nl\/?s={search_term_string}"},"query-input":{"@type":"PropertyValueSpecification","valueRequired":true,"valueName":"search_term_string"}}],"inLanguage":"nl-NL"},{"@type":"Organization","@id":"http:\/\/www.pharmacy4pets.nl\/#organization","name":"Pharmacy4pets","url":"http:\/\/www.pharmacy4pets.nl\/","logo":{"@type":"ImageObject","inLanguage":"nl-NL","@id":"http:\/\/www.pharmacy4pets.nl\/#\/schema\/logo\/image\/","url":"https:\/\/p4p-nl.bootmine.com\/wp-content\/uploads\/2026\/03\/logo-pharmacy4pets.png","contentUrl":"https:\/\/p4p-nl.bootmine.com\/wp-content\/uploads\/2026\/03\/logo-pharmacy4pets.png","width":1024,"height":135,"caption":"Pharmacy4pets"},"image":{"@id":"http:\/\/www.pharmacy4pets.nl\/#\/schema\/logo\/image\/"},"sameAs":["https:\/\/www.facebook.com\/people\/Pharmacy4petsnl\/100063484989896\/","https:\/\/www.youtube.com\/channel\/UCGPTIgucgli03tP2_kvLkHg\/featured","https:\/\/www.instagram.com\/pharmacy4pets.nl"]}]}},"market_data":{"nl":{"price":0,"sale_price":0,"active":false,"url":null,"parent_url":"","tax_rate":0,"price_inc_tax":0,"sale_price_inc_tax":0},"de":{"price":0,"sale_price":0,"active":false,"url":null,"parent_url":"","tax_rate":0,"price_inc_tax":0,"sale_price_inc_tax":0},"be":{"price":0,"sale_price":0,"active":false,"url":null,"parent_url":"","tax_rate":0,"price_inc_tax":0,"sale_price_inc_tax":0},"fr":{"price":0,"sale_price":0,"active":false,"url":null,"parent_url":"","tax_rate":0,"price_inc_tax":0,"sale_price_inc_tax":0},"ch":{"price":0,"sale_price":0,"active":false,"url":null,"parent_url":"","tax_rate":0,"price_inc_tax":0,"sale_price_inc_tax":0},"at":{"price":0,"sale_price":0,"active":false,"url":null,"parent_url":"","tax_rate":0,"price_inc_tax":0,"sale_price_inc_tax":0},"es":{"price":0,"sale_price":0,"active":false,"url":null,"parent_url":"","tax_rate":0,"price_inc_tax":0,"sale_price_inc_tax":0},"dk":{"price":0,"sale_price":0,"active":false,"url":null,"parent_url":"","tax_rate":0,"price_inc_tax":0,"sale_price_inc_tax":0},"com":{"price":0,"sale_price":0,"active":false,"url":null,"parent_url":"","tax_rate":0,"price_inc_tax":0,"sale_price_inc_tax":0}},"market_nl_price":0,"market_nl_sale_price":0,"market_nl_active":false,"market_nl_url":null,"market_nl_parent_url":"","market_nl_tax_rate":0,"market_nl_price_inc_tax":0,"market_nl_sale_price_inc_tax":0,"market_de_price":0,"market_de_sale_price":0,"market_de_active":false,"market_de_url":null,"market_de_parent_url":"","market_de_tax_rate":0,"market_de_price_inc_tax":0,"market_de_sale_price_inc_tax":0,"market_be_price":0,"market_be_sale_price":0,"market_be_active":false,"market_be_url":null,"market_be_parent_url":"","market_be_tax_rate":0,"market_be_price_inc_tax":0,"market_be_sale_price_inc_tax":0,"market_fr_price":0,"market_fr_sale_price":0,"market_fr_active":false,"market_fr_url":null,"market_fr_parent_url":"","market_fr_tax_rate":0,"market_fr_price_inc_tax":0,"market_fr_sale_price_inc_tax":0,"market_ch_price":0,"market_ch_sale_price":0,"market_ch_active":false,"market_ch_url":null,"market_ch_parent_url":"","market_ch_tax_rate":0,"market_ch_price_inc_tax":0,"market_ch_sale_price_inc_tax":0,"market_at_price":0,"market_at_sale_price":0,"market_at_active":false,"market_at_url":null,"market_at_parent_url":"","market_at_tax_rate":0,"market_at_price_inc_tax":0,"market_at_sale_price_inc_tax":0,"market_es_price":0,"market_es_sale_price":0,"market_es_active":false,"market_es_url":null,"market_es_parent_url":"","market_es_tax_rate":0,"market_es_price_inc_tax":0,"market_es_sale_price_inc_tax":0,"market_dk_price":0,"market_dk_sale_price":0,"market_dk_active":false,"market_dk_url":null,"market_dk_parent_url":"","market_dk_tax_rate":0,"market_dk_price_inc_tax":0,"market_dk_sale_price_inc_tax":0,"market_com_price":0,"market_com_sale_price":0,"market_com_active":false,"market_com_url":null,"market_com_parent_url":"","market_com_tax_rate":0,"market_com_price_inc_tax":0,"market_com_sale_price_inc_tax":0,"acf":[],"_links":{"self":[{"href":"https:\/\/www.pharmacy4pets.nl\/be\/wp-json\/wp\/v2\/product\/119770","targetHints":{"allow":["GET"]}}],"collection":[{"href":"https:\/\/www.pharmacy4pets.nl\/be\/wp-json\/wp\/v2\/product"}],"about":[{"href":"https:\/\/www.pharmacy4pets.nl\/be\/wp-json\/wp\/v2\/types\/product"}],"replies":[{"embeddable":true,"href":"https:\/\/www.pharmacy4pets.nl\/be\/wp-json\/wp\/v2\/comments?post=119770"}],"wp:featuredmedia":[{"embeddable":true,"href":"https:\/\/www.pharmacy4pets.nl\/be\/wp-json\/wp\/v2\/media\/119767"}],"wp:attachment":[{"href":"https:\/\/www.pharmacy4pets.nl\/be\/wp-json\/wp\/v2\/media?parent=119770"}],"wp:term":[{"taxonomy":"product_brand","embeddable":true,"href":"https:\/\/www.pharmacy4pets.nl\/be\/wp-json\/wp\/v2\/product_brand?post=119770"},{"taxonomy":"product_cat","embeddable":true,"href":"https:\/\/www.pharmacy4pets.nl\/be\/wp-json\/wp\/v2\/product_cat?post=119770"},{"taxonomy":"product_tag","embeddable":true,"href":"https:\/\/www.pharmacy4pets.nl\/be\/wp-json\/wp\/v2\/product_tag?post=119770"}],"curies":[{"name":"wp","href":"https:\/\/api.w.org\/{rel}","templated":true}]}}