{"id":119762,"date":"2023-03-10T12:17:29","date_gmt":"2023-03-10T12:17:29","guid":{"rendered":"https:\/\/p4p.test\/l-mesitran-ointment-honingzalf"},"modified":"2026-03-25T12:03:13","modified_gmt":"2026-03-25T12:03:13","slug":"l-mesitran-ointment-honingzalf","status":"publish","type":"product","link":"https:\/\/www.pharmacy4pets.nl\/be\/l-mesitran-ointment-honingzalf","title":{"rendered":"L-Mesitran Ointment honingzalf"},"content":{"rendered":"<h1>L-Mesitran Ointment\u00a0honingzalf<\/h1>\n<p>L-Mesitran Ointment is een honingzalf voor honden, katten en paarden die op natuurlijke wijze wonden kan behandelen en genezen. De zalf bevat medische honing en natuurlijke oli\u00ebn en vetten, die samen een krachtige combinatie vormen. Dit product is ontworpen om een breed scala aan wonden te behandelen, zoals bijvoorbeeld brandwonden, snijwonden en schaafwonden.<\/p>\n<p>De medische honing in L-Mesitran Ointment heeft een natuurlijke antibacteri\u00eble werking en bevordert de genezing van de wond. De oli\u00ebn en vetten zorgen ervoor dat de wond vochtig blijft en niet uitdroogt, waardoor de genezing sneller en effectiever verloopt.<\/p>\n<p>Het gebruik van L-Mesitran Ointment is eenvoudig. Breng simpelweg de een dun laagje zalf aan op de wond en dek deze af met een verband of pleister. Dit product kan worden gebruikt op kleine en grote wonden, en is ook geschikt voor de behandeling van chronische wonden.<\/p>\n<p>De honingzalf is veilig en natuurlijk en heeft geen bijwerkingen. Bovendien verkleeft de zalf niet met de wond. Het is geschikt voor alle leeftijden en kan zelfs worden gebruikt tijdens de zwangerschap en borstvoeding.<\/p>\n","protected":false},"excerpt":{"rendered":"<p>L-Mesitran Ointment\u00a0honingzalf L-Mesitran Ointment is een honingzalf voor honden, katten en paarden die op natuurlijke wijze wonden kan behandelen en genezen. De zalf bevat medische honing en natuurlijke oli\u00ebn en vetten, die samen een krachtige combinatie vormen. Dit product is ontworpen om een breed scala aan wonden te behandelen, zoals bijvoorbeeld brandwonden, snijwonden en schaafwonden. [&hellip;]<\/p>\n","protected":false},"featured_media":119759,"comment_status":"open","ping_status":"closed","template":"","meta":{"_acf_changed":false,"_nl_post_content":"<h1>L-Mesitran Ointment\u00a0honingzalf<\/h1>\n<p>L-Mesitran Ointment is een honingzalf voor honden, katten en paarden die op natuurlijke wijze wonden kan behandelen en genezen. De zalf bevat medische honing en natuurlijke oli\u00ebn en vetten, die samen een krachtige combinatie vormen. Dit product is ontworpen om een breed scala aan wonden te behandelen, zoals bijvoorbeeld brandwonden, snijwonden en schaafwonden.<\/p>\n<p>De medische honing in L-Mesitran Ointment heeft een natuurlijke antibacteri\u00eble werking en bevordert de genezing van de wond. De oli\u00ebn en vetten zorgen ervoor dat de wond vochtig blijft en niet uitdroogt, waardoor de genezing sneller en effectiever verloopt.<\/p>\n<p>Het gebruik van L-Mesitran Ointment is eenvoudig. Breng simpelweg de een dun laagje zalf aan op de wond en dek deze af met een verband of pleister. Dit product kan worden gebruikt op kleine en grote wonden, en is ook geschikt voor de behandeling van chronische wonden.<\/p>\n<p>De honingzalf is veilig en natuurlijk en heeft geen bijwerkingen. Bovendien verkleeft de zalf niet met de wond. Het is geschikt voor alle leeftijden en kan zelfs worden gebruikt tijdens de zwangerschap en borstvoeding.<\/p>","_nl_post_name":"l-mesitran-ointment-honingzalf","_nl_post_excerpt":"","_nl_post_title":"L-Mesitran Ointment honingzalf","_en_post_content":"<p>L-Mesitran Ointment is a honey ointment that can treat and heal wounds naturally. The ointment contains medical honey and natural oils and fats, which together form a powerful combination. This product is designed to treat a wide range of wounds, for example burns, cuts and abrasions.<\/p>\n<p>The medical honey in L-Mesitran Ointment has a natural antibacterial effect and promotes wound healing. The oils and fats ensure that the wound stays moist and does not dry out, making healing faster and more effective.<\/p>\n<p>Using L-Mesitran Ointment is easy. Simply apply the a thin layer of ointment to the wound and cover it with a bandage or plaster. This product can be used on small and large wounds, and is also suitable for treating chronic wounds.<\/p>\n<p>The honey ointment is safe and natural and has no side effects. Moreover, the ointment does not stick to the wound. It is suitable for all ages and can even be used during pregnancy and lactation.<\/p>","_en_post_name":"L-Mesitran-Ointment-honey-ointment","_en_post_excerpt":"","_en_post_title":"L-Mesitran Ointment honey ointment","_de_post_content":"<p>L-Mesitran Ointment ist eine Honigsalbe, die Wunden auf nat\u00fcrliche Weise behandeln und heilen kann. Die Salbe enth\u00e4lt medizinischen Honig und nat\u00fcrliche \u00d6le und Fette, die zusammen eine wirksame Kombination bilden. Das Produkt ist f\u00fcr die Behandlung einer Vielzahl von Wunden geeignet, z. B. Verbrennungen, Schnitt- und Sch\u00fcrfwunden.<\/p>\n<p>Der medizinische Honig in der L-Mesitran Ointment hat eine nat\u00fcrliche antibakterielle Wirkung und f\u00f6rdert die Wundheilung. Die \u00d6le und Fette sorgen daf\u00fcr, dass die Wunde feucht bleibt und nicht austrocknet, wodurch die Heilung schneller und effektiver verl\u00e4uft.<\/p>\n<p>Die Anwendung von L-Mesitran\u00a0Ointment ist einfach. Tragen Sie einfach eine d\u00fcnne Schicht Salbe auf die Wunde auf und decken Sie sie mit einem Verband oder Pflaster ab. Das Produkt kann f\u00fcr kleine und gro\u00dfe Wunden verwendet werden und eignet sich auch f\u00fcr die Behandlung chronischer Wunden.<\/p>\n<p>Die Honigsalbe ist sicher und nat\u00fcrlich und hat keine Nebenwirkungen. Au\u00dferdem klebt die Salbe nicht an der Wunde. Sie ist f\u00fcr alle Altersgruppen geeignet und kann sogar w\u00e4hrend der Schwangerschaft und Stillzeit verwendet werden.<\/p>","_de_post_name":"L-Mesitran-Ointment-Honigsalbe","_de_post_excerpt":"","_de_post_title":"L-Mesitran Ointment Honigsalbe","_fr_post_content":"<p>L-Mesitran Ointment est une pommade au miel qui permet de traiter et de gu\u00e9rir les plaies de mani\u00e8re naturelle. La pommade contient du miel m\u00e9dical et des huiles et graisses naturelles, qui forment une combinaison puissante. Ce produit est con\u00e7u pour traiter un large \u00e9ventail de plaies, par exemple les br\u00fblures, les coupures et les \u00e9raflures.<\/p>\n<p>Le miel m\u00e9dical contenu dans la pommade L-Mesitran\u00a0Ointment a un effet antibact\u00e9rien naturel et favorise la cicatrisation des plaies. Les huiles et les graisses veillent \u00e0 ce que la plaie reste humide et ne se dess\u00e8che pas, ce qui acc\u00e9l\u00e8re la cicatrisation et la rend plus efficace.<\/p>\n<p>L'utilisation de la pommade L-Mesitran Ointment est simple. Il suffit d'appliquer une fine couche de pommade sur la plaie et de la recouvrir d'un bandage ou d'un sparadrap. Ce produit peut \u00eatre utilis\u00e9 sur des plaies de petite ou de grande taille et convient \u00e9galement au traitement des plaies chroniques.<\/p>\n<p>La pommade au miel est s\u00fbre et naturelle et n'a pas d'effets secondaires. De plus, la pommade ne colle pas \u00e0 la plaie. Elle convient \u00e0 tous les \u00e2ges et peut m\u00eame \u00eatre utilis\u00e9e pendant la grossesse et l'allaitement.<\/p>","_fr_post_name":"L-Mesitran-Ointment-pommade-au-miel","_fr_post_excerpt":"","_fr_post_title":"L-Mesitran Ointment pommade au miel","_es_post_content":"<p>L-Mesitran Ointment es una pomada de miel que puede tratar y curar heridas de forma natural. La pomada contiene miel medicinal y aceites y grasas naturales, que juntos forman una potente combinaci\u00f3n. Este producto est\u00e1 dise\u00f1ado para tratar una amplia gama de heridas, por ejemplo quemaduras, cortes y abrasiones.<\/p>\n<p>La miel medicinal de la pomada L-Mesitran Ointment tiene un efecto antibacteriano natural y favorece la cicatrizaci\u00f3n de las heridas. Los aceites y grasas garantizan que la herida permanezca h\u00fameda y no se seque, haciendo que la cicatrizaci\u00f3n sea m\u00e1s r\u00e1pida y eficaz.<\/p>\n<p>Utilizar L-Mesitran Ointment es f\u00e1cil. Basta con aplicar una fina capa de pomada sobre la herida y cubrirla con un vendaje o esparadrapo. Este producto puede utilizarse en heridas peque\u00f1as y grandes, y tambi\u00e9n es adecuado para tratar heridas cr\u00f3nicas.<\/p>\n<p>La pomada de miel es segura y natural y no tiene efectos secundarios. Adem\u00e1s, no se pega a la herida. Es apto para todas las edades e incluso puede utilizarse durante el embarazo y la lactancia.<\/p>","_es_post_name":"L-Mesitran-Ointment-pomada-de-miel","_es_post_excerpt":"","_es_post_title":"L-Mesitran Ointment pomada de miel","edit_language":"nl"},"product_brand":[],"product_cat":[1861,1820,2209,1891,2229,1892,1117,2133,2115,1876,1813,1845,1118,2161,1871,2231,1811,1839,1857,1824,1809,2177,1893,2211,1822,1863],"product_tag":[],"class_list":{"0":"post-119762","1":"product","2":"type-product","3":"status-publish","4":"has-post-thumbnail","6":"product_cat-benodigdheden","8":"product_cat-puppy-benodigdheden","10":"product_cat-cavia","11":"product_cat-ehbo","12":"product_cat-honden","13":"product_cat-honingzalf","15":"product_cat-huid-vacht","18":"product_cat-katten","19":"product_cat-l-mesitran","20":"product_cat-medicijnen-supplementen","24":"product_cat-merken","25":"product_cat-overig","26":"product_cat-paarden","27":"product_cat-puppy","28":"product_cat-verzorging","32":"pa_aandoening-huid_vacht","33":"pa_aandoening-wond_ehbo","34":"pa_doeldier-diereigenaar","35":"pa_doeldier-hond","36":"pa_doeldier-kat","37":"pa_doeldier-paard","38":"pa_fabricatieland-nederland","39":"pa_merkfilter-l_mesitran","40":"pa_merkgroep-vetsupplies","41":"pa_productsoort-overig","42":"pa_toedieningswijze-zalf","43":"pa_werkzamestof-overig","45":"first","46":"instock","47":"taxable","48":"shipping-taxable","49":"product-type-grouped"},"yoast_head":"<!-- This site is optimized with the Yoast SEO plugin v27.5 - https:\/\/yoast.com\/product\/yoast-seo-wordpress\/ -->\n<title>L-Mesitran Ointment\u00a0honingzalf voor honden, katten en paarden<\/title>\n<meta name=\"robots\" content=\"index, follow, max-snippet:-1, max-image-preview:large, max-video-preview:-1\" \/>\n<link rel=\"canonical\" href=\"https:\/\/www.pharmacy4pets.nl\/l-mesitran-ointment-honingzalf\" \/>\n<meta property=\"og:locale\" content=\"nl_NL\" \/>\n<meta property=\"og:type\" content=\"article\" \/>\n<meta property=\"og:title\" content=\"L-Mesitran Ointment\u00a0honingzalf voor honden, katten en paarden\" \/>\n<meta property=\"og:description\" content=\"L-Mesitran Ointment\u00a0honingzalf L-Mesitran Ointment is een honingzalf voor honden, katten en paarden die op natuurlijke wijze wonden kan behandelen en genezen. De zalf bevat medische honing en natuurlijke oli\u00ebn en vetten, die samen een krachtige combinatie vormen. Dit product is ontworpen om een breed scala aan wonden te behandelen, zoals bijvoorbeeld brandwonden, snijwonden en schaafwonden. [&hellip;]\" \/>\n<meta property=\"og:url\" content=\"https:\/\/www.pharmacy4pets.nl\/l-mesitran-ointment-honingzalf\" \/>\n<meta property=\"og:site_name\" content=\"Pharmacy4pets\" \/>\n<meta property=\"article:publisher\" content=\"https:\/\/www.facebook.com\/people\/Pharmacy4petsnl\/100063484989896\/\" \/>\n<meta property=\"article:modified_time\" content=\"2026-03-25T12:03:13+00:00\" \/>\n<meta property=\"og:image\" content=\"https:\/\/www.pharmacy4pets.nl\/wp-content\/uploads\/2023\/03\/99451_1.jpg\" \/>\n\t<meta property=\"og:image:width\" content=\"400\" \/>\n\t<meta property=\"og:image:height\" content=\"400\" \/>\n\t<meta property=\"og:image:type\" content=\"image\/jpeg\" \/>\n<meta name=\"twitter:card\" content=\"summary_large_image\" \/>\n<meta name=\"twitter:label1\" content=\"Geschatte leestijd\" \/>\n\t<meta name=\"twitter:data1\" content=\"1 minuut\" \/>\n<script type=\"application\/ld+json\" class=\"yoast-schema-graph\">{\"@context\":\"https:\\\/\\\/schema.org\",\"@graph\":[{\"@type\":\"WebPage\",\"@id\":\"https:\\\/\\\/www.pharmacy4pets.nl\\\/l-mesitran-ointment-honingzalf\",\"url\":\"https:\\\/\\\/www.pharmacy4pets.nl\\\/l-mesitran-ointment-honingzalf\",\"name\":\"L-Mesitran Ointment\u00a0honingzalf voor honden, katten en paarden\",\"isPartOf\":{\"@id\":\"http:\\\/\\\/www.pharmacy4pets.nl\\\/#website\"},\"primaryImageOfPage\":{\"@id\":\"https:\\\/\\\/www.pharmacy4pets.nl\\\/l-mesitran-ointment-honingzalf#primaryimage\"},\"image\":{\"@id\":\"https:\\\/\\\/www.pharmacy4pets.nl\\\/l-mesitran-ointment-honingzalf#primaryimage\"},\"thumbnailUrl\":\"https:\\\/\\\/www.pharmacy4pets.nl\\\/wp-content\\\/uploads\\\/2023\\\/03\\\/99451_1.jpg\",\"datePublished\":\"2023-03-10T12:17:29+00:00\",\"dateModified\":\"2026-03-25T12:03:13+00:00\",\"breadcrumb\":{\"@id\":\"https:\\\/\\\/www.pharmacy4pets.nl\\\/l-mesitran-ointment-honingzalf#breadcrumb\"},\"inLanguage\":\"nl-NL\",\"potentialAction\":[{\"@type\":\"ReadAction\",\"target\":[\"https:\\\/\\\/www.pharmacy4pets.nl\\\/l-mesitran-ointment-honingzalf\"]}]},{\"@type\":\"ImageObject\",\"inLanguage\":\"nl-NL\",\"@id\":\"https:\\\/\\\/www.pharmacy4pets.nl\\\/l-mesitran-ointment-honingzalf#primaryimage\",\"url\":\"https:\\\/\\\/www.pharmacy4pets.nl\\\/wp-content\\\/uploads\\\/2023\\\/03\\\/99451_1.jpg\",\"contentUrl\":\"https:\\\/\\\/www.pharmacy4pets.nl\\\/wp-content\\\/uploads\\\/2023\\\/03\\\/99451_1.jpg\",\"width\":400,\"height\":400,\"caption\":\"L-Mesitran Ointment\"},{\"@type\":\"BreadcrumbList\",\"@id\":\"https:\\\/\\\/www.pharmacy4pets.nl\\\/l-mesitran-ointment-honingzalf#breadcrumb\",\"itemListElement\":[{\"@type\":\"ListItem\",\"position\":1,\"name\":\"Home\",\"item\":\"https:\\\/\\\/p4p-nl.bootmine.com\\\/\"},{\"@type\":\"ListItem\",\"position\":2,\"name\":\"Winkel\",\"item\":\"https:\\\/\\\/p4p-nl.bootmine.com\\\/winkel\"},{\"@type\":\"ListItem\",\"position\":3,\"name\":\"L-Mesitran Ointment honingzalf\"}]},{\"@type\":\"WebSite\",\"@id\":\"http:\\\/\\\/www.pharmacy4pets.nl\\\/#website\",\"url\":\"http:\\\/\\\/www.pharmacy4pets.nl\\\/\",\"name\":\"Pharmacy4pets\",\"description\":\"Pharmacy4pets.nl is d\u00e9 online apotheek waar u terecht kunt voor alle diergeneesmiddelen, verzorgingsproducten en dieetvoeding voor uw huisdier.\",\"publisher\":{\"@id\":\"http:\\\/\\\/www.pharmacy4pets.nl\\\/#organization\"},\"potentialAction\":[{\"@type\":\"SearchAction\",\"target\":{\"@type\":\"EntryPoint\",\"urlTemplate\":\"http:\\\/\\\/www.pharmacy4pets.nl\\\/?s={search_term_string}\"},\"query-input\":{\"@type\":\"PropertyValueSpecification\",\"valueRequired\":true,\"valueName\":\"search_term_string\"}}],\"inLanguage\":\"nl-NL\"},{\"@type\":\"Organization\",\"@id\":\"http:\\\/\\\/www.pharmacy4pets.nl\\\/#organization\",\"name\":\"Pharmacy4pets\",\"url\":\"http:\\\/\\\/www.pharmacy4pets.nl\\\/\",\"logo\":{\"@type\":\"ImageObject\",\"inLanguage\":\"nl-NL\",\"@id\":\"http:\\\/\\\/www.pharmacy4pets.nl\\\/#\\\/schema\\\/logo\\\/image\\\/\",\"url\":\"https:\\\/\\\/p4p-nl.bootmine.com\\\/wp-content\\\/uploads\\\/2026\\\/03\\\/logo-pharmacy4pets.png\",\"contentUrl\":\"https:\\\/\\\/p4p-nl.bootmine.com\\\/wp-content\\\/uploads\\\/2026\\\/03\\\/logo-pharmacy4pets.png\",\"width\":1024,\"height\":135,\"caption\":\"Pharmacy4pets\"},\"image\":{\"@id\":\"http:\\\/\\\/www.pharmacy4pets.nl\\\/#\\\/schema\\\/logo\\\/image\\\/\"},\"sameAs\":[\"https:\\\/\\\/www.facebook.com\\\/people\\\/Pharmacy4petsnl\\\/100063484989896\\\/\",\"https:\\\/\\\/www.youtube.com\\\/channel\\\/UCGPTIgucgli03tP2_kvLkHg\\\/featured\",\"https:\\\/\\\/www.instagram.com\\\/pharmacy4pets.nl\"]}]}<\/script>\n<!-- \/ Yoast SEO plugin. -->","yoast_head_json":{"title":"L-Mesitran Ointment\u00a0honingzalf voor honden, katten en paarden","robots":{"index":"index","follow":"follow","max-snippet":"max-snippet:-1","max-image-preview":"max-image-preview:large","max-video-preview":"max-video-preview:-1"},"canonical":"https:\/\/www.pharmacy4pets.nl\/l-mesitran-ointment-honingzalf","og_locale":"nl_NL","og_type":"article","og_title":"L-Mesitran Ointment\u00a0honingzalf voor honden, katten en paarden","og_description":"L-Mesitran Ointment\u00a0honingzalf L-Mesitran Ointment is een honingzalf voor honden, katten en paarden die op natuurlijke wijze wonden kan behandelen en genezen. De zalf bevat medische honing en natuurlijke oli\u00ebn en vetten, die samen een krachtige combinatie vormen. Dit product is ontworpen om een breed scala aan wonden te behandelen, zoals bijvoorbeeld brandwonden, snijwonden en schaafwonden. [&hellip;]","og_url":"https:\/\/www.pharmacy4pets.nl\/l-mesitran-ointment-honingzalf","og_site_name":"Pharmacy4pets","article_publisher":"https:\/\/www.facebook.com\/people\/Pharmacy4petsnl\/100063484989896\/","article_modified_time":"2026-03-25T12:03:13+00:00","og_image":[{"width":400,"height":400,"url":"https:\/\/www.pharmacy4pets.nl\/wp-content\/uploads\/2023\/03\/99451_1.jpg","type":"image\/jpeg"}],"twitter_card":"summary_large_image","twitter_misc":{"Geschatte leestijd":"1 minuut"},"schema":{"@context":"https:\/\/schema.org","@graph":[{"@type":"WebPage","@id":"https:\/\/www.pharmacy4pets.nl\/l-mesitran-ointment-honingzalf","url":"https:\/\/www.pharmacy4pets.nl\/l-mesitran-ointment-honingzalf","name":"L-Mesitran Ointment\u00a0honingzalf voor honden, katten en paarden","isPartOf":{"@id":"http:\/\/www.pharmacy4pets.nl\/#website"},"primaryImageOfPage":{"@id":"https:\/\/www.pharmacy4pets.nl\/l-mesitran-ointment-honingzalf#primaryimage"},"image":{"@id":"https:\/\/www.pharmacy4pets.nl\/l-mesitran-ointment-honingzalf#primaryimage"},"thumbnailUrl":"https:\/\/www.pharmacy4pets.nl\/wp-content\/uploads\/2023\/03\/99451_1.jpg","datePublished":"2023-03-10T12:17:29+00:00","dateModified":"2026-03-25T12:03:13+00:00","breadcrumb":{"@id":"https:\/\/www.pharmacy4pets.nl\/l-mesitran-ointment-honingzalf#breadcrumb"},"inLanguage":"nl-NL","potentialAction":[{"@type":"ReadAction","target":["https:\/\/www.pharmacy4pets.nl\/l-mesitran-ointment-honingzalf"]}]},{"@type":"ImageObject","inLanguage":"nl-NL","@id":"https:\/\/www.pharmacy4pets.nl\/l-mesitran-ointment-honingzalf#primaryimage","url":"https:\/\/www.pharmacy4pets.nl\/wp-content\/uploads\/2023\/03\/99451_1.jpg","contentUrl":"https:\/\/www.pharmacy4pets.nl\/wp-content\/uploads\/2023\/03\/99451_1.jpg","width":400,"height":400,"caption":"L-Mesitran Ointment"},{"@type":"BreadcrumbList","@id":"https:\/\/www.pharmacy4pets.nl\/l-mesitran-ointment-honingzalf#breadcrumb","itemListElement":[{"@type":"ListItem","position":1,"name":"Home","item":"https:\/\/p4p-nl.bootmine.com\/"},{"@type":"ListItem","position":2,"name":"Winkel","item":"https:\/\/p4p-nl.bootmine.com\/winkel"},{"@type":"ListItem","position":3,"name":"L-Mesitran Ointment honingzalf"}]},{"@type":"WebSite","@id":"http:\/\/www.pharmacy4pets.nl\/#website","url":"http:\/\/www.pharmacy4pets.nl\/","name":"Pharmacy4pets","description":"Pharmacy4pets.nl is d\u00e9 online apotheek waar u terecht kunt voor alle diergeneesmiddelen, verzorgingsproducten en dieetvoeding voor uw huisdier.","publisher":{"@id":"http:\/\/www.pharmacy4pets.nl\/#organization"},"potentialAction":[{"@type":"SearchAction","target":{"@type":"EntryPoint","urlTemplate":"http:\/\/www.pharmacy4pets.nl\/?s={search_term_string}"},"query-input":{"@type":"PropertyValueSpecification","valueRequired":true,"valueName":"search_term_string"}}],"inLanguage":"nl-NL"},{"@type":"Organization","@id":"http:\/\/www.pharmacy4pets.nl\/#organization","name":"Pharmacy4pets","url":"http:\/\/www.pharmacy4pets.nl\/","logo":{"@type":"ImageObject","inLanguage":"nl-NL","@id":"http:\/\/www.pharmacy4pets.nl\/#\/schema\/logo\/image\/","url":"https:\/\/p4p-nl.bootmine.com\/wp-content\/uploads\/2026\/03\/logo-pharmacy4pets.png","contentUrl":"https:\/\/p4p-nl.bootmine.com\/wp-content\/uploads\/2026\/03\/logo-pharmacy4pets.png","width":1024,"height":135,"caption":"Pharmacy4pets"},"image":{"@id":"http:\/\/www.pharmacy4pets.nl\/#\/schema\/logo\/image\/"},"sameAs":["https:\/\/www.facebook.com\/people\/Pharmacy4petsnl\/100063484989896\/","https:\/\/www.youtube.com\/channel\/UCGPTIgucgli03tP2_kvLkHg\/featured","https:\/\/www.instagram.com\/pharmacy4pets.nl"]}]}},"market_data":{"nl":{"price":0,"sale_price":0,"active":false,"url":null,"parent_url":"","tax_rate":0,"price_inc_tax":0,"sale_price_inc_tax":0},"de":{"price":0,"sale_price":0,"active":false,"url":null,"parent_url":"","tax_rate":0,"price_inc_tax":0,"sale_price_inc_tax":0},"be":{"price":0,"sale_price":0,"active":false,"url":null,"parent_url":"","tax_rate":0,"price_inc_tax":0,"sale_price_inc_tax":0},"fr":{"price":0,"sale_price":0,"active":false,"url":null,"parent_url":"","tax_rate":0,"price_inc_tax":0,"sale_price_inc_tax":0},"ch":{"price":0,"sale_price":0,"active":false,"url":null,"parent_url":"","tax_rate":0,"price_inc_tax":0,"sale_price_inc_tax":0},"at":{"price":0,"sale_price":0,"active":false,"url":null,"parent_url":"","tax_rate":0,"price_inc_tax":0,"sale_price_inc_tax":0},"es":{"price":0,"sale_price":0,"active":false,"url":null,"parent_url":"","tax_rate":0,"price_inc_tax":0,"sale_price_inc_tax":0},"dk":{"price":0,"sale_price":0,"active":false,"url":null,"parent_url":"","tax_rate":0,"price_inc_tax":0,"sale_price_inc_tax":0},"com":{"price":0,"sale_price":0,"active":false,"url":null,"parent_url":"","tax_rate":0,"price_inc_tax":0,"sale_price_inc_tax":0}},"market_nl_price":0,"market_nl_sale_price":0,"market_nl_active":false,"market_nl_url":null,"market_nl_parent_url":"","market_nl_tax_rate":0,"market_nl_price_inc_tax":0,"market_nl_sale_price_inc_tax":0,"market_de_price":0,"market_de_sale_price":0,"market_de_active":false,"market_de_url":null,"market_de_parent_url":"","market_de_tax_rate":0,"market_de_price_inc_tax":0,"market_de_sale_price_inc_tax":0,"market_be_price":0,"market_be_sale_price":0,"market_be_active":false,"market_be_url":null,"market_be_parent_url":"","market_be_tax_rate":0,"market_be_price_inc_tax":0,"market_be_sale_price_inc_tax":0,"market_fr_price":0,"market_fr_sale_price":0,"market_fr_active":false,"market_fr_url":null,"market_fr_parent_url":"","market_fr_tax_rate":0,"market_fr_price_inc_tax":0,"market_fr_sale_price_inc_tax":0,"market_ch_price":0,"market_ch_sale_price":0,"market_ch_active":false,"market_ch_url":null,"market_ch_parent_url":"","market_ch_tax_rate":0,"market_ch_price_inc_tax":0,"market_ch_sale_price_inc_tax":0,"market_at_price":0,"market_at_sale_price":0,"market_at_active":false,"market_at_url":null,"market_at_parent_url":"","market_at_tax_rate":0,"market_at_price_inc_tax":0,"market_at_sale_price_inc_tax":0,"market_es_price":0,"market_es_sale_price":0,"market_es_active":false,"market_es_url":null,"market_es_parent_url":"","market_es_tax_rate":0,"market_es_price_inc_tax":0,"market_es_sale_price_inc_tax":0,"market_dk_price":0,"market_dk_sale_price":0,"market_dk_active":false,"market_dk_url":null,"market_dk_parent_url":"","market_dk_tax_rate":0,"market_dk_price_inc_tax":0,"market_dk_sale_price_inc_tax":0,"market_com_price":0,"market_com_sale_price":0,"market_com_active":false,"market_com_url":null,"market_com_parent_url":"","market_com_tax_rate":0,"market_com_price_inc_tax":0,"market_com_sale_price_inc_tax":0,"acf":[],"_links":{"self":[{"href":"https:\/\/www.pharmacy4pets.nl\/be\/wp-json\/wp\/v2\/product\/119762","targetHints":{"allow":["GET"]}}],"collection":[{"href":"https:\/\/www.pharmacy4pets.nl\/be\/wp-json\/wp\/v2\/product"}],"about":[{"href":"https:\/\/www.pharmacy4pets.nl\/be\/wp-json\/wp\/v2\/types\/product"}],"replies":[{"embeddable":true,"href":"https:\/\/www.pharmacy4pets.nl\/be\/wp-json\/wp\/v2\/comments?post=119762"}],"wp:featuredmedia":[{"embeddable":true,"href":"https:\/\/www.pharmacy4pets.nl\/be\/wp-json\/wp\/v2\/media\/119759"}],"wp:attachment":[{"href":"https:\/\/www.pharmacy4pets.nl\/be\/wp-json\/wp\/v2\/media?parent=119762"}],"wp:term":[{"taxonomy":"product_brand","embeddable":true,"href":"https:\/\/www.pharmacy4pets.nl\/be\/wp-json\/wp\/v2\/product_brand?post=119762"},{"taxonomy":"product_cat","embeddable":true,"href":"https:\/\/www.pharmacy4pets.nl\/be\/wp-json\/wp\/v2\/product_cat?post=119762"},{"taxonomy":"product_tag","embeddable":true,"href":"https:\/\/www.pharmacy4pets.nl\/be\/wp-json\/wp\/v2\/product_tag?post=119762"}],"curies":[{"name":"wp","href":"https:\/\/api.w.org\/{rel}","templated":true}]}}