{"id":119758,"date":"2023-03-10T12:17:28","date_gmt":"2023-03-10T12:17:28","guid":{"rendered":"https:\/\/p4p.test\/jecovitol-levertraanzalf-30-gram"},"modified":"2026-03-25T12:03:12","modified_gmt":"2026-03-25T12:03:12","slug":"jecovitol-levertraanzalf-30-gram","status":"publish","type":"product","link":"https:\/\/www.pharmacy4pets.nl\/be\/jecovitol-levertraanzalf-30-gram","title":{"rendered":"Jecovitol levertraanzalf | 30 gram"},"content":{"rendered":"<p>Jecovitol levertraanzalf is een verzachtende zalf voor een ruwe en schrale huid die het hetstellend vermogen van de huid ondersteunt.\u00a0Deze levertraanzalf bevat 33% zuivere levertraan.<\/p>\n","protected":false},"excerpt":{"rendered":"<p>Jecovitol levertraanzalf is een verzachtende zalf voor een ruwe en schrale huid die het hetstellend vermogen van de huid ondersteunt.\u00a0Deze levertraanzalf bevat 33% zuivere levertraan.<\/p>\n","protected":false},"featured_media":119757,"comment_status":"open","ping_status":"closed","template":"","meta":{"_acf_changed":false,"_nl_post_content":"<p>Jecovitol levertraanzalf is een verzachtende zalf voor een ruwe en schrale huid die het hetstellend vermogen van de huid ondersteunt.\u00a0Deze levertraanzalf bevat 33% zuivere levertraan.<\/p>","_nl_post_name":"jecovitol-levertraanzalf-30-gram","_nl_post_excerpt":"","_nl_post_title":"Jecovitol levertraanzalf | 30 gram","_en_post_content":"<p>Jecovitol cod liver oil ointment can be used for skin irritations. The ointment has a soothing effect and stimulates the natural skin function. This cod liver oil ointment contains 33% pure cod liver oil.<\/p>","_en_post_name":"jecovitol-liver-oil-ointment-30-grams","_en_post_excerpt":"","_en_post_title":"Jecovitol liver oil ointment | 30 grams","_de_post_content":"<p>Jecovitol Lebertran-Salbe kann bei Hautirritationen eingesetzt werden. Die Salbe wirkt beruhigend und regt die nat\u00fcrliche Hautfunktion an. Diese Lebertran-Salbe enth\u00e4lt 33 % reines Lebertran.<\/p>","_de_post_name":"jecovitol-lebertran-salbe-30-gramm","_de_post_excerpt":"","_de_post_title":"Jecovitol Lebertran Salbe | 30 Gramm","_fr_post_content":"<p>La pommade \u00e0 l'huile de foie de morue Jecovitol peut \u00eatre utilis\u00e9e pour les irritations cutan\u00e9es. La pommade a un effet apaisant et stimule la fonction naturelle de la peau. Cette pommade \u00e0 l'huile de foie de morue contient 33 % d'huile de foie de morue pure.<\/p>","_fr_post_name":"jecovitol-pommade-a-huile-de-foie-de-morue-30-grammes","_fr_post_excerpt":"","_fr_post_title":"Jecovitol pommade \u00e0 l'huile de foie de morue | 30 grammes","_es_post_content":"<p>La pomada de aceite de h\u00edgado de bacalao Jecovitol se puede utilizar para irritaciones de la piel. La pomada tiene un efecto calmante y estimula la funci\u00f3n natural de la piel. Esta pomada de aceite de h\u00edgado de bacalao contiene un 33% de aceite de h\u00edgado de bacalao puro.<\/p>","_es_post_name":"jecovitol-unguento-de-aceite-de-higado-de-bacalao-30-gramos","_es_post_excerpt":"","_es_post_title":"Jecovitol ung\u00fcento de aceite de h\u00edgado de bacalao | 30 gramos","edit_language":"nl"},"product_brand":[],"product_cat":[1831,2158,1832,1857,1824],"product_tag":[],"class_list":{"0":"post-119758","1":"product","2":"type-product","3":"status-publish","4":"has-post-thumbnail","6":"product_cat-diereigenaar","7":"product_cat-lecovitol","8":"product_cat-medicijnen-supplementen","9":"product_cat-merken","10":"product_cat-overig","11":"pa_aandoening-huid_vacht","12":"pa_doeldier-diereigenaar","13":"pa_fabricatieland-nederland","14":"pa_merkfilter-jecovitol","15":"pa_merkgroep-pietercilbarendsbv","16":"pa_productsoort-overig","17":"pa_toedieningswijze-zalf","18":"pa_unit_pricing_base_measure-10g","19":"pa_unit_pricing_measure-30g","20":"pa_werkzamestof-overig","22":"first","23":"instock","24":"taxable","25":"shipping-taxable","26":"purchasable","27":"product-type-simple"},"yoast_head":"<!-- This site is optimized with the Yoast SEO plugin v27.5 - https:\/\/yoast.com\/product\/yoast-seo-wordpress\/ -->\n<title>Jecovitol levertraanzalf | 30 gram - Pharmacy4pets<\/title>\n<meta name=\"robots\" content=\"index, follow, max-snippet:-1, max-image-preview:large, max-video-preview:-1\" \/>\n<link rel=\"canonical\" href=\"https:\/\/www.pharmacy4pets.nl\/jecovitol-levertraanzalf-30-gram\" \/>\n<meta property=\"og:locale\" content=\"nl_NL\" \/>\n<meta property=\"og:type\" content=\"article\" \/>\n<meta property=\"og:title\" content=\"Jecovitol levertraanzalf | 30 gram - Pharmacy4pets\" \/>\n<meta property=\"og:description\" content=\"Jecovitol levertraanzalf is een verzachtende zalf voor een ruwe en schrale huid die het hetstellend vermogen van de huid ondersteunt.\u00a0Deze levertraanzalf bevat 33% zuivere levertraan.\" \/>\n<meta property=\"og:url\" content=\"https:\/\/www.pharmacy4pets.nl\/jecovitol-levertraanzalf-30-gram\" \/>\n<meta property=\"og:site_name\" content=\"Pharmacy4pets\" \/>\n<meta property=\"article:publisher\" content=\"https:\/\/www.facebook.com\/people\/Pharmacy4petsnl\/100063484989896\/\" \/>\n<meta property=\"article:modified_time\" content=\"2026-03-25T12:03:12+00:00\" \/>\n<meta property=\"og:image\" content=\"https:\/\/www.pharmacy4pets.nl\/wp-content\/uploads\/2023\/03\/11304.jpg\" \/>\n\t<meta property=\"og:image:width\" content=\"700\" \/>\n\t<meta property=\"og:image:height\" content=\"700\" \/>\n\t<meta property=\"og:image:type\" content=\"image\/jpeg\" \/>\n<meta name=\"twitter:card\" content=\"summary_large_image\" \/>\n<script type=\"application\/ld+json\" class=\"yoast-schema-graph\">{\"@context\":\"https:\\\/\\\/schema.org\",\"@graph\":[{\"@type\":\"WebPage\",\"@id\":\"https:\\\/\\\/www.pharmacy4pets.nl\\\/jecovitol-levertraanzalf-30-gram\",\"url\":\"https:\\\/\\\/www.pharmacy4pets.nl\\\/jecovitol-levertraanzalf-30-gram\",\"name\":\"Jecovitol levertraanzalf | 30 gram - Pharmacy4pets\",\"isPartOf\":{\"@id\":\"http:\\\/\\\/www.pharmacy4pets.nl\\\/#website\"},\"primaryImageOfPage\":{\"@id\":\"https:\\\/\\\/www.pharmacy4pets.nl\\\/jecovitol-levertraanzalf-30-gram#primaryimage\"},\"image\":{\"@id\":\"https:\\\/\\\/www.pharmacy4pets.nl\\\/jecovitol-levertraanzalf-30-gram#primaryimage\"},\"thumbnailUrl\":\"https:\\\/\\\/www.pharmacy4pets.nl\\\/wp-content\\\/uploads\\\/2023\\\/03\\\/11304.jpg\",\"datePublished\":\"2023-03-10T12:17:28+00:00\",\"dateModified\":\"2026-03-25T12:03:12+00:00\",\"breadcrumb\":{\"@id\":\"https:\\\/\\\/www.pharmacy4pets.nl\\\/jecovitol-levertraanzalf-30-gram#breadcrumb\"},\"inLanguage\":\"nl-NL\",\"potentialAction\":[{\"@type\":\"ReadAction\",\"target\":[\"https:\\\/\\\/www.pharmacy4pets.nl\\\/jecovitol-levertraanzalf-30-gram\"]}]},{\"@type\":\"ImageObject\",\"inLanguage\":\"nl-NL\",\"@id\":\"https:\\\/\\\/www.pharmacy4pets.nl\\\/jecovitol-levertraanzalf-30-gram#primaryimage\",\"url\":\"https:\\\/\\\/www.pharmacy4pets.nl\\\/wp-content\\\/uploads\\\/2023\\\/03\\\/11304.jpg\",\"contentUrl\":\"https:\\\/\\\/www.pharmacy4pets.nl\\\/wp-content\\\/uploads\\\/2023\\\/03\\\/11304.jpg\",\"width\":700,\"height\":700,\"caption\":\"Jecovitol\"},{\"@type\":\"BreadcrumbList\",\"@id\":\"https:\\\/\\\/www.pharmacy4pets.nl\\\/jecovitol-levertraanzalf-30-gram#breadcrumb\",\"itemListElement\":[{\"@type\":\"ListItem\",\"position\":1,\"name\":\"Home\",\"item\":\"https:\\\/\\\/p4p-nl.bootmine.com\\\/\"},{\"@type\":\"ListItem\",\"position\":2,\"name\":\"Winkel\",\"item\":\"https:\\\/\\\/p4p-nl.bootmine.com\\\/winkel\"},{\"@type\":\"ListItem\",\"position\":3,\"name\":\"Jecovitol levertraanzalf | 30 gram\"}]},{\"@type\":\"WebSite\",\"@id\":\"http:\\\/\\\/www.pharmacy4pets.nl\\\/#website\",\"url\":\"http:\\\/\\\/www.pharmacy4pets.nl\\\/\",\"name\":\"Pharmacy4pets\",\"description\":\"Pharmacy4pets.nl is d\u00e9 online apotheek waar u terecht kunt voor alle diergeneesmiddelen, verzorgingsproducten en dieetvoeding voor uw huisdier.\",\"publisher\":{\"@id\":\"http:\\\/\\\/www.pharmacy4pets.nl\\\/#organization\"},\"potentialAction\":[{\"@type\":\"SearchAction\",\"target\":{\"@type\":\"EntryPoint\",\"urlTemplate\":\"http:\\\/\\\/www.pharmacy4pets.nl\\\/?s={search_term_string}\"},\"query-input\":{\"@type\":\"PropertyValueSpecification\",\"valueRequired\":true,\"valueName\":\"search_term_string\"}}],\"inLanguage\":\"nl-NL\"},{\"@type\":\"Organization\",\"@id\":\"http:\\\/\\\/www.pharmacy4pets.nl\\\/#organization\",\"name\":\"Pharmacy4pets\",\"url\":\"http:\\\/\\\/www.pharmacy4pets.nl\\\/\",\"logo\":{\"@type\":\"ImageObject\",\"inLanguage\":\"nl-NL\",\"@id\":\"http:\\\/\\\/www.pharmacy4pets.nl\\\/#\\\/schema\\\/logo\\\/image\\\/\",\"url\":\"https:\\\/\\\/p4p-nl.bootmine.com\\\/wp-content\\\/uploads\\\/2026\\\/03\\\/logo-pharmacy4pets.png\",\"contentUrl\":\"https:\\\/\\\/p4p-nl.bootmine.com\\\/wp-content\\\/uploads\\\/2026\\\/03\\\/logo-pharmacy4pets.png\",\"width\":1024,\"height\":135,\"caption\":\"Pharmacy4pets\"},\"image\":{\"@id\":\"http:\\\/\\\/www.pharmacy4pets.nl\\\/#\\\/schema\\\/logo\\\/image\\\/\"},\"sameAs\":[\"https:\\\/\\\/www.facebook.com\\\/people\\\/Pharmacy4petsnl\\\/100063484989896\\\/\",\"https:\\\/\\\/www.youtube.com\\\/channel\\\/UCGPTIgucgli03tP2_kvLkHg\\\/featured\",\"https:\\\/\\\/www.instagram.com\\\/pharmacy4pets.nl\"]}]}<\/script>\n<!-- \/ Yoast SEO plugin. -->","yoast_head_json":{"title":"Jecovitol levertraanzalf | 30 gram - Pharmacy4pets","robots":{"index":"index","follow":"follow","max-snippet":"max-snippet:-1","max-image-preview":"max-image-preview:large","max-video-preview":"max-video-preview:-1"},"canonical":"https:\/\/www.pharmacy4pets.nl\/jecovitol-levertraanzalf-30-gram","og_locale":"nl_NL","og_type":"article","og_title":"Jecovitol levertraanzalf | 30 gram - Pharmacy4pets","og_description":"Jecovitol levertraanzalf is een verzachtende zalf voor een ruwe en schrale huid die het hetstellend vermogen van de huid ondersteunt.\u00a0Deze levertraanzalf bevat 33% zuivere levertraan.","og_url":"https:\/\/www.pharmacy4pets.nl\/jecovitol-levertraanzalf-30-gram","og_site_name":"Pharmacy4pets","article_publisher":"https:\/\/www.facebook.com\/people\/Pharmacy4petsnl\/100063484989896\/","article_modified_time":"2026-03-25T12:03:12+00:00","og_image":[{"width":700,"height":700,"url":"https:\/\/www.pharmacy4pets.nl\/wp-content\/uploads\/2023\/03\/11304.jpg","type":"image\/jpeg"}],"twitter_card":"summary_large_image","schema":{"@context":"https:\/\/schema.org","@graph":[{"@type":"WebPage","@id":"https:\/\/www.pharmacy4pets.nl\/jecovitol-levertraanzalf-30-gram","url":"https:\/\/www.pharmacy4pets.nl\/jecovitol-levertraanzalf-30-gram","name":"Jecovitol levertraanzalf | 30 gram - Pharmacy4pets","isPartOf":{"@id":"http:\/\/www.pharmacy4pets.nl\/#website"},"primaryImageOfPage":{"@id":"https:\/\/www.pharmacy4pets.nl\/jecovitol-levertraanzalf-30-gram#primaryimage"},"image":{"@id":"https:\/\/www.pharmacy4pets.nl\/jecovitol-levertraanzalf-30-gram#primaryimage"},"thumbnailUrl":"https:\/\/www.pharmacy4pets.nl\/wp-content\/uploads\/2023\/03\/11304.jpg","datePublished":"2023-03-10T12:17:28+00:00","dateModified":"2026-03-25T12:03:12+00:00","breadcrumb":{"@id":"https:\/\/www.pharmacy4pets.nl\/jecovitol-levertraanzalf-30-gram#breadcrumb"},"inLanguage":"nl-NL","potentialAction":[{"@type":"ReadAction","target":["https:\/\/www.pharmacy4pets.nl\/jecovitol-levertraanzalf-30-gram"]}]},{"@type":"ImageObject","inLanguage":"nl-NL","@id":"https:\/\/www.pharmacy4pets.nl\/jecovitol-levertraanzalf-30-gram#primaryimage","url":"https:\/\/www.pharmacy4pets.nl\/wp-content\/uploads\/2023\/03\/11304.jpg","contentUrl":"https:\/\/www.pharmacy4pets.nl\/wp-content\/uploads\/2023\/03\/11304.jpg","width":700,"height":700,"caption":"Jecovitol"},{"@type":"BreadcrumbList","@id":"https:\/\/www.pharmacy4pets.nl\/jecovitol-levertraanzalf-30-gram#breadcrumb","itemListElement":[{"@type":"ListItem","position":1,"name":"Home","item":"https:\/\/p4p-nl.bootmine.com\/"},{"@type":"ListItem","position":2,"name":"Winkel","item":"https:\/\/p4p-nl.bootmine.com\/winkel"},{"@type":"ListItem","position":3,"name":"Jecovitol levertraanzalf | 30 gram"}]},{"@type":"WebSite","@id":"http:\/\/www.pharmacy4pets.nl\/#website","url":"http:\/\/www.pharmacy4pets.nl\/","name":"Pharmacy4pets","description":"Pharmacy4pets.nl is d\u00e9 online apotheek waar u terecht kunt voor alle diergeneesmiddelen, verzorgingsproducten en dieetvoeding voor uw huisdier.","publisher":{"@id":"http:\/\/www.pharmacy4pets.nl\/#organization"},"potentialAction":[{"@type":"SearchAction","target":{"@type":"EntryPoint","urlTemplate":"http:\/\/www.pharmacy4pets.nl\/?s={search_term_string}"},"query-input":{"@type":"PropertyValueSpecification","valueRequired":true,"valueName":"search_term_string"}}],"inLanguage":"nl-NL"},{"@type":"Organization","@id":"http:\/\/www.pharmacy4pets.nl\/#organization","name":"Pharmacy4pets","url":"http:\/\/www.pharmacy4pets.nl\/","logo":{"@type":"ImageObject","inLanguage":"nl-NL","@id":"http:\/\/www.pharmacy4pets.nl\/#\/schema\/logo\/image\/","url":"https:\/\/p4p-nl.bootmine.com\/wp-content\/uploads\/2026\/03\/logo-pharmacy4pets.png","contentUrl":"https:\/\/p4p-nl.bootmine.com\/wp-content\/uploads\/2026\/03\/logo-pharmacy4pets.png","width":1024,"height":135,"caption":"Pharmacy4pets"},"image":{"@id":"http:\/\/www.pharmacy4pets.nl\/#\/schema\/logo\/image\/"},"sameAs":["https:\/\/www.facebook.com\/people\/Pharmacy4petsnl\/100063484989896\/","https:\/\/www.youtube.com\/channel\/UCGPTIgucgli03tP2_kvLkHg\/featured","https:\/\/www.instagram.com\/pharmacy4pets.nl"]}]}},"market_data":{"nl":{"price":0,"sale_price":0,"active":false,"url":null,"parent_url":"","tax_rate":0,"price_inc_tax":0,"sale_price_inc_tax":0},"de":{"price":0,"sale_price":0,"active":false,"url":null,"parent_url":"","tax_rate":0,"price_inc_tax":0,"sale_price_inc_tax":0},"be":{"price":0,"sale_price":0,"active":false,"url":null,"parent_url":"","tax_rate":0,"price_inc_tax":0,"sale_price_inc_tax":0},"fr":{"price":0,"sale_price":0,"active":false,"url":null,"parent_url":"","tax_rate":0,"price_inc_tax":0,"sale_price_inc_tax":0},"ch":{"price":0,"sale_price":0,"active":false,"url":null,"parent_url":"","tax_rate":0,"price_inc_tax":0,"sale_price_inc_tax":0},"at":{"price":0,"sale_price":0,"active":false,"url":null,"parent_url":"","tax_rate":0,"price_inc_tax":0,"sale_price_inc_tax":0},"es":{"price":0,"sale_price":0,"active":false,"url":null,"parent_url":"","tax_rate":0,"price_inc_tax":0,"sale_price_inc_tax":0},"dk":{"price":0,"sale_price":0,"active":false,"url":null,"parent_url":"","tax_rate":0,"price_inc_tax":0,"sale_price_inc_tax":0},"com":{"price":0,"sale_price":0,"active":false,"url":null,"parent_url":"","tax_rate":0,"price_inc_tax":0,"sale_price_inc_tax":0}},"market_nl_price":0,"market_nl_sale_price":0,"market_nl_active":false,"market_nl_url":null,"market_nl_parent_url":"","market_nl_tax_rate":0,"market_nl_price_inc_tax":0,"market_nl_sale_price_inc_tax":0,"market_de_price":0,"market_de_sale_price":0,"market_de_active":false,"market_de_url":null,"market_de_parent_url":"","market_de_tax_rate":0,"market_de_price_inc_tax":0,"market_de_sale_price_inc_tax":0,"market_be_price":0,"market_be_sale_price":0,"market_be_active":false,"market_be_url":null,"market_be_parent_url":"","market_be_tax_rate":0,"market_be_price_inc_tax":0,"market_be_sale_price_inc_tax":0,"market_fr_price":0,"market_fr_sale_price":0,"market_fr_active":false,"market_fr_url":null,"market_fr_parent_url":"","market_fr_tax_rate":0,"market_fr_price_inc_tax":0,"market_fr_sale_price_inc_tax":0,"market_ch_price":0,"market_ch_sale_price":0,"market_ch_active":false,"market_ch_url":null,"market_ch_parent_url":"","market_ch_tax_rate":0,"market_ch_price_inc_tax":0,"market_ch_sale_price_inc_tax":0,"market_at_price":0,"market_at_sale_price":0,"market_at_active":false,"market_at_url":null,"market_at_parent_url":"","market_at_tax_rate":0,"market_at_price_inc_tax":0,"market_at_sale_price_inc_tax":0,"market_es_price":0,"market_es_sale_price":0,"market_es_active":false,"market_es_url":null,"market_es_parent_url":"","market_es_tax_rate":0,"market_es_price_inc_tax":0,"market_es_sale_price_inc_tax":0,"market_dk_price":0,"market_dk_sale_price":0,"market_dk_active":false,"market_dk_url":null,"market_dk_parent_url":"","market_dk_tax_rate":0,"market_dk_price_inc_tax":0,"market_dk_sale_price_inc_tax":0,"market_com_price":0,"market_com_sale_price":0,"market_com_active":false,"market_com_url":null,"market_com_parent_url":"","market_com_tax_rate":0,"market_com_price_inc_tax":0,"market_com_sale_price_inc_tax":0,"acf":[],"_links":{"self":[{"href":"https:\/\/www.pharmacy4pets.nl\/be\/wp-json\/wp\/v2\/product\/119758","targetHints":{"allow":["GET"]}}],"collection":[{"href":"https:\/\/www.pharmacy4pets.nl\/be\/wp-json\/wp\/v2\/product"}],"about":[{"href":"https:\/\/www.pharmacy4pets.nl\/be\/wp-json\/wp\/v2\/types\/product"}],"replies":[{"embeddable":true,"href":"https:\/\/www.pharmacy4pets.nl\/be\/wp-json\/wp\/v2\/comments?post=119758"}],"wp:featuredmedia":[{"embeddable":true,"href":"https:\/\/www.pharmacy4pets.nl\/be\/wp-json\/wp\/v2\/media\/119757"}],"wp:attachment":[{"href":"https:\/\/www.pharmacy4pets.nl\/be\/wp-json\/wp\/v2\/media?parent=119758"}],"wp:term":[{"taxonomy":"product_brand","embeddable":true,"href":"https:\/\/www.pharmacy4pets.nl\/be\/wp-json\/wp\/v2\/product_brand?post=119758"},{"taxonomy":"product_cat","embeddable":true,"href":"https:\/\/www.pharmacy4pets.nl\/be\/wp-json\/wp\/v2\/product_cat?post=119758"},{"taxonomy":"product_tag","embeddable":true,"href":"https:\/\/www.pharmacy4pets.nl\/be\/wp-json\/wp\/v2\/product_tag?post=119758"}],"curies":[{"name":"wp","href":"https:\/\/api.w.org\/{rel}","templated":true}]}}