{"id":119754,"date":"2023-03-10T12:17:27","date_gmt":"2023-03-10T12:17:27","guid":{"rendered":"https:\/\/p4p.test\/flexadin-young-dog-mini-60-chews"},"modified":"2026-04-14T08:04:31","modified_gmt":"2026-04-14T08:04:31","slug":"flexadin-young-dog-mini-60-chews","status":"publish","type":"product","link":"https:\/\/www.pharmacy4pets.nl\/be\/flexadin-young-dog-mini-60-chews","title":{"rendered":"Flexadin Young Dog Mini | 60 chews"},"content":{"rendered":"<p>Flexadin Young Dog is een voedingssupplement specifiek ontwikkeld voor jonge opgroeiende honden (tot 2 jaar) ter ondersteuning van de gewrichten. Door de samenstelling is slechts 1 kauwbrokjes per dag voldoende onafhankelijk van het gewicht van de hond. De verpakking bevat 60 brokjes.<\/p>\n<p>Dosering:<\/p>\n<table class=\"gridtable\">\n<tbody>\n<tr>\n<td><strong>Young Dog Mini<\/strong><\/td>\n<td>\u00a0<\/td>\n<\/tr>\n<tr>\n<td>Hond &lt;6 kg<\/td>\n<td>1 kauwbrokje<\/td>\n<\/tr>\n<tr>\n<td>Hond 6 &#8211; 10 kg<\/td>\n<td>2 kauwbrokjes<\/td>\n<\/tr>\n<tr>\n<td><strong>Young Dog Maxi<\/strong><\/td>\n<td>\u00a0<\/td>\n<\/tr>\n<tr>\n<td>Hond 10 &#8211; 30 kg<\/td>\n<td>1 kauwbrokje<\/td>\n<\/tr>\n<tr>\n<td>Hond &gt; 30 kg<\/td>\n<td>2 kauwbrokjes<\/td>\n<\/tr>\n<\/tbody>\n<\/table>\n<p>\u00a0<\/p>\n","protected":false},"excerpt":{"rendered":"<p>Flexadin Young Dog is een voedingssupplement specifiek ontwikkeld voor jonge opgroeiende honden (tot 2 jaar) ter ondersteuning van de gewrichten. Door de samenstelling is slechts 1 kauwbrokjes per dag voldoende onafhankelijk van het gewicht van de hond. De verpakking bevat 60 brokjes. Dosering: Young Dog Mini \u00a0 Hond &lt;6 kg 1 kauwbrokje Hond 6 &#8211; [&hellip;]<\/p>\n","protected":false},"featured_media":119753,"comment_status":"open","ping_status":"closed","template":"","meta":{"_acf_changed":false,"_nl_post_content":"<p>Flexadin Young Dog is een voedingssupplement specifiek ontwikkeld voor jonge opgroeiende honden (tot 2 jaar) ter ondersteuning van de gewrichten. Door de samenstelling is slechts 1 kauwbrokjes per dag voldoende onafhankelijk van het gewicht van de hond. De verpakking bevat 60 brokjes.<\/p>\r\n<p>Dosering:<\/p>\r\n<table class=\"gridtable\">\r\n<tbody>\r\n<tr>\r\n<td><strong>Young Dog Mini<\/strong><\/td>\r\n<td>\u00a0<\/td>\r\n<\/tr>\r\n<tr>\r\n<td>Hond &lt;6 kg<\/td>\r\n<td>1 kauwbrokje<\/td>\r\n<\/tr>\r\n<tr>\r\n<td>Hond 6 - 10 kg<\/td>\r\n<td>2 kauwbrokjes<\/td>\r\n<\/tr>\r\n<tr>\r\n<td><strong>Young Dog Maxi<\/strong><\/td>\r\n<td>\u00a0<\/td>\r\n<\/tr>\r\n<tr>\r\n<td>Hond 10 - 30 kg<\/td>\r\n<td>1 kauwbrokje<\/td>\r\n<\/tr>\r\n<tr>\r\n<td>Hond &gt; 30 kg<\/td>\r\n<td>2 kauwbrokjes<\/td>\r\n<\/tr>\r\n<\/tbody>\r\n<\/table>\r\n<p>\u00a0<\/p>","_nl_post_name":"flexadin-young-dog-mini-60-chews","_nl_post_excerpt":"","_nl_post_title":"Flexadin Young Dog Mini | 60 chews","_en_post_content":"<p>Flexadin Young Dog is a nutritional supplement specifically developed for young growing dogs (up to 2 years) to support the joints. Due to its composition, only 1 chewable kibble per day is sufficient, regardless of the dog's weight. The package contains 60 pieces.<\/p>\r\n<p>Dosage:<\/p>\r\n<table class=\"gridtable\">\r\n<tbody>\r\n<tr>\r\n<td><strong>Flexadin Young Dog Mini<\/strong><\/td>\r\n<td>\u00a0<\/td>\r\n<\/tr>\r\n<tr>\r\n<td>Dog &lt;6 kg<\/td>\r\n<td>1 chewable piece<\/td>\r\n<\/tr>\r\n<tr>\r\n<td>Dog 6 - 10kg<\/td>\r\n<td>2 chews<\/td>\r\n<\/tr>\r\n<tr>\r\n<td><strong>Flexadin Young Dog Maxi<\/strong><\/td>\r\n<td>\u00a0<\/td>\r\n<\/tr>\r\n<tr>\r\n<td>Dog 10 - 30 kg<\/td>\r\n<td>1 chewable piece<\/td>\r\n<\/tr>\r\n<tr>\r\n<td>Dog &gt; 30kg<\/td>\r\n<td>2 chews<\/td>\r\n<\/tr>\r\n<\/tbody>\r\n<\/table>\r\n<p>\u00a0<\/p>","_en_post_name":"flexadin-young-dog-mini-60-chews","_en_post_excerpt":"","_en_post_title":"Flexadin Young Dog Mini | 60 chews","_de_post_content":"<p>Flexadin Young Dog ist ein Nahrungserg\u00e4nzungsmittel, das speziell f\u00fcr junge heranwachsende Hunde (bis zu 2 Jahren) zur Unterst\u00fctzung der Gelenke entwickelt wurde. Aufgrund seiner Zusammensetzung ist unabh\u00e4ngig vom Gewicht des Hundes nur 1 Kaufutter pro Tag ausreichend. Die Packung enth\u00e4lt 60 St\u00fcck.<\/p>\r\n<p>Dosierung:<\/p>\r\n<table class=\"gridtable\">\r\n<tbody>\r\n<tr>\r\n<td><strong>Junger Hund Mini<\/strong><\/td>\r\n<td><\/td>\r\n<\/tr>\r\n<tr>\r\n<td>Hund <6 kg<\/td>\r\n<td>1 Kautablette<\/td>\r\n<\/tr>\r\n<tr>\r\n<td>Hund 6 \u2013 10 kg<\/td>\r\n<td>2 Kaubonbons<\/td>\r\n<\/tr>\r\n<tr>\r\n<td><strong>Junghund Maxi<\/strong><\/td>\r\n<td><\/td>\r\n<\/tr>\r\n<tr>\r\n<td>Hund 10 - 30 kg<\/td>\r\n<td>1 Kautablette<\/td>\r\n<\/tr>\r\n<tr>\r\n<td>Hund &gt; 30kg<\/td>\r\n<td>2 Kaubonbons<\/td>\r\n<\/tr>\r\n<\/tbody>\r\n<\/table>\r\n<p><\/p>","_de_post_name":"flexadin-young-dog-mini-60-chews","_de_post_excerpt":"","_de_post_title":"Flexadin Young Dog Mini | 60 chews","_fr_post_content":"<p>Flexadin Young Dog est un compl\u00e9ment nutritionnel sp\u00e9cifiquement d\u00e9velopp\u00e9 pour les jeunes chiens en croissance (jusqu'\u00e0 2 ans) pour soutenir les articulations. De par sa composition, une seule croquette \u00e0 croquer par jour suffit, quel que soit le poids du chien. Le paquet contient 60 pi\u00e8ces.<\/p>\r\n<p>Posologie\u00a0:<\/p>\r\n<table class=\"gridtable\">\r\n<tbody>\r\n<tr>\r\n<td><b>Flexadin Young Dog Mini<\/b><\/td>\r\n<td>\u00a0<\/td>\r\n<\/tr>\r\n<tr>\r\n<td>Chien &lt;6 kg<\/td>\r\n<td>1 morceau \u00e0 croquer<\/td>\r\n<\/tr>\r\n<tr>\r\n<td>Chien 6 - 10kg<\/td>\r\n<td>2 bouch\u00e9es<\/td>\r\n<\/tr>\r\n<tr>\r\n<td><b>Flexadin Young Dog Maxi<\/b><\/td>\r\n<td>\u00a0<\/td>\r\n<\/tr>\r\n<tr>\r\n<td>Chien 10 - 30 kg<\/td>\r\n<td>1 morceau \u00e0 croquer<\/td>\r\n<\/tr>\r\n<tr>\r\n<td>Chien &gt; 30kg<\/td>\r\n<td>2 bouch\u00e9es<\/td>\r\n<\/tr>\r\n<\/tbody>\r\n<\/table>\r\n<p>\u00a0<\/p>","_fr_post_name":"flexadin-young-dog-mini-60-chews","_fr_post_excerpt":"","_fr_post_title":"Flexadin Young Dog Mini | 60 chews ","_es_post_content":"<p>Flexadin Young Dog es un complemento nutricional desarrollado espec\u00edficamente para perros j\u00f3venes en crecimiento (hasta 2 a\u00f1os) para apoyar las articulaciones. Debido a su composici\u00f3n, s\u00f3lo es suficiente 1 croqueta masticable al d\u00eda, independientemente del peso del perro. El paquete contiene 60 piezas.<\/p>\r\n<p>Dosis:<\/p>\r\n<table class=\"gridtable\">\r\n<tbody>\r\n<tr>\r\n<td><strong>Flexadin Young Dog Mini<\/strong><\/td>\r\n<td>\u00a0<\/td>\r\n<\/tr>\r\n<tr>\r\n<td>Perro &lt;6 kg<\/td>\r\n<td>1 pieza masticable<\/td>\r\n<\/tr>\r\n<tr>\r\n<td>Perro 6 - 10 kg<\/td>\r\n<td>2 masticables<\/td>\r\n<\/tr>\r\n<tr>\r\n<td><strong>Flexadin Young Dog Maxi<\/strong><\/td>\r\n<td>\u00a0<\/td>\r\n<\/tr>\r\n<tr>\r\n<td>Perro 10 - 30 kg<\/td>\r\n<td>1 pieza masticable<\/td>\r\n<\/tr>\r\n<tr>\r\n<td>Perro &gt; 30kg<\/td>\r\n<td>2 masticables<\/td>\r\n<\/tr>\r\n<\/tbody>\r\n<\/table>","_es_post_name":"flexadin-young-dog-mini-60-chews","_es_post_excerpt":"","_es_post_title":"Flexadin Young Dog Mini | 60 chews ","edit_language":"nl"},"product_brand":[],"product_cat":[1925,1843,1117,1839,1857],"product_tag":[],"class_list":{"0":"post-119754","1":"product","2":"type-product","3":"status-publish","4":"has-post-thumbnail","6":"product_cat-flexadin","7":"product_cat-gewrichten","8":"product_cat-honden","9":"product_cat-medicijnen-supplementen","10":"product_cat-merken","11":"pa_aandoening-gewrichten","12":"pa_doeldier-hond","13":"pa_fabricatieland-frankrijk","14":"pa_merkfilter-flexadin","15":"pa_merkgroep-vetoquinol","16":"pa_productsoort-voedingssupplement","17":"pa_toedieningswijze-kauwbrokjes","18":"pa_unit_pricing_base_measure-1ct","19":"pa_unit_pricing_measure-60ct","20":"pa_werkzamestof-overig","22":"first","23":"instock","24":"taxable","25":"shipping-taxable","26":"purchasable","27":"product-type-simple"},"yoast_head":"<!-- This site is optimized with the Yoast SEO plugin v27.5 - https:\/\/yoast.com\/product\/yoast-seo-wordpress\/ -->\n<title>Flexadin Young Dog Mini | 60 chews - Pharmacy4pets<\/title>\n<meta name=\"robots\" content=\"index, follow, max-snippet:-1, max-image-preview:large, max-video-preview:-1\" \/>\n<link rel=\"canonical\" href=\"https:\/\/p4p-nl.bootmine.com\/%product-slug%\/flexadin-young-dog-mini-60-chews\" \/>\n<meta property=\"og:locale\" content=\"nl_NL\" \/>\n<meta property=\"og:type\" content=\"article\" \/>\n<meta property=\"og:title\" content=\"Flexadin Young Dog Mini | 60 chews - Pharmacy4pets\" \/>\n<meta property=\"og:description\" content=\"Flexadin Young Dog is een voedingssupplement specifiek ontwikkeld voor jonge opgroeiende honden (tot 2 jaar) ter ondersteuning van de gewrichten. Door de samenstelling is slechts 1 kauwbrokjes per dag voldoende onafhankelijk van het gewicht van de hond. De verpakking bevat 60 brokjes. Dosering: Young Dog Mini \u00a0 Hond &lt;6 kg 1 kauwbrokje Hond 6 &#8211; [&hellip;]\" \/>\n<meta property=\"og:url\" content=\"https:\/\/p4p-nl.bootmine.com\/%product-slug%\/flexadin-young-dog-mini-60-chews\" \/>\n<meta property=\"og:site_name\" content=\"Pharmacy4pets\" \/>\n<meta property=\"article:publisher\" content=\"https:\/\/www.facebook.com\/people\/Pharmacy4petsnl\/100063484989896\/\" \/>\n<meta property=\"article:modified_time\" content=\"2026-04-14T08:04:31+00:00\" \/>\n<meta property=\"og:image\" content=\"https:\/\/p4p-nl.bootmine.com\/wp-content\/uploads\/2023\/03\/25930.jpg\" \/>\n\t<meta property=\"og:image:width\" content=\"457\" \/>\n\t<meta property=\"og:image:height\" content=\"650\" \/>\n\t<meta property=\"og:image:type\" content=\"image\/jpeg\" \/>\n<meta name=\"twitter:card\" content=\"summary_large_image\" \/>\n<script type=\"application\/ld+json\" class=\"yoast-schema-graph\">{\"@context\":\"https:\\\/\\\/schema.org\",\"@graph\":[{\"@type\":\"WebPage\",\"@id\":\"https:\\\/\\\/p4p-nl.bootmine.com\\\/%product-slug%\\\/flexadin-young-dog-mini-60-chews\",\"url\":\"https:\\\/\\\/p4p-nl.bootmine.com\\\/%product-slug%\\\/flexadin-young-dog-mini-60-chews\",\"name\":\"Flexadin Young Dog Mini | 60 chews - Pharmacy4pets\",\"isPartOf\":{\"@id\":\"http:\\\/\\\/www.pharmacy4pets.nl\\\/#website\"},\"primaryImageOfPage\":{\"@id\":\"https:\\\/\\\/p4p-nl.bootmine.com\\\/%product-slug%\\\/flexadin-young-dog-mini-60-chews#primaryimage\"},\"image\":{\"@id\":\"https:\\\/\\\/p4p-nl.bootmine.com\\\/%product-slug%\\\/flexadin-young-dog-mini-60-chews#primaryimage\"},\"thumbnailUrl\":\"https:\\\/\\\/www.pharmacy4pets.nl\\\/wp-content\\\/uploads\\\/2023\\\/03\\\/25930.jpg\",\"datePublished\":\"2023-03-10T12:17:27+00:00\",\"dateModified\":\"2026-04-14T08:04:31+00:00\",\"breadcrumb\":{\"@id\":\"https:\\\/\\\/p4p-nl.bootmine.com\\\/%product-slug%\\\/flexadin-young-dog-mini-60-chews#breadcrumb\"},\"inLanguage\":\"nl-NL\",\"potentialAction\":[{\"@type\":\"ReadAction\",\"target\":[\"https:\\\/\\\/p4p-nl.bootmine.com\\\/%product-slug%\\\/flexadin-young-dog-mini-60-chews\"]}]},{\"@type\":\"ImageObject\",\"inLanguage\":\"nl-NL\",\"@id\":\"https:\\\/\\\/p4p-nl.bootmine.com\\\/%product-slug%\\\/flexadin-young-dog-mini-60-chews#primaryimage\",\"url\":\"https:\\\/\\\/www.pharmacy4pets.nl\\\/wp-content\\\/uploads\\\/2023\\\/03\\\/25930.jpg\",\"contentUrl\":\"https:\\\/\\\/www.pharmacy4pets.nl\\\/wp-content\\\/uploads\\\/2023\\\/03\\\/25930.jpg\",\"width\":457,\"height\":650,\"caption\":\"Flexadin\"},{\"@type\":\"BreadcrumbList\",\"@id\":\"https:\\\/\\\/p4p-nl.bootmine.com\\\/%product-slug%\\\/flexadin-young-dog-mini-60-chews#breadcrumb\",\"itemListElement\":[{\"@type\":\"ListItem\",\"position\":1,\"name\":\"Home\",\"item\":\"https:\\\/\\\/p4p-nl.bootmine.com\\\/\"},{\"@type\":\"ListItem\",\"position\":2,\"name\":\"Winkel\",\"item\":\"https:\\\/\\\/p4p-nl.bootmine.com\\\/winkel\"},{\"@type\":\"ListItem\",\"position\":3,\"name\":\"Flexadin Young Dog Mini | 60 chews\"}]},{\"@type\":\"WebSite\",\"@id\":\"http:\\\/\\\/www.pharmacy4pets.nl\\\/#website\",\"url\":\"http:\\\/\\\/www.pharmacy4pets.nl\\\/\",\"name\":\"Pharmacy4pets\",\"description\":\"Pharmacy4pets.nl is d\u00e9 online apotheek waar u terecht kunt voor alle diergeneesmiddelen, verzorgingsproducten en dieetvoeding voor uw huisdier.\",\"publisher\":{\"@id\":\"http:\\\/\\\/www.pharmacy4pets.nl\\\/#organization\"},\"potentialAction\":[{\"@type\":\"SearchAction\",\"target\":{\"@type\":\"EntryPoint\",\"urlTemplate\":\"http:\\\/\\\/www.pharmacy4pets.nl\\\/?s={search_term_string}\"},\"query-input\":{\"@type\":\"PropertyValueSpecification\",\"valueRequired\":true,\"valueName\":\"search_term_string\"}}],\"inLanguage\":\"nl-NL\"},{\"@type\":\"Organization\",\"@id\":\"http:\\\/\\\/www.pharmacy4pets.nl\\\/#organization\",\"name\":\"Pharmacy4pets\",\"url\":\"http:\\\/\\\/www.pharmacy4pets.nl\\\/\",\"logo\":{\"@type\":\"ImageObject\",\"inLanguage\":\"nl-NL\",\"@id\":\"http:\\\/\\\/www.pharmacy4pets.nl\\\/#\\\/schema\\\/logo\\\/image\\\/\",\"url\":\"https:\\\/\\\/p4p-nl.bootmine.com\\\/wp-content\\\/uploads\\\/2026\\\/03\\\/logo-pharmacy4pets.png\",\"contentUrl\":\"https:\\\/\\\/p4p-nl.bootmine.com\\\/wp-content\\\/uploads\\\/2026\\\/03\\\/logo-pharmacy4pets.png\",\"width\":1024,\"height\":135,\"caption\":\"Pharmacy4pets\"},\"image\":{\"@id\":\"http:\\\/\\\/www.pharmacy4pets.nl\\\/#\\\/schema\\\/logo\\\/image\\\/\"},\"sameAs\":[\"https:\\\/\\\/www.facebook.com\\\/people\\\/Pharmacy4petsnl\\\/100063484989896\\\/\",\"https:\\\/\\\/www.youtube.com\\\/channel\\\/UCGPTIgucgli03tP2_kvLkHg\\\/featured\",\"https:\\\/\\\/www.instagram.com\\\/pharmacy4pets.nl\"]}]}<\/script>\n<!-- \/ Yoast SEO plugin. -->","yoast_head_json":{"title":"Flexadin Young Dog Mini | 60 chews - Pharmacy4pets","robots":{"index":"index","follow":"follow","max-snippet":"max-snippet:-1","max-image-preview":"max-image-preview:large","max-video-preview":"max-video-preview:-1"},"canonical":"https:\/\/p4p-nl.bootmine.com\/%product-slug%\/flexadin-young-dog-mini-60-chews","og_locale":"nl_NL","og_type":"article","og_title":"Flexadin Young Dog Mini | 60 chews - Pharmacy4pets","og_description":"Flexadin Young Dog is een voedingssupplement specifiek ontwikkeld voor jonge opgroeiende honden (tot 2 jaar) ter ondersteuning van de gewrichten. Door de samenstelling is slechts 1 kauwbrokjes per dag voldoende onafhankelijk van het gewicht van de hond. De verpakking bevat 60 brokjes. Dosering: Young Dog Mini \u00a0 Hond &lt;6 kg 1 kauwbrokje Hond 6 &#8211; [&hellip;]","og_url":"https:\/\/p4p-nl.bootmine.com\/%product-slug%\/flexadin-young-dog-mini-60-chews","og_site_name":"Pharmacy4pets","article_publisher":"https:\/\/www.facebook.com\/people\/Pharmacy4petsnl\/100063484989896\/","article_modified_time":"2026-04-14T08:04:31+00:00","og_image":[{"width":457,"height":650,"url":"https:\/\/p4p-nl.bootmine.com\/wp-content\/uploads\/2023\/03\/25930.jpg","type":"image\/jpeg"}],"twitter_card":"summary_large_image","schema":{"@context":"https:\/\/schema.org","@graph":[{"@type":"WebPage","@id":"https:\/\/p4p-nl.bootmine.com\/%product-slug%\/flexadin-young-dog-mini-60-chews","url":"https:\/\/p4p-nl.bootmine.com\/%product-slug%\/flexadin-young-dog-mini-60-chews","name":"Flexadin Young Dog Mini | 60 chews - Pharmacy4pets","isPartOf":{"@id":"http:\/\/www.pharmacy4pets.nl\/#website"},"primaryImageOfPage":{"@id":"https:\/\/p4p-nl.bootmine.com\/%product-slug%\/flexadin-young-dog-mini-60-chews#primaryimage"},"image":{"@id":"https:\/\/p4p-nl.bootmine.com\/%product-slug%\/flexadin-young-dog-mini-60-chews#primaryimage"},"thumbnailUrl":"https:\/\/www.pharmacy4pets.nl\/wp-content\/uploads\/2023\/03\/25930.jpg","datePublished":"2023-03-10T12:17:27+00:00","dateModified":"2026-04-14T08:04:31+00:00","breadcrumb":{"@id":"https:\/\/p4p-nl.bootmine.com\/%product-slug%\/flexadin-young-dog-mini-60-chews#breadcrumb"},"inLanguage":"nl-NL","potentialAction":[{"@type":"ReadAction","target":["https:\/\/p4p-nl.bootmine.com\/%product-slug%\/flexadin-young-dog-mini-60-chews"]}]},{"@type":"ImageObject","inLanguage":"nl-NL","@id":"https:\/\/p4p-nl.bootmine.com\/%product-slug%\/flexadin-young-dog-mini-60-chews#primaryimage","url":"https:\/\/www.pharmacy4pets.nl\/wp-content\/uploads\/2023\/03\/25930.jpg","contentUrl":"https:\/\/www.pharmacy4pets.nl\/wp-content\/uploads\/2023\/03\/25930.jpg","width":457,"height":650,"caption":"Flexadin"},{"@type":"BreadcrumbList","@id":"https:\/\/p4p-nl.bootmine.com\/%product-slug%\/flexadin-young-dog-mini-60-chews#breadcrumb","itemListElement":[{"@type":"ListItem","position":1,"name":"Home","item":"https:\/\/p4p-nl.bootmine.com\/"},{"@type":"ListItem","position":2,"name":"Winkel","item":"https:\/\/p4p-nl.bootmine.com\/winkel"},{"@type":"ListItem","position":3,"name":"Flexadin Young Dog Mini | 60 chews"}]},{"@type":"WebSite","@id":"http:\/\/www.pharmacy4pets.nl\/#website","url":"http:\/\/www.pharmacy4pets.nl\/","name":"Pharmacy4pets","description":"Pharmacy4pets.nl is d\u00e9 online apotheek waar u terecht kunt voor alle diergeneesmiddelen, verzorgingsproducten en dieetvoeding voor uw huisdier.","publisher":{"@id":"http:\/\/www.pharmacy4pets.nl\/#organization"},"potentialAction":[{"@type":"SearchAction","target":{"@type":"EntryPoint","urlTemplate":"http:\/\/www.pharmacy4pets.nl\/?s={search_term_string}"},"query-input":{"@type":"PropertyValueSpecification","valueRequired":true,"valueName":"search_term_string"}}],"inLanguage":"nl-NL"},{"@type":"Organization","@id":"http:\/\/www.pharmacy4pets.nl\/#organization","name":"Pharmacy4pets","url":"http:\/\/www.pharmacy4pets.nl\/","logo":{"@type":"ImageObject","inLanguage":"nl-NL","@id":"http:\/\/www.pharmacy4pets.nl\/#\/schema\/logo\/image\/","url":"https:\/\/p4p-nl.bootmine.com\/wp-content\/uploads\/2026\/03\/logo-pharmacy4pets.png","contentUrl":"https:\/\/p4p-nl.bootmine.com\/wp-content\/uploads\/2026\/03\/logo-pharmacy4pets.png","width":1024,"height":135,"caption":"Pharmacy4pets"},"image":{"@id":"http:\/\/www.pharmacy4pets.nl\/#\/schema\/logo\/image\/"},"sameAs":["https:\/\/www.facebook.com\/people\/Pharmacy4petsnl\/100063484989896\/","https:\/\/www.youtube.com\/channel\/UCGPTIgucgli03tP2_kvLkHg\/featured","https:\/\/www.instagram.com\/pharmacy4pets.nl"]}]}},"market_data":{"nl":{"price":0,"sale_price":0,"active":false,"url":null,"parent_url":"","tax_rate":0,"price_inc_tax":0,"sale_price_inc_tax":0},"de":{"price":0,"sale_price":0,"active":false,"url":null,"parent_url":"","tax_rate":0,"price_inc_tax":0,"sale_price_inc_tax":0},"be":{"price":0,"sale_price":0,"active":false,"url":null,"parent_url":"","tax_rate":0,"price_inc_tax":0,"sale_price_inc_tax":0},"fr":{"price":0,"sale_price":0,"active":false,"url":null,"parent_url":"","tax_rate":0,"price_inc_tax":0,"sale_price_inc_tax":0},"ch":{"price":0,"sale_price":0,"active":false,"url":null,"parent_url":"","tax_rate":0,"price_inc_tax":0,"sale_price_inc_tax":0},"at":{"price":0,"sale_price":0,"active":false,"url":null,"parent_url":"","tax_rate":0,"price_inc_tax":0,"sale_price_inc_tax":0},"es":{"price":0,"sale_price":0,"active":false,"url":null,"parent_url":"","tax_rate":0,"price_inc_tax":0,"sale_price_inc_tax":0},"dk":{"price":0,"sale_price":0,"active":false,"url":null,"parent_url":"","tax_rate":0,"price_inc_tax":0,"sale_price_inc_tax":0},"com":{"price":0,"sale_price":0,"active":false,"url":null,"parent_url":"","tax_rate":0,"price_inc_tax":0,"sale_price_inc_tax":0}},"market_nl_price":0,"market_nl_sale_price":0,"market_nl_active":false,"market_nl_url":null,"market_nl_parent_url":"","market_nl_tax_rate":0,"market_nl_price_inc_tax":0,"market_nl_sale_price_inc_tax":0,"market_de_price":0,"market_de_sale_price":0,"market_de_active":false,"market_de_url":null,"market_de_parent_url":"","market_de_tax_rate":0,"market_de_price_inc_tax":0,"market_de_sale_price_inc_tax":0,"market_be_price":0,"market_be_sale_price":0,"market_be_active":false,"market_be_url":null,"market_be_parent_url":"","market_be_tax_rate":0,"market_be_price_inc_tax":0,"market_be_sale_price_inc_tax":0,"market_fr_price":0,"market_fr_sale_price":0,"market_fr_active":false,"market_fr_url":null,"market_fr_parent_url":"","market_fr_tax_rate":0,"market_fr_price_inc_tax":0,"market_fr_sale_price_inc_tax":0,"market_ch_price":0,"market_ch_sale_price":0,"market_ch_active":false,"market_ch_url":null,"market_ch_parent_url":"","market_ch_tax_rate":0,"market_ch_price_inc_tax":0,"market_ch_sale_price_inc_tax":0,"market_at_price":0,"market_at_sale_price":0,"market_at_active":false,"market_at_url":null,"market_at_parent_url":"","market_at_tax_rate":0,"market_at_price_inc_tax":0,"market_at_sale_price_inc_tax":0,"market_es_price":0,"market_es_sale_price":0,"market_es_active":false,"market_es_url":null,"market_es_parent_url":"","market_es_tax_rate":0,"market_es_price_inc_tax":0,"market_es_sale_price_inc_tax":0,"market_dk_price":0,"market_dk_sale_price":0,"market_dk_active":false,"market_dk_url":null,"market_dk_parent_url":"","market_dk_tax_rate":0,"market_dk_price_inc_tax":0,"market_dk_sale_price_inc_tax":0,"market_com_price":0,"market_com_sale_price":0,"market_com_active":false,"market_com_url":null,"market_com_parent_url":"","market_com_tax_rate":0,"market_com_price_inc_tax":0,"market_com_sale_price_inc_tax":0,"acf":[],"_links":{"self":[{"href":"https:\/\/www.pharmacy4pets.nl\/be\/wp-json\/wp\/v2\/product\/119754","targetHints":{"allow":["GET"]}}],"collection":[{"href":"https:\/\/www.pharmacy4pets.nl\/be\/wp-json\/wp\/v2\/product"}],"about":[{"href":"https:\/\/www.pharmacy4pets.nl\/be\/wp-json\/wp\/v2\/types\/product"}],"replies":[{"embeddable":true,"href":"https:\/\/www.pharmacy4pets.nl\/be\/wp-json\/wp\/v2\/comments?post=119754"}],"wp:featuredmedia":[{"embeddable":true,"href":"https:\/\/www.pharmacy4pets.nl\/be\/wp-json\/wp\/v2\/media\/119753"}],"wp:attachment":[{"href":"https:\/\/www.pharmacy4pets.nl\/be\/wp-json\/wp\/v2\/media?parent=119754"}],"wp:term":[{"taxonomy":"product_brand","embeddable":true,"href":"https:\/\/www.pharmacy4pets.nl\/be\/wp-json\/wp\/v2\/product_brand?post=119754"},{"taxonomy":"product_cat","embeddable":true,"href":"https:\/\/www.pharmacy4pets.nl\/be\/wp-json\/wp\/v2\/product_cat?post=119754"},{"taxonomy":"product_tag","embeddable":true,"href":"https:\/\/www.pharmacy4pets.nl\/be\/wp-json\/wp\/v2\/product_tag?post=119754"}],"curies":[{"name":"wp","href":"https:\/\/api.w.org\/{rel}","templated":true}]}}