{"id":119746,"date":"2023-03-10T12:17:25","date_gmt":"2023-03-10T12:17:25","guid":{"rendered":"https:\/\/p4p.test\/flexadin-cat-60-chews"},"modified":"2026-04-14T08:04:30","modified_gmt":"2026-04-14T08:04:30","slug":"flexadin-cat-60-chews","status":"publish","type":"product","link":"https:\/\/www.pharmacy4pets.nl\/be\/flexadin-cat-60-chews","title":{"rendered":"Flexadin Cat | 60 chews | Exp 30-06-2026"},"content":{"rendered":"<p>Flexadin Cat is een voedingssupplement specifiek ontwikkeld voor katten ter ondersteuning van de gewrichten. De dosering van de Flexadin Cat chews is gemakkelijk met slechts 1 kauwbrokje per dag ongeacht het gewicht van de kat. De verpakking bevat 60 kauwbrokjes.<\/p>\n","protected":false},"excerpt":{"rendered":"<p>Flexadin Cat is een voedingssupplement specifiek ontwikkeld voor katten ter ondersteuning van de gewrichten. De dosering van de Flexadin Cat chews is gemakkelijk met slechts 1 kauwbrokje per dag ongeacht het gewicht van de kat. De verpakking bevat 60 kauwbrokjes.<\/p>\n","protected":false},"featured_media":119745,"comment_status":"open","ping_status":"closed","template":"","meta":{"_acf_changed":false,"_nl_post_content":"<p>Flexadin Cat is een voedingssupplement specifiek ontwikkeld voor katten ter ondersteuning van de gewrichten. De dosering van de Flexadin Cat chews is gemakkelijk met slechts 1 kauwbrokje per dag ongeacht het gewicht van de kat. De verpakking bevat 60 kauwbrokjes.<\/p>","_nl_post_name":"flexadin-cat-60-chews","_nl_post_excerpt":"","_nl_post_title":"Flexadin Cat | 60 chews | Exp 30-06-2026","_en_post_content":"<p>Flexadin Cat is a food supplement specifically developed for cats to support the joints. The dosage of the Flexadin Cat chews is easy with only 1 chewable piece per day, regardless of the cat's weight. The package contains 60 chewable chunks.<\/p>","_en_post_name":"flexadin-cat-60-chews","_en_post_excerpt":"","_en_post_title":"Flexadin Cat | 60 chews | Exp 30-06-2026","_de_post_content":"<p>Flexadin Cat ist ein speziell f\u00fcr Katzen entwickeltes Nahrungserg\u00e4nzungsmittel zur Unterst\u00fctzung der Gelenke. Die Dosierung der Flexadin Katzenkausnacks ist mit nur 1 Kausnack pro Tag einfach, unabh\u00e4ngig vom Gewicht der Katze. Die Packung enth\u00e4lt 60 Kaust\u00fccke.<\/p>","_de_post_name":"flexadin-cat-60-chews","_de_post_excerpt":"","_de_post_title":"Flexadin Cat | 60 chews | Exp 30-06-2026","_fr_post_content":"<p>Flexadin Cat est un compl\u00e9ment alimentaire sp\u00e9cialement d\u00e9velopp\u00e9 pour les chats pour soutenir les articulations. Le dosage des croquettes Flexadin Chat est facile avec seulement 1 croquette par jour, quel que soit le poids du chat. Le paquet contient 60 morceaux \u00e0 croquer.<\/p>","_fr_post_name":"flexadin-chat-60-chews","_fr_post_excerpt":"","_fr_post_title":"Flexadin Chat | 60 chews | Exp 30-06-2026","_es_post_content":"<p>Flexadin Cat es un complemento alimenticio desarrollado espec\u00edficamente para gatos para apoyar las articulaciones. La dosificaci\u00f3n de los masticables para gatos Flexadin es f\u00e1cil, con solo 1 masticable al d\u00eda, independientemente del peso del gato. El paquete contiene 60 trozos masticables.<\/p>","_es_post_name":"flexadin-gato-60-chews","_es_post_excerpt":"","_es_post_title":"Flexadin Gato | 60 chews | Exp 30-06-2026","edit_language":"nl"},"product_brand":[],"product_cat":[1925,1874,1118,1871,1857],"product_tag":[],"class_list":{"0":"post-119746","1":"product","2":"type-product","3":"status-publish","4":"has-post-thumbnail","6":"product_cat-flexadin","7":"product_cat-gewrichten","8":"product_cat-katten","9":"product_cat-medicijnen-supplementen","10":"product_cat-merken","11":"pa_aandoening-gewrichten","12":"pa_doeldier-kat","13":"pa_fabricatieland-frankrijk","14":"pa_merkfilter-flexadin","15":"pa_merkgroep-vetoquinol","16":"pa_productsoort-voedingssupplement","17":"pa_toedieningswijze-kauwbrokjes","18":"pa_unit_pricing_base_measure-1ct","19":"pa_unit_pricing_measure-60ct","20":"pa_werkzamestof-overig","22":"first","23":"instock","24":"taxable","25":"shipping-taxable","26":"purchasable","27":"product-type-simple"},"yoast_head":"<!-- This site is optimized with the Yoast SEO plugin v27.5 - https:\/\/yoast.com\/product\/yoast-seo-wordpress\/ -->\n<title>Flexadin Cat | 60 chews | Exp 30-06-2026 - Pharmacy4pets<\/title>\n<meta name=\"robots\" content=\"index, follow, max-snippet:-1, max-image-preview:large, max-video-preview:-1\" \/>\n<link rel=\"canonical\" href=\"https:\/\/p4p-nl.bootmine.com\/flexadin-cat-60-chews\" \/>\n<meta property=\"og:locale\" content=\"nl_NL\" \/>\n<meta property=\"og:type\" content=\"article\" \/>\n<meta property=\"og:title\" content=\"Flexadin Cat | 60 chews | Exp 30-06-2026 - Pharmacy4pets\" \/>\n<meta property=\"og:description\" content=\"Flexadin Cat is een voedingssupplement specifiek ontwikkeld voor katten ter ondersteuning van de gewrichten. De dosering van de Flexadin Cat chews is gemakkelijk met slechts 1 kauwbrokje per dag ongeacht het gewicht van de kat. De verpakking bevat 60 kauwbrokjes.\" \/>\n<meta property=\"og:url\" content=\"https:\/\/p4p-nl.bootmine.com\/flexadin-cat-60-chews\" \/>\n<meta property=\"og:site_name\" content=\"Pharmacy4pets\" \/>\n<meta property=\"article:publisher\" content=\"https:\/\/www.facebook.com\/people\/Pharmacy4petsnl\/100063484989896\/\" \/>\n<meta property=\"article:modified_time\" content=\"2026-04-14T08:04:30+00:00\" \/>\n<meta property=\"og:image\" content=\"https:\/\/p4p-nl.bootmine.com\/wp-content\/uploads\/2023\/03\/25932_v2.jpg\" \/>\n\t<meta property=\"og:image:width\" content=\"520\" \/>\n\t<meta property=\"og:image:height\" content=\"520\" \/>\n\t<meta property=\"og:image:type\" content=\"image\/jpeg\" \/>\n<meta name=\"twitter:card\" content=\"summary_large_image\" \/>\n<script type=\"application\/ld+json\" class=\"yoast-schema-graph\">{\"@context\":\"https:\\\/\\\/schema.org\",\"@graph\":[{\"@type\":\"WebPage\",\"@id\":\"https:\\\/\\\/p4p-nl.bootmine.com\\\/flexadin-cat-60-chews\",\"url\":\"https:\\\/\\\/p4p-nl.bootmine.com\\\/flexadin-cat-60-chews\",\"name\":\"Flexadin Cat | 60 chews | Exp 30-06-2026 - Pharmacy4pets\",\"isPartOf\":{\"@id\":\"http:\\\/\\\/www.pharmacy4pets.nl\\\/#website\"},\"primaryImageOfPage\":{\"@id\":\"https:\\\/\\\/p4p-nl.bootmine.com\\\/flexadin-cat-60-chews#primaryimage\"},\"image\":{\"@id\":\"https:\\\/\\\/p4p-nl.bootmine.com\\\/flexadin-cat-60-chews#primaryimage\"},\"thumbnailUrl\":\"https:\\\/\\\/www.pharmacy4pets.nl\\\/wp-content\\\/uploads\\\/2023\\\/03\\\/25932_v2.jpg\",\"datePublished\":\"2023-03-10T12:17:25+00:00\",\"dateModified\":\"2026-04-14T08:04:30+00:00\",\"breadcrumb\":{\"@id\":\"https:\\\/\\\/p4p-nl.bootmine.com\\\/flexadin-cat-60-chews#breadcrumb\"},\"inLanguage\":\"nl-NL\",\"potentialAction\":[{\"@type\":\"ReadAction\",\"target\":[\"https:\\\/\\\/p4p-nl.bootmine.com\\\/flexadin-cat-60-chews\"]}]},{\"@type\":\"ImageObject\",\"inLanguage\":\"nl-NL\",\"@id\":\"https:\\\/\\\/p4p-nl.bootmine.com\\\/flexadin-cat-60-chews#primaryimage\",\"url\":\"https:\\\/\\\/www.pharmacy4pets.nl\\\/wp-content\\\/uploads\\\/2023\\\/03\\\/25932_v2.jpg\",\"contentUrl\":\"https:\\\/\\\/www.pharmacy4pets.nl\\\/wp-content\\\/uploads\\\/2023\\\/03\\\/25932_v2.jpg\",\"width\":520,\"height\":520,\"caption\":\"Flexadin Cat\"},{\"@type\":\"BreadcrumbList\",\"@id\":\"https:\\\/\\\/p4p-nl.bootmine.com\\\/flexadin-cat-60-chews#breadcrumb\",\"itemListElement\":[{\"@type\":\"ListItem\",\"position\":1,\"name\":\"Home\",\"item\":\"https:\\\/\\\/p4p-nl.bootmine.com\\\/\"},{\"@type\":\"ListItem\",\"position\":2,\"name\":\"Winkel\",\"item\":\"https:\\\/\\\/p4p-nl.bootmine.com\\\/winkel\"},{\"@type\":\"ListItem\",\"position\":3,\"name\":\"Flexadin Cat | 60 chews | Exp 30-06-2026\"}]},{\"@type\":\"WebSite\",\"@id\":\"http:\\\/\\\/www.pharmacy4pets.nl\\\/#website\",\"url\":\"http:\\\/\\\/www.pharmacy4pets.nl\\\/\",\"name\":\"Pharmacy4pets\",\"description\":\"Pharmacy4pets.nl is d\u00e9 online apotheek waar u terecht kunt voor alle diergeneesmiddelen, verzorgingsproducten en dieetvoeding voor uw huisdier.\",\"publisher\":{\"@id\":\"http:\\\/\\\/www.pharmacy4pets.nl\\\/#organization\"},\"potentialAction\":[{\"@type\":\"SearchAction\",\"target\":{\"@type\":\"EntryPoint\",\"urlTemplate\":\"http:\\\/\\\/www.pharmacy4pets.nl\\\/?s={search_term_string}\"},\"query-input\":{\"@type\":\"PropertyValueSpecification\",\"valueRequired\":true,\"valueName\":\"search_term_string\"}}],\"inLanguage\":\"nl-NL\"},{\"@type\":\"Organization\",\"@id\":\"http:\\\/\\\/www.pharmacy4pets.nl\\\/#organization\",\"name\":\"Pharmacy4pets\",\"url\":\"http:\\\/\\\/www.pharmacy4pets.nl\\\/\",\"logo\":{\"@type\":\"ImageObject\",\"inLanguage\":\"nl-NL\",\"@id\":\"http:\\\/\\\/www.pharmacy4pets.nl\\\/#\\\/schema\\\/logo\\\/image\\\/\",\"url\":\"https:\\\/\\\/p4p-nl.bootmine.com\\\/wp-content\\\/uploads\\\/2026\\\/03\\\/logo-pharmacy4pets.png\",\"contentUrl\":\"https:\\\/\\\/p4p-nl.bootmine.com\\\/wp-content\\\/uploads\\\/2026\\\/03\\\/logo-pharmacy4pets.png\",\"width\":1024,\"height\":135,\"caption\":\"Pharmacy4pets\"},\"image\":{\"@id\":\"http:\\\/\\\/www.pharmacy4pets.nl\\\/#\\\/schema\\\/logo\\\/image\\\/\"},\"sameAs\":[\"https:\\\/\\\/www.facebook.com\\\/people\\\/Pharmacy4petsnl\\\/100063484989896\\\/\",\"https:\\\/\\\/www.youtube.com\\\/channel\\\/UCGPTIgucgli03tP2_kvLkHg\\\/featured\",\"https:\\\/\\\/www.instagram.com\\\/pharmacy4pets.nl\"]}]}<\/script>\n<!-- \/ Yoast SEO plugin. -->","yoast_head_json":{"title":"Flexadin Cat | 60 chews | Exp 30-06-2026 - Pharmacy4pets","robots":{"index":"index","follow":"follow","max-snippet":"max-snippet:-1","max-image-preview":"max-image-preview:large","max-video-preview":"max-video-preview:-1"},"canonical":"https:\/\/p4p-nl.bootmine.com\/flexadin-cat-60-chews","og_locale":"nl_NL","og_type":"article","og_title":"Flexadin Cat | 60 chews | Exp 30-06-2026 - Pharmacy4pets","og_description":"Flexadin Cat is een voedingssupplement specifiek ontwikkeld voor katten ter ondersteuning van de gewrichten. De dosering van de Flexadin Cat chews is gemakkelijk met slechts 1 kauwbrokje per dag ongeacht het gewicht van de kat. De verpakking bevat 60 kauwbrokjes.","og_url":"https:\/\/p4p-nl.bootmine.com\/flexadin-cat-60-chews","og_site_name":"Pharmacy4pets","article_publisher":"https:\/\/www.facebook.com\/people\/Pharmacy4petsnl\/100063484989896\/","article_modified_time":"2026-04-14T08:04:30+00:00","og_image":[{"width":520,"height":520,"url":"https:\/\/p4p-nl.bootmine.com\/wp-content\/uploads\/2023\/03\/25932_v2.jpg","type":"image\/jpeg"}],"twitter_card":"summary_large_image","schema":{"@context":"https:\/\/schema.org","@graph":[{"@type":"WebPage","@id":"https:\/\/p4p-nl.bootmine.com\/flexadin-cat-60-chews","url":"https:\/\/p4p-nl.bootmine.com\/flexadin-cat-60-chews","name":"Flexadin Cat | 60 chews | Exp 30-06-2026 - Pharmacy4pets","isPartOf":{"@id":"http:\/\/www.pharmacy4pets.nl\/#website"},"primaryImageOfPage":{"@id":"https:\/\/p4p-nl.bootmine.com\/flexadin-cat-60-chews#primaryimage"},"image":{"@id":"https:\/\/p4p-nl.bootmine.com\/flexadin-cat-60-chews#primaryimage"},"thumbnailUrl":"https:\/\/www.pharmacy4pets.nl\/wp-content\/uploads\/2023\/03\/25932_v2.jpg","datePublished":"2023-03-10T12:17:25+00:00","dateModified":"2026-04-14T08:04:30+00:00","breadcrumb":{"@id":"https:\/\/p4p-nl.bootmine.com\/flexadin-cat-60-chews#breadcrumb"},"inLanguage":"nl-NL","potentialAction":[{"@type":"ReadAction","target":["https:\/\/p4p-nl.bootmine.com\/flexadin-cat-60-chews"]}]},{"@type":"ImageObject","inLanguage":"nl-NL","@id":"https:\/\/p4p-nl.bootmine.com\/flexadin-cat-60-chews#primaryimage","url":"https:\/\/www.pharmacy4pets.nl\/wp-content\/uploads\/2023\/03\/25932_v2.jpg","contentUrl":"https:\/\/www.pharmacy4pets.nl\/wp-content\/uploads\/2023\/03\/25932_v2.jpg","width":520,"height":520,"caption":"Flexadin Cat"},{"@type":"BreadcrumbList","@id":"https:\/\/p4p-nl.bootmine.com\/flexadin-cat-60-chews#breadcrumb","itemListElement":[{"@type":"ListItem","position":1,"name":"Home","item":"https:\/\/p4p-nl.bootmine.com\/"},{"@type":"ListItem","position":2,"name":"Winkel","item":"https:\/\/p4p-nl.bootmine.com\/winkel"},{"@type":"ListItem","position":3,"name":"Flexadin Cat | 60 chews | Exp 30-06-2026"}]},{"@type":"WebSite","@id":"http:\/\/www.pharmacy4pets.nl\/#website","url":"http:\/\/www.pharmacy4pets.nl\/","name":"Pharmacy4pets","description":"Pharmacy4pets.nl is d\u00e9 online apotheek waar u terecht kunt voor alle diergeneesmiddelen, verzorgingsproducten en dieetvoeding voor uw huisdier.","publisher":{"@id":"http:\/\/www.pharmacy4pets.nl\/#organization"},"potentialAction":[{"@type":"SearchAction","target":{"@type":"EntryPoint","urlTemplate":"http:\/\/www.pharmacy4pets.nl\/?s={search_term_string}"},"query-input":{"@type":"PropertyValueSpecification","valueRequired":true,"valueName":"search_term_string"}}],"inLanguage":"nl-NL"},{"@type":"Organization","@id":"http:\/\/www.pharmacy4pets.nl\/#organization","name":"Pharmacy4pets","url":"http:\/\/www.pharmacy4pets.nl\/","logo":{"@type":"ImageObject","inLanguage":"nl-NL","@id":"http:\/\/www.pharmacy4pets.nl\/#\/schema\/logo\/image\/","url":"https:\/\/p4p-nl.bootmine.com\/wp-content\/uploads\/2026\/03\/logo-pharmacy4pets.png","contentUrl":"https:\/\/p4p-nl.bootmine.com\/wp-content\/uploads\/2026\/03\/logo-pharmacy4pets.png","width":1024,"height":135,"caption":"Pharmacy4pets"},"image":{"@id":"http:\/\/www.pharmacy4pets.nl\/#\/schema\/logo\/image\/"},"sameAs":["https:\/\/www.facebook.com\/people\/Pharmacy4petsnl\/100063484989896\/","https:\/\/www.youtube.com\/channel\/UCGPTIgucgli03tP2_kvLkHg\/featured","https:\/\/www.instagram.com\/pharmacy4pets.nl"]}]}},"market_data":{"nl":{"price":0,"sale_price":0,"active":false,"url":null,"parent_url":"","tax_rate":0,"price_inc_tax":0,"sale_price_inc_tax":0},"de":{"price":0,"sale_price":0,"active":false,"url":null,"parent_url":"","tax_rate":0,"price_inc_tax":0,"sale_price_inc_tax":0},"be":{"price":0,"sale_price":0,"active":false,"url":null,"parent_url":"","tax_rate":0,"price_inc_tax":0,"sale_price_inc_tax":0},"fr":{"price":0,"sale_price":0,"active":false,"url":null,"parent_url":"","tax_rate":0,"price_inc_tax":0,"sale_price_inc_tax":0},"ch":{"price":0,"sale_price":0,"active":false,"url":null,"parent_url":"","tax_rate":0,"price_inc_tax":0,"sale_price_inc_tax":0},"at":{"price":0,"sale_price":0,"active":false,"url":null,"parent_url":"","tax_rate":0,"price_inc_tax":0,"sale_price_inc_tax":0},"es":{"price":0,"sale_price":0,"active":false,"url":null,"parent_url":"","tax_rate":0,"price_inc_tax":0,"sale_price_inc_tax":0},"dk":{"price":0,"sale_price":0,"active":false,"url":null,"parent_url":"","tax_rate":0,"price_inc_tax":0,"sale_price_inc_tax":0},"com":{"price":0,"sale_price":0,"active":false,"url":null,"parent_url":"","tax_rate":0,"price_inc_tax":0,"sale_price_inc_tax":0}},"market_nl_price":0,"market_nl_sale_price":0,"market_nl_active":false,"market_nl_url":null,"market_nl_parent_url":"","market_nl_tax_rate":0,"market_nl_price_inc_tax":0,"market_nl_sale_price_inc_tax":0,"market_de_price":0,"market_de_sale_price":0,"market_de_active":false,"market_de_url":null,"market_de_parent_url":"","market_de_tax_rate":0,"market_de_price_inc_tax":0,"market_de_sale_price_inc_tax":0,"market_be_price":0,"market_be_sale_price":0,"market_be_active":false,"market_be_url":null,"market_be_parent_url":"","market_be_tax_rate":0,"market_be_price_inc_tax":0,"market_be_sale_price_inc_tax":0,"market_fr_price":0,"market_fr_sale_price":0,"market_fr_active":false,"market_fr_url":null,"market_fr_parent_url":"","market_fr_tax_rate":0,"market_fr_price_inc_tax":0,"market_fr_sale_price_inc_tax":0,"market_ch_price":0,"market_ch_sale_price":0,"market_ch_active":false,"market_ch_url":null,"market_ch_parent_url":"","market_ch_tax_rate":0,"market_ch_price_inc_tax":0,"market_ch_sale_price_inc_tax":0,"market_at_price":0,"market_at_sale_price":0,"market_at_active":false,"market_at_url":null,"market_at_parent_url":"","market_at_tax_rate":0,"market_at_price_inc_tax":0,"market_at_sale_price_inc_tax":0,"market_es_price":0,"market_es_sale_price":0,"market_es_active":false,"market_es_url":null,"market_es_parent_url":"","market_es_tax_rate":0,"market_es_price_inc_tax":0,"market_es_sale_price_inc_tax":0,"market_dk_price":0,"market_dk_sale_price":0,"market_dk_active":false,"market_dk_url":null,"market_dk_parent_url":"","market_dk_tax_rate":0,"market_dk_price_inc_tax":0,"market_dk_sale_price_inc_tax":0,"market_com_price":0,"market_com_sale_price":0,"market_com_active":false,"market_com_url":null,"market_com_parent_url":"","market_com_tax_rate":0,"market_com_price_inc_tax":0,"market_com_sale_price_inc_tax":0,"acf":[],"_links":{"self":[{"href":"https:\/\/www.pharmacy4pets.nl\/be\/wp-json\/wp\/v2\/product\/119746","targetHints":{"allow":["GET"]}}],"collection":[{"href":"https:\/\/www.pharmacy4pets.nl\/be\/wp-json\/wp\/v2\/product"}],"about":[{"href":"https:\/\/www.pharmacy4pets.nl\/be\/wp-json\/wp\/v2\/types\/product"}],"replies":[{"embeddable":true,"href":"https:\/\/www.pharmacy4pets.nl\/be\/wp-json\/wp\/v2\/comments?post=119746"}],"wp:featuredmedia":[{"embeddable":true,"href":"https:\/\/www.pharmacy4pets.nl\/be\/wp-json\/wp\/v2\/media\/119745"}],"wp:attachment":[{"href":"https:\/\/www.pharmacy4pets.nl\/be\/wp-json\/wp\/v2\/media?parent=119746"}],"wp:term":[{"taxonomy":"product_brand","embeddable":true,"href":"https:\/\/www.pharmacy4pets.nl\/be\/wp-json\/wp\/v2\/product_brand?post=119746"},{"taxonomy":"product_cat","embeddable":true,"href":"https:\/\/www.pharmacy4pets.nl\/be\/wp-json\/wp\/v2\/product_cat?post=119746"},{"taxonomy":"product_tag","embeddable":true,"href":"https:\/\/www.pharmacy4pets.nl\/be\/wp-json\/wp\/v2\/product_tag?post=119746"}],"curies":[{"name":"wp","href":"https:\/\/api.w.org\/{rel}","templated":true}]}}