{"id":119738,"date":"2023-03-10T12:17:23","date_gmt":"2023-03-10T12:17:23","guid":{"rendered":"https:\/\/p4p.test\/feliway-help-navulling-3-cartridges-7-dagen"},"modified":"2026-04-14T08:04:29","modified_gmt":"2026-04-14T08:04:29","slug":"feliway-help-navulling-3-cartridges-7-dagen","status":"publish","type":"product","link":"https:\/\/www.pharmacy4pets.nl\/be\/feliway-help-navulling-3-cartridges-7-dagen","title":{"rendered":"Feliway Help! | Navulling 3 cartridges 7 dagen"},"content":{"rendered":"<p> Feliway Help! Bevat geruststellende feromonen die katten helpen zich veilig te voelen. Spanning of stress kan diverse effecten hebben op katten, dit kan zich uiten in bijvoorbeeld krabben op ongewenste plaatsen of verstoppen. <\/p>\n<p>  Feliway Help! is zeer geschikt om in tijdelijke stressvolle situaties de kat te ondersteunen. Denk hierbij aan een feestje of een weekendje weg. Elke cartridge van Feliway Help! gaat 7 dagen mee en is geschikt voor ruimtes tot 50m\u00b2.<\/p>\n","protected":false},"excerpt":{"rendered":"<p>Feliway Help! Bevat geruststellende feromonen die katten helpen zich veilig te voelen. Spanning of stress kan diverse effecten hebben op katten, dit kan zich uiten in bijvoorbeeld krabben op ongewenste plaatsen of verstoppen. Feliway Help! is zeer geschikt om in tijdelijke stressvolle situaties de kat te ondersteunen. Denk hierbij aan een feestje of een weekendje [&hellip;]<\/p>\n","protected":false},"featured_media":119737,"comment_status":"open","ping_status":"closed","template":"","meta":{"_acf_changed":false,"_nl_post_content":"<p> Feliway Help! Bevat geruststellende feromonen die katten helpen zich veilig te voelen. Spanning of stress kan diverse effecten hebben op katten, dit kan zich uiten in bijvoorbeeld krabben op ongewenste plaatsen of verstoppen. <\/p> <p>  Feliway Help! is zeer geschikt om in tijdelijke stressvolle situaties de kat te ondersteunen. Denk hierbij aan een feestje of een weekendje weg. Elke cartridge van Feliway Help! gaat 7 dagen mee en is geschikt voor ruimtes tot 50m\u00b2.<\/p>","_nl_post_name":"feliway-help-navulling-3-cartridges-7-dagen","_nl_post_excerpt":"","_nl_post_title":"Feliway Help! | Navulling 3 cartridges 7 dagen","_en_post_content":"<p> Feliway Help! Contains reassuring pheromones that help cats feel safe. Tension or stress can have various effects on cats, this can manifest itself in, for example, scratching in unwanted places or hiding. <\/p> <p> Feliway Help! is very suitable to support the cat in temporary stressful situations. Think of a party or a weekend away. Each cartridge from Feliway Help! lasts 7 days and is suitable for rooms up to 50m\u00b2.<\/p>","_en_post_name":"feliway-help-refill-3-cartridges-7-days","_en_post_excerpt":"","_en_post_title":"Feliway Help! | Refill 3 cartridges 7 days","_de_post_content":"<p> Feliway Hilfe! Enth\u00e4lt beruhigende Pheromone, die Katzen ein sicheres Gef\u00fchl geben. Anspannung oder Stress k\u00f6nnen unterschiedliche Auswirkungen auf Katzen haben, diese k\u00f6nnen sich beispielsweise im Kratzen an unerw\u00fcnschten Stellen oder im Verstecken \u00e4u\u00dfern. <\/p> <p> Feliway Hilfe! eignet sich sehr gut, um die Katze in vor\u00fcbergehenden Stresssituationen zu unterst\u00fctzen. Denken Sie an eine Party oder einen Wochenendausflug. Jede Patrone von Feliway Help! H\u00e4lt 7 Tage und ist f\u00fcr R\u00e4ume bis 50m\u00b2 geeignet.<\/p>","_de_post_name":"feliway-help-nachfullflakon-3-cartridges-7-tage","_de_post_excerpt":"","_de_post_title":"Feliway Help! | Nachf\u00fcllflakon 3 Cartridges 7 Tage ","_fr_post_content":"<p> Feliway Au secours ! Contient des ph\u00e9romones rassurantes qui aident les chats \u00e0 se sentir en s\u00e9curit\u00e9. La tension ou le stress peuvent avoir divers effets sur les chats, cela peut se manifester, par exemple, par des griffes dans des endroits ind\u00e9sirables ou par des cachettes. <\/p> <p> Feliway Au secours ! est tr\u00e8s appropri\u00e9 pour soutenir le chat dans des situations de stress temporaires. Pensez \u00e0 une f\u00eate ou \u00e0 un week-end. Chaque cartouche de Feliway Help! dure 7 jours et convient aux pi\u00e8ces jusqu'\u00e0 50 m\u00b2.<\/p>","_fr_post_name":"feliway-help-recharge-3-cartridges-7-jours","_fr_post_excerpt":"","_fr_post_title":"Feliway Help! | Recharge 3 cartridges 7 jours","_es_post_content":"<p> Feliway \u00a1Ayuda! Contiene feromonas tranquilizadoras que ayudan a los gatos a sentirse seguros. La tensi\u00f3n o el estr\u00e9s pueden tener diversos efectos en los gatos, esto puede manifestarse, por ejemplo, en rascarse en lugares no deseados o esconderse. <\/p> <p>\u00a1Ayuda Feliway! Es muy adecuado para apoyar al gato en situaciones temporales de estr\u00e9s. Piensa en una fiesta o en una escapada de fin de semana. Cada cartucho de Feliway \u00a1Ayuda! dura 7 d\u00edas y es adecuado para habitaciones de hasta 50m\u00b2.<\/p>","_es_post_name":"feliway-help-recambio-3-cartridges-7-dias","_es_post_excerpt":"","_es_post_title":"Feliway Help! | Recambio 3 cartridges 7 d\u00edas","edit_language":"nl"},"product_brand":[],"product_cat":[2001,1924,1118,1871,1857,1885],"product_tag":[],"class_list":{"0":"post-119738","1":"product","2":"type-product","3":"status-publish","4":"has-post-thumbnail","6":"product_cat-angst-stress","7":"product_cat-feliway","8":"product_cat-katten","9":"product_cat-medicijnen-supplementen","10":"product_cat-merken","11":"product_cat-zenuwstelsel","12":"pa_aandoening-gedrag","13":"pa_doeldier-kat","14":"pa_fabricatieland-frankrijk","15":"pa_merkfilter-feliway","16":"pa_merkgroep-ceva","17":"pa_productsoort-overig","18":"pa_toedieningswijze-verdamper","19":"pa_unit_pricing_base_measure-1ct","20":"pa_unit_pricing_measure-3ct","21":"pa_werkzamestof-overig","23":"first","24":"instock","25":"taxable","26":"shipping-taxable","27":"purchasable","28":"product-type-simple"},"yoast_head":"<!-- This site is optimized with the Yoast SEO plugin v27.5 - https:\/\/yoast.com\/product\/yoast-seo-wordpress\/ -->\n<title>Feliway Help! | Navulling 3 cartridges 7 dagen - Pharmacy4pets<\/title>\n<meta name=\"robots\" content=\"index, follow, max-snippet:-1, max-image-preview:large, max-video-preview:-1\" \/>\n<link rel=\"canonical\" href=\"https:\/\/p4p-nl.bootmine.com\/%product-slug%\/feliway-help-navulling-3-cartridges-7-dagen\" \/>\n<meta property=\"og:locale\" content=\"nl_NL\" \/>\n<meta property=\"og:type\" content=\"article\" \/>\n<meta property=\"og:title\" content=\"Feliway Help! | Navulling 3 cartridges 7 dagen - Pharmacy4pets\" \/>\n<meta property=\"og:description\" content=\"Feliway Help! Bevat geruststellende feromonen die katten helpen zich veilig te voelen. Spanning of stress kan diverse effecten hebben op katten, dit kan zich uiten in bijvoorbeeld krabben op ongewenste plaatsen of verstoppen. Feliway Help! is zeer geschikt om in tijdelijke stressvolle situaties de kat te ondersteunen. Denk hierbij aan een feestje of een weekendje [&hellip;]\" \/>\n<meta property=\"og:url\" content=\"https:\/\/p4p-nl.bootmine.com\/%product-slug%\/feliway-help-navulling-3-cartridges-7-dagen\" \/>\n<meta property=\"og:site_name\" content=\"Pharmacy4pets\" \/>\n<meta property=\"article:publisher\" content=\"https:\/\/www.facebook.com\/people\/Pharmacy4petsnl\/100063484989896\/\" \/>\n<meta property=\"article:modified_time\" content=\"2026-04-14T08:04:29+00:00\" \/>\n<meta property=\"og:image\" content=\"https:\/\/p4p-nl.bootmine.com\/wp-content\/uploads\/2023\/03\/25820.jpg\" \/>\n\t<meta property=\"og:image:width\" content=\"341\" \/>\n\t<meta property=\"og:image:height\" content=\"600\" \/>\n\t<meta property=\"og:image:type\" content=\"image\/jpeg\" \/>\n<meta name=\"twitter:card\" content=\"summary_large_image\" \/>\n<script type=\"application\/ld+json\" class=\"yoast-schema-graph\">{\"@context\":\"https:\\\/\\\/schema.org\",\"@graph\":[{\"@type\":\"WebPage\",\"@id\":\"https:\\\/\\\/p4p-nl.bootmine.com\\\/%product-slug%\\\/feliway-help-navulling-3-cartridges-7-dagen\",\"url\":\"https:\\\/\\\/p4p-nl.bootmine.com\\\/%product-slug%\\\/feliway-help-navulling-3-cartridges-7-dagen\",\"name\":\"Feliway Help! | Navulling 3 cartridges 7 dagen - Pharmacy4pets\",\"isPartOf\":{\"@id\":\"http:\\\/\\\/www.pharmacy4pets.nl\\\/#website\"},\"primaryImageOfPage\":{\"@id\":\"https:\\\/\\\/p4p-nl.bootmine.com\\\/%product-slug%\\\/feliway-help-navulling-3-cartridges-7-dagen#primaryimage\"},\"image\":{\"@id\":\"https:\\\/\\\/p4p-nl.bootmine.com\\\/%product-slug%\\\/feliway-help-navulling-3-cartridges-7-dagen#primaryimage\"},\"thumbnailUrl\":\"https:\\\/\\\/www.pharmacy4pets.nl\\\/wp-content\\\/uploads\\\/2023\\\/03\\\/25820.jpg\",\"datePublished\":\"2023-03-10T12:17:23+00:00\",\"dateModified\":\"2026-04-14T08:04:29+00:00\",\"breadcrumb\":{\"@id\":\"https:\\\/\\\/p4p-nl.bootmine.com\\\/%product-slug%\\\/feliway-help-navulling-3-cartridges-7-dagen#breadcrumb\"},\"inLanguage\":\"nl-NL\",\"potentialAction\":[{\"@type\":\"ReadAction\",\"target\":[\"https:\\\/\\\/p4p-nl.bootmine.com\\\/%product-slug%\\\/feliway-help-navulling-3-cartridges-7-dagen\"]}]},{\"@type\":\"ImageObject\",\"inLanguage\":\"nl-NL\",\"@id\":\"https:\\\/\\\/p4p-nl.bootmine.com\\\/%product-slug%\\\/feliway-help-navulling-3-cartridges-7-dagen#primaryimage\",\"url\":\"https:\\\/\\\/www.pharmacy4pets.nl\\\/wp-content\\\/uploads\\\/2023\\\/03\\\/25820.jpg\",\"contentUrl\":\"https:\\\/\\\/www.pharmacy4pets.nl\\\/wp-content\\\/uploads\\\/2023\\\/03\\\/25820.jpg\",\"width\":341,\"height\":600,\"caption\":\"Feliway Help\"},{\"@type\":\"BreadcrumbList\",\"@id\":\"https:\\\/\\\/p4p-nl.bootmine.com\\\/%product-slug%\\\/feliway-help-navulling-3-cartridges-7-dagen#breadcrumb\",\"itemListElement\":[{\"@type\":\"ListItem\",\"position\":1,\"name\":\"Home\",\"item\":\"https:\\\/\\\/p4p-nl.bootmine.com\\\/\"},{\"@type\":\"ListItem\",\"position\":2,\"name\":\"Winkel\",\"item\":\"https:\\\/\\\/p4p-nl.bootmine.com\\\/winkel\"},{\"@type\":\"ListItem\",\"position\":3,\"name\":\"Feliway Help! | Navulling 3 cartridges 7 dagen\"}]},{\"@type\":\"WebSite\",\"@id\":\"http:\\\/\\\/www.pharmacy4pets.nl\\\/#website\",\"url\":\"http:\\\/\\\/www.pharmacy4pets.nl\\\/\",\"name\":\"Pharmacy4pets\",\"description\":\"Pharmacy4pets.nl is d\u00e9 online apotheek waar u terecht kunt voor alle diergeneesmiddelen, verzorgingsproducten en dieetvoeding voor uw huisdier.\",\"publisher\":{\"@id\":\"http:\\\/\\\/www.pharmacy4pets.nl\\\/#organization\"},\"potentialAction\":[{\"@type\":\"SearchAction\",\"target\":{\"@type\":\"EntryPoint\",\"urlTemplate\":\"http:\\\/\\\/www.pharmacy4pets.nl\\\/?s={search_term_string}\"},\"query-input\":{\"@type\":\"PropertyValueSpecification\",\"valueRequired\":true,\"valueName\":\"search_term_string\"}}],\"inLanguage\":\"nl-NL\"},{\"@type\":\"Organization\",\"@id\":\"http:\\\/\\\/www.pharmacy4pets.nl\\\/#organization\",\"name\":\"Pharmacy4pets\",\"url\":\"http:\\\/\\\/www.pharmacy4pets.nl\\\/\",\"logo\":{\"@type\":\"ImageObject\",\"inLanguage\":\"nl-NL\",\"@id\":\"http:\\\/\\\/www.pharmacy4pets.nl\\\/#\\\/schema\\\/logo\\\/image\\\/\",\"url\":\"https:\\\/\\\/p4p-nl.bootmine.com\\\/wp-content\\\/uploads\\\/2026\\\/03\\\/logo-pharmacy4pets.png\",\"contentUrl\":\"https:\\\/\\\/p4p-nl.bootmine.com\\\/wp-content\\\/uploads\\\/2026\\\/03\\\/logo-pharmacy4pets.png\",\"width\":1024,\"height\":135,\"caption\":\"Pharmacy4pets\"},\"image\":{\"@id\":\"http:\\\/\\\/www.pharmacy4pets.nl\\\/#\\\/schema\\\/logo\\\/image\\\/\"},\"sameAs\":[\"https:\\\/\\\/www.facebook.com\\\/people\\\/Pharmacy4petsnl\\\/100063484989896\\\/\",\"https:\\\/\\\/www.youtube.com\\\/channel\\\/UCGPTIgucgli03tP2_kvLkHg\\\/featured\",\"https:\\\/\\\/www.instagram.com\\\/pharmacy4pets.nl\"]}]}<\/script>\n<!-- \/ Yoast SEO plugin. -->","yoast_head_json":{"title":"Feliway Help! | Navulling 3 cartridges 7 dagen - Pharmacy4pets","robots":{"index":"index","follow":"follow","max-snippet":"max-snippet:-1","max-image-preview":"max-image-preview:large","max-video-preview":"max-video-preview:-1"},"canonical":"https:\/\/p4p-nl.bootmine.com\/%product-slug%\/feliway-help-navulling-3-cartridges-7-dagen","og_locale":"nl_NL","og_type":"article","og_title":"Feliway Help! | Navulling 3 cartridges 7 dagen - Pharmacy4pets","og_description":"Feliway Help! Bevat geruststellende feromonen die katten helpen zich veilig te voelen. Spanning of stress kan diverse effecten hebben op katten, dit kan zich uiten in bijvoorbeeld krabben op ongewenste plaatsen of verstoppen. Feliway Help! is zeer geschikt om in tijdelijke stressvolle situaties de kat te ondersteunen. Denk hierbij aan een feestje of een weekendje [&hellip;]","og_url":"https:\/\/p4p-nl.bootmine.com\/%product-slug%\/feliway-help-navulling-3-cartridges-7-dagen","og_site_name":"Pharmacy4pets","article_publisher":"https:\/\/www.facebook.com\/people\/Pharmacy4petsnl\/100063484989896\/","article_modified_time":"2026-04-14T08:04:29+00:00","og_image":[{"width":341,"height":600,"url":"https:\/\/p4p-nl.bootmine.com\/wp-content\/uploads\/2023\/03\/25820.jpg","type":"image\/jpeg"}],"twitter_card":"summary_large_image","schema":{"@context":"https:\/\/schema.org","@graph":[{"@type":"WebPage","@id":"https:\/\/p4p-nl.bootmine.com\/%product-slug%\/feliway-help-navulling-3-cartridges-7-dagen","url":"https:\/\/p4p-nl.bootmine.com\/%product-slug%\/feliway-help-navulling-3-cartridges-7-dagen","name":"Feliway Help! | Navulling 3 cartridges 7 dagen - Pharmacy4pets","isPartOf":{"@id":"http:\/\/www.pharmacy4pets.nl\/#website"},"primaryImageOfPage":{"@id":"https:\/\/p4p-nl.bootmine.com\/%product-slug%\/feliway-help-navulling-3-cartridges-7-dagen#primaryimage"},"image":{"@id":"https:\/\/p4p-nl.bootmine.com\/%product-slug%\/feliway-help-navulling-3-cartridges-7-dagen#primaryimage"},"thumbnailUrl":"https:\/\/www.pharmacy4pets.nl\/wp-content\/uploads\/2023\/03\/25820.jpg","datePublished":"2023-03-10T12:17:23+00:00","dateModified":"2026-04-14T08:04:29+00:00","breadcrumb":{"@id":"https:\/\/p4p-nl.bootmine.com\/%product-slug%\/feliway-help-navulling-3-cartridges-7-dagen#breadcrumb"},"inLanguage":"nl-NL","potentialAction":[{"@type":"ReadAction","target":["https:\/\/p4p-nl.bootmine.com\/%product-slug%\/feliway-help-navulling-3-cartridges-7-dagen"]}]},{"@type":"ImageObject","inLanguage":"nl-NL","@id":"https:\/\/p4p-nl.bootmine.com\/%product-slug%\/feliway-help-navulling-3-cartridges-7-dagen#primaryimage","url":"https:\/\/www.pharmacy4pets.nl\/wp-content\/uploads\/2023\/03\/25820.jpg","contentUrl":"https:\/\/www.pharmacy4pets.nl\/wp-content\/uploads\/2023\/03\/25820.jpg","width":341,"height":600,"caption":"Feliway Help"},{"@type":"BreadcrumbList","@id":"https:\/\/p4p-nl.bootmine.com\/%product-slug%\/feliway-help-navulling-3-cartridges-7-dagen#breadcrumb","itemListElement":[{"@type":"ListItem","position":1,"name":"Home","item":"https:\/\/p4p-nl.bootmine.com\/"},{"@type":"ListItem","position":2,"name":"Winkel","item":"https:\/\/p4p-nl.bootmine.com\/winkel"},{"@type":"ListItem","position":3,"name":"Feliway Help! | Navulling 3 cartridges 7 dagen"}]},{"@type":"WebSite","@id":"http:\/\/www.pharmacy4pets.nl\/#website","url":"http:\/\/www.pharmacy4pets.nl\/","name":"Pharmacy4pets","description":"Pharmacy4pets.nl is d\u00e9 online apotheek waar u terecht kunt voor alle diergeneesmiddelen, verzorgingsproducten en dieetvoeding voor uw huisdier.","publisher":{"@id":"http:\/\/www.pharmacy4pets.nl\/#organization"},"potentialAction":[{"@type":"SearchAction","target":{"@type":"EntryPoint","urlTemplate":"http:\/\/www.pharmacy4pets.nl\/?s={search_term_string}"},"query-input":{"@type":"PropertyValueSpecification","valueRequired":true,"valueName":"search_term_string"}}],"inLanguage":"nl-NL"},{"@type":"Organization","@id":"http:\/\/www.pharmacy4pets.nl\/#organization","name":"Pharmacy4pets","url":"http:\/\/www.pharmacy4pets.nl\/","logo":{"@type":"ImageObject","inLanguage":"nl-NL","@id":"http:\/\/www.pharmacy4pets.nl\/#\/schema\/logo\/image\/","url":"https:\/\/p4p-nl.bootmine.com\/wp-content\/uploads\/2026\/03\/logo-pharmacy4pets.png","contentUrl":"https:\/\/p4p-nl.bootmine.com\/wp-content\/uploads\/2026\/03\/logo-pharmacy4pets.png","width":1024,"height":135,"caption":"Pharmacy4pets"},"image":{"@id":"http:\/\/www.pharmacy4pets.nl\/#\/schema\/logo\/image\/"},"sameAs":["https:\/\/www.facebook.com\/people\/Pharmacy4petsnl\/100063484989896\/","https:\/\/www.youtube.com\/channel\/UCGPTIgucgli03tP2_kvLkHg\/featured","https:\/\/www.instagram.com\/pharmacy4pets.nl"]}]}},"market_data":{"nl":{"price":0,"sale_price":0,"active":false,"url":null,"parent_url":"","tax_rate":0,"price_inc_tax":0,"sale_price_inc_tax":0},"de":{"price":0,"sale_price":0,"active":false,"url":null,"parent_url":"","tax_rate":0,"price_inc_tax":0,"sale_price_inc_tax":0},"be":{"price":0,"sale_price":0,"active":false,"url":null,"parent_url":"","tax_rate":0,"price_inc_tax":0,"sale_price_inc_tax":0},"fr":{"price":0,"sale_price":0,"active":false,"url":null,"parent_url":"","tax_rate":0,"price_inc_tax":0,"sale_price_inc_tax":0},"ch":{"price":0,"sale_price":0,"active":false,"url":null,"parent_url":"","tax_rate":0,"price_inc_tax":0,"sale_price_inc_tax":0},"at":{"price":0,"sale_price":0,"active":false,"url":null,"parent_url":"","tax_rate":0,"price_inc_tax":0,"sale_price_inc_tax":0},"es":{"price":0,"sale_price":0,"active":false,"url":null,"parent_url":"","tax_rate":0,"price_inc_tax":0,"sale_price_inc_tax":0},"dk":{"price":0,"sale_price":0,"active":false,"url":null,"parent_url":"","tax_rate":0,"price_inc_tax":0,"sale_price_inc_tax":0},"com":{"price":0,"sale_price":0,"active":false,"url":null,"parent_url":"","tax_rate":0,"price_inc_tax":0,"sale_price_inc_tax":0}},"market_nl_price":0,"market_nl_sale_price":0,"market_nl_active":false,"market_nl_url":null,"market_nl_parent_url":"","market_nl_tax_rate":0,"market_nl_price_inc_tax":0,"market_nl_sale_price_inc_tax":0,"market_de_price":0,"market_de_sale_price":0,"market_de_active":false,"market_de_url":null,"market_de_parent_url":"","market_de_tax_rate":0,"market_de_price_inc_tax":0,"market_de_sale_price_inc_tax":0,"market_be_price":0,"market_be_sale_price":0,"market_be_active":false,"market_be_url":null,"market_be_parent_url":"","market_be_tax_rate":0,"market_be_price_inc_tax":0,"market_be_sale_price_inc_tax":0,"market_fr_price":0,"market_fr_sale_price":0,"market_fr_active":false,"market_fr_url":null,"market_fr_parent_url":"","market_fr_tax_rate":0,"market_fr_price_inc_tax":0,"market_fr_sale_price_inc_tax":0,"market_ch_price":0,"market_ch_sale_price":0,"market_ch_active":false,"market_ch_url":null,"market_ch_parent_url":"","market_ch_tax_rate":0,"market_ch_price_inc_tax":0,"market_ch_sale_price_inc_tax":0,"market_at_price":0,"market_at_sale_price":0,"market_at_active":false,"market_at_url":null,"market_at_parent_url":"","market_at_tax_rate":0,"market_at_price_inc_tax":0,"market_at_sale_price_inc_tax":0,"market_es_price":0,"market_es_sale_price":0,"market_es_active":false,"market_es_url":null,"market_es_parent_url":"","market_es_tax_rate":0,"market_es_price_inc_tax":0,"market_es_sale_price_inc_tax":0,"market_dk_price":0,"market_dk_sale_price":0,"market_dk_active":false,"market_dk_url":null,"market_dk_parent_url":"","market_dk_tax_rate":0,"market_dk_price_inc_tax":0,"market_dk_sale_price_inc_tax":0,"market_com_price":0,"market_com_sale_price":0,"market_com_active":false,"market_com_url":null,"market_com_parent_url":"","market_com_tax_rate":0,"market_com_price_inc_tax":0,"market_com_sale_price_inc_tax":0,"acf":[],"_links":{"self":[{"href":"https:\/\/www.pharmacy4pets.nl\/be\/wp-json\/wp\/v2\/product\/119738","targetHints":{"allow":["GET"]}}],"collection":[{"href":"https:\/\/www.pharmacy4pets.nl\/be\/wp-json\/wp\/v2\/product"}],"about":[{"href":"https:\/\/www.pharmacy4pets.nl\/be\/wp-json\/wp\/v2\/types\/product"}],"replies":[{"embeddable":true,"href":"https:\/\/www.pharmacy4pets.nl\/be\/wp-json\/wp\/v2\/comments?post=119738"}],"wp:featuredmedia":[{"embeddable":true,"href":"https:\/\/www.pharmacy4pets.nl\/be\/wp-json\/wp\/v2\/media\/119737"}],"wp:attachment":[{"href":"https:\/\/www.pharmacy4pets.nl\/be\/wp-json\/wp\/v2\/media?parent=119738"}],"wp:term":[{"taxonomy":"product_brand","embeddable":true,"href":"https:\/\/www.pharmacy4pets.nl\/be\/wp-json\/wp\/v2\/product_brand?post=119738"},{"taxonomy":"product_cat","embeddable":true,"href":"https:\/\/www.pharmacy4pets.nl\/be\/wp-json\/wp\/v2\/product_cat?post=119738"},{"taxonomy":"product_tag","embeddable":true,"href":"https:\/\/www.pharmacy4pets.nl\/be\/wp-json\/wp\/v2\/product_tag?post=119738"}],"curies":[{"name":"wp","href":"https:\/\/api.w.org\/{rel}","templated":true}]}}