{"id":119727,"date":"2023-03-10T12:17:21","date_gmt":"2023-03-10T12:17:21","guid":{"rendered":"https:\/\/p4p.test\/douxo-s3-calm-pads-30-stuks"},"modified":"2026-05-01T21:38:21","modified_gmt":"2026-05-01T19:38:21","slug":"douxo-s3-calm-pads-30-stuks","status":"publish","type":"product","link":"https:\/\/www.pharmacy4pets.nl\/be\/douxo-s3-calm-pads-30-stuks","title":{"rendered":"Douxo S3 Calm Pads | 30 stuks"},"content":{"rendered":"<p>Douxo S3 Calm Pads zijn katoenen wattenschijfjes doordrenkt met ophytrium en chloorhexidine, waarmee de huid gereinigd kan worden. Ideaal voor de hygi\u00ebne van kleine wondjes waar u niet gemakkelijk bij kunt. De pads kunnen gebruikt worden bij honden, katten en knaagdieren.<\/p>\n","protected":false},"excerpt":{"rendered":"<p>Douxo S3 Calm Pads zijn katoenen wattenschijfjes doordrenkt met ophytrium en chloorhexidine, waarmee de huid gereinigd kan worden. Ideaal voor de hygi\u00ebne van kleine wondjes waar u niet gemakkelijk bij kunt. De pads kunnen gebruikt worden bij honden, katten en knaagdieren.<\/p>\n","protected":false},"featured_media":119726,"comment_status":"open","ping_status":"closed","template":"","meta":{"_acf_changed":false,"_nl_post_content":"<p>Douxo S3 Calm Pads zijn katoenen wattenschijfjes doordrenkt met ophytrium en chloorhexidine, waarmee de huid gereinigd kan worden. Ideaal voor de hygi\u00ebne van kleine wondjes waar u niet gemakkelijk bij kunt. De pads kunnen gebruikt worden bij honden, katten en knaagdieren.<\/p> ","_nl_post_name":"douxo-s3-calm-pads-30-stuks","_nl_post_excerpt":"","_nl_post_title":"Douxo S3 Calm Pads | 30 stuks","_en_post_content":"<p>Douxo S3 Calm Pads are cotton pads soaked in ophytrium and chlorhexidine, which can be used to cleanse the skin. Ideal for the hygiene of small wounds that you cannot easily reach. The pads can be used on dogs, cats and rodents.<\/p>","_en_post_name":"douxo-s3-calm-pads-30-pieces","_en_post_excerpt":"","_en_post_title":"Douxo S3 Calm Pads | 30 pieces","_de_post_content":"<p>Douxo S3 Calm Pads sind mit Ophytrium und Chlorhexidin getr\u00e4nkte Wattepads, die zur Reinigung der Haut verwendet werden k\u00f6nnen. Ideal f\u00fcr die Hygiene kleiner Wunden, die Sie nicht leicht erreichen k\u00f6nnen. Die Pads k\u00f6nnen bei Hunden, Katzen und Nagetieren verwendet werden.<\/p>","_de_post_name":"douxo-s3-calm-pads-30-stuck","_de_post_excerpt":"","_de_post_title":"Douxo S3 Calm Pads | 30 St\u00fcck","_fr_post_content":"<p>Douxo S3 Calm Pads sont des cotons imbib\u00e9s d'ophytrium et de chlorhexidine, qui peuvent \u00eatre utilis\u00e9s pour nettoyer la peau. Id\u00e9al pour l\u2019hygi\u00e8ne des petites plaies difficilement accessibles. Les coussinets peuvent \u00eatre utilis\u00e9s sur les chiens, les chats et les rongeurs.<\/p>","_fr_post_name":"douxo-s3-calm-pads-30-pieces","_fr_post_excerpt":"","_fr_post_title":"Douxo S3 Calm Pads | 30 pi\u00e8ces","_es_post_content":"<p>Douxo S3 Calm Pads son discos de algod\u00f3n empapados en ophytrium y clorhexidina, que se pueden utilizar para limpiar la piel. Ideal para la higiene de peque\u00f1as heridas a las que no se puede llegar f\u00e1cilmente. Las almohadillas se pueden utilizar en perros, gatos y roedores.<\/p>","_es_post_name":"douxo-s3-calm-pads-30-piezas","_es_post_excerpt":"","_es_post_title":"Douxo S3 Calm Pads | 30 piezas","edit_language":"nl"},"product_brand":[],"product_cat":[1891,1861,1914,1117,1845,1876,1118,1839,1871,1857,1863,1893],"product_tag":[],"class_list":{"0":"post-119727","1":"product","2":"type-product","3":"status-publish","4":"has-post-thumbnail","6":"product_cat-benodigdheden","8":"product_cat-douxo","9":"product_cat-honden","10":"product_cat-huid-vacht","12":"product_cat-katten","13":"product_cat-medicijnen-supplementen","15":"product_cat-merken","16":"product_cat-verzorging","18":"pa_aandoening-huid_vacht","19":"pa_doeldier-hond","20":"pa_doeldier-kat","21":"pa_fabricatieland-frankrijk","22":"pa_merkfilter-douxo","23":"pa_merkgroep-ceva","24":"pa_productsoort-overig","25":"pa_toedieningswijze-pads","26":"pa_unit_pricing_base_measure-1ct","27":"pa_unit_pricing_measure-30ct","28":"pa_werkzamestof-overig","30":"first","31":"instock","32":"taxable","33":"shipping-taxable","34":"purchasable","35":"product-type-simple"},"yoast_head":"<!-- This site is optimized with the Yoast SEO plugin v27.5 - https:\/\/yoast.com\/product\/yoast-seo-wordpress\/ -->\n<title>Douxo S3 Calm Pads | 30 stuks - Pharmacy4pets<\/title>\n<meta name=\"robots\" content=\"index, follow, max-snippet:-1, max-image-preview:large, max-video-preview:-1\" \/>\n<link rel=\"canonical\" href=\"https:\/\/www.pharmacy4pets.nl\/douxo-s3-calm-pads-30-stuks\" \/>\n<meta property=\"og:locale\" content=\"nl_NL\" \/>\n<meta property=\"og:type\" content=\"article\" \/>\n<meta property=\"og:title\" content=\"Douxo S3 Calm Pads | 30 stuks - Pharmacy4pets\" \/>\n<meta property=\"og:description\" content=\"Douxo S3 Calm Pads zijn katoenen wattenschijfjes doordrenkt met ophytrium en chloorhexidine, waarmee de huid gereinigd kan worden. Ideaal voor de hygi\u00ebne van kleine wondjes waar u niet gemakkelijk bij kunt. De pads kunnen gebruikt worden bij honden, katten en knaagdieren.\" \/>\n<meta property=\"og:url\" content=\"https:\/\/www.pharmacy4pets.nl\/douxo-s3-calm-pads-30-stuks\" \/>\n<meta property=\"og:site_name\" content=\"Pharmacy4pets\" \/>\n<meta property=\"article:publisher\" content=\"https:\/\/www.facebook.com\/people\/Pharmacy4petsnl\/100063484989896\/\" \/>\n<meta property=\"article:modified_time\" content=\"2026-05-01T19:38:21+00:00\" \/>\n<meta property=\"og:image\" content=\"https:\/\/www.pharmacy4pets.nl\/wp-content\/uploads\/2023\/03\/douxo-s3-calm-pads-30-stuks.png\" \/>\n\t<meta property=\"og:image:width\" content=\"923\" \/>\n\t<meta property=\"og:image:height\" content=\"1000\" \/>\n\t<meta property=\"og:image:type\" content=\"image\/png\" \/>\n<meta name=\"twitter:card\" content=\"summary_large_image\" \/>\n<script type=\"application\/ld+json\" class=\"yoast-schema-graph\">{\"@context\":\"https:\\\/\\\/schema.org\",\"@graph\":[{\"@type\":\"WebPage\",\"@id\":\"https:\\\/\\\/www.pharmacy4pets.nl\\\/douxo-s3-calm-pads-30-stuks\",\"url\":\"https:\\\/\\\/www.pharmacy4pets.nl\\\/douxo-s3-calm-pads-30-stuks\",\"name\":\"Douxo S3 Calm Pads | 30 stuks - Pharmacy4pets\",\"isPartOf\":{\"@id\":\"http:\\\/\\\/www.pharmacy4pets.nl\\\/#website\"},\"primaryImageOfPage\":{\"@id\":\"https:\\\/\\\/www.pharmacy4pets.nl\\\/douxo-s3-calm-pads-30-stuks#primaryimage\"},\"image\":{\"@id\":\"https:\\\/\\\/www.pharmacy4pets.nl\\\/douxo-s3-calm-pads-30-stuks#primaryimage\"},\"thumbnailUrl\":\"https:\\\/\\\/www.pharmacy4pets.nl\\\/wp-content\\\/uploads\\\/2023\\\/03\\\/douxo-s3-calm-pads-30-stuks.png\",\"datePublished\":\"2023-03-10T12:17:21+00:00\",\"dateModified\":\"2026-05-01T19:38:21+00:00\",\"breadcrumb\":{\"@id\":\"https:\\\/\\\/www.pharmacy4pets.nl\\\/douxo-s3-calm-pads-30-stuks#breadcrumb\"},\"inLanguage\":\"nl-NL\",\"potentialAction\":[{\"@type\":\"ReadAction\",\"target\":[\"https:\\\/\\\/www.pharmacy4pets.nl\\\/douxo-s3-calm-pads-30-stuks\"]}]},{\"@type\":\"ImageObject\",\"inLanguage\":\"nl-NL\",\"@id\":\"https:\\\/\\\/www.pharmacy4pets.nl\\\/douxo-s3-calm-pads-30-stuks#primaryimage\",\"url\":\"https:\\\/\\\/www.pharmacy4pets.nl\\\/wp-content\\\/uploads\\\/2023\\\/03\\\/douxo-s3-calm-pads-30-stuks.png\",\"contentUrl\":\"https:\\\/\\\/www.pharmacy4pets.nl\\\/wp-content\\\/uploads\\\/2023\\\/03\\\/douxo-s3-calm-pads-30-stuks.png\",\"width\":923,\"height\":1000,\"caption\":\"Douxo S3 Calm\"},{\"@type\":\"BreadcrumbList\",\"@id\":\"https:\\\/\\\/www.pharmacy4pets.nl\\\/douxo-s3-calm-pads-30-stuks#breadcrumb\",\"itemListElement\":[{\"@type\":\"ListItem\",\"position\":1,\"name\":\"Home\",\"item\":\"https:\\\/\\\/p4p-nl.bootmine.com\\\/\"},{\"@type\":\"ListItem\",\"position\":2,\"name\":\"Winkel\",\"item\":\"https:\\\/\\\/p4p-nl.bootmine.com\\\/winkel\"},{\"@type\":\"ListItem\",\"position\":3,\"name\":\"Douxo S3 Calm Pads | 30 stuks\"}]},{\"@type\":\"WebSite\",\"@id\":\"http:\\\/\\\/www.pharmacy4pets.nl\\\/#website\",\"url\":\"http:\\\/\\\/www.pharmacy4pets.nl\\\/\",\"name\":\"Pharmacy4pets\",\"description\":\"Pharmacy4pets.nl is d\u00e9 online apotheek waar u terecht kunt voor alle diergeneesmiddelen, verzorgingsproducten en dieetvoeding voor uw huisdier.\",\"publisher\":{\"@id\":\"http:\\\/\\\/www.pharmacy4pets.nl\\\/#organization\"},\"potentialAction\":[{\"@type\":\"SearchAction\",\"target\":{\"@type\":\"EntryPoint\",\"urlTemplate\":\"http:\\\/\\\/www.pharmacy4pets.nl\\\/?s={search_term_string}\"},\"query-input\":{\"@type\":\"PropertyValueSpecification\",\"valueRequired\":true,\"valueName\":\"search_term_string\"}}],\"inLanguage\":\"nl-NL\"},{\"@type\":\"Organization\",\"@id\":\"http:\\\/\\\/www.pharmacy4pets.nl\\\/#organization\",\"name\":\"Pharmacy4pets\",\"url\":\"http:\\\/\\\/www.pharmacy4pets.nl\\\/\",\"logo\":{\"@type\":\"ImageObject\",\"inLanguage\":\"nl-NL\",\"@id\":\"http:\\\/\\\/www.pharmacy4pets.nl\\\/#\\\/schema\\\/logo\\\/image\\\/\",\"url\":\"https:\\\/\\\/p4p-nl.bootmine.com\\\/wp-content\\\/uploads\\\/2026\\\/03\\\/logo-pharmacy4pets.png\",\"contentUrl\":\"https:\\\/\\\/p4p-nl.bootmine.com\\\/wp-content\\\/uploads\\\/2026\\\/03\\\/logo-pharmacy4pets.png\",\"width\":1024,\"height\":135,\"caption\":\"Pharmacy4pets\"},\"image\":{\"@id\":\"http:\\\/\\\/www.pharmacy4pets.nl\\\/#\\\/schema\\\/logo\\\/image\\\/\"},\"sameAs\":[\"https:\\\/\\\/www.facebook.com\\\/people\\\/Pharmacy4petsnl\\\/100063484989896\\\/\",\"https:\\\/\\\/www.youtube.com\\\/channel\\\/UCGPTIgucgli03tP2_kvLkHg\\\/featured\",\"https:\\\/\\\/www.instagram.com\\\/pharmacy4pets.nl\"]}]}<\/script>\n<!-- \/ Yoast SEO plugin. -->","yoast_head_json":{"title":"Douxo S3 Calm Pads | 30 stuks - Pharmacy4pets","robots":{"index":"index","follow":"follow","max-snippet":"max-snippet:-1","max-image-preview":"max-image-preview:large","max-video-preview":"max-video-preview:-1"},"canonical":"https:\/\/www.pharmacy4pets.nl\/douxo-s3-calm-pads-30-stuks","og_locale":"nl_NL","og_type":"article","og_title":"Douxo S3 Calm Pads | 30 stuks - Pharmacy4pets","og_description":"Douxo S3 Calm Pads zijn katoenen wattenschijfjes doordrenkt met ophytrium en chloorhexidine, waarmee de huid gereinigd kan worden. Ideaal voor de hygi\u00ebne van kleine wondjes waar u niet gemakkelijk bij kunt. De pads kunnen gebruikt worden bij honden, katten en knaagdieren.","og_url":"https:\/\/www.pharmacy4pets.nl\/douxo-s3-calm-pads-30-stuks","og_site_name":"Pharmacy4pets","article_publisher":"https:\/\/www.facebook.com\/people\/Pharmacy4petsnl\/100063484989896\/","article_modified_time":"2026-05-01T19:38:21+00:00","og_image":[{"width":923,"height":1000,"url":"https:\/\/www.pharmacy4pets.nl\/wp-content\/uploads\/2023\/03\/douxo-s3-calm-pads-30-stuks.png","type":"image\/png"}],"twitter_card":"summary_large_image","schema":{"@context":"https:\/\/schema.org","@graph":[{"@type":"WebPage","@id":"https:\/\/www.pharmacy4pets.nl\/douxo-s3-calm-pads-30-stuks","url":"https:\/\/www.pharmacy4pets.nl\/douxo-s3-calm-pads-30-stuks","name":"Douxo S3 Calm Pads | 30 stuks - Pharmacy4pets","isPartOf":{"@id":"http:\/\/www.pharmacy4pets.nl\/#website"},"primaryImageOfPage":{"@id":"https:\/\/www.pharmacy4pets.nl\/douxo-s3-calm-pads-30-stuks#primaryimage"},"image":{"@id":"https:\/\/www.pharmacy4pets.nl\/douxo-s3-calm-pads-30-stuks#primaryimage"},"thumbnailUrl":"https:\/\/www.pharmacy4pets.nl\/wp-content\/uploads\/2023\/03\/douxo-s3-calm-pads-30-stuks.png","datePublished":"2023-03-10T12:17:21+00:00","dateModified":"2026-05-01T19:38:21+00:00","breadcrumb":{"@id":"https:\/\/www.pharmacy4pets.nl\/douxo-s3-calm-pads-30-stuks#breadcrumb"},"inLanguage":"nl-NL","potentialAction":[{"@type":"ReadAction","target":["https:\/\/www.pharmacy4pets.nl\/douxo-s3-calm-pads-30-stuks"]}]},{"@type":"ImageObject","inLanguage":"nl-NL","@id":"https:\/\/www.pharmacy4pets.nl\/douxo-s3-calm-pads-30-stuks#primaryimage","url":"https:\/\/www.pharmacy4pets.nl\/wp-content\/uploads\/2023\/03\/douxo-s3-calm-pads-30-stuks.png","contentUrl":"https:\/\/www.pharmacy4pets.nl\/wp-content\/uploads\/2023\/03\/douxo-s3-calm-pads-30-stuks.png","width":923,"height":1000,"caption":"Douxo S3 Calm"},{"@type":"BreadcrumbList","@id":"https:\/\/www.pharmacy4pets.nl\/douxo-s3-calm-pads-30-stuks#breadcrumb","itemListElement":[{"@type":"ListItem","position":1,"name":"Home","item":"https:\/\/p4p-nl.bootmine.com\/"},{"@type":"ListItem","position":2,"name":"Winkel","item":"https:\/\/p4p-nl.bootmine.com\/winkel"},{"@type":"ListItem","position":3,"name":"Douxo S3 Calm Pads | 30 stuks"}]},{"@type":"WebSite","@id":"http:\/\/www.pharmacy4pets.nl\/#website","url":"http:\/\/www.pharmacy4pets.nl\/","name":"Pharmacy4pets","description":"Pharmacy4pets.nl is d\u00e9 online apotheek waar u terecht kunt voor alle diergeneesmiddelen, verzorgingsproducten en dieetvoeding voor uw huisdier.","publisher":{"@id":"http:\/\/www.pharmacy4pets.nl\/#organization"},"potentialAction":[{"@type":"SearchAction","target":{"@type":"EntryPoint","urlTemplate":"http:\/\/www.pharmacy4pets.nl\/?s={search_term_string}"},"query-input":{"@type":"PropertyValueSpecification","valueRequired":true,"valueName":"search_term_string"}}],"inLanguage":"nl-NL"},{"@type":"Organization","@id":"http:\/\/www.pharmacy4pets.nl\/#organization","name":"Pharmacy4pets","url":"http:\/\/www.pharmacy4pets.nl\/","logo":{"@type":"ImageObject","inLanguage":"nl-NL","@id":"http:\/\/www.pharmacy4pets.nl\/#\/schema\/logo\/image\/","url":"https:\/\/p4p-nl.bootmine.com\/wp-content\/uploads\/2026\/03\/logo-pharmacy4pets.png","contentUrl":"https:\/\/p4p-nl.bootmine.com\/wp-content\/uploads\/2026\/03\/logo-pharmacy4pets.png","width":1024,"height":135,"caption":"Pharmacy4pets"},"image":{"@id":"http:\/\/www.pharmacy4pets.nl\/#\/schema\/logo\/image\/"},"sameAs":["https:\/\/www.facebook.com\/people\/Pharmacy4petsnl\/100063484989896\/","https:\/\/www.youtube.com\/channel\/UCGPTIgucgli03tP2_kvLkHg\/featured","https:\/\/www.instagram.com\/pharmacy4pets.nl"]}]}},"market_data":{"nl":{"price":0,"sale_price":0,"active":false,"url":null,"parent_url":"","tax_rate":0,"price_inc_tax":0,"sale_price_inc_tax":0},"de":{"price":0,"sale_price":0,"active":false,"url":null,"parent_url":"","tax_rate":0,"price_inc_tax":0,"sale_price_inc_tax":0},"be":{"price":0,"sale_price":0,"active":false,"url":null,"parent_url":"","tax_rate":0,"price_inc_tax":0,"sale_price_inc_tax":0},"fr":{"price":0,"sale_price":0,"active":false,"url":null,"parent_url":"","tax_rate":0,"price_inc_tax":0,"sale_price_inc_tax":0},"ch":{"price":0,"sale_price":0,"active":false,"url":null,"parent_url":"","tax_rate":0,"price_inc_tax":0,"sale_price_inc_tax":0},"at":{"price":0,"sale_price":0,"active":false,"url":null,"parent_url":"","tax_rate":0,"price_inc_tax":0,"sale_price_inc_tax":0},"es":{"price":0,"sale_price":0,"active":false,"url":null,"parent_url":"","tax_rate":0,"price_inc_tax":0,"sale_price_inc_tax":0},"dk":{"price":0,"sale_price":0,"active":false,"url":null,"parent_url":"","tax_rate":0,"price_inc_tax":0,"sale_price_inc_tax":0},"com":{"price":0,"sale_price":0,"active":false,"url":null,"parent_url":"","tax_rate":0,"price_inc_tax":0,"sale_price_inc_tax":0}},"market_nl_price":0,"market_nl_sale_price":0,"market_nl_active":false,"market_nl_url":null,"market_nl_parent_url":"","market_nl_tax_rate":0,"market_nl_price_inc_tax":0,"market_nl_sale_price_inc_tax":0,"market_de_price":0,"market_de_sale_price":0,"market_de_active":false,"market_de_url":null,"market_de_parent_url":"","market_de_tax_rate":0,"market_de_price_inc_tax":0,"market_de_sale_price_inc_tax":0,"market_be_price":0,"market_be_sale_price":0,"market_be_active":false,"market_be_url":null,"market_be_parent_url":"","market_be_tax_rate":0,"market_be_price_inc_tax":0,"market_be_sale_price_inc_tax":0,"market_fr_price":0,"market_fr_sale_price":0,"market_fr_active":false,"market_fr_url":null,"market_fr_parent_url":"","market_fr_tax_rate":0,"market_fr_price_inc_tax":0,"market_fr_sale_price_inc_tax":0,"market_ch_price":0,"market_ch_sale_price":0,"market_ch_active":false,"market_ch_url":null,"market_ch_parent_url":"","market_ch_tax_rate":0,"market_ch_price_inc_tax":0,"market_ch_sale_price_inc_tax":0,"market_at_price":0,"market_at_sale_price":0,"market_at_active":false,"market_at_url":null,"market_at_parent_url":"","market_at_tax_rate":0,"market_at_price_inc_tax":0,"market_at_sale_price_inc_tax":0,"market_es_price":0,"market_es_sale_price":0,"market_es_active":false,"market_es_url":null,"market_es_parent_url":"","market_es_tax_rate":0,"market_es_price_inc_tax":0,"market_es_sale_price_inc_tax":0,"market_dk_price":0,"market_dk_sale_price":0,"market_dk_active":false,"market_dk_url":null,"market_dk_parent_url":"","market_dk_tax_rate":0,"market_dk_price_inc_tax":0,"market_dk_sale_price_inc_tax":0,"market_com_price":0,"market_com_sale_price":0,"market_com_active":false,"market_com_url":null,"market_com_parent_url":"","market_com_tax_rate":0,"market_com_price_inc_tax":0,"market_com_sale_price_inc_tax":0,"acf":[],"_links":{"self":[{"href":"https:\/\/www.pharmacy4pets.nl\/be\/wp-json\/wp\/v2\/product\/119727","targetHints":{"allow":["GET"]}}],"collection":[{"href":"https:\/\/www.pharmacy4pets.nl\/be\/wp-json\/wp\/v2\/product"}],"about":[{"href":"https:\/\/www.pharmacy4pets.nl\/be\/wp-json\/wp\/v2\/types\/product"}],"replies":[{"embeddable":true,"href":"https:\/\/www.pharmacy4pets.nl\/be\/wp-json\/wp\/v2\/comments?post=119727"}],"wp:featuredmedia":[{"embeddable":true,"href":"https:\/\/www.pharmacy4pets.nl\/be\/wp-json\/wp\/v2\/media\/119726"}],"wp:attachment":[{"href":"https:\/\/www.pharmacy4pets.nl\/be\/wp-json\/wp\/v2\/media?parent=119727"}],"wp:term":[{"taxonomy":"product_brand","embeddable":true,"href":"https:\/\/www.pharmacy4pets.nl\/be\/wp-json\/wp\/v2\/product_brand?post=119727"},{"taxonomy":"product_cat","embeddable":true,"href":"https:\/\/www.pharmacy4pets.nl\/be\/wp-json\/wp\/v2\/product_cat?post=119727"},{"taxonomy":"product_tag","embeddable":true,"href":"https:\/\/www.pharmacy4pets.nl\/be\/wp-json\/wp\/v2\/product_tag?post=119727"}],"curies":[{"name":"wp","href":"https:\/\/api.w.org\/{rel}","templated":true}]}}