{"id":119715,"date":"2023-03-10T12:17:18","date_gmt":"2023-03-10T12:17:18","guid":{"rendered":"https:\/\/p4p.test\/cleanaural-hond"},"modified":"2026-03-25T12:02:59","modified_gmt":"2026-03-25T12:02:59","slug":"cleanaural-hond","status":"publish","type":"product","link":"https:\/\/www.pharmacy4pets.nl\/be\/cleanaural-hond","title":{"rendered":"CleanAural Hond"},"content":{"rendered":"<p>CleanAural is een gemakkelijk te gebruiken oorreiniger voor honden, ontwikkeld om\u00a0om overtollig oorsmeer en vuil effectief te verwijderen. De unieke formule bevat geen alcohol om de gevoelige huid in de oren van uw hond te beschermen en te verzachten. CleanAural is het geschikt voor alle hondenrassen en leeftijden en kan worden gebruikt als onderdeel van uw reguliere verzorgingsroutine.<\/p>\n<p>Door CleanAural regelmatig te gebruiken, kunt u ervoor zorgen dat de oren van uw hond schoon en gezond blijven. Dit kan helpen bij het voorkomen van onaangename geuren, oorinfecties en andere problemen die kunnen ontstaan door ophoping van vuil en bacteri\u00ebn in de oren.<\/p>\n","protected":false},"excerpt":{"rendered":"<p>CleanAural is een gemakkelijk te gebruiken oorreiniger voor honden, ontwikkeld om\u00a0om overtollig oorsmeer en vuil effectief te verwijderen. De unieke formule bevat geen alcohol om de gevoelige huid in de oren van uw hond te beschermen en te verzachten. CleanAural is het geschikt voor alle hondenrassen en leeftijden en kan worden gebruikt als onderdeel van [&hellip;]<\/p>\n","protected":false},"featured_media":119712,"comment_status":"open","ping_status":"closed","template":"","meta":{"_acf_changed":false,"_nl_post_content":"<p>CleanAural is een gemakkelijk te gebruiken oorreiniger voor honden, ontwikkeld om\u00a0om overtollig oorsmeer en vuil effectief te verwijderen. De unieke formule bevat geen alcohol om de gevoelige huid in de oren van uw hond te beschermen en te verzachten. CleanAural is het geschikt voor alle hondenrassen en leeftijden en kan worden gebruikt als onderdeel van uw reguliere verzorgingsroutine.<\/p>\n<p>Door CleanAural regelmatig te gebruiken, kunt u ervoor zorgen dat de oren van uw hond schoon en gezond blijven. Dit kan helpen bij het voorkomen van onaangename geuren, oorinfecties en andere problemen die kunnen ontstaan door ophoping van vuil en bacteri\u00ebn in de oren.<\/p>","_nl_post_name":"cleanaural-hond","_nl_post_excerpt":"","_nl_post_title":"CleanAural Hond","_en_post_content":"<p>CleanAural is an easy-to-use ear cleaner for dogs, developed to effectively remove excess wax and dirt. The unique formula contains no alcohol to protect and soothe the sensitive skin in your dog's ears. CleanAural it is suitable for all dog breeds and ages and can be used as part of your regular grooming routine.<\/p>\n<p>By using CleanAural regularly, you can ensure that your dog's ears stay clean and healthy. This can help prevent unpleasant odours, ear infections and other problems that can arise from accumulation of dirt and bacteria in the ears.<\/p>","_en_post_name":"CleanAural-Dog","_en_post_excerpt":"","_en_post_title":"CleanAural Dog","_de_post_content":"<p>CleanAural ist ein einfach anzuwendendes Ohrreinigungsmittel f\u00fcr Hunde, das entwickelt wurde, um \u00fcbersch\u00fcssiges Ohrenschmalz und Schmutz effektiv zu entfernen. Die einzigartige Formel enth\u00e4lt keinen Alkohol zum Schutz und zur Beruhigung der empfindlichen Haut in den Ohren Ihres Hundes. CleanAural ist f\u00fcr alle Hunderassen und jedes Alter geeignet und kann als Teil Ihrer regelm\u00e4\u00dfigen Pflegeroutine verwendet werden.<\/p>\n<p>Durch die regelm\u00e4\u00dfige Anwendung von CleanAural k\u00f6nnen Sie sicherstellen, dass die Ohren Ihres Hundes sauber und gesund bleiben. Dies kann dazu beitragen, unangenehme Ger\u00fcche, Ohrinfektionen und andere Probleme zu vermeiden, die durch die Ansammlung von Schmutz und Bakterien in den Ohren entstehen k\u00f6nnen.<\/p>","_de_post_name":"CleanAural-Hund","_de_post_excerpt":"","_de_post_title":"CleanAural Hund","_fr_post_content":"<p>CleanAural est un nettoyant auriculaire facile \u00e0 utiliser pour les chiens, con\u00e7u pour \u00e9liminer efficacement l'exc\u00e8s de c\u00e9rumen et la salet\u00e9. Sa formule unique ne contient pas d'alcool afin de prot\u00e9ger et d'apaiser la peau sensible des oreilles de votre chien. CleanAural convient \u00e0 toutes les races de chiens et \u00e0 tous les \u00e2ges, et peut \u00eatre utilis\u00e9 dans le cadre de votre routine de toilettage.<\/p>\n<p>En utilisant CleanAural r\u00e9guli\u00e8rement, vous pouvez vous assurer que les oreilles de votre chien restent propres et saines. Vous \u00e9viterez ainsi les mauvaises odeurs, les otites et autres probl\u00e8mes li\u00e9s \u00e0 l'accumulation de salet\u00e9s et de bact\u00e9ries dans les oreilles.<\/p>","_fr_post_name":"CleanAural-Chien","_fr_post_excerpt":"","_fr_post_title":"CleanAural Chien","_es_post_content":"<p>CleanAural es un limpiador de o\u00eddos para perros f\u00e1cil de usar, desarrollado para eliminar eficazmente el exceso de cera y suciedad. Su f\u00f3rmula exclusiva no contiene alcohol para proteger y aliviar la piel sensible de los o\u00eddos de su perro. CleanAural es adecuado para todas las razas y edades de perros y puede utilizarse como parte de la rutina habitual de aseo.<\/p>\n<p>Si utiliza CleanAural con regularidad, se asegurar\u00e1 de que los o\u00eddos de su perro se mantengan limpios y sanos. Esto puede ayudar a prevenir olores desagradables, infecciones de o\u00eddo y otros problemas que pueden surgir por la acumulaci\u00f3n de suciedad y bacterias en los o\u00eddos.<\/p>","_es_post_name":"CleanAural-Perro","_es_post_excerpt":"","_es_post_title":"CleanAural Perro","edit_language":"nl"},"product_brand":[],"product_cat":[1973,1861,1911,1117,1845,1839,1857,1851,1863],"product_tag":[],"class_list":{"0":"post-119715","1":"product","2":"type-product","3":"status-publish","4":"has-post-thumbnail","6":"product_cat-atopie","7":"product_cat-benodigdheden","8":"product_cat-cleanaural","9":"product_cat-honden","10":"product_cat-huid-vacht","11":"product_cat-medicijnen-supplementen","12":"product_cat-merken","13":"product_cat-oren","14":"product_cat-verzorging","15":"pa_aandoening-ogen_oren","16":"pa_doeldier-hond","17":"pa_fabricatieland-nederland","18":"pa_merkfilter-cleanaural","19":"pa_merkgroep-dechra","20":"pa_productsoort-overig","21":"pa_seo_canonical_store_id-not_found_value","22":"pa_seo_category-not_found_value","23":"pa_seo_meta_robots-not_found_value","24":"pa_toedieningswijze-oorreiniger","25":"pa_werkzamestof-overig","27":"first","28":"instock","29":"taxable","30":"shipping-taxable","31":"product-type-grouped"},"yoast_head":"<!-- This site is optimized with the Yoast SEO plugin v27.5 - https:\/\/yoast.com\/product\/yoast-seo-wordpress\/ -->\n<title>CleanAural Hond - Pharmacy4pets<\/title>\n<meta name=\"robots\" content=\"index, follow, max-snippet:-1, max-image-preview:large, max-video-preview:-1\" \/>\n<link rel=\"canonical\" href=\"https:\/\/www.pharmacy4pets.nl\/cleanaural-hond\" \/>\n<meta property=\"og:locale\" content=\"nl_NL\" \/>\n<meta property=\"og:type\" content=\"article\" \/>\n<meta property=\"og:title\" content=\"CleanAural Hond - Pharmacy4pets\" \/>\n<meta property=\"og:description\" content=\"CleanAural is een gemakkelijk te gebruiken oorreiniger voor honden, ontwikkeld om\u00a0om overtollig oorsmeer en vuil effectief te verwijderen. De unieke formule bevat geen alcohol om de gevoelige huid in de oren van uw hond te beschermen en te verzachten. CleanAural is het geschikt voor alle hondenrassen en leeftijden en kan worden gebruikt als onderdeel van [&hellip;]\" \/>\n<meta property=\"og:url\" content=\"https:\/\/www.pharmacy4pets.nl\/cleanaural-hond\" \/>\n<meta property=\"og:site_name\" content=\"Pharmacy4pets\" \/>\n<meta property=\"article:publisher\" content=\"https:\/\/www.facebook.com\/people\/Pharmacy4petsnl\/100063484989896\/\" \/>\n<meta property=\"article:modified_time\" content=\"2026-03-25T12:02:59+00:00\" \/>\n<meta property=\"og:image\" content=\"https:\/\/www.pharmacy4pets.nl\/wp-content\/uploads\/2023\/03\/cleanaural.jpg\" \/>\n\t<meta property=\"og:image:width\" content=\"600\" \/>\n\t<meta property=\"og:image:height\" content=\"600\" \/>\n\t<meta property=\"og:image:type\" content=\"image\/jpeg\" \/>\n<meta name=\"twitter:card\" content=\"summary_large_image\" \/>\n<meta name=\"twitter:label1\" content=\"Geschatte leestijd\" \/>\n\t<meta name=\"twitter:data1\" content=\"1 minuut\" \/>\n<script type=\"application\/ld+json\" class=\"yoast-schema-graph\">{\"@context\":\"https:\\\/\\\/schema.org\",\"@graph\":[{\"@type\":\"WebPage\",\"@id\":\"https:\\\/\\\/www.pharmacy4pets.nl\\\/cleanaural-hond\",\"url\":\"https:\\\/\\\/www.pharmacy4pets.nl\\\/cleanaural-hond\",\"name\":\"CleanAural Hond - Pharmacy4pets\",\"isPartOf\":{\"@id\":\"http:\\\/\\\/www.pharmacy4pets.nl\\\/#website\"},\"primaryImageOfPage\":{\"@id\":\"https:\\\/\\\/www.pharmacy4pets.nl\\\/cleanaural-hond#primaryimage\"},\"image\":{\"@id\":\"https:\\\/\\\/www.pharmacy4pets.nl\\\/cleanaural-hond#primaryimage\"},\"thumbnailUrl\":\"https:\\\/\\\/www.pharmacy4pets.nl\\\/wp-content\\\/uploads\\\/2023\\\/03\\\/cleanaural.jpg\",\"datePublished\":\"2023-03-10T12:17:18+00:00\",\"dateModified\":\"2026-03-25T12:02:59+00:00\",\"breadcrumb\":{\"@id\":\"https:\\\/\\\/www.pharmacy4pets.nl\\\/cleanaural-hond#breadcrumb\"},\"inLanguage\":\"nl-NL\",\"potentialAction\":[{\"@type\":\"ReadAction\",\"target\":[\"https:\\\/\\\/www.pharmacy4pets.nl\\\/cleanaural-hond\"]}]},{\"@type\":\"ImageObject\",\"inLanguage\":\"nl-NL\",\"@id\":\"https:\\\/\\\/www.pharmacy4pets.nl\\\/cleanaural-hond#primaryimage\",\"url\":\"https:\\\/\\\/www.pharmacy4pets.nl\\\/wp-content\\\/uploads\\\/2023\\\/03\\\/cleanaural.jpg\",\"contentUrl\":\"https:\\\/\\\/www.pharmacy4pets.nl\\\/wp-content\\\/uploads\\\/2023\\\/03\\\/cleanaural.jpg\",\"width\":600,\"height\":600,\"caption\":\"CleanAural\"},{\"@type\":\"BreadcrumbList\",\"@id\":\"https:\\\/\\\/www.pharmacy4pets.nl\\\/cleanaural-hond#breadcrumb\",\"itemListElement\":[{\"@type\":\"ListItem\",\"position\":1,\"name\":\"Home\",\"item\":\"https:\\\/\\\/p4p-nl.bootmine.com\\\/\"},{\"@type\":\"ListItem\",\"position\":2,\"name\":\"Winkel\",\"item\":\"https:\\\/\\\/p4p-nl.bootmine.com\\\/winkel\"},{\"@type\":\"ListItem\",\"position\":3,\"name\":\"CleanAural Hond\"}]},{\"@type\":\"WebSite\",\"@id\":\"http:\\\/\\\/www.pharmacy4pets.nl\\\/#website\",\"url\":\"http:\\\/\\\/www.pharmacy4pets.nl\\\/\",\"name\":\"Pharmacy4pets\",\"description\":\"Pharmacy4pets.nl is d\u00e9 online apotheek waar u terecht kunt voor alle diergeneesmiddelen, verzorgingsproducten en dieetvoeding voor uw huisdier.\",\"publisher\":{\"@id\":\"http:\\\/\\\/www.pharmacy4pets.nl\\\/#organization\"},\"potentialAction\":[{\"@type\":\"SearchAction\",\"target\":{\"@type\":\"EntryPoint\",\"urlTemplate\":\"http:\\\/\\\/www.pharmacy4pets.nl\\\/?s={search_term_string}\"},\"query-input\":{\"@type\":\"PropertyValueSpecification\",\"valueRequired\":true,\"valueName\":\"search_term_string\"}}],\"inLanguage\":\"nl-NL\"},{\"@type\":\"Organization\",\"@id\":\"http:\\\/\\\/www.pharmacy4pets.nl\\\/#organization\",\"name\":\"Pharmacy4pets\",\"url\":\"http:\\\/\\\/www.pharmacy4pets.nl\\\/\",\"logo\":{\"@type\":\"ImageObject\",\"inLanguage\":\"nl-NL\",\"@id\":\"http:\\\/\\\/www.pharmacy4pets.nl\\\/#\\\/schema\\\/logo\\\/image\\\/\",\"url\":\"https:\\\/\\\/p4p-nl.bootmine.com\\\/wp-content\\\/uploads\\\/2026\\\/03\\\/logo-pharmacy4pets.png\",\"contentUrl\":\"https:\\\/\\\/p4p-nl.bootmine.com\\\/wp-content\\\/uploads\\\/2026\\\/03\\\/logo-pharmacy4pets.png\",\"width\":1024,\"height\":135,\"caption\":\"Pharmacy4pets\"},\"image\":{\"@id\":\"http:\\\/\\\/www.pharmacy4pets.nl\\\/#\\\/schema\\\/logo\\\/image\\\/\"},\"sameAs\":[\"https:\\\/\\\/www.facebook.com\\\/people\\\/Pharmacy4petsnl\\\/100063484989896\\\/\",\"https:\\\/\\\/www.youtube.com\\\/channel\\\/UCGPTIgucgli03tP2_kvLkHg\\\/featured\",\"https:\\\/\\\/www.instagram.com\\\/pharmacy4pets.nl\"]}]}<\/script>\n<!-- \/ Yoast SEO plugin. -->","yoast_head_json":{"title":"CleanAural Hond - Pharmacy4pets","robots":{"index":"index","follow":"follow","max-snippet":"max-snippet:-1","max-image-preview":"max-image-preview:large","max-video-preview":"max-video-preview:-1"},"canonical":"https:\/\/www.pharmacy4pets.nl\/cleanaural-hond","og_locale":"nl_NL","og_type":"article","og_title":"CleanAural Hond - Pharmacy4pets","og_description":"CleanAural is een gemakkelijk te gebruiken oorreiniger voor honden, ontwikkeld om\u00a0om overtollig oorsmeer en vuil effectief te verwijderen. De unieke formule bevat geen alcohol om de gevoelige huid in de oren van uw hond te beschermen en te verzachten. CleanAural is het geschikt voor alle hondenrassen en leeftijden en kan worden gebruikt als onderdeel van [&hellip;]","og_url":"https:\/\/www.pharmacy4pets.nl\/cleanaural-hond","og_site_name":"Pharmacy4pets","article_publisher":"https:\/\/www.facebook.com\/people\/Pharmacy4petsnl\/100063484989896\/","article_modified_time":"2026-03-25T12:02:59+00:00","og_image":[{"width":600,"height":600,"url":"https:\/\/www.pharmacy4pets.nl\/wp-content\/uploads\/2023\/03\/cleanaural.jpg","type":"image\/jpeg"}],"twitter_card":"summary_large_image","twitter_misc":{"Geschatte leestijd":"1 minuut"},"schema":{"@context":"https:\/\/schema.org","@graph":[{"@type":"WebPage","@id":"https:\/\/www.pharmacy4pets.nl\/cleanaural-hond","url":"https:\/\/www.pharmacy4pets.nl\/cleanaural-hond","name":"CleanAural Hond - Pharmacy4pets","isPartOf":{"@id":"http:\/\/www.pharmacy4pets.nl\/#website"},"primaryImageOfPage":{"@id":"https:\/\/www.pharmacy4pets.nl\/cleanaural-hond#primaryimage"},"image":{"@id":"https:\/\/www.pharmacy4pets.nl\/cleanaural-hond#primaryimage"},"thumbnailUrl":"https:\/\/www.pharmacy4pets.nl\/wp-content\/uploads\/2023\/03\/cleanaural.jpg","datePublished":"2023-03-10T12:17:18+00:00","dateModified":"2026-03-25T12:02:59+00:00","breadcrumb":{"@id":"https:\/\/www.pharmacy4pets.nl\/cleanaural-hond#breadcrumb"},"inLanguage":"nl-NL","potentialAction":[{"@type":"ReadAction","target":["https:\/\/www.pharmacy4pets.nl\/cleanaural-hond"]}]},{"@type":"ImageObject","inLanguage":"nl-NL","@id":"https:\/\/www.pharmacy4pets.nl\/cleanaural-hond#primaryimage","url":"https:\/\/www.pharmacy4pets.nl\/wp-content\/uploads\/2023\/03\/cleanaural.jpg","contentUrl":"https:\/\/www.pharmacy4pets.nl\/wp-content\/uploads\/2023\/03\/cleanaural.jpg","width":600,"height":600,"caption":"CleanAural"},{"@type":"BreadcrumbList","@id":"https:\/\/www.pharmacy4pets.nl\/cleanaural-hond#breadcrumb","itemListElement":[{"@type":"ListItem","position":1,"name":"Home","item":"https:\/\/p4p-nl.bootmine.com\/"},{"@type":"ListItem","position":2,"name":"Winkel","item":"https:\/\/p4p-nl.bootmine.com\/winkel"},{"@type":"ListItem","position":3,"name":"CleanAural Hond"}]},{"@type":"WebSite","@id":"http:\/\/www.pharmacy4pets.nl\/#website","url":"http:\/\/www.pharmacy4pets.nl\/","name":"Pharmacy4pets","description":"Pharmacy4pets.nl is d\u00e9 online apotheek waar u terecht kunt voor alle diergeneesmiddelen, verzorgingsproducten en dieetvoeding voor uw huisdier.","publisher":{"@id":"http:\/\/www.pharmacy4pets.nl\/#organization"},"potentialAction":[{"@type":"SearchAction","target":{"@type":"EntryPoint","urlTemplate":"http:\/\/www.pharmacy4pets.nl\/?s={search_term_string}"},"query-input":{"@type":"PropertyValueSpecification","valueRequired":true,"valueName":"search_term_string"}}],"inLanguage":"nl-NL"},{"@type":"Organization","@id":"http:\/\/www.pharmacy4pets.nl\/#organization","name":"Pharmacy4pets","url":"http:\/\/www.pharmacy4pets.nl\/","logo":{"@type":"ImageObject","inLanguage":"nl-NL","@id":"http:\/\/www.pharmacy4pets.nl\/#\/schema\/logo\/image\/","url":"https:\/\/p4p-nl.bootmine.com\/wp-content\/uploads\/2026\/03\/logo-pharmacy4pets.png","contentUrl":"https:\/\/p4p-nl.bootmine.com\/wp-content\/uploads\/2026\/03\/logo-pharmacy4pets.png","width":1024,"height":135,"caption":"Pharmacy4pets"},"image":{"@id":"http:\/\/www.pharmacy4pets.nl\/#\/schema\/logo\/image\/"},"sameAs":["https:\/\/www.facebook.com\/people\/Pharmacy4petsnl\/100063484989896\/","https:\/\/www.youtube.com\/channel\/UCGPTIgucgli03tP2_kvLkHg\/featured","https:\/\/www.instagram.com\/pharmacy4pets.nl"]}]}},"market_data":{"nl":{"price":0,"sale_price":0,"active":false,"url":null,"parent_url":"","tax_rate":0,"price_inc_tax":0,"sale_price_inc_tax":0},"de":{"price":0,"sale_price":0,"active":false,"url":null,"parent_url":"","tax_rate":0,"price_inc_tax":0,"sale_price_inc_tax":0},"be":{"price":0,"sale_price":0,"active":false,"url":null,"parent_url":"","tax_rate":0,"price_inc_tax":0,"sale_price_inc_tax":0},"fr":{"price":0,"sale_price":0,"active":false,"url":null,"parent_url":"","tax_rate":0,"price_inc_tax":0,"sale_price_inc_tax":0},"ch":{"price":0,"sale_price":0,"active":false,"url":null,"parent_url":"","tax_rate":0,"price_inc_tax":0,"sale_price_inc_tax":0},"at":{"price":0,"sale_price":0,"active":false,"url":null,"parent_url":"","tax_rate":0,"price_inc_tax":0,"sale_price_inc_tax":0},"es":{"price":0,"sale_price":0,"active":false,"url":null,"parent_url":"","tax_rate":0,"price_inc_tax":0,"sale_price_inc_tax":0},"dk":{"price":0,"sale_price":0,"active":false,"url":null,"parent_url":"","tax_rate":0,"price_inc_tax":0,"sale_price_inc_tax":0},"com":{"price":0,"sale_price":0,"active":false,"url":null,"parent_url":"","tax_rate":0,"price_inc_tax":0,"sale_price_inc_tax":0}},"market_nl_price":0,"market_nl_sale_price":0,"market_nl_active":false,"market_nl_url":null,"market_nl_parent_url":"","market_nl_tax_rate":0,"market_nl_price_inc_tax":0,"market_nl_sale_price_inc_tax":0,"market_de_price":0,"market_de_sale_price":0,"market_de_active":false,"market_de_url":null,"market_de_parent_url":"","market_de_tax_rate":0,"market_de_price_inc_tax":0,"market_de_sale_price_inc_tax":0,"market_be_price":0,"market_be_sale_price":0,"market_be_active":false,"market_be_url":null,"market_be_parent_url":"","market_be_tax_rate":0,"market_be_price_inc_tax":0,"market_be_sale_price_inc_tax":0,"market_fr_price":0,"market_fr_sale_price":0,"market_fr_active":false,"market_fr_url":null,"market_fr_parent_url":"","market_fr_tax_rate":0,"market_fr_price_inc_tax":0,"market_fr_sale_price_inc_tax":0,"market_ch_price":0,"market_ch_sale_price":0,"market_ch_active":false,"market_ch_url":null,"market_ch_parent_url":"","market_ch_tax_rate":0,"market_ch_price_inc_tax":0,"market_ch_sale_price_inc_tax":0,"market_at_price":0,"market_at_sale_price":0,"market_at_active":false,"market_at_url":null,"market_at_parent_url":"","market_at_tax_rate":0,"market_at_price_inc_tax":0,"market_at_sale_price_inc_tax":0,"market_es_price":0,"market_es_sale_price":0,"market_es_active":false,"market_es_url":null,"market_es_parent_url":"","market_es_tax_rate":0,"market_es_price_inc_tax":0,"market_es_sale_price_inc_tax":0,"market_dk_price":0,"market_dk_sale_price":0,"market_dk_active":false,"market_dk_url":null,"market_dk_parent_url":"","market_dk_tax_rate":0,"market_dk_price_inc_tax":0,"market_dk_sale_price_inc_tax":0,"market_com_price":0,"market_com_sale_price":0,"market_com_active":false,"market_com_url":null,"market_com_parent_url":"","market_com_tax_rate":0,"market_com_price_inc_tax":0,"market_com_sale_price_inc_tax":0,"acf":[],"_links":{"self":[{"href":"https:\/\/www.pharmacy4pets.nl\/be\/wp-json\/wp\/v2\/product\/119715","targetHints":{"allow":["GET"]}}],"collection":[{"href":"https:\/\/www.pharmacy4pets.nl\/be\/wp-json\/wp\/v2\/product"}],"about":[{"href":"https:\/\/www.pharmacy4pets.nl\/be\/wp-json\/wp\/v2\/types\/product"}],"replies":[{"embeddable":true,"href":"https:\/\/www.pharmacy4pets.nl\/be\/wp-json\/wp\/v2\/comments?post=119715"}],"wp:featuredmedia":[{"embeddable":true,"href":"https:\/\/www.pharmacy4pets.nl\/be\/wp-json\/wp\/v2\/media\/119712"}],"wp:attachment":[{"href":"https:\/\/www.pharmacy4pets.nl\/be\/wp-json\/wp\/v2\/media?parent=119715"}],"wp:term":[{"taxonomy":"product_brand","embeddable":true,"href":"https:\/\/www.pharmacy4pets.nl\/be\/wp-json\/wp\/v2\/product_brand?post=119715"},{"taxonomy":"product_cat","embeddable":true,"href":"https:\/\/www.pharmacy4pets.nl\/be\/wp-json\/wp\/v2\/product_cat?post=119715"},{"taxonomy":"product_tag","embeddable":true,"href":"https:\/\/www.pharmacy4pets.nl\/be\/wp-json\/wp\/v2\/product_tag?post=119715"}],"curies":[{"name":"wp","href":"https:\/\/api.w.org\/{rel}","templated":true}]}}