{"id":119707,"date":"2023-03-10T12:17:17","date_gmt":"2023-03-10T12:17:17","guid":{"rendered":"https:\/\/p4p.test\/cet-tandenborstel-mini-hond-kat"},"modified":"2026-04-14T08:04:25","modified_gmt":"2026-04-14T08:04:25","slug":"cet-tandenborstel-mini-hond-kat","status":"publish","type":"product","link":"https:\/\/www.pharmacy4pets.nl\/be\/cet-tandenborstel-mini-hond-kat","title":{"rendered":"C.E.T. Tandenborstel | Mini hond\/kat"},"content":{"rendered":"<p>De C.E.T Tandenborstel mini is zeer geschikt de kleine hond en kat. De tandenborstel kan op de vinger worden bevestigd. Deze tandenborstel is speciaal ontworpen om het gebit van uw huisdier op een veilige en makkelijke manier te reinigen.<\/p>\n","protected":false},"excerpt":{"rendered":"<p>De C.E.T Tandenborstel mini is zeer geschikt de kleine hond en kat. De tandenborstel kan op de vinger worden bevestigd. Deze tandenborstel is speciaal ontworpen om het gebit van uw huisdier op een veilige en makkelijke manier te reinigen.<\/p>\n","protected":false},"featured_media":119706,"comment_status":"open","ping_status":"closed","template":"","meta":{"_acf_changed":false,"_nl_post_content":"<p>De C.E.T Tandenborstel mini is zeer geschikt de kleine hond en kat. De tandenborstel kan op de vinger worden bevestigd. Deze tandenborstel is speciaal ontworpen om het gebit van uw huisdier op een veilige en makkelijke manier te reinigen.<\/p>","_nl_post_name":"cet-tandenborstel-mini-hond-kat","_nl_post_excerpt":"","_nl_post_title":"C.E.T. Tandenborstel | Mini hond\/kat","_en_post_content":"<p>The C.E.T Mini Toothbrush is very suitable for small dogs and cats. The toothbrush can be attached to the finger. This toothbrush is specially designed to clean your pet's teeth in a safe and easy way.<\/p>","_en_post_name":"cet-toothbrush-small-dog-cat","_en_post_excerpt":"","_en_post_title":"C.E.T. Toothbrush | Small Dog\/Cat","_de_post_content":"<p>Die C.E.T Mini-Zahnb\u00fcrste ist sehr gut f\u00fcr kleine Hunde und Katzen geeignet. Die Zahnb\u00fcrste kann am Finger befestigt werden. Diese Zahnb\u00fcrste wurde speziell f\u00fcr die sichere und einfache Reinigung der Z\u00e4hne Ihres Haustiers entwickelt.<\/p>","_de_post_name":"cet-zahnburste-kleine-hund-katze","_de_post_excerpt":"","_de_post_title":"C.E.T. Zahnb\u00fcrste | Kleine Hund\/Katze","_fr_post_content":"<p>La mini brosse \u00e0 dents C.E.T est tr\u00e8s adapt\u00e9e aux petits chiens et chats. La brosse \u00e0 dents peut \u00eatre fix\u00e9e au doigt. Cette brosse \u00e0 dents est sp\u00e9cialement con\u00e7ue pour nettoyer les dents de votre animal de mani\u00e8re simple et s\u00fbre.<\/p>","_fr_post_name":"cet-brosse-a-dents-petite-chien-chat","_fr_post_excerpt":"","_fr_post_title":"C.E.T. Brosse \u00e0 dents | Petite chien\/chat","_es_post_content":"<p>El Mini Cepillo de Dientes C.E.T es muy adecuado para perros y gatos peque\u00f1os. El cepillo de dientes se puede colocar en el dedo. Este cepillo de dientes est\u00e1 especialmente dise\u00f1ado para limpiar los dientes de tu mascota de una forma f\u00e1cil y segura.<\/p>","_es_post_name":"cet-cepillo-de-dientes-mini-perro-gato","_es_post_excerpt":"","_es_post_title":"C.E.T. Cepillo de dientes | Mini perro\/gato","edit_language":"nl"},"product_brand":[],"product_cat":[1891,1861,2030,1873,1842,1117,1118,1839,1871,1857,2128,2134,1863,1893],"product_tag":[],"class_list":{"0":"post-119707","1":"product","2":"type-product","3":"status-publish","4":"has-post-thumbnail","6":"product_cat-benodigdheden","8":"product_cat-cet","9":"product_cat-gebit","11":"product_cat-honden","12":"product_cat-katten","13":"product_cat-medicijnen-supplementen","15":"product_cat-merken","16":"product_cat-tandenborstels-en-tandpasta","18":"product_cat-verzorging","20":"pa_aandoening-gebit","21":"pa_doeldier-hond","22":"pa_doeldier-kat","23":"pa_fabricatieland-frankrijk","24":"pa_merkfilter-c_e_t_","25":"pa_merkgroep-virbac","26":"pa_productsoort-overig","27":"pa_toedieningswijze-tandenborstel","28":"pa_unit_pricing_base_measure-1ct","29":"pa_unit_pricing_measure-1ct","30":"pa_werkzamestof-overig","32":"first","33":"instock","34":"taxable","35":"shipping-taxable","36":"purchasable","37":"product-type-simple"},"yoast_head":"<!-- This site is optimized with the Yoast SEO plugin v27.5 - https:\/\/yoast.com\/product\/yoast-seo-wordpress\/ -->\n<title>C.E.T. Tandenborstel | Mini hond\/kat - Pharmacy4pets<\/title>\n<meta name=\"robots\" content=\"index, follow, max-snippet:-1, max-image-preview:large, max-video-preview:-1\" \/>\n<link rel=\"canonical\" href=\"https:\/\/www.pharmacy4pets.nl\/cet-tandenborstel-mini-hond-kat\" \/>\n<meta property=\"og:locale\" content=\"nl_NL\" \/>\n<meta property=\"og:type\" content=\"article\" \/>\n<meta property=\"og:title\" content=\"C.E.T. Tandenborstel | Mini hond\/kat - Pharmacy4pets\" \/>\n<meta property=\"og:description\" content=\"De C.E.T Tandenborstel mini is zeer geschikt de kleine hond en kat. De tandenborstel kan op de vinger worden bevestigd. Deze tandenborstel is speciaal ontworpen om het gebit van uw huisdier op een veilige en makkelijke manier te reinigen.\" \/>\n<meta property=\"og:url\" content=\"https:\/\/www.pharmacy4pets.nl\/cet-tandenborstel-mini-hond-kat\" \/>\n<meta property=\"og:site_name\" content=\"Pharmacy4pets\" \/>\n<meta property=\"article:publisher\" content=\"https:\/\/www.facebook.com\/people\/Pharmacy4petsnl\/100063484989896\/\" \/>\n<meta property=\"article:modified_time\" content=\"2026-04-14T08:04:25+00:00\" \/>\n<meta property=\"og:image\" content=\"https:\/\/www.pharmacy4pets.nl\/wp-content\/uploads\/2023\/03\/25922_cet.jpg\" \/>\n\t<meta property=\"og:image:width\" content=\"494\" \/>\n\t<meta property=\"og:image:height\" content=\"707\" \/>\n\t<meta property=\"og:image:type\" content=\"image\/jpeg\" \/>\n<meta name=\"twitter:card\" content=\"summary_large_image\" \/>\n<script type=\"application\/ld+json\" class=\"yoast-schema-graph\">{\"@context\":\"https:\\\/\\\/schema.org\",\"@graph\":[{\"@type\":\"WebPage\",\"@id\":\"https:\\\/\\\/www.pharmacy4pets.nl\\\/cet-tandenborstel-mini-hond-kat\",\"url\":\"https:\\\/\\\/www.pharmacy4pets.nl\\\/cet-tandenborstel-mini-hond-kat\",\"name\":\"C.E.T. Tandenborstel | Mini hond\\\/kat - Pharmacy4pets\",\"isPartOf\":{\"@id\":\"http:\\\/\\\/www.pharmacy4pets.nl\\\/#website\"},\"primaryImageOfPage\":{\"@id\":\"https:\\\/\\\/www.pharmacy4pets.nl\\\/cet-tandenborstel-mini-hond-kat#primaryimage\"},\"image\":{\"@id\":\"https:\\\/\\\/www.pharmacy4pets.nl\\\/cet-tandenborstel-mini-hond-kat#primaryimage\"},\"thumbnailUrl\":\"https:\\\/\\\/www.pharmacy4pets.nl\\\/wp-content\\\/uploads\\\/2023\\\/03\\\/25922_cet.jpg\",\"datePublished\":\"2023-03-10T12:17:17+00:00\",\"dateModified\":\"2026-04-14T08:04:25+00:00\",\"breadcrumb\":{\"@id\":\"https:\\\/\\\/www.pharmacy4pets.nl\\\/cet-tandenborstel-mini-hond-kat#breadcrumb\"},\"inLanguage\":\"nl-NL\",\"potentialAction\":[{\"@type\":\"ReadAction\",\"target\":[\"https:\\\/\\\/www.pharmacy4pets.nl\\\/cet-tandenborstel-mini-hond-kat\"]}]},{\"@type\":\"ImageObject\",\"inLanguage\":\"nl-NL\",\"@id\":\"https:\\\/\\\/www.pharmacy4pets.nl\\\/cet-tandenborstel-mini-hond-kat#primaryimage\",\"url\":\"https:\\\/\\\/www.pharmacy4pets.nl\\\/wp-content\\\/uploads\\\/2023\\\/03\\\/25922_cet.jpg\",\"contentUrl\":\"https:\\\/\\\/www.pharmacy4pets.nl\\\/wp-content\\\/uploads\\\/2023\\\/03\\\/25922_cet.jpg\",\"width\":494,\"height\":707,\"caption\":\"C.E.T.\"},{\"@type\":\"BreadcrumbList\",\"@id\":\"https:\\\/\\\/www.pharmacy4pets.nl\\\/cet-tandenborstel-mini-hond-kat#breadcrumb\",\"itemListElement\":[{\"@type\":\"ListItem\",\"position\":1,\"name\":\"Home\",\"item\":\"https:\\\/\\\/p4p-nl.bootmine.com\\\/\"},{\"@type\":\"ListItem\",\"position\":2,\"name\":\"Winkel\",\"item\":\"https:\\\/\\\/p4p-nl.bootmine.com\\\/winkel\"},{\"@type\":\"ListItem\",\"position\":3,\"name\":\"C.E.T. Tandenborstel | Mini hond\\\/kat\"}]},{\"@type\":\"WebSite\",\"@id\":\"http:\\\/\\\/www.pharmacy4pets.nl\\\/#website\",\"url\":\"http:\\\/\\\/www.pharmacy4pets.nl\\\/\",\"name\":\"Pharmacy4pets\",\"description\":\"Pharmacy4pets.nl is d\u00e9 online apotheek waar u terecht kunt voor alle diergeneesmiddelen, verzorgingsproducten en dieetvoeding voor uw huisdier.\",\"publisher\":{\"@id\":\"http:\\\/\\\/www.pharmacy4pets.nl\\\/#organization\"},\"potentialAction\":[{\"@type\":\"SearchAction\",\"target\":{\"@type\":\"EntryPoint\",\"urlTemplate\":\"http:\\\/\\\/www.pharmacy4pets.nl\\\/?s={search_term_string}\"},\"query-input\":{\"@type\":\"PropertyValueSpecification\",\"valueRequired\":true,\"valueName\":\"search_term_string\"}}],\"inLanguage\":\"nl-NL\"},{\"@type\":\"Organization\",\"@id\":\"http:\\\/\\\/www.pharmacy4pets.nl\\\/#organization\",\"name\":\"Pharmacy4pets\",\"url\":\"http:\\\/\\\/www.pharmacy4pets.nl\\\/\",\"logo\":{\"@type\":\"ImageObject\",\"inLanguage\":\"nl-NL\",\"@id\":\"http:\\\/\\\/www.pharmacy4pets.nl\\\/#\\\/schema\\\/logo\\\/image\\\/\",\"url\":\"https:\\\/\\\/p4p-nl.bootmine.com\\\/wp-content\\\/uploads\\\/2026\\\/03\\\/logo-pharmacy4pets.png\",\"contentUrl\":\"https:\\\/\\\/p4p-nl.bootmine.com\\\/wp-content\\\/uploads\\\/2026\\\/03\\\/logo-pharmacy4pets.png\",\"width\":1024,\"height\":135,\"caption\":\"Pharmacy4pets\"},\"image\":{\"@id\":\"http:\\\/\\\/www.pharmacy4pets.nl\\\/#\\\/schema\\\/logo\\\/image\\\/\"},\"sameAs\":[\"https:\\\/\\\/www.facebook.com\\\/people\\\/Pharmacy4petsnl\\\/100063484989896\\\/\",\"https:\\\/\\\/www.youtube.com\\\/channel\\\/UCGPTIgucgli03tP2_kvLkHg\\\/featured\",\"https:\\\/\\\/www.instagram.com\\\/pharmacy4pets.nl\"]}]}<\/script>\n<!-- \/ Yoast SEO plugin. -->","yoast_head_json":{"title":"C.E.T. Tandenborstel | Mini hond\/kat - Pharmacy4pets","robots":{"index":"index","follow":"follow","max-snippet":"max-snippet:-1","max-image-preview":"max-image-preview:large","max-video-preview":"max-video-preview:-1"},"canonical":"https:\/\/www.pharmacy4pets.nl\/cet-tandenborstel-mini-hond-kat","og_locale":"nl_NL","og_type":"article","og_title":"C.E.T. Tandenborstel | Mini hond\/kat - Pharmacy4pets","og_description":"De C.E.T Tandenborstel mini is zeer geschikt de kleine hond en kat. De tandenborstel kan op de vinger worden bevestigd. Deze tandenborstel is speciaal ontworpen om het gebit van uw huisdier op een veilige en makkelijke manier te reinigen.","og_url":"https:\/\/www.pharmacy4pets.nl\/cet-tandenborstel-mini-hond-kat","og_site_name":"Pharmacy4pets","article_publisher":"https:\/\/www.facebook.com\/people\/Pharmacy4petsnl\/100063484989896\/","article_modified_time":"2026-04-14T08:04:25+00:00","og_image":[{"width":494,"height":707,"url":"https:\/\/www.pharmacy4pets.nl\/wp-content\/uploads\/2023\/03\/25922_cet.jpg","type":"image\/jpeg"}],"twitter_card":"summary_large_image","schema":{"@context":"https:\/\/schema.org","@graph":[{"@type":"WebPage","@id":"https:\/\/www.pharmacy4pets.nl\/cet-tandenborstel-mini-hond-kat","url":"https:\/\/www.pharmacy4pets.nl\/cet-tandenborstel-mini-hond-kat","name":"C.E.T. Tandenborstel | Mini hond\/kat - Pharmacy4pets","isPartOf":{"@id":"http:\/\/www.pharmacy4pets.nl\/#website"},"primaryImageOfPage":{"@id":"https:\/\/www.pharmacy4pets.nl\/cet-tandenborstel-mini-hond-kat#primaryimage"},"image":{"@id":"https:\/\/www.pharmacy4pets.nl\/cet-tandenborstel-mini-hond-kat#primaryimage"},"thumbnailUrl":"https:\/\/www.pharmacy4pets.nl\/wp-content\/uploads\/2023\/03\/25922_cet.jpg","datePublished":"2023-03-10T12:17:17+00:00","dateModified":"2026-04-14T08:04:25+00:00","breadcrumb":{"@id":"https:\/\/www.pharmacy4pets.nl\/cet-tandenborstel-mini-hond-kat#breadcrumb"},"inLanguage":"nl-NL","potentialAction":[{"@type":"ReadAction","target":["https:\/\/www.pharmacy4pets.nl\/cet-tandenborstel-mini-hond-kat"]}]},{"@type":"ImageObject","inLanguage":"nl-NL","@id":"https:\/\/www.pharmacy4pets.nl\/cet-tandenborstel-mini-hond-kat#primaryimage","url":"https:\/\/www.pharmacy4pets.nl\/wp-content\/uploads\/2023\/03\/25922_cet.jpg","contentUrl":"https:\/\/www.pharmacy4pets.nl\/wp-content\/uploads\/2023\/03\/25922_cet.jpg","width":494,"height":707,"caption":"C.E.T."},{"@type":"BreadcrumbList","@id":"https:\/\/www.pharmacy4pets.nl\/cet-tandenborstel-mini-hond-kat#breadcrumb","itemListElement":[{"@type":"ListItem","position":1,"name":"Home","item":"https:\/\/p4p-nl.bootmine.com\/"},{"@type":"ListItem","position":2,"name":"Winkel","item":"https:\/\/p4p-nl.bootmine.com\/winkel"},{"@type":"ListItem","position":3,"name":"C.E.T. Tandenborstel | Mini hond\/kat"}]},{"@type":"WebSite","@id":"http:\/\/www.pharmacy4pets.nl\/#website","url":"http:\/\/www.pharmacy4pets.nl\/","name":"Pharmacy4pets","description":"Pharmacy4pets.nl is d\u00e9 online apotheek waar u terecht kunt voor alle diergeneesmiddelen, verzorgingsproducten en dieetvoeding voor uw huisdier.","publisher":{"@id":"http:\/\/www.pharmacy4pets.nl\/#organization"},"potentialAction":[{"@type":"SearchAction","target":{"@type":"EntryPoint","urlTemplate":"http:\/\/www.pharmacy4pets.nl\/?s={search_term_string}"},"query-input":{"@type":"PropertyValueSpecification","valueRequired":true,"valueName":"search_term_string"}}],"inLanguage":"nl-NL"},{"@type":"Organization","@id":"http:\/\/www.pharmacy4pets.nl\/#organization","name":"Pharmacy4pets","url":"http:\/\/www.pharmacy4pets.nl\/","logo":{"@type":"ImageObject","inLanguage":"nl-NL","@id":"http:\/\/www.pharmacy4pets.nl\/#\/schema\/logo\/image\/","url":"https:\/\/p4p-nl.bootmine.com\/wp-content\/uploads\/2026\/03\/logo-pharmacy4pets.png","contentUrl":"https:\/\/p4p-nl.bootmine.com\/wp-content\/uploads\/2026\/03\/logo-pharmacy4pets.png","width":1024,"height":135,"caption":"Pharmacy4pets"},"image":{"@id":"http:\/\/www.pharmacy4pets.nl\/#\/schema\/logo\/image\/"},"sameAs":["https:\/\/www.facebook.com\/people\/Pharmacy4petsnl\/100063484989896\/","https:\/\/www.youtube.com\/channel\/UCGPTIgucgli03tP2_kvLkHg\/featured","https:\/\/www.instagram.com\/pharmacy4pets.nl"]}]}},"market_data":{"nl":{"price":0,"sale_price":0,"active":false,"url":null,"parent_url":"","tax_rate":0,"price_inc_tax":0,"sale_price_inc_tax":0},"de":{"price":0,"sale_price":0,"active":false,"url":null,"parent_url":"","tax_rate":0,"price_inc_tax":0,"sale_price_inc_tax":0},"be":{"price":0,"sale_price":0,"active":false,"url":null,"parent_url":"","tax_rate":0,"price_inc_tax":0,"sale_price_inc_tax":0},"fr":{"price":0,"sale_price":0,"active":false,"url":null,"parent_url":"","tax_rate":0,"price_inc_tax":0,"sale_price_inc_tax":0},"ch":{"price":0,"sale_price":0,"active":false,"url":null,"parent_url":"","tax_rate":0,"price_inc_tax":0,"sale_price_inc_tax":0},"at":{"price":0,"sale_price":0,"active":false,"url":null,"parent_url":"","tax_rate":0,"price_inc_tax":0,"sale_price_inc_tax":0},"es":{"price":0,"sale_price":0,"active":false,"url":null,"parent_url":"","tax_rate":0,"price_inc_tax":0,"sale_price_inc_tax":0},"dk":{"price":0,"sale_price":0,"active":false,"url":null,"parent_url":"","tax_rate":0,"price_inc_tax":0,"sale_price_inc_tax":0},"com":{"price":0,"sale_price":0,"active":false,"url":null,"parent_url":"","tax_rate":0,"price_inc_tax":0,"sale_price_inc_tax":0}},"market_nl_price":0,"market_nl_sale_price":0,"market_nl_active":false,"market_nl_url":null,"market_nl_parent_url":"","market_nl_tax_rate":0,"market_nl_price_inc_tax":0,"market_nl_sale_price_inc_tax":0,"market_de_price":0,"market_de_sale_price":0,"market_de_active":false,"market_de_url":null,"market_de_parent_url":"","market_de_tax_rate":0,"market_de_price_inc_tax":0,"market_de_sale_price_inc_tax":0,"market_be_price":0,"market_be_sale_price":0,"market_be_active":false,"market_be_url":null,"market_be_parent_url":"","market_be_tax_rate":0,"market_be_price_inc_tax":0,"market_be_sale_price_inc_tax":0,"market_fr_price":0,"market_fr_sale_price":0,"market_fr_active":false,"market_fr_url":null,"market_fr_parent_url":"","market_fr_tax_rate":0,"market_fr_price_inc_tax":0,"market_fr_sale_price_inc_tax":0,"market_ch_price":0,"market_ch_sale_price":0,"market_ch_active":false,"market_ch_url":null,"market_ch_parent_url":"","market_ch_tax_rate":0,"market_ch_price_inc_tax":0,"market_ch_sale_price_inc_tax":0,"market_at_price":0,"market_at_sale_price":0,"market_at_active":false,"market_at_url":null,"market_at_parent_url":"","market_at_tax_rate":0,"market_at_price_inc_tax":0,"market_at_sale_price_inc_tax":0,"market_es_price":0,"market_es_sale_price":0,"market_es_active":false,"market_es_url":null,"market_es_parent_url":"","market_es_tax_rate":0,"market_es_price_inc_tax":0,"market_es_sale_price_inc_tax":0,"market_dk_price":0,"market_dk_sale_price":0,"market_dk_active":false,"market_dk_url":null,"market_dk_parent_url":"","market_dk_tax_rate":0,"market_dk_price_inc_tax":0,"market_dk_sale_price_inc_tax":0,"market_com_price":0,"market_com_sale_price":0,"market_com_active":false,"market_com_url":null,"market_com_parent_url":"","market_com_tax_rate":0,"market_com_price_inc_tax":0,"market_com_sale_price_inc_tax":0,"acf":[],"_links":{"self":[{"href":"https:\/\/www.pharmacy4pets.nl\/be\/wp-json\/wp\/v2\/product\/119707","targetHints":{"allow":["GET"]}}],"collection":[{"href":"https:\/\/www.pharmacy4pets.nl\/be\/wp-json\/wp\/v2\/product"}],"about":[{"href":"https:\/\/www.pharmacy4pets.nl\/be\/wp-json\/wp\/v2\/types\/product"}],"replies":[{"embeddable":true,"href":"https:\/\/www.pharmacy4pets.nl\/be\/wp-json\/wp\/v2\/comments?post=119707"}],"wp:featuredmedia":[{"embeddable":true,"href":"https:\/\/www.pharmacy4pets.nl\/be\/wp-json\/wp\/v2\/media\/119706"}],"wp:attachment":[{"href":"https:\/\/www.pharmacy4pets.nl\/be\/wp-json\/wp\/v2\/media?parent=119707"}],"wp:term":[{"taxonomy":"product_brand","embeddable":true,"href":"https:\/\/www.pharmacy4pets.nl\/be\/wp-json\/wp\/v2\/product_brand?post=119707"},{"taxonomy":"product_cat","embeddable":true,"href":"https:\/\/www.pharmacy4pets.nl\/be\/wp-json\/wp\/v2\/product_cat?post=119707"},{"taxonomy":"product_tag","embeddable":true,"href":"https:\/\/www.pharmacy4pets.nl\/be\/wp-json\/wp\/v2\/product_tag?post=119707"}],"curies":[{"name":"wp","href":"https:\/\/api.w.org\/{rel}","templated":true}]}}