{"id":119694,"date":"2023-03-10T12:17:15","date_gmt":"2023-03-10T12:17:15","guid":{"rendered":"https:\/\/p4p.test\/bogacare-shampoo-universal-hond-250-ml"},"modified":"2026-03-25T12:02:54","modified_gmt":"2026-03-25T12:02:54","slug":"bogacare-shampoo-universal-hond-250-ml","status":"publish","type":"product","link":"https:\/\/www.pharmacy4pets.nl\/be\/bogacare-shampoo-universal-hond-250-ml","title":{"rendered":"Bogacare Shampoo Universal | Hond | 250 ml"},"content":{"rendered":"<p>Bogacare shampoo van het merk Bogar is speciaal ontwikkeld voor de verschillende huid- en vachttypen van de hond. Alle shampoos zijn ontwikkeld in samenwerking met dierenartsen en specialisten, vrij van siliconen en vrij van parabenen en hebben een pH-waarde die speciaal is aangepast aan de huid van de hond. De verschillende shampoos hebben allen een unieke, hoogwaardige formule die zorgt voor een zachte en effectieve reiniging van huid en haar.<\/p>\n<ol>\n<p>Huid- en vachtverzorging voor honden is aanzienlijk meer gespecialiseerd dan men denkt. De anatomische verschillen tussen individuele hondenrassen zijn significant en dezelfde diversiteit geldt voor huid en jassen.<\/p>\n<ol>\n<p> Toediening <\/p>\n<ol>\n<li>Reinig de vacht met warm water<\/li>\n<li>Breng de shampoo gelijkmatig aan over de natte vacht en masseer zachtjes in (De hoeveelheid shampoo is afhankelijk van de omvang en kwaliteit van de vacht)<\/li>\n<li>Shampoo gedurende 5 minuten in laten trekken. Spoel grondig uit.<\/li>\n<li>Afdrogen met een zachte handdoek of gebruik een f\u00f6hn.<\/li>\n","protected":false},"excerpt":{"rendered":"<p>Bogacare shampoo van het merk Bogar is speciaal ontwikkeld voor de verschillende huid- en vachttypen van de hond. Alle shampoos zijn ontwikkeld in samenwerking met dierenartsen en specialisten, vrij van siliconen en vrij van parabenen en hebben een pH-waarde die speciaal is aangepast aan de huid van de hond. De verschillende shampoos hebben allen een [&hellip;]<\/p>\n","protected":false},"featured_media":119693,"comment_status":"open","ping_status":"closed","template":"","meta":{"_acf_changed":false,"_nl_post_content":"<p>Bogacare shampoo van het merk Bogar is speciaal ontwikkeld voor de verschillende huid- en vachttypen van de hond. Alle shampoos zijn ontwikkeld in samenwerking met dierenartsen en specialisten, vrij van siliconen en vrij van parabenen en hebben een pH-waarde die speciaal is aangepast aan de huid van de hond. De verschillende shampoos hebben allen een unieke, hoogwaardige formule die zorgt voor een zachte en effectieve reiniging van huid en haar.<\/p> <ol> <p>Huid- en vachtverzorging voor honden is aanzienlijk meer gespecialiseerd dan men denkt. De anatomische verschillen tussen individuele hondenrassen zijn significant en dezelfde diversiteit geldt voor huid en jassen.<\/p> <ol> <p> Toediening <\/p><ol>    <li>Reinig de vacht met warm water<\/li> <li>Breng de shampoo gelijkmatig aan over de natte vacht en masseer zachtjes in (De hoeveelheid shampoo is afhankelijk van de omvang en kwaliteit van de vacht)<\/li>   <li>Shampoo gedurende 5 minuten in laten trekken. Spoel grondig uit.<\/li><li>Afdrogen met een zachte handdoek of gebruik een f\u00f6hn.<\/li>","_nl_post_name":"bogacare-shampoo-universal-hond-250-ml","_nl_post_excerpt":"","_nl_post_title":"Bogacare Shampoo Universal | Hond | 250 ml","_en_post_content":"<p>Bogacare shampoo from the Bogar brand has been specially developed for the different skin and coat types of the dog. All shampoos are developed in collaboration with veterinarians and specialists, free from silicones and parabens and have a pH value that is specially adapted to the skin of the dog. The different shampoos all have a unique, high-quality formula that ensures gentle and effective cleansing of skin and hair.<\/p> <ol> <p>Skin and coat care for dogs is considerably more specialized than one might think. The anatomical differences between individual dog breeds are significant and the same diversity applies to skin and coats.<\/p> <ol> <p> Application <\/p><ol> <li>Clean the coat with warm water<\/li> <li >Apply the shampoo evenly over the wet coat and massage in gently (The amount of shampoo depends on the size and quality of the coat)<\/li> <li>Let the shampoo soak in for 5 minutes. Rinse thoroughly.<\/li><li>Dry with a soft towel or use a hairdryer.<\/li>","_en_post_name":"Bogacare-Shampoo-Universal-Dog-250-ml","_en_post_excerpt":"","_en_post_title":"Bogacare Shampoo Universal | Dog | 250 ml","_de_post_content":"<p>Bogacare Shampoo der Marke Bogar wurde speziell f\u00fcr die unterschiedlichen Haut- und Felltypen des Hundes entwickelt. Alle Shampoos werden in Zusammenarbeit mit Tier\u00e4rzten und Spezialisten entwickelt, sind frei von Silikonen und Parabenen und haben einen speziell auf die Haut des Hundes abgestimmten pH-Wert. Die verschiedenen Shampoos verf\u00fcgen alle \u00fcber eine einzigartige, hochwertige Formel, die f\u00fcr eine sanfte und effektive Reinigung von Haut und Haar sorgt.<\/p> <ol> <p>Haut- und Fellpflege f\u00fcr Hunde ist deutlich spezialisierter, als man denkt. Die anatomischen Unterschiede zwischen einzelnen Hunderassen sind erheblich und die gleiche Vielfalt gilt auch f\u00fcr Haut und Fell.<\/p> <ol> <p> Anwendung <\/p><ol> <li>Reinigen Sie das Fell mit warmem Wasser<\/li> <li >Tragen Sie das Shampoo gleichm\u00e4\u00dfig auf das nasse Fell auf und massieren Sie es sanft ein (die Menge des Shampoos h\u00e4ngt von der Gr\u00f6\u00dfe und Qualit\u00e4t des Fells ab).<\/li> <li>Lassen Sie das Shampoo 5 Minuten einwirken. Gr\u00fcndlich aussp\u00fclen.<\/li><li>Mit einem weichen Handtuch trocknen oder einen Haartrockner verwenden.<\/li>","_de_post_name":"Bogacare-Shampoo-Universal-Hund-250-ml","_de_post_excerpt":"","_de_post_title":"Bogacare Shampoo Universal | Hund | 250 ml","_fr_post_content":"<p>Le shampoing Bogacare de la marque Bogar a \u00e9t\u00e9 sp\u00e9cialement d\u00e9velopp\u00e9 pour les diff\u00e9rents types de peau et de pelage du chien. Tous les shampooings sont d\u00e9velopp\u00e9s en collaboration avec des v\u00e9t\u00e9rinaires et des sp\u00e9cialistes, sans silicones ni parab\u00e8nes et ont un pH sp\u00e9cialement adapt\u00e9 \u00e0 la peau du chien. Les diff\u00e9rents shampooings ont tous une formule unique de haute qualit\u00e9 qui assure un nettoyage doux et efficace de la peau et des poils.<\/p> <ol> <p>Les soins de la peau et du pelage des chiens sont consid\u00e9rablement plus sp\u00e9cialis\u00e9s qu'on ne le pense. Les diff\u00e9rences anatomiques entre les races de chiens sont significatives et la m\u00eame diversit\u00e9 s'applique \u00e0 la peau et au pelage.<\/p> <ol> <p> Application <\/p><ol> <li>Nettoyez le pelage \u00e0 l'eau ti\u00e8de<\/li> <li >Appliquez le shampoing uniform\u00e9ment sur le pelage mouill\u00e9 et massez doucement (la quantit\u00e9 de shampoing d\u00e9pend de la taille et de la qualit\u00e9 du pelage)<\/li> <li>Laissez le shampoing agir pendant 5 minutes. Rincer abondamment.<\/li><li>S\u00e9cher avec une serviette douce ou utiliser un s\u00e8che-cheveux.<\/li>","_fr_post_name":"Bogacare-shampooing-Universal-Chien-250-ml","_fr_post_excerpt":"","_fr_post_title":"Bogacare shampooing Universal | Chien | 250 ml","_es_post_content":"<p>El champ\u00fa Bogacare de la marca Bogar ha sido especialmente desarrollado para los diferentes tipos de piel y pelaje del perro. Todos los champ\u00fas est\u00e1n desarrollados en colaboraci\u00f3n con veterinarios y especialistas, no contienen siliconas ni parabenos y tienen un valor de pH especialmente adaptado a la piel del perro. Todos los diferentes champ\u00fas tienen una f\u00f3rmula \u00fanica y de alta calidad que garantiza una limpieza suave y eficaz de la piel y el cabello.<\/p> <ol> <p>El cuidado de la piel y el pelaje de los perros es considerablemente m\u00e1s especializado de lo que podr\u00eda pensarse. Las diferencias anat\u00f3micas entre razas de perros individuales son significativas y la misma diversidad se aplica a la piel y el pelaje.<\/p> <ol> <p> Aplicaci\u00f3n <\/p><ol> <li>Limpiar el pelaje con agua tibia<\/li> <li >Aplica el champ\u00fa uniformemente sobre el pelaje mojado y masajea suavemente (la cantidad de champ\u00fa depende del tama\u00f1o y la calidad del pelaje)<\/li> <li>Deja que el champ\u00fa act\u00fae durante 5 minutos. Enjuague bien.<\/li><li>Seque con una toalla suave o use un secador de pelo.<\/li>","_es_post_name":"Bogacare-Shampoo-Universal-Perro-250-ml","_es_post_excerpt":"","_es_post_title":"Bogacare Shampoo Universal | Perro | 250 ml","edit_language":"nl"},"product_brand":[],"product_cat":[1861,2027,1117,1857,1863],"product_tag":[],"class_list":{"0":"post-119694","1":"product","2":"type-product","3":"status-publish","4":"has-post-thumbnail","6":"product_cat-benodigdheden","7":"product_cat-bogacare","8":"product_cat-honden","9":"product_cat-merken","10":"product_cat-verzorging","11":"pa_aandoening-huid_vacht","12":"pa_doeldier-hond","13":"pa_fabricatieland-duitsland","14":"pa_merkfilter-bogacare","15":"pa_merkgroep-bogar","16":"pa_productsoort-overig","17":"pa_toedieningswijze-shampoo","18":"pa_unit_pricing_base_measure-100ml","19":"pa_unit_pricing_measure-250ml","20":"pa_werkzamestof-overig","22":"first","23":"instock","24":"taxable","25":"shipping-taxable","26":"purchasable","27":"product-type-simple"},"yoast_head":"<!-- This site is optimized with the Yoast SEO plugin v27.5 - https:\/\/yoast.com\/product\/yoast-seo-wordpress\/ -->\n<title>Bogacare Shampoo Universal | Hond | 250 ml - Pharmacy4pets<\/title>\n<meta name=\"robots\" content=\"index, follow, max-snippet:-1, max-image-preview:large, max-video-preview:-1\" \/>\n<link rel=\"canonical\" href=\"https:\/\/www.pharmacy4pets.nl\/be\/bogacare-shampoo-universal-hond-250-ml\" \/>\n<meta property=\"og:locale\" content=\"nl_NL\" \/>\n<meta property=\"og:type\" content=\"article\" \/>\n<meta property=\"og:title\" content=\"Bogacare Shampoo Universal | Hond | 250 ml - Pharmacy4pets\" \/>\n<meta property=\"og:description\" content=\"Bogacare shampoo van het merk Bogar is speciaal ontwikkeld voor de verschillende huid- en vachttypen van de hond. Alle shampoos zijn ontwikkeld in samenwerking met dierenartsen en specialisten, vrij van siliconen en vrij van parabenen en hebben een pH-waarde die speciaal is aangepast aan de huid van de hond. De verschillende shampoos hebben allen een [&hellip;]\" \/>\n<meta property=\"og:url\" content=\"https:\/\/www.pharmacy4pets.nl\/be\/bogacare-shampoo-universal-hond-250-ml\" \/>\n<meta property=\"og:site_name\" content=\"Pharmacy4pets\" \/>\n<meta property=\"article:publisher\" content=\"https:\/\/www.facebook.com\/people\/Pharmacy4petsnl\/100063484989896\/\" \/>\n<meta property=\"article:modified_time\" content=\"2026-03-25T12:02:54+00:00\" \/>\n<meta property=\"og:image\" content=\"https:\/\/www.pharmacy4pets.nl\/wp-content\/uploads\/2023\/03\/25646.jpg\" \/>\n\t<meta property=\"og:image:width\" content=\"981\" \/>\n\t<meta property=\"og:image:height\" content=\"981\" \/>\n\t<meta property=\"og:image:type\" content=\"image\/jpeg\" \/>\n<meta name=\"twitter:card\" content=\"summary_large_image\" \/>\n<meta name=\"twitter:label1\" content=\"Geschatte leestijd\" \/>\n\t<meta name=\"twitter:data1\" content=\"1 minuut\" \/>\n<script type=\"application\/ld+json\" class=\"yoast-schema-graph\">{\"@context\":\"https:\\\/\\\/schema.org\",\"@graph\":[{\"@type\":\"WebPage\",\"@id\":\"https:\\\/\\\/www.pharmacy4pets.nl\\\/be\\\/bogacare-shampoo-universal-hond-250-ml\",\"url\":\"https:\\\/\\\/www.pharmacy4pets.nl\\\/be\\\/bogacare-shampoo-universal-hond-250-ml\",\"name\":\"Bogacare Shampoo Universal | Hond | 250 ml - Pharmacy4pets\",\"isPartOf\":{\"@id\":\"http:\\\/\\\/www.pharmacy4pets.nl\\\/#website\"},\"primaryImageOfPage\":{\"@id\":\"https:\\\/\\\/www.pharmacy4pets.nl\\\/be\\\/bogacare-shampoo-universal-hond-250-ml#primaryimage\"},\"image\":{\"@id\":\"https:\\\/\\\/www.pharmacy4pets.nl\\\/be\\\/bogacare-shampoo-universal-hond-250-ml#primaryimage\"},\"thumbnailUrl\":\"https:\\\/\\\/www.pharmacy4pets.nl\\\/wp-content\\\/uploads\\\/2023\\\/03\\\/25646.jpg\",\"datePublished\":\"2023-03-10T12:17:15+00:00\",\"dateModified\":\"2026-03-25T12:02:54+00:00\",\"breadcrumb\":{\"@id\":\"https:\\\/\\\/www.pharmacy4pets.nl\\\/be\\\/bogacare-shampoo-universal-hond-250-ml#breadcrumb\"},\"inLanguage\":\"nl-NL\",\"potentialAction\":[{\"@type\":\"ReadAction\",\"target\":[\"https:\\\/\\\/www.pharmacy4pets.nl\\\/be\\\/bogacare-shampoo-universal-hond-250-ml\"]}]},{\"@type\":\"ImageObject\",\"inLanguage\":\"nl-NL\",\"@id\":\"https:\\\/\\\/www.pharmacy4pets.nl\\\/be\\\/bogacare-shampoo-universal-hond-250-ml#primaryimage\",\"url\":\"https:\\\/\\\/www.pharmacy4pets.nl\\\/wp-content\\\/uploads\\\/2023\\\/03\\\/25646.jpg\",\"contentUrl\":\"https:\\\/\\\/www.pharmacy4pets.nl\\\/wp-content\\\/uploads\\\/2023\\\/03\\\/25646.jpg\",\"width\":981,\"height\":981,\"caption\":\"Bogacare\"},{\"@type\":\"BreadcrumbList\",\"@id\":\"https:\\\/\\\/www.pharmacy4pets.nl\\\/be\\\/bogacare-shampoo-universal-hond-250-ml#breadcrumb\",\"itemListElement\":[{\"@type\":\"ListItem\",\"position\":1,\"name\":\"Home\",\"item\":\"https:\\\/\\\/p4p-nl.bootmine.com\\\/\"},{\"@type\":\"ListItem\",\"position\":2,\"name\":\"Winkel\",\"item\":\"https:\\\/\\\/p4p-nl.bootmine.com\\\/winkel\"},{\"@type\":\"ListItem\",\"position\":3,\"name\":\"Bogacare Shampoo Universal | Hond | 250 ml\"}]},{\"@type\":\"WebSite\",\"@id\":\"http:\\\/\\\/www.pharmacy4pets.nl\\\/#website\",\"url\":\"http:\\\/\\\/www.pharmacy4pets.nl\\\/\",\"name\":\"Pharmacy4pets\",\"description\":\"Pharmacy4pets.nl is d\u00e9 online apotheek waar u terecht kunt voor alle diergeneesmiddelen, verzorgingsproducten en dieetvoeding voor uw huisdier.\",\"publisher\":{\"@id\":\"http:\\\/\\\/www.pharmacy4pets.nl\\\/#organization\"},\"potentialAction\":[{\"@type\":\"SearchAction\",\"target\":{\"@type\":\"EntryPoint\",\"urlTemplate\":\"http:\\\/\\\/www.pharmacy4pets.nl\\\/?s={search_term_string}\"},\"query-input\":{\"@type\":\"PropertyValueSpecification\",\"valueRequired\":true,\"valueName\":\"search_term_string\"}}],\"inLanguage\":\"nl-NL\"},{\"@type\":\"Organization\",\"@id\":\"http:\\\/\\\/www.pharmacy4pets.nl\\\/#organization\",\"name\":\"Pharmacy4pets\",\"url\":\"http:\\\/\\\/www.pharmacy4pets.nl\\\/\",\"logo\":{\"@type\":\"ImageObject\",\"inLanguage\":\"nl-NL\",\"@id\":\"http:\\\/\\\/www.pharmacy4pets.nl\\\/#\\\/schema\\\/logo\\\/image\\\/\",\"url\":\"https:\\\/\\\/p4p-nl.bootmine.com\\\/wp-content\\\/uploads\\\/2026\\\/03\\\/logo-pharmacy4pets.png\",\"contentUrl\":\"https:\\\/\\\/p4p-nl.bootmine.com\\\/wp-content\\\/uploads\\\/2026\\\/03\\\/logo-pharmacy4pets.png\",\"width\":1024,\"height\":135,\"caption\":\"Pharmacy4pets\"},\"image\":{\"@id\":\"http:\\\/\\\/www.pharmacy4pets.nl\\\/#\\\/schema\\\/logo\\\/image\\\/\"},\"sameAs\":[\"https:\\\/\\\/www.facebook.com\\\/people\\\/Pharmacy4petsnl\\\/100063484989896\\\/\",\"https:\\\/\\\/www.youtube.com\\\/channel\\\/UCGPTIgucgli03tP2_kvLkHg\\\/featured\",\"https:\\\/\\\/www.instagram.com\\\/pharmacy4pets.nl\"]}]}<\/script>\n<!-- \/ Yoast SEO plugin. -->","yoast_head_json":{"title":"Bogacare Shampoo Universal | Hond | 250 ml - Pharmacy4pets","robots":{"index":"index","follow":"follow","max-snippet":"max-snippet:-1","max-image-preview":"max-image-preview:large","max-video-preview":"max-video-preview:-1"},"canonical":"https:\/\/www.pharmacy4pets.nl\/be\/bogacare-shampoo-universal-hond-250-ml","og_locale":"nl_NL","og_type":"article","og_title":"Bogacare Shampoo Universal | Hond | 250 ml - Pharmacy4pets","og_description":"Bogacare shampoo van het merk Bogar is speciaal ontwikkeld voor de verschillende huid- en vachttypen van de hond. Alle shampoos zijn ontwikkeld in samenwerking met dierenartsen en specialisten, vrij van siliconen en vrij van parabenen en hebben een pH-waarde die speciaal is aangepast aan de huid van de hond. De verschillende shampoos hebben allen een [&hellip;]","og_url":"https:\/\/www.pharmacy4pets.nl\/be\/bogacare-shampoo-universal-hond-250-ml","og_site_name":"Pharmacy4pets","article_publisher":"https:\/\/www.facebook.com\/people\/Pharmacy4petsnl\/100063484989896\/","article_modified_time":"2026-03-25T12:02:54+00:00","og_image":[{"width":981,"height":981,"url":"https:\/\/www.pharmacy4pets.nl\/wp-content\/uploads\/2023\/03\/25646.jpg","type":"image\/jpeg"}],"twitter_card":"summary_large_image","twitter_misc":{"Geschatte leestijd":"1 minuut"},"schema":{"@context":"https:\/\/schema.org","@graph":[{"@type":"WebPage","@id":"https:\/\/www.pharmacy4pets.nl\/be\/bogacare-shampoo-universal-hond-250-ml","url":"https:\/\/www.pharmacy4pets.nl\/be\/bogacare-shampoo-universal-hond-250-ml","name":"Bogacare Shampoo Universal | Hond | 250 ml - Pharmacy4pets","isPartOf":{"@id":"http:\/\/www.pharmacy4pets.nl\/#website"},"primaryImageOfPage":{"@id":"https:\/\/www.pharmacy4pets.nl\/be\/bogacare-shampoo-universal-hond-250-ml#primaryimage"},"image":{"@id":"https:\/\/www.pharmacy4pets.nl\/be\/bogacare-shampoo-universal-hond-250-ml#primaryimage"},"thumbnailUrl":"https:\/\/www.pharmacy4pets.nl\/wp-content\/uploads\/2023\/03\/25646.jpg","datePublished":"2023-03-10T12:17:15+00:00","dateModified":"2026-03-25T12:02:54+00:00","breadcrumb":{"@id":"https:\/\/www.pharmacy4pets.nl\/be\/bogacare-shampoo-universal-hond-250-ml#breadcrumb"},"inLanguage":"nl-NL","potentialAction":[{"@type":"ReadAction","target":["https:\/\/www.pharmacy4pets.nl\/be\/bogacare-shampoo-universal-hond-250-ml"]}]},{"@type":"ImageObject","inLanguage":"nl-NL","@id":"https:\/\/www.pharmacy4pets.nl\/be\/bogacare-shampoo-universal-hond-250-ml#primaryimage","url":"https:\/\/www.pharmacy4pets.nl\/wp-content\/uploads\/2023\/03\/25646.jpg","contentUrl":"https:\/\/www.pharmacy4pets.nl\/wp-content\/uploads\/2023\/03\/25646.jpg","width":981,"height":981,"caption":"Bogacare"},{"@type":"BreadcrumbList","@id":"https:\/\/www.pharmacy4pets.nl\/be\/bogacare-shampoo-universal-hond-250-ml#breadcrumb","itemListElement":[{"@type":"ListItem","position":1,"name":"Home","item":"https:\/\/p4p-nl.bootmine.com\/"},{"@type":"ListItem","position":2,"name":"Winkel","item":"https:\/\/p4p-nl.bootmine.com\/winkel"},{"@type":"ListItem","position":3,"name":"Bogacare Shampoo Universal | Hond | 250 ml"}]},{"@type":"WebSite","@id":"http:\/\/www.pharmacy4pets.nl\/#website","url":"http:\/\/www.pharmacy4pets.nl\/","name":"Pharmacy4pets","description":"Pharmacy4pets.nl is d\u00e9 online apotheek waar u terecht kunt voor alle diergeneesmiddelen, verzorgingsproducten en dieetvoeding voor uw huisdier.","publisher":{"@id":"http:\/\/www.pharmacy4pets.nl\/#organization"},"potentialAction":[{"@type":"SearchAction","target":{"@type":"EntryPoint","urlTemplate":"http:\/\/www.pharmacy4pets.nl\/?s={search_term_string}"},"query-input":{"@type":"PropertyValueSpecification","valueRequired":true,"valueName":"search_term_string"}}],"inLanguage":"nl-NL"},{"@type":"Organization","@id":"http:\/\/www.pharmacy4pets.nl\/#organization","name":"Pharmacy4pets","url":"http:\/\/www.pharmacy4pets.nl\/","logo":{"@type":"ImageObject","inLanguage":"nl-NL","@id":"http:\/\/www.pharmacy4pets.nl\/#\/schema\/logo\/image\/","url":"https:\/\/p4p-nl.bootmine.com\/wp-content\/uploads\/2026\/03\/logo-pharmacy4pets.png","contentUrl":"https:\/\/p4p-nl.bootmine.com\/wp-content\/uploads\/2026\/03\/logo-pharmacy4pets.png","width":1024,"height":135,"caption":"Pharmacy4pets"},"image":{"@id":"http:\/\/www.pharmacy4pets.nl\/#\/schema\/logo\/image\/"},"sameAs":["https:\/\/www.facebook.com\/people\/Pharmacy4petsnl\/100063484989896\/","https:\/\/www.youtube.com\/channel\/UCGPTIgucgli03tP2_kvLkHg\/featured","https:\/\/www.instagram.com\/pharmacy4pets.nl"]}]}},"market_data":{"nl":{"price":0,"sale_price":0,"active":false,"url":null,"parent_url":"","tax_rate":0,"price_inc_tax":0,"sale_price_inc_tax":0},"de":{"price":0,"sale_price":0,"active":false,"url":null,"parent_url":"","tax_rate":0,"price_inc_tax":0,"sale_price_inc_tax":0},"be":{"price":0,"sale_price":0,"active":false,"url":null,"parent_url":"","tax_rate":0,"price_inc_tax":0,"sale_price_inc_tax":0},"fr":{"price":0,"sale_price":0,"active":false,"url":null,"parent_url":"","tax_rate":0,"price_inc_tax":0,"sale_price_inc_tax":0},"ch":{"price":0,"sale_price":0,"active":false,"url":null,"parent_url":"","tax_rate":0,"price_inc_tax":0,"sale_price_inc_tax":0},"at":{"price":0,"sale_price":0,"active":false,"url":null,"parent_url":"","tax_rate":0,"price_inc_tax":0,"sale_price_inc_tax":0},"es":{"price":0,"sale_price":0,"active":false,"url":null,"parent_url":"","tax_rate":0,"price_inc_tax":0,"sale_price_inc_tax":0},"dk":{"price":0,"sale_price":0,"active":false,"url":null,"parent_url":"","tax_rate":0,"price_inc_tax":0,"sale_price_inc_tax":0},"com":{"price":0,"sale_price":0,"active":false,"url":null,"parent_url":"","tax_rate":0,"price_inc_tax":0,"sale_price_inc_tax":0}},"market_nl_price":0,"market_nl_sale_price":0,"market_nl_active":false,"market_nl_url":null,"market_nl_parent_url":"","market_nl_tax_rate":0,"market_nl_price_inc_tax":0,"market_nl_sale_price_inc_tax":0,"market_de_price":0,"market_de_sale_price":0,"market_de_active":false,"market_de_url":null,"market_de_parent_url":"","market_de_tax_rate":0,"market_de_price_inc_tax":0,"market_de_sale_price_inc_tax":0,"market_be_price":0,"market_be_sale_price":0,"market_be_active":false,"market_be_url":null,"market_be_parent_url":"","market_be_tax_rate":0,"market_be_price_inc_tax":0,"market_be_sale_price_inc_tax":0,"market_fr_price":0,"market_fr_sale_price":0,"market_fr_active":false,"market_fr_url":null,"market_fr_parent_url":"","market_fr_tax_rate":0,"market_fr_price_inc_tax":0,"market_fr_sale_price_inc_tax":0,"market_ch_price":0,"market_ch_sale_price":0,"market_ch_active":false,"market_ch_url":null,"market_ch_parent_url":"","market_ch_tax_rate":0,"market_ch_price_inc_tax":0,"market_ch_sale_price_inc_tax":0,"market_at_price":0,"market_at_sale_price":0,"market_at_active":false,"market_at_url":null,"market_at_parent_url":"","market_at_tax_rate":0,"market_at_price_inc_tax":0,"market_at_sale_price_inc_tax":0,"market_es_price":0,"market_es_sale_price":0,"market_es_active":false,"market_es_url":null,"market_es_parent_url":"","market_es_tax_rate":0,"market_es_price_inc_tax":0,"market_es_sale_price_inc_tax":0,"market_dk_price":0,"market_dk_sale_price":0,"market_dk_active":false,"market_dk_url":null,"market_dk_parent_url":"","market_dk_tax_rate":0,"market_dk_price_inc_tax":0,"market_dk_sale_price_inc_tax":0,"market_com_price":0,"market_com_sale_price":0,"market_com_active":false,"market_com_url":null,"market_com_parent_url":"","market_com_tax_rate":0,"market_com_price_inc_tax":0,"market_com_sale_price_inc_tax":0,"acf":[],"_links":{"self":[{"href":"https:\/\/www.pharmacy4pets.nl\/be\/wp-json\/wp\/v2\/product\/119694","targetHints":{"allow":["GET"]}}],"collection":[{"href":"https:\/\/www.pharmacy4pets.nl\/be\/wp-json\/wp\/v2\/product"}],"about":[{"href":"https:\/\/www.pharmacy4pets.nl\/be\/wp-json\/wp\/v2\/types\/product"}],"replies":[{"embeddable":true,"href":"https:\/\/www.pharmacy4pets.nl\/be\/wp-json\/wp\/v2\/comments?post=119694"}],"wp:featuredmedia":[{"embeddable":true,"href":"https:\/\/www.pharmacy4pets.nl\/be\/wp-json\/wp\/v2\/media\/119693"}],"wp:attachment":[{"href":"https:\/\/www.pharmacy4pets.nl\/be\/wp-json\/wp\/v2\/media?parent=119694"}],"wp:term":[{"taxonomy":"product_brand","embeddable":true,"href":"https:\/\/www.pharmacy4pets.nl\/be\/wp-json\/wp\/v2\/product_brand?post=119694"},{"taxonomy":"product_cat","embeddable":true,"href":"https:\/\/www.pharmacy4pets.nl\/be\/wp-json\/wp\/v2\/product_cat?post=119694"},{"taxonomy":"product_tag","embeddable":true,"href":"https:\/\/www.pharmacy4pets.nl\/be\/wp-json\/wp\/v2\/product_tag?post=119694"}],"curies":[{"name":"wp","href":"https:\/\/api.w.org\/{rel}","templated":true}]}}