{"id":119692,"date":"2023-03-10T12:17:13","date_gmt":"2023-03-10T12:17:13","guid":{"rendered":"https:\/\/p4p.test\/antisept-desinfectiespray-100-ml"},"modified":"2026-04-14T08:04:23","modified_gmt":"2026-04-14T08:04:23","slug":"antisept-desinfectiespray-100-ml","status":"publish","type":"product","link":"https:\/\/www.pharmacy4pets.nl\/be\/antisept-desinfectiespray-100-ml","title":{"rendered":"Antisept desinfectiespray 100 ml"},"content":{"rendered":"<p>Antisept desinfectiespray van Dechra is een antibacteri\u00eble spray die speciaal is ontwikkeld voor honden en katten om wonden schoon te houden. Naast de antibacteri\u00eble werking heeft Antisept ook een antischimmelwerking.<\/p>\n","protected":false},"excerpt":{"rendered":"<p>Antisept desinfectiespray van Dechra is een antibacteri\u00eble spray die speciaal is ontwikkeld voor honden en katten om wonden schoon te houden. Naast de antibacteri\u00eble werking heeft Antisept ook een antischimmelwerking.<\/p>\n","protected":false},"featured_media":119691,"comment_status":"open","ping_status":"closed","template":"","meta":{"_acf_changed":false,"_nl_post_content":"<p>Antisept desinfectiespray van Dechra is een antibacteri\u00eble spray die speciaal is ontwikkeld voor honden en katten om wonden schoon te houden. Naast de antibacteri\u00eble werking heeft Antisept ook een antischimmelwerking.<\/p>","_nl_post_name":"antisept-desinfectiespray-100-ml","_nl_post_excerpt":"","_nl_post_title":"Antisept desinfectiespray 100 ml","_en_post_content":"<p>Antisept disinfection spray from Dechra is an antibacterial spray that has been specially developed for dogs and cats to keep wounds clean. In addition to the antibacterial effect, Antisept also has an antifungal effect.<\/p>","_en_post_name":"antisept-disinfection-spray-100-ml","_en_post_excerpt":"","_en_post_title":"Antisept disinfection spray | 100 ml","_de_post_content":"<p>Antisept Desinfektionsspray von Dechra ist ein antibakterielles Spray, das speziell f\u00fcr Hunde und Katzen entwickelt wurde, um Wunden sauber zu halten. Neben der antibakteriellen Wirkung hat Antisept auch eine antimykotische Wirkung.<\/p>","_de_post_name":"antisept-desinfektionsspray-100-ml","_de_post_excerpt":"","_de_post_title":"Antisept Desinfektionsspray | 100 ml","_fr_post_content":"<p>Le spray d\u00e9sinfectant Antisept de Dechra est un spray antibact\u00e9rien sp\u00e9cialement d\u00e9velopp\u00e9 pour les chiens et les chats afin de garder les plaies propres. En plus de l'effet antibact\u00e9rien, Antisept a \u00e9galement un effet antifongique.<\/p>","_fr_post_name":"antisept-spray-desinfectant-100-ml","_fr_post_excerpt":"","_fr_post_title":"Antisept spray d\u00e9sinfectant | 100 ml","_es_post_content":"<p>Antisept spray desinfectante de Dechra es un spray antibacteriano que ha sido especialmente desarrollado para perros y gatos para mantener limpias las heridas. Adem\u00e1s del efecto antibacteriano, Antisept tambi\u00e9n tiene un efecto antif\u00fangico.<\/p>","_es_post_name":"antisept-spray-de-desinfeccion-100-ml","_es_post_excerpt":"","_es_post_title":"Antisept spray de desinfecci\u00f3n | 100 ml","edit_language":"nl"},"product_brand":[],"product_cat":[2142,1891,1861,1892,1862,1117,1974,2341,1876,1845,1118,1839,1871,1857,2005,1855,1886],"product_tag":[],"class_list":{"0":"post-119692","1":"product","2":"type-product","3":"status-publish","4":"has-post-thumbnail","6":"product_cat-antisept","7":"product_cat-benodigdheden","9":"product_cat-ehbo","11":"product_cat-honden","12":"product_cat-hotspot","14":"product_cat-huid-vacht","16":"product_cat-katten","17":"product_cat-medicijnen-supplementen","19":"product_cat-merken","20":"product_cat-ontstekingsremmer","21":"product_cat-pijn-ontsteking","23":"pa_aandoening-overig","24":"pa_doeldier-hond","25":"pa_doeldier-kat","26":"pa_fabricatieland-nederland","27":"pa_merkfilter-antisept","28":"pa_merkgroep-dechra","29":"pa_productsoort-overig","30":"pa_toedieningswijze-spray","31":"pa_unit_pricing_base_measure-10ml","32":"pa_unit_pricing_measure-100ml","33":"pa_werkzamestof-overig","35":"first","36":"instock","37":"taxable","38":"shipping-taxable","39":"purchasable","40":"product-type-simple"},"yoast_head":"<!-- This site is optimized with the Yoast SEO plugin v27.5 - https:\/\/yoast.com\/product\/yoast-seo-wordpress\/ -->\n<title>Antisept desinfectiespray 100 ml - Pharmacy4pets<\/title>\n<meta name=\"robots\" content=\"index, follow, max-snippet:-1, max-image-preview:large, max-video-preview:-1\" \/>\n<link rel=\"canonical\" href=\"https:\/\/p4p-nl.bootmine.com\/antisept-desinfectiespray-100-ml\" \/>\n<meta property=\"og:locale\" content=\"nl_NL\" \/>\n<meta property=\"og:type\" content=\"article\" \/>\n<meta property=\"og:title\" content=\"Antisept desinfectiespray 100 ml - Pharmacy4pets\" \/>\n<meta property=\"og:description\" content=\"Antisept desinfectiespray van Dechra is een antibacteri\u00eble spray die speciaal is ontwikkeld voor honden en katten om wonden schoon te houden. Naast de antibacteri\u00eble werking heeft Antisept ook een antischimmelwerking.\" \/>\n<meta property=\"og:url\" content=\"https:\/\/p4p-nl.bootmine.com\/antisept-desinfectiespray-100-ml\" \/>\n<meta property=\"og:site_name\" content=\"Pharmacy4pets\" \/>\n<meta property=\"article:publisher\" content=\"https:\/\/www.facebook.com\/people\/Pharmacy4petsnl\/100063484989896\/\" \/>\n<meta property=\"article:modified_time\" content=\"2026-04-14T08:04:23+00:00\" \/>\n<meta property=\"og:image\" content=\"https:\/\/p4p-nl.bootmine.com\/wp-content\/uploads\/2023\/03\/antisept_1.jpg\" \/>\n\t<meta property=\"og:image:width\" content=\"700\" \/>\n\t<meta property=\"og:image:height\" content=\"700\" \/>\n\t<meta property=\"og:image:type\" content=\"image\/jpeg\" \/>\n<meta name=\"twitter:card\" content=\"summary_large_image\" \/>\n<script type=\"application\/ld+json\" class=\"yoast-schema-graph\">{\"@context\":\"https:\\\/\\\/schema.org\",\"@graph\":[{\"@type\":\"WebPage\",\"@id\":\"https:\\\/\\\/p4p-nl.bootmine.com\\\/antisept-desinfectiespray-100-ml\",\"url\":\"https:\\\/\\\/p4p-nl.bootmine.com\\\/antisept-desinfectiespray-100-ml\",\"name\":\"Antisept desinfectiespray 100 ml - Pharmacy4pets\",\"isPartOf\":{\"@id\":\"http:\\\/\\\/www.pharmacy4pets.nl\\\/#website\"},\"primaryImageOfPage\":{\"@id\":\"https:\\\/\\\/p4p-nl.bootmine.com\\\/antisept-desinfectiespray-100-ml#primaryimage\"},\"image\":{\"@id\":\"https:\\\/\\\/p4p-nl.bootmine.com\\\/antisept-desinfectiespray-100-ml#primaryimage\"},\"thumbnailUrl\":\"https:\\\/\\\/www.pharmacy4pets.nl\\\/wp-content\\\/uploads\\\/2023\\\/03\\\/antisept_1.jpg\",\"datePublished\":\"2023-03-10T12:17:13+00:00\",\"dateModified\":\"2026-04-14T08:04:23+00:00\",\"breadcrumb\":{\"@id\":\"https:\\\/\\\/p4p-nl.bootmine.com\\\/antisept-desinfectiespray-100-ml#breadcrumb\"},\"inLanguage\":\"nl-NL\",\"potentialAction\":[{\"@type\":\"ReadAction\",\"target\":[\"https:\\\/\\\/p4p-nl.bootmine.com\\\/antisept-desinfectiespray-100-ml\"]}]},{\"@type\":\"ImageObject\",\"inLanguage\":\"nl-NL\",\"@id\":\"https:\\\/\\\/p4p-nl.bootmine.com\\\/antisept-desinfectiespray-100-ml#primaryimage\",\"url\":\"https:\\\/\\\/www.pharmacy4pets.nl\\\/wp-content\\\/uploads\\\/2023\\\/03\\\/antisept_1.jpg\",\"contentUrl\":\"https:\\\/\\\/www.pharmacy4pets.nl\\\/wp-content\\\/uploads\\\/2023\\\/03\\\/antisept_1.jpg\",\"width\":700,\"height\":700,\"caption\":\"AntiSept\"},{\"@type\":\"BreadcrumbList\",\"@id\":\"https:\\\/\\\/p4p-nl.bootmine.com\\\/antisept-desinfectiespray-100-ml#breadcrumb\",\"itemListElement\":[{\"@type\":\"ListItem\",\"position\":1,\"name\":\"Home\",\"item\":\"https:\\\/\\\/p4p-nl.bootmine.com\\\/\"},{\"@type\":\"ListItem\",\"position\":2,\"name\":\"Winkel\",\"item\":\"https:\\\/\\\/p4p-nl.bootmine.com\\\/winkel\"},{\"@type\":\"ListItem\",\"position\":3,\"name\":\"Antisept desinfectiespray 100 ml\"}]},{\"@type\":\"WebSite\",\"@id\":\"http:\\\/\\\/www.pharmacy4pets.nl\\\/#website\",\"url\":\"http:\\\/\\\/www.pharmacy4pets.nl\\\/\",\"name\":\"Pharmacy4pets\",\"description\":\"Pharmacy4pets.nl is d\u00e9 online apotheek waar u terecht kunt voor alle diergeneesmiddelen, verzorgingsproducten en dieetvoeding voor uw huisdier.\",\"publisher\":{\"@id\":\"http:\\\/\\\/www.pharmacy4pets.nl\\\/#organization\"},\"potentialAction\":[{\"@type\":\"SearchAction\",\"target\":{\"@type\":\"EntryPoint\",\"urlTemplate\":\"http:\\\/\\\/www.pharmacy4pets.nl\\\/?s={search_term_string}\"},\"query-input\":{\"@type\":\"PropertyValueSpecification\",\"valueRequired\":true,\"valueName\":\"search_term_string\"}}],\"inLanguage\":\"nl-NL\"},{\"@type\":\"Organization\",\"@id\":\"http:\\\/\\\/www.pharmacy4pets.nl\\\/#organization\",\"name\":\"Pharmacy4pets\",\"url\":\"http:\\\/\\\/www.pharmacy4pets.nl\\\/\",\"logo\":{\"@type\":\"ImageObject\",\"inLanguage\":\"nl-NL\",\"@id\":\"http:\\\/\\\/www.pharmacy4pets.nl\\\/#\\\/schema\\\/logo\\\/image\\\/\",\"url\":\"https:\\\/\\\/p4p-nl.bootmine.com\\\/wp-content\\\/uploads\\\/2026\\\/03\\\/logo-pharmacy4pets.png\",\"contentUrl\":\"https:\\\/\\\/p4p-nl.bootmine.com\\\/wp-content\\\/uploads\\\/2026\\\/03\\\/logo-pharmacy4pets.png\",\"width\":1024,\"height\":135,\"caption\":\"Pharmacy4pets\"},\"image\":{\"@id\":\"http:\\\/\\\/www.pharmacy4pets.nl\\\/#\\\/schema\\\/logo\\\/image\\\/\"},\"sameAs\":[\"https:\\\/\\\/www.facebook.com\\\/people\\\/Pharmacy4petsnl\\\/100063484989896\\\/\",\"https:\\\/\\\/www.youtube.com\\\/channel\\\/UCGPTIgucgli03tP2_kvLkHg\\\/featured\",\"https:\\\/\\\/www.instagram.com\\\/pharmacy4pets.nl\"]}]}<\/script>\n<!-- \/ Yoast SEO plugin. -->","yoast_head_json":{"title":"Antisept desinfectiespray 100 ml - Pharmacy4pets","robots":{"index":"index","follow":"follow","max-snippet":"max-snippet:-1","max-image-preview":"max-image-preview:large","max-video-preview":"max-video-preview:-1"},"canonical":"https:\/\/p4p-nl.bootmine.com\/antisept-desinfectiespray-100-ml","og_locale":"nl_NL","og_type":"article","og_title":"Antisept desinfectiespray 100 ml - Pharmacy4pets","og_description":"Antisept desinfectiespray van Dechra is een antibacteri\u00eble spray die speciaal is ontwikkeld voor honden en katten om wonden schoon te houden. Naast de antibacteri\u00eble werking heeft Antisept ook een antischimmelwerking.","og_url":"https:\/\/p4p-nl.bootmine.com\/antisept-desinfectiespray-100-ml","og_site_name":"Pharmacy4pets","article_publisher":"https:\/\/www.facebook.com\/people\/Pharmacy4petsnl\/100063484989896\/","article_modified_time":"2026-04-14T08:04:23+00:00","og_image":[{"width":700,"height":700,"url":"https:\/\/p4p-nl.bootmine.com\/wp-content\/uploads\/2023\/03\/antisept_1.jpg","type":"image\/jpeg"}],"twitter_card":"summary_large_image","schema":{"@context":"https:\/\/schema.org","@graph":[{"@type":"WebPage","@id":"https:\/\/p4p-nl.bootmine.com\/antisept-desinfectiespray-100-ml","url":"https:\/\/p4p-nl.bootmine.com\/antisept-desinfectiespray-100-ml","name":"Antisept desinfectiespray 100 ml - Pharmacy4pets","isPartOf":{"@id":"http:\/\/www.pharmacy4pets.nl\/#website"},"primaryImageOfPage":{"@id":"https:\/\/p4p-nl.bootmine.com\/antisept-desinfectiespray-100-ml#primaryimage"},"image":{"@id":"https:\/\/p4p-nl.bootmine.com\/antisept-desinfectiespray-100-ml#primaryimage"},"thumbnailUrl":"https:\/\/www.pharmacy4pets.nl\/wp-content\/uploads\/2023\/03\/antisept_1.jpg","datePublished":"2023-03-10T12:17:13+00:00","dateModified":"2026-04-14T08:04:23+00:00","breadcrumb":{"@id":"https:\/\/p4p-nl.bootmine.com\/antisept-desinfectiespray-100-ml#breadcrumb"},"inLanguage":"nl-NL","potentialAction":[{"@type":"ReadAction","target":["https:\/\/p4p-nl.bootmine.com\/antisept-desinfectiespray-100-ml"]}]},{"@type":"ImageObject","inLanguage":"nl-NL","@id":"https:\/\/p4p-nl.bootmine.com\/antisept-desinfectiespray-100-ml#primaryimage","url":"https:\/\/www.pharmacy4pets.nl\/wp-content\/uploads\/2023\/03\/antisept_1.jpg","contentUrl":"https:\/\/www.pharmacy4pets.nl\/wp-content\/uploads\/2023\/03\/antisept_1.jpg","width":700,"height":700,"caption":"AntiSept"},{"@type":"BreadcrumbList","@id":"https:\/\/p4p-nl.bootmine.com\/antisept-desinfectiespray-100-ml#breadcrumb","itemListElement":[{"@type":"ListItem","position":1,"name":"Home","item":"https:\/\/p4p-nl.bootmine.com\/"},{"@type":"ListItem","position":2,"name":"Winkel","item":"https:\/\/p4p-nl.bootmine.com\/winkel"},{"@type":"ListItem","position":3,"name":"Antisept desinfectiespray 100 ml"}]},{"@type":"WebSite","@id":"http:\/\/www.pharmacy4pets.nl\/#website","url":"http:\/\/www.pharmacy4pets.nl\/","name":"Pharmacy4pets","description":"Pharmacy4pets.nl is d\u00e9 online apotheek waar u terecht kunt voor alle diergeneesmiddelen, verzorgingsproducten en dieetvoeding voor uw huisdier.","publisher":{"@id":"http:\/\/www.pharmacy4pets.nl\/#organization"},"potentialAction":[{"@type":"SearchAction","target":{"@type":"EntryPoint","urlTemplate":"http:\/\/www.pharmacy4pets.nl\/?s={search_term_string}"},"query-input":{"@type":"PropertyValueSpecification","valueRequired":true,"valueName":"search_term_string"}}],"inLanguage":"nl-NL"},{"@type":"Organization","@id":"http:\/\/www.pharmacy4pets.nl\/#organization","name":"Pharmacy4pets","url":"http:\/\/www.pharmacy4pets.nl\/","logo":{"@type":"ImageObject","inLanguage":"nl-NL","@id":"http:\/\/www.pharmacy4pets.nl\/#\/schema\/logo\/image\/","url":"https:\/\/p4p-nl.bootmine.com\/wp-content\/uploads\/2026\/03\/logo-pharmacy4pets.png","contentUrl":"https:\/\/p4p-nl.bootmine.com\/wp-content\/uploads\/2026\/03\/logo-pharmacy4pets.png","width":1024,"height":135,"caption":"Pharmacy4pets"},"image":{"@id":"http:\/\/www.pharmacy4pets.nl\/#\/schema\/logo\/image\/"},"sameAs":["https:\/\/www.facebook.com\/people\/Pharmacy4petsnl\/100063484989896\/","https:\/\/www.youtube.com\/channel\/UCGPTIgucgli03tP2_kvLkHg\/featured","https:\/\/www.instagram.com\/pharmacy4pets.nl"]}]}},"market_data":{"nl":{"price":0,"sale_price":0,"active":false,"url":null,"parent_url":"","tax_rate":0,"price_inc_tax":0,"sale_price_inc_tax":0},"de":{"price":0,"sale_price":0,"active":false,"url":null,"parent_url":"","tax_rate":0,"price_inc_tax":0,"sale_price_inc_tax":0},"be":{"price":0,"sale_price":0,"active":false,"url":null,"parent_url":"","tax_rate":0,"price_inc_tax":0,"sale_price_inc_tax":0},"fr":{"price":0,"sale_price":0,"active":false,"url":null,"parent_url":"","tax_rate":0,"price_inc_tax":0,"sale_price_inc_tax":0},"ch":{"price":0,"sale_price":0,"active":false,"url":null,"parent_url":"","tax_rate":0,"price_inc_tax":0,"sale_price_inc_tax":0},"at":{"price":0,"sale_price":0,"active":false,"url":null,"parent_url":"","tax_rate":0,"price_inc_tax":0,"sale_price_inc_tax":0},"es":{"price":0,"sale_price":0,"active":false,"url":null,"parent_url":"","tax_rate":0,"price_inc_tax":0,"sale_price_inc_tax":0},"dk":{"price":0,"sale_price":0,"active":false,"url":null,"parent_url":"","tax_rate":0,"price_inc_tax":0,"sale_price_inc_tax":0},"com":{"price":0,"sale_price":0,"active":false,"url":null,"parent_url":"","tax_rate":0,"price_inc_tax":0,"sale_price_inc_tax":0}},"market_nl_price":0,"market_nl_sale_price":0,"market_nl_active":false,"market_nl_url":null,"market_nl_parent_url":"","market_nl_tax_rate":0,"market_nl_price_inc_tax":0,"market_nl_sale_price_inc_tax":0,"market_de_price":0,"market_de_sale_price":0,"market_de_active":false,"market_de_url":null,"market_de_parent_url":"","market_de_tax_rate":0,"market_de_price_inc_tax":0,"market_de_sale_price_inc_tax":0,"market_be_price":0,"market_be_sale_price":0,"market_be_active":false,"market_be_url":null,"market_be_parent_url":"","market_be_tax_rate":0,"market_be_price_inc_tax":0,"market_be_sale_price_inc_tax":0,"market_fr_price":0,"market_fr_sale_price":0,"market_fr_active":false,"market_fr_url":null,"market_fr_parent_url":"","market_fr_tax_rate":0,"market_fr_price_inc_tax":0,"market_fr_sale_price_inc_tax":0,"market_ch_price":0,"market_ch_sale_price":0,"market_ch_active":false,"market_ch_url":null,"market_ch_parent_url":"","market_ch_tax_rate":0,"market_ch_price_inc_tax":0,"market_ch_sale_price_inc_tax":0,"market_at_price":0,"market_at_sale_price":0,"market_at_active":false,"market_at_url":null,"market_at_parent_url":"","market_at_tax_rate":0,"market_at_price_inc_tax":0,"market_at_sale_price_inc_tax":0,"market_es_price":0,"market_es_sale_price":0,"market_es_active":false,"market_es_url":null,"market_es_parent_url":"","market_es_tax_rate":0,"market_es_price_inc_tax":0,"market_es_sale_price_inc_tax":0,"market_dk_price":0,"market_dk_sale_price":0,"market_dk_active":false,"market_dk_url":null,"market_dk_parent_url":"","market_dk_tax_rate":0,"market_dk_price_inc_tax":0,"market_dk_sale_price_inc_tax":0,"market_com_price":0,"market_com_sale_price":0,"market_com_active":false,"market_com_url":null,"market_com_parent_url":"","market_com_tax_rate":0,"market_com_price_inc_tax":0,"market_com_sale_price_inc_tax":0,"acf":[],"_links":{"self":[{"href":"https:\/\/www.pharmacy4pets.nl\/be\/wp-json\/wp\/v2\/product\/119692","targetHints":{"allow":["GET"]}}],"collection":[{"href":"https:\/\/www.pharmacy4pets.nl\/be\/wp-json\/wp\/v2\/product"}],"about":[{"href":"https:\/\/www.pharmacy4pets.nl\/be\/wp-json\/wp\/v2\/types\/product"}],"replies":[{"embeddable":true,"href":"https:\/\/www.pharmacy4pets.nl\/be\/wp-json\/wp\/v2\/comments?post=119692"}],"wp:featuredmedia":[{"embeddable":true,"href":"https:\/\/www.pharmacy4pets.nl\/be\/wp-json\/wp\/v2\/media\/119691"}],"wp:attachment":[{"href":"https:\/\/www.pharmacy4pets.nl\/be\/wp-json\/wp\/v2\/media?parent=119692"}],"wp:term":[{"taxonomy":"product_brand","embeddable":true,"href":"https:\/\/www.pharmacy4pets.nl\/be\/wp-json\/wp\/v2\/product_brand?post=119692"},{"taxonomy":"product_cat","embeddable":true,"href":"https:\/\/www.pharmacy4pets.nl\/be\/wp-json\/wp\/v2\/product_cat?post=119692"},{"taxonomy":"product_tag","embeddable":true,"href":"https:\/\/www.pharmacy4pets.nl\/be\/wp-json\/wp\/v2\/product_tag?post=119692"}],"curies":[{"name":"wp","href":"https:\/\/api.w.org\/{rel}","templated":true}]}}