{"id":119680,"date":"2023-03-10T12:17:10","date_gmt":"2023-03-10T12:17:10","guid":{"rendered":"https:\/\/p4p.test\/allerderm-foam-100-ml"},"modified":"2026-04-14T08:04:22","modified_gmt":"2026-04-14T08:04:22","slug":"allerderm-foam-100-ml","status":"publish","type":"product","link":"https:\/\/www.pharmacy4pets.nl\/be\/allerderm-foam-100-ml","title":{"rendered":"Allerderm Foam | 100 ml"},"content":{"rendered":"<p>Allerderm Foam is de perfecte oplossing om de vacht van de hond of kat te reinigen. Het reiniggingsschuim is gemakkelijk in gebruik, hoeft niet te worden uitgespoeld en is mild voor de huid. <\/p>\n<\/ol>\n<p>Allerderm Foam is geschikt voor alle huidtypes inclusief een gevoelige huid.  <\/p>\n","protected":false},"excerpt":{"rendered":"<p>Allerderm Foam is de perfecte oplossing om de vacht van de hond of kat te reinigen. Het reiniggingsschuim is gemakkelijk in gebruik, hoeft niet te worden uitgespoeld en is mild voor de huid. Allerderm Foam is geschikt voor alle huidtypes inclusief een gevoelige huid.<\/p>\n","protected":false},"featured_media":119679,"comment_status":"open","ping_status":"closed","template":"","meta":{"_acf_changed":false,"_nl_post_content":"<p>Allerderm Foam is de perfecte oplossing om de vacht van de hond of kat te reinigen. Het reiniggingsschuim is gemakkelijk in gebruik, hoeft niet te worden uitgespoeld en is mild voor de huid. <\/p> <\/ol> <p>Allerderm Foam is geschikt voor alle huidtypes inclusief een gevoelige huid.  <\/p>","_nl_post_name":"allerderm-foam-100-ml","_nl_post_excerpt":"","_nl_post_title":"Allerderm Foam | 100 ml","_en_post_content":"<p>Allederm Foam is the perfect solution to clean the coat of your dog or cat. The cleansing foam is easy to use, does not need to be rinsed and is gentle on the skin. <\/p> <\/ol> <p>Allerderm Foam is suitable for all skin types including sensitive skin. <\/p>","_en_post_name":"allerderm-foam-100-ml","_en_post_excerpt":"","_en_post_title":"Allerderm Foam | 100 ml","_de_post_content":"<p>Allederm Foam ist die perfekte L\u00f6sung, um das Fell Ihres Hundes oder Ihrer Katze zu reinigen. Der Reinigungsschaum ist einfach anzuwenden, muss nicht abgesp\u00fclt werden und ist sanft zur Haut. <\/p> <\/ol> <p>Allerderm Foam ist f\u00fcr alle Hauttypen geeignet, auch f\u00fcr empfindliche Haut. <\/p>","_de_post_name":"allerderm-foam-100-ml","_de_post_excerpt":"","_de_post_title":"Allerderm Foam | 100 ml","_fr_post_content":"<p>Allederm Foam est la solution parfaite pour nettoyer le pelage de votre chien ou chat. La mousse nettoyante est facile \u00e0 utiliser, ne n\u00e9cessite pas de rin\u00e7age et est douce pour la peau. <\/p> <\/ol> <p>La mousse Allerderm convient \u00e0 tous les types de peau, y compris les peaux sensibles. <\/p>","_fr_post_name":"allerderm-foam-100-ml","_fr_post_excerpt":"","_fr_post_title":"Allerderm Foam | 100 ml","_es_post_content":"<p>Allederm Foam es la soluci\u00f3n perfecta para limpiar el pelaje de tu perro o gato. La espuma limpiadora es f\u00e1cil de usar, no necesita aclarado y es suave para la piel. <\/p> <\/ol> <p>Allerderm Foam es adecuado para todo tipo de pieles, incluidas las sensibles. <\/p>","_es_post_name":"allerderm-foam-100-ml","_es_post_excerpt":"","_es_post_title":"Allerderm Foam | 100 ml","edit_language":"nl"},"product_brand":[],"product_cat":[1903,2182,1891,1861,1117,1876,1845,1118,2178,1839,1871,1857,1863,1893,2193],"product_tag":[],"class_list":{"0":"post-119680","1":"product","2":"type-product","3":"status-publish","4":"has-post-thumbnail","6":"product_cat-allerderm","7":"product_cat-kitten-benodigdheden","8":"product_cat-benodigdheden","10":"product_cat-honden","11":"product_cat-huid-vacht","13":"product_cat-katten","14":"product_cat-kitten","15":"product_cat-medicijnen-supplementen","17":"product_cat-merken","18":"product_cat-verzorging","21":"pa_aandoening-huid_vacht","22":"pa_doeldier-hond","23":"pa_doeldier-kat","24":"pa_fabricatieland-frankrijk","25":"pa_merkfilter-allerderm","26":"pa_merkgroep-virbac","27":"pa_productsoort-overig","28":"pa_toedieningswijze-mousse","29":"pa_unit_pricing_base_measure-10ml","30":"pa_unit_pricing_measure-100ml","31":"pa_werkzamestof-salicylzuur","33":"first","34":"instock","35":"taxable","36":"shipping-taxable","37":"purchasable","38":"product-type-simple"},"yoast_head":"<!-- This site is optimized with the Yoast SEO plugin v27.5 - https:\/\/yoast.com\/product\/yoast-seo-wordpress\/ -->\n<title>Allerderm Foam | 100 ml - Pharmacy4pets<\/title>\n<meta name=\"robots\" content=\"index, follow, max-snippet:-1, max-image-preview:large, max-video-preview:-1\" \/>\n<link rel=\"canonical\" href=\"https:\/\/p4p-nl.bootmine.com\/allerderm-foam-100-ml\" \/>\n<meta property=\"og:locale\" content=\"nl_NL\" \/>\n<meta property=\"og:type\" content=\"article\" \/>\n<meta property=\"og:title\" content=\"Allerderm Foam | 100 ml - Pharmacy4pets\" \/>\n<meta property=\"og:description\" content=\"Allerderm Foam is de perfecte oplossing om de vacht van de hond of kat te reinigen. Het reiniggingsschuim is gemakkelijk in gebruik, hoeft niet te worden uitgespoeld en is mild voor de huid. Allerderm Foam is geschikt voor alle huidtypes inclusief een gevoelige huid.\" \/>\n<meta property=\"og:url\" content=\"https:\/\/p4p-nl.bootmine.com\/allerderm-foam-100-ml\" \/>\n<meta property=\"og:site_name\" content=\"Pharmacy4pets\" \/>\n<meta property=\"article:publisher\" content=\"https:\/\/www.facebook.com\/people\/Pharmacy4petsnl\/100063484989896\/\" \/>\n<meta property=\"article:modified_time\" content=\"2026-04-14T08:04:22+00:00\" \/>\n<meta property=\"og:image\" content=\"https:\/\/p4p-nl.bootmine.com\/wp-content\/uploads\/2023\/03\/25867.jpg\" \/>\n\t<meta property=\"og:image:width\" content=\"400\" \/>\n\t<meta property=\"og:image:height\" content=\"600\" \/>\n\t<meta property=\"og:image:type\" content=\"image\/jpeg\" \/>\n<meta name=\"twitter:card\" content=\"summary_large_image\" \/>\n<script type=\"application\/ld+json\" class=\"yoast-schema-graph\">{\"@context\":\"https:\\\/\\\/schema.org\",\"@graph\":[{\"@type\":\"WebPage\",\"@id\":\"https:\\\/\\\/p4p-nl.bootmine.com\\\/allerderm-foam-100-ml\",\"url\":\"https:\\\/\\\/p4p-nl.bootmine.com\\\/allerderm-foam-100-ml\",\"name\":\"Allerderm Foam | 100 ml - Pharmacy4pets\",\"isPartOf\":{\"@id\":\"http:\\\/\\\/www.pharmacy4pets.nl\\\/#website\"},\"primaryImageOfPage\":{\"@id\":\"https:\\\/\\\/p4p-nl.bootmine.com\\\/allerderm-foam-100-ml#primaryimage\"},\"image\":{\"@id\":\"https:\\\/\\\/p4p-nl.bootmine.com\\\/allerderm-foam-100-ml#primaryimage\"},\"thumbnailUrl\":\"https:\\\/\\\/www.pharmacy4pets.nl\\\/wp-content\\\/uploads\\\/2023\\\/03\\\/25867.jpg\",\"datePublished\":\"2023-03-10T12:17:10+00:00\",\"dateModified\":\"2026-04-14T08:04:22+00:00\",\"breadcrumb\":{\"@id\":\"https:\\\/\\\/p4p-nl.bootmine.com\\\/allerderm-foam-100-ml#breadcrumb\"},\"inLanguage\":\"nl-NL\",\"potentialAction\":[{\"@type\":\"ReadAction\",\"target\":[\"https:\\\/\\\/p4p-nl.bootmine.com\\\/allerderm-foam-100-ml\"]}]},{\"@type\":\"ImageObject\",\"inLanguage\":\"nl-NL\",\"@id\":\"https:\\\/\\\/p4p-nl.bootmine.com\\\/allerderm-foam-100-ml#primaryimage\",\"url\":\"https:\\\/\\\/www.pharmacy4pets.nl\\\/wp-content\\\/uploads\\\/2023\\\/03\\\/25867.jpg\",\"contentUrl\":\"https:\\\/\\\/www.pharmacy4pets.nl\\\/wp-content\\\/uploads\\\/2023\\\/03\\\/25867.jpg\",\"width\":400,\"height\":600,\"caption\":\"Allerderm\"},{\"@type\":\"BreadcrumbList\",\"@id\":\"https:\\\/\\\/p4p-nl.bootmine.com\\\/allerderm-foam-100-ml#breadcrumb\",\"itemListElement\":[{\"@type\":\"ListItem\",\"position\":1,\"name\":\"Home\",\"item\":\"https:\\\/\\\/p4p-nl.bootmine.com\\\/\"},{\"@type\":\"ListItem\",\"position\":2,\"name\":\"Winkel\",\"item\":\"https:\\\/\\\/p4p-nl.bootmine.com\\\/winkel\"},{\"@type\":\"ListItem\",\"position\":3,\"name\":\"Allerderm Foam | 100 ml\"}]},{\"@type\":\"WebSite\",\"@id\":\"http:\\\/\\\/www.pharmacy4pets.nl\\\/#website\",\"url\":\"http:\\\/\\\/www.pharmacy4pets.nl\\\/\",\"name\":\"Pharmacy4pets\",\"description\":\"Pharmacy4pets.nl is d\u00e9 online apotheek waar u terecht kunt voor alle diergeneesmiddelen, verzorgingsproducten en dieetvoeding voor uw huisdier.\",\"publisher\":{\"@id\":\"http:\\\/\\\/www.pharmacy4pets.nl\\\/#organization\"},\"potentialAction\":[{\"@type\":\"SearchAction\",\"target\":{\"@type\":\"EntryPoint\",\"urlTemplate\":\"http:\\\/\\\/www.pharmacy4pets.nl\\\/?s={search_term_string}\"},\"query-input\":{\"@type\":\"PropertyValueSpecification\",\"valueRequired\":true,\"valueName\":\"search_term_string\"}}],\"inLanguage\":\"nl-NL\"},{\"@type\":\"Organization\",\"@id\":\"http:\\\/\\\/www.pharmacy4pets.nl\\\/#organization\",\"name\":\"Pharmacy4pets\",\"url\":\"http:\\\/\\\/www.pharmacy4pets.nl\\\/\",\"logo\":{\"@type\":\"ImageObject\",\"inLanguage\":\"nl-NL\",\"@id\":\"http:\\\/\\\/www.pharmacy4pets.nl\\\/#\\\/schema\\\/logo\\\/image\\\/\",\"url\":\"https:\\\/\\\/p4p-nl.bootmine.com\\\/wp-content\\\/uploads\\\/2026\\\/03\\\/logo-pharmacy4pets.png\",\"contentUrl\":\"https:\\\/\\\/p4p-nl.bootmine.com\\\/wp-content\\\/uploads\\\/2026\\\/03\\\/logo-pharmacy4pets.png\",\"width\":1024,\"height\":135,\"caption\":\"Pharmacy4pets\"},\"image\":{\"@id\":\"http:\\\/\\\/www.pharmacy4pets.nl\\\/#\\\/schema\\\/logo\\\/image\\\/\"},\"sameAs\":[\"https:\\\/\\\/www.facebook.com\\\/people\\\/Pharmacy4petsnl\\\/100063484989896\\\/\",\"https:\\\/\\\/www.youtube.com\\\/channel\\\/UCGPTIgucgli03tP2_kvLkHg\\\/featured\",\"https:\\\/\\\/www.instagram.com\\\/pharmacy4pets.nl\"]}]}<\/script>\n<!-- \/ Yoast SEO plugin. -->","yoast_head_json":{"title":"Allerderm Foam | 100 ml - Pharmacy4pets","robots":{"index":"index","follow":"follow","max-snippet":"max-snippet:-1","max-image-preview":"max-image-preview:large","max-video-preview":"max-video-preview:-1"},"canonical":"https:\/\/p4p-nl.bootmine.com\/allerderm-foam-100-ml","og_locale":"nl_NL","og_type":"article","og_title":"Allerderm Foam | 100 ml - Pharmacy4pets","og_description":"Allerderm Foam is de perfecte oplossing om de vacht van de hond of kat te reinigen. Het reiniggingsschuim is gemakkelijk in gebruik, hoeft niet te worden uitgespoeld en is mild voor de huid. Allerderm Foam is geschikt voor alle huidtypes inclusief een gevoelige huid.","og_url":"https:\/\/p4p-nl.bootmine.com\/allerderm-foam-100-ml","og_site_name":"Pharmacy4pets","article_publisher":"https:\/\/www.facebook.com\/people\/Pharmacy4petsnl\/100063484989896\/","article_modified_time":"2026-04-14T08:04:22+00:00","og_image":[{"width":400,"height":600,"url":"https:\/\/p4p-nl.bootmine.com\/wp-content\/uploads\/2023\/03\/25867.jpg","type":"image\/jpeg"}],"twitter_card":"summary_large_image","schema":{"@context":"https:\/\/schema.org","@graph":[{"@type":"WebPage","@id":"https:\/\/p4p-nl.bootmine.com\/allerderm-foam-100-ml","url":"https:\/\/p4p-nl.bootmine.com\/allerderm-foam-100-ml","name":"Allerderm Foam | 100 ml - Pharmacy4pets","isPartOf":{"@id":"http:\/\/www.pharmacy4pets.nl\/#website"},"primaryImageOfPage":{"@id":"https:\/\/p4p-nl.bootmine.com\/allerderm-foam-100-ml#primaryimage"},"image":{"@id":"https:\/\/p4p-nl.bootmine.com\/allerderm-foam-100-ml#primaryimage"},"thumbnailUrl":"https:\/\/www.pharmacy4pets.nl\/wp-content\/uploads\/2023\/03\/25867.jpg","datePublished":"2023-03-10T12:17:10+00:00","dateModified":"2026-04-14T08:04:22+00:00","breadcrumb":{"@id":"https:\/\/p4p-nl.bootmine.com\/allerderm-foam-100-ml#breadcrumb"},"inLanguage":"nl-NL","potentialAction":[{"@type":"ReadAction","target":["https:\/\/p4p-nl.bootmine.com\/allerderm-foam-100-ml"]}]},{"@type":"ImageObject","inLanguage":"nl-NL","@id":"https:\/\/p4p-nl.bootmine.com\/allerderm-foam-100-ml#primaryimage","url":"https:\/\/www.pharmacy4pets.nl\/wp-content\/uploads\/2023\/03\/25867.jpg","contentUrl":"https:\/\/www.pharmacy4pets.nl\/wp-content\/uploads\/2023\/03\/25867.jpg","width":400,"height":600,"caption":"Allerderm"},{"@type":"BreadcrumbList","@id":"https:\/\/p4p-nl.bootmine.com\/allerderm-foam-100-ml#breadcrumb","itemListElement":[{"@type":"ListItem","position":1,"name":"Home","item":"https:\/\/p4p-nl.bootmine.com\/"},{"@type":"ListItem","position":2,"name":"Winkel","item":"https:\/\/p4p-nl.bootmine.com\/winkel"},{"@type":"ListItem","position":3,"name":"Allerderm Foam | 100 ml"}]},{"@type":"WebSite","@id":"http:\/\/www.pharmacy4pets.nl\/#website","url":"http:\/\/www.pharmacy4pets.nl\/","name":"Pharmacy4pets","description":"Pharmacy4pets.nl is d\u00e9 online apotheek waar u terecht kunt voor alle diergeneesmiddelen, verzorgingsproducten en dieetvoeding voor uw huisdier.","publisher":{"@id":"http:\/\/www.pharmacy4pets.nl\/#organization"},"potentialAction":[{"@type":"SearchAction","target":{"@type":"EntryPoint","urlTemplate":"http:\/\/www.pharmacy4pets.nl\/?s={search_term_string}"},"query-input":{"@type":"PropertyValueSpecification","valueRequired":true,"valueName":"search_term_string"}}],"inLanguage":"nl-NL"},{"@type":"Organization","@id":"http:\/\/www.pharmacy4pets.nl\/#organization","name":"Pharmacy4pets","url":"http:\/\/www.pharmacy4pets.nl\/","logo":{"@type":"ImageObject","inLanguage":"nl-NL","@id":"http:\/\/www.pharmacy4pets.nl\/#\/schema\/logo\/image\/","url":"https:\/\/p4p-nl.bootmine.com\/wp-content\/uploads\/2026\/03\/logo-pharmacy4pets.png","contentUrl":"https:\/\/p4p-nl.bootmine.com\/wp-content\/uploads\/2026\/03\/logo-pharmacy4pets.png","width":1024,"height":135,"caption":"Pharmacy4pets"},"image":{"@id":"http:\/\/www.pharmacy4pets.nl\/#\/schema\/logo\/image\/"},"sameAs":["https:\/\/www.facebook.com\/people\/Pharmacy4petsnl\/100063484989896\/","https:\/\/www.youtube.com\/channel\/UCGPTIgucgli03tP2_kvLkHg\/featured","https:\/\/www.instagram.com\/pharmacy4pets.nl"]}]}},"market_data":{"nl":{"price":0,"sale_price":0,"active":false,"url":null,"parent_url":"","tax_rate":0,"price_inc_tax":0,"sale_price_inc_tax":0},"de":{"price":0,"sale_price":0,"active":false,"url":null,"parent_url":"","tax_rate":0,"price_inc_tax":0,"sale_price_inc_tax":0},"be":{"price":0,"sale_price":0,"active":false,"url":null,"parent_url":"","tax_rate":0,"price_inc_tax":0,"sale_price_inc_tax":0},"fr":{"price":0,"sale_price":0,"active":false,"url":null,"parent_url":"","tax_rate":0,"price_inc_tax":0,"sale_price_inc_tax":0},"ch":{"price":0,"sale_price":0,"active":false,"url":null,"parent_url":"","tax_rate":0,"price_inc_tax":0,"sale_price_inc_tax":0},"at":{"price":0,"sale_price":0,"active":false,"url":null,"parent_url":"","tax_rate":0,"price_inc_tax":0,"sale_price_inc_tax":0},"es":{"price":0,"sale_price":0,"active":false,"url":null,"parent_url":"","tax_rate":0,"price_inc_tax":0,"sale_price_inc_tax":0},"dk":{"price":0,"sale_price":0,"active":false,"url":null,"parent_url":"","tax_rate":0,"price_inc_tax":0,"sale_price_inc_tax":0},"com":{"price":0,"sale_price":0,"active":false,"url":null,"parent_url":"","tax_rate":0,"price_inc_tax":0,"sale_price_inc_tax":0}},"market_nl_price":0,"market_nl_sale_price":0,"market_nl_active":false,"market_nl_url":null,"market_nl_parent_url":"","market_nl_tax_rate":0,"market_nl_price_inc_tax":0,"market_nl_sale_price_inc_tax":0,"market_de_price":0,"market_de_sale_price":0,"market_de_active":false,"market_de_url":null,"market_de_parent_url":"","market_de_tax_rate":0,"market_de_price_inc_tax":0,"market_de_sale_price_inc_tax":0,"market_be_price":0,"market_be_sale_price":0,"market_be_active":false,"market_be_url":null,"market_be_parent_url":"","market_be_tax_rate":0,"market_be_price_inc_tax":0,"market_be_sale_price_inc_tax":0,"market_fr_price":0,"market_fr_sale_price":0,"market_fr_active":false,"market_fr_url":null,"market_fr_parent_url":"","market_fr_tax_rate":0,"market_fr_price_inc_tax":0,"market_fr_sale_price_inc_tax":0,"market_ch_price":0,"market_ch_sale_price":0,"market_ch_active":false,"market_ch_url":null,"market_ch_parent_url":"","market_ch_tax_rate":0,"market_ch_price_inc_tax":0,"market_ch_sale_price_inc_tax":0,"market_at_price":0,"market_at_sale_price":0,"market_at_active":false,"market_at_url":null,"market_at_parent_url":"","market_at_tax_rate":0,"market_at_price_inc_tax":0,"market_at_sale_price_inc_tax":0,"market_es_price":0,"market_es_sale_price":0,"market_es_active":false,"market_es_url":null,"market_es_parent_url":"","market_es_tax_rate":0,"market_es_price_inc_tax":0,"market_es_sale_price_inc_tax":0,"market_dk_price":0,"market_dk_sale_price":0,"market_dk_active":false,"market_dk_url":null,"market_dk_parent_url":"","market_dk_tax_rate":0,"market_dk_price_inc_tax":0,"market_dk_sale_price_inc_tax":0,"market_com_price":0,"market_com_sale_price":0,"market_com_active":false,"market_com_url":null,"market_com_parent_url":"","market_com_tax_rate":0,"market_com_price_inc_tax":0,"market_com_sale_price_inc_tax":0,"acf":[],"_links":{"self":[{"href":"https:\/\/www.pharmacy4pets.nl\/be\/wp-json\/wp\/v2\/product\/119680","targetHints":{"allow":["GET"]}}],"collection":[{"href":"https:\/\/www.pharmacy4pets.nl\/be\/wp-json\/wp\/v2\/product"}],"about":[{"href":"https:\/\/www.pharmacy4pets.nl\/be\/wp-json\/wp\/v2\/types\/product"}],"replies":[{"embeddable":true,"href":"https:\/\/www.pharmacy4pets.nl\/be\/wp-json\/wp\/v2\/comments?post=119680"}],"wp:featuredmedia":[{"embeddable":true,"href":"https:\/\/www.pharmacy4pets.nl\/be\/wp-json\/wp\/v2\/media\/119679"}],"wp:attachment":[{"href":"https:\/\/www.pharmacy4pets.nl\/be\/wp-json\/wp\/v2\/media?parent=119680"}],"wp:term":[{"taxonomy":"product_brand","embeddable":true,"href":"https:\/\/www.pharmacy4pets.nl\/be\/wp-json\/wp\/v2\/product_brand?post=119680"},{"taxonomy":"product_cat","embeddable":true,"href":"https:\/\/www.pharmacy4pets.nl\/be\/wp-json\/wp\/v2\/product_cat?post=119680"},{"taxonomy":"product_tag","embeddable":true,"href":"https:\/\/www.pharmacy4pets.nl\/be\/wp-json\/wp\/v2\/product_tag?post=119680"}],"curies":[{"name":"wp","href":"https:\/\/api.w.org\/{rel}","templated":true}]}}