{"id":119658,"date":"2023-03-10T12:17:07","date_gmt":"2023-03-10T12:17:07","guid":{"rendered":"https:\/\/p4p.test\/adaptil-calm-navulflacon-3x-48-ml"},"modified":"2026-04-14T08:04:20","modified_gmt":"2026-04-14T08:04:20","slug":"adaptil-calm-navulflacon-3x-48-ml","status":"publish","type":"product","link":"https:\/\/www.pharmacy4pets.nl\/be\/adaptil-calm-navulflacon-3x-48-ml","title":{"rendered":"Adaptil Calm Navulflacon 3x 48 ml"},"content":{"rendered":"<p>Adaptil Calm navulling helpt bij het geruststellen van honden, ondersteunt bij stress\/spanning en geeft honden een veilig gevoel.<\/p>\n<p><span style=\"text-decoration: underline;\">Toediening:<br \/><\/span>De Adaptil Calm navulling is een flacon voor de Adaptil Calm verdamper.\u00a0De flacon kunt u gedurende 4 weken gebruiken en heeft een bereik van 50-70m2.<\/p>\n<p><span style=\"text-decoration: underline;\">Verpakking:<br \/><\/span>De verpakking bevat een navulling van 48 ml.<\/p>\n","protected":false},"excerpt":{"rendered":"<p>Adaptil Calm navulling helpt bij het geruststellen van honden, ondersteunt bij stress\/spanning en geeft honden een veilig gevoel. Toediening:De Adaptil Calm navulling is een flacon voor de Adaptil Calm verdamper.\u00a0De flacon kunt u gedurende 4 weken gebruiken en heeft een bereik van 50-70m2. Verpakking:De verpakking bevat een navulling van 48 ml.<\/p>\n","protected":false},"featured_media":119657,"comment_status":"open","ping_status":"closed","template":"","meta":{"_acf_changed":false,"_nl_post_content":"<p>Adaptil Calm navulling helpt bij het geruststellen van honden, ondersteunt bij stress\/spanning en geeft honden een veilig gevoel.<\/p>\n<p><span style=\"text-decoration: underline;\">Toediening:<br \/><\/span>De Adaptil Calm navulling is een flacon voor de Adaptil Calm verdamper.\u00a0De flacon kunt u gedurende 4 weken gebruiken en heeft een bereik van 50-70m2.<\/p>\n<p><span style=\"text-decoration: underline;\">Verpakking:<br \/><\/span>De verpakking bevat een navulling van 48 ml.<\/p>","_nl_post_name":"adaptil-calm-navulflacon-3x-48-ml","_nl_post_excerpt":"","_nl_post_title":"Adaptil Calm Navulflacon 3x 48 ml","_en_post_content":"<p>The Adaptil Calm Refill bottle is made for the Adaptil Calm Vaporizer. The vial can be used for 4 weeks and has a range of 50-70m2.<\/p>","_en_post_name":"adaptil-calm-refill-3x-48-ml","_en_post_excerpt":"","_en_post_title":"Adaptil Calm Refill 3x 48 ml","_de_post_content":"<p>Die Adaptil Calm Nachf\u00fcllflakon ist f\u00fcr den Adaptil Calm Verdampfer gemacht. Sie k\u00f6nnen das Fl\u00e4schchen f\u00fcr 4 Wochen verwenden und es hat eine Reichweite von 50-70m2.<\/p>","_de_post_name":"adaptil-calm-nachfullflakon-3x-48-ml","_de_post_excerpt":"","_de_post_title":"Adaptil Calm Nachf\u00fcllflakon 3x 48 ml","_fr_post_content":"<Le flacon de Recharge Adaptil Calm est con\u00e7u pour le diffuseur Adaptil Calm. Vous pouvez utiliser le flacon pendant 4 semaines et il a une port\u00e9e de 50-70m2.<\/p>","_fr_post_name":"adaptil-calm-recharge-3x-48-ml","_fr_post_excerpt":"","_fr_post_title":"Adaptil Calm Recharge 3x 48 ml","_es_post_content":"<p>La botella de recambio Adaptil Calm est\u00e1 hecha para el Adaptil Calm difusor. Puede utilizar el frasco durante 4 semanas y tiene un alcance de 50-70m2.<\/p>\n<p>El frasco de recarga de Adaptil Calm est\u00e1 hecho para Adaptil Calm difusor.<\/p>","_es_post_name":"adaptil-calm-recambio-3x-48-ml","_es_post_excerpt":"","_es_post_title":"Adaptil Calm Recambio 3x 48 ml","edit_language":"nl"},"product_brand":[],"product_cat":[1899,1984,1117,1839,1857,1854],"product_tag":[],"class_list":{"0":"post-119658","1":"product","2":"type-product","3":"status-publish","4":"has-post-thumbnail","6":"product_cat-adaptil","7":"product_cat-angst-stress","8":"product_cat-honden","9":"product_cat-medicijnen-supplementen","10":"product_cat-merken","11":"product_cat-zenuwstelsel","12":"pa_aandoening-gedrag","13":"pa_doeldier-hond","14":"pa_fabricatieland-frankrijk","15":"pa_merkfilter-adaptil","16":"pa_merkgroep-ceva","17":"pa_productsoort-overig","18":"pa_toedieningswijze-verdamper","19":"pa_unit_pricing_base_measure-1ct","20":"pa_unit_pricing_measure-3ct","21":"pa_werkzamestof-overig","23":"first","24":"instock","25":"taxable","26":"shipping-taxable","27":"purchasable","28":"product-type-simple"},"yoast_head":"<!-- This site is optimized with the Yoast SEO plugin v27.5 - https:\/\/yoast.com\/product\/yoast-seo-wordpress\/ -->\n<title>Adaptil Calm Navulflacon 3x 48 ml - Pharmacy4pets<\/title>\n<meta name=\"robots\" content=\"index, follow, max-snippet:-1, max-image-preview:large, max-video-preview:-1\" \/>\n<link rel=\"canonical\" href=\"https:\/\/www.pharmacy4pets.nl\/adaptil-calm-navulflacon-3x-48-ml\" \/>\n<meta property=\"og:locale\" content=\"nl_NL\" \/>\n<meta property=\"og:type\" content=\"article\" \/>\n<meta property=\"og:title\" content=\"Adaptil Calm Navulflacon 3x 48 ml - Pharmacy4pets\" \/>\n<meta property=\"og:description\" content=\"Adaptil Calm navulling helpt bij het geruststellen van honden, ondersteunt bij stress\/spanning en geeft honden een veilig gevoel. Toediening:De Adaptil Calm navulling is een flacon voor de Adaptil Calm verdamper.\u00a0De flacon kunt u gedurende 4 weken gebruiken en heeft een bereik van 50-70m2. Verpakking:De verpakking bevat een navulling van 48 ml.\" \/>\n<meta property=\"og:url\" content=\"https:\/\/www.pharmacy4pets.nl\/adaptil-calm-navulflacon-3x-48-ml\" \/>\n<meta property=\"og:site_name\" content=\"Pharmacy4pets\" \/>\n<meta property=\"article:publisher\" content=\"https:\/\/www.facebook.com\/people\/Pharmacy4petsnl\/100063484989896\/\" \/>\n<meta property=\"article:modified_time\" content=\"2026-04-14T08:04:20+00:00\" \/>\n<meta property=\"og:image\" content=\"https:\/\/www.pharmacy4pets.nl\/wp-content\/uploads\/2023\/03\/ADAPTIL_Calm_3_pack_navulling_1.jpg\" \/>\n\t<meta property=\"og:image:width\" content=\"774\" \/>\n\t<meta property=\"og:image:height\" content=\"681\" \/>\n\t<meta property=\"og:image:type\" content=\"image\/jpeg\" \/>\n<meta name=\"twitter:card\" content=\"summary_large_image\" \/>\n<script type=\"application\/ld+json\" class=\"yoast-schema-graph\">{\"@context\":\"https:\\\/\\\/schema.org\",\"@graph\":[{\"@type\":\"WebPage\",\"@id\":\"https:\\\/\\\/www.pharmacy4pets.nl\\\/adaptil-calm-navulflacon-3x-48-ml\",\"url\":\"https:\\\/\\\/www.pharmacy4pets.nl\\\/adaptil-calm-navulflacon-3x-48-ml\",\"name\":\"Adaptil Calm Navulflacon 3x 48 ml - Pharmacy4pets\",\"isPartOf\":{\"@id\":\"http:\\\/\\\/www.pharmacy4pets.nl\\\/#website\"},\"primaryImageOfPage\":{\"@id\":\"https:\\\/\\\/www.pharmacy4pets.nl\\\/adaptil-calm-navulflacon-3x-48-ml#primaryimage\"},\"image\":{\"@id\":\"https:\\\/\\\/www.pharmacy4pets.nl\\\/adaptil-calm-navulflacon-3x-48-ml#primaryimage\"},\"thumbnailUrl\":\"https:\\\/\\\/www.pharmacy4pets.nl\\\/wp-content\\\/uploads\\\/2023\\\/03\\\/ADAPTIL_Calm_3_pack_navulling_1.jpg\",\"datePublished\":\"2023-03-10T12:17:07+00:00\",\"dateModified\":\"2026-04-14T08:04:20+00:00\",\"breadcrumb\":{\"@id\":\"https:\\\/\\\/www.pharmacy4pets.nl\\\/adaptil-calm-navulflacon-3x-48-ml#breadcrumb\"},\"inLanguage\":\"nl-NL\",\"potentialAction\":[{\"@type\":\"ReadAction\",\"target\":[\"https:\\\/\\\/www.pharmacy4pets.nl\\\/adaptil-calm-navulflacon-3x-48-ml\"]}]},{\"@type\":\"ImageObject\",\"inLanguage\":\"nl-NL\",\"@id\":\"https:\\\/\\\/www.pharmacy4pets.nl\\\/adaptil-calm-navulflacon-3x-48-ml#primaryimage\",\"url\":\"https:\\\/\\\/www.pharmacy4pets.nl\\\/wp-content\\\/uploads\\\/2023\\\/03\\\/ADAPTIL_Calm_3_pack_navulling_1.jpg\",\"contentUrl\":\"https:\\\/\\\/www.pharmacy4pets.nl\\\/wp-content\\\/uploads\\\/2023\\\/03\\\/ADAPTIL_Calm_3_pack_navulling_1.jpg\",\"width\":774,\"height\":681,\"caption\":\"Adaptil Calm\"},{\"@type\":\"BreadcrumbList\",\"@id\":\"https:\\\/\\\/www.pharmacy4pets.nl\\\/adaptil-calm-navulflacon-3x-48-ml#breadcrumb\",\"itemListElement\":[{\"@type\":\"ListItem\",\"position\":1,\"name\":\"Home\",\"item\":\"https:\\\/\\\/p4p-nl.bootmine.com\\\/\"},{\"@type\":\"ListItem\",\"position\":2,\"name\":\"Winkel\",\"item\":\"https:\\\/\\\/p4p-nl.bootmine.com\\\/winkel\"},{\"@type\":\"ListItem\",\"position\":3,\"name\":\"Adaptil Calm Navulflacon 3x 48 ml\"}]},{\"@type\":\"WebSite\",\"@id\":\"http:\\\/\\\/www.pharmacy4pets.nl\\\/#website\",\"url\":\"http:\\\/\\\/www.pharmacy4pets.nl\\\/\",\"name\":\"Pharmacy4pets\",\"description\":\"Pharmacy4pets.nl is d\u00e9 online apotheek waar u terecht kunt voor alle diergeneesmiddelen, verzorgingsproducten en dieetvoeding voor uw huisdier.\",\"publisher\":{\"@id\":\"http:\\\/\\\/www.pharmacy4pets.nl\\\/#organization\"},\"potentialAction\":[{\"@type\":\"SearchAction\",\"target\":{\"@type\":\"EntryPoint\",\"urlTemplate\":\"http:\\\/\\\/www.pharmacy4pets.nl\\\/?s={search_term_string}\"},\"query-input\":{\"@type\":\"PropertyValueSpecification\",\"valueRequired\":true,\"valueName\":\"search_term_string\"}}],\"inLanguage\":\"nl-NL\"},{\"@type\":\"Organization\",\"@id\":\"http:\\\/\\\/www.pharmacy4pets.nl\\\/#organization\",\"name\":\"Pharmacy4pets\",\"url\":\"http:\\\/\\\/www.pharmacy4pets.nl\\\/\",\"logo\":{\"@type\":\"ImageObject\",\"inLanguage\":\"nl-NL\",\"@id\":\"http:\\\/\\\/www.pharmacy4pets.nl\\\/#\\\/schema\\\/logo\\\/image\\\/\",\"url\":\"https:\\\/\\\/p4p-nl.bootmine.com\\\/wp-content\\\/uploads\\\/2026\\\/03\\\/logo-pharmacy4pets.png\",\"contentUrl\":\"https:\\\/\\\/p4p-nl.bootmine.com\\\/wp-content\\\/uploads\\\/2026\\\/03\\\/logo-pharmacy4pets.png\",\"width\":1024,\"height\":135,\"caption\":\"Pharmacy4pets\"},\"image\":{\"@id\":\"http:\\\/\\\/www.pharmacy4pets.nl\\\/#\\\/schema\\\/logo\\\/image\\\/\"},\"sameAs\":[\"https:\\\/\\\/www.facebook.com\\\/people\\\/Pharmacy4petsnl\\\/100063484989896\\\/\",\"https:\\\/\\\/www.youtube.com\\\/channel\\\/UCGPTIgucgli03tP2_kvLkHg\\\/featured\",\"https:\\\/\\\/www.instagram.com\\\/pharmacy4pets.nl\"]}]}<\/script>\n<!-- \/ Yoast SEO plugin. -->","yoast_head_json":{"title":"Adaptil Calm Navulflacon 3x 48 ml - Pharmacy4pets","robots":{"index":"index","follow":"follow","max-snippet":"max-snippet:-1","max-image-preview":"max-image-preview:large","max-video-preview":"max-video-preview:-1"},"canonical":"https:\/\/www.pharmacy4pets.nl\/adaptil-calm-navulflacon-3x-48-ml","og_locale":"nl_NL","og_type":"article","og_title":"Adaptil Calm Navulflacon 3x 48 ml - Pharmacy4pets","og_description":"Adaptil Calm navulling helpt bij het geruststellen van honden, ondersteunt bij stress\/spanning en geeft honden een veilig gevoel. Toediening:De Adaptil Calm navulling is een flacon voor de Adaptil Calm verdamper.\u00a0De flacon kunt u gedurende 4 weken gebruiken en heeft een bereik van 50-70m2. Verpakking:De verpakking bevat een navulling van 48 ml.","og_url":"https:\/\/www.pharmacy4pets.nl\/adaptil-calm-navulflacon-3x-48-ml","og_site_name":"Pharmacy4pets","article_publisher":"https:\/\/www.facebook.com\/people\/Pharmacy4petsnl\/100063484989896\/","article_modified_time":"2026-04-14T08:04:20+00:00","og_image":[{"width":774,"height":681,"url":"https:\/\/www.pharmacy4pets.nl\/wp-content\/uploads\/2023\/03\/ADAPTIL_Calm_3_pack_navulling_1.jpg","type":"image\/jpeg"}],"twitter_card":"summary_large_image","schema":{"@context":"https:\/\/schema.org","@graph":[{"@type":"WebPage","@id":"https:\/\/www.pharmacy4pets.nl\/adaptil-calm-navulflacon-3x-48-ml","url":"https:\/\/www.pharmacy4pets.nl\/adaptil-calm-navulflacon-3x-48-ml","name":"Adaptil Calm Navulflacon 3x 48 ml - Pharmacy4pets","isPartOf":{"@id":"http:\/\/www.pharmacy4pets.nl\/#website"},"primaryImageOfPage":{"@id":"https:\/\/www.pharmacy4pets.nl\/adaptil-calm-navulflacon-3x-48-ml#primaryimage"},"image":{"@id":"https:\/\/www.pharmacy4pets.nl\/adaptil-calm-navulflacon-3x-48-ml#primaryimage"},"thumbnailUrl":"https:\/\/www.pharmacy4pets.nl\/wp-content\/uploads\/2023\/03\/ADAPTIL_Calm_3_pack_navulling_1.jpg","datePublished":"2023-03-10T12:17:07+00:00","dateModified":"2026-04-14T08:04:20+00:00","breadcrumb":{"@id":"https:\/\/www.pharmacy4pets.nl\/adaptil-calm-navulflacon-3x-48-ml#breadcrumb"},"inLanguage":"nl-NL","potentialAction":[{"@type":"ReadAction","target":["https:\/\/www.pharmacy4pets.nl\/adaptil-calm-navulflacon-3x-48-ml"]}]},{"@type":"ImageObject","inLanguage":"nl-NL","@id":"https:\/\/www.pharmacy4pets.nl\/adaptil-calm-navulflacon-3x-48-ml#primaryimage","url":"https:\/\/www.pharmacy4pets.nl\/wp-content\/uploads\/2023\/03\/ADAPTIL_Calm_3_pack_navulling_1.jpg","contentUrl":"https:\/\/www.pharmacy4pets.nl\/wp-content\/uploads\/2023\/03\/ADAPTIL_Calm_3_pack_navulling_1.jpg","width":774,"height":681,"caption":"Adaptil Calm"},{"@type":"BreadcrumbList","@id":"https:\/\/www.pharmacy4pets.nl\/adaptil-calm-navulflacon-3x-48-ml#breadcrumb","itemListElement":[{"@type":"ListItem","position":1,"name":"Home","item":"https:\/\/p4p-nl.bootmine.com\/"},{"@type":"ListItem","position":2,"name":"Winkel","item":"https:\/\/p4p-nl.bootmine.com\/winkel"},{"@type":"ListItem","position":3,"name":"Adaptil Calm Navulflacon 3x 48 ml"}]},{"@type":"WebSite","@id":"http:\/\/www.pharmacy4pets.nl\/#website","url":"http:\/\/www.pharmacy4pets.nl\/","name":"Pharmacy4pets","description":"Pharmacy4pets.nl is d\u00e9 online apotheek waar u terecht kunt voor alle diergeneesmiddelen, verzorgingsproducten en dieetvoeding voor uw huisdier.","publisher":{"@id":"http:\/\/www.pharmacy4pets.nl\/#organization"},"potentialAction":[{"@type":"SearchAction","target":{"@type":"EntryPoint","urlTemplate":"http:\/\/www.pharmacy4pets.nl\/?s={search_term_string}"},"query-input":{"@type":"PropertyValueSpecification","valueRequired":true,"valueName":"search_term_string"}}],"inLanguage":"nl-NL"},{"@type":"Organization","@id":"http:\/\/www.pharmacy4pets.nl\/#organization","name":"Pharmacy4pets","url":"http:\/\/www.pharmacy4pets.nl\/","logo":{"@type":"ImageObject","inLanguage":"nl-NL","@id":"http:\/\/www.pharmacy4pets.nl\/#\/schema\/logo\/image\/","url":"https:\/\/p4p-nl.bootmine.com\/wp-content\/uploads\/2026\/03\/logo-pharmacy4pets.png","contentUrl":"https:\/\/p4p-nl.bootmine.com\/wp-content\/uploads\/2026\/03\/logo-pharmacy4pets.png","width":1024,"height":135,"caption":"Pharmacy4pets"},"image":{"@id":"http:\/\/www.pharmacy4pets.nl\/#\/schema\/logo\/image\/"},"sameAs":["https:\/\/www.facebook.com\/people\/Pharmacy4petsnl\/100063484989896\/","https:\/\/www.youtube.com\/channel\/UCGPTIgucgli03tP2_kvLkHg\/featured","https:\/\/www.instagram.com\/pharmacy4pets.nl"]}]}},"market_data":{"nl":{"price":0,"sale_price":0,"active":false,"url":null,"parent_url":"","tax_rate":0,"price_inc_tax":0,"sale_price_inc_tax":0},"de":{"price":0,"sale_price":0,"active":false,"url":null,"parent_url":"","tax_rate":0,"price_inc_tax":0,"sale_price_inc_tax":0},"be":{"price":0,"sale_price":0,"active":false,"url":null,"parent_url":"","tax_rate":0,"price_inc_tax":0,"sale_price_inc_tax":0},"fr":{"price":0,"sale_price":0,"active":false,"url":null,"parent_url":"","tax_rate":0,"price_inc_tax":0,"sale_price_inc_tax":0},"ch":{"price":0,"sale_price":0,"active":false,"url":null,"parent_url":"","tax_rate":0,"price_inc_tax":0,"sale_price_inc_tax":0},"at":{"price":0,"sale_price":0,"active":false,"url":null,"parent_url":"","tax_rate":0,"price_inc_tax":0,"sale_price_inc_tax":0},"es":{"price":0,"sale_price":0,"active":false,"url":null,"parent_url":"","tax_rate":0,"price_inc_tax":0,"sale_price_inc_tax":0},"dk":{"price":0,"sale_price":0,"active":false,"url":null,"parent_url":"","tax_rate":0,"price_inc_tax":0,"sale_price_inc_tax":0},"com":{"price":0,"sale_price":0,"active":false,"url":null,"parent_url":"","tax_rate":0,"price_inc_tax":0,"sale_price_inc_tax":0}},"market_nl_price":0,"market_nl_sale_price":0,"market_nl_active":false,"market_nl_url":null,"market_nl_parent_url":"","market_nl_tax_rate":0,"market_nl_price_inc_tax":0,"market_nl_sale_price_inc_tax":0,"market_de_price":0,"market_de_sale_price":0,"market_de_active":false,"market_de_url":null,"market_de_parent_url":"","market_de_tax_rate":0,"market_de_price_inc_tax":0,"market_de_sale_price_inc_tax":0,"market_be_price":0,"market_be_sale_price":0,"market_be_active":false,"market_be_url":null,"market_be_parent_url":"","market_be_tax_rate":0,"market_be_price_inc_tax":0,"market_be_sale_price_inc_tax":0,"market_fr_price":0,"market_fr_sale_price":0,"market_fr_active":false,"market_fr_url":null,"market_fr_parent_url":"","market_fr_tax_rate":0,"market_fr_price_inc_tax":0,"market_fr_sale_price_inc_tax":0,"market_ch_price":0,"market_ch_sale_price":0,"market_ch_active":false,"market_ch_url":null,"market_ch_parent_url":"","market_ch_tax_rate":0,"market_ch_price_inc_tax":0,"market_ch_sale_price_inc_tax":0,"market_at_price":0,"market_at_sale_price":0,"market_at_active":false,"market_at_url":null,"market_at_parent_url":"","market_at_tax_rate":0,"market_at_price_inc_tax":0,"market_at_sale_price_inc_tax":0,"market_es_price":0,"market_es_sale_price":0,"market_es_active":false,"market_es_url":null,"market_es_parent_url":"","market_es_tax_rate":0,"market_es_price_inc_tax":0,"market_es_sale_price_inc_tax":0,"market_dk_price":0,"market_dk_sale_price":0,"market_dk_active":false,"market_dk_url":null,"market_dk_parent_url":"","market_dk_tax_rate":0,"market_dk_price_inc_tax":0,"market_dk_sale_price_inc_tax":0,"market_com_price":0,"market_com_sale_price":0,"market_com_active":false,"market_com_url":null,"market_com_parent_url":"","market_com_tax_rate":0,"market_com_price_inc_tax":0,"market_com_sale_price_inc_tax":0,"acf":[],"_links":{"self":[{"href":"https:\/\/www.pharmacy4pets.nl\/be\/wp-json\/wp\/v2\/product\/119658","targetHints":{"allow":["GET"]}}],"collection":[{"href":"https:\/\/www.pharmacy4pets.nl\/be\/wp-json\/wp\/v2\/product"}],"about":[{"href":"https:\/\/www.pharmacy4pets.nl\/be\/wp-json\/wp\/v2\/types\/product"}],"replies":[{"embeddable":true,"href":"https:\/\/www.pharmacy4pets.nl\/be\/wp-json\/wp\/v2\/comments?post=119658"}],"wp:featuredmedia":[{"embeddable":true,"href":"https:\/\/www.pharmacy4pets.nl\/be\/wp-json\/wp\/v2\/media\/119657"}],"wp:attachment":[{"href":"https:\/\/www.pharmacy4pets.nl\/be\/wp-json\/wp\/v2\/media?parent=119658"}],"wp:term":[{"taxonomy":"product_brand","embeddable":true,"href":"https:\/\/www.pharmacy4pets.nl\/be\/wp-json\/wp\/v2\/product_brand?post=119658"},{"taxonomy":"product_cat","embeddable":true,"href":"https:\/\/www.pharmacy4pets.nl\/be\/wp-json\/wp\/v2\/product_cat?post=119658"},{"taxonomy":"product_tag","embeddable":true,"href":"https:\/\/www.pharmacy4pets.nl\/be\/wp-json\/wp\/v2\/product_tag?post=119658"}],"curies":[{"name":"wp","href":"https:\/\/api.w.org\/{rel}","templated":true}]}}