{"id":119656,"date":"2023-03-10T12:17:06","date_gmt":"2023-03-10T12:17:06","guid":{"rendered":"https:\/\/p4p.test\/aa-diarstop-pasta-32-ml"},"modified":"2026-04-14T08:04:20","modified_gmt":"2026-04-14T08:04:20","slug":"aa-diarstop-pasta-32-ml","status":"publish","type":"product","link":"https:\/\/www.pharmacy4pets.nl\/be\/aa-diarstop-pasta-32-ml","title":{"rendered":"AA Diarstop pasta | 32 ml"},"content":{"rendered":"<p>AA Diarstop Pasta is een voedingssupplement voor honden en katten dat helpt de ontlasting dikker te maken. De pasta bevat natuurlijke ingredi\u00ebnten die helpen de darmgezondheid van uw huisdier te ondersteunen. Deze pasta draagt bij aan een natuurlijke stoelgang\/ontlasting en helpt bij het opnemen van vocht uit de darmen.<\/p>\n<p>AA Diarstop Pasta is gemakkelijk toe te dienen aan uw huisdier en heeft een aantrekkelijke smaak die door veel honden en katten wordt gewaardeerd. Het kan rechtstreeks in de bek van uw huisdier worden toegediend of worden gemengd met voedsel. De aanbevolen gebruiksduur is 3 dagen.<\/p>\n","protected":false},"excerpt":{"rendered":"<p>AA Diarstop Pasta is een voedingssupplement voor honden en katten dat helpt de ontlasting dikker te maken. De pasta bevat natuurlijke ingredi\u00ebnten die helpen de darmgezondheid van uw huisdier te ondersteunen. Deze pasta draagt bij aan een natuurlijke stoelgang\/ontlasting en helpt bij het opnemen van vocht uit de darmen. AA Diarstop Pasta is gemakkelijk toe [&hellip;]<\/p>\n","protected":false},"featured_media":119655,"comment_status":"open","ping_status":"closed","template":"","meta":{"_acf_changed":false,"_nl_post_content":"<p>AA Diarstop Pasta is een voedingssupplement voor honden en katten dat helpt de ontlasting dikker te maken. De pasta bevat natuurlijke ingredi\u00ebnten die helpen de darmgezondheid van uw huisdier te ondersteunen. Deze pasta draagt bij aan een natuurlijke stoelgang\/ontlasting en helpt bij het opnemen van vocht uit de darmen.<\/p>\n<p>AA Diarstop Pasta is gemakkelijk toe te dienen aan uw huisdier en heeft een aantrekkelijke smaak die door veel honden en katten wordt gewaardeerd. Het kan rechtstreeks in de bek van uw huisdier worden toegediend of worden gemengd met voedsel. De aanbevolen gebruiksduur is 3 dagen.<\/p>","_nl_post_name":"aa-diarstop-pasta-32-ml","_nl_post_excerpt":"","_nl_post_title":"AA Diarstop pasta | 32 ml","_en_post_content":"<p>AA Diarstop Paste is an effective dietary supplement for dogs and cats suffering from diarrhoea. The paste contains natural ingredients that help improve intestinal health and support your pet's digestion. This paste contributes to normal stool consistency and supports the restoration of natural fluid balance.<\/p>\n<p>AA Diarstop Paste is easy to administer to your pet and has an attractive taste appreciated by many dogs and cats. It can be administered directly into your pet's mouth or mixed with food. The recommended duration of use is 3 days, longer if necessary on the advice of your vet.<\/p>\n<p>If your dog or cat suffers from diarrhoea, AA Diarstop Paste can be an effective and natural solution to relieve digestive problems. However, it is always important to consult your vet before giving your pet a new dietary supplement, especially if they are already on medication or have an underlying medical condition. AA Diarstop Paste is a safe and effective way to improve your pet's intestinal health and support digestion.<\/p>","_en_post_name":"AA-Diarstop-paste-32-ml","_en_post_excerpt":"","_en_post_title":"AA Diarstop paste | 32 ml ","_de_post_content":"<p>AA Diarstop Paste ist ein wirksames Nahrungserg\u00e4nzungsmittel f\u00fcr Hunde und Katzen, die unter Durchfall leiden. Die Paste enth\u00e4lt nat\u00fcrliche Inhaltsstoffe, die zur Verbesserung der Darmgesundheit beitragen und die Verdauung Ihres Tieres unterst\u00fctzen. Die Paste tr\u00e4gt zu einer normalen Stuhlkonsistenz bei und unterst\u00fctzt die Wiederherstellung des nat\u00fcrlichen Fl\u00fcssigkeitshaushalts.<\/p>\n<p>AA Diarstop Paste ist einfach zu verabreichen und hat einen attraktiven Geschmack, der von vielen Hunden und Katzen gesch\u00e4tzt wird. Sie kann direkt in das Maul Ihres Tieres verabreicht oder mit dem Futter vermischt werden. Die empfohlene Anwendungsdauer betr\u00e4gt 3 Tage, bei Bedarf auf Anraten Ihres Tierarztes auch l\u00e4nger.<\/p>\n<p>Wenn Ihr Hund oder Ihre Katze an Durchfall leidet, kann AA Diarstop Paste eine wirksame und nat\u00fcrliche L\u00f6sung sein, um die Verdauungsprobleme zu lindern. Es ist jedoch immer wichtig, Ihren Tierarzt zu konsultieren, bevor Sie Ihrem Haustier ein neues Nahrungserg\u00e4nzungsmittel verabreichen, vor allem wenn es bereits Medikamente einnimmt oder an einer Grunderkrankung leidet. AA Diarstop Paste ist eine sichere und wirksame Methode, um die Darmgesundheit Ihres Haustieres zu verbessern und die Verdauung zu unterst\u00fctzen.<\/p>","_de_post_name":"AA-Diarstop-Paste-32-ml","_de_post_excerpt":"","_de_post_title":"AA Diarstop Paste | 32 ml ","_fr_post_content":"<p>AA Diarstop p\u00e2te est un compl\u00e9ment alimentaire pour chiens et chats qui aide \u00e0 \u00e9paissir les selles. La p\u00e2te contient des ingr\u00e9dients naturels qui contribuent \u00e0 la sant\u00e9 intestinale de votre animal. Cette p\u00e2te contribue \u00e0 un transit intestinal naturel et aide \u00e0 absorber l'humidit\u00e9 des intestins.<\/p>\n<p>AA Diarstop p\u00e2te sont faciles \u00e0 administrer \u00e0 votre animal et leur go\u00fbt attrayant est appr\u00e9ci\u00e9 par de nombreux chiens et chats. Il peut \u00eatre administr\u00e9 directement dans la bouche de votre animal ou m\u00e9lang\u00e9 \u00e0 la nourriture. La dur\u00e9e d'utilisation recommand\u00e9e est de 3 jours.<\/p>","_fr_post_name":"aa-diarstop-pate-32-ml","_fr_post_excerpt":"","_fr_post_title":"AA Diarstop p\u00e2te | 32 ml ","_es_post_content":"<p>AA Diarstop pasta es un suplemento diet\u00e9tico eficaz para perros y gatos que sufren diarrea. La pasta contiene ingredientes naturales que ayudan a mejorar la salud intestinal y favorecen la digesti\u00f3n de su mascota. Esta pasta contribuye a la consistencia normal de las heces y favorece el restablecimiento del equilibrio natural de l\u00edquidos.<\/p>\n<p>AA Diarstop pasta es f\u00e1cil de administrar a su mascota y tiene un sabor atractivo apreciado por muchos perros y gatos. Puede administrarse directamente en la boca de su mascota o mezclada con la comida. La duraci\u00f3n de uso recomendada es de 3 d\u00edas, m\u00e1s tiempo si es necesario por consejo de su veterinario.<\/p>\n<p>Si su perro o gato sufre diarrea, AA Diarstop pasta puede ser una soluci\u00f3n eficaz y natural para aliviar los problemas digestivos. Sin embargo, siempre es importante consultar a su veterinario antes de administrar a su mascota un nuevo suplemento diet\u00e9tico, especialmente si ya est\u00e1 tomando medicaci\u00f3n o padece alguna enfermedad subyacente. AA Diarstop pasta es una forma segura y eficaz de mejorar la salud intestinal de su mascota y favorecer su digesti\u00f3n.<\/p>","_es_post_name":"AA-Diarstop-pasta-32-ml","_es_post_excerpt":"","_es_post_title":"AA Diarstop pasta | 32 ml ","edit_language":"nl"},"product_brand":[],"product_cat":[1897,1993,1975,1117,1118,1848,1879,1839,1871,1857],"product_tag":[],"class_list":{"0":"post-119656","1":"product","2":"type-product","3":"status-publish","4":"has-post-thumbnail","6":"product_cat-a-a-diarstop","7":"product_cat-diarree","9":"product_cat-honden","10":"product_cat-katten","11":"product_cat-maag-darmen","13":"product_cat-medicijnen-supplementen","15":"product_cat-merken","16":"pa_aandoening-maag_darmen","17":"pa_doeldier-hond","18":"pa_doeldier-kat","19":"pa_fabricatieland-nederland","20":"pa_merkfilter-a_a_diarstop","21":"pa_merkgroep-aa_vet","22":"pa_productsoort-voedingssupplement","23":"pa_toedieningswijze-pasta","24":"pa_unit_pricing_base_measure-10ml","25":"pa_unit_pricing_measure-32ml","26":"pa_werkzamestof-kaoline","28":"first","29":"instock","30":"taxable","31":"shipping-taxable","32":"purchasable","33":"product-type-simple"},"yoast_head":"<!-- This site is optimized with the Yoast SEO plugin v27.5 - https:\/\/yoast.com\/product\/yoast-seo-wordpress\/ -->\n<title>AA Diarstop pasta | 32 ml - Pharmacy4pets<\/title>\n<meta name=\"robots\" content=\"index, follow, max-snippet:-1, max-image-preview:large, max-video-preview:-1\" \/>\n<link rel=\"canonical\" href=\"https:\/\/www.pharmacy4pets.nl\/aa-diarstop-pasta-32-ml\" \/>\n<meta property=\"og:locale\" content=\"nl_NL\" \/>\n<meta property=\"og:type\" content=\"article\" \/>\n<meta property=\"og:title\" content=\"AA Diarstop pasta | 32 ml - Pharmacy4pets\" \/>\n<meta property=\"og:description\" content=\"AA Diarstop Pasta is een voedingssupplement voor honden en katten dat helpt de ontlasting dikker te maken. De pasta bevat natuurlijke ingredi\u00ebnten die helpen de darmgezondheid van uw huisdier te ondersteunen. Deze pasta draagt bij aan een natuurlijke stoelgang\/ontlasting en helpt bij het opnemen van vocht uit de darmen. AA Diarstop Pasta is gemakkelijk toe [&hellip;]\" \/>\n<meta property=\"og:url\" content=\"https:\/\/www.pharmacy4pets.nl\/aa-diarstop-pasta-32-ml\" \/>\n<meta property=\"og:site_name\" content=\"Pharmacy4pets\" \/>\n<meta property=\"article:publisher\" content=\"https:\/\/www.facebook.com\/people\/Pharmacy4petsnl\/100063484989896\/\" \/>\n<meta property=\"article:modified_time\" content=\"2026-04-14T08:04:20+00:00\" \/>\n<meta property=\"og:image\" content=\"https:\/\/www.pharmacy4pets.nl\/wp-content\/uploads\/2023\/03\/aa-diarstop_2.jpg\" \/>\n\t<meta property=\"og:image:width\" content=\"780\" \/>\n\t<meta property=\"og:image:height\" content=\"780\" \/>\n\t<meta property=\"og:image:type\" content=\"image\/jpeg\" \/>\n<meta name=\"twitter:card\" content=\"summary_large_image\" \/>\n<script type=\"application\/ld+json\" class=\"yoast-schema-graph\">{\"@context\":\"https:\\\/\\\/schema.org\",\"@graph\":[{\"@type\":\"WebPage\",\"@id\":\"https:\\\/\\\/www.pharmacy4pets.nl\\\/aa-diarstop-pasta-32-ml\",\"url\":\"https:\\\/\\\/www.pharmacy4pets.nl\\\/aa-diarstop-pasta-32-ml\",\"name\":\"AA Diarstop pasta | 32 ml - Pharmacy4pets\",\"isPartOf\":{\"@id\":\"http:\\\/\\\/www.pharmacy4pets.nl\\\/#website\"},\"primaryImageOfPage\":{\"@id\":\"https:\\\/\\\/www.pharmacy4pets.nl\\\/aa-diarstop-pasta-32-ml#primaryimage\"},\"image\":{\"@id\":\"https:\\\/\\\/www.pharmacy4pets.nl\\\/aa-diarstop-pasta-32-ml#primaryimage\"},\"thumbnailUrl\":\"https:\\\/\\\/www.pharmacy4pets.nl\\\/wp-content\\\/uploads\\\/2023\\\/03\\\/aa-diarstop_2.jpg\",\"datePublished\":\"2023-03-10T12:17:06+00:00\",\"dateModified\":\"2026-04-14T08:04:20+00:00\",\"breadcrumb\":{\"@id\":\"https:\\\/\\\/www.pharmacy4pets.nl\\\/aa-diarstop-pasta-32-ml#breadcrumb\"},\"inLanguage\":\"nl-NL\",\"potentialAction\":[{\"@type\":\"ReadAction\",\"target\":[\"https:\\\/\\\/www.pharmacy4pets.nl\\\/aa-diarstop-pasta-32-ml\"]}]},{\"@type\":\"ImageObject\",\"inLanguage\":\"nl-NL\",\"@id\":\"https:\\\/\\\/www.pharmacy4pets.nl\\\/aa-diarstop-pasta-32-ml#primaryimage\",\"url\":\"https:\\\/\\\/www.pharmacy4pets.nl\\\/wp-content\\\/uploads\\\/2023\\\/03\\\/aa-diarstop_2.jpg\",\"contentUrl\":\"https:\\\/\\\/www.pharmacy4pets.nl\\\/wp-content\\\/uploads\\\/2023\\\/03\\\/aa-diarstop_2.jpg\",\"width\":780,\"height\":780,\"caption\":\"AA Diarstop\"},{\"@type\":\"BreadcrumbList\",\"@id\":\"https:\\\/\\\/www.pharmacy4pets.nl\\\/aa-diarstop-pasta-32-ml#breadcrumb\",\"itemListElement\":[{\"@type\":\"ListItem\",\"position\":1,\"name\":\"Home\",\"item\":\"https:\\\/\\\/p4p-nl.bootmine.com\\\/\"},{\"@type\":\"ListItem\",\"position\":2,\"name\":\"Winkel\",\"item\":\"https:\\\/\\\/p4p-nl.bootmine.com\\\/winkel\"},{\"@type\":\"ListItem\",\"position\":3,\"name\":\"AA Diarstop pasta | 32 ml\"}]},{\"@type\":\"WebSite\",\"@id\":\"http:\\\/\\\/www.pharmacy4pets.nl\\\/#website\",\"url\":\"http:\\\/\\\/www.pharmacy4pets.nl\\\/\",\"name\":\"Pharmacy4pets\",\"description\":\"Pharmacy4pets.nl is d\u00e9 online apotheek waar u terecht kunt voor alle diergeneesmiddelen, verzorgingsproducten en dieetvoeding voor uw huisdier.\",\"publisher\":{\"@id\":\"http:\\\/\\\/www.pharmacy4pets.nl\\\/#organization\"},\"potentialAction\":[{\"@type\":\"SearchAction\",\"target\":{\"@type\":\"EntryPoint\",\"urlTemplate\":\"http:\\\/\\\/www.pharmacy4pets.nl\\\/?s={search_term_string}\"},\"query-input\":{\"@type\":\"PropertyValueSpecification\",\"valueRequired\":true,\"valueName\":\"search_term_string\"}}],\"inLanguage\":\"nl-NL\"},{\"@type\":\"Organization\",\"@id\":\"http:\\\/\\\/www.pharmacy4pets.nl\\\/#organization\",\"name\":\"Pharmacy4pets\",\"url\":\"http:\\\/\\\/www.pharmacy4pets.nl\\\/\",\"logo\":{\"@type\":\"ImageObject\",\"inLanguage\":\"nl-NL\",\"@id\":\"http:\\\/\\\/www.pharmacy4pets.nl\\\/#\\\/schema\\\/logo\\\/image\\\/\",\"url\":\"https:\\\/\\\/p4p-nl.bootmine.com\\\/wp-content\\\/uploads\\\/2026\\\/03\\\/logo-pharmacy4pets.png\",\"contentUrl\":\"https:\\\/\\\/p4p-nl.bootmine.com\\\/wp-content\\\/uploads\\\/2026\\\/03\\\/logo-pharmacy4pets.png\",\"width\":1024,\"height\":135,\"caption\":\"Pharmacy4pets\"},\"image\":{\"@id\":\"http:\\\/\\\/www.pharmacy4pets.nl\\\/#\\\/schema\\\/logo\\\/image\\\/\"},\"sameAs\":[\"https:\\\/\\\/www.facebook.com\\\/people\\\/Pharmacy4petsnl\\\/100063484989896\\\/\",\"https:\\\/\\\/www.youtube.com\\\/channel\\\/UCGPTIgucgli03tP2_kvLkHg\\\/featured\",\"https:\\\/\\\/www.instagram.com\\\/pharmacy4pets.nl\"]}]}<\/script>\n<!-- \/ Yoast SEO plugin. -->","yoast_head_json":{"title":"AA Diarstop pasta | 32 ml - Pharmacy4pets","robots":{"index":"index","follow":"follow","max-snippet":"max-snippet:-1","max-image-preview":"max-image-preview:large","max-video-preview":"max-video-preview:-1"},"canonical":"https:\/\/www.pharmacy4pets.nl\/aa-diarstop-pasta-32-ml","og_locale":"nl_NL","og_type":"article","og_title":"AA Diarstop pasta | 32 ml - Pharmacy4pets","og_description":"AA Diarstop Pasta is een voedingssupplement voor honden en katten dat helpt de ontlasting dikker te maken. De pasta bevat natuurlijke ingredi\u00ebnten die helpen de darmgezondheid van uw huisdier te ondersteunen. Deze pasta draagt bij aan een natuurlijke stoelgang\/ontlasting en helpt bij het opnemen van vocht uit de darmen. AA Diarstop Pasta is gemakkelijk toe [&hellip;]","og_url":"https:\/\/www.pharmacy4pets.nl\/aa-diarstop-pasta-32-ml","og_site_name":"Pharmacy4pets","article_publisher":"https:\/\/www.facebook.com\/people\/Pharmacy4petsnl\/100063484989896\/","article_modified_time":"2026-04-14T08:04:20+00:00","og_image":[{"width":780,"height":780,"url":"https:\/\/www.pharmacy4pets.nl\/wp-content\/uploads\/2023\/03\/aa-diarstop_2.jpg","type":"image\/jpeg"}],"twitter_card":"summary_large_image","schema":{"@context":"https:\/\/schema.org","@graph":[{"@type":"WebPage","@id":"https:\/\/www.pharmacy4pets.nl\/aa-diarstop-pasta-32-ml","url":"https:\/\/www.pharmacy4pets.nl\/aa-diarstop-pasta-32-ml","name":"AA Diarstop pasta | 32 ml - Pharmacy4pets","isPartOf":{"@id":"http:\/\/www.pharmacy4pets.nl\/#website"},"primaryImageOfPage":{"@id":"https:\/\/www.pharmacy4pets.nl\/aa-diarstop-pasta-32-ml#primaryimage"},"image":{"@id":"https:\/\/www.pharmacy4pets.nl\/aa-diarstop-pasta-32-ml#primaryimage"},"thumbnailUrl":"https:\/\/www.pharmacy4pets.nl\/wp-content\/uploads\/2023\/03\/aa-diarstop_2.jpg","datePublished":"2023-03-10T12:17:06+00:00","dateModified":"2026-04-14T08:04:20+00:00","breadcrumb":{"@id":"https:\/\/www.pharmacy4pets.nl\/aa-diarstop-pasta-32-ml#breadcrumb"},"inLanguage":"nl-NL","potentialAction":[{"@type":"ReadAction","target":["https:\/\/www.pharmacy4pets.nl\/aa-diarstop-pasta-32-ml"]}]},{"@type":"ImageObject","inLanguage":"nl-NL","@id":"https:\/\/www.pharmacy4pets.nl\/aa-diarstop-pasta-32-ml#primaryimage","url":"https:\/\/www.pharmacy4pets.nl\/wp-content\/uploads\/2023\/03\/aa-diarstop_2.jpg","contentUrl":"https:\/\/www.pharmacy4pets.nl\/wp-content\/uploads\/2023\/03\/aa-diarstop_2.jpg","width":780,"height":780,"caption":"AA Diarstop"},{"@type":"BreadcrumbList","@id":"https:\/\/www.pharmacy4pets.nl\/aa-diarstop-pasta-32-ml#breadcrumb","itemListElement":[{"@type":"ListItem","position":1,"name":"Home","item":"https:\/\/p4p-nl.bootmine.com\/"},{"@type":"ListItem","position":2,"name":"Winkel","item":"https:\/\/p4p-nl.bootmine.com\/winkel"},{"@type":"ListItem","position":3,"name":"AA Diarstop pasta | 32 ml"}]},{"@type":"WebSite","@id":"http:\/\/www.pharmacy4pets.nl\/#website","url":"http:\/\/www.pharmacy4pets.nl\/","name":"Pharmacy4pets","description":"Pharmacy4pets.nl is d\u00e9 online apotheek waar u terecht kunt voor alle diergeneesmiddelen, verzorgingsproducten en dieetvoeding voor uw huisdier.","publisher":{"@id":"http:\/\/www.pharmacy4pets.nl\/#organization"},"potentialAction":[{"@type":"SearchAction","target":{"@type":"EntryPoint","urlTemplate":"http:\/\/www.pharmacy4pets.nl\/?s={search_term_string}"},"query-input":{"@type":"PropertyValueSpecification","valueRequired":true,"valueName":"search_term_string"}}],"inLanguage":"nl-NL"},{"@type":"Organization","@id":"http:\/\/www.pharmacy4pets.nl\/#organization","name":"Pharmacy4pets","url":"http:\/\/www.pharmacy4pets.nl\/","logo":{"@type":"ImageObject","inLanguage":"nl-NL","@id":"http:\/\/www.pharmacy4pets.nl\/#\/schema\/logo\/image\/","url":"https:\/\/p4p-nl.bootmine.com\/wp-content\/uploads\/2026\/03\/logo-pharmacy4pets.png","contentUrl":"https:\/\/p4p-nl.bootmine.com\/wp-content\/uploads\/2026\/03\/logo-pharmacy4pets.png","width":1024,"height":135,"caption":"Pharmacy4pets"},"image":{"@id":"http:\/\/www.pharmacy4pets.nl\/#\/schema\/logo\/image\/"},"sameAs":["https:\/\/www.facebook.com\/people\/Pharmacy4petsnl\/100063484989896\/","https:\/\/www.youtube.com\/channel\/UCGPTIgucgli03tP2_kvLkHg\/featured","https:\/\/www.instagram.com\/pharmacy4pets.nl"]}]}},"market_data":{"nl":{"price":0,"sale_price":0,"active":false,"url":null,"parent_url":"","tax_rate":0,"price_inc_tax":0,"sale_price_inc_tax":0},"de":{"price":0,"sale_price":0,"active":false,"url":null,"parent_url":"","tax_rate":0,"price_inc_tax":0,"sale_price_inc_tax":0},"be":{"price":0,"sale_price":0,"active":false,"url":null,"parent_url":"","tax_rate":0,"price_inc_tax":0,"sale_price_inc_tax":0},"fr":{"price":0,"sale_price":0,"active":false,"url":null,"parent_url":"","tax_rate":0,"price_inc_tax":0,"sale_price_inc_tax":0},"ch":{"price":0,"sale_price":0,"active":false,"url":null,"parent_url":"","tax_rate":0,"price_inc_tax":0,"sale_price_inc_tax":0},"at":{"price":0,"sale_price":0,"active":false,"url":null,"parent_url":"","tax_rate":0,"price_inc_tax":0,"sale_price_inc_tax":0},"es":{"price":0,"sale_price":0,"active":false,"url":null,"parent_url":"","tax_rate":0,"price_inc_tax":0,"sale_price_inc_tax":0},"dk":{"price":0,"sale_price":0,"active":false,"url":null,"parent_url":"","tax_rate":0,"price_inc_tax":0,"sale_price_inc_tax":0},"com":{"price":0,"sale_price":0,"active":false,"url":null,"parent_url":"","tax_rate":0,"price_inc_tax":0,"sale_price_inc_tax":0}},"market_nl_price":0,"market_nl_sale_price":0,"market_nl_active":false,"market_nl_url":null,"market_nl_parent_url":"","market_nl_tax_rate":0,"market_nl_price_inc_tax":0,"market_nl_sale_price_inc_tax":0,"market_de_price":0,"market_de_sale_price":0,"market_de_active":false,"market_de_url":null,"market_de_parent_url":"","market_de_tax_rate":0,"market_de_price_inc_tax":0,"market_de_sale_price_inc_tax":0,"market_be_price":0,"market_be_sale_price":0,"market_be_active":false,"market_be_url":null,"market_be_parent_url":"","market_be_tax_rate":0,"market_be_price_inc_tax":0,"market_be_sale_price_inc_tax":0,"market_fr_price":0,"market_fr_sale_price":0,"market_fr_active":false,"market_fr_url":null,"market_fr_parent_url":"","market_fr_tax_rate":0,"market_fr_price_inc_tax":0,"market_fr_sale_price_inc_tax":0,"market_ch_price":0,"market_ch_sale_price":0,"market_ch_active":false,"market_ch_url":null,"market_ch_parent_url":"","market_ch_tax_rate":0,"market_ch_price_inc_tax":0,"market_ch_sale_price_inc_tax":0,"market_at_price":0,"market_at_sale_price":0,"market_at_active":false,"market_at_url":null,"market_at_parent_url":"","market_at_tax_rate":0,"market_at_price_inc_tax":0,"market_at_sale_price_inc_tax":0,"market_es_price":0,"market_es_sale_price":0,"market_es_active":false,"market_es_url":null,"market_es_parent_url":"","market_es_tax_rate":0,"market_es_price_inc_tax":0,"market_es_sale_price_inc_tax":0,"market_dk_price":0,"market_dk_sale_price":0,"market_dk_active":false,"market_dk_url":null,"market_dk_parent_url":"","market_dk_tax_rate":0,"market_dk_price_inc_tax":0,"market_dk_sale_price_inc_tax":0,"market_com_price":0,"market_com_sale_price":0,"market_com_active":false,"market_com_url":null,"market_com_parent_url":"","market_com_tax_rate":0,"market_com_price_inc_tax":0,"market_com_sale_price_inc_tax":0,"acf":[],"_links":{"self":[{"href":"https:\/\/www.pharmacy4pets.nl\/be\/wp-json\/wp\/v2\/product\/119656","targetHints":{"allow":["GET"]}}],"collection":[{"href":"https:\/\/www.pharmacy4pets.nl\/be\/wp-json\/wp\/v2\/product"}],"about":[{"href":"https:\/\/www.pharmacy4pets.nl\/be\/wp-json\/wp\/v2\/types\/product"}],"replies":[{"embeddable":true,"href":"https:\/\/www.pharmacy4pets.nl\/be\/wp-json\/wp\/v2\/comments?post=119656"}],"wp:featuredmedia":[{"embeddable":true,"href":"https:\/\/www.pharmacy4pets.nl\/be\/wp-json\/wp\/v2\/media\/119655"}],"wp:attachment":[{"href":"https:\/\/www.pharmacy4pets.nl\/be\/wp-json\/wp\/v2\/media?parent=119656"}],"wp:term":[{"taxonomy":"product_brand","embeddable":true,"href":"https:\/\/www.pharmacy4pets.nl\/be\/wp-json\/wp\/v2\/product_brand?post=119656"},{"taxonomy":"product_cat","embeddable":true,"href":"https:\/\/www.pharmacy4pets.nl\/be\/wp-json\/wp\/v2\/product_cat?post=119656"},{"taxonomy":"product_tag","embeddable":true,"href":"https:\/\/www.pharmacy4pets.nl\/be\/wp-json\/wp\/v2\/product_tag?post=119656"}],"curies":[{"name":"wp","href":"https:\/\/api.w.org\/{rel}","templated":true}]}}