{"id":119641,"date":"2023-01-30T15:40:37","date_gmt":"2023-01-30T15:40:37","guid":{"rendered":"https:\/\/p4p.test\/frontpro-hond"},"modified":"2026-03-25T12:02:41","modified_gmt":"2026-03-25T12:02:41","slug":"frontpro-hond","status":"publish","type":"product","link":"https:\/\/www.pharmacy4pets.nl\/be\/frontpro-hond","title":{"rendered":"Frontpro hond"},"content":{"rendered":"<h1><strong>Frontpro vlooien tablet hond<br \/><\/strong><\/h1>\n<p><a href=\"https:\/\/www.pharmacy4pets.nl\/merken\/frontpro\">Frontpro <\/a>kauwtabletten voor <a href=\"https:\/\/www.pharmacy4pets.nl\/honden\">honden <\/a>kunnen worden gebruikt ter bestrijding van <a href=\"https:\/\/www.pharmacy4pets.nl\/honden\/vlooien-teken-insecten\">teken en vlooien<\/a>:<\/p>\n<ul>\n<li>Voor de behandeling van tekeninfestaties bij honden (Dermacentor reticulatus, Ixodes ricinus,\u00a0Ixodes<br \/>hexagonus, Rhipicephalus sanguineus). E\u00e9n behandeling biedt onmiddellijke en aanhoudende teken<br \/>dodende werking gedurende \u00e9\u00e9n maand. Vlooien en teken moeten hechten aan de gastheer en zich voeden om te worden blootgesteld aan de werkzame stof.<\/li>\n<li>Voor de behandeling van vlooieninfestaties bij honden (Ctenocephalides felis en C. canis).\u00a0E\u00e9n behandeling biedt onmiddellijke en aanhoudende vlooien dodende werking gedurende 5 weken.<\/li>\n<\/ul>\n<h2><strong>Dosering Frontpro<\/strong><\/h2>\n<p>Frontpro bevat de werkzame stof Afoxolaner en dient oraal te worden toegediend, in overeenstemming met de volgende tabel:<\/p>\n<p><img loading=\"lazy\" decoding=\"async\" src=\"{{media url=&quot;.renditions\/wysiwyg\/tabel\/frontpro-nl.jpg&quot;}}\" alt=\"\" width=\"710\" height=\"155\" \/><\/p>\n<p>Gebruik een geschikte combinatie van kauwtabletten van verschillende\/dezelfde sterkte voor honden boven 50 kg lichaamsgewicht. De tabletten mogen niet worden gedeeld.<\/p>\n<h2><strong>Bijwerkingen Frontpro<\/strong><\/h2>\n<p>De meest voorkomende bijwerkingen van Frontpro zijn: milde gastro-intestinale effecten (braken, diarree), jeuk, lethargie, anorexie en neurologische symptomen (convulsies, ataxie en spier tremoren). Deze bijwerken zijn zeer zelden gemeld.<\/p>\n<h2><strong>Bijsluiter Frontpro<\/strong><\/h2>\n<p>Lees voor gebruik de bijsluiter.<\/p>\n","protected":false},"excerpt":{"rendered":"<p>Frontpro vlooien tablet hond Frontpro kauwtabletten voor honden kunnen worden gebruikt ter bestrijding van teken en vlooien: Voor de behandeling van tekeninfestaties bij honden (Dermacentor reticulatus, Ixodes ricinus,\u00a0Ixodeshexagonus, Rhipicephalus sanguineus). E\u00e9n behandeling biedt onmiddellijke en aanhoudende tekendodende werking gedurende \u00e9\u00e9n maand. Vlooien en teken moeten hechten aan de gastheer en zich voeden om te worden [&hellip;]<\/p>\n","protected":false},"featured_media":119636,"comment_status":"open","ping_status":"closed","template":"","meta":{"_acf_changed":false,"_nl_post_content":"<h1><strong>Frontpro vlooien tablet hond<br \/><\/strong><\/h1>\n<p><a href=\"https:\/\/www.pharmacy4pets.nl\/merken\/frontpro\">Frontpro <\/a>kauwtabletten voor <a href=\"https:\/\/www.pharmacy4pets.nl\/honden\">honden <\/a>kunnen worden gebruikt ter bestrijding van <a href=\"https:\/\/www.pharmacy4pets.nl\/honden\/vlooien-teken-insecten\">teken en vlooien<\/a>:<\/p>\n<ul>\n<li>Voor de behandeling van tekeninfestaties bij honden (Dermacentor reticulatus, Ixodes ricinus,\u00a0Ixodes<br \/>hexagonus, Rhipicephalus sanguineus). E\u00e9n behandeling biedt onmiddellijke en aanhoudende teken<br \/>dodende werking gedurende \u00e9\u00e9n maand. Vlooien en teken moeten hechten aan de gastheer en zich voeden om te worden blootgesteld aan de werkzame stof.<\/li>\n<li>Voor de behandeling van vlooieninfestaties bij honden (Ctenocephalides felis en C. canis).\u00a0E\u00e9n behandeling biedt onmiddellijke en aanhoudende vlooien dodende werking gedurende 5 weken.<\/li>\n<\/ul>\n<h2><strong>Dosering Frontpro<\/strong><\/h2>\n<p>Frontpro bevat de werkzame stof Afoxolaner en dient oraal te worden toegediend, in overeenstemming met de volgende tabel:<\/p>\n<p><img src=\"{{media url=&quot;.renditions\/wysiwyg\/tabel\/frontpro-nl.jpg&quot;}}\" alt=\"\" width=\"710\" height=\"155\" \/><\/p>\n<p>Gebruik een geschikte combinatie van kauwtabletten van verschillende\/dezelfde sterkte voor honden boven 50 kg lichaamsgewicht. De tabletten mogen niet worden gedeeld.<\/p>\n<h2><strong>Bijwerkingen Frontpro<\/strong><\/h2>\n<p>De meest voorkomende bijwerkingen van Frontpro zijn: milde gastro-intestinale effecten (braken, diarree), jeuk, lethargie, anorexie en neurologische symptomen (convulsies, ataxie en spier tremoren). Deze bijwerken zijn zeer zelden gemeld.<\/p>\n<h2><strong>Bijsluiter Frontpro<\/strong><\/h2>\n<p>Lees voor gebruik de bijsluiter.<\/p>","_nl_post_name":"frontpro-hond","_nl_post_excerpt":"","_nl_post_title":"Frontpro hond","_en_post_content":"<h1><strong>Frontpro<\/strong><\/h1>\n<p><a href=\"https:\/\/www.pharmacy4pets.com\/brands\/frontpro\">Frontpro<\/a> chewable tablets for <a href=\"https:\/\/www.pharmacy4pets.com\/dogs\">dogs<\/a> can be used to combat <a href=\"https:\/\/www.pharmacy4pets.com\/dogs\/fleas-ticks-insects\">ticks and fleas<\/a>:<\/p>\n<ul>\n<li>For the treatment of tick infestations in dogs (Dermacentor reticulatus, Ixodes ricinus, Ixodes<br \/>hexagonus, Rhipicephalus sanguineus). One treatment provides immediate and sustained tick<br \/>killing action for one month. Fleas and ticks must attach to the host and feed to be exposed to the active ingredient.<\/li>\n<li>For the treatment of flea infestations in dogs (Ctenocephalides felis and C. canis). One treatment provides immediate and sustained flea-killing action for 5 weeks.<\/li>\n<\/ul>\n<h2><strong>Frontpro Dosage<\/strong><\/h2>\n<p>Dog 2-4 kg: 1 tablet Frontpro 11 mg<br \/>Dog &gt;4-10 kg: 1 tablet Frontpro 28 mg<br \/>Dog &gt;10-25 kg: 1 tablet Frontpro 68 mg<br \/>Dog &gt;25-50 kg: 1 tablet Frontpro 136 mg<\/p>\n<p>Use an appropriate combination of chewable tablets of different\/same strength for dogs over 50 kg body weight. Tablets should not be divided.<\/p>\n<h2><strong>Frontpro Side Effects<\/strong><\/h2>\n<p>The most common side effects of Frontpro are mild gastrointestinal effects (vomiting, diarrhea), itching, lethargy, anorexia, and neurological symptoms (seizures, ataxia, and muscle tremors). These side effects have been reported very rarely.<\/p>\n<h2><strong>Frontpro Leaflet<\/strong><\/h2>\n<p>Read the leaflet before use.<\/p>","_en_post_name":"frontpro-dog","_en_post_excerpt":"","_en_post_title":"Frontpro","_de_post_content":"<h1><strong>Frontpro Hund<\/strong><\/h1>\n<p><a href=\"https:\/\/www.pharmacy4pets.de\/marken\/frontpro\">Frontpro<\/a>-Kautabletten f\u00fcr <a href=\"https:\/\/www.pharmacy4pets.de\/hunde\">Hunde<\/a> k\u00f6nnen zur Bek\u00e4mpfung von <a href=\"https:\/\/www.pharmacy4pets.de\/hunde\/flohe-zecken-insekten\">Zecken und Fl\u00f6hen\u00a0<\/a>eingesetzt werden:<\/p>\n<ul>\n<li>Zur Behandlung von Zeckenbefall bei Hunden (Dermacentor reticulatus, Ixodes ricinus, Ixodes<br \/>hexagonus, Rhipicephalus sanguineus). Eine Behandlung bewirkt eine sofortige und anhaltende Zecken t\u00f6dliche Wirkung f\u00fcr einen Monat. Fl\u00f6he und Zecken m\u00fcssen sich an den Wirt heften und fressen, um dem Wirkstoff ausgesetzt zu werden.<\/li>\n<li>Zur Behandlung von Flohbefall bei Hunden (Ctenocephalides felis und C. canis). Eine Behandlung bewirkt eine sofortige und anhaltende Flohabt\u00f6tung \u00fcber 5 Wochen.<\/li>\n<\/ul>\n<h2><strong>Dosierung Frontpro<\/strong><\/h2>\n<p>Hund 2-4 kg: 1 Tablette Frontpro 11 mg<br \/>Hund &gt;4-10 kg: 1 Tablette Frontpro 28 mg<br \/>Hund &gt;10-25 kg: 1 Tablette Frontpro 68 mg<br \/>Hund &gt;25-50 kg: 1 Tablette Frontpro 136 mg<\/p>\n<p>Verwenden Sie eine geeignete Kombination von Kautabletten unterschiedlicher\/gleicher St\u00e4rke f\u00fcr Hunde \u00fcber 50 kg K\u00f6rpergewicht. Die Tabletten d\u00fcrfen nicht geteilt werden.<\/p>\n<h2><strong>Nebenwirkungen Frontpro<\/strong><\/h2>\n<p>Die h\u00e4ufigsten Nebenwirkungen von Frontpro sind: leichte gastrointestinale Effekte (Erbrechen, Durchfall), Juckreiz, Lethargie, Anorexie und neurologische Symptome (Krampfanf\u00e4lle, Ataxie und Muskelzittern). Diese Nebenwirkungen wurden sehr selten gemeldet.<\/p>\n<h2><strong>Beipackzettel Frontpro<\/strong><\/h2>\n<p>Lesen Sie vor der Anwendung die Beipackzettel.<\/p>","_de_post_name":"frontpro-hund","_de_post_excerpt":"","_de_post_title":"Frontpro Hund","_fr_post_content":"<h1><strong>Frontpro<\/strong><\/h1>\n<p>Les comprim\u00e9s \u00e0 m\u00e2cher <a href=\"https:\/\/www.pharmacy4pets.fr\/marques\/frontpro\">Frontpro<\/a> pour les <a href=\"https:\/\/www.pharmacy4pets.fr\/chiens\/puces-tiques-insectes\">chiens<\/a> peuvent \u00eatre utilis\u00e9s pour combattre les <a href=\"https:\/\/www.pharmacy4pets.fr\/chiens\/puces-tiques-insectes\">tiques et les puces<\/a>\u00a0:<\/p>\n<ul>\n<li>Pour le traitement des infestations par les tiques chez les chiens (Dermacentor reticulatus, Ixodes ricinus, Ixodes hexagonus, Rhipicephalus sanguineus). Un traitement permet une action imm\u00e9diate et soutenue de destruction des tiques tiques pendant un mois. Les puces et les tiques doivent se fixer sur l'h\u00f4te et se nourrir pour \u00eatre expos\u00e9es \u00e0 l'ingr\u00e9dient actif.<\/li>\n<li>Pour le traitement des infestations de puces chez les chiens (Ctenocephalides felis et C. canis). Un seul traitement permet d'obtenir une action antipuces imm\u00e9diate et durable pendant 5 semaines.<\/li>\n<\/ul>\n<h2><strong>Dosage de Frontpro<\/strong><\/h2>\n<p>Chien 2-4 kg: 1 comprim\u00e9 Frontpro 11 mg<br \/>Chien &gt;4-10 kg: 1 comprim\u00e9 Frontpro 28 mg<br \/>Chien &gt;10-25 kg: 1 comprim\u00e9 Frontpro 68 mg<br \/>Chien &gt;25-50 kg: 1 comprim\u00e9 Frontpro 136 mg<\/p>\n<p>Utilisez une combinaison appropri\u00e9e de comprim\u00e9s \u00e0 m\u00e2cher de diff\u00e9rentes\/identiques forces pour les chiens pesant plus de 50 kg. Les comprim\u00e9s ne doivent pas \u00eatre partag\u00e9s.<\/p>\n<h2><strong>Effets secondaires de Frontpro<\/strong><\/h2>\n<p>Les effets secondaires les plus courants de Frontpro sont : des effets gastro-intestinaux l\u00e9gers (vomissements, diarrh\u00e9e), des d\u00e9mangeaisons, de la l\u00e9thargie, de l'anorexie et des sympt\u00f4mes neurologiques (convulsions, ataxie et tremblements musculaires). Ces effets secondaires ont \u00e9t\u00e9 tr\u00e8s rarement signal\u00e9s.<\/p>\n<h2><strong>Notice de Frontpro<\/strong><\/h2>\n<p>Lisez la notice avant utilisation.<\/p>","_fr_post_name":"frontpro-chien","_fr_post_excerpt":"","_fr_post_title":"Frontpro","_es_post_content":"<h1><strong>Frontpro<\/strong><\/h1>\n<p>Los comprimidos masticables <a href=\"https:\/\/www.pharmacy4pets.es\/marcas\/frontpro\">Frontpro<\/a> para <a href=\"https:\/\/www.pharmacy4pets.es\/perros\">perros<\/a> pueden utilizarse para combatir las <a href=\"https:\/\/www.pharmacy4pets.es\/perros\/pulgas-garrapatas-insectos\">garrapatas y pulgas<\/a>:<\/p>\n<ul>\n<li>Para el tratamiento de infestaciones por garrapatas en perros (Dermacentor reticulatus, Ixodes ricinus, Ixodes hexagonus, Rhipicephalus sanguineus). Un tratamiento proporciona una acci\u00f3n<br \/>garrapatas durante un mes. Las pulgas y garrapatas deben adherirse al hu\u00e9sped y alimentarse para estar expuestas al principio activo.<\/li>\n<li>Para el tratamiento de infestaciones por pulgas en perros (Ctenocephalides felis y C. canis). Un tratamiento proporciona una acci\u00f3n antipulgas inmediata y sostenida durante 5 semanas.<\/li>\n<\/ul>\n<h2><strong>Dosificaci\u00f3n de Frontpro<\/strong><\/h2>\n<p>Perro 2-4 kg: 1 comprimido Frontpro 11 mg<br \/>Perro &gt;4-10 kg: 1 comprimido Frontpro 28 mg<br \/>Perro &gt;10-25 kg: 1 comprimido Frontpro 68 mg<br \/>Perro &gt;25-50 kg: 1 comprimido Frontpro 136 mg<\/p>\n<p>Use una combinaci\u00f3n adecuada de comprimidos masticables de diferentes\/iguales fortalezas para perros que pesen m\u00e1s de 50 kg. Los comprimidos no deben dividirse.<\/p>\n<h2><strong>Efectos secundarios de Frontpro<\/strong><\/h2>\n<p>Los efectos secundarios m\u00e1s comunes de Frontpro son: efectos gastrointestinales leves (v\u00f3mitos, diarrea), picaz\u00f3n, letargo, anorexia y s\u00edntomas neurol\u00f3gicos (convulsiones, ataxia y temblores musculares). Estos efectos secundarios se han reportado muy raramente.<\/p>\n<h2><strong>Prospecto de Frontpro<\/strong><\/h2>\n<p>Lea el prospecto antes de usarlo.<\/p>","_es_post_name":"frontpro-perro","_es_post_excerpt":"","_es_post_title":"Frontpro","edit_language":"nl"},"product_brand":[],"product_cat":[2137,1117,1845,1837,1839,1857,2177,1836,2205,1835,2204,1834,2203,2339],"product_tag":[],"class_list":{"0":"post-119641","1":"product","2":"type-product","3":"status-publish","4":"has-post-thumbnail","6":"product_cat-frontpro","7":"product_cat-honden","8":"product_cat-huid-vacht","9":"product_cat-insecten","10":"product_cat-medicijnen-supplementen","11":"product_cat-merken","12":"product_cat-puppy","13":"product_cat-teken","14":"product_cat-teken-puppy","15":"product_cat-vlooien","16":"product_cat-vlooien-puppy","17":"product_cat-vlooien-teken-insecten","19":"product_cat-vlooienallergie","20":"pa_aandoening-insecten","21":"pa_aandoening-overig","22":"pa_aandoening-teken","23":"pa_aandoening-vlooien","24":"pa_doeldier-hond","25":"pa_doeldier-puppy","26":"pa_fabricatieland-frankrijk","27":"pa_merkfilter-frontpro","28":"pa_merkgroep-boehringer","29":"pa_productsoort-diergeneesmiddelvrij_ura","30":"pa_toedieningswijze-tabletten","31":"pa_werkzamestof-afoxolaner","33":"first","34":"instock","35":"taxable","36":"shipping-taxable","37":"product-type-grouped"},"yoast_head":"<!-- This site is optimized with the Yoast SEO plugin v27.5 - https:\/\/yoast.com\/product\/yoast-seo-wordpress\/ -->\n<title>Frontpro Hond | Pharmacy4pets<\/title>\n<meta name=\"description\" content=\"Frontpro Bijsluiter Frontpro Lees voor gebruik de bijsluiter.\" \/>\n<meta name=\"robots\" content=\"index, follow, max-snippet:-1, max-image-preview:large, max-video-preview:-1\" \/>\n<link rel=\"canonical\" href=\"https:\/\/www.pharmacy4pets.nl\/frontpro-hond\" \/>\n<meta property=\"og:locale\" content=\"nl_NL\" \/>\n<meta property=\"og:type\" content=\"article\" \/>\n<meta property=\"og:title\" content=\"Frontpro Hond | Pharmacy4pets\" \/>\n<meta property=\"og:description\" content=\"Frontpro Bijsluiter Frontpro Lees voor gebruik de bijsluiter.\" \/>\n<meta property=\"og:url\" content=\"https:\/\/www.pharmacy4pets.nl\/frontpro-hond\" \/>\n<meta property=\"og:site_name\" content=\"Pharmacy4pets\" \/>\n<meta property=\"article:publisher\" content=\"https:\/\/www.facebook.com\/people\/Pharmacy4petsnl\/100063484989896\/\" \/>\n<meta property=\"article:modified_time\" content=\"2026-03-25T12:02:41+00:00\" \/>\n<meta property=\"og:image\" content=\"https:\/\/www.pharmacy4pets.nl\/wp-content\/uploads\/2023\/01\/groep.jpg\" \/>\n\t<meta property=\"og:image:width\" content=\"1000\" \/>\n\t<meta property=\"og:image:height\" content=\"1000\" \/>\n\t<meta property=\"og:image:type\" content=\"image\/jpeg\" \/>\n<meta name=\"twitter:card\" content=\"summary_large_image\" \/>\n<meta name=\"twitter:label1\" content=\"Geschatte leestijd\" \/>\n\t<meta name=\"twitter:data1\" content=\"1 minuut\" \/>\n<script type=\"application\/ld+json\" class=\"yoast-schema-graph\">{\"@context\":\"https:\\\/\\\/schema.org\",\"@graph\":[{\"@type\":\"WebPage\",\"@id\":\"https:\\\/\\\/www.pharmacy4pets.nl\\\/frontpro-hond\",\"url\":\"https:\\\/\\\/www.pharmacy4pets.nl\\\/frontpro-hond\",\"name\":\"Frontpro Hond | Pharmacy4pets\",\"isPartOf\":{\"@id\":\"https:\\\/\\\/www.pharmacy4pets.nl\\\/be\\\/#website\"},\"primaryImageOfPage\":{\"@id\":\"https:\\\/\\\/www.pharmacy4pets.nl\\\/frontpro-hond#primaryimage\"},\"image\":{\"@id\":\"https:\\\/\\\/www.pharmacy4pets.nl\\\/frontpro-hond#primaryimage\"},\"thumbnailUrl\":\"https:\\\/\\\/www.pharmacy4pets.nl\\\/wp-content\\\/uploads\\\/2023\\\/01\\\/groep.jpg\",\"datePublished\":\"2023-01-30T15:40:37+00:00\",\"dateModified\":\"2026-03-25T12:02:41+00:00\",\"description\":\"Frontpro Bijsluiter Frontpro Lees voor gebruik de bijsluiter.\",\"breadcrumb\":{\"@id\":\"https:\\\/\\\/www.pharmacy4pets.nl\\\/frontpro-hond#breadcrumb\"},\"inLanguage\":\"nl-NL\",\"potentialAction\":[{\"@type\":\"ReadAction\",\"target\":[\"https:\\\/\\\/www.pharmacy4pets.nl\\\/frontpro-hond\"]}]},{\"@type\":\"ImageObject\",\"inLanguage\":\"nl-NL\",\"@id\":\"https:\\\/\\\/www.pharmacy4pets.nl\\\/frontpro-hond#primaryimage\",\"url\":\"https:\\\/\\\/www.pharmacy4pets.nl\\\/wp-content\\\/uploads\\\/2023\\\/01\\\/groep.jpg\",\"contentUrl\":\"https:\\\/\\\/www.pharmacy4pets.nl\\\/wp-content\\\/uploads\\\/2023\\\/01\\\/groep.jpg\",\"width\":1000,\"height\":1000,\"caption\":\"Frontpro hond\"},{\"@type\":\"BreadcrumbList\",\"@id\":\"https:\\\/\\\/www.pharmacy4pets.nl\\\/frontpro-hond#breadcrumb\",\"itemListElement\":[{\"@type\":\"ListItem\",\"position\":1,\"name\":\"Home\",\"item\":\"https:\\\/\\\/p4p-nl.bootmine.com\\\/\"},{\"@type\":\"ListItem\",\"position\":2,\"name\":\"Winkel\",\"item\":\"https:\\\/\\\/www.pharmacy4pets.nl\\\/be\\\/winkel\"},{\"@type\":\"ListItem\",\"position\":3,\"name\":\"Frontpro hond\"}]},{\"@type\":\"WebSite\",\"@id\":\"https:\\\/\\\/www.pharmacy4pets.nl\\\/be\\\/#website\",\"url\":\"https:\\\/\\\/www.pharmacy4pets.nl\\\/be\\\/\",\"name\":\"Pharmacy4pets\",\"description\":\"Pharmacy4pets.nl is d\u00e9 online apotheek waar u terecht kunt voor alle diergeneesmiddelen, verzorgingsproducten en dieetvoeding voor uw huisdier.\",\"publisher\":{\"@id\":\"https:\\\/\\\/www.pharmacy4pets.nl\\\/be\\\/#organization\"},\"potentialAction\":[{\"@type\":\"SearchAction\",\"target\":{\"@type\":\"EntryPoint\",\"urlTemplate\":\"https:\\\/\\\/www.pharmacy4pets.nl\\\/be\\\/?s={search_term_string}\"},\"query-input\":{\"@type\":\"PropertyValueSpecification\",\"valueRequired\":true,\"valueName\":\"search_term_string\"}}],\"inLanguage\":\"nl-NL\"},{\"@type\":\"Organization\",\"@id\":\"https:\\\/\\\/www.pharmacy4pets.nl\\\/be\\\/#organization\",\"name\":\"Pharmacy4pets\",\"url\":\"https:\\\/\\\/www.pharmacy4pets.nl\\\/be\\\/\",\"logo\":{\"@type\":\"ImageObject\",\"inLanguage\":\"nl-NL\",\"@id\":\"https:\\\/\\\/www.pharmacy4pets.nl\\\/be\\\/#\\\/schema\\\/logo\\\/image\\\/\",\"url\":\"https:\\\/\\\/p4p-nl.bootmine.com\\\/wp-content\\\/uploads\\\/2026\\\/03\\\/logo-pharmacy4pets.png\",\"contentUrl\":\"https:\\\/\\\/p4p-nl.bootmine.com\\\/wp-content\\\/uploads\\\/2026\\\/03\\\/logo-pharmacy4pets.png\",\"width\":1024,\"height\":135,\"caption\":\"Pharmacy4pets\"},\"image\":{\"@id\":\"https:\\\/\\\/www.pharmacy4pets.nl\\\/be\\\/#\\\/schema\\\/logo\\\/image\\\/\"},\"sameAs\":[\"https:\\\/\\\/www.facebook.com\\\/people\\\/Pharmacy4petsnl\\\/100063484989896\\\/\",\"https:\\\/\\\/www.youtube.com\\\/channel\\\/UCGPTIgucgli03tP2_kvLkHg\\\/featured\",\"https:\\\/\\\/www.instagram.com\\\/pharmacy4pets.nl\"]}]}<\/script>\n<!-- \/ Yoast SEO plugin. -->","yoast_head_json":{"title":"Frontpro Hond | Pharmacy4pets","description":"Frontpro Bijsluiter Frontpro Lees voor gebruik de bijsluiter.","robots":{"index":"index","follow":"follow","max-snippet":"max-snippet:-1","max-image-preview":"max-image-preview:large","max-video-preview":"max-video-preview:-1"},"canonical":"https:\/\/www.pharmacy4pets.nl\/frontpro-hond","og_locale":"nl_NL","og_type":"article","og_title":"Frontpro Hond | Pharmacy4pets","og_description":"Frontpro Bijsluiter Frontpro Lees voor gebruik de bijsluiter.","og_url":"https:\/\/www.pharmacy4pets.nl\/frontpro-hond","og_site_name":"Pharmacy4pets","article_publisher":"https:\/\/www.facebook.com\/people\/Pharmacy4petsnl\/100063484989896\/","article_modified_time":"2026-03-25T12:02:41+00:00","og_image":[{"width":1000,"height":1000,"url":"https:\/\/www.pharmacy4pets.nl\/wp-content\/uploads\/2023\/01\/groep.jpg","type":"image\/jpeg"}],"twitter_card":"summary_large_image","twitter_misc":{"Geschatte leestijd":"1 minuut"},"schema":{"@context":"https:\/\/schema.org","@graph":[{"@type":"WebPage","@id":"https:\/\/www.pharmacy4pets.nl\/frontpro-hond","url":"https:\/\/www.pharmacy4pets.nl\/frontpro-hond","name":"Frontpro Hond | Pharmacy4pets","isPartOf":{"@id":"https:\/\/www.pharmacy4pets.nl\/be\/#website"},"primaryImageOfPage":{"@id":"https:\/\/www.pharmacy4pets.nl\/frontpro-hond#primaryimage"},"image":{"@id":"https:\/\/www.pharmacy4pets.nl\/frontpro-hond#primaryimage"},"thumbnailUrl":"https:\/\/www.pharmacy4pets.nl\/wp-content\/uploads\/2023\/01\/groep.jpg","datePublished":"2023-01-30T15:40:37+00:00","dateModified":"2026-03-25T12:02:41+00:00","description":"Frontpro Bijsluiter Frontpro Lees voor gebruik de bijsluiter.","breadcrumb":{"@id":"https:\/\/www.pharmacy4pets.nl\/frontpro-hond#breadcrumb"},"inLanguage":"nl-NL","potentialAction":[{"@type":"ReadAction","target":["https:\/\/www.pharmacy4pets.nl\/frontpro-hond"]}]},{"@type":"ImageObject","inLanguage":"nl-NL","@id":"https:\/\/www.pharmacy4pets.nl\/frontpro-hond#primaryimage","url":"https:\/\/www.pharmacy4pets.nl\/wp-content\/uploads\/2023\/01\/groep.jpg","contentUrl":"https:\/\/www.pharmacy4pets.nl\/wp-content\/uploads\/2023\/01\/groep.jpg","width":1000,"height":1000,"caption":"Frontpro hond"},{"@type":"BreadcrumbList","@id":"https:\/\/www.pharmacy4pets.nl\/frontpro-hond#breadcrumb","itemListElement":[{"@type":"ListItem","position":1,"name":"Home","item":"https:\/\/p4p-nl.bootmine.com\/"},{"@type":"ListItem","position":2,"name":"Winkel","item":"https:\/\/www.pharmacy4pets.nl\/be\/winkel"},{"@type":"ListItem","position":3,"name":"Frontpro hond"}]},{"@type":"WebSite","@id":"https:\/\/www.pharmacy4pets.nl\/be\/#website","url":"https:\/\/www.pharmacy4pets.nl\/be\/","name":"Pharmacy4pets","description":"Pharmacy4pets.nl is d\u00e9 online apotheek waar u terecht kunt voor alle diergeneesmiddelen, verzorgingsproducten en dieetvoeding voor uw huisdier.","publisher":{"@id":"https:\/\/www.pharmacy4pets.nl\/be\/#organization"},"potentialAction":[{"@type":"SearchAction","target":{"@type":"EntryPoint","urlTemplate":"https:\/\/www.pharmacy4pets.nl\/be\/?s={search_term_string}"},"query-input":{"@type":"PropertyValueSpecification","valueRequired":true,"valueName":"search_term_string"}}],"inLanguage":"nl-NL"},{"@type":"Organization","@id":"https:\/\/www.pharmacy4pets.nl\/be\/#organization","name":"Pharmacy4pets","url":"https:\/\/www.pharmacy4pets.nl\/be\/","logo":{"@type":"ImageObject","inLanguage":"nl-NL","@id":"https:\/\/www.pharmacy4pets.nl\/be\/#\/schema\/logo\/image\/","url":"https:\/\/p4p-nl.bootmine.com\/wp-content\/uploads\/2026\/03\/logo-pharmacy4pets.png","contentUrl":"https:\/\/p4p-nl.bootmine.com\/wp-content\/uploads\/2026\/03\/logo-pharmacy4pets.png","width":1024,"height":135,"caption":"Pharmacy4pets"},"image":{"@id":"https:\/\/www.pharmacy4pets.nl\/be\/#\/schema\/logo\/image\/"},"sameAs":["https:\/\/www.facebook.com\/people\/Pharmacy4petsnl\/100063484989896\/","https:\/\/www.youtube.com\/channel\/UCGPTIgucgli03tP2_kvLkHg\/featured","https:\/\/www.instagram.com\/pharmacy4pets.nl"]}]}},"market_data":{"nl":{"price":0,"sale_price":0,"active":false,"url":"","parent_url":"","tax_rate":0,"price_inc_tax":0,"sale_price_inc_tax":0},"de":{"price":0,"sale_price":0,"active":false,"url":"","parent_url":"","tax_rate":0,"price_inc_tax":0,"sale_price_inc_tax":0},"be":{"price":0,"sale_price":0,"active":false,"url":"","parent_url":"","tax_rate":0,"price_inc_tax":0,"sale_price_inc_tax":0},"fr":{"price":0,"sale_price":0,"active":false,"url":"","parent_url":"","tax_rate":0,"price_inc_tax":0,"sale_price_inc_tax":0},"ch":{"price":0,"sale_price":0,"active":false,"url":"","parent_url":"","tax_rate":0,"price_inc_tax":0,"sale_price_inc_tax":0},"at":{"price":0,"sale_price":0,"active":false,"url":"","parent_url":"","tax_rate":0,"price_inc_tax":0,"sale_price_inc_tax":0},"es":{"price":0,"sale_price":0,"active":false,"url":"","parent_url":"","tax_rate":0,"price_inc_tax":0,"sale_price_inc_tax":0},"dk":{"price":0,"sale_price":0,"active":false,"url":"","parent_url":"","tax_rate":0,"price_inc_tax":0,"sale_price_inc_tax":0},"com":{"price":0,"sale_price":0,"active":false,"url":"","parent_url":"","tax_rate":0,"price_inc_tax":0,"sale_price_inc_tax":0}},"market_nl_price":0,"market_nl_sale_price":0,"market_nl_active":false,"market_nl_url":"","market_nl_parent_url":"","market_nl_tax_rate":0,"market_nl_price_inc_tax":0,"market_nl_sale_price_inc_tax":0,"market_de_price":0,"market_de_sale_price":0,"market_de_active":false,"market_de_url":"","market_de_parent_url":"","market_de_tax_rate":0,"market_de_price_inc_tax":0,"market_de_sale_price_inc_tax":0,"market_be_price":0,"market_be_sale_price":0,"market_be_active":false,"market_be_url":"","market_be_parent_url":"","market_be_tax_rate":0,"market_be_price_inc_tax":0,"market_be_sale_price_inc_tax":0,"market_fr_price":0,"market_fr_sale_price":0,"market_fr_active":false,"market_fr_url":"","market_fr_parent_url":"","market_fr_tax_rate":0,"market_fr_price_inc_tax":0,"market_fr_sale_price_inc_tax":0,"market_ch_price":0,"market_ch_sale_price":0,"market_ch_active":false,"market_ch_url":"","market_ch_parent_url":"","market_ch_tax_rate":0,"market_ch_price_inc_tax":0,"market_ch_sale_price_inc_tax":0,"market_at_price":0,"market_at_sale_price":0,"market_at_active":false,"market_at_url":"","market_at_parent_url":"","market_at_tax_rate":0,"market_at_price_inc_tax":0,"market_at_sale_price_inc_tax":0,"market_es_price":0,"market_es_sale_price":0,"market_es_active":false,"market_es_url":"","market_es_parent_url":"","market_es_tax_rate":0,"market_es_price_inc_tax":0,"market_es_sale_price_inc_tax":0,"market_dk_price":0,"market_dk_sale_price":0,"market_dk_active":false,"market_dk_url":"","market_dk_parent_url":"","market_dk_tax_rate":0,"market_dk_price_inc_tax":0,"market_dk_sale_price_inc_tax":0,"market_com_price":0,"market_com_sale_price":0,"market_com_active":false,"market_com_url":"","market_com_parent_url":"","market_com_tax_rate":0,"market_com_price_inc_tax":0,"market_com_sale_price_inc_tax":0,"acf":[],"_links":{"self":[{"href":"https:\/\/www.pharmacy4pets.nl\/be\/wp-json\/wp\/v2\/product\/119641","targetHints":{"allow":["GET"]}}],"collection":[{"href":"https:\/\/www.pharmacy4pets.nl\/be\/wp-json\/wp\/v2\/product"}],"about":[{"href":"https:\/\/www.pharmacy4pets.nl\/be\/wp-json\/wp\/v2\/types\/product"}],"replies":[{"embeddable":true,"href":"https:\/\/www.pharmacy4pets.nl\/be\/wp-json\/wp\/v2\/comments?post=119641"}],"wp:featuredmedia":[{"embeddable":true,"href":"https:\/\/www.pharmacy4pets.nl\/be\/wp-json\/wp\/v2\/media\/119636"}],"wp:attachment":[{"href":"https:\/\/www.pharmacy4pets.nl\/be\/wp-json\/wp\/v2\/media?parent=119641"}],"wp:term":[{"taxonomy":"product_brand","embeddable":true,"href":"https:\/\/www.pharmacy4pets.nl\/be\/wp-json\/wp\/v2\/product_brand?post=119641"},{"taxonomy":"product_cat","embeddable":true,"href":"https:\/\/www.pharmacy4pets.nl\/be\/wp-json\/wp\/v2\/product_cat?post=119641"},{"taxonomy":"product_tag","embeddable":true,"href":"https:\/\/www.pharmacy4pets.nl\/be\/wp-json\/wp\/v2\/product_tag?post=119641"}],"curies":[{"name":"wp","href":"https:\/\/api.w.org\/{rel}","templated":true}]}}