{"id":119625,"date":"2023-01-18T09:58:18","date_gmt":"2023-01-18T09:58:18","guid":{"rendered":"https:\/\/p4p.test\/colostroguard-hond-kat"},"modified":"2026-03-25T12:02:37","modified_gmt":"2026-03-25T12:02:37","slug":"colostroguard-hond-kat","status":"publish","type":"product","link":"https:\/\/www.pharmacy4pets.nl\/be\/colostroguard-hond-kat","title":{"rendered":"COLOSTROGuard Hond en Kat 120 capsules"},"content":{"rendered":"<h1>COLOSTROGuard Hond &amp; Kat<\/h1>\n<p>COLOSTROGuard van ReboPharm is een aanvullend diervoeder voor honden en katten met colostrum en Agaricus blazei Murill (amandelpaddenstoel). COLOSTROGuard helpt bij de opbouw van een gezonde darmflora, ondersteunt het immuunsysteem, verlicht chronische ontstekingen en allergie\u00ebn en bevordert een gezonde ontwikkeling van jonge dieren.<\/p>\n<h2>De voordelen van COLOSTROGuard voor honden en katten<\/h2>\n<ul>\n<li>met de immunomodulerende amandelpaddenstoel, colostrum en Agaricus blazei Murill (amandelpaddenstoel)<\/li>\n<li>100% antibioticavrij<\/li>\n<li>Helpt bij de opbouw van een gezonde darmflora<\/li>\n<li>Ondersteunt het immuunsysteem<\/li>\n<li>Verlicht chronische ontstekingen en allergie\u00ebn<\/li>\n<li>Bevordert een gezonde ontwikkeling van jonge dieren<\/li>\n<\/ul>\n<h2>COLOSTROGuard dosering<\/h2>\n<p>Het toedienen van de capsules is heel eenvoudig: je kunt de capsules gewoon door het voer van je hond of kat mengen. De capsules kunnen indien nodig worden geopend, zodat alleen de inhoud aan het voer kan worden toegevoegd. Het lichaamsgewicht van je hond of kat bepaalt de dosering van COLOSTROGuard:<\/p>\n<ul>\n<li>Katten: 1 capsule per dag<\/li>\n<li>Honden tot 10 kg: 1 capsule per dag<\/li>\n<li>Honden 10-20 kg: 2 capsules per dag<\/li>\n<li>Honden 20-30 kg: 3 capsules per dag<\/li>\n<li>Honden 30-40 kg: 4 capsules per dag<\/li>\n<\/ul>\n<p>Meer informatie over de samenstelling en dosering van COLOSTROGuard voor honden en katten vind je onder &#8216;Bijsluiter&#8217;.<\/p>\n","protected":false},"excerpt":{"rendered":"<p>COLOSTROGuard Hond &amp; Kat COLOSTROGuard van ReboPharm is een aanvullend diervoeder voor honden en katten met colostrum en Agaricus blazei Murill (amandelpaddenstoel). COLOSTROGuard helpt bij de opbouw van een gezonde darmflora, ondersteunt het immuunsysteem, verlicht chronische ontstekingen en allergie\u00ebn en bevordert een gezonde ontwikkeling van jonge dieren. De voordelen van COLOSTROGuard voor honden en katten [&hellip;]<\/p>\n","protected":false},"featured_media":119622,"comment_status":"open","ping_status":"closed","template":"","meta":{"_acf_changed":false,"_nl_post_content":"<h1>COLOSTROGuard Hond &amp; Kat<\/h1>\r\n<p>COLOSTROGuard van ReboPharm is een aanvullend diervoeder voor honden en katten met colostrum en Agaricus blazei Murill (amandelpaddenstoel). COLOSTROGuard helpt bij de opbouw van een gezonde darmflora, ondersteunt het immuunsysteem, verlicht chronische ontstekingen en allergie\u00ebn en bevordert een gezonde ontwikkeling van jonge dieren.<\/p>\r\n<h2>De voordelen van COLOSTROGuard voor honden en katten<\/h2>\r\n<ul>\r\n<li>met de immunomodulerende amandelpaddenstoel, colostrum en Agaricus blazei Murill (amandelpaddenstoel)<\/li>\r\n<li>100% antibioticavrij<\/li>\r\n<li>Helpt bij de opbouw van een gezonde darmflora<\/li>\r\n<li>Ondersteunt het immuunsysteem<\/li>\r\n<li>Verlicht chronische ontstekingen en allergie\u00ebn<\/li>\r\n<li>Bevordert een gezonde ontwikkeling van jonge dieren<\/li>\r\n<\/ul>\r\n<h2>COLOSTROGuard dosering<\/h2>\r\n<p>Het toedienen van de capsules is heel eenvoudig: je kunt de capsules gewoon door het voer van je hond of kat mengen. De capsules kunnen indien nodig worden geopend, zodat alleen de inhoud aan het voer kan worden toegevoegd. Het lichaamsgewicht van je hond of kat bepaalt de dosering van COLOSTROGuard:<\/p>\r\n<ul>\r\n<li>Katten: 1 capsule per dag<\/li>\r\n<li>Honden tot 10 kg: 1 capsule per dag<\/li>\r\n<li>Honden 10-20 kg: 2 capsules per dag<\/li>\r\n<li>Honden 20-30 kg: 3 capsules per dag<\/li>\r\n<li>Honden 30-40 kg: 4 capsules per dag<\/li>\r\n<\/ul>\r\n<p>Meer informatie over de samenstelling en dosering van COLOSTROGuard voor honden en katten vind je onder 'Bijsluiter'.<\/p>","_nl_post_name":"colostroguard-hond-kat","_nl_post_excerpt":"","_nl_post_title":"COLOSTROGuard Hond en Kat 120 capsules","_en_post_content":"<h1>COLOSTROGuard from ReboPharm<\/h1>\r\n<p>COLOSTROGuard from ReboPharm is a supplementary feed for dogs and cats with colostrum and Agaricus blazei Murill (almond mushroom). COLOSTROGuard helps to build up healthy intestinal flora, supports the immune system, alleviates chronic inflammation and allergies and promotes the healthy development of young animals.<\/p>\r\n<h2>The benefits of COLOSTROGuard for dogs and cats<\/h2>\r\n<ul>\r\n<li>With the immunomodulating almond mushroom, colostrum and Agaricus blazei Murill (almond mushroom)<\/li>\r\n<li>100% antibiotic-free<\/li>\r\n<li>Helps to build up healthy intestinal flora<\/li>\r\n<li>Supports the immune system<\/li>\r\n<li>Relieves chronic inflammation and allergies<\/li>\r\n<li>Promotes the healthy development of young animals<\/li>\r\n<\/ul>\r\n<h2>COLOSTROGuard dosage<\/h2>\r\n<p>Administering the capsules is very easy: you can simply mix the capsules into your dog's or cat's food. The capsules can be opened if necessary so that only the contents can be added to the food. The body weight of your dog or cat determines the dosage of COLOSTROGuard:<\/p>\r\n<ul>\r\n<li>Cats: 1 capsule per day<\/li>\r\n<li>Dogs up to 10 kg: 1 capsule per day<\/li>\r\n<li>Dogs 10-20 kg: 2 capsules per day<\/li>\r\n<li>Dogs 20-30 kg: 3 capsules per day<\/li>\r\n<li>Dogs 30-40 kg: 4 capsules per day<\/li>\r\n<\/ul>\r\n<p>Further information on the composition and dosage of COLOSTROGuard for dogs and cats can be found under 'Package leaflet'.<\/p>","_en_post_name":"colostroguard-dog-cat","_en_post_excerpt":"","_en_post_title":"COLOSTROGuard dog and cat 120 capsules","_de_post_content":"<h1>COLOSTROGuard von ReboPharm<\/h1>\r\n<p>COLOSTROGuard von ReboPharm ist ein Erg\u00e4nzungsfuttermittel f\u00fcr Hunde und Katzen mit Colostrum und Agaricus blazei Murill (Mandelpilz). COLOSTROGuard dient dem Aufbau einer gesunden Darmflora, unterst\u00fctzt das Immunsystem, lindert chronische Entz\u00fcndungen bzw. Allergien und f\u00f6rdert die gesunde Entwicklung von Jungtieren.<\/p>\r\n<h2>Die Vorteile von COLOSTROGuard f\u00fcr Hunde und Katzen<\/h2>\r\n<ul>\r\n<li>mit dem immunmodulierenden Mandelpilz,\u00a0Colostrum und Agaricus blazei Murill (Mandelpilz)<\/li>\r\n<li>100 % frei von Antibiotika<\/li>\r\n<li>Dient dem Aufbau einer gesunden Darmflora<\/li>\r\n<li>Unterst\u00fctzt das Immunsystem<\/li>\r\n<li>Lindert chronische Entz\u00fcndungen bzw. Allergien<\/li>\r\n<li>F\u00f6rdert die gesunde Entwicklung von Jungtieren<\/li>\r\n<\/ul>\r\n<h2>COLOSTROGuard Dosierung<\/h2>\r\n<p>Die Verabreichung der Kapseln ist sehr einfach: Sie k\u00f6nnen die Kapseln einfach unter das Futter Ihres Hundes oder Ihrer Katze mischen. Die Kapseln k\u00f6nnen bei Bedarf ge\u00f6ffnet werden, sodass nur der Inhalt dem Futter zugesetzt werden kann. Das K\u00f6rpergewicht Ihres Hundes oder Ihrer Katze bestimmt die Dosierung von COLOSTROGuard:<\/p>\r\n<ul>\r\n<li>Katzen: 1 Kapsel pro Tag<\/li>\r\n<li>Hunde bis 10 kg: 1 Kapsel pro Tag<\/li>\r\n<li>Hunde 10-20 kg: 2 Kapseln pro Tag<\/li>\r\n<li>Hunde 20-30 kg: 3 Kapseln pro Tag<\/li>\r\n<li>Hunde 30-40 kg: 4 Kapseln pro Tag<\/li>\r\n<\/ul>\r\n<p>Weitere Informationen zur Zusammensetzung und Dosierung von COLOSTROGuard f\u00fcr Hunde und Katzen finden Sie unter 'Beipackzettel'. \u00a0<\/p>","_de_post_name":"colostroguard-hund-katze","_de_post_excerpt":"","_de_post_title":"COLOSTROGuard Hund und Katze 120 Kapseln ","_fr_post_content":"<h2>COLOSTROGuard de ReboPharm<\/h2>\r\n<p>COLOSTROGuard de ReboPharm est un compl\u00e9ment alimentaire pour chiens et chats contenant du colostrum et de l'agaricus blazei Murill (champignon en forme d'amande). COLOSTROGuard sert \u00e0 la constitution d'une flore intestinale saine, soutient le syst\u00e8me immunitaire, att\u00e9nue les inflammations chroniques ou les allergies et favorise le d\u00e9veloppement sain des jeunes animaux.<\/p>\r\n<h2>Les avantages de COLOSTROGuard pour chiens et chats<\/h2>\r\n<ul>\r\n<li>Avec le champignon amandier immunomodulateur, le colostrum et l'agaricus blazei Murill (champignon amandier)<\/li>\r\n<li>100% exempt d'antibiotiques<\/li>\r\n<li>Sert \u00e0 la constitution d'une flore intestinale saine<\/li>\r\n<li>Soutient le syst\u00e8me immunitaire<\/li>\r\n<li>Soulage les inflammations chroniques ou les allergies<\/li>\r\n<li>Favorise le d\u00e9veloppement sain des jeunes animaux<\/li>\r\n<\/ul>\r\n<h2>COLOSTROGuard Dosage<\/h2>\r\n<p>L'administration des g\u00e9lules est tr\u00e8s simple : il suffit de m\u00e9langer les g\u00e9lules \u00e0 la nourriture de votre chien ou de votre chat. Les capsules peuvent \u00eatre ouvertes si n\u00e9cessaire, de sorte que seul le contenu peut \u00eatre ajout\u00e9 \u00e0 la nourriture. Le poids de votre chien ou de votre chat d\u00e9termine le dosage de COLOSTROGuard :<\/p>\r\n<ul>\r\n<li>Chats : 1 g\u00e9lule par jour<\/li>\r\n<li>Chiens jusqu'\u00e0 10 kg : 1 g\u00e9lule par jour<\/li>\r\n<li>Chiens 10-20 kg : 2 g\u00e9lules par jour<\/li>\r\n<li>Chiens 20-30 kg : 3 g\u00e9lules par jour<\/li>\r\n<li>Chiens 30-40 kg : 4 g\u00e9lules par jour<\/li>\r\n<\/ul>\r\n<p>Pour plus d'informations sur la composition et le dosage de COLOSTROGuard pour chiens et chats, consultez la 'notice d'utilisation'.<\/p>","_fr_post_name":"colostroguard-chien-chat","_fr_post_excerpt":"","_fr_post_title":"COLOSTROGuard chien et chat 120 capsules","_es_post_content":"<h1>COLOSTROGuard de ReboPharm<\/h1>\r\n<p>COLOSTROGuard de ReboPharm es un pienso complementario para perros y gatos con calostro y Agaricus blazei Murill (seta de almendra). COLOSTROGuard ayuda a formar una flora intestinal sana, refuerza el sistema inmunitario, alivia las inflamaciones cr\u00f3nicas y las alergias y favorece el desarrollo saludable de los animales j\u00f3venes.<\/p>\r\n<h2>Las ventajas de COLOSTROGuard para perros y gatos<\/h2>\r\n<ul>\r\n<li>con el inmunomodulador hongo almendra, calostro y Agaricus blazei Murill (hongo almendra)<\/li>\r\n<li>100% libre de antibi\u00f3ticos<\/li>\r\n<li>Ayuda a formar una flora intestinal sana<\/li>\r\n<li>Refuerza el sistema inmunitario<\/li>\r\n<li>Alivia las inflamaciones cr\u00f3nicas y las alergias<\/li>\r\n<li>Favorece el desarrollo sano de los animales j\u00f3venes<\/li>\r\n<\/ul>\r\n<h2>Dosificaci\u00f3n de COLOSTROGuard<\/h2>\r\n<p>Administrar las c\u00e1psulas es muy f\u00e1cil: basta con mezclarlas con la comida de su perro o gato. En caso necesario, las c\u00e1psulas pueden abrirse para a\u00f1adir s\u00f3lo el contenido a la comida. El peso corporal de su perro o gato determina la dosis de COLOSTROGuard:<\/p>\r\n<ul>\r\n<li>Gatos: 1 c\u00e1psula al d\u00eda<\/li>\r\n<li>Perros de hasta 10 kg: 1 c\u00e1psula al d\u00eda<\/li>\r\n<li>Perros de 10-20 kg: 2 c\u00e1psulas al d\u00eda<\/li>\r\n<li>Perros de 20-30 kg: 3 c\u00e1psulas al d\u00eda<\/li>\r\n<li>Perros de 30-40 kg: 4 c\u00e1psulas al d\u00eda<\/li>\r\n<\/ul>\r\n<p>Encontrar\u00e1 m\u00e1s informaci\u00f3n sobre la composici\u00f3n y la dosis de COLOSTROGuard para perros y gatos en el apartado 'Prospecto'.<\/p>","_es_post_name":"colostroguard-perro-gato","_es_post_excerpt":"","_es_post_title":"COLOSTROGuard perro y gato 120 c\u00e1psulas","edit_language":"nl"},"product_brand":[],"product_cat":[1993,2216,1975,2187,1117,2014,2013,2224,1118,2178,2186,2215,1848,1879,2207,2185,1839,1871,2177],"product_tag":[],"class_list":{"0":"post-119625","1":"product","2":"type-product","3":"status-publish","4":"has-post-thumbnail","6":"product_cat-diarree","7":"product_cat-puppy-diarree","10":"product_cat-honden","11":"product_cat-immuunsysteem-weerstand","14":"product_cat-katten","15":"product_cat-kitten","16":"product_cat-maag-darmen","20":"product_cat-medicijnen-supplementen","24":"product_cat-puppy","25":"pa_aandoening-overig","26":"pa_doeldier-hond","27":"pa_doeldier-kat","28":"pa_doeldier-kitten","29":"pa_doeldier-puppy","30":"pa_fabricatieland-duitsland","31":"pa_merkfilter-rebopharm","32":"pa_merkgroep-rebopharm","33":"pa_productsoort-voedingssupplement","34":"pa_toedieningswijze-capsules","35":"pa_unit_pricing_base_measure-1ct","36":"pa_unit_pricing_measure-120ct","37":"pa_werkzamestof-overig","39":"first","40":"instock","41":"taxable","42":"shipping-taxable","43":"purchasable","44":"product-type-simple"},"yoast_head":"<!-- This site is optimized with the Yoast SEO plugin v27.5 - https:\/\/yoast.com\/product\/yoast-seo-wordpress\/ -->\n<title>COLOSTROGuard hond en kat 120 capsules | Pharmacy4pets<\/title>\n<meta name=\"description\" content=\"COLOSTROGuard capsules voor honden en katten worden gebruikt om een gezonde darmflora op te bouwen en het immuunsysteem te ondersteunen bij jonge dieren en dieren met chronische darmproblemen.\" \/>\n<meta name=\"robots\" content=\"index, follow, max-snippet:-1, max-image-preview:large, max-video-preview:-1\" \/>\n<link rel=\"canonical\" href=\"https:\/\/www.pharmacy4pets.nl\/be\/colostroguard-hond-kat\" \/>\n<meta property=\"og:locale\" content=\"nl_NL\" \/>\n<meta property=\"og:type\" content=\"article\" \/>\n<meta property=\"og:title\" content=\"COLOSTROGuard hond en kat 120 capsules | Pharmacy4pets\" \/>\n<meta property=\"og:description\" content=\"COLOSTROGuard capsules voor honden en katten worden gebruikt om een gezonde darmflora op te bouwen en het immuunsysteem te ondersteunen bij jonge dieren en dieren met chronische darmproblemen.\" \/>\n<meta property=\"og:url\" content=\"https:\/\/www.pharmacy4pets.nl\/be\/colostroguard-hond-kat\" \/>\n<meta property=\"og:site_name\" content=\"Pharmacy4pets\" \/>\n<meta property=\"article:publisher\" content=\"https:\/\/www.facebook.com\/people\/Pharmacy4petsnl\/100063484989896\/\" \/>\n<meta property=\"article:modified_time\" content=\"2026-03-25T12:02:37+00:00\" \/>\n<meta property=\"og:image\" content=\"https:\/\/www.pharmacy4pets.nl\/wp-content\/uploads\/2023\/01\/colostroguard.jpg\" \/>\n\t<meta property=\"og:image:width\" content=\"1000\" \/>\n\t<meta property=\"og:image:height\" content=\"1000\" \/>\n\t<meta property=\"og:image:type\" content=\"image\/jpeg\" \/>\n<meta name=\"twitter:card\" content=\"summary_large_image\" \/>\n<meta name=\"twitter:label1\" content=\"Geschatte leestijd\" \/>\n\t<meta name=\"twitter:data1\" content=\"1 minuut\" \/>\n<script type=\"application\/ld+json\" class=\"yoast-schema-graph\">{\"@context\":\"https:\\\/\\\/schema.org\",\"@graph\":[{\"@type\":\"WebPage\",\"@id\":\"https:\\\/\\\/www.pharmacy4pets.nl\\\/be\\\/colostroguard-hond-kat\",\"url\":\"https:\\\/\\\/www.pharmacy4pets.nl\\\/be\\\/colostroguard-hond-kat\",\"name\":\"COLOSTROGuard hond en kat 120 capsules | Pharmacy4pets\",\"isPartOf\":{\"@id\":\"http:\\\/\\\/www.pharmacy4pets.nl\\\/#website\"},\"primaryImageOfPage\":{\"@id\":\"https:\\\/\\\/www.pharmacy4pets.nl\\\/be\\\/colostroguard-hond-kat#primaryimage\"},\"image\":{\"@id\":\"https:\\\/\\\/www.pharmacy4pets.nl\\\/be\\\/colostroguard-hond-kat#primaryimage\"},\"thumbnailUrl\":\"https:\\\/\\\/www.pharmacy4pets.nl\\\/wp-content\\\/uploads\\\/2023\\\/01\\\/colostroguard.jpg\",\"datePublished\":\"2023-01-18T09:58:18+00:00\",\"dateModified\":\"2026-03-25T12:02:37+00:00\",\"description\":\"COLOSTROGuard capsules voor honden en katten worden gebruikt om een gezonde darmflora op te bouwen en het immuunsysteem te ondersteunen bij jonge dieren en dieren met chronische darmproblemen.\",\"breadcrumb\":{\"@id\":\"https:\\\/\\\/www.pharmacy4pets.nl\\\/be\\\/colostroguard-hond-kat#breadcrumb\"},\"inLanguage\":\"nl-NL\",\"potentialAction\":[{\"@type\":\"ReadAction\",\"target\":[\"https:\\\/\\\/www.pharmacy4pets.nl\\\/be\\\/colostroguard-hond-kat\"]}]},{\"@type\":\"ImageObject\",\"inLanguage\":\"nl-NL\",\"@id\":\"https:\\\/\\\/www.pharmacy4pets.nl\\\/be\\\/colostroguard-hond-kat#primaryimage\",\"url\":\"https:\\\/\\\/www.pharmacy4pets.nl\\\/wp-content\\\/uploads\\\/2023\\\/01\\\/colostroguard.jpg\",\"contentUrl\":\"https:\\\/\\\/www.pharmacy4pets.nl\\\/wp-content\\\/uploads\\\/2023\\\/01\\\/colostroguard.jpg\",\"width\":1000,\"height\":1000,\"caption\":\"COLOSTROGuard\"},{\"@type\":\"BreadcrumbList\",\"@id\":\"https:\\\/\\\/www.pharmacy4pets.nl\\\/be\\\/colostroguard-hond-kat#breadcrumb\",\"itemListElement\":[{\"@type\":\"ListItem\",\"position\":1,\"name\":\"Home\",\"item\":\"https:\\\/\\\/p4p-nl.bootmine.com\\\/\"},{\"@type\":\"ListItem\",\"position\":2,\"name\":\"Winkel\",\"item\":\"https:\\\/\\\/p4p-nl.bootmine.com\\\/winkel\"},{\"@type\":\"ListItem\",\"position\":3,\"name\":\"COLOSTROGuard Hond en Kat 120 capsules\"}]},{\"@type\":\"WebSite\",\"@id\":\"http:\\\/\\\/www.pharmacy4pets.nl\\\/#website\",\"url\":\"http:\\\/\\\/www.pharmacy4pets.nl\\\/\",\"name\":\"Pharmacy4pets\",\"description\":\"Pharmacy4pets.nl is d\u00e9 online apotheek waar u terecht kunt voor alle diergeneesmiddelen, verzorgingsproducten en dieetvoeding voor uw huisdier.\",\"publisher\":{\"@id\":\"http:\\\/\\\/www.pharmacy4pets.nl\\\/#organization\"},\"potentialAction\":[{\"@type\":\"SearchAction\",\"target\":{\"@type\":\"EntryPoint\",\"urlTemplate\":\"http:\\\/\\\/www.pharmacy4pets.nl\\\/?s={search_term_string}\"},\"query-input\":{\"@type\":\"PropertyValueSpecification\",\"valueRequired\":true,\"valueName\":\"search_term_string\"}}],\"inLanguage\":\"nl-NL\"},{\"@type\":\"Organization\",\"@id\":\"http:\\\/\\\/www.pharmacy4pets.nl\\\/#organization\",\"name\":\"Pharmacy4pets\",\"url\":\"http:\\\/\\\/www.pharmacy4pets.nl\\\/\",\"logo\":{\"@type\":\"ImageObject\",\"inLanguage\":\"nl-NL\",\"@id\":\"http:\\\/\\\/www.pharmacy4pets.nl\\\/#\\\/schema\\\/logo\\\/image\\\/\",\"url\":\"https:\\\/\\\/p4p-nl.bootmine.com\\\/wp-content\\\/uploads\\\/2026\\\/03\\\/logo-pharmacy4pets.png\",\"contentUrl\":\"https:\\\/\\\/p4p-nl.bootmine.com\\\/wp-content\\\/uploads\\\/2026\\\/03\\\/logo-pharmacy4pets.png\",\"width\":1024,\"height\":135,\"caption\":\"Pharmacy4pets\"},\"image\":{\"@id\":\"http:\\\/\\\/www.pharmacy4pets.nl\\\/#\\\/schema\\\/logo\\\/image\\\/\"},\"sameAs\":[\"https:\\\/\\\/www.facebook.com\\\/people\\\/Pharmacy4petsnl\\\/100063484989896\\\/\",\"https:\\\/\\\/www.youtube.com\\\/channel\\\/UCGPTIgucgli03tP2_kvLkHg\\\/featured\",\"https:\\\/\\\/www.instagram.com\\\/pharmacy4pets.nl\"]}]}<\/script>\n<!-- \/ Yoast SEO plugin. -->","yoast_head_json":{"title":"COLOSTROGuard hond en kat 120 capsules | Pharmacy4pets","description":"COLOSTROGuard capsules voor honden en katten worden gebruikt om een gezonde darmflora op te bouwen en het immuunsysteem te ondersteunen bij jonge dieren en dieren met chronische darmproblemen.","robots":{"index":"index","follow":"follow","max-snippet":"max-snippet:-1","max-image-preview":"max-image-preview:large","max-video-preview":"max-video-preview:-1"},"canonical":"https:\/\/www.pharmacy4pets.nl\/be\/colostroguard-hond-kat","og_locale":"nl_NL","og_type":"article","og_title":"COLOSTROGuard hond en kat 120 capsules | Pharmacy4pets","og_description":"COLOSTROGuard capsules voor honden en katten worden gebruikt om een gezonde darmflora op te bouwen en het immuunsysteem te ondersteunen bij jonge dieren en dieren met chronische darmproblemen.","og_url":"https:\/\/www.pharmacy4pets.nl\/be\/colostroguard-hond-kat","og_site_name":"Pharmacy4pets","article_publisher":"https:\/\/www.facebook.com\/people\/Pharmacy4petsnl\/100063484989896\/","article_modified_time":"2026-03-25T12:02:37+00:00","og_image":[{"width":1000,"height":1000,"url":"https:\/\/www.pharmacy4pets.nl\/wp-content\/uploads\/2023\/01\/colostroguard.jpg","type":"image\/jpeg"}],"twitter_card":"summary_large_image","twitter_misc":{"Geschatte leestijd":"1 minuut"},"schema":{"@context":"https:\/\/schema.org","@graph":[{"@type":"WebPage","@id":"https:\/\/www.pharmacy4pets.nl\/be\/colostroguard-hond-kat","url":"https:\/\/www.pharmacy4pets.nl\/be\/colostroguard-hond-kat","name":"COLOSTROGuard hond en kat 120 capsules | Pharmacy4pets","isPartOf":{"@id":"http:\/\/www.pharmacy4pets.nl\/#website"},"primaryImageOfPage":{"@id":"https:\/\/www.pharmacy4pets.nl\/be\/colostroguard-hond-kat#primaryimage"},"image":{"@id":"https:\/\/www.pharmacy4pets.nl\/be\/colostroguard-hond-kat#primaryimage"},"thumbnailUrl":"https:\/\/www.pharmacy4pets.nl\/wp-content\/uploads\/2023\/01\/colostroguard.jpg","datePublished":"2023-01-18T09:58:18+00:00","dateModified":"2026-03-25T12:02:37+00:00","description":"COLOSTROGuard capsules voor honden en katten worden gebruikt om een gezonde darmflora op te bouwen en het immuunsysteem te ondersteunen bij jonge dieren en dieren met chronische darmproblemen.","breadcrumb":{"@id":"https:\/\/www.pharmacy4pets.nl\/be\/colostroguard-hond-kat#breadcrumb"},"inLanguage":"nl-NL","potentialAction":[{"@type":"ReadAction","target":["https:\/\/www.pharmacy4pets.nl\/be\/colostroguard-hond-kat"]}]},{"@type":"ImageObject","inLanguage":"nl-NL","@id":"https:\/\/www.pharmacy4pets.nl\/be\/colostroguard-hond-kat#primaryimage","url":"https:\/\/www.pharmacy4pets.nl\/wp-content\/uploads\/2023\/01\/colostroguard.jpg","contentUrl":"https:\/\/www.pharmacy4pets.nl\/wp-content\/uploads\/2023\/01\/colostroguard.jpg","width":1000,"height":1000,"caption":"COLOSTROGuard"},{"@type":"BreadcrumbList","@id":"https:\/\/www.pharmacy4pets.nl\/be\/colostroguard-hond-kat#breadcrumb","itemListElement":[{"@type":"ListItem","position":1,"name":"Home","item":"https:\/\/p4p-nl.bootmine.com\/"},{"@type":"ListItem","position":2,"name":"Winkel","item":"https:\/\/p4p-nl.bootmine.com\/winkel"},{"@type":"ListItem","position":3,"name":"COLOSTROGuard Hond en Kat 120 capsules"}]},{"@type":"WebSite","@id":"http:\/\/www.pharmacy4pets.nl\/#website","url":"http:\/\/www.pharmacy4pets.nl\/","name":"Pharmacy4pets","description":"Pharmacy4pets.nl is d\u00e9 online apotheek waar u terecht kunt voor alle diergeneesmiddelen, verzorgingsproducten en dieetvoeding voor uw huisdier.","publisher":{"@id":"http:\/\/www.pharmacy4pets.nl\/#organization"},"potentialAction":[{"@type":"SearchAction","target":{"@type":"EntryPoint","urlTemplate":"http:\/\/www.pharmacy4pets.nl\/?s={search_term_string}"},"query-input":{"@type":"PropertyValueSpecification","valueRequired":true,"valueName":"search_term_string"}}],"inLanguage":"nl-NL"},{"@type":"Organization","@id":"http:\/\/www.pharmacy4pets.nl\/#organization","name":"Pharmacy4pets","url":"http:\/\/www.pharmacy4pets.nl\/","logo":{"@type":"ImageObject","inLanguage":"nl-NL","@id":"http:\/\/www.pharmacy4pets.nl\/#\/schema\/logo\/image\/","url":"https:\/\/p4p-nl.bootmine.com\/wp-content\/uploads\/2026\/03\/logo-pharmacy4pets.png","contentUrl":"https:\/\/p4p-nl.bootmine.com\/wp-content\/uploads\/2026\/03\/logo-pharmacy4pets.png","width":1024,"height":135,"caption":"Pharmacy4pets"},"image":{"@id":"http:\/\/www.pharmacy4pets.nl\/#\/schema\/logo\/image\/"},"sameAs":["https:\/\/www.facebook.com\/people\/Pharmacy4petsnl\/100063484989896\/","https:\/\/www.youtube.com\/channel\/UCGPTIgucgli03tP2_kvLkHg\/featured","https:\/\/www.instagram.com\/pharmacy4pets.nl"]}]}},"market_data":{"nl":{"price":0,"sale_price":0,"active":false,"url":null,"parent_url":"","tax_rate":0,"price_inc_tax":0,"sale_price_inc_tax":0},"de":{"price":0,"sale_price":0,"active":false,"url":null,"parent_url":"","tax_rate":0,"price_inc_tax":0,"sale_price_inc_tax":0},"be":{"price":0,"sale_price":0,"active":false,"url":null,"parent_url":"","tax_rate":0,"price_inc_tax":0,"sale_price_inc_tax":0},"fr":{"price":0,"sale_price":0,"active":false,"url":null,"parent_url":"","tax_rate":0,"price_inc_tax":0,"sale_price_inc_tax":0},"ch":{"price":0,"sale_price":0,"active":false,"url":null,"parent_url":"","tax_rate":0,"price_inc_tax":0,"sale_price_inc_tax":0},"at":{"price":0,"sale_price":0,"active":false,"url":null,"parent_url":"","tax_rate":0,"price_inc_tax":0,"sale_price_inc_tax":0},"es":{"price":0,"sale_price":0,"active":false,"url":null,"parent_url":"","tax_rate":0,"price_inc_tax":0,"sale_price_inc_tax":0},"dk":{"price":0,"sale_price":0,"active":false,"url":null,"parent_url":"","tax_rate":0,"price_inc_tax":0,"sale_price_inc_tax":0},"com":{"price":0,"sale_price":0,"active":false,"url":null,"parent_url":"","tax_rate":0,"price_inc_tax":0,"sale_price_inc_tax":0}},"market_nl_price":0,"market_nl_sale_price":0,"market_nl_active":false,"market_nl_url":null,"market_nl_parent_url":"","market_nl_tax_rate":0,"market_nl_price_inc_tax":0,"market_nl_sale_price_inc_tax":0,"market_de_price":0,"market_de_sale_price":0,"market_de_active":false,"market_de_url":null,"market_de_parent_url":"","market_de_tax_rate":0,"market_de_price_inc_tax":0,"market_de_sale_price_inc_tax":0,"market_be_price":0,"market_be_sale_price":0,"market_be_active":false,"market_be_url":null,"market_be_parent_url":"","market_be_tax_rate":0,"market_be_price_inc_tax":0,"market_be_sale_price_inc_tax":0,"market_fr_price":0,"market_fr_sale_price":0,"market_fr_active":false,"market_fr_url":null,"market_fr_parent_url":"","market_fr_tax_rate":0,"market_fr_price_inc_tax":0,"market_fr_sale_price_inc_tax":0,"market_ch_price":0,"market_ch_sale_price":0,"market_ch_active":false,"market_ch_url":null,"market_ch_parent_url":"","market_ch_tax_rate":0,"market_ch_price_inc_tax":0,"market_ch_sale_price_inc_tax":0,"market_at_price":0,"market_at_sale_price":0,"market_at_active":false,"market_at_url":null,"market_at_parent_url":"","market_at_tax_rate":0,"market_at_price_inc_tax":0,"market_at_sale_price_inc_tax":0,"market_es_price":0,"market_es_sale_price":0,"market_es_active":false,"market_es_url":null,"market_es_parent_url":"","market_es_tax_rate":0,"market_es_price_inc_tax":0,"market_es_sale_price_inc_tax":0,"market_dk_price":0,"market_dk_sale_price":0,"market_dk_active":false,"market_dk_url":null,"market_dk_parent_url":"","market_dk_tax_rate":0,"market_dk_price_inc_tax":0,"market_dk_sale_price_inc_tax":0,"market_com_price":0,"market_com_sale_price":0,"market_com_active":false,"market_com_url":null,"market_com_parent_url":"","market_com_tax_rate":0,"market_com_price_inc_tax":0,"market_com_sale_price_inc_tax":0,"acf":[],"_links":{"self":[{"href":"https:\/\/www.pharmacy4pets.nl\/be\/wp-json\/wp\/v2\/product\/119625","targetHints":{"allow":["GET"]}}],"collection":[{"href":"https:\/\/www.pharmacy4pets.nl\/be\/wp-json\/wp\/v2\/product"}],"about":[{"href":"https:\/\/www.pharmacy4pets.nl\/be\/wp-json\/wp\/v2\/types\/product"}],"replies":[{"embeddable":true,"href":"https:\/\/www.pharmacy4pets.nl\/be\/wp-json\/wp\/v2\/comments?post=119625"}],"wp:featuredmedia":[{"embeddable":true,"href":"https:\/\/www.pharmacy4pets.nl\/be\/wp-json\/wp\/v2\/media\/119622"}],"wp:attachment":[{"href":"https:\/\/www.pharmacy4pets.nl\/be\/wp-json\/wp\/v2\/media?parent=119625"}],"wp:term":[{"taxonomy":"product_brand","embeddable":true,"href":"https:\/\/www.pharmacy4pets.nl\/be\/wp-json\/wp\/v2\/product_brand?post=119625"},{"taxonomy":"product_cat","embeddable":true,"href":"https:\/\/www.pharmacy4pets.nl\/be\/wp-json\/wp\/v2\/product_cat?post=119625"},{"taxonomy":"product_tag","embeddable":true,"href":"https:\/\/www.pharmacy4pets.nl\/be\/wp-json\/wp\/v2\/product_tag?post=119625"}],"curies":[{"name":"wp","href":"https:\/\/api.w.org\/{rel}","templated":true}]}}