{"id":119613,"date":"2022-10-10T12:12:20","date_gmt":"2022-10-10T12:12:20","guid":{"rendered":"https:\/\/p4p.test\/hypozin-100-gram"},"modified":"2026-03-25T12:02:34","modified_gmt":"2026-03-25T12:02:34","slug":"hypozin-100-gram","status":"publish","type":"product","link":"https:\/\/www.pharmacy4pets.nl\/be\/hypozin-100-gram","title":{"rendered":"Hypozin | 100 gram"},"content":{"rendered":"<h1>Hypozin<\/h1>\n<p>Hypozin pasta is een verzorgingsproduct voor de hoeven van paarden en pony\u2019s. Hypozin zorgt voor een optimale versterking en verzorging van de hoef en hoefstraal. Voor deze verzorging voorziet u de hoeven en\/of de hoefstraal van een dun laagje Hypozin. Dit product dient uitwendig gebruikt te worden en mag niet worden gebruikt op open wonden.<\/p>\n<p>Hypozin bevat een zeer hoge concentratie mineralen. Deze bestanddelen hebben een indrogende werking en biedt verzorging tegen de inwerking van lichaamsvloeistoffen (urine en ontlasting in de stal).<\/p>\n<p>E\u00e9n Hypozin injector bevat 100 gram pasta.<\/p>\n","protected":false},"excerpt":{"rendered":"<p>Hypozin Hypozin pasta is een verzorgingsproduct voor de hoeven van paarden en pony\u2019s. Hypozin zorgt voor een optimale versterking en verzorging van de hoef en hoefstraal. Voor deze verzorging voorziet u de hoeven en\/of de hoefstraal van een dun laagje Hypozin. Dit product dient uitwendig gebruikt te worden en mag niet worden gebruikt op open [&hellip;]<\/p>\n","protected":false},"featured_media":119612,"comment_status":"open","ping_status":"closed","template":"","meta":{"_acf_changed":false,"_nl_post_content":"<h1>Hypozin<\/h1>\r\n<p>Hypozin pasta is een verzorgingsproduct voor de hoeven van paarden en pony\u2019s. Hypozin zorgt voor een optimale versterking en verzorging van de hoef en hoefstraal. Voor deze verzorging voorziet u de hoeven en\/of de hoefstraal van een dun laagje Hypozin. Dit product dient uitwendig gebruikt te worden en mag niet worden gebruikt op open wonden.<\/p>\r\n<p>Hypozin bevat een zeer hoge concentratie mineralen. Deze bestanddelen hebben een indrogende werking en biedt verzorging tegen de inwerking van lichaamsvloeistoffen (urine en ontlasting in de stal).<\/p>\r\n<p>E\u00e9n Hypozin injector bevat 100 gram pasta.<\/p>","_nl_post_name":"hypozin-100-gram","_nl_post_excerpt":"","_nl_post_title":"Hypozin | 100 gram","_en_post_content":"<h1>Hypozin<\/h1>\r\n<p>Hypozin is a care product for the hooves of horses and ponies. Hypozin provides optimal strengthening and care of the hoof. For this care, you provide the hooves and\/or the hoof radius with a thin layer of Hypozin. This product is for external use and should not be used on open wounds.<\/p>\r\n<p>Hypozin contains a very high concentration of minerals. These ingredients have a drying effect and provide care against the effects of body fluids (urine and faeces in the stable).<\/p>\r\n<p>One Hypozin injector contains 100 grams of paste.<\/p>","_en_post_name":"hypozin-100-grams","_en_post_excerpt":"","_en_post_title":"Hypozin | 100 grams","_de_post_content":"<p>Hypozin ist ein Pflegemittel f\u00fcr die Hufe von Pferden und Ponys. Hypozin sorgt f\u00fcr eine optimale Kr\u00e4ftigung und Pflege des Hufs und des Hufradius. F\u00fcr diese Pflege versorgen Sie die Hufe und\/oder den Hufradius mit einer d\u00fcnnen Schicht Hypozin. Dieses Produkt ist zur \u00e4u\u00dferlichen Anwendung bestimmt und sollte nicht auf offenen Wunden angewendet werden.<\/p>\r\n<p>Hypozin enth\u00e4lt eine sehr hohe Konzentration an Mineralien. Diese Inhaltsstoffe wirken austrocknend und pflegend gegen die Einwirkung von K\u00f6rperfl\u00fcssigkeiten (Urin und Kot im Stall).<\/p>\r\n<p>Ein Hypozin-Injektor enth\u00e4lt 100 Gramm Paste.<\/p>","_de_post_name":"hypozin-100-gram","_de_post_excerpt":"","_de_post_title":"Hypozin | 100 gram","_fr_post_content":"<h1>Hypozin<\/h1>\n<p>Hypozin est un produit de soin pour les sabots des chevaux et des poneys. Hypozin offre un renforcement et un soin optimaux du sabot et du radius du sabot. Pour ce soin, vous munissez les sabots et\/ou le radius des sabots d'une fine couche d'Hypozin. Ce produit est \u00e0 usage externe et ne doit pas \u00eatre utilis\u00e9 sur des plaies ouvertes.<\/p>\n<p>Hypozin contient une tr\u00e8s forte concentration de min\u00e9raux. Ces ingr\u00e9dients ont un effet dess\u00e9chant et apportent un soin contre les effets des fluides corporels (urine et f\u00e8ces dans l'\u00e9table).<\/p>\n<p>Un injecteur Hypozin contient 100 grammes de p\u00e2te.<\/p>","_fr_post_name":"hypozin-100-grammes","_fr_post_excerpt":"","_fr_post_title":"Hypozin | 100 grammes","_es_post_content":"<h1>Hypozin<\/h1>\n<p>Hypozin es un producto para el cuidado de los cascos de caballos y ponis. Hypozin proporciona un fortalecimiento y cuidado \u00f3ptimos del casco y del radio del casco. Para este cuidado, se proporciona a las pezu\u00f1as y\/o al radio de la pezu\u00f1a una fina capa de Hypozin. Este producto es para uso externo y no debe usarse en heridas abiertas.<\/p>\n<p>Hypozin contiene una concentraci\u00f3n muy alta de minerales. Estos ingredientes tienen un efecto secante y brindan atenci\u00f3n contra los efectos de los fluidos corporales (orina y heces en el establo).<\/p>\n<p>Un inyector Hypozin contiene 100 gramos de pasta.<\/p>","_es_post_name":"hypozin-100-gramos","_es_post_excerpt":"","_es_post_title":"Hypozin | 100 gramos","edit_language":"nl"},"product_brand":[],"product_cat":[1820,2162,1857,1809,1822],"product_tag":[],"class_list":{"0":"post-119613","1":"product","2":"type-product","3":"status-publish","4":"has-post-thumbnail","6":"product_cat-benodigdheden","7":"product_cat-hypozin","8":"product_cat-merken","9":"product_cat-paarden","10":"product_cat-verzorging","11":"pa_aandoening-overig","12":"pa_doeldier-paard","13":"pa_fabricatieland-nederland","14":"pa_merkfilter-hypozin","15":"pa_merkgroep-multicore","16":"pa_productsoort-overig","17":"pa_toedieningswijze-pasta","18":"pa_unit_pricing_base_measure-10g","19":"pa_unit_pricing_measure-100g","20":"pa_werkzamestof-overig","22":"first","23":"instock","24":"taxable","25":"shipping-taxable","26":"purchasable","27":"product-type-simple"},"yoast_head":"<!-- This site is optimized with the Yoast SEO plugin v27.5 - https:\/\/yoast.com\/product\/yoast-seo-wordpress\/ -->\n<title>Hypozin | Ter preventie van rotstraal | Pharmacy4pets.nl<\/title>\n<meta name=\"description\" content=\"Hypozin verzorgt de hoeven van paarden en kan worden gebruikt ter preventie van rotstraal. \u2b50 Klantbeoordeling 9\/10 \u2b50 PharmaPunten sparen \u2b50 Pharmacy4pets.nl\" \/>\n<meta name=\"robots\" content=\"index, follow, max-snippet:-1, max-image-preview:large, max-video-preview:-1\" \/>\n<link rel=\"canonical\" href=\"https:\/\/p4p-nl.bootmine.com\/%product-slug%\/hypozin-100-gram\" \/>\n<meta property=\"og:locale\" content=\"nl_NL\" \/>\n<meta property=\"og:type\" content=\"article\" \/>\n<meta property=\"og:title\" content=\"Hypozin | Ter preventie van rotstraal | Pharmacy4pets.nl\" \/>\n<meta property=\"og:description\" content=\"Hypozin verzorgt de hoeven van paarden en kan worden gebruikt ter preventie van rotstraal. \u2b50 Klantbeoordeling 9\/10 \u2b50 PharmaPunten sparen \u2b50 Pharmacy4pets.nl\" \/>\n<meta property=\"og:url\" content=\"https:\/\/p4p-nl.bootmine.com\/%product-slug%\/hypozin-100-gram\" \/>\n<meta property=\"og:site_name\" content=\"Pharmacy4pets\" \/>\n<meta property=\"article:publisher\" content=\"https:\/\/www.facebook.com\/people\/Pharmacy4petsnl\/100063484989896\/\" \/>\n<meta property=\"article:modified_time\" content=\"2026-03-25T12:02:34+00:00\" \/>\n<meta property=\"og:image\" content=\"https:\/\/p4p-nl.bootmine.com\/wp-content\/uploads\/2022\/10\/25955.jpg\" \/>\n\t<meta property=\"og:image:width\" content=\"1000\" \/>\n\t<meta property=\"og:image:height\" content=\"1000\" \/>\n\t<meta property=\"og:image:type\" content=\"image\/jpeg\" \/>\n<meta name=\"twitter:card\" content=\"summary_large_image\" \/>\n<script type=\"application\/ld+json\" class=\"yoast-schema-graph\">{\"@context\":\"https:\\\/\\\/schema.org\",\"@graph\":[{\"@type\":\"WebPage\",\"@id\":\"https:\\\/\\\/p4p-nl.bootmine.com\\\/%product-slug%\\\/hypozin-100-gram\",\"url\":\"https:\\\/\\\/p4p-nl.bootmine.com\\\/%product-slug%\\\/hypozin-100-gram\",\"name\":\"Hypozin | Ter preventie van rotstraal | Pharmacy4pets.nl\",\"isPartOf\":{\"@id\":\"http:\\\/\\\/www.pharmacy4pets.nl\\\/#website\"},\"primaryImageOfPage\":{\"@id\":\"https:\\\/\\\/p4p-nl.bootmine.com\\\/%product-slug%\\\/hypozin-100-gram#primaryimage\"},\"image\":{\"@id\":\"https:\\\/\\\/p4p-nl.bootmine.com\\\/%product-slug%\\\/hypozin-100-gram#primaryimage\"},\"thumbnailUrl\":\"https:\\\/\\\/www.pharmacy4pets.nl\\\/wp-content\\\/uploads\\\/2022\\\/10\\\/25955.jpg\",\"datePublished\":\"2022-10-10T12:12:20+00:00\",\"dateModified\":\"2026-03-25T12:02:34+00:00\",\"description\":\"Hypozin verzorgt de hoeven van paarden en kan worden gebruikt ter preventie van rotstraal. \u2b50 Klantbeoordeling 9\\\/10 \u2b50 PharmaPunten sparen \u2b50 Pharmacy4pets.nl\",\"breadcrumb\":{\"@id\":\"https:\\\/\\\/p4p-nl.bootmine.com\\\/%product-slug%\\\/hypozin-100-gram#breadcrumb\"},\"inLanguage\":\"nl-NL\",\"potentialAction\":[{\"@type\":\"ReadAction\",\"target\":[\"https:\\\/\\\/p4p-nl.bootmine.com\\\/%product-slug%\\\/hypozin-100-gram\"]}]},{\"@type\":\"ImageObject\",\"inLanguage\":\"nl-NL\",\"@id\":\"https:\\\/\\\/p4p-nl.bootmine.com\\\/%product-slug%\\\/hypozin-100-gram#primaryimage\",\"url\":\"https:\\\/\\\/www.pharmacy4pets.nl\\\/wp-content\\\/uploads\\\/2022\\\/10\\\/25955.jpg\",\"contentUrl\":\"https:\\\/\\\/www.pharmacy4pets.nl\\\/wp-content\\\/uploads\\\/2022\\\/10\\\/25955.jpg\",\"width\":1000,\"height\":1000,\"caption\":\"Hypozin\"},{\"@type\":\"BreadcrumbList\",\"@id\":\"https:\\\/\\\/p4p-nl.bootmine.com\\\/%product-slug%\\\/hypozin-100-gram#breadcrumb\",\"itemListElement\":[{\"@type\":\"ListItem\",\"position\":1,\"name\":\"Home\",\"item\":\"https:\\\/\\\/p4p-nl.bootmine.com\\\/\"},{\"@type\":\"ListItem\",\"position\":2,\"name\":\"Winkel\",\"item\":\"https:\\\/\\\/p4p-nl.bootmine.com\\\/winkel\"},{\"@type\":\"ListItem\",\"position\":3,\"name\":\"Hypozin | 100 gram\"}]},{\"@type\":\"WebSite\",\"@id\":\"http:\\\/\\\/www.pharmacy4pets.nl\\\/#website\",\"url\":\"http:\\\/\\\/www.pharmacy4pets.nl\\\/\",\"name\":\"Pharmacy4pets\",\"description\":\"Pharmacy4pets.nl is d\u00e9 online apotheek waar u terecht kunt voor alle diergeneesmiddelen, verzorgingsproducten en dieetvoeding voor uw huisdier.\",\"publisher\":{\"@id\":\"http:\\\/\\\/www.pharmacy4pets.nl\\\/#organization\"},\"potentialAction\":[{\"@type\":\"SearchAction\",\"target\":{\"@type\":\"EntryPoint\",\"urlTemplate\":\"http:\\\/\\\/www.pharmacy4pets.nl\\\/?s={search_term_string}\"},\"query-input\":{\"@type\":\"PropertyValueSpecification\",\"valueRequired\":true,\"valueName\":\"search_term_string\"}}],\"inLanguage\":\"nl-NL\"},{\"@type\":\"Organization\",\"@id\":\"http:\\\/\\\/www.pharmacy4pets.nl\\\/#organization\",\"name\":\"Pharmacy4pets\",\"url\":\"http:\\\/\\\/www.pharmacy4pets.nl\\\/\",\"logo\":{\"@type\":\"ImageObject\",\"inLanguage\":\"nl-NL\",\"@id\":\"http:\\\/\\\/www.pharmacy4pets.nl\\\/#\\\/schema\\\/logo\\\/image\\\/\",\"url\":\"https:\\\/\\\/p4p-nl.bootmine.com\\\/wp-content\\\/uploads\\\/2026\\\/03\\\/logo-pharmacy4pets.png\",\"contentUrl\":\"https:\\\/\\\/p4p-nl.bootmine.com\\\/wp-content\\\/uploads\\\/2026\\\/03\\\/logo-pharmacy4pets.png\",\"width\":1024,\"height\":135,\"caption\":\"Pharmacy4pets\"},\"image\":{\"@id\":\"http:\\\/\\\/www.pharmacy4pets.nl\\\/#\\\/schema\\\/logo\\\/image\\\/\"},\"sameAs\":[\"https:\\\/\\\/www.facebook.com\\\/people\\\/Pharmacy4petsnl\\\/100063484989896\\\/\",\"https:\\\/\\\/www.youtube.com\\\/channel\\\/UCGPTIgucgli03tP2_kvLkHg\\\/featured\",\"https:\\\/\\\/www.instagram.com\\\/pharmacy4pets.nl\"]}]}<\/script>\n<!-- \/ Yoast SEO plugin. -->","yoast_head_json":{"title":"Hypozin | Ter preventie van rotstraal | Pharmacy4pets.nl","description":"Hypozin verzorgt de hoeven van paarden en kan worden gebruikt ter preventie van rotstraal. \u2b50 Klantbeoordeling 9\/10 \u2b50 PharmaPunten sparen \u2b50 Pharmacy4pets.nl","robots":{"index":"index","follow":"follow","max-snippet":"max-snippet:-1","max-image-preview":"max-image-preview:large","max-video-preview":"max-video-preview:-1"},"canonical":"https:\/\/p4p-nl.bootmine.com\/%product-slug%\/hypozin-100-gram","og_locale":"nl_NL","og_type":"article","og_title":"Hypozin | Ter preventie van rotstraal | Pharmacy4pets.nl","og_description":"Hypozin verzorgt de hoeven van paarden en kan worden gebruikt ter preventie van rotstraal. \u2b50 Klantbeoordeling 9\/10 \u2b50 PharmaPunten sparen \u2b50 Pharmacy4pets.nl","og_url":"https:\/\/p4p-nl.bootmine.com\/%product-slug%\/hypozin-100-gram","og_site_name":"Pharmacy4pets","article_publisher":"https:\/\/www.facebook.com\/people\/Pharmacy4petsnl\/100063484989896\/","article_modified_time":"2026-03-25T12:02:34+00:00","og_image":[{"width":1000,"height":1000,"url":"https:\/\/p4p-nl.bootmine.com\/wp-content\/uploads\/2022\/10\/25955.jpg","type":"image\/jpeg"}],"twitter_card":"summary_large_image","schema":{"@context":"https:\/\/schema.org","@graph":[{"@type":"WebPage","@id":"https:\/\/p4p-nl.bootmine.com\/%product-slug%\/hypozin-100-gram","url":"https:\/\/p4p-nl.bootmine.com\/%product-slug%\/hypozin-100-gram","name":"Hypozin | Ter preventie van rotstraal | Pharmacy4pets.nl","isPartOf":{"@id":"http:\/\/www.pharmacy4pets.nl\/#website"},"primaryImageOfPage":{"@id":"https:\/\/p4p-nl.bootmine.com\/%product-slug%\/hypozin-100-gram#primaryimage"},"image":{"@id":"https:\/\/p4p-nl.bootmine.com\/%product-slug%\/hypozin-100-gram#primaryimage"},"thumbnailUrl":"https:\/\/www.pharmacy4pets.nl\/wp-content\/uploads\/2022\/10\/25955.jpg","datePublished":"2022-10-10T12:12:20+00:00","dateModified":"2026-03-25T12:02:34+00:00","description":"Hypozin verzorgt de hoeven van paarden en kan worden gebruikt ter preventie van rotstraal. \u2b50 Klantbeoordeling 9\/10 \u2b50 PharmaPunten sparen \u2b50 Pharmacy4pets.nl","breadcrumb":{"@id":"https:\/\/p4p-nl.bootmine.com\/%product-slug%\/hypozin-100-gram#breadcrumb"},"inLanguage":"nl-NL","potentialAction":[{"@type":"ReadAction","target":["https:\/\/p4p-nl.bootmine.com\/%product-slug%\/hypozin-100-gram"]}]},{"@type":"ImageObject","inLanguage":"nl-NL","@id":"https:\/\/p4p-nl.bootmine.com\/%product-slug%\/hypozin-100-gram#primaryimage","url":"https:\/\/www.pharmacy4pets.nl\/wp-content\/uploads\/2022\/10\/25955.jpg","contentUrl":"https:\/\/www.pharmacy4pets.nl\/wp-content\/uploads\/2022\/10\/25955.jpg","width":1000,"height":1000,"caption":"Hypozin"},{"@type":"BreadcrumbList","@id":"https:\/\/p4p-nl.bootmine.com\/%product-slug%\/hypozin-100-gram#breadcrumb","itemListElement":[{"@type":"ListItem","position":1,"name":"Home","item":"https:\/\/p4p-nl.bootmine.com\/"},{"@type":"ListItem","position":2,"name":"Winkel","item":"https:\/\/p4p-nl.bootmine.com\/winkel"},{"@type":"ListItem","position":3,"name":"Hypozin | 100 gram"}]},{"@type":"WebSite","@id":"http:\/\/www.pharmacy4pets.nl\/#website","url":"http:\/\/www.pharmacy4pets.nl\/","name":"Pharmacy4pets","description":"Pharmacy4pets.nl is d\u00e9 online apotheek waar u terecht kunt voor alle diergeneesmiddelen, verzorgingsproducten en dieetvoeding voor uw huisdier.","publisher":{"@id":"http:\/\/www.pharmacy4pets.nl\/#organization"},"potentialAction":[{"@type":"SearchAction","target":{"@type":"EntryPoint","urlTemplate":"http:\/\/www.pharmacy4pets.nl\/?s={search_term_string}"},"query-input":{"@type":"PropertyValueSpecification","valueRequired":true,"valueName":"search_term_string"}}],"inLanguage":"nl-NL"},{"@type":"Organization","@id":"http:\/\/www.pharmacy4pets.nl\/#organization","name":"Pharmacy4pets","url":"http:\/\/www.pharmacy4pets.nl\/","logo":{"@type":"ImageObject","inLanguage":"nl-NL","@id":"http:\/\/www.pharmacy4pets.nl\/#\/schema\/logo\/image\/","url":"https:\/\/p4p-nl.bootmine.com\/wp-content\/uploads\/2026\/03\/logo-pharmacy4pets.png","contentUrl":"https:\/\/p4p-nl.bootmine.com\/wp-content\/uploads\/2026\/03\/logo-pharmacy4pets.png","width":1024,"height":135,"caption":"Pharmacy4pets"},"image":{"@id":"http:\/\/www.pharmacy4pets.nl\/#\/schema\/logo\/image\/"},"sameAs":["https:\/\/www.facebook.com\/people\/Pharmacy4petsnl\/100063484989896\/","https:\/\/www.youtube.com\/channel\/UCGPTIgucgli03tP2_kvLkHg\/featured","https:\/\/www.instagram.com\/pharmacy4pets.nl"]}]}},"market_data":{"nl":{"price":0,"sale_price":0,"active":false,"url":null,"parent_url":"","tax_rate":0,"price_inc_tax":0,"sale_price_inc_tax":0},"de":{"price":0,"sale_price":0,"active":false,"url":null,"parent_url":"","tax_rate":0,"price_inc_tax":0,"sale_price_inc_tax":0},"be":{"price":0,"sale_price":0,"active":false,"url":null,"parent_url":"","tax_rate":0,"price_inc_tax":0,"sale_price_inc_tax":0},"fr":{"price":0,"sale_price":0,"active":false,"url":null,"parent_url":"","tax_rate":0,"price_inc_tax":0,"sale_price_inc_tax":0},"ch":{"price":0,"sale_price":0,"active":false,"url":null,"parent_url":"","tax_rate":0,"price_inc_tax":0,"sale_price_inc_tax":0},"at":{"price":0,"sale_price":0,"active":false,"url":null,"parent_url":"","tax_rate":0,"price_inc_tax":0,"sale_price_inc_tax":0},"es":{"price":0,"sale_price":0,"active":false,"url":null,"parent_url":"","tax_rate":0,"price_inc_tax":0,"sale_price_inc_tax":0},"dk":{"price":0,"sale_price":0,"active":false,"url":null,"parent_url":"","tax_rate":0,"price_inc_tax":0,"sale_price_inc_tax":0},"com":{"price":0,"sale_price":0,"active":false,"url":null,"parent_url":"","tax_rate":0,"price_inc_tax":0,"sale_price_inc_tax":0}},"market_nl_price":0,"market_nl_sale_price":0,"market_nl_active":false,"market_nl_url":null,"market_nl_parent_url":"","market_nl_tax_rate":0,"market_nl_price_inc_tax":0,"market_nl_sale_price_inc_tax":0,"market_de_price":0,"market_de_sale_price":0,"market_de_active":false,"market_de_url":null,"market_de_parent_url":"","market_de_tax_rate":0,"market_de_price_inc_tax":0,"market_de_sale_price_inc_tax":0,"market_be_price":0,"market_be_sale_price":0,"market_be_active":false,"market_be_url":null,"market_be_parent_url":"","market_be_tax_rate":0,"market_be_price_inc_tax":0,"market_be_sale_price_inc_tax":0,"market_fr_price":0,"market_fr_sale_price":0,"market_fr_active":false,"market_fr_url":null,"market_fr_parent_url":"","market_fr_tax_rate":0,"market_fr_price_inc_tax":0,"market_fr_sale_price_inc_tax":0,"market_ch_price":0,"market_ch_sale_price":0,"market_ch_active":false,"market_ch_url":null,"market_ch_parent_url":"","market_ch_tax_rate":0,"market_ch_price_inc_tax":0,"market_ch_sale_price_inc_tax":0,"market_at_price":0,"market_at_sale_price":0,"market_at_active":false,"market_at_url":null,"market_at_parent_url":"","market_at_tax_rate":0,"market_at_price_inc_tax":0,"market_at_sale_price_inc_tax":0,"market_es_price":0,"market_es_sale_price":0,"market_es_active":false,"market_es_url":null,"market_es_parent_url":"","market_es_tax_rate":0,"market_es_price_inc_tax":0,"market_es_sale_price_inc_tax":0,"market_dk_price":0,"market_dk_sale_price":0,"market_dk_active":false,"market_dk_url":null,"market_dk_parent_url":"","market_dk_tax_rate":0,"market_dk_price_inc_tax":0,"market_dk_sale_price_inc_tax":0,"market_com_price":0,"market_com_sale_price":0,"market_com_active":false,"market_com_url":null,"market_com_parent_url":"","market_com_tax_rate":0,"market_com_price_inc_tax":0,"market_com_sale_price_inc_tax":0,"acf":[],"_links":{"self":[{"href":"https:\/\/www.pharmacy4pets.nl\/be\/wp-json\/wp\/v2\/product\/119613","targetHints":{"allow":["GET"]}}],"collection":[{"href":"https:\/\/www.pharmacy4pets.nl\/be\/wp-json\/wp\/v2\/product"}],"about":[{"href":"https:\/\/www.pharmacy4pets.nl\/be\/wp-json\/wp\/v2\/types\/product"}],"replies":[{"embeddable":true,"href":"https:\/\/www.pharmacy4pets.nl\/be\/wp-json\/wp\/v2\/comments?post=119613"}],"wp:featuredmedia":[{"embeddable":true,"href":"https:\/\/www.pharmacy4pets.nl\/be\/wp-json\/wp\/v2\/media\/119612"}],"wp:attachment":[{"href":"https:\/\/www.pharmacy4pets.nl\/be\/wp-json\/wp\/v2\/media?parent=119613"}],"wp:term":[{"taxonomy":"product_brand","embeddable":true,"href":"https:\/\/www.pharmacy4pets.nl\/be\/wp-json\/wp\/v2\/product_brand?post=119613"},{"taxonomy":"product_cat","embeddable":true,"href":"https:\/\/www.pharmacy4pets.nl\/be\/wp-json\/wp\/v2\/product_cat?post=119613"},{"taxonomy":"product_tag","embeddable":true,"href":"https:\/\/www.pharmacy4pets.nl\/be\/wp-json\/wp\/v2\/product_tag?post=119613"}],"curies":[{"name":"wp","href":"https:\/\/api.w.org\/{rel}","templated":true}]}}