{"id":119607,"date":"2022-08-17T16:28:34","date_gmt":"2022-08-17T16:28:34","guid":{"rendered":"https:\/\/p4p.test\/easypill-kat-1-sachet"},"modified":"2026-03-25T12:02:32","modified_gmt":"2026-03-25T12:02:32","slug":"easypill-kat-1-sachet","status":"publish","type":"product","link":"https:\/\/www.pharmacy4pets.nl\/be\/easypill-kat-1-sachet","title":{"rendered":"Easypill kat 1 sachet"},"content":{"rendered":"<p>Easypill is een voedingssupplement voor katten. Het is een snoepje dat het toedienen van medicijnen (tabletten) aan de kat vergemakkelijkt. Easypill heeft voor de kat een aantrekkelijke smaak, geur en samenstelling. Daarmee worden de vorm en smaak van de pil gemaskeerd. Easypill laat zich ook makkelijk verdelen in meerdere stukjes. Zo is de grootte van het stukje Easypill aan te passen aan de grootte van het toe te dienen tabletje. De restanten kunt u weer samenkneden en opnieuw gebruiken.<\/p>\n","protected":false},"excerpt":{"rendered":"<p>Easypill is een voedingssupplement voor katten. Het is een snoepje dat het toedienen van medicijnen (tabletten) aan de kat vergemakkelijkt. Easypill heeft voor de kat een aantrekkelijke smaak, geur en samenstelling. Daarmee worden de vorm en smaak van de pil gemaskeerd. Easypill laat zich ook makkelijk verdelen in meerdere stukjes. Zo is de grootte van [&hellip;]<\/p>\n","protected":false},"featured_media":119605,"comment_status":"open","ping_status":"closed","template":"","meta":{"_acf_changed":false,"_nl_post_content":"<p>Easypill is een voedingssupplement voor katten. Het is een snoepje dat het toedienen van medicijnen (tabletten) aan de kat vergemakkelijkt. Easypill heeft voor de kat een aantrekkelijke smaak, geur en samenstelling. Daarmee worden de vorm en smaak van de pil gemaskeerd. Easypill laat zich ook makkelijk verdelen in meerdere stukjes. Zo is de grootte van het stukje Easypill aan te passen aan de grootte van het toe te dienen tabletje. De restanten kunt u weer samenkneden en opnieuw gebruiken.<\/p>","_nl_post_name":"easypill-kat-1-sachet","_nl_post_excerpt":"","_nl_post_title":"Easypill kat 1 sachet","_en_post_content":"<p>Easypill is a dietary supplement for cats. It is a piece of candy that facilitates the administration of medicines (tablets) in cats. Easypill for the cat has an appealing taste, odor and composition. Hence the shape and taste of the pill is masked. Easypill is also easy to divide into several pieces. Likewise, the size of the piece of Easypill can be adapted to the size of the tablet to be administered. The remains can be knead together again and be used again.<\/p>","_en_post_name":"easypill-cat-1-sachet","_en_post_excerpt":"","_en_post_title":"Easypill cat 1 sachet","_de_post_content":"<p>Easypill ist ein Nahrungserg\u00e4nzungsmittel f\u00fcr Katzen. Es ist ein St\u00fcck der S\u00fc\u00dfigkeit, dass die Verabreichung von Medikamenten (Tabletten) an die Katze erleichtert. Easypill f\u00fcr die Katze hat einen ansprechenden Geschmack, Geruch und Komposition. Somit kann die Form und den Geschmack der Tablette maskiert werden. Easypill kann auch leicht in mehrere Teile auf wurden geteilt. Ebenso kann die Gr\u00f6\u00dfe der St\u00fcck Easypill auf die Gr\u00f6\u00dfe der verabreichte Tablette angepast werden. Die Reste k\u00f6nnen Sie wieder zusammenkneten und wieder verwenden.<\/p>","_de_post_name":"easypill-katze-1-sachet","_de_post_excerpt":"","_de_post_title":"Easypill Katze 1 Sachet","_fr_post_content":"<p>Easypill facilite l\u2019administration des comprim\u00e9s chez les chats. La texture mall\u00e9able d'Easypill permet de cacher facilement un comprim\u00e9 et de le manger comme un bonbon.<\/p>","_fr_post_name":"easypill-chat-1-sachet","_fr_post_excerpt":"","_fr_post_title":"Easypill chat 1 sachet","_es_post_content":"<p>Easypill es un suplemento alimenticio para gatos. Es un premio que facilita la administraci\u00f3n de medicamentos (comprimidos) a los gatos. Easypill tiene un atractivo sabor, olor y composici\u00f3n para gatos y ocultan la forma y el sabor del comprimido. Easypill se puede dividir f\u00e1cilmente en varios trozos. \u00a0As\u00ed, el tama\u00f1o del trozo de Easypill puede ajustarse al tama\u00f1o del comprimido que hay que administrar. Se pueden amasar los restos y usarlos de nuevo.<\/p>","_es_post_name":"easypill-gatos-1-sobre","_es_post_excerpt":"","_es_post_title":"Easypill gatos 1 sobre","edit_language":"nl"},"product_brand":[],"product_cat":[1891,1917,1892,1118,1879,1871,1857],"product_tag":[],"class_list":{"0":"post-119607","1":"product","2":"type-product","3":"status-publish","4":"has-post-thumbnail","6":"product_cat-benodigdheden","7":"product_cat-easypill","8":"product_cat-ehbo","9":"product_cat-katten","10":"product_cat-maag-darmen","11":"product_cat-medicijnen-supplementen","12":"product_cat-merken","13":"pa_aandoening-maag_darmen","14":"pa_doeldier-kat","15":"pa_fabricatieland-frankrijk","16":"pa_merkfilter-easypill","17":"pa_merkgroep-virbac","18":"pa_productsoort-voedingssupplement","19":"pa_seo_canonical_store_id-not_found_value","20":"pa_seo_category-not_found_value","21":"pa_seo_meta_robots-not_found_value","22":"pa_toedieningswijze-kauwbrokjes","23":"pa_unit_pricing_base_measure-1ct","24":"pa_unit_pricing_measure-1ct","25":"pa_werkzamestof-overig","27":"first","28":"instock","29":"taxable","30":"shipping-taxable","31":"purchasable","32":"product-type-simple"},"yoast_head":"<!-- This site is optimized with the Yoast SEO plugin v27.5 - https:\/\/yoast.com\/product\/yoast-seo-wordpress\/ -->\n<title>Easypill kat 1 sachet - Pharmacy4pets<\/title>\n<meta name=\"robots\" content=\"index, follow, max-snippet:-1, max-image-preview:large, max-video-preview:-1\" \/>\n<link rel=\"canonical\" href=\"https:\/\/p4p-nl.bootmine.com\/%product-slug%\/easypill-kat-1-sachet\" \/>\n<meta property=\"og:locale\" content=\"nl_NL\" \/>\n<meta property=\"og:type\" content=\"article\" \/>\n<meta property=\"og:title\" content=\"Easypill kat 1 sachet - Pharmacy4pets\" \/>\n<meta property=\"og:description\" content=\"Easypill is een voedingssupplement voor katten. Het is een snoepje dat het toedienen van medicijnen (tabletten) aan de kat vergemakkelijkt. Easypill heeft voor de kat een aantrekkelijke smaak, geur en samenstelling. Daarmee worden de vorm en smaak van de pil gemaskeerd. Easypill laat zich ook makkelijk verdelen in meerdere stukjes. Zo is de grootte van [&hellip;]\" \/>\n<meta property=\"og:url\" content=\"https:\/\/p4p-nl.bootmine.com\/%product-slug%\/easypill-kat-1-sachet\" \/>\n<meta property=\"og:site_name\" content=\"Pharmacy4pets\" \/>\n<meta property=\"article:publisher\" content=\"https:\/\/www.facebook.com\/people\/Pharmacy4petsnl\/100063484989896\/\" \/>\n<meta property=\"article:modified_time\" content=\"2026-03-25T12:02:32+00:00\" \/>\n<meta property=\"og:image\" content=\"https:\/\/p4p-nl.bootmine.com\/wp-content\/uploads\/2022\/08\/easypill_kat_1.jpg\" \/>\n\t<meta property=\"og:image:width\" content=\"1000\" \/>\n\t<meta property=\"og:image:height\" content=\"1000\" \/>\n\t<meta property=\"og:image:type\" content=\"image\/jpeg\" \/>\n<meta name=\"twitter:card\" content=\"summary_large_image\" \/>\n<script type=\"application\/ld+json\" class=\"yoast-schema-graph\">{\"@context\":\"https:\\\/\\\/schema.org\",\"@graph\":[{\"@type\":\"WebPage\",\"@id\":\"https:\\\/\\\/p4p-nl.bootmine.com\\\/%product-slug%\\\/easypill-kat-1-sachet\",\"url\":\"https:\\\/\\\/p4p-nl.bootmine.com\\\/%product-slug%\\\/easypill-kat-1-sachet\",\"name\":\"Easypill kat 1 sachet - Pharmacy4pets\",\"isPartOf\":{\"@id\":\"http:\\\/\\\/www.pharmacy4pets.nl\\\/#website\"},\"primaryImageOfPage\":{\"@id\":\"https:\\\/\\\/p4p-nl.bootmine.com\\\/%product-slug%\\\/easypill-kat-1-sachet#primaryimage\"},\"image\":{\"@id\":\"https:\\\/\\\/p4p-nl.bootmine.com\\\/%product-slug%\\\/easypill-kat-1-sachet#primaryimage\"},\"thumbnailUrl\":\"https:\\\/\\\/www.pharmacy4pets.nl\\\/wp-content\\\/uploads\\\/2022\\\/08\\\/easypill_kat_1.jpg\",\"datePublished\":\"2022-08-17T16:28:34+00:00\",\"dateModified\":\"2026-03-25T12:02:32+00:00\",\"breadcrumb\":{\"@id\":\"https:\\\/\\\/p4p-nl.bootmine.com\\\/%product-slug%\\\/easypill-kat-1-sachet#breadcrumb\"},\"inLanguage\":\"nl-NL\",\"potentialAction\":[{\"@type\":\"ReadAction\",\"target\":[\"https:\\\/\\\/p4p-nl.bootmine.com\\\/%product-slug%\\\/easypill-kat-1-sachet\"]}]},{\"@type\":\"ImageObject\",\"inLanguage\":\"nl-NL\",\"@id\":\"https:\\\/\\\/p4p-nl.bootmine.com\\\/%product-slug%\\\/easypill-kat-1-sachet#primaryimage\",\"url\":\"https:\\\/\\\/www.pharmacy4pets.nl\\\/wp-content\\\/uploads\\\/2022\\\/08\\\/easypill_kat_1.jpg\",\"contentUrl\":\"https:\\\/\\\/www.pharmacy4pets.nl\\\/wp-content\\\/uploads\\\/2022\\\/08\\\/easypill_kat_1.jpg\",\"width\":1000,\"height\":1000,\"caption\":\"Easypill\"},{\"@type\":\"BreadcrumbList\",\"@id\":\"https:\\\/\\\/p4p-nl.bootmine.com\\\/%product-slug%\\\/easypill-kat-1-sachet#breadcrumb\",\"itemListElement\":[{\"@type\":\"ListItem\",\"position\":1,\"name\":\"Home\",\"item\":\"https:\\\/\\\/p4p-nl.bootmine.com\\\/\"},{\"@type\":\"ListItem\",\"position\":2,\"name\":\"Winkel\",\"item\":\"https:\\\/\\\/p4p-nl.bootmine.com\\\/winkel\"},{\"@type\":\"ListItem\",\"position\":3,\"name\":\"Easypill kat 1 sachet\"}]},{\"@type\":\"WebSite\",\"@id\":\"http:\\\/\\\/www.pharmacy4pets.nl\\\/#website\",\"url\":\"http:\\\/\\\/www.pharmacy4pets.nl\\\/\",\"name\":\"Pharmacy4pets\",\"description\":\"Pharmacy4pets.nl is d\u00e9 online apotheek waar u terecht kunt voor alle diergeneesmiddelen, verzorgingsproducten en dieetvoeding voor uw huisdier.\",\"publisher\":{\"@id\":\"http:\\\/\\\/www.pharmacy4pets.nl\\\/#organization\"},\"potentialAction\":[{\"@type\":\"SearchAction\",\"target\":{\"@type\":\"EntryPoint\",\"urlTemplate\":\"http:\\\/\\\/www.pharmacy4pets.nl\\\/?s={search_term_string}\"},\"query-input\":{\"@type\":\"PropertyValueSpecification\",\"valueRequired\":true,\"valueName\":\"search_term_string\"}}],\"inLanguage\":\"nl-NL\"},{\"@type\":\"Organization\",\"@id\":\"http:\\\/\\\/www.pharmacy4pets.nl\\\/#organization\",\"name\":\"Pharmacy4pets\",\"url\":\"http:\\\/\\\/www.pharmacy4pets.nl\\\/\",\"logo\":{\"@type\":\"ImageObject\",\"inLanguage\":\"nl-NL\",\"@id\":\"http:\\\/\\\/www.pharmacy4pets.nl\\\/#\\\/schema\\\/logo\\\/image\\\/\",\"url\":\"https:\\\/\\\/p4p-nl.bootmine.com\\\/wp-content\\\/uploads\\\/2026\\\/03\\\/logo-pharmacy4pets.png\",\"contentUrl\":\"https:\\\/\\\/p4p-nl.bootmine.com\\\/wp-content\\\/uploads\\\/2026\\\/03\\\/logo-pharmacy4pets.png\",\"width\":1024,\"height\":135,\"caption\":\"Pharmacy4pets\"},\"image\":{\"@id\":\"http:\\\/\\\/www.pharmacy4pets.nl\\\/#\\\/schema\\\/logo\\\/image\\\/\"},\"sameAs\":[\"https:\\\/\\\/www.facebook.com\\\/people\\\/Pharmacy4petsnl\\\/100063484989896\\\/\",\"https:\\\/\\\/www.youtube.com\\\/channel\\\/UCGPTIgucgli03tP2_kvLkHg\\\/featured\",\"https:\\\/\\\/www.instagram.com\\\/pharmacy4pets.nl\"]}]}<\/script>\n<!-- \/ Yoast SEO plugin. -->","yoast_head_json":{"title":"Easypill kat 1 sachet - Pharmacy4pets","robots":{"index":"index","follow":"follow","max-snippet":"max-snippet:-1","max-image-preview":"max-image-preview:large","max-video-preview":"max-video-preview:-1"},"canonical":"https:\/\/p4p-nl.bootmine.com\/%product-slug%\/easypill-kat-1-sachet","og_locale":"nl_NL","og_type":"article","og_title":"Easypill kat 1 sachet - Pharmacy4pets","og_description":"Easypill is een voedingssupplement voor katten. Het is een snoepje dat het toedienen van medicijnen (tabletten) aan de kat vergemakkelijkt. Easypill heeft voor de kat een aantrekkelijke smaak, geur en samenstelling. Daarmee worden de vorm en smaak van de pil gemaskeerd. Easypill laat zich ook makkelijk verdelen in meerdere stukjes. Zo is de grootte van [&hellip;]","og_url":"https:\/\/p4p-nl.bootmine.com\/%product-slug%\/easypill-kat-1-sachet","og_site_name":"Pharmacy4pets","article_publisher":"https:\/\/www.facebook.com\/people\/Pharmacy4petsnl\/100063484989896\/","article_modified_time":"2026-03-25T12:02:32+00:00","og_image":[{"width":1000,"height":1000,"url":"https:\/\/p4p-nl.bootmine.com\/wp-content\/uploads\/2022\/08\/easypill_kat_1.jpg","type":"image\/jpeg"}],"twitter_card":"summary_large_image","schema":{"@context":"https:\/\/schema.org","@graph":[{"@type":"WebPage","@id":"https:\/\/p4p-nl.bootmine.com\/%product-slug%\/easypill-kat-1-sachet","url":"https:\/\/p4p-nl.bootmine.com\/%product-slug%\/easypill-kat-1-sachet","name":"Easypill kat 1 sachet - Pharmacy4pets","isPartOf":{"@id":"http:\/\/www.pharmacy4pets.nl\/#website"},"primaryImageOfPage":{"@id":"https:\/\/p4p-nl.bootmine.com\/%product-slug%\/easypill-kat-1-sachet#primaryimage"},"image":{"@id":"https:\/\/p4p-nl.bootmine.com\/%product-slug%\/easypill-kat-1-sachet#primaryimage"},"thumbnailUrl":"https:\/\/www.pharmacy4pets.nl\/wp-content\/uploads\/2022\/08\/easypill_kat_1.jpg","datePublished":"2022-08-17T16:28:34+00:00","dateModified":"2026-03-25T12:02:32+00:00","breadcrumb":{"@id":"https:\/\/p4p-nl.bootmine.com\/%product-slug%\/easypill-kat-1-sachet#breadcrumb"},"inLanguage":"nl-NL","potentialAction":[{"@type":"ReadAction","target":["https:\/\/p4p-nl.bootmine.com\/%product-slug%\/easypill-kat-1-sachet"]}]},{"@type":"ImageObject","inLanguage":"nl-NL","@id":"https:\/\/p4p-nl.bootmine.com\/%product-slug%\/easypill-kat-1-sachet#primaryimage","url":"https:\/\/www.pharmacy4pets.nl\/wp-content\/uploads\/2022\/08\/easypill_kat_1.jpg","contentUrl":"https:\/\/www.pharmacy4pets.nl\/wp-content\/uploads\/2022\/08\/easypill_kat_1.jpg","width":1000,"height":1000,"caption":"Easypill"},{"@type":"BreadcrumbList","@id":"https:\/\/p4p-nl.bootmine.com\/%product-slug%\/easypill-kat-1-sachet#breadcrumb","itemListElement":[{"@type":"ListItem","position":1,"name":"Home","item":"https:\/\/p4p-nl.bootmine.com\/"},{"@type":"ListItem","position":2,"name":"Winkel","item":"https:\/\/p4p-nl.bootmine.com\/winkel"},{"@type":"ListItem","position":3,"name":"Easypill kat 1 sachet"}]},{"@type":"WebSite","@id":"http:\/\/www.pharmacy4pets.nl\/#website","url":"http:\/\/www.pharmacy4pets.nl\/","name":"Pharmacy4pets","description":"Pharmacy4pets.nl is d\u00e9 online apotheek waar u terecht kunt voor alle diergeneesmiddelen, verzorgingsproducten en dieetvoeding voor uw huisdier.","publisher":{"@id":"http:\/\/www.pharmacy4pets.nl\/#organization"},"potentialAction":[{"@type":"SearchAction","target":{"@type":"EntryPoint","urlTemplate":"http:\/\/www.pharmacy4pets.nl\/?s={search_term_string}"},"query-input":{"@type":"PropertyValueSpecification","valueRequired":true,"valueName":"search_term_string"}}],"inLanguage":"nl-NL"},{"@type":"Organization","@id":"http:\/\/www.pharmacy4pets.nl\/#organization","name":"Pharmacy4pets","url":"http:\/\/www.pharmacy4pets.nl\/","logo":{"@type":"ImageObject","inLanguage":"nl-NL","@id":"http:\/\/www.pharmacy4pets.nl\/#\/schema\/logo\/image\/","url":"https:\/\/p4p-nl.bootmine.com\/wp-content\/uploads\/2026\/03\/logo-pharmacy4pets.png","contentUrl":"https:\/\/p4p-nl.bootmine.com\/wp-content\/uploads\/2026\/03\/logo-pharmacy4pets.png","width":1024,"height":135,"caption":"Pharmacy4pets"},"image":{"@id":"http:\/\/www.pharmacy4pets.nl\/#\/schema\/logo\/image\/"},"sameAs":["https:\/\/www.facebook.com\/people\/Pharmacy4petsnl\/100063484989896\/","https:\/\/www.youtube.com\/channel\/UCGPTIgucgli03tP2_kvLkHg\/featured","https:\/\/www.instagram.com\/pharmacy4pets.nl"]}]}},"market_data":{"nl":{"price":0,"sale_price":0,"active":false,"url":null,"parent_url":"","tax_rate":0,"price_inc_tax":0,"sale_price_inc_tax":0},"de":{"price":0,"sale_price":0,"active":false,"url":null,"parent_url":"","tax_rate":0,"price_inc_tax":0,"sale_price_inc_tax":0},"be":{"price":0,"sale_price":0,"active":false,"url":null,"parent_url":"","tax_rate":0,"price_inc_tax":0,"sale_price_inc_tax":0},"fr":{"price":0,"sale_price":0,"active":false,"url":null,"parent_url":"","tax_rate":0,"price_inc_tax":0,"sale_price_inc_tax":0},"ch":{"price":0,"sale_price":0,"active":false,"url":null,"parent_url":"","tax_rate":0,"price_inc_tax":0,"sale_price_inc_tax":0},"at":{"price":0,"sale_price":0,"active":false,"url":null,"parent_url":"","tax_rate":0,"price_inc_tax":0,"sale_price_inc_tax":0},"es":{"price":0,"sale_price":0,"active":false,"url":null,"parent_url":"","tax_rate":0,"price_inc_tax":0,"sale_price_inc_tax":0},"dk":{"price":0,"sale_price":0,"active":false,"url":null,"parent_url":"","tax_rate":0,"price_inc_tax":0,"sale_price_inc_tax":0},"com":{"price":0,"sale_price":0,"active":false,"url":null,"parent_url":"","tax_rate":0,"price_inc_tax":0,"sale_price_inc_tax":0}},"market_nl_price":0,"market_nl_sale_price":0,"market_nl_active":false,"market_nl_url":null,"market_nl_parent_url":"","market_nl_tax_rate":0,"market_nl_price_inc_tax":0,"market_nl_sale_price_inc_tax":0,"market_de_price":0,"market_de_sale_price":0,"market_de_active":false,"market_de_url":null,"market_de_parent_url":"","market_de_tax_rate":0,"market_de_price_inc_tax":0,"market_de_sale_price_inc_tax":0,"market_be_price":0,"market_be_sale_price":0,"market_be_active":false,"market_be_url":null,"market_be_parent_url":"","market_be_tax_rate":0,"market_be_price_inc_tax":0,"market_be_sale_price_inc_tax":0,"market_fr_price":0,"market_fr_sale_price":0,"market_fr_active":false,"market_fr_url":null,"market_fr_parent_url":"","market_fr_tax_rate":0,"market_fr_price_inc_tax":0,"market_fr_sale_price_inc_tax":0,"market_ch_price":0,"market_ch_sale_price":0,"market_ch_active":false,"market_ch_url":null,"market_ch_parent_url":"","market_ch_tax_rate":0,"market_ch_price_inc_tax":0,"market_ch_sale_price_inc_tax":0,"market_at_price":0,"market_at_sale_price":0,"market_at_active":false,"market_at_url":null,"market_at_parent_url":"","market_at_tax_rate":0,"market_at_price_inc_tax":0,"market_at_sale_price_inc_tax":0,"market_es_price":0,"market_es_sale_price":0,"market_es_active":false,"market_es_url":null,"market_es_parent_url":"","market_es_tax_rate":0,"market_es_price_inc_tax":0,"market_es_sale_price_inc_tax":0,"market_dk_price":0,"market_dk_sale_price":0,"market_dk_active":false,"market_dk_url":null,"market_dk_parent_url":"","market_dk_tax_rate":0,"market_dk_price_inc_tax":0,"market_dk_sale_price_inc_tax":0,"market_com_price":0,"market_com_sale_price":0,"market_com_active":false,"market_com_url":null,"market_com_parent_url":"","market_com_tax_rate":0,"market_com_price_inc_tax":0,"market_com_sale_price_inc_tax":0,"acf":[],"_links":{"self":[{"href":"https:\/\/www.pharmacy4pets.nl\/be\/wp-json\/wp\/v2\/product\/119607","targetHints":{"allow":["GET"]}}],"collection":[{"href":"https:\/\/www.pharmacy4pets.nl\/be\/wp-json\/wp\/v2\/product"}],"about":[{"href":"https:\/\/www.pharmacy4pets.nl\/be\/wp-json\/wp\/v2\/types\/product"}],"replies":[{"embeddable":true,"href":"https:\/\/www.pharmacy4pets.nl\/be\/wp-json\/wp\/v2\/comments?post=119607"}],"wp:featuredmedia":[{"embeddable":true,"href":"https:\/\/www.pharmacy4pets.nl\/be\/wp-json\/wp\/v2\/media\/119605"}],"wp:attachment":[{"href":"https:\/\/www.pharmacy4pets.nl\/be\/wp-json\/wp\/v2\/media?parent=119607"}],"wp:term":[{"taxonomy":"product_brand","embeddable":true,"href":"https:\/\/www.pharmacy4pets.nl\/be\/wp-json\/wp\/v2\/product_brand?post=119607"},{"taxonomy":"product_cat","embeddable":true,"href":"https:\/\/www.pharmacy4pets.nl\/be\/wp-json\/wp\/v2\/product_cat?post=119607"},{"taxonomy":"product_tag","embeddable":true,"href":"https:\/\/www.pharmacy4pets.nl\/be\/wp-json\/wp\/v2\/product_tag?post=119607"}],"curies":[{"name":"wp","href":"https:\/\/api.w.org\/{rel}","templated":true}]}}