{"id":119600,"date":"2022-08-17T14:39:02","date_gmt":"2022-08-17T14:39:02","guid":{"rendered":"https:\/\/p4p.test\/easypill-hond"},"modified":"2026-03-25T12:02:31","modified_gmt":"2026-03-25T12:02:31","slug":"easypill-hond","status":"publish","type":"product","link":"https:\/\/www.pharmacy4pets.nl\/be\/easypill-hond","title":{"rendered":"Easypill hond"},"content":{"rendered":"<p>Easypill is een voedingssupplement voor honden. Het is een snoepje dat het toedienen van medicijnen (tabletten) aan de hond vergemakkelijkt. Easypill heeft voor de hond een aantrekkelijke smaak, geur en samenstelling. Daarmee worden de vorm en smaak van de pil gemaskeerd. Easypill laat zich ook makkelijk verdelen in meerdere stukjes. Zo is de grootte van het stukje Easypill aan te passen aan de grootte van het toe te dienen tabletje. De restanten kunt u weer samenkneden en opnieuw gebruiken.<\/p>\n","protected":false},"excerpt":{"rendered":"<p>Easypill is een voedingssupplement voor honden. Het is een snoepje dat het toedienen van medicijnen (tabletten) aan de hond vergemakkelijkt. Easypill heeft voor de hond een aantrekkelijke smaak, geur en samenstelling. Daarmee worden de vorm en smaak van de pil gemaskeerd. Easypill laat zich ook makkelijk verdelen in meerdere stukjes. Zo is de grootte van [&hellip;]<\/p>\n","protected":false},"featured_media":119599,"comment_status":"open","ping_status":"closed","template":"","meta":{"_acf_changed":false,"_nl_post_content":"<p>Easypill is een voedingssupplement voor honden. Het is een snoepje dat het toedienen van medicijnen (tabletten) aan de hond vergemakkelijkt. Easypill heeft voor de hond een aantrekkelijke smaak, geur en samenstelling. Daarmee worden de vorm en smaak van de pil gemaskeerd. Easypill laat zich ook makkelijk verdelen in meerdere stukjes. Zo is de grootte van het stukje Easypill aan te passen aan de grootte van het toe te dienen tabletje. De restanten kunt u weer samenkneden en opnieuw gebruiken.<\/p>","_nl_post_name":"easypill-hond","_nl_post_excerpt":"","_nl_post_title":"Easypill hond","_en_post_content":"<p>Easypill is a dietary supplement for dogs. It is a piece of candy that facilitates the administration of medicines (tablets) in dogs. Easypill for the dog has an appealing taste, odor and composition. Hence the shape and taste of the pill is masked. Easypill is also easy to divide into several pieces. Likewise, the size of the piece of Easypill can be adapted to the size of the tablet to be administered. The remains can be knead together again and be used again.<\/p>","_en_post_name":"easypill-dog","_en_post_excerpt":"","_en_post_title":"Easypill dog","_de_post_content":"<p>Easypill ist ein Nahrungserg\u00e4nzungsmittel f\u00fcr Hunde. Es ist ein St\u00fcck der S\u00fc\u00dfigkeit, dass die Verabreichung von Medikamenten (Tabletten) an der Hunde erleichtert. Easypill f\u00fcr den Hund hat einen ansprechenden Geschmack, Geruch und Komposition. Somit kann die Form und den Geschmack der Tablette maskiert werden. Easypill kann auch leicht in mehrere Teile auf wurden geteilt. Ebenso kann die Gr\u00f6\u00dfe der St\u00fcck Easypill auf die Gr\u00f6\u00dfe der verabreichte Tablette angepast werden. Die Reste k\u00f6nnen Sie wieder zusammenkneten und wieder verwenden.<\/p>","_de_post_name":"easypill-hund","_de_post_excerpt":"","_de_post_title":"Easypill Hund","_fr_post_content":"<p>Easypill est un compl\u00e9ment alimentaire pour chiens. C'est une friandise qui facilite l'administration de m\u00e9dicaments (comprim\u00e9s) au chien. Easypill a un go\u00fbt, une odeur et une composition attrayants pour le chien. Cela masque la forme et le go\u00fbt de la pilule. Easypill est \u00e9galement facile \u00e0 diviser en plusieurs morceaux. Par exemple, la taille du morceau d'Easypill peut \u00eatre ajust\u00e9e \u00e0 la taille du comprim\u00e9 \u00e0 administrer. Vous pouvez \u00e0 nouveau p\u00e9trir les restes et les r\u00e9utiliser.<\/p>","_fr_post_name":"easypill-chien","_fr_post_excerpt":"","_fr_post_title":"Easypill chien","_es_post_content":"<p>Easypill es un complemento alimenticio para perros. Es un snack que facilita la administraci\u00f3n de medicamentos (tabletas) al perro. Easypill tiene un sabor, olor y composici\u00f3n atractivos para su perro. Esto enmascara la forma y el sabor de la p\u00edldora. Easypill tambi\u00e9n es f\u00e1cil de dividir en varias partes. Por ejemplo, el tama\u00f1o de la pieza de Easypill se puede ajustar al tama\u00f1o de la tableta a administrar. Puedes volver a amasar las sobras y usarlas de nuevo.<\/p>","_es_post_name":"easypill-perros","_es_post_excerpt":"","_es_post_title":"Easypill perros","edit_language":"nl"},"product_brand":[],"product_cat":[1861,1917,1862,1117,1848,1839,1857],"product_tag":[],"class_list":{"0":"post-119600","1":"product","2":"type-product","3":"status-publish","4":"has-post-thumbnail","6":"product_cat-benodigdheden","7":"product_cat-easypill","8":"product_cat-ehbo","9":"product_cat-honden","10":"product_cat-maag-darmen","11":"product_cat-medicijnen-supplementen","12":"product_cat-merken","13":"pa_aandoening-maag_darmen","14":"pa_doeldier-hond","15":"pa_fabricatieland-frankrijk","16":"pa_merkfilter-easypill","17":"pa_merkgroep-virbac","18":"pa_productsoort-voedingssupplement","19":"pa_seo_canonical_store_id-not_found_value","20":"pa_seo_category-not_found_value","21":"pa_seo_meta_robots-not_found_value","22":"pa_toedieningswijze-kauwbrokjes","23":"pa_werkzamestof-overig","25":"first","26":"instock","27":"taxable","28":"shipping-taxable","29":"product-type-grouped"},"yoast_head":"<!-- This site is optimized with the Yoast SEO plugin v27.5 - https:\/\/yoast.com\/product\/yoast-seo-wordpress\/ -->\n<title>Easypill hond - Pharmacy4pets<\/title>\n<meta name=\"robots\" content=\"index, follow, max-snippet:-1, max-image-preview:large, max-video-preview:-1\" \/>\n<link rel=\"canonical\" href=\"https:\/\/www.pharmacy4pets.nl\/easypill-hond\" \/>\n<meta property=\"og:locale\" content=\"nl_NL\" \/>\n<meta property=\"og:type\" content=\"article\" \/>\n<meta property=\"og:title\" content=\"Easypill hond - Pharmacy4pets\" \/>\n<meta property=\"og:description\" content=\"Easypill is een voedingssupplement voor honden. Het is een snoepje dat het toedienen van medicijnen (tabletten) aan de hond vergemakkelijkt. Easypill heeft voor de hond een aantrekkelijke smaak, geur en samenstelling. Daarmee worden de vorm en smaak van de pil gemaskeerd. Easypill laat zich ook makkelijk verdelen in meerdere stukjes. Zo is de grootte van [&hellip;]\" \/>\n<meta property=\"og:url\" content=\"https:\/\/www.pharmacy4pets.nl\/easypill-hond\" \/>\n<meta property=\"og:site_name\" content=\"Pharmacy4pets\" \/>\n<meta property=\"article:publisher\" content=\"https:\/\/www.facebook.com\/people\/Pharmacy4petsnl\/100063484989896\/\" \/>\n<meta property=\"article:modified_time\" content=\"2026-03-25T12:02:31+00:00\" \/>\n<meta property=\"og:image\" content=\"https:\/\/www.pharmacy4pets.nl\/wp-content\/uploads\/2022\/08\/18502_1_1.jpg\" \/>\n\t<meta property=\"og:image:width\" content=\"330\" \/>\n\t<meta property=\"og:image:height\" content=\"300\" \/>\n\t<meta property=\"og:image:type\" content=\"image\/jpeg\" \/>\n<meta name=\"twitter:card\" content=\"summary_large_image\" \/>\n<script type=\"application\/ld+json\" class=\"yoast-schema-graph\">{\"@context\":\"https:\\\/\\\/schema.org\",\"@graph\":[{\"@type\":\"WebPage\",\"@id\":\"https:\\\/\\\/www.pharmacy4pets.nl\\\/easypill-hond\",\"url\":\"https:\\\/\\\/www.pharmacy4pets.nl\\\/easypill-hond\",\"name\":\"Easypill hond - Pharmacy4pets\",\"isPartOf\":{\"@id\":\"http:\\\/\\\/www.pharmacy4pets.nl\\\/#website\"},\"primaryImageOfPage\":{\"@id\":\"https:\\\/\\\/www.pharmacy4pets.nl\\\/easypill-hond#primaryimage\"},\"image\":{\"@id\":\"https:\\\/\\\/www.pharmacy4pets.nl\\\/easypill-hond#primaryimage\"},\"thumbnailUrl\":\"https:\\\/\\\/www.pharmacy4pets.nl\\\/wp-content\\\/uploads\\\/2022\\\/08\\\/18502_1_1.jpg\",\"datePublished\":\"2022-08-17T14:39:02+00:00\",\"dateModified\":\"2026-03-25T12:02:31+00:00\",\"breadcrumb\":{\"@id\":\"https:\\\/\\\/www.pharmacy4pets.nl\\\/easypill-hond#breadcrumb\"},\"inLanguage\":\"nl-NL\",\"potentialAction\":[{\"@type\":\"ReadAction\",\"target\":[\"https:\\\/\\\/www.pharmacy4pets.nl\\\/easypill-hond\"]}]},{\"@type\":\"ImageObject\",\"inLanguage\":\"nl-NL\",\"@id\":\"https:\\\/\\\/www.pharmacy4pets.nl\\\/easypill-hond#primaryimage\",\"url\":\"https:\\\/\\\/www.pharmacy4pets.nl\\\/wp-content\\\/uploads\\\/2022\\\/08\\\/18502_1_1.jpg\",\"contentUrl\":\"https:\\\/\\\/www.pharmacy4pets.nl\\\/wp-content\\\/uploads\\\/2022\\\/08\\\/18502_1_1.jpg\",\"width\":330,\"height\":300,\"caption\":\"Easypill\"},{\"@type\":\"BreadcrumbList\",\"@id\":\"https:\\\/\\\/www.pharmacy4pets.nl\\\/easypill-hond#breadcrumb\",\"itemListElement\":[{\"@type\":\"ListItem\",\"position\":1,\"name\":\"Home\",\"item\":\"https:\\\/\\\/p4p-nl.bootmine.com\\\/\"},{\"@type\":\"ListItem\",\"position\":2,\"name\":\"Winkel\",\"item\":\"https:\\\/\\\/p4p-nl.bootmine.com\\\/winkel\"},{\"@type\":\"ListItem\",\"position\":3,\"name\":\"Easypill hond\"}]},{\"@type\":\"WebSite\",\"@id\":\"http:\\\/\\\/www.pharmacy4pets.nl\\\/#website\",\"url\":\"http:\\\/\\\/www.pharmacy4pets.nl\\\/\",\"name\":\"Pharmacy4pets\",\"description\":\"Pharmacy4pets.nl is d\u00e9 online apotheek waar u terecht kunt voor alle diergeneesmiddelen, verzorgingsproducten en dieetvoeding voor uw huisdier.\",\"publisher\":{\"@id\":\"http:\\\/\\\/www.pharmacy4pets.nl\\\/#organization\"},\"potentialAction\":[{\"@type\":\"SearchAction\",\"target\":{\"@type\":\"EntryPoint\",\"urlTemplate\":\"http:\\\/\\\/www.pharmacy4pets.nl\\\/?s={search_term_string}\"},\"query-input\":{\"@type\":\"PropertyValueSpecification\",\"valueRequired\":true,\"valueName\":\"search_term_string\"}}],\"inLanguage\":\"nl-NL\"},{\"@type\":\"Organization\",\"@id\":\"http:\\\/\\\/www.pharmacy4pets.nl\\\/#organization\",\"name\":\"Pharmacy4pets\",\"url\":\"http:\\\/\\\/www.pharmacy4pets.nl\\\/\",\"logo\":{\"@type\":\"ImageObject\",\"inLanguage\":\"nl-NL\",\"@id\":\"http:\\\/\\\/www.pharmacy4pets.nl\\\/#\\\/schema\\\/logo\\\/image\\\/\",\"url\":\"https:\\\/\\\/p4p-nl.bootmine.com\\\/wp-content\\\/uploads\\\/2026\\\/03\\\/logo-pharmacy4pets.png\",\"contentUrl\":\"https:\\\/\\\/p4p-nl.bootmine.com\\\/wp-content\\\/uploads\\\/2026\\\/03\\\/logo-pharmacy4pets.png\",\"width\":1024,\"height\":135,\"caption\":\"Pharmacy4pets\"},\"image\":{\"@id\":\"http:\\\/\\\/www.pharmacy4pets.nl\\\/#\\\/schema\\\/logo\\\/image\\\/\"},\"sameAs\":[\"https:\\\/\\\/www.facebook.com\\\/people\\\/Pharmacy4petsnl\\\/100063484989896\\\/\",\"https:\\\/\\\/www.youtube.com\\\/channel\\\/UCGPTIgucgli03tP2_kvLkHg\\\/featured\",\"https:\\\/\\\/www.instagram.com\\\/pharmacy4pets.nl\"]}]}<\/script>\n<!-- \/ Yoast SEO plugin. -->","yoast_head_json":{"title":"Easypill hond - Pharmacy4pets","robots":{"index":"index","follow":"follow","max-snippet":"max-snippet:-1","max-image-preview":"max-image-preview:large","max-video-preview":"max-video-preview:-1"},"canonical":"https:\/\/www.pharmacy4pets.nl\/easypill-hond","og_locale":"nl_NL","og_type":"article","og_title":"Easypill hond - Pharmacy4pets","og_description":"Easypill is een voedingssupplement voor honden. Het is een snoepje dat het toedienen van medicijnen (tabletten) aan de hond vergemakkelijkt. Easypill heeft voor de hond een aantrekkelijke smaak, geur en samenstelling. Daarmee worden de vorm en smaak van de pil gemaskeerd. Easypill laat zich ook makkelijk verdelen in meerdere stukjes. Zo is de grootte van [&hellip;]","og_url":"https:\/\/www.pharmacy4pets.nl\/easypill-hond","og_site_name":"Pharmacy4pets","article_publisher":"https:\/\/www.facebook.com\/people\/Pharmacy4petsnl\/100063484989896\/","article_modified_time":"2026-03-25T12:02:31+00:00","og_image":[{"width":330,"height":300,"url":"https:\/\/www.pharmacy4pets.nl\/wp-content\/uploads\/2022\/08\/18502_1_1.jpg","type":"image\/jpeg"}],"twitter_card":"summary_large_image","schema":{"@context":"https:\/\/schema.org","@graph":[{"@type":"WebPage","@id":"https:\/\/www.pharmacy4pets.nl\/easypill-hond","url":"https:\/\/www.pharmacy4pets.nl\/easypill-hond","name":"Easypill hond - Pharmacy4pets","isPartOf":{"@id":"http:\/\/www.pharmacy4pets.nl\/#website"},"primaryImageOfPage":{"@id":"https:\/\/www.pharmacy4pets.nl\/easypill-hond#primaryimage"},"image":{"@id":"https:\/\/www.pharmacy4pets.nl\/easypill-hond#primaryimage"},"thumbnailUrl":"https:\/\/www.pharmacy4pets.nl\/wp-content\/uploads\/2022\/08\/18502_1_1.jpg","datePublished":"2022-08-17T14:39:02+00:00","dateModified":"2026-03-25T12:02:31+00:00","breadcrumb":{"@id":"https:\/\/www.pharmacy4pets.nl\/easypill-hond#breadcrumb"},"inLanguage":"nl-NL","potentialAction":[{"@type":"ReadAction","target":["https:\/\/www.pharmacy4pets.nl\/easypill-hond"]}]},{"@type":"ImageObject","inLanguage":"nl-NL","@id":"https:\/\/www.pharmacy4pets.nl\/easypill-hond#primaryimage","url":"https:\/\/www.pharmacy4pets.nl\/wp-content\/uploads\/2022\/08\/18502_1_1.jpg","contentUrl":"https:\/\/www.pharmacy4pets.nl\/wp-content\/uploads\/2022\/08\/18502_1_1.jpg","width":330,"height":300,"caption":"Easypill"},{"@type":"BreadcrumbList","@id":"https:\/\/www.pharmacy4pets.nl\/easypill-hond#breadcrumb","itemListElement":[{"@type":"ListItem","position":1,"name":"Home","item":"https:\/\/p4p-nl.bootmine.com\/"},{"@type":"ListItem","position":2,"name":"Winkel","item":"https:\/\/p4p-nl.bootmine.com\/winkel"},{"@type":"ListItem","position":3,"name":"Easypill hond"}]},{"@type":"WebSite","@id":"http:\/\/www.pharmacy4pets.nl\/#website","url":"http:\/\/www.pharmacy4pets.nl\/","name":"Pharmacy4pets","description":"Pharmacy4pets.nl is d\u00e9 online apotheek waar u terecht kunt voor alle diergeneesmiddelen, verzorgingsproducten en dieetvoeding voor uw huisdier.","publisher":{"@id":"http:\/\/www.pharmacy4pets.nl\/#organization"},"potentialAction":[{"@type":"SearchAction","target":{"@type":"EntryPoint","urlTemplate":"http:\/\/www.pharmacy4pets.nl\/?s={search_term_string}"},"query-input":{"@type":"PropertyValueSpecification","valueRequired":true,"valueName":"search_term_string"}}],"inLanguage":"nl-NL"},{"@type":"Organization","@id":"http:\/\/www.pharmacy4pets.nl\/#organization","name":"Pharmacy4pets","url":"http:\/\/www.pharmacy4pets.nl\/","logo":{"@type":"ImageObject","inLanguage":"nl-NL","@id":"http:\/\/www.pharmacy4pets.nl\/#\/schema\/logo\/image\/","url":"https:\/\/p4p-nl.bootmine.com\/wp-content\/uploads\/2026\/03\/logo-pharmacy4pets.png","contentUrl":"https:\/\/p4p-nl.bootmine.com\/wp-content\/uploads\/2026\/03\/logo-pharmacy4pets.png","width":1024,"height":135,"caption":"Pharmacy4pets"},"image":{"@id":"http:\/\/www.pharmacy4pets.nl\/#\/schema\/logo\/image\/"},"sameAs":["https:\/\/www.facebook.com\/people\/Pharmacy4petsnl\/100063484989896\/","https:\/\/www.youtube.com\/channel\/UCGPTIgucgli03tP2_kvLkHg\/featured","https:\/\/www.instagram.com\/pharmacy4pets.nl"]}]}},"market_data":{"nl":{"price":0,"sale_price":0,"active":false,"url":null,"parent_url":"","tax_rate":0,"price_inc_tax":0,"sale_price_inc_tax":0},"de":{"price":0,"sale_price":0,"active":false,"url":null,"parent_url":"","tax_rate":0,"price_inc_tax":0,"sale_price_inc_tax":0},"be":{"price":0,"sale_price":0,"active":false,"url":null,"parent_url":"","tax_rate":0,"price_inc_tax":0,"sale_price_inc_tax":0},"fr":{"price":0,"sale_price":0,"active":false,"url":null,"parent_url":"","tax_rate":0,"price_inc_tax":0,"sale_price_inc_tax":0},"ch":{"price":0,"sale_price":0,"active":false,"url":null,"parent_url":"","tax_rate":0,"price_inc_tax":0,"sale_price_inc_tax":0},"at":{"price":0,"sale_price":0,"active":false,"url":null,"parent_url":"","tax_rate":0,"price_inc_tax":0,"sale_price_inc_tax":0},"es":{"price":0,"sale_price":0,"active":false,"url":null,"parent_url":"","tax_rate":0,"price_inc_tax":0,"sale_price_inc_tax":0},"dk":{"price":0,"sale_price":0,"active":false,"url":null,"parent_url":"","tax_rate":0,"price_inc_tax":0,"sale_price_inc_tax":0},"com":{"price":0,"sale_price":0,"active":false,"url":null,"parent_url":"","tax_rate":0,"price_inc_tax":0,"sale_price_inc_tax":0}},"market_nl_price":0,"market_nl_sale_price":0,"market_nl_active":false,"market_nl_url":null,"market_nl_parent_url":"","market_nl_tax_rate":0,"market_nl_price_inc_tax":0,"market_nl_sale_price_inc_tax":0,"market_de_price":0,"market_de_sale_price":0,"market_de_active":false,"market_de_url":null,"market_de_parent_url":"","market_de_tax_rate":0,"market_de_price_inc_tax":0,"market_de_sale_price_inc_tax":0,"market_be_price":0,"market_be_sale_price":0,"market_be_active":false,"market_be_url":null,"market_be_parent_url":"","market_be_tax_rate":0,"market_be_price_inc_tax":0,"market_be_sale_price_inc_tax":0,"market_fr_price":0,"market_fr_sale_price":0,"market_fr_active":false,"market_fr_url":null,"market_fr_parent_url":"","market_fr_tax_rate":0,"market_fr_price_inc_tax":0,"market_fr_sale_price_inc_tax":0,"market_ch_price":0,"market_ch_sale_price":0,"market_ch_active":false,"market_ch_url":null,"market_ch_parent_url":"","market_ch_tax_rate":0,"market_ch_price_inc_tax":0,"market_ch_sale_price_inc_tax":0,"market_at_price":0,"market_at_sale_price":0,"market_at_active":false,"market_at_url":null,"market_at_parent_url":"","market_at_tax_rate":0,"market_at_price_inc_tax":0,"market_at_sale_price_inc_tax":0,"market_es_price":0,"market_es_sale_price":0,"market_es_active":false,"market_es_url":null,"market_es_parent_url":"","market_es_tax_rate":0,"market_es_price_inc_tax":0,"market_es_sale_price_inc_tax":0,"market_dk_price":0,"market_dk_sale_price":0,"market_dk_active":false,"market_dk_url":null,"market_dk_parent_url":"","market_dk_tax_rate":0,"market_dk_price_inc_tax":0,"market_dk_sale_price_inc_tax":0,"market_com_price":0,"market_com_sale_price":0,"market_com_active":false,"market_com_url":null,"market_com_parent_url":"","market_com_tax_rate":0,"market_com_price_inc_tax":0,"market_com_sale_price_inc_tax":0,"acf":[],"_links":{"self":[{"href":"https:\/\/www.pharmacy4pets.nl\/be\/wp-json\/wp\/v2\/product\/119600","targetHints":{"allow":["GET"]}}],"collection":[{"href":"https:\/\/www.pharmacy4pets.nl\/be\/wp-json\/wp\/v2\/product"}],"about":[{"href":"https:\/\/www.pharmacy4pets.nl\/be\/wp-json\/wp\/v2\/types\/product"}],"replies":[{"embeddable":true,"href":"https:\/\/www.pharmacy4pets.nl\/be\/wp-json\/wp\/v2\/comments?post=119600"}],"wp:featuredmedia":[{"embeddable":true,"href":"https:\/\/www.pharmacy4pets.nl\/be\/wp-json\/wp\/v2\/media\/119599"}],"wp:attachment":[{"href":"https:\/\/www.pharmacy4pets.nl\/be\/wp-json\/wp\/v2\/media?parent=119600"}],"wp:term":[{"taxonomy":"product_brand","embeddable":true,"href":"https:\/\/www.pharmacy4pets.nl\/be\/wp-json\/wp\/v2\/product_brand?post=119600"},{"taxonomy":"product_cat","embeddable":true,"href":"https:\/\/www.pharmacy4pets.nl\/be\/wp-json\/wp\/v2\/product_cat?post=119600"},{"taxonomy":"product_tag","embeddable":true,"href":"https:\/\/www.pharmacy4pets.nl\/be\/wp-json\/wp\/v2\/product_tag?post=119600"}],"curies":[{"name":"wp","href":"https:\/\/api.w.org\/{rel}","templated":true}]}}