{"id":119592,"date":"2022-08-16T15:14:28","date_gmt":"2022-08-16T15:14:28","guid":{"rendered":"https:\/\/p4p.test\/adaptil-calm-halsband"},"modified":"2026-03-25T12:02:28","modified_gmt":"2026-03-25T12:02:28","slug":"adaptil-calm-halsband","status":"publish","type":"product","link":"https:\/\/www.pharmacy4pets.nl\/be\/adaptil-calm-halsband","title":{"rendered":"Adaptil Calm halsband"},"content":{"rendered":"<p>De Adaptil Calm halsband werkt dankzij feromonen die een synstetische vorm zijn van \u201cDog Appeasing Pheromone&#8221;. Deze feromoon is een middel die lijkt op een hormoon die verspreidt wordt door de zogende moeder om haar pups gerust te stellen De halsband wordt sluitend om de nek geplaatst, zodat de lichaamstemperatuur de halsband kan verwarmeen en de verspreiding van de feromonen kan stimuleren in de directe omgeving.De halsband blijft 4 weken actief en kan gebruik worden tijdens de socialisering van pups, tijdens reizen, trianingen, of gedurende een tijd in een kennel.<\/p>\n<table style=\"\" border=\"1\">\n<thead>\n<tr>\n<td colspan=\"2\">\n<p class=\"bold\" style=\"text-align: center;\"><strong>Dosering<\/strong><\/p>\n<\/td>\n<\/tr>\n<\/thead>\n<tbody>\n<tr>\n<td style=\"text-align: left;\"><strong><em>Halsomvang<\/em><\/strong><\/td>\n<td style=\"text-align: left;\"><strong><em>Halsband<\/em><\/strong><\/td>\n<\/tr>\n<tr>\n<td>&lt; 37,5 cm<\/td>\n<td>\u00a0S<\/td>\n<\/tr>\n<tr>\n<td>37,5 &#8211; 62,5 cm<\/td>\n<td>M\/L<\/td>\n<\/tr>\n<\/tbody>\n<\/table>\n<p style=\"text-align: justify;\">\u00a0<\/p>\n","protected":false},"excerpt":{"rendered":"<p>De Adaptil Calm halsband werkt dankzij feromonen die een synstetische vorm zijn van \u201cDog Appeasing Pheromone&#8221;. Deze feromoon is een middel die lijkt op een hormoon die verspreidt wordt door de zogende moeder om haar pups gerust te stellen De halsband wordt sluitend om de nek geplaatst, zodat de lichaamstemperatuur de halsband kan verwarmeen en [&hellip;]<\/p>\n","protected":false},"featured_media":119589,"comment_status":"open","ping_status":"closed","template":"","meta":{"_acf_changed":false,"_nl_post_content":"<p>De Adaptil Calm halsband werkt dankzij feromonen die een synstetische vorm zijn van \u201cDog Appeasing Pheromone\". Deze feromoon is een middel die lijkt op een hormoon die verspreidt wordt door de zogende moeder om haar pups gerust te stellen De halsband wordt sluitend om de nek geplaatst, zodat de lichaamstemperatuur de halsband kan verwarmeen en de verspreiding van de feromonen kan stimuleren in de directe omgeving.De halsband blijft 4 weken actief en kan gebruik worden tijdens de socialisering van pups, tijdens reizen, trianingen, of gedurende een tijd in een kennel.<\/p>\r\n<table style=\"\" border=\"1\">\r\n<thead>\r\n<tr>\r\n<td colspan=\"2\">\r\n<p class=\"bold\" style=\"text-align: center;\"><strong>Dosering<\/strong><\/p>\r\n<\/td>\r\n<\/tr>\r\n<\/thead>\r\n<tbody>\r\n<tr>\r\n<td style=\"text-align: left;\"><strong><em>Halsomvang<\/em><\/strong><\/td>\r\n<td style=\"text-align: left;\"><strong><em>Halsband<\/em><\/strong><\/td>\r\n<\/tr>\r\n<tr>\r\n<td>&lt; 37,5 cm<\/td>\r\n<td>\u00a0S<\/td>\r\n<\/tr>\r\n<tr>\r\n<td>37,5 - 62,5 cm<\/td>\r\n<td>M\/L<\/td>\r\n<\/tr>\r\n<\/tbody>\r\n<\/table>\r\n<p style=\"text-align: justify;\">\u00a0<\/p>","_nl_post_name":"adaptil-calm-halsband","_nl_post_excerpt":"","_nl_post_title":"Adaptil Calm halsband","_en_post_content":"<p style=\"text-align: justify;\">The Adaptil collar works on basis of pheromones, which are a synthetic form of the ' Dog Appeasing Pheromone '. This pheromone is a hormone-like substance produced by lactating mothers to calm her puppies. The collar needs to fit closely around the neck, so that the body temperature of the dog warms the collar up and stimulates the diffusion of pheromones. The collar works for 4 weeks and can be used for socialization of puppies, travelling with your pet, training and kennel visits.<\/p>\r\n<table style=\"\" border=\"1\">\r\n<thead>\r\n<tr>\r\n<td colspan=\"2\">\r\n<p class=\"bold\" style=\"text-align: center;\"><strong>Dosage<\/strong><\/p>\r\n<\/td>\r\n<\/tr>\r\n<\/thead>\r\n<tbody>\r\n<tr>\r\n<td style=\"text-align: left;\"><strong><em>Neck circumference<\/em><\/strong><\/td>\r\n<td style=\"text-align: left;\"><strong><em>Collar<\/em><\/strong><\/td>\r\n<\/tr>\r\n<tr>\r\n<td>&lt; 37,5 cm<\/td>\r\n<td>\u00a0S<\/td>\r\n<\/tr>\r\n<tr>\r\n<td>37,5 - 62,5 cm<\/td>\r\n<td>\u00a0M\/L<\/td>\r\n<\/tr>\r\n<\/tbody>\r\n<\/table>\r\n<p style=\"text-align: justify;\">\u00a0<\/p>","_en_post_name":"adaptil-calm-collar","_en_post_excerpt":"","_en_post_title":"Adaptil Calm collar","_de_post_content":"<p style=\"text-align: justify;\">Das Adaptil Calm Halsband arbeitet auf Basis von Pheromonen, die eine synthetische Form des \"Hund Beruhigung Pheromon\" sind. Dieses Pheromon ist eine hormon\u00e4hnliche Substanz, die von s\u00e4ugende H\u00fcndinnen produziert wird um ihre Welpen zu beruhigen. Das Halsband musst passend um den Hals gesetzt werden, so dass die K\u00f6rpertemperatur des Hundes das Halsband w\u00e4rmt und die Verbreitung der Pheromone f\u00f6rdert. Das Halsband ist 4 Wochen wirksam und kann verwendet werden f\u00fcr die Sozialisierung der Welpen, Reisen mit Ihrem Haustier und Hundetraining.<\/p>\r\n<table style=\"\" border=\"1\">\r\n<thead>\r\n<tr>\r\n<td colspan=\"2\">\r\n<p class=\"bold\" style=\"text-align: center;\"><strong>Dosierung<\/strong><\/p>\r\n<\/td>\r\n<\/tr>\r\n<\/thead>\r\n<tbody>\r\n<tr>\r\n<td style=\"text-align: left;\"><strong><em>Halsumfang<\/em><\/strong><\/td>\r\n<td style=\"text-align: left;\"><b><i>Halsband<\/i><\/b><\/td>\r\n<\/tr>\r\n<tr>\r\n<td>&lt; 37,5 cm<\/td>\r\n<td>\u00a0S<\/td>\r\n<\/tr>\r\n<tr>\r\n<td>37,5 - 62,5 cm<\/td>\r\n<td>\u00a0M\/L<\/td>\r\n<\/tr>\r\n<\/tbody>\r\n<\/table>\r\n<p style=\"text-align: justify;\">\u00a0<\/p>","_de_post_name":"adaptil-calm-halsband","_de_post_excerpt":"","_de_post_title":"Adaptil Calm Halsband","_fr_post_content":"<p>Le collier Adaptil fonctionne gr\u00e2ce \u00e0 des ph\u00e9romones qui sont une forme synth\u00e9tique \u201cDog Appeasing Pheromone\". Cette ph\u00e9romone est une substance ressemblant \u00e0 une hormone qui est propag\u00e9e par les m\u00e8res allaitantes afin de calmer ses petits. Le collier se place autour du cou, afin que la temp\u00e9rature du corps r\u00e9chauffe le collier et stimule la diffusion des ph\u00e9romones dans la proximit\u00e9 imm\u00e9diate. Le collier reste actif quatre semaines et peut s\u2019utiliser lors de la socialisation des chiots, pendant un voyage, lors d\u2019entrainement et lors d\u2019un s\u00e9jour dans un chenil.<\/p>\r\n<table style=\"\" border=\"1\">\r\n<thead>\r\n<tr>\r\n<td colspan=\"2\">\r\n<p class=\"bold\" style=\"text-align: center;\"><strong>Dosage<\/strong><\/p>\r\n<\/td>\r\n<\/tr>\r\n<\/thead>\r\n<tbody>\r\n<tr>\r\n<td style=\"text-align: left;\"><strong><em>Contour du cou<\/em><\/strong><\/td>\r\n<td style=\"text-align: left;\"><strong><em>Collier<\/em><\/strong><\/td>\r\n<\/tr>\r\n<tr>\r\n<td>&lt; 37,5 cm<\/td>\r\n<td>\u00a0S<\/td>\r\n<\/tr>\r\n<tr>\r\n<td>37,5 - 62,5 cm<\/td>\r\n<td>\u00a0M\/L<\/td>\r\n<\/tr>\r\n<\/tbody>\r\n<\/table>\r\n<p>\u00a0<\/p>","_fr_post_name":"adaptil-calm-collier","_fr_post_excerpt":"","_fr_post_title":"Adaptil Calm collier","_es_post_content":"<p>El collar Adaptil funciona debido a las feromonas de una forma sint\u00e9tica\u00a0 de las \u201cFeromonas de Apaciguamiento canino\u201d. Dicha feromona es una sustancia que se parece a una hormona que se propaga por las hembras lactantes para tranquilizar a los cachorros. El collar se coloca y se ajuste en el cuello del perro, de modo que la temperatura corporal pueda calentar el collar y estimular la difusi\u00f3n de feromonas al entorno directo. El efecto del collar dura 4 semanas y se puede utilizar durante el periodo de socializaci\u00f3n de los cachorros, los viajes, los entrenamientos o durante una estancia en una perrera.<\/p>\r\n<table style=\"\" border=\"1\">\r\n<thead>\r\n<tr>\r\n<td colspan=\"2\">\r\n<p class=\"bold\" style=\"text-align: center;\"><strong>Dosificaci\u00f3n<\/strong><\/p>\r\n<\/td>\r\n<\/tr>\r\n<\/thead>\r\n<tbody>\r\n<tr>\r\n<td style=\"text-align: left;\"><strong><em>Medida del cuello<\/em><\/strong><\/td>\r\n<td style=\"text-align: left;\"><strong><em>Collar<\/em><\/strong><\/td>\r\n<\/tr>\r\n<tr>\r\n<td>&lt; 37,5 cm<\/td>\r\n<td>\u00a0S<\/td>\r\n<\/tr>\r\n<tr>\r\n<td>37,5 - 62,5 cm<\/td>\r\n<td>\u00a0M\/L<\/td>\r\n<\/tr>\r\n<\/tbody>\r\n<\/table>\r\n<p>\u00a0<\/p>","_es_post_name":"adaptil-calm-collar","_es_post_excerpt":"","_es_post_title":"Adaptil Calm collar","edit_language":"nl"},"product_brand":[],"product_cat":[1899,1984,1122,1117,1839,1857,1481,1480,1854],"product_tag":[],"class_list":{"0":"post-119592","1":"product","2":"type-product","3":"status-publish","4":"has-post-thumbnail","6":"product_cat-adaptil","7":"product_cat-angst-stress","8":"product_cat-hond-2","9":"product_cat-honden","10":"product_cat-medicijnen-supplementen","11":"product_cat-merken","12":"product_cat-natuurlijke-pijnstillers","13":"product_cat-pijnbestrijding-0","14":"product_cat-zenuwstelsel","15":"pa_aandoening-gedrag","16":"pa_doeldier-hond","17":"pa_fabricatieland-frankrijk","18":"pa_merkfilter-adaptil","19":"pa_merkgroep-ceva","20":"pa_productsoort-overig","21":"pa_seo_canonical_store_id-not_found_value","22":"pa_seo_category-not_found_value","23":"pa_seo_meta_robots-not_found_value","24":"pa_toedieningswijze-halsband","25":"pa_werkzamestof-overig","27":"first","28":"instock","29":"taxable","30":"shipping-taxable","31":"product-type-grouped"},"yoast_head":"<!-- This site is optimized with the Yoast SEO plugin v27.5 - https:\/\/yoast.com\/product\/yoast-seo-wordpress\/ -->\n<title>Adaptil Calm halsband<\/title>\n<meta name=\"robots\" content=\"index, follow, max-snippet:-1, max-image-preview:large, max-video-preview:-1\" \/>\n<link rel=\"canonical\" href=\"https:\/\/p4p-nl.bootmine.com\/%product-slug%\/adaptil-calm-halsband\" \/>\n<meta property=\"og:locale\" content=\"nl_NL\" \/>\n<meta property=\"og:type\" content=\"article\" \/>\n<meta property=\"og:title\" content=\"Adaptil Calm halsband\" \/>\n<meta property=\"og:description\" content=\"De Adaptil Calm halsband werkt dankzij feromonen die een synstetische vorm zijn van \u201cDog Appeasing Pheromone&#8221;. Deze feromoon is een middel die lijkt op een hormoon die verspreidt wordt door de zogende moeder om haar pups gerust te stellen De halsband wordt sluitend om de nek geplaatst, zodat de lichaamstemperatuur de halsband kan verwarmeen en [&hellip;]\" \/>\n<meta property=\"og:url\" content=\"https:\/\/p4p-nl.bootmine.com\/%product-slug%\/adaptil-calm-halsband\" \/>\n<meta property=\"og:site_name\" content=\"Pharmacy4pets\" \/>\n<meta property=\"article:publisher\" content=\"https:\/\/www.facebook.com\/people\/Pharmacy4petsnl\/100063484989896\/\" \/>\n<meta property=\"article:modified_time\" content=\"2026-03-25T12:02:28+00:00\" \/>\n<meta property=\"og:image\" content=\"https:\/\/p4p-nl.bootmine.com\/wp-content\/uploads\/2022\/08\/99394.jpg\" \/>\n\t<meta property=\"og:image:width\" content=\"600\" \/>\n\t<meta property=\"og:image:height\" content=\"600\" \/>\n\t<meta property=\"og:image:type\" content=\"image\/jpeg\" \/>\n<meta name=\"twitter:card\" content=\"summary_large_image\" \/>\n<meta name=\"twitter:label1\" content=\"Geschatte leestijd\" \/>\n\t<meta name=\"twitter:data1\" content=\"1 minuut\" \/>\n<script type=\"application\/ld+json\" class=\"yoast-schema-graph\">{\"@context\":\"https:\\\/\\\/schema.org\",\"@graph\":[{\"@type\":\"WebPage\",\"@id\":\"https:\\\/\\\/p4p-nl.bootmine.com\\\/%product-slug%\\\/adaptil-calm-halsband\",\"url\":\"https:\\\/\\\/p4p-nl.bootmine.com\\\/%product-slug%\\\/adaptil-calm-halsband\",\"name\":\"Adaptil Calm halsband\",\"isPartOf\":{\"@id\":\"http:\\\/\\\/www.pharmacy4pets.nl\\\/#website\"},\"primaryImageOfPage\":{\"@id\":\"https:\\\/\\\/p4p-nl.bootmine.com\\\/%product-slug%\\\/adaptil-calm-halsband#primaryimage\"},\"image\":{\"@id\":\"https:\\\/\\\/p4p-nl.bootmine.com\\\/%product-slug%\\\/adaptil-calm-halsband#primaryimage\"},\"thumbnailUrl\":\"https:\\\/\\\/www.pharmacy4pets.nl\\\/wp-content\\\/uploads\\\/2022\\\/08\\\/99394.jpg\",\"datePublished\":\"2022-08-16T15:14:28+00:00\",\"dateModified\":\"2026-03-25T12:02:28+00:00\",\"breadcrumb\":{\"@id\":\"https:\\\/\\\/p4p-nl.bootmine.com\\\/%product-slug%\\\/adaptil-calm-halsband#breadcrumb\"},\"inLanguage\":\"nl-NL\",\"potentialAction\":[{\"@type\":\"ReadAction\",\"target\":[\"https:\\\/\\\/p4p-nl.bootmine.com\\\/%product-slug%\\\/adaptil-calm-halsband\"]}]},{\"@type\":\"ImageObject\",\"inLanguage\":\"nl-NL\",\"@id\":\"https:\\\/\\\/p4p-nl.bootmine.com\\\/%product-slug%\\\/adaptil-calm-halsband#primaryimage\",\"url\":\"https:\\\/\\\/www.pharmacy4pets.nl\\\/wp-content\\\/uploads\\\/2022\\\/08\\\/99394.jpg\",\"contentUrl\":\"https:\\\/\\\/www.pharmacy4pets.nl\\\/wp-content\\\/uploads\\\/2022\\\/08\\\/99394.jpg\",\"width\":600,\"height\":600,\"caption\":\"Adaptil Calm\"},{\"@type\":\"BreadcrumbList\",\"@id\":\"https:\\\/\\\/p4p-nl.bootmine.com\\\/%product-slug%\\\/adaptil-calm-halsband#breadcrumb\",\"itemListElement\":[{\"@type\":\"ListItem\",\"position\":1,\"name\":\"Home\",\"item\":\"https:\\\/\\\/p4p-nl.bootmine.com\\\/\"},{\"@type\":\"ListItem\",\"position\":2,\"name\":\"Winkel\",\"item\":\"https:\\\/\\\/p4p-nl.bootmine.com\\\/winkel\"},{\"@type\":\"ListItem\",\"position\":3,\"name\":\"Adaptil Calm halsband\"}]},{\"@type\":\"WebSite\",\"@id\":\"http:\\\/\\\/www.pharmacy4pets.nl\\\/#website\",\"url\":\"http:\\\/\\\/www.pharmacy4pets.nl\\\/\",\"name\":\"Pharmacy4pets\",\"description\":\"Pharmacy4pets.nl is d\u00e9 online apotheek waar u terecht kunt voor alle diergeneesmiddelen, verzorgingsproducten en dieetvoeding voor uw huisdier.\",\"publisher\":{\"@id\":\"http:\\\/\\\/www.pharmacy4pets.nl\\\/#organization\"},\"potentialAction\":[{\"@type\":\"SearchAction\",\"target\":{\"@type\":\"EntryPoint\",\"urlTemplate\":\"http:\\\/\\\/www.pharmacy4pets.nl\\\/?s={search_term_string}\"},\"query-input\":{\"@type\":\"PropertyValueSpecification\",\"valueRequired\":true,\"valueName\":\"search_term_string\"}}],\"inLanguage\":\"nl-NL\"},{\"@type\":\"Organization\",\"@id\":\"http:\\\/\\\/www.pharmacy4pets.nl\\\/#organization\",\"name\":\"Pharmacy4pets\",\"url\":\"http:\\\/\\\/www.pharmacy4pets.nl\\\/\",\"logo\":{\"@type\":\"ImageObject\",\"inLanguage\":\"nl-NL\",\"@id\":\"http:\\\/\\\/www.pharmacy4pets.nl\\\/#\\\/schema\\\/logo\\\/image\\\/\",\"url\":\"https:\\\/\\\/p4p-nl.bootmine.com\\\/wp-content\\\/uploads\\\/2026\\\/03\\\/logo-pharmacy4pets.png\",\"contentUrl\":\"https:\\\/\\\/p4p-nl.bootmine.com\\\/wp-content\\\/uploads\\\/2026\\\/03\\\/logo-pharmacy4pets.png\",\"width\":1024,\"height\":135,\"caption\":\"Pharmacy4pets\"},\"image\":{\"@id\":\"http:\\\/\\\/www.pharmacy4pets.nl\\\/#\\\/schema\\\/logo\\\/image\\\/\"},\"sameAs\":[\"https:\\\/\\\/www.facebook.com\\\/people\\\/Pharmacy4petsnl\\\/100063484989896\\\/\",\"https:\\\/\\\/www.youtube.com\\\/channel\\\/UCGPTIgucgli03tP2_kvLkHg\\\/featured\",\"https:\\\/\\\/www.instagram.com\\\/pharmacy4pets.nl\"]}]}<\/script>\n<!-- \/ Yoast SEO plugin. -->","yoast_head_json":{"title":"Adaptil Calm halsband","robots":{"index":"index","follow":"follow","max-snippet":"max-snippet:-1","max-image-preview":"max-image-preview:large","max-video-preview":"max-video-preview:-1"},"canonical":"https:\/\/p4p-nl.bootmine.com\/%product-slug%\/adaptil-calm-halsband","og_locale":"nl_NL","og_type":"article","og_title":"Adaptil Calm halsband","og_description":"De Adaptil Calm halsband werkt dankzij feromonen die een synstetische vorm zijn van \u201cDog Appeasing Pheromone&#8221;. Deze feromoon is een middel die lijkt op een hormoon die verspreidt wordt door de zogende moeder om haar pups gerust te stellen De halsband wordt sluitend om de nek geplaatst, zodat de lichaamstemperatuur de halsband kan verwarmeen en [&hellip;]","og_url":"https:\/\/p4p-nl.bootmine.com\/%product-slug%\/adaptil-calm-halsband","og_site_name":"Pharmacy4pets","article_publisher":"https:\/\/www.facebook.com\/people\/Pharmacy4petsnl\/100063484989896\/","article_modified_time":"2026-03-25T12:02:28+00:00","og_image":[{"width":600,"height":600,"url":"https:\/\/p4p-nl.bootmine.com\/wp-content\/uploads\/2022\/08\/99394.jpg","type":"image\/jpeg"}],"twitter_card":"summary_large_image","twitter_misc":{"Geschatte leestijd":"1 minuut"},"schema":{"@context":"https:\/\/schema.org","@graph":[{"@type":"WebPage","@id":"https:\/\/p4p-nl.bootmine.com\/%product-slug%\/adaptil-calm-halsband","url":"https:\/\/p4p-nl.bootmine.com\/%product-slug%\/adaptil-calm-halsband","name":"Adaptil Calm halsband","isPartOf":{"@id":"http:\/\/www.pharmacy4pets.nl\/#website"},"primaryImageOfPage":{"@id":"https:\/\/p4p-nl.bootmine.com\/%product-slug%\/adaptil-calm-halsband#primaryimage"},"image":{"@id":"https:\/\/p4p-nl.bootmine.com\/%product-slug%\/adaptil-calm-halsband#primaryimage"},"thumbnailUrl":"https:\/\/www.pharmacy4pets.nl\/wp-content\/uploads\/2022\/08\/99394.jpg","datePublished":"2022-08-16T15:14:28+00:00","dateModified":"2026-03-25T12:02:28+00:00","breadcrumb":{"@id":"https:\/\/p4p-nl.bootmine.com\/%product-slug%\/adaptil-calm-halsband#breadcrumb"},"inLanguage":"nl-NL","potentialAction":[{"@type":"ReadAction","target":["https:\/\/p4p-nl.bootmine.com\/%product-slug%\/adaptil-calm-halsband"]}]},{"@type":"ImageObject","inLanguage":"nl-NL","@id":"https:\/\/p4p-nl.bootmine.com\/%product-slug%\/adaptil-calm-halsband#primaryimage","url":"https:\/\/www.pharmacy4pets.nl\/wp-content\/uploads\/2022\/08\/99394.jpg","contentUrl":"https:\/\/www.pharmacy4pets.nl\/wp-content\/uploads\/2022\/08\/99394.jpg","width":600,"height":600,"caption":"Adaptil Calm"},{"@type":"BreadcrumbList","@id":"https:\/\/p4p-nl.bootmine.com\/%product-slug%\/adaptil-calm-halsband#breadcrumb","itemListElement":[{"@type":"ListItem","position":1,"name":"Home","item":"https:\/\/p4p-nl.bootmine.com\/"},{"@type":"ListItem","position":2,"name":"Winkel","item":"https:\/\/p4p-nl.bootmine.com\/winkel"},{"@type":"ListItem","position":3,"name":"Adaptil Calm halsband"}]},{"@type":"WebSite","@id":"http:\/\/www.pharmacy4pets.nl\/#website","url":"http:\/\/www.pharmacy4pets.nl\/","name":"Pharmacy4pets","description":"Pharmacy4pets.nl is d\u00e9 online apotheek waar u terecht kunt voor alle diergeneesmiddelen, verzorgingsproducten en dieetvoeding voor uw huisdier.","publisher":{"@id":"http:\/\/www.pharmacy4pets.nl\/#organization"},"potentialAction":[{"@type":"SearchAction","target":{"@type":"EntryPoint","urlTemplate":"http:\/\/www.pharmacy4pets.nl\/?s={search_term_string}"},"query-input":{"@type":"PropertyValueSpecification","valueRequired":true,"valueName":"search_term_string"}}],"inLanguage":"nl-NL"},{"@type":"Organization","@id":"http:\/\/www.pharmacy4pets.nl\/#organization","name":"Pharmacy4pets","url":"http:\/\/www.pharmacy4pets.nl\/","logo":{"@type":"ImageObject","inLanguage":"nl-NL","@id":"http:\/\/www.pharmacy4pets.nl\/#\/schema\/logo\/image\/","url":"https:\/\/p4p-nl.bootmine.com\/wp-content\/uploads\/2026\/03\/logo-pharmacy4pets.png","contentUrl":"https:\/\/p4p-nl.bootmine.com\/wp-content\/uploads\/2026\/03\/logo-pharmacy4pets.png","width":1024,"height":135,"caption":"Pharmacy4pets"},"image":{"@id":"http:\/\/www.pharmacy4pets.nl\/#\/schema\/logo\/image\/"},"sameAs":["https:\/\/www.facebook.com\/people\/Pharmacy4petsnl\/100063484989896\/","https:\/\/www.youtube.com\/channel\/UCGPTIgucgli03tP2_kvLkHg\/featured","https:\/\/www.instagram.com\/pharmacy4pets.nl"]}]}},"market_data":{"nl":{"price":0,"sale_price":0,"active":false,"url":null,"parent_url":"","tax_rate":0,"price_inc_tax":0,"sale_price_inc_tax":0},"de":{"price":0,"sale_price":0,"active":false,"url":null,"parent_url":"","tax_rate":0,"price_inc_tax":0,"sale_price_inc_tax":0},"be":{"price":0,"sale_price":0,"active":false,"url":null,"parent_url":"","tax_rate":0,"price_inc_tax":0,"sale_price_inc_tax":0},"fr":{"price":0,"sale_price":0,"active":false,"url":null,"parent_url":"","tax_rate":0,"price_inc_tax":0,"sale_price_inc_tax":0},"ch":{"price":0,"sale_price":0,"active":false,"url":null,"parent_url":"","tax_rate":0,"price_inc_tax":0,"sale_price_inc_tax":0},"at":{"price":0,"sale_price":0,"active":false,"url":null,"parent_url":"","tax_rate":0,"price_inc_tax":0,"sale_price_inc_tax":0},"es":{"price":0,"sale_price":0,"active":false,"url":null,"parent_url":"","tax_rate":0,"price_inc_tax":0,"sale_price_inc_tax":0},"dk":{"price":0,"sale_price":0,"active":false,"url":null,"parent_url":"","tax_rate":0,"price_inc_tax":0,"sale_price_inc_tax":0},"com":{"price":0,"sale_price":0,"active":false,"url":null,"parent_url":"","tax_rate":0,"price_inc_tax":0,"sale_price_inc_tax":0}},"market_nl_price":0,"market_nl_sale_price":0,"market_nl_active":false,"market_nl_url":null,"market_nl_parent_url":"","market_nl_tax_rate":0,"market_nl_price_inc_tax":0,"market_nl_sale_price_inc_tax":0,"market_de_price":0,"market_de_sale_price":0,"market_de_active":false,"market_de_url":null,"market_de_parent_url":"","market_de_tax_rate":0,"market_de_price_inc_tax":0,"market_de_sale_price_inc_tax":0,"market_be_price":0,"market_be_sale_price":0,"market_be_active":false,"market_be_url":null,"market_be_parent_url":"","market_be_tax_rate":0,"market_be_price_inc_tax":0,"market_be_sale_price_inc_tax":0,"market_fr_price":0,"market_fr_sale_price":0,"market_fr_active":false,"market_fr_url":null,"market_fr_parent_url":"","market_fr_tax_rate":0,"market_fr_price_inc_tax":0,"market_fr_sale_price_inc_tax":0,"market_ch_price":0,"market_ch_sale_price":0,"market_ch_active":false,"market_ch_url":null,"market_ch_parent_url":"","market_ch_tax_rate":0,"market_ch_price_inc_tax":0,"market_ch_sale_price_inc_tax":0,"market_at_price":0,"market_at_sale_price":0,"market_at_active":false,"market_at_url":null,"market_at_parent_url":"","market_at_tax_rate":0,"market_at_price_inc_tax":0,"market_at_sale_price_inc_tax":0,"market_es_price":0,"market_es_sale_price":0,"market_es_active":false,"market_es_url":null,"market_es_parent_url":"","market_es_tax_rate":0,"market_es_price_inc_tax":0,"market_es_sale_price_inc_tax":0,"market_dk_price":0,"market_dk_sale_price":0,"market_dk_active":false,"market_dk_url":null,"market_dk_parent_url":"","market_dk_tax_rate":0,"market_dk_price_inc_tax":0,"market_dk_sale_price_inc_tax":0,"market_com_price":0,"market_com_sale_price":0,"market_com_active":false,"market_com_url":null,"market_com_parent_url":"","market_com_tax_rate":0,"market_com_price_inc_tax":0,"market_com_sale_price_inc_tax":0,"acf":[],"_links":{"self":[{"href":"https:\/\/www.pharmacy4pets.nl\/be\/wp-json\/wp\/v2\/product\/119592","targetHints":{"allow":["GET"]}}],"collection":[{"href":"https:\/\/www.pharmacy4pets.nl\/be\/wp-json\/wp\/v2\/product"}],"about":[{"href":"https:\/\/www.pharmacy4pets.nl\/be\/wp-json\/wp\/v2\/types\/product"}],"replies":[{"embeddable":true,"href":"https:\/\/www.pharmacy4pets.nl\/be\/wp-json\/wp\/v2\/comments?post=119592"}],"wp:featuredmedia":[{"embeddable":true,"href":"https:\/\/www.pharmacy4pets.nl\/be\/wp-json\/wp\/v2\/media\/119589"}],"wp:attachment":[{"href":"https:\/\/www.pharmacy4pets.nl\/be\/wp-json\/wp\/v2\/media?parent=119592"}],"wp:term":[{"taxonomy":"product_brand","embeddable":true,"href":"https:\/\/www.pharmacy4pets.nl\/be\/wp-json\/wp\/v2\/product_brand?post=119592"},{"taxonomy":"product_cat","embeddable":true,"href":"https:\/\/www.pharmacy4pets.nl\/be\/wp-json\/wp\/v2\/product_cat?post=119592"},{"taxonomy":"product_tag","embeddable":true,"href":"https:\/\/www.pharmacy4pets.nl\/be\/wp-json\/wp\/v2\/product_tag?post=119592"}],"curies":[{"name":"wp","href":"https:\/\/api.w.org\/{rel}","templated":true}]}}