{"id":119580,"date":"2022-07-08T11:19:31","date_gmt":"2022-07-08T11:19:31","guid":{"rendered":"https:\/\/p4p.test\/bogar-bogaclean-tick-off-twister"},"modified":"2026-03-25T12:02:25","modified_gmt":"2026-03-25T12:02:25","slug":"bogar-bogaclean-tick-off-twister","status":"publish","type":"product","link":"https:\/\/www.pharmacy4pets.nl\/be\/bogar-bogaclean-tick-off-twister","title":{"rendered":"Bogaclean Tick-Off twister tekentang"},"content":{"rendered":"<p>Bogaclean Tick-Off tekentang van het merk Bogar voor de eenvoudige en veilige verwijdering van teken. De tang heeft een terugstelveer waardoor de teek automatisch wordt vastgeklemd. Geen onnodig gebruik van kracht op het lichaam van de teek om stress en het vrijkomen van gevaarlijke ziekteverwekkers te voorkomen. De Bogaclean Tick-Off is een absoluut pijnvrij middel voor het huisdier.<\/p>\n<p>Teken kunnen gevaarlijke ziekteverwekkers overbrengen. Zij moeten daarom zo snel mogelijk worden verwijderd met behulp van de Bogaclean Tick-Off tekentang. In geen enkel geval moet u olie, nagellak of andere vloeistoffen op de teek gebruiken aangezien deze anders gevaarlijke ziekteverwekkers vrij kunnen laten in de bloedbaan als een stressreactie van de teek.<\/p>\n<p>Leg de verwijderde teek in een stuk van gevouwen papier en verpletter met een hard object. De teek niet in de afvoer\/wc wegspoelen aangezien dit de teek niet doodt. Teken zijn meesters van het overleven, zelfs onder water. Na het verwijderen van de teek, het gebeten gebied desinfecteren.<\/p>\n<p><span style=\"text-decoration: underline;\">Toediening:<br \/><\/span>Scheidt het haar rondom de teek. Pak de teek met de Bogaclean Tick-Off tekentang zo dicht mogelijk bij de huid zonder te knijpen. Verwijder de teek verticaal op een langzame en gecontroleerde manier.<\/p>\n<p><span style=\"text-decoration: underline;\">Dosering:<br \/><\/span>&#8211;<\/p>\n<p><span style=\"text-decoration: underline;\">Verpakking:<br \/><\/span>1 stuk.<\/p>\n","protected":false},"excerpt":{"rendered":"<p>Bogaclean Tick-Off tekentang van het merk Bogar voor de eenvoudige en veilige verwijdering van teken. De tang heeft een terugstelveer waardoor de teek automatisch wordt vastgeklemd. Geen onnodig gebruik van kracht op het lichaam van de teek om stress en het vrijkomen van gevaarlijke ziekteverwekkers te voorkomen. De Bogaclean Tick-Off is een absoluut pijnvrij middel [&hellip;]<\/p>\n","protected":false},"featured_media":119579,"comment_status":"open","ping_status":"closed","template":"","meta":{"_acf_changed":false,"_nl_post_content":"<p>Bogaclean Tick-Off tekentang van het merk Bogar voor de eenvoudige en veilige verwijdering van teken. De tang heeft een terugstelveer waardoor de teek automatisch wordt vastgeklemd. Geen onnodig gebruik van kracht op het lichaam van de teek om stress en het vrijkomen van gevaarlijke ziekteverwekkers te voorkomen. De Bogaclean Tick-Off is een absoluut pijnvrij middel voor het huisdier.<\/p>\r\n<p>Teken kunnen gevaarlijke ziekteverwekkers overbrengen. Zij moeten daarom zo snel mogelijk worden verwijderd met behulp van de Bogaclean Tick-Off tekentang. In geen enkel geval moet u olie, nagellak of andere vloeistoffen op de teek gebruiken aangezien deze anders gevaarlijke ziekteverwekkers vrij kunnen laten in de bloedbaan als een stressreactie van de teek.<\/p>\r\n<p>Leg de verwijderde teek in een stuk van gevouwen papier en verpletter met een hard object. De teek niet in de afvoer\/wc wegspoelen aangezien dit de teek niet doodt. Teken zijn meesters van het overleven, zelfs onder water. Na het verwijderen van de teek, het gebeten gebied desinfecteren.<\/p>\r\n<p><span style=\"text-decoration: underline;\">Toediening:<br \/><\/span>Scheidt het haar rondom de teek. Pak de teek met de Bogaclean Tick-Off tekentang zo dicht mogelijk bij de huid zonder te knijpen. Verwijder de teek verticaal op een langzame en gecontroleerde manier.<\/p>\r\n<p><span style=\"text-decoration: underline;\">Dosering:<br \/><\/span>-<\/p>\r\n<p><span style=\"text-decoration: underline;\">Verpakking:<br \/><\/span>1 stuk.<\/p>","_nl_post_name":"bogar-bogaclean-tick-off-twister","_nl_post_excerpt":"","_nl_post_title":"Bogaclean Tick-Off twister tekentang","_en_post_content":"<p>Bogaclean Tick-Off tick forceps of the brand Bogar for the easy and safe removal of ticks. The tongs have a return spring which automatically clamps the tick in place. No unnecessary use of force on the tick's body to avoid stress and the release of dangerous pathogens. The Bogaclean Tick-Off is an absolute painless remedy for the pet.<\/p>\r\n<p>Ticks can transmit dangerous pathogens. They should therefore be removed as quickly as possible using the Bogaclean Tick-Off tick remover. Under no circumstances should you use oil, nail polish or other liquids on the tick as these may release dangerous pathogens into the bloodstream as a stress reaction of the tick.<\/p>\r\n<p>Place the removed tick in a piece of folded paper and crush with a hard object. Do not flush the tick down the drain\/toilet as this will not kill it. Ticks are masters of survival, even under water. After removing the tick, disinfect the bitten area.<\/p>\r\n<p>Administration:<br \/>Separate the hair around the tick. Grab the tick with the Bogaclean Tick-Off tick forceps as close to the skin as possible without squeezing. Remove the tick vertically in a slow and controlled way.<\/p>\r\n<p>Packaging:<br \/>1 piece.<\/p>","_en_post_name":"bogar-bogaclean-tick-off-twister","_en_post_excerpt":"","_en_post_title":"Bogaclean Tick-Off twister tick forceps","_de_post_content":"<p>Bogaclean Tick-Off Zeckenzange der Marke Bogar f\u00fcr die einfache und sichere Entfernung von Zecken. Die Zange hat eine R\u00fcckholfeder, die die Zecke automatisch festklemmt. Keine unn\u00f6tige Gewaltanwendung auf den K\u00f6rper der Zecke, um Stress und die Freisetzung gef\u00e4hrlicher Krankheitserreger zu vermeiden. Das Bogaclean Tick-Off ist ein absolut schmerzfreies Mittel f\u00fcr das Haustier.<\/p>\r\n<p>Zecken k\u00f6nnen gef\u00e4hrliche Krankheitserreger \u00fcbertragen. Sie sollten daher so schnell wie m\u00f6glich mit dem Bogaclean Tick-Off-Zeckenentferner entfernt werden. Keinesfalls sollten Sie \u00d6l, Nagellack oder andere Fl\u00fcssigkeiten auf die Zecke auftragen, da diese als Stressreaktion der Zecke gef\u00e4hrliche Krankheitserreger in die Blutbahn abgeben k\u00f6nnen.<\/p>\r\n<p>Legen Sie die entfernte Zecke in ein St\u00fcck gefaltetes Papier und zerdr\u00fccken Sie sie mit einem harten Gegenstand. Sp\u00fclen Sie die Zecke nicht in den Abfluss\/die Toilette, da sie dadurch nicht abget\u00f6tet wird. Zecken sind Meister des \u00dcberlebens, auch unter Wasser. Nach dem Entfernen der Zecke desinfizieren Sie die Bissstelle.<\/p>\r\n<p>Verwaltung:<br \/>Trennen Sie die Haare um die Zecke herum ab. Greifen Sie die Zecke mit der Bogaclean Tick-Off-Zeckenzange so nah wie m\u00f6glich an der Haut, ohne sie zu quetschen. Entfernen Sie die Zecke langsam und kontrolliert vertikal.<\/p>\r\n<p>Verpackung:<br \/>1 St\u00fcck.<\/p>","_de_post_name":"bogar-bogaclean-tick-off-twister","_de_post_excerpt":"","_de_post_title":"Bogaclean Tick-Off twister Zeckenzange","_fr_post_content":"<p>Pince \u00e0 tiques Bogaclean Tick-Off de la marque Bogar pour le retrait facile et s\u00fbr des tiques. La pince est dot\u00e9e d'un ressort de rappel qui maintient automatiquement la coche en place. Pas d'utilisation inutile de la force sur le corps de la tique pour \u00e9viter le stress et la lib\u00e9ration d'agents pathog\u00e8nes dangereux. Le Bogaclean Tick-Off est un rem\u00e8de absolument indolore pour l'animal.<\/p>\r\n<p>Les tiques peuvent transmettre des agents pathog\u00e8nes dangereux. Il convient donc de les \u00e9liminer le plus rapidement possible \u00e0 l'aide du produit Bogaclean Tick-Off. Il ne faut en aucun cas utiliser de l'huile, du vernis \u00e0 ongles ou d'autres liquides sur la tique, car ceux-ci peuvent lib\u00e9rer des agents pathog\u00e8nes dangereux dans la circulation sanguine par r\u00e9action de stress de la tique.<\/p>\r\n<p>Placez la tique retir\u00e9e dans un morceau de papier pli\u00e9 et \u00e9crasez-la avec un objet dur. Ne jetez pas la tique dans l'\u00e9gout\/les toilettes car cela ne la tuera pas. Les tiques sont des ma\u00eetres de la survie, m\u00eame sous l'eau. Apr\u00e8s avoir retir\u00e9 la tique, d\u00e9sinfectez la zone de la morsure.<\/p>\r\n<p>Administration :<br \/>S\u00e9parez les poils autour de la tique. Saisissez la tique avec la pince \u00e0 tiques Bogaclean Tick-Off aussi pr\u00e8s de la peau que possible, sans la serrer. Retirez la tique verticalement, de mani\u00e8re lente et contr\u00f4l\u00e9e.<\/p>\r\n<p>Emballage :<br \/>1 pi\u00e8ce.<\/p>","_fr_post_name":"bogar-bogaclean-tick-off-twister","_fr_post_excerpt":"","_fr_post_title":"Bogaclean Tick-Off twister pince \u00e0 tiques","_es_post_content":"<p>Pinzas para garrapatas Bogaclean Tick-Off de la marca Bogar para la eliminaci\u00f3n f\u00e1cil y segura de las garrapatas. Las pinzas tienen un muelle de retorno que sujeta autom\u00e1ticamente la garrapata. No hay que forzar el cuerpo de la garrapata para evitar el estr\u00e9s y la liberaci\u00f3n de pat\u00f3genos peligrosos. El Bogaclean Tick-Off es un remedio absolutamente indoloro para la mascota.<\/p>\r\n<p>Las garrapatas pueden transmitir pat\u00f3genos peligrosos. Por lo tanto, deben eliminarse lo antes posible con el eliminador de garrapatas Bogaclean Tick-Off. En ning\u00fan caso se debe utilizar aceite, esmalte de u\u00f1as u otros l\u00edquidos sobre la garrapata, ya que pueden liberar pat\u00f3genos peligrosos en el torrente sangu\u00edneo como reacci\u00f3n de estr\u00e9s de la garrapata.<\/p>\r\n<p>Coloque la garrapata extra\u00edda en un trozo de papel doblado y apl\u00e1stela con un objeto duro. No tire la garrapata por el desag\u00fce o el inodoro, ya que no la matar\u00e1. Las garrapatas son maestras de la supervivencia, incluso bajo el agua. Tras retirar la garrapata, desinfectar la zona de la picadura.<\/p>\r\n<p>Administraci\u00f3n:<br \/>Separar el pelo alrededor de la garrapata. Agarre la garrapata con la pinza para garrapatas Bogaclean Tick-Off lo m\u00e1s cerca posible de la piel sin apretar. Retire la garrapata verticalmente de forma lenta y controlada.<\/p>\r\n<p>Embalaje:<br \/>1 pieza.<\/p>","_es_post_name":"bogar-bogaclean-tick-off-twister-pinza-garrapatas","_es_post_excerpt":"","_es_post_title":"Bogaclean Tick-Off twister pinzas de garrapatas","edit_language":"nl"},"product_brand":[],"product_cat":[2209,1820,2028,2210,1821,1117,1118,2178,1857,1809,2177,2205,2184,1869,1836,2119,2181,1867,2203,1834],"product_tag":[],"class_list":{"0":"post-119580","1":"product","2":"type-product","3":"status-publish","4":"has-post-thumbnail","6":"product_cat-puppy-benodigdheden","7":"product_cat-benodigdheden","8":"product_cat-bogaclean","9":"product_cat-ehbo","11":"product_cat-honden","12":"product_cat-katten","13":"product_cat-kitten","14":"product_cat-merken","15":"product_cat-paarden","16":"product_cat-puppy","17":"product_cat-teken-puppy","18":"product_cat-teken","21":"product_cat-vliegen-teken-insecten","22":"product_cat-vlooien-teken-insecten","26":"pa_aandoening-teken","27":"pa_doeldier-hond","28":"pa_doeldier-kat","29":"pa_doeldier-kitten","30":"pa_doeldier-puppy","31":"pa_fabricatieland-zwitserland","32":"pa_merkfilter-bogaclean","33":"pa_merkgroep-bogar","34":"pa_productsoort-overig","35":"pa_seo_canonical_store_id-not_found_value","36":"pa_seo_category-not_found_value","37":"pa_seo_meta_robots-not_found_value","38":"pa_toedieningswijze-tekentang","39":"pa_unit_pricing_base_measure-1ct","40":"pa_unit_pricing_measure-1ct","41":"pa_werkzamestof-overig","43":"first","44":"instock","45":"taxable","46":"shipping-taxable","47":"purchasable","48":"product-type-simple"},"yoast_head":"<!-- This site is optimized with the Yoast SEO plugin v27.5 - https:\/\/yoast.com\/product\/yoast-seo-wordpress\/ -->\n<title>Bogaclean Tick-Off twister tekentang - Pharmacy4pets<\/title>\n<meta name=\"robots\" content=\"index, follow, max-snippet:-1, max-image-preview:large, max-video-preview:-1\" \/>\n<link rel=\"canonical\" href=\"https:\/\/www.pharmacy4pets.nl\/bogar-bogaclean-tick-off-twister\" \/>\n<meta property=\"og:locale\" content=\"nl_NL\" \/>\n<meta property=\"og:type\" content=\"article\" \/>\n<meta property=\"og:title\" content=\"Bogaclean Tick-Off twister tekentang - Pharmacy4pets\" \/>\n<meta property=\"og:description\" content=\"Bogaclean Tick-Off tekentang van het merk Bogar voor de eenvoudige en veilige verwijdering van teken. De tang heeft een terugstelveer waardoor de teek automatisch wordt vastgeklemd. Geen onnodig gebruik van kracht op het lichaam van de teek om stress en het vrijkomen van gevaarlijke ziekteverwekkers te voorkomen. De Bogaclean Tick-Off is een absoluut pijnvrij middel [&hellip;]\" \/>\n<meta property=\"og:url\" content=\"https:\/\/www.pharmacy4pets.nl\/bogar-bogaclean-tick-off-twister\" \/>\n<meta property=\"og:site_name\" content=\"Pharmacy4pets\" \/>\n<meta property=\"article:publisher\" content=\"https:\/\/www.facebook.com\/people\/Pharmacy4petsnl\/100063484989896\/\" \/>\n<meta property=\"article:modified_time\" content=\"2026-03-25T12:02:25+00:00\" \/>\n<meta property=\"og:image\" content=\"https:\/\/www.pharmacy4pets.nl\/wp-content\/uploads\/2022\/07\/25828.jpg\" \/>\n\t<meta property=\"og:image:width\" content=\"419\" \/>\n\t<meta property=\"og:image:height\" content=\"600\" \/>\n\t<meta property=\"og:image:type\" content=\"image\/jpeg\" \/>\n<meta name=\"twitter:card\" content=\"summary_large_image\" \/>\n<meta name=\"twitter:label1\" content=\"Geschatte leestijd\" \/>\n\t<meta name=\"twitter:data1\" content=\"1 minuut\" \/>\n<script type=\"application\/ld+json\" class=\"yoast-schema-graph\">{\"@context\":\"https:\\\/\\\/schema.org\",\"@graph\":[{\"@type\":\"WebPage\",\"@id\":\"https:\\\/\\\/www.pharmacy4pets.nl\\\/bogar-bogaclean-tick-off-twister\",\"url\":\"https:\\\/\\\/www.pharmacy4pets.nl\\\/bogar-bogaclean-tick-off-twister\",\"name\":\"Bogaclean Tick-Off twister tekentang - Pharmacy4pets\",\"isPartOf\":{\"@id\":\"http:\\\/\\\/www.pharmacy4pets.nl\\\/#website\"},\"primaryImageOfPage\":{\"@id\":\"https:\\\/\\\/www.pharmacy4pets.nl\\\/bogar-bogaclean-tick-off-twister#primaryimage\"},\"image\":{\"@id\":\"https:\\\/\\\/www.pharmacy4pets.nl\\\/bogar-bogaclean-tick-off-twister#primaryimage\"},\"thumbnailUrl\":\"https:\\\/\\\/www.pharmacy4pets.nl\\\/wp-content\\\/uploads\\\/2022\\\/07\\\/25828.jpg\",\"datePublished\":\"2022-07-08T11:19:31+00:00\",\"dateModified\":\"2026-03-25T12:02:25+00:00\",\"breadcrumb\":{\"@id\":\"https:\\\/\\\/www.pharmacy4pets.nl\\\/bogar-bogaclean-tick-off-twister#breadcrumb\"},\"inLanguage\":\"nl-NL\",\"potentialAction\":[{\"@type\":\"ReadAction\",\"target\":[\"https:\\\/\\\/www.pharmacy4pets.nl\\\/bogar-bogaclean-tick-off-twister\"]}]},{\"@type\":\"ImageObject\",\"inLanguage\":\"nl-NL\",\"@id\":\"https:\\\/\\\/www.pharmacy4pets.nl\\\/bogar-bogaclean-tick-off-twister#primaryimage\",\"url\":\"https:\\\/\\\/www.pharmacy4pets.nl\\\/wp-content\\\/uploads\\\/2022\\\/07\\\/25828.jpg\",\"contentUrl\":\"https:\\\/\\\/www.pharmacy4pets.nl\\\/wp-content\\\/uploads\\\/2022\\\/07\\\/25828.jpg\",\"width\":419,\"height\":600,\"caption\":\"Bogaclean\"},{\"@type\":\"BreadcrumbList\",\"@id\":\"https:\\\/\\\/www.pharmacy4pets.nl\\\/bogar-bogaclean-tick-off-twister#breadcrumb\",\"itemListElement\":[{\"@type\":\"ListItem\",\"position\":1,\"name\":\"Home\",\"item\":\"https:\\\/\\\/p4p-nl.bootmine.com\\\/\"},{\"@type\":\"ListItem\",\"position\":2,\"name\":\"Winkel\",\"item\":\"https:\\\/\\\/p4p-nl.bootmine.com\\\/winkel\"},{\"@type\":\"ListItem\",\"position\":3,\"name\":\"Bogaclean Tick-Off twister tekentang\"}]},{\"@type\":\"WebSite\",\"@id\":\"http:\\\/\\\/www.pharmacy4pets.nl\\\/#website\",\"url\":\"http:\\\/\\\/www.pharmacy4pets.nl\\\/\",\"name\":\"Pharmacy4pets\",\"description\":\"Pharmacy4pets.nl is d\u00e9 online apotheek waar u terecht kunt voor alle diergeneesmiddelen, verzorgingsproducten en dieetvoeding voor uw huisdier.\",\"publisher\":{\"@id\":\"http:\\\/\\\/www.pharmacy4pets.nl\\\/#organization\"},\"potentialAction\":[{\"@type\":\"SearchAction\",\"target\":{\"@type\":\"EntryPoint\",\"urlTemplate\":\"http:\\\/\\\/www.pharmacy4pets.nl\\\/?s={search_term_string}\"},\"query-input\":{\"@type\":\"PropertyValueSpecification\",\"valueRequired\":true,\"valueName\":\"search_term_string\"}}],\"inLanguage\":\"nl-NL\"},{\"@type\":\"Organization\",\"@id\":\"http:\\\/\\\/www.pharmacy4pets.nl\\\/#organization\",\"name\":\"Pharmacy4pets\",\"url\":\"http:\\\/\\\/www.pharmacy4pets.nl\\\/\",\"logo\":{\"@type\":\"ImageObject\",\"inLanguage\":\"nl-NL\",\"@id\":\"http:\\\/\\\/www.pharmacy4pets.nl\\\/#\\\/schema\\\/logo\\\/image\\\/\",\"url\":\"https:\\\/\\\/p4p-nl.bootmine.com\\\/wp-content\\\/uploads\\\/2026\\\/03\\\/logo-pharmacy4pets.png\",\"contentUrl\":\"https:\\\/\\\/p4p-nl.bootmine.com\\\/wp-content\\\/uploads\\\/2026\\\/03\\\/logo-pharmacy4pets.png\",\"width\":1024,\"height\":135,\"caption\":\"Pharmacy4pets\"},\"image\":{\"@id\":\"http:\\\/\\\/www.pharmacy4pets.nl\\\/#\\\/schema\\\/logo\\\/image\\\/\"},\"sameAs\":[\"https:\\\/\\\/www.facebook.com\\\/people\\\/Pharmacy4petsnl\\\/100063484989896\\\/\",\"https:\\\/\\\/www.youtube.com\\\/channel\\\/UCGPTIgucgli03tP2_kvLkHg\\\/featured\",\"https:\\\/\\\/www.instagram.com\\\/pharmacy4pets.nl\"]}]}<\/script>\n<!-- \/ Yoast SEO plugin. -->","yoast_head_json":{"title":"Bogaclean Tick-Off twister tekentang - Pharmacy4pets","robots":{"index":"index","follow":"follow","max-snippet":"max-snippet:-1","max-image-preview":"max-image-preview:large","max-video-preview":"max-video-preview:-1"},"canonical":"https:\/\/www.pharmacy4pets.nl\/bogar-bogaclean-tick-off-twister","og_locale":"nl_NL","og_type":"article","og_title":"Bogaclean Tick-Off twister tekentang - Pharmacy4pets","og_description":"Bogaclean Tick-Off tekentang van het merk Bogar voor de eenvoudige en veilige verwijdering van teken. De tang heeft een terugstelveer waardoor de teek automatisch wordt vastgeklemd. Geen onnodig gebruik van kracht op het lichaam van de teek om stress en het vrijkomen van gevaarlijke ziekteverwekkers te voorkomen. De Bogaclean Tick-Off is een absoluut pijnvrij middel [&hellip;]","og_url":"https:\/\/www.pharmacy4pets.nl\/bogar-bogaclean-tick-off-twister","og_site_name":"Pharmacy4pets","article_publisher":"https:\/\/www.facebook.com\/people\/Pharmacy4petsnl\/100063484989896\/","article_modified_time":"2026-03-25T12:02:25+00:00","og_image":[{"width":419,"height":600,"url":"https:\/\/www.pharmacy4pets.nl\/wp-content\/uploads\/2022\/07\/25828.jpg","type":"image\/jpeg"}],"twitter_card":"summary_large_image","twitter_misc":{"Geschatte leestijd":"1 minuut"},"schema":{"@context":"https:\/\/schema.org","@graph":[{"@type":"WebPage","@id":"https:\/\/www.pharmacy4pets.nl\/bogar-bogaclean-tick-off-twister","url":"https:\/\/www.pharmacy4pets.nl\/bogar-bogaclean-tick-off-twister","name":"Bogaclean Tick-Off twister tekentang - Pharmacy4pets","isPartOf":{"@id":"http:\/\/www.pharmacy4pets.nl\/#website"},"primaryImageOfPage":{"@id":"https:\/\/www.pharmacy4pets.nl\/bogar-bogaclean-tick-off-twister#primaryimage"},"image":{"@id":"https:\/\/www.pharmacy4pets.nl\/bogar-bogaclean-tick-off-twister#primaryimage"},"thumbnailUrl":"https:\/\/www.pharmacy4pets.nl\/wp-content\/uploads\/2022\/07\/25828.jpg","datePublished":"2022-07-08T11:19:31+00:00","dateModified":"2026-03-25T12:02:25+00:00","breadcrumb":{"@id":"https:\/\/www.pharmacy4pets.nl\/bogar-bogaclean-tick-off-twister#breadcrumb"},"inLanguage":"nl-NL","potentialAction":[{"@type":"ReadAction","target":["https:\/\/www.pharmacy4pets.nl\/bogar-bogaclean-tick-off-twister"]}]},{"@type":"ImageObject","inLanguage":"nl-NL","@id":"https:\/\/www.pharmacy4pets.nl\/bogar-bogaclean-tick-off-twister#primaryimage","url":"https:\/\/www.pharmacy4pets.nl\/wp-content\/uploads\/2022\/07\/25828.jpg","contentUrl":"https:\/\/www.pharmacy4pets.nl\/wp-content\/uploads\/2022\/07\/25828.jpg","width":419,"height":600,"caption":"Bogaclean"},{"@type":"BreadcrumbList","@id":"https:\/\/www.pharmacy4pets.nl\/bogar-bogaclean-tick-off-twister#breadcrumb","itemListElement":[{"@type":"ListItem","position":1,"name":"Home","item":"https:\/\/p4p-nl.bootmine.com\/"},{"@type":"ListItem","position":2,"name":"Winkel","item":"https:\/\/p4p-nl.bootmine.com\/winkel"},{"@type":"ListItem","position":3,"name":"Bogaclean Tick-Off twister tekentang"}]},{"@type":"WebSite","@id":"http:\/\/www.pharmacy4pets.nl\/#website","url":"http:\/\/www.pharmacy4pets.nl\/","name":"Pharmacy4pets","description":"Pharmacy4pets.nl is d\u00e9 online apotheek waar u terecht kunt voor alle diergeneesmiddelen, verzorgingsproducten en dieetvoeding voor uw huisdier.","publisher":{"@id":"http:\/\/www.pharmacy4pets.nl\/#organization"},"potentialAction":[{"@type":"SearchAction","target":{"@type":"EntryPoint","urlTemplate":"http:\/\/www.pharmacy4pets.nl\/?s={search_term_string}"},"query-input":{"@type":"PropertyValueSpecification","valueRequired":true,"valueName":"search_term_string"}}],"inLanguage":"nl-NL"},{"@type":"Organization","@id":"http:\/\/www.pharmacy4pets.nl\/#organization","name":"Pharmacy4pets","url":"http:\/\/www.pharmacy4pets.nl\/","logo":{"@type":"ImageObject","inLanguage":"nl-NL","@id":"http:\/\/www.pharmacy4pets.nl\/#\/schema\/logo\/image\/","url":"https:\/\/p4p-nl.bootmine.com\/wp-content\/uploads\/2026\/03\/logo-pharmacy4pets.png","contentUrl":"https:\/\/p4p-nl.bootmine.com\/wp-content\/uploads\/2026\/03\/logo-pharmacy4pets.png","width":1024,"height":135,"caption":"Pharmacy4pets"},"image":{"@id":"http:\/\/www.pharmacy4pets.nl\/#\/schema\/logo\/image\/"},"sameAs":["https:\/\/www.facebook.com\/people\/Pharmacy4petsnl\/100063484989896\/","https:\/\/www.youtube.com\/channel\/UCGPTIgucgli03tP2_kvLkHg\/featured","https:\/\/www.instagram.com\/pharmacy4pets.nl"]}]}},"market_data":{"nl":{"price":0,"sale_price":0,"active":false,"url":null,"parent_url":"","tax_rate":0,"price_inc_tax":0,"sale_price_inc_tax":0},"de":{"price":0,"sale_price":0,"active":false,"url":null,"parent_url":"","tax_rate":0,"price_inc_tax":0,"sale_price_inc_tax":0},"be":{"price":0,"sale_price":0,"active":false,"url":null,"parent_url":"","tax_rate":0,"price_inc_tax":0,"sale_price_inc_tax":0},"fr":{"price":0,"sale_price":0,"active":false,"url":null,"parent_url":"","tax_rate":0,"price_inc_tax":0,"sale_price_inc_tax":0},"ch":{"price":0,"sale_price":0,"active":false,"url":null,"parent_url":"","tax_rate":0,"price_inc_tax":0,"sale_price_inc_tax":0},"at":{"price":0,"sale_price":0,"active":false,"url":null,"parent_url":"","tax_rate":0,"price_inc_tax":0,"sale_price_inc_tax":0},"es":{"price":0,"sale_price":0,"active":false,"url":null,"parent_url":"","tax_rate":0,"price_inc_tax":0,"sale_price_inc_tax":0},"dk":{"price":0,"sale_price":0,"active":false,"url":null,"parent_url":"","tax_rate":0,"price_inc_tax":0,"sale_price_inc_tax":0},"com":{"price":0,"sale_price":0,"active":false,"url":null,"parent_url":"","tax_rate":0,"price_inc_tax":0,"sale_price_inc_tax":0}},"market_nl_price":0,"market_nl_sale_price":0,"market_nl_active":false,"market_nl_url":null,"market_nl_parent_url":"","market_nl_tax_rate":0,"market_nl_price_inc_tax":0,"market_nl_sale_price_inc_tax":0,"market_de_price":0,"market_de_sale_price":0,"market_de_active":false,"market_de_url":null,"market_de_parent_url":"","market_de_tax_rate":0,"market_de_price_inc_tax":0,"market_de_sale_price_inc_tax":0,"market_be_price":0,"market_be_sale_price":0,"market_be_active":false,"market_be_url":null,"market_be_parent_url":"","market_be_tax_rate":0,"market_be_price_inc_tax":0,"market_be_sale_price_inc_tax":0,"market_fr_price":0,"market_fr_sale_price":0,"market_fr_active":false,"market_fr_url":null,"market_fr_parent_url":"","market_fr_tax_rate":0,"market_fr_price_inc_tax":0,"market_fr_sale_price_inc_tax":0,"market_ch_price":0,"market_ch_sale_price":0,"market_ch_active":false,"market_ch_url":null,"market_ch_parent_url":"","market_ch_tax_rate":0,"market_ch_price_inc_tax":0,"market_ch_sale_price_inc_tax":0,"market_at_price":0,"market_at_sale_price":0,"market_at_active":false,"market_at_url":null,"market_at_parent_url":"","market_at_tax_rate":0,"market_at_price_inc_tax":0,"market_at_sale_price_inc_tax":0,"market_es_price":0,"market_es_sale_price":0,"market_es_active":false,"market_es_url":null,"market_es_parent_url":"","market_es_tax_rate":0,"market_es_price_inc_tax":0,"market_es_sale_price_inc_tax":0,"market_dk_price":0,"market_dk_sale_price":0,"market_dk_active":false,"market_dk_url":null,"market_dk_parent_url":"","market_dk_tax_rate":0,"market_dk_price_inc_tax":0,"market_dk_sale_price_inc_tax":0,"market_com_price":0,"market_com_sale_price":0,"market_com_active":false,"market_com_url":null,"market_com_parent_url":"","market_com_tax_rate":0,"market_com_price_inc_tax":0,"market_com_sale_price_inc_tax":0,"acf":[],"_links":{"self":[{"href":"https:\/\/www.pharmacy4pets.nl\/be\/wp-json\/wp\/v2\/product\/119580","targetHints":{"allow":["GET"]}}],"collection":[{"href":"https:\/\/www.pharmacy4pets.nl\/be\/wp-json\/wp\/v2\/product"}],"about":[{"href":"https:\/\/www.pharmacy4pets.nl\/be\/wp-json\/wp\/v2\/types\/product"}],"replies":[{"embeddable":true,"href":"https:\/\/www.pharmacy4pets.nl\/be\/wp-json\/wp\/v2\/comments?post=119580"}],"wp:featuredmedia":[{"embeddable":true,"href":"https:\/\/www.pharmacy4pets.nl\/be\/wp-json\/wp\/v2\/media\/119579"}],"wp:attachment":[{"href":"https:\/\/www.pharmacy4pets.nl\/be\/wp-json\/wp\/v2\/media?parent=119580"}],"wp:term":[{"taxonomy":"product_brand","embeddable":true,"href":"https:\/\/www.pharmacy4pets.nl\/be\/wp-json\/wp\/v2\/product_brand?post=119580"},{"taxonomy":"product_cat","embeddable":true,"href":"https:\/\/www.pharmacy4pets.nl\/be\/wp-json\/wp\/v2\/product_cat?post=119580"},{"taxonomy":"product_tag","embeddable":true,"href":"https:\/\/www.pharmacy4pets.nl\/be\/wp-json\/wp\/v2\/product_tag?post=119580"}],"curies":[{"name":"wp","href":"https:\/\/api.w.org\/{rel}","templated":true}]}}