{"id":119578,"date":"2022-01-04T10:12:25","date_gmt":"2022-01-04T10:12:25","guid":{"rendered":"https:\/\/p4p.test\/science-selective-urinary-health-rabbit-food-1-5-kg"},"modified":"2026-05-02T05:34:25","modified_gmt":"2026-05-02T03:34:25","slug":"science-selective-urinary-health-rabbit-food-1-5-kg","status":"publish","type":"product","link":"https:\/\/www.pharmacy4pets.nl\/be\/science-selective-urinary-health-rabbit-food-1-5-kg","title":{"rendered":"Science Selective Urinary Health Rabbit Food | Konijn 1,5 kg"},"content":{"rendered":"<p>Science Selective Urinary Health Rabbit Food van Supreme is een dagelijkse voeding voor konijnen die gevoelig zijn voor aandoeningen aan de urinewegen. Door de vezelrijke samenstelling van de voeding wordt regelmatig drinken gestimuleerd en het kauwproces verlengd waardoor de natuurlijke slijtage van de tanden wordt bevorderd.<\/p>\n<h2>Ingredi\u00ebnten<\/h2>\n<ul>\n<li>Echinacea \u2013 ter ondersteuning van het immuunsysteem, helpt infecties te bestrijden<\/li>\n<li>Paardenbloem \u2013 ondersteunt de normale nierfunctie<\/li>\n<li>Lijnzaad \u2013 voor een gezonde huid en vacht<\/li>\n<\/ul>\n<h2>Dosering<\/h2>\n<p>Het is niet perse nodig om de inname te beperken, houd wel het gewicht van uw konijn in de gaten.<\/p>\n<h2>Verpakking<\/h2>\n<p>1,5 kg.<\/p>\n","protected":false},"excerpt":{"rendered":"<p>Science Selective Urinary Health Rabbit Food van Supreme is een dagelijkse voeding voor konijnen die gevoelig zijn voor aandoeningen aan de urinewegen. Door de vezelrijke samenstelling van de voeding wordt regelmatig drinken gestimuleerd en het kauwproces verlengd waardoor de natuurlijke slijtage van de tanden wordt bevorderd. Ingredi\u00ebnten Echinacea \u2013 ter ondersteuning van het immuunsysteem, helpt [&hellip;]<\/p>\n","protected":false},"featured_media":119577,"comment_status":"open","ping_status":"closed","template":"","meta":{"_acf_changed":false,"_nl_post_content":"<p>Science Selective Urinary Health Rabbit Food van Supreme is een dagelijkse voeding voor konijnen die gevoelig zijn voor aandoeningen aan de urinewegen. Door de vezelrijke samenstelling van de voeding wordt regelmatig drinken gestimuleerd en het kauwproces verlengd waardoor de natuurlijke slijtage van de tanden wordt bevorderd.<\/p>\r\n<h2>Ingredi\u00ebnten<\/h2>\r\n<ul>\r\n<li>Echinacea \u2013 ter ondersteuning van het immuunsysteem, helpt infecties te bestrijden<\/li>\r\n<li>Paardenbloem \u2013 ondersteunt de normale nierfunctie<\/li>\r\n<li>Lijnzaad \u2013 voor een gezonde huid en vacht<\/li>\r\n<\/ul>\r\n<h2>Dosering<\/h2>\r\n<p>Het is niet perse nodig om de inname te beperken, houd wel het gewicht van uw konijn in de gaten.<\/p>\r\n<h2>Verpakking<\/h2>\r\n<p>1,5 kg.<\/p>","_nl_post_name":"science-selective-urinary-health-rabbit-food-1-5-kg","_nl_post_excerpt":"","_nl_post_title":"Science Selective Urinary Health Rabbit Food | Konijn 1,5 kg","_en_post_content":"<p>Science Selective Urinary Health Rabbit Food from Supreme is a daily feed for rabbits that are susceptible to urinary tract disorders. Due to the fiber-rich composition of this diet, regular drinking is stimulated and the chewing process is extended, thereby promoting the natural dental wear.<\/p>\r\n<h2>Ingredients<\/h2>\r\n<ul>\r\n<li>Echinacea \u2013 to help support the immune system and fight infections<\/li>\r\n<li>Dandelion \u2013 to stimulate routine renal function<\/li>\r\n<li>Linseed \u2013 for healthy skin and coat<\/li>\r\n<\/ul>\r\n<h2>Dosage<\/h2>\r\n<p>No need to limit intake \u2013 although weight should be monitored.<\/p>\r\n<h2>Package<\/h2>\r\n<p>1,5 kg.<\/p>","_en_post_name":"science-selective-urinary-health-rabbit-food-1-5-kg","_en_post_excerpt":"","_en_post_title":"Science Selective Urinary Health Rabbit Food | Rabbit 1,5 kg","_de_post_content":"<p>Science Selective Urinary Health Rabbit Food von Supreme ist eine t\u00e4gliche Ern\u00e4hrung von Kaninchen anf\u00e4llig f\u00fcr Harnwegserkrankungen. Die auf Faserstoff basierende Beschaffenheit und die physikalischen Merkmale dieser Monoforage Ern\u00e4hrung f\u00f6rdern die Wasseraufnahme und verl\u00e4ngern auf einzigartige Weise die Nahrungsaufnahme. F\u00fcr verbesserte Zahnabnutzung und artgerechtere Haltung.<\/p>\r\n<h2>Zutaten<\/h2>\r\n<ul>\r\n<li>Echinacea - das Immunsystem zu unterst\u00fctzen, hilft bei der Bek\u00e4mpfung der Infektion<\/li>\r\n<li>L\u00f6wenzahn - unterst\u00fctzt eine normale Nierenfunktion<\/li>\r\n<li>Flaxseed - f\u00fcr gesunde Haut und gl\u00e4nzendes Fell<\/li>\r\n<\/ul>\r\n<h2>Dosierung<\/h2>\r\n<p>Keine Notwendigkeit, die Aufnahme zu begrenzen - obwohl das Gewicht \u00fcberwacht werden sollte.<\/p>\r\n<h2>Verpackung<\/h2>\r\n<p>1,5 kg.<\/p>","_de_post_name":"science-selective-urinary-health-rabbit-food-1-5-kg","_de_post_excerpt":"","_de_post_title":"Science Selective Urinary Health Rabbit Food | Kaninchen 1,5 kg","_fr_post_content":"<p>Science Selective Urinary Health Rabbit Food van Supreme is een dagelijkse voeding voor konijnen die gevoelig zijn voor aandoeningen aan de urinewegen. Door de vezelrijke samenstelling van de voeding wordt regelmatig drinken gestimuleerd en het kauwproces verlengd waardoor de natuurlijke slijtage van de tanden wordt bevorderd.<\/p>\r\n<h2>Ingredi\u00ebnten<\/h2>\r\n<ul>\r\n<li>Echinacea \u2013 ter ondersteuning van het immuunsysteem, helpt infecties te bestrijden<\/li>\r\n<li>Paardenbloem \u2013 ondersteunt de normale nierfunctie<\/li>\r\n<li>Lijnzaad \u2013 voor een gezonde huid en vacht<\/li>\r\n<\/ul>\r\n<h2>Dosering<\/h2>\r\n<p>Het is niet perse nodig om de inname te beperken, houd wel het gewicht van uw konijn in de gaten.<\/p>\r\n<h2>Verpakking<\/h2>\r\n<p>1,5 kg.<\/p>","_fr_post_name":"science-selective-urinary-health-rabbit-food-1-5-kg","_fr_post_excerpt":"","_fr_post_title":"Science Selective Urinary Health Rabbit Food | Konijn 1,5 kg","_es_post_content":"<p>Science Selective Urinary Health Rabbit Food de Supreme es un alimento diario para conejos propensos a trastornos del tracto urinario. La composici\u00f3n rica en fibra del alimento estimula el consumo regular y prolonga el proceso de masticaci\u00f3n, favoreciendo el desgaste natural de los dientes.<\/p>\r\n<h2>Ingredientes<\/h2>\r\n<ul>\r\n<li>Echinacea \u2013 para apoyar el sistema inmunol\u00f3gico, ayudar a combatir las infecciones<\/li>\r\n<li>Diente de le\u00f3n: apoya la funci\u00f3n renal normal<\/li>\r\n<li>Linaza: para una piel y un pelaje sanos<\/li>\r\n<\/ul>\r\n<h2>Dosis<\/h2>\r\n<p>No es necesario limitar la ingesta, pero vigila el peso de su conejo.<\/p>\r\n<h2>Embalaje<\/h2>\r\n<p>1,5 kg.<\/p>","_es_post_name":"science-selective-urinary-health-rabbit-food-1-5-kg","_es_post_excerpt":"","_es_post_title":"Science Selective Urinary Health Rabbit Food | Conejos 1,5 kg","edit_language":"nl"},"product_brand":[],"product_cat":[1825,1826,1857,1824,2093],"product_tag":[],"class_list":{"0":"post-119578","1":"product","2":"type-product","3":"status-publish","4":"has-post-thumbnail","6":"product_cat-konijnen","7":"product_cat-konijnenvoer","8":"product_cat-merken","9":"product_cat-overig","10":"product_cat-science-selective","11":"pa_aandoening-overig","12":"pa_doeldier-konijn","13":"pa_fabricatieland-uk","14":"pa_merkfilter-scienceselective","15":"pa_merkgroep-supreme","16":"pa_productsoort-voeding","17":"pa_seo_canonical_store_id-not_found_value","18":"pa_seo_category-not_found_value","19":"pa_seo_meta_robots-not_found_value","20":"pa_toedieningswijze-sticks","21":"pa_unit_pricing_base_measure-1kg","22":"pa_unit_pricing_measure-1_5kg","23":"pa_werkzamestof-overig","25":"first","26":"outofstock","27":"taxable","28":"shipping-taxable","29":"purchasable","30":"product-type-simple"},"yoast_head":"<!-- This site is optimized with the Yoast SEO plugin v27.5 - https:\/\/yoast.com\/product\/yoast-seo-wordpress\/ -->\n<title>Science Selective Urinary Health Rabbit Food | Konijn 1,5 kg<\/title>\n<meta name=\"description\" content=\"Science Selective Urinary Health Rabbit Food van Supreme is een dagelijkse voeding voor konijn die gevoelig zijn voor aandoeningen aan de urinewegen.\" \/>\n<meta name=\"robots\" content=\"index, follow, max-snippet:-1, max-image-preview:large, max-video-preview:-1\" \/>\n<link rel=\"canonical\" href=\"https:\/\/www.pharmacy4pets.nl\/science-selective-urinary-health-rabbit-food-1-5-kg\" \/>\n<meta property=\"og:locale\" content=\"nl_NL\" \/>\n<meta property=\"og:type\" content=\"article\" \/>\n<meta property=\"og:title\" content=\"Science Selective Urinary Health Rabbit Food | Konijn 1,5 kg\" \/>\n<meta property=\"og:description\" content=\"Science Selective Urinary Health Rabbit Food van Supreme is een dagelijkse voeding voor konijn die gevoelig zijn voor aandoeningen aan de urinewegen.\" \/>\n<meta property=\"og:url\" content=\"https:\/\/www.pharmacy4pets.nl\/science-selective-urinary-health-rabbit-food-1-5-kg\" \/>\n<meta property=\"og:site_name\" content=\"Pharmacy4pets\" \/>\n<meta property=\"article:publisher\" content=\"https:\/\/www.facebook.com\/people\/Pharmacy4petsnl\/100063484989896\/\" \/>\n<meta property=\"article:modified_time\" content=\"2026-05-02T03:34:25+00:00\" \/>\n<meta property=\"og:image\" content=\"https:\/\/www.pharmacy4pets.nl\/wp-content\/uploads\/2022\/01\/25675.jpg\" \/>\n\t<meta property=\"og:image:width\" content=\"544\" \/>\n\t<meta property=\"og:image:height\" content=\"600\" \/>\n\t<meta property=\"og:image:type\" content=\"image\/jpeg\" \/>\n<meta name=\"twitter:card\" content=\"summary_large_image\" \/>\n<script type=\"application\/ld+json\" class=\"yoast-schema-graph\">{\"@context\":\"https:\\\/\\\/schema.org\",\"@graph\":[{\"@type\":\"WebPage\",\"@id\":\"https:\\\/\\\/www.pharmacy4pets.nl\\\/science-selective-urinary-health-rabbit-food-1-5-kg\",\"url\":\"https:\\\/\\\/www.pharmacy4pets.nl\\\/science-selective-urinary-health-rabbit-food-1-5-kg\",\"name\":\"Science Selective Urinary Health Rabbit Food | Konijn 1,5 kg\",\"isPartOf\":{\"@id\":\"http:\\\/\\\/www.pharmacy4pets.nl\\\/#website\"},\"primaryImageOfPage\":{\"@id\":\"https:\\\/\\\/www.pharmacy4pets.nl\\\/science-selective-urinary-health-rabbit-food-1-5-kg#primaryimage\"},\"image\":{\"@id\":\"https:\\\/\\\/www.pharmacy4pets.nl\\\/science-selective-urinary-health-rabbit-food-1-5-kg#primaryimage\"},\"thumbnailUrl\":\"https:\\\/\\\/www.pharmacy4pets.nl\\\/wp-content\\\/uploads\\\/2022\\\/01\\\/25675.jpg\",\"datePublished\":\"2022-01-04T10:12:25+00:00\",\"dateModified\":\"2026-05-02T03:34:25+00:00\",\"description\":\"Science Selective Urinary Health Rabbit Food van Supreme is een dagelijkse voeding voor konijn die gevoelig zijn voor aandoeningen aan de urinewegen.\",\"breadcrumb\":{\"@id\":\"https:\\\/\\\/www.pharmacy4pets.nl\\\/science-selective-urinary-health-rabbit-food-1-5-kg#breadcrumb\"},\"inLanguage\":\"nl-NL\",\"potentialAction\":[{\"@type\":\"ReadAction\",\"target\":[\"https:\\\/\\\/www.pharmacy4pets.nl\\\/science-selective-urinary-health-rabbit-food-1-5-kg\"]}]},{\"@type\":\"ImageObject\",\"inLanguage\":\"nl-NL\",\"@id\":\"https:\\\/\\\/www.pharmacy4pets.nl\\\/science-selective-urinary-health-rabbit-food-1-5-kg#primaryimage\",\"url\":\"https:\\\/\\\/www.pharmacy4pets.nl\\\/wp-content\\\/uploads\\\/2022\\\/01\\\/25675.jpg\",\"contentUrl\":\"https:\\\/\\\/www.pharmacy4pets.nl\\\/wp-content\\\/uploads\\\/2022\\\/01\\\/25675.jpg\",\"width\":544,\"height\":600,\"caption\":\"Science Selective Urinary Health\"},{\"@type\":\"BreadcrumbList\",\"@id\":\"https:\\\/\\\/www.pharmacy4pets.nl\\\/science-selective-urinary-health-rabbit-food-1-5-kg#breadcrumb\",\"itemListElement\":[{\"@type\":\"ListItem\",\"position\":1,\"name\":\"Home\",\"item\":\"https:\\\/\\\/p4p-nl.bootmine.com\\\/\"},{\"@type\":\"ListItem\",\"position\":2,\"name\":\"Winkel\",\"item\":\"https:\\\/\\\/p4p-nl.bootmine.com\\\/winkel\"},{\"@type\":\"ListItem\",\"position\":3,\"name\":\"Science Selective Urinary Health Rabbit Food | Konijn 1,5 kg\"}]},{\"@type\":\"WebSite\",\"@id\":\"http:\\\/\\\/www.pharmacy4pets.nl\\\/#website\",\"url\":\"http:\\\/\\\/www.pharmacy4pets.nl\\\/\",\"name\":\"Pharmacy4pets\",\"description\":\"Pharmacy4pets.nl is d\u00e9 online apotheek waar u terecht kunt voor alle diergeneesmiddelen, verzorgingsproducten en dieetvoeding voor uw huisdier.\",\"publisher\":{\"@id\":\"http:\\\/\\\/www.pharmacy4pets.nl\\\/#organization\"},\"potentialAction\":[{\"@type\":\"SearchAction\",\"target\":{\"@type\":\"EntryPoint\",\"urlTemplate\":\"http:\\\/\\\/www.pharmacy4pets.nl\\\/?s={search_term_string}\"},\"query-input\":{\"@type\":\"PropertyValueSpecification\",\"valueRequired\":true,\"valueName\":\"search_term_string\"}}],\"inLanguage\":\"nl-NL\"},{\"@type\":\"Organization\",\"@id\":\"http:\\\/\\\/www.pharmacy4pets.nl\\\/#organization\",\"name\":\"Pharmacy4pets\",\"url\":\"http:\\\/\\\/www.pharmacy4pets.nl\\\/\",\"logo\":{\"@type\":\"ImageObject\",\"inLanguage\":\"nl-NL\",\"@id\":\"http:\\\/\\\/www.pharmacy4pets.nl\\\/#\\\/schema\\\/logo\\\/image\\\/\",\"url\":\"https:\\\/\\\/p4p-nl.bootmine.com\\\/wp-content\\\/uploads\\\/2026\\\/03\\\/logo-pharmacy4pets.png\",\"contentUrl\":\"https:\\\/\\\/p4p-nl.bootmine.com\\\/wp-content\\\/uploads\\\/2026\\\/03\\\/logo-pharmacy4pets.png\",\"width\":1024,\"height\":135,\"caption\":\"Pharmacy4pets\"},\"image\":{\"@id\":\"http:\\\/\\\/www.pharmacy4pets.nl\\\/#\\\/schema\\\/logo\\\/image\\\/\"},\"sameAs\":[\"https:\\\/\\\/www.facebook.com\\\/people\\\/Pharmacy4petsnl\\\/100063484989896\\\/\",\"https:\\\/\\\/www.youtube.com\\\/channel\\\/UCGPTIgucgli03tP2_kvLkHg\\\/featured\",\"https:\\\/\\\/www.instagram.com\\\/pharmacy4pets.nl\"]}]}<\/script>\n<!-- \/ Yoast SEO plugin. -->","yoast_head_json":{"title":"Science Selective Urinary Health Rabbit Food | Konijn 1,5 kg","description":"Science Selective Urinary Health Rabbit Food van Supreme is een dagelijkse voeding voor konijn die gevoelig zijn voor aandoeningen aan de urinewegen.","robots":{"index":"index","follow":"follow","max-snippet":"max-snippet:-1","max-image-preview":"max-image-preview:large","max-video-preview":"max-video-preview:-1"},"canonical":"https:\/\/www.pharmacy4pets.nl\/science-selective-urinary-health-rabbit-food-1-5-kg","og_locale":"nl_NL","og_type":"article","og_title":"Science Selective Urinary Health Rabbit Food | Konijn 1,5 kg","og_description":"Science Selective Urinary Health Rabbit Food van Supreme is een dagelijkse voeding voor konijn die gevoelig zijn voor aandoeningen aan de urinewegen.","og_url":"https:\/\/www.pharmacy4pets.nl\/science-selective-urinary-health-rabbit-food-1-5-kg","og_site_name":"Pharmacy4pets","article_publisher":"https:\/\/www.facebook.com\/people\/Pharmacy4petsnl\/100063484989896\/","article_modified_time":"2026-05-02T03:34:25+00:00","og_image":[{"width":544,"height":600,"url":"https:\/\/www.pharmacy4pets.nl\/wp-content\/uploads\/2022\/01\/25675.jpg","type":"image\/jpeg"}],"twitter_card":"summary_large_image","schema":{"@context":"https:\/\/schema.org","@graph":[{"@type":"WebPage","@id":"https:\/\/www.pharmacy4pets.nl\/science-selective-urinary-health-rabbit-food-1-5-kg","url":"https:\/\/www.pharmacy4pets.nl\/science-selective-urinary-health-rabbit-food-1-5-kg","name":"Science Selective Urinary Health Rabbit Food | Konijn 1,5 kg","isPartOf":{"@id":"http:\/\/www.pharmacy4pets.nl\/#website"},"primaryImageOfPage":{"@id":"https:\/\/www.pharmacy4pets.nl\/science-selective-urinary-health-rabbit-food-1-5-kg#primaryimage"},"image":{"@id":"https:\/\/www.pharmacy4pets.nl\/science-selective-urinary-health-rabbit-food-1-5-kg#primaryimage"},"thumbnailUrl":"https:\/\/www.pharmacy4pets.nl\/wp-content\/uploads\/2022\/01\/25675.jpg","datePublished":"2022-01-04T10:12:25+00:00","dateModified":"2026-05-02T03:34:25+00:00","description":"Science Selective Urinary Health Rabbit Food van Supreme is een dagelijkse voeding voor konijn die gevoelig zijn voor aandoeningen aan de urinewegen.","breadcrumb":{"@id":"https:\/\/www.pharmacy4pets.nl\/science-selective-urinary-health-rabbit-food-1-5-kg#breadcrumb"},"inLanguage":"nl-NL","potentialAction":[{"@type":"ReadAction","target":["https:\/\/www.pharmacy4pets.nl\/science-selective-urinary-health-rabbit-food-1-5-kg"]}]},{"@type":"ImageObject","inLanguage":"nl-NL","@id":"https:\/\/www.pharmacy4pets.nl\/science-selective-urinary-health-rabbit-food-1-5-kg#primaryimage","url":"https:\/\/www.pharmacy4pets.nl\/wp-content\/uploads\/2022\/01\/25675.jpg","contentUrl":"https:\/\/www.pharmacy4pets.nl\/wp-content\/uploads\/2022\/01\/25675.jpg","width":544,"height":600,"caption":"Science Selective Urinary Health"},{"@type":"BreadcrumbList","@id":"https:\/\/www.pharmacy4pets.nl\/science-selective-urinary-health-rabbit-food-1-5-kg#breadcrumb","itemListElement":[{"@type":"ListItem","position":1,"name":"Home","item":"https:\/\/p4p-nl.bootmine.com\/"},{"@type":"ListItem","position":2,"name":"Winkel","item":"https:\/\/p4p-nl.bootmine.com\/winkel"},{"@type":"ListItem","position":3,"name":"Science Selective Urinary Health Rabbit Food | Konijn 1,5 kg"}]},{"@type":"WebSite","@id":"http:\/\/www.pharmacy4pets.nl\/#website","url":"http:\/\/www.pharmacy4pets.nl\/","name":"Pharmacy4pets","description":"Pharmacy4pets.nl is d\u00e9 online apotheek waar u terecht kunt voor alle diergeneesmiddelen, verzorgingsproducten en dieetvoeding voor uw huisdier.","publisher":{"@id":"http:\/\/www.pharmacy4pets.nl\/#organization"},"potentialAction":[{"@type":"SearchAction","target":{"@type":"EntryPoint","urlTemplate":"http:\/\/www.pharmacy4pets.nl\/?s={search_term_string}"},"query-input":{"@type":"PropertyValueSpecification","valueRequired":true,"valueName":"search_term_string"}}],"inLanguage":"nl-NL"},{"@type":"Organization","@id":"http:\/\/www.pharmacy4pets.nl\/#organization","name":"Pharmacy4pets","url":"http:\/\/www.pharmacy4pets.nl\/","logo":{"@type":"ImageObject","inLanguage":"nl-NL","@id":"http:\/\/www.pharmacy4pets.nl\/#\/schema\/logo\/image\/","url":"https:\/\/p4p-nl.bootmine.com\/wp-content\/uploads\/2026\/03\/logo-pharmacy4pets.png","contentUrl":"https:\/\/p4p-nl.bootmine.com\/wp-content\/uploads\/2026\/03\/logo-pharmacy4pets.png","width":1024,"height":135,"caption":"Pharmacy4pets"},"image":{"@id":"http:\/\/www.pharmacy4pets.nl\/#\/schema\/logo\/image\/"},"sameAs":["https:\/\/www.facebook.com\/people\/Pharmacy4petsnl\/100063484989896\/","https:\/\/www.youtube.com\/channel\/UCGPTIgucgli03tP2_kvLkHg\/featured","https:\/\/www.instagram.com\/pharmacy4pets.nl"]}]}},"market_data":{"nl":{"price":0,"sale_price":0,"active":false,"url":null,"parent_url":"","tax_rate":0,"price_inc_tax":0,"sale_price_inc_tax":0},"de":{"price":0,"sale_price":0,"active":false,"url":null,"parent_url":"","tax_rate":0,"price_inc_tax":0,"sale_price_inc_tax":0},"be":{"price":0,"sale_price":0,"active":false,"url":null,"parent_url":"","tax_rate":0,"price_inc_tax":0,"sale_price_inc_tax":0},"fr":{"price":0,"sale_price":0,"active":false,"url":null,"parent_url":"","tax_rate":0,"price_inc_tax":0,"sale_price_inc_tax":0},"ch":{"price":0,"sale_price":0,"active":false,"url":null,"parent_url":"","tax_rate":0,"price_inc_tax":0,"sale_price_inc_tax":0},"at":{"price":0,"sale_price":0,"active":false,"url":null,"parent_url":"","tax_rate":0,"price_inc_tax":0,"sale_price_inc_tax":0},"es":{"price":0,"sale_price":0,"active":false,"url":null,"parent_url":"","tax_rate":0,"price_inc_tax":0,"sale_price_inc_tax":0},"dk":{"price":0,"sale_price":0,"active":false,"url":null,"parent_url":"","tax_rate":0,"price_inc_tax":0,"sale_price_inc_tax":0},"com":{"price":0,"sale_price":0,"active":false,"url":null,"parent_url":"","tax_rate":0,"price_inc_tax":0,"sale_price_inc_tax":0}},"market_nl_price":0,"market_nl_sale_price":0,"market_nl_active":false,"market_nl_url":null,"market_nl_parent_url":"","market_nl_tax_rate":0,"market_nl_price_inc_tax":0,"market_nl_sale_price_inc_tax":0,"market_de_price":0,"market_de_sale_price":0,"market_de_active":false,"market_de_url":null,"market_de_parent_url":"","market_de_tax_rate":0,"market_de_price_inc_tax":0,"market_de_sale_price_inc_tax":0,"market_be_price":0,"market_be_sale_price":0,"market_be_active":false,"market_be_url":null,"market_be_parent_url":"","market_be_tax_rate":0,"market_be_price_inc_tax":0,"market_be_sale_price_inc_tax":0,"market_fr_price":0,"market_fr_sale_price":0,"market_fr_active":false,"market_fr_url":null,"market_fr_parent_url":"","market_fr_tax_rate":0,"market_fr_price_inc_tax":0,"market_fr_sale_price_inc_tax":0,"market_ch_price":0,"market_ch_sale_price":0,"market_ch_active":false,"market_ch_url":null,"market_ch_parent_url":"","market_ch_tax_rate":0,"market_ch_price_inc_tax":0,"market_ch_sale_price_inc_tax":0,"market_at_price":0,"market_at_sale_price":0,"market_at_active":false,"market_at_url":null,"market_at_parent_url":"","market_at_tax_rate":0,"market_at_price_inc_tax":0,"market_at_sale_price_inc_tax":0,"market_es_price":0,"market_es_sale_price":0,"market_es_active":false,"market_es_url":null,"market_es_parent_url":"","market_es_tax_rate":0,"market_es_price_inc_tax":0,"market_es_sale_price_inc_tax":0,"market_dk_price":0,"market_dk_sale_price":0,"market_dk_active":false,"market_dk_url":null,"market_dk_parent_url":"","market_dk_tax_rate":0,"market_dk_price_inc_tax":0,"market_dk_sale_price_inc_tax":0,"market_com_price":0,"market_com_sale_price":0,"market_com_active":false,"market_com_url":null,"market_com_parent_url":"","market_com_tax_rate":0,"market_com_price_inc_tax":0,"market_com_sale_price_inc_tax":0,"acf":[],"_links":{"self":[{"href":"https:\/\/www.pharmacy4pets.nl\/be\/wp-json\/wp\/v2\/product\/119578","targetHints":{"allow":["GET"]}}],"collection":[{"href":"https:\/\/www.pharmacy4pets.nl\/be\/wp-json\/wp\/v2\/product"}],"about":[{"href":"https:\/\/www.pharmacy4pets.nl\/be\/wp-json\/wp\/v2\/types\/product"}],"replies":[{"embeddable":true,"href":"https:\/\/www.pharmacy4pets.nl\/be\/wp-json\/wp\/v2\/comments?post=119578"}],"wp:featuredmedia":[{"embeddable":true,"href":"https:\/\/www.pharmacy4pets.nl\/be\/wp-json\/wp\/v2\/media\/119577"}],"wp:attachment":[{"href":"https:\/\/www.pharmacy4pets.nl\/be\/wp-json\/wp\/v2\/media?parent=119578"}],"wp:term":[{"taxonomy":"product_brand","embeddable":true,"href":"https:\/\/www.pharmacy4pets.nl\/be\/wp-json\/wp\/v2\/product_brand?post=119578"},{"taxonomy":"product_cat","embeddable":true,"href":"https:\/\/www.pharmacy4pets.nl\/be\/wp-json\/wp\/v2\/product_cat?post=119578"},{"taxonomy":"product_tag","embeddable":true,"href":"https:\/\/www.pharmacy4pets.nl\/be\/wp-json\/wp\/v2\/product_tag?post=119578"}],"curies":[{"name":"wp","href":"https:\/\/api.w.org\/{rel}","templated":true}]}}