{"id":119568,"date":"2021-11-10T16:08:47","date_gmt":"2021-11-10T16:08:47","guid":{"rendered":"https:\/\/p4p.test\/harrison-s-bird-power-treat-1-pond"},"modified":"2026-05-01T16:47:45","modified_gmt":"2026-05-01T14:47:45","slug":"harrison-s-bird-power-treat-1-pond","status":"publish","type":"product","link":"https:\/\/www.pharmacy4pets.nl\/be\/harrison-s-bird-power-treat-1-pond","title":{"rendered":"Harrison&#8217;s Bird Power Treat 1 pond"},"content":{"rendered":"<p>Harrison&#8217;s Bird Power Treats zijn bedoeld als versnapering of als onderdeel van de voeding bij vogels met een hogere energiebehoefte zoals bijvoorbeeld Ara&rsquo;s. Ook kan het behulpzaam zijn te gebruiken bij het omschakeling van het dieet, voor vogels die in gewicht moeten toenemen, herstellende zijn van een ziekte of als supplement voor vogels die geen complete voeding eten.<\/p>\n<p>Bevat biologische rode palmnootolie uit Brazili&euml;.<\/p>\n","protected":false},"excerpt":{"rendered":"<p>Harrison&#8217;s Bird Power Treats zijn bedoeld als versnapering of als onderdeel van de voeding bij vogels met een hogere energiebehoefte zoals bijvoorbeeld Ara&rsquo;s. Ook kan het behulpzaam zijn te gebruiken bij het omschakeling van het dieet, voor vogels die in gewicht moeten toenemen, herstellende zijn van een ziekte of als supplement voor vogels die geen [&hellip;]<\/p>\n","protected":false},"featured_media":119567,"comment_status":"open","ping_status":"closed","template":"","meta":{"_acf_changed":false,"_nl_post_content":"<p>Harrison's Bird Power Treats zijn bedoeld als versnapering of als onderdeel van de voeding bij vogels met een hogere energiebehoefte zoals bijvoorbeeld Ara&rsquo;s. Ook kan het behulpzaam zijn te gebruiken bij het omschakeling van het dieet, voor vogels die in gewicht moeten toenemen, herstellende zijn van een ziekte of als supplement voor vogels die geen complete voeding eten.<\/p>\r\n<p>Bevat biologische rode palmnootolie uit Brazili&euml;.<\/p>","_nl_post_name":"harrison-s-bird-power-treat-1-pond","_nl_post_excerpt":"","_nl_post_title":"Harrison's Bird Power Treat 1 pond","_en_post_content":"<p>Harrison's Bird Power Treats are intended as a snack or as part of the diet for birds with higher energy requirements such as macaws. They can also be used to help with dietary changes, for birds needing to gain weight, recovering from illness or as a supplement for birds not eating a complete diet.<\/p>\r\n<p>Contains organic red palm nut oil from Brazil.<\/p>","_en_post_name":"harrison-s-bird-power-treat-1-pound","_en_post_excerpt":"","_en_post_title":"Harrison's Bird Power Treat 1 pound","_de_post_content":"<p>Harrison's Bird Power Treats sind als Snack oder als Teil des Futters f&uuml;r V&ouml;gel mit h&ouml;herem Energiebedarf, wie z. B. Aras, gedacht. Sie k&ouml;nnen auch zur Unterst&uuml;tzung bei Ern&auml;hrungsumstellungen, bei V&ouml;geln, die an Gewicht zunehmen m&uuml;ssen, sich von einer Krankheit erholen oder als Erg&auml;nzung f&uuml;r V&ouml;gel, die keine vollwertige Nahrung zu sich nehmen, verwendet werden.<\/p>\r\n<p>Enth&auml;lt biologisches rotes Palmnuss&ouml;l aus Brasilien.<\/p>","_de_post_name":"harrison-s-bird-power-treat-1-pfund","_de_post_excerpt":"","_de_post_title":"Harrison's Bird Power Treat 1 Pfund","_fr_post_content":"<p>Les friandises Harrison's Bird Power Treats sont destin\u00e9es \u00e0 servir de collation ou \u00e0 faire partie du r\u00e9gime alimentaire des oiseaux ayant des besoins \u00e9nerg\u00e9tiques \u00e9lev\u00e9s, comme les aras. Il peut \u00e9galement \u00eatre utile lors d'un changement de r\u00e9gime alimentaire, pour les oiseaux qui ont besoin de prendre du poids, qui se remettent d'une maladie ou comme compl\u00e9ment pour les oiseaux qui ne mangent pas un r\u00e9gime complet.<\/p>\r\n<p>Contient de l'huile de noix de palme rouge biologique du Br\u00e9sil.<\/p>","_fr_post_name":"harrison-s-bird-power-treat-1-livre","_fr_post_excerpt":"","_fr_post_title":"Harrison's Bird Power Treat 1 livre","_es_post_content":"<p>Harrisons Bird Foods Power Treats est\u00e1n pensadas como refrigerio o como parte de la dieta de las aves con un mayor requerimiento de energ\u00eda, como los guacamayos. Tambi\u00e9n puede ser \u00fatil cuando se cambia la dieta, para aves que necesitan aumentar de peso, se est\u00e1n recuperando de una enfermedad o como suplemento para aves que no consumen una dieta completa.<\/p>\r\n<p>Contiene aceite de nuez de palma roja org\u00e1nica de Brasil.<\/p>","_es_post_name":"harrisons-bird-foods-power-treats","_es_post_excerpt":"","_es_post_title":"Harrisons Bird Foods Power Treats 1 libra","edit_language":"nl"},"product_brand":[],"product_cat":[2008,1857,1824,1828,1829],"product_tag":[],"class_list":{"0":"post-119568","1":"product","2":"type-product","3":"status-publish","4":"has-post-thumbnail","6":"product_cat-harrisons-bird-foods","7":"product_cat-merken","8":"product_cat-overig","9":"product_cat-vogels","10":"product_cat-vogelvoer","11":"pa_aandoening-overig","12":"pa_doeldier-overig","13":"pa_fabricatieland-usa","14":"pa_merkfilter-harrisonsbirdfoods","15":"pa_merkgroep-ahc","16":"pa_productsoort-voeding","17":"pa_seo_canonical_store_id-not_found_value","18":"pa_seo_category-not_found_value","19":"pa_seo_meta_robots-not_found_value","20":"pa_toedieningswijze-droogvoer","21":"pa_unit_pricing_base_measure-100g","22":"pa_unit_pricing_measure-500g","23":"pa_werkzamestof-overig","25":"first","26":"outofstock","27":"taxable","28":"shipping-taxable","29":"purchasable","30":"product-type-simple"},"yoast_head":"<!-- This site is optimized with the Yoast SEO plugin v27.5 - https:\/\/yoast.com\/product\/yoast-seo-wordpress\/ -->\n<title>Harrison&#039;s Bird Power Treat 1 pond - Pharmacy4pets<\/title>\n<meta name=\"robots\" content=\"index, follow, max-snippet:-1, max-image-preview:large, max-video-preview:-1\" \/>\n<link rel=\"canonical\" href=\"https:\/\/www.pharmacy4pets.nl\/harrison-s-bird-power-treat-1-pond\" \/>\n<meta property=\"og:locale\" content=\"nl_NL\" \/>\n<meta property=\"og:type\" content=\"article\" \/>\n<meta property=\"og:title\" content=\"Harrison&#039;s Bird Power Treat 1 pond - Pharmacy4pets\" \/>\n<meta property=\"og:description\" content=\"Harrison&#8217;s Bird Power Treats zijn bedoeld als versnapering of als onderdeel van de voeding bij vogels met een hogere energiebehoefte zoals bijvoorbeeld Ara&rsquo;s. Ook kan het behulpzaam zijn te gebruiken bij het omschakeling van het dieet, voor vogels die in gewicht moeten toenemen, herstellende zijn van een ziekte of als supplement voor vogels die geen [&hellip;]\" \/>\n<meta property=\"og:url\" content=\"https:\/\/www.pharmacy4pets.nl\/harrison-s-bird-power-treat-1-pond\" \/>\n<meta property=\"og:site_name\" content=\"Pharmacy4pets\" \/>\n<meta property=\"article:publisher\" content=\"https:\/\/www.facebook.com\/people\/Pharmacy4petsnl\/100063484989896\/\" \/>\n<meta property=\"article:modified_time\" content=\"2026-05-01T14:47:45+00:00\" \/>\n<meta property=\"og:image\" content=\"https:\/\/www.pharmacy4pets.nl\/wp-content\/uploads\/2021\/11\/24429.jpg\" \/>\n\t<meta property=\"og:image:width\" content=\"474\" \/>\n\t<meta property=\"og:image:height\" content=\"504\" \/>\n\t<meta property=\"og:image:type\" content=\"image\/jpeg\" \/>\n<meta name=\"twitter:card\" content=\"summary_large_image\" \/>\n<script type=\"application\/ld+json\" class=\"yoast-schema-graph\">{\"@context\":\"https:\\\/\\\/schema.org\",\"@graph\":[{\"@type\":\"WebPage\",\"@id\":\"https:\\\/\\\/www.pharmacy4pets.nl\\\/harrison-s-bird-power-treat-1-pond\",\"url\":\"https:\\\/\\\/www.pharmacy4pets.nl\\\/harrison-s-bird-power-treat-1-pond\",\"name\":\"Harrison's Bird Power Treat 1 pond - Pharmacy4pets\",\"isPartOf\":{\"@id\":\"http:\\\/\\\/www.pharmacy4pets.nl\\\/#website\"},\"primaryImageOfPage\":{\"@id\":\"https:\\\/\\\/www.pharmacy4pets.nl\\\/harrison-s-bird-power-treat-1-pond#primaryimage\"},\"image\":{\"@id\":\"https:\\\/\\\/www.pharmacy4pets.nl\\\/harrison-s-bird-power-treat-1-pond#primaryimage\"},\"thumbnailUrl\":\"https:\\\/\\\/www.pharmacy4pets.nl\\\/wp-content\\\/uploads\\\/2021\\\/11\\\/24429.jpg\",\"datePublished\":\"2021-11-10T16:08:47+00:00\",\"dateModified\":\"2026-05-01T14:47:45+00:00\",\"breadcrumb\":{\"@id\":\"https:\\\/\\\/www.pharmacy4pets.nl\\\/harrison-s-bird-power-treat-1-pond#breadcrumb\"},\"inLanguage\":\"nl-NL\",\"potentialAction\":[{\"@type\":\"ReadAction\",\"target\":[\"https:\\\/\\\/www.pharmacy4pets.nl\\\/harrison-s-bird-power-treat-1-pond\"]}]},{\"@type\":\"ImageObject\",\"inLanguage\":\"nl-NL\",\"@id\":\"https:\\\/\\\/www.pharmacy4pets.nl\\\/harrison-s-bird-power-treat-1-pond#primaryimage\",\"url\":\"https:\\\/\\\/www.pharmacy4pets.nl\\\/wp-content\\\/uploads\\\/2021\\\/11\\\/24429.jpg\",\"contentUrl\":\"https:\\\/\\\/www.pharmacy4pets.nl\\\/wp-content\\\/uploads\\\/2021\\\/11\\\/24429.jpg\",\"width\":474,\"height\":504,\"caption\":\"Harrison's Bird Foods\"},{\"@type\":\"BreadcrumbList\",\"@id\":\"https:\\\/\\\/www.pharmacy4pets.nl\\\/harrison-s-bird-power-treat-1-pond#breadcrumb\",\"itemListElement\":[{\"@type\":\"ListItem\",\"position\":1,\"name\":\"Home\",\"item\":\"https:\\\/\\\/p4p-nl.bootmine.com\\\/\"},{\"@type\":\"ListItem\",\"position\":2,\"name\":\"Winkel\",\"item\":\"https:\\\/\\\/p4p-nl.bootmine.com\\\/winkel\"},{\"@type\":\"ListItem\",\"position\":3,\"name\":\"Harrison&#8217;s Bird Power Treat 1 pond\"}]},{\"@type\":\"WebSite\",\"@id\":\"http:\\\/\\\/www.pharmacy4pets.nl\\\/#website\",\"url\":\"http:\\\/\\\/www.pharmacy4pets.nl\\\/\",\"name\":\"Pharmacy4pets\",\"description\":\"Pharmacy4pets.nl is d\u00e9 online apotheek waar u terecht kunt voor alle diergeneesmiddelen, verzorgingsproducten en dieetvoeding voor uw huisdier.\",\"publisher\":{\"@id\":\"http:\\\/\\\/www.pharmacy4pets.nl\\\/#organization\"},\"potentialAction\":[{\"@type\":\"SearchAction\",\"target\":{\"@type\":\"EntryPoint\",\"urlTemplate\":\"http:\\\/\\\/www.pharmacy4pets.nl\\\/?s={search_term_string}\"},\"query-input\":{\"@type\":\"PropertyValueSpecification\",\"valueRequired\":true,\"valueName\":\"search_term_string\"}}],\"inLanguage\":\"nl-NL\"},{\"@type\":\"Organization\",\"@id\":\"http:\\\/\\\/www.pharmacy4pets.nl\\\/#organization\",\"name\":\"Pharmacy4pets\",\"url\":\"http:\\\/\\\/www.pharmacy4pets.nl\\\/\",\"logo\":{\"@type\":\"ImageObject\",\"inLanguage\":\"nl-NL\",\"@id\":\"http:\\\/\\\/www.pharmacy4pets.nl\\\/#\\\/schema\\\/logo\\\/image\\\/\",\"url\":\"https:\\\/\\\/p4p-nl.bootmine.com\\\/wp-content\\\/uploads\\\/2026\\\/03\\\/logo-pharmacy4pets.png\",\"contentUrl\":\"https:\\\/\\\/p4p-nl.bootmine.com\\\/wp-content\\\/uploads\\\/2026\\\/03\\\/logo-pharmacy4pets.png\",\"width\":1024,\"height\":135,\"caption\":\"Pharmacy4pets\"},\"image\":{\"@id\":\"http:\\\/\\\/www.pharmacy4pets.nl\\\/#\\\/schema\\\/logo\\\/image\\\/\"},\"sameAs\":[\"https:\\\/\\\/www.facebook.com\\\/people\\\/Pharmacy4petsnl\\\/100063484989896\\\/\",\"https:\\\/\\\/www.youtube.com\\\/channel\\\/UCGPTIgucgli03tP2_kvLkHg\\\/featured\",\"https:\\\/\\\/www.instagram.com\\\/pharmacy4pets.nl\"]}]}<\/script>\n<!-- \/ Yoast SEO plugin. -->","yoast_head_json":{"title":"Harrison's Bird Power Treat 1 pond - Pharmacy4pets","robots":{"index":"index","follow":"follow","max-snippet":"max-snippet:-1","max-image-preview":"max-image-preview:large","max-video-preview":"max-video-preview:-1"},"canonical":"https:\/\/www.pharmacy4pets.nl\/harrison-s-bird-power-treat-1-pond","og_locale":"nl_NL","og_type":"article","og_title":"Harrison's Bird Power Treat 1 pond - Pharmacy4pets","og_description":"Harrison&#8217;s Bird Power Treats zijn bedoeld als versnapering of als onderdeel van de voeding bij vogels met een hogere energiebehoefte zoals bijvoorbeeld Ara&rsquo;s. Ook kan het behulpzaam zijn te gebruiken bij het omschakeling van het dieet, voor vogels die in gewicht moeten toenemen, herstellende zijn van een ziekte of als supplement voor vogels die geen [&hellip;]","og_url":"https:\/\/www.pharmacy4pets.nl\/harrison-s-bird-power-treat-1-pond","og_site_name":"Pharmacy4pets","article_publisher":"https:\/\/www.facebook.com\/people\/Pharmacy4petsnl\/100063484989896\/","article_modified_time":"2026-05-01T14:47:45+00:00","og_image":[{"width":474,"height":504,"url":"https:\/\/www.pharmacy4pets.nl\/wp-content\/uploads\/2021\/11\/24429.jpg","type":"image\/jpeg"}],"twitter_card":"summary_large_image","schema":{"@context":"https:\/\/schema.org","@graph":[{"@type":"WebPage","@id":"https:\/\/www.pharmacy4pets.nl\/harrison-s-bird-power-treat-1-pond","url":"https:\/\/www.pharmacy4pets.nl\/harrison-s-bird-power-treat-1-pond","name":"Harrison's Bird Power Treat 1 pond - Pharmacy4pets","isPartOf":{"@id":"http:\/\/www.pharmacy4pets.nl\/#website"},"primaryImageOfPage":{"@id":"https:\/\/www.pharmacy4pets.nl\/harrison-s-bird-power-treat-1-pond#primaryimage"},"image":{"@id":"https:\/\/www.pharmacy4pets.nl\/harrison-s-bird-power-treat-1-pond#primaryimage"},"thumbnailUrl":"https:\/\/www.pharmacy4pets.nl\/wp-content\/uploads\/2021\/11\/24429.jpg","datePublished":"2021-11-10T16:08:47+00:00","dateModified":"2026-05-01T14:47:45+00:00","breadcrumb":{"@id":"https:\/\/www.pharmacy4pets.nl\/harrison-s-bird-power-treat-1-pond#breadcrumb"},"inLanguage":"nl-NL","potentialAction":[{"@type":"ReadAction","target":["https:\/\/www.pharmacy4pets.nl\/harrison-s-bird-power-treat-1-pond"]}]},{"@type":"ImageObject","inLanguage":"nl-NL","@id":"https:\/\/www.pharmacy4pets.nl\/harrison-s-bird-power-treat-1-pond#primaryimage","url":"https:\/\/www.pharmacy4pets.nl\/wp-content\/uploads\/2021\/11\/24429.jpg","contentUrl":"https:\/\/www.pharmacy4pets.nl\/wp-content\/uploads\/2021\/11\/24429.jpg","width":474,"height":504,"caption":"Harrison's Bird Foods"},{"@type":"BreadcrumbList","@id":"https:\/\/www.pharmacy4pets.nl\/harrison-s-bird-power-treat-1-pond#breadcrumb","itemListElement":[{"@type":"ListItem","position":1,"name":"Home","item":"https:\/\/p4p-nl.bootmine.com\/"},{"@type":"ListItem","position":2,"name":"Winkel","item":"https:\/\/p4p-nl.bootmine.com\/winkel"},{"@type":"ListItem","position":3,"name":"Harrison&#8217;s Bird Power Treat 1 pond"}]},{"@type":"WebSite","@id":"http:\/\/www.pharmacy4pets.nl\/#website","url":"http:\/\/www.pharmacy4pets.nl\/","name":"Pharmacy4pets","description":"Pharmacy4pets.nl is d\u00e9 online apotheek waar u terecht kunt voor alle diergeneesmiddelen, verzorgingsproducten en dieetvoeding voor uw huisdier.","publisher":{"@id":"http:\/\/www.pharmacy4pets.nl\/#organization"},"potentialAction":[{"@type":"SearchAction","target":{"@type":"EntryPoint","urlTemplate":"http:\/\/www.pharmacy4pets.nl\/?s={search_term_string}"},"query-input":{"@type":"PropertyValueSpecification","valueRequired":true,"valueName":"search_term_string"}}],"inLanguage":"nl-NL"},{"@type":"Organization","@id":"http:\/\/www.pharmacy4pets.nl\/#organization","name":"Pharmacy4pets","url":"http:\/\/www.pharmacy4pets.nl\/","logo":{"@type":"ImageObject","inLanguage":"nl-NL","@id":"http:\/\/www.pharmacy4pets.nl\/#\/schema\/logo\/image\/","url":"https:\/\/p4p-nl.bootmine.com\/wp-content\/uploads\/2026\/03\/logo-pharmacy4pets.png","contentUrl":"https:\/\/p4p-nl.bootmine.com\/wp-content\/uploads\/2026\/03\/logo-pharmacy4pets.png","width":1024,"height":135,"caption":"Pharmacy4pets"},"image":{"@id":"http:\/\/www.pharmacy4pets.nl\/#\/schema\/logo\/image\/"},"sameAs":["https:\/\/www.facebook.com\/people\/Pharmacy4petsnl\/100063484989896\/","https:\/\/www.youtube.com\/channel\/UCGPTIgucgli03tP2_kvLkHg\/featured","https:\/\/www.instagram.com\/pharmacy4pets.nl"]}]}},"market_data":{"nl":{"price":0,"sale_price":0,"active":false,"url":null,"parent_url":"","tax_rate":0,"price_inc_tax":0,"sale_price_inc_tax":0},"de":{"price":0,"sale_price":0,"active":false,"url":null,"parent_url":"","tax_rate":0,"price_inc_tax":0,"sale_price_inc_tax":0},"be":{"price":0,"sale_price":0,"active":false,"url":null,"parent_url":"","tax_rate":0,"price_inc_tax":0,"sale_price_inc_tax":0},"fr":{"price":0,"sale_price":0,"active":false,"url":null,"parent_url":"","tax_rate":0,"price_inc_tax":0,"sale_price_inc_tax":0},"ch":{"price":0,"sale_price":0,"active":false,"url":null,"parent_url":"","tax_rate":0,"price_inc_tax":0,"sale_price_inc_tax":0},"at":{"price":0,"sale_price":0,"active":false,"url":null,"parent_url":"","tax_rate":0,"price_inc_tax":0,"sale_price_inc_tax":0},"es":{"price":0,"sale_price":0,"active":false,"url":null,"parent_url":"","tax_rate":0,"price_inc_tax":0,"sale_price_inc_tax":0},"dk":{"price":0,"sale_price":0,"active":false,"url":null,"parent_url":"","tax_rate":0,"price_inc_tax":0,"sale_price_inc_tax":0},"com":{"price":0,"sale_price":0,"active":false,"url":null,"parent_url":"","tax_rate":0,"price_inc_tax":0,"sale_price_inc_tax":0}},"market_nl_price":0,"market_nl_sale_price":0,"market_nl_active":false,"market_nl_url":null,"market_nl_parent_url":"","market_nl_tax_rate":0,"market_nl_price_inc_tax":0,"market_nl_sale_price_inc_tax":0,"market_de_price":0,"market_de_sale_price":0,"market_de_active":false,"market_de_url":null,"market_de_parent_url":"","market_de_tax_rate":0,"market_de_price_inc_tax":0,"market_de_sale_price_inc_tax":0,"market_be_price":0,"market_be_sale_price":0,"market_be_active":false,"market_be_url":null,"market_be_parent_url":"","market_be_tax_rate":0,"market_be_price_inc_tax":0,"market_be_sale_price_inc_tax":0,"market_fr_price":0,"market_fr_sale_price":0,"market_fr_active":false,"market_fr_url":null,"market_fr_parent_url":"","market_fr_tax_rate":0,"market_fr_price_inc_tax":0,"market_fr_sale_price_inc_tax":0,"market_ch_price":0,"market_ch_sale_price":0,"market_ch_active":false,"market_ch_url":null,"market_ch_parent_url":"","market_ch_tax_rate":0,"market_ch_price_inc_tax":0,"market_ch_sale_price_inc_tax":0,"market_at_price":0,"market_at_sale_price":0,"market_at_active":false,"market_at_url":null,"market_at_parent_url":"","market_at_tax_rate":0,"market_at_price_inc_tax":0,"market_at_sale_price_inc_tax":0,"market_es_price":0,"market_es_sale_price":0,"market_es_active":false,"market_es_url":null,"market_es_parent_url":"","market_es_tax_rate":0,"market_es_price_inc_tax":0,"market_es_sale_price_inc_tax":0,"market_dk_price":0,"market_dk_sale_price":0,"market_dk_active":false,"market_dk_url":null,"market_dk_parent_url":"","market_dk_tax_rate":0,"market_dk_price_inc_tax":0,"market_dk_sale_price_inc_tax":0,"market_com_price":0,"market_com_sale_price":0,"market_com_active":false,"market_com_url":null,"market_com_parent_url":"","market_com_tax_rate":0,"market_com_price_inc_tax":0,"market_com_sale_price_inc_tax":0,"acf":[],"_links":{"self":[{"href":"https:\/\/www.pharmacy4pets.nl\/be\/wp-json\/wp\/v2\/product\/119568","targetHints":{"allow":["GET"]}}],"collection":[{"href":"https:\/\/www.pharmacy4pets.nl\/be\/wp-json\/wp\/v2\/product"}],"about":[{"href":"https:\/\/www.pharmacy4pets.nl\/be\/wp-json\/wp\/v2\/types\/product"}],"replies":[{"embeddable":true,"href":"https:\/\/www.pharmacy4pets.nl\/be\/wp-json\/wp\/v2\/comments?post=119568"}],"wp:featuredmedia":[{"embeddable":true,"href":"https:\/\/www.pharmacy4pets.nl\/be\/wp-json\/wp\/v2\/media\/119567"}],"wp:attachment":[{"href":"https:\/\/www.pharmacy4pets.nl\/be\/wp-json\/wp\/v2\/media?parent=119568"}],"wp:term":[{"taxonomy":"product_brand","embeddable":true,"href":"https:\/\/www.pharmacy4pets.nl\/be\/wp-json\/wp\/v2\/product_brand?post=119568"},{"taxonomy":"product_cat","embeddable":true,"href":"https:\/\/www.pharmacy4pets.nl\/be\/wp-json\/wp\/v2\/product_cat?post=119568"},{"taxonomy":"product_tag","embeddable":true,"href":"https:\/\/www.pharmacy4pets.nl\/be\/wp-json\/wp\/v2\/product_tag?post=119568"}],"curies":[{"name":"wp","href":"https:\/\/api.w.org\/{rel}","templated":true}]}}