{"id":119566,"date":"2021-11-10T15:10:28","date_gmt":"2021-11-10T15:10:28","guid":{"rendered":"https:\/\/p4p.test\/urical"},"modified":"2026-04-14T08:04:10","modified_gmt":"2026-04-14T08:04:10","slug":"urical","status":"publish","type":"product","link":"https:\/\/www.pharmacy4pets.nl\/be\/urical","title":{"rendered":"Urical Phytotreat 250 ml"},"content":{"rendered":"<p>Urical van Phytotreat is een vloeibaar supplement dat ondersteuning biedt aan honden en katten die last hebben van blaasstenen of blaasgruis. Urical brengt de pH-waarde van de urine omlaag. Dagelijks gebruik van Urical helpt de mineralenbalans in de urine reguleren en draagt op deze manier bij aan het verminderen van blaasstenen. Urical kan veilig worden gebruikt gedurende het gehele leven van de hond of kat. Een flacon Urical bevat 250 ml.<\/p>\n","protected":false},"excerpt":{"rendered":"<p>Urical van Phytotreat is een vloeibaar supplement dat ondersteuning biedt aan honden en katten die last hebben van blaasstenen of blaasgruis. Urical brengt de pH-waarde van de urine omlaag. Dagelijks gebruik van Urical helpt de mineralenbalans in de urine reguleren en draagt op deze manier bij aan het verminderen van blaasstenen. Urical kan veilig worden [&hellip;]<\/p>\n","protected":false},"featured_media":119565,"comment_status":"open","ping_status":"closed","template":"","meta":{"_acf_changed":false,"_nl_post_content":"<p>Urical van Phytotreat is een vloeibaar supplement dat ondersteuning biedt aan honden en katten die last hebben van blaasstenen of blaasgruis. Urical brengt de pH-waarde van de urine omlaag. Dagelijks gebruik van Urical helpt de mineralenbalans in de urine reguleren en draagt op deze manier bij aan het verminderen van blaasstenen. Urical kan veilig worden gebruikt gedurende het gehele leven van de hond of kat. Een flacon Urical bevat 250 ml.<\/p>","_nl_post_name":"urical","_nl_post_excerpt":"","_nl_post_title":"Urical Phytotreat 250 ml","_en_post_content":"<p>Urical from PhytoTreat is a liquid supplement that provides support for dogs and cats that suffer from bladder stones or cystitis. Urical lowers the pH value of urine. Daily use of Urical helps to regulate the mineral balance in the urine, thus helping to reduce bladder stones. Urical can be used safely throughout the life of the dog or cat. One bottle of Urical contains 250 ml.<\/p>","_en_post_name":"urical","_en_post_excerpt":"","_en_post_title":"Urical Phytotreat 250 ml","_de_post_content":"<p>Urical von Phytotreat ist ein fl\u00fcssiges Erg\u00e4nzungsmittel zur Unterst\u00fctzung von Hunden und Katzen, die an Blasensteinen oder Blasenentz\u00fcndung leiden. Urical senkt den pH-Wert des Urins. Die t\u00e4gliche Einnahme von Urical tr\u00e4gt dazu bei, den Mineralhaushalt im Urin zu regulieren, und hilft so, Blasensteine zu reduzieren. Urical kann w\u00e4hrend des gesamten Lebens des Hundes oder der Katze sicher angewendet werden. Eine Flasche Urical enth\u00e4lt 250 ml.<\/p>","_de_post_name":"urical","_de_post_excerpt":"","_de_post_title":"Urical Phytotreat 250 ml","_fr_post_content":"<p>Urical de PhytoTreat est un compl\u00e9ment liquide qui apporte un soutien aux chiens et aux chats qui souffrent de calculs v\u00e9sicaux ou de cystite. Urical abaisse le pH de l'urine. L'utilisation quotidienne d'Urical aide \u00e0 r\u00e9guler l'\u00e9quilibre min\u00e9ral de l'urine, contribuant ainsi \u00e0 r\u00e9duire les calculs v\u00e9sicaux. Urical peut \u00eatre utilis\u00e9 en toute s\u00e9curit\u00e9 tout au long de la vie du chien ou du chat. Un flacon d'Urical contient 250 ml.<\/p>","_fr_post_name":"urical","_fr_post_excerpt":"","_fr_post_title":"Urical Phytotreat 250 ml","_es_post_content":"<p>Urical de PhytoTreat es un suplemento l\u00edquido que proporciona ayuda a los perros y gatos que padecen c\u00e1lculos en la vejiga o cistitis. Urical reduce el valor del pH de la orina. El uso diario de Urical ayuda a regular el equilibrio mineral en la orina, contribuyendo as\u00ed a reducir los c\u00e1lculos en la vejiga. Urical puede utilizarse con seguridad durante toda la vida del perro o del gato. Una botella de Urical contiene 250 ml.<\/p>","_es_post_name":"urical","_es_post_excerpt":"","_es_post_title":"Urical Phytotreat 250 ml","edit_language":"nl"},"product_brand":[],"product_cat":[2118,1997,1979,1117,1118,1839,1871,1857,1849,1880,2099],"product_tag":[],"class_list":{"0":"post-119566","1":"product","2":"type-product","3":"status-publish","4":"has-post-thumbnail","6":"product_cat-blaasgruis","7":"product_cat-blaasontsteking","9":"product_cat-honden","10":"product_cat-katten","11":"product_cat-medicijnen-supplementen","13":"product_cat-merken","14":"product_cat-nieren-blaas-urinewegen","16":"product_cat-urical-vet-i-pharma","17":"pa_aandoening-overig","18":"pa_doeldier-hond","19":"pa_doeldier-kat","20":"pa_fabricatieland-usa","21":"pa_merkfilter-urical","22":"pa_merkgroep-phytotreat","23":"pa_productsoort-voedingssupplement","24":"pa_seo_canonical_store_id-not_found_value","25":"pa_seo_category-not_found_value","26":"pa_seo_meta_robots-not_found_value","27":"pa_toedieningswijze-vloeistof","28":"pa_unit_pricing_base_measure-100ml","29":"pa_unit_pricing_measure-250ml","30":"pa_werkzamestof-overig","32":"first","33":"instock","34":"taxable","35":"shipping-taxable","36":"purchasable","37":"product-type-simple"},"yoast_head":"<!-- This site is optimized with the Yoast SEO plugin v27.5 - https:\/\/yoast.com\/product\/yoast-seo-wordpress\/ -->\n<title>Urical Phytotreat 250 ml - Pharmacy4pets<\/title>\n<meta name=\"robots\" content=\"index, follow, max-snippet:-1, max-image-preview:large, max-video-preview:-1\" \/>\n<link rel=\"canonical\" href=\"https:\/\/www.pharmacy4pets.nl\/urical\" \/>\n<meta property=\"og:locale\" content=\"nl_NL\" \/>\n<meta property=\"og:type\" content=\"article\" \/>\n<meta property=\"og:title\" content=\"Urical Phytotreat 250 ml - Pharmacy4pets\" \/>\n<meta property=\"og:description\" content=\"Urical van Phytotreat is een vloeibaar supplement dat ondersteuning biedt aan honden en katten die last hebben van blaasstenen of blaasgruis. Urical brengt de pH-waarde van de urine omlaag. Dagelijks gebruik van Urical helpt de mineralenbalans in de urine reguleren en draagt op deze manier bij aan het verminderen van blaasstenen. Urical kan veilig worden [&hellip;]\" \/>\n<meta property=\"og:url\" content=\"https:\/\/www.pharmacy4pets.nl\/urical\" \/>\n<meta property=\"og:site_name\" content=\"Pharmacy4pets\" \/>\n<meta property=\"article:publisher\" content=\"https:\/\/www.facebook.com\/people\/Pharmacy4petsnl\/100063484989896\/\" \/>\n<meta property=\"article:modified_time\" content=\"2026-04-14T08:04:10+00:00\" \/>\n<meta property=\"og:image\" content=\"https:\/\/www.pharmacy4pets.nl\/wp-content\/uploads\/2021\/11\/26307.jpg\" \/>\n\t<meta property=\"og:image:width\" content=\"500\" \/>\n\t<meta property=\"og:image:height\" content=\"700\" \/>\n\t<meta property=\"og:image:type\" content=\"image\/jpeg\" \/>\n<meta name=\"twitter:card\" content=\"summary_large_image\" \/>\n<script type=\"application\/ld+json\" class=\"yoast-schema-graph\">{\"@context\":\"https:\\\/\\\/schema.org\",\"@graph\":[{\"@type\":\"WebPage\",\"@id\":\"https:\\\/\\\/www.pharmacy4pets.nl\\\/urical\",\"url\":\"https:\\\/\\\/www.pharmacy4pets.nl\\\/urical\",\"name\":\"Urical Phytotreat 250 ml - Pharmacy4pets\",\"isPartOf\":{\"@id\":\"http:\\\/\\\/www.pharmacy4pets.nl\\\/#website\"},\"primaryImageOfPage\":{\"@id\":\"https:\\\/\\\/www.pharmacy4pets.nl\\\/urical#primaryimage\"},\"image\":{\"@id\":\"https:\\\/\\\/www.pharmacy4pets.nl\\\/urical#primaryimage\"},\"thumbnailUrl\":\"https:\\\/\\\/www.pharmacy4pets.nl\\\/wp-content\\\/uploads\\\/2021\\\/11\\\/26307.jpg\",\"datePublished\":\"2021-11-10T15:10:28+00:00\",\"dateModified\":\"2026-04-14T08:04:10+00:00\",\"breadcrumb\":{\"@id\":\"https:\\\/\\\/www.pharmacy4pets.nl\\\/urical#breadcrumb\"},\"inLanguage\":\"nl-NL\",\"potentialAction\":[{\"@type\":\"ReadAction\",\"target\":[\"https:\\\/\\\/www.pharmacy4pets.nl\\\/urical\"]}]},{\"@type\":\"ImageObject\",\"inLanguage\":\"nl-NL\",\"@id\":\"https:\\\/\\\/www.pharmacy4pets.nl\\\/urical#primaryimage\",\"url\":\"https:\\\/\\\/www.pharmacy4pets.nl\\\/wp-content\\\/uploads\\\/2021\\\/11\\\/26307.jpg\",\"contentUrl\":\"https:\\\/\\\/www.pharmacy4pets.nl\\\/wp-content\\\/uploads\\\/2021\\\/11\\\/26307.jpg\",\"width\":500,\"height\":700,\"caption\":\"Urical\"},{\"@type\":\"BreadcrumbList\",\"@id\":\"https:\\\/\\\/www.pharmacy4pets.nl\\\/urical#breadcrumb\",\"itemListElement\":[{\"@type\":\"ListItem\",\"position\":1,\"name\":\"Home\",\"item\":\"https:\\\/\\\/p4p-nl.bootmine.com\\\/\"},{\"@type\":\"ListItem\",\"position\":2,\"name\":\"Winkel\",\"item\":\"https:\\\/\\\/p4p-nl.bootmine.com\\\/winkel\"},{\"@type\":\"ListItem\",\"position\":3,\"name\":\"Urical Phytotreat 250 ml\"}]},{\"@type\":\"WebSite\",\"@id\":\"http:\\\/\\\/www.pharmacy4pets.nl\\\/#website\",\"url\":\"http:\\\/\\\/www.pharmacy4pets.nl\\\/\",\"name\":\"Pharmacy4pets\",\"description\":\"Pharmacy4pets.nl is d\u00e9 online apotheek waar u terecht kunt voor alle diergeneesmiddelen, verzorgingsproducten en dieetvoeding voor uw huisdier.\",\"publisher\":{\"@id\":\"http:\\\/\\\/www.pharmacy4pets.nl\\\/#organization\"},\"potentialAction\":[{\"@type\":\"SearchAction\",\"target\":{\"@type\":\"EntryPoint\",\"urlTemplate\":\"http:\\\/\\\/www.pharmacy4pets.nl\\\/?s={search_term_string}\"},\"query-input\":{\"@type\":\"PropertyValueSpecification\",\"valueRequired\":true,\"valueName\":\"search_term_string\"}}],\"inLanguage\":\"nl-NL\"},{\"@type\":\"Organization\",\"@id\":\"http:\\\/\\\/www.pharmacy4pets.nl\\\/#organization\",\"name\":\"Pharmacy4pets\",\"url\":\"http:\\\/\\\/www.pharmacy4pets.nl\\\/\",\"logo\":{\"@type\":\"ImageObject\",\"inLanguage\":\"nl-NL\",\"@id\":\"http:\\\/\\\/www.pharmacy4pets.nl\\\/#\\\/schema\\\/logo\\\/image\\\/\",\"url\":\"https:\\\/\\\/p4p-nl.bootmine.com\\\/wp-content\\\/uploads\\\/2026\\\/03\\\/logo-pharmacy4pets.png\",\"contentUrl\":\"https:\\\/\\\/p4p-nl.bootmine.com\\\/wp-content\\\/uploads\\\/2026\\\/03\\\/logo-pharmacy4pets.png\",\"width\":1024,\"height\":135,\"caption\":\"Pharmacy4pets\"},\"image\":{\"@id\":\"http:\\\/\\\/www.pharmacy4pets.nl\\\/#\\\/schema\\\/logo\\\/image\\\/\"},\"sameAs\":[\"https:\\\/\\\/www.facebook.com\\\/people\\\/Pharmacy4petsnl\\\/100063484989896\\\/\",\"https:\\\/\\\/www.youtube.com\\\/channel\\\/UCGPTIgucgli03tP2_kvLkHg\\\/featured\",\"https:\\\/\\\/www.instagram.com\\\/pharmacy4pets.nl\"]}]}<\/script>\n<!-- \/ Yoast SEO plugin. -->","yoast_head_json":{"title":"Urical Phytotreat 250 ml - Pharmacy4pets","robots":{"index":"index","follow":"follow","max-snippet":"max-snippet:-1","max-image-preview":"max-image-preview:large","max-video-preview":"max-video-preview:-1"},"canonical":"https:\/\/www.pharmacy4pets.nl\/urical","og_locale":"nl_NL","og_type":"article","og_title":"Urical Phytotreat 250 ml - Pharmacy4pets","og_description":"Urical van Phytotreat is een vloeibaar supplement dat ondersteuning biedt aan honden en katten die last hebben van blaasstenen of blaasgruis. Urical brengt de pH-waarde van de urine omlaag. Dagelijks gebruik van Urical helpt de mineralenbalans in de urine reguleren en draagt op deze manier bij aan het verminderen van blaasstenen. Urical kan veilig worden [&hellip;]","og_url":"https:\/\/www.pharmacy4pets.nl\/urical","og_site_name":"Pharmacy4pets","article_publisher":"https:\/\/www.facebook.com\/people\/Pharmacy4petsnl\/100063484989896\/","article_modified_time":"2026-04-14T08:04:10+00:00","og_image":[{"width":500,"height":700,"url":"https:\/\/www.pharmacy4pets.nl\/wp-content\/uploads\/2021\/11\/26307.jpg","type":"image\/jpeg"}],"twitter_card":"summary_large_image","schema":{"@context":"https:\/\/schema.org","@graph":[{"@type":"WebPage","@id":"https:\/\/www.pharmacy4pets.nl\/urical","url":"https:\/\/www.pharmacy4pets.nl\/urical","name":"Urical Phytotreat 250 ml - Pharmacy4pets","isPartOf":{"@id":"http:\/\/www.pharmacy4pets.nl\/#website"},"primaryImageOfPage":{"@id":"https:\/\/www.pharmacy4pets.nl\/urical#primaryimage"},"image":{"@id":"https:\/\/www.pharmacy4pets.nl\/urical#primaryimage"},"thumbnailUrl":"https:\/\/www.pharmacy4pets.nl\/wp-content\/uploads\/2021\/11\/26307.jpg","datePublished":"2021-11-10T15:10:28+00:00","dateModified":"2026-04-14T08:04:10+00:00","breadcrumb":{"@id":"https:\/\/www.pharmacy4pets.nl\/urical#breadcrumb"},"inLanguage":"nl-NL","potentialAction":[{"@type":"ReadAction","target":["https:\/\/www.pharmacy4pets.nl\/urical"]}]},{"@type":"ImageObject","inLanguage":"nl-NL","@id":"https:\/\/www.pharmacy4pets.nl\/urical#primaryimage","url":"https:\/\/www.pharmacy4pets.nl\/wp-content\/uploads\/2021\/11\/26307.jpg","contentUrl":"https:\/\/www.pharmacy4pets.nl\/wp-content\/uploads\/2021\/11\/26307.jpg","width":500,"height":700,"caption":"Urical"},{"@type":"BreadcrumbList","@id":"https:\/\/www.pharmacy4pets.nl\/urical#breadcrumb","itemListElement":[{"@type":"ListItem","position":1,"name":"Home","item":"https:\/\/p4p-nl.bootmine.com\/"},{"@type":"ListItem","position":2,"name":"Winkel","item":"https:\/\/p4p-nl.bootmine.com\/winkel"},{"@type":"ListItem","position":3,"name":"Urical Phytotreat 250 ml"}]},{"@type":"WebSite","@id":"http:\/\/www.pharmacy4pets.nl\/#website","url":"http:\/\/www.pharmacy4pets.nl\/","name":"Pharmacy4pets","description":"Pharmacy4pets.nl is d\u00e9 online apotheek waar u terecht kunt voor alle diergeneesmiddelen, verzorgingsproducten en dieetvoeding voor uw huisdier.","publisher":{"@id":"http:\/\/www.pharmacy4pets.nl\/#organization"},"potentialAction":[{"@type":"SearchAction","target":{"@type":"EntryPoint","urlTemplate":"http:\/\/www.pharmacy4pets.nl\/?s={search_term_string}"},"query-input":{"@type":"PropertyValueSpecification","valueRequired":true,"valueName":"search_term_string"}}],"inLanguage":"nl-NL"},{"@type":"Organization","@id":"http:\/\/www.pharmacy4pets.nl\/#organization","name":"Pharmacy4pets","url":"http:\/\/www.pharmacy4pets.nl\/","logo":{"@type":"ImageObject","inLanguage":"nl-NL","@id":"http:\/\/www.pharmacy4pets.nl\/#\/schema\/logo\/image\/","url":"https:\/\/p4p-nl.bootmine.com\/wp-content\/uploads\/2026\/03\/logo-pharmacy4pets.png","contentUrl":"https:\/\/p4p-nl.bootmine.com\/wp-content\/uploads\/2026\/03\/logo-pharmacy4pets.png","width":1024,"height":135,"caption":"Pharmacy4pets"},"image":{"@id":"http:\/\/www.pharmacy4pets.nl\/#\/schema\/logo\/image\/"},"sameAs":["https:\/\/www.facebook.com\/people\/Pharmacy4petsnl\/100063484989896\/","https:\/\/www.youtube.com\/channel\/UCGPTIgucgli03tP2_kvLkHg\/featured","https:\/\/www.instagram.com\/pharmacy4pets.nl"]}]}},"market_data":{"nl":{"price":0,"sale_price":0,"active":false,"url":null,"parent_url":"","tax_rate":0,"price_inc_tax":0,"sale_price_inc_tax":0},"de":{"price":0,"sale_price":0,"active":false,"url":null,"parent_url":"","tax_rate":0,"price_inc_tax":0,"sale_price_inc_tax":0},"be":{"price":0,"sale_price":0,"active":false,"url":null,"parent_url":"","tax_rate":0,"price_inc_tax":0,"sale_price_inc_tax":0},"fr":{"price":0,"sale_price":0,"active":false,"url":null,"parent_url":"","tax_rate":0,"price_inc_tax":0,"sale_price_inc_tax":0},"ch":{"price":0,"sale_price":0,"active":false,"url":null,"parent_url":"","tax_rate":0,"price_inc_tax":0,"sale_price_inc_tax":0},"at":{"price":0,"sale_price":0,"active":false,"url":null,"parent_url":"","tax_rate":0,"price_inc_tax":0,"sale_price_inc_tax":0},"es":{"price":0,"sale_price":0,"active":false,"url":null,"parent_url":"","tax_rate":0,"price_inc_tax":0,"sale_price_inc_tax":0},"dk":{"price":0,"sale_price":0,"active":false,"url":null,"parent_url":"","tax_rate":0,"price_inc_tax":0,"sale_price_inc_tax":0},"com":{"price":0,"sale_price":0,"active":false,"url":null,"parent_url":"","tax_rate":0,"price_inc_tax":0,"sale_price_inc_tax":0}},"market_nl_price":0,"market_nl_sale_price":0,"market_nl_active":false,"market_nl_url":null,"market_nl_parent_url":"","market_nl_tax_rate":0,"market_nl_price_inc_tax":0,"market_nl_sale_price_inc_tax":0,"market_de_price":0,"market_de_sale_price":0,"market_de_active":false,"market_de_url":null,"market_de_parent_url":"","market_de_tax_rate":0,"market_de_price_inc_tax":0,"market_de_sale_price_inc_tax":0,"market_be_price":0,"market_be_sale_price":0,"market_be_active":false,"market_be_url":null,"market_be_parent_url":"","market_be_tax_rate":0,"market_be_price_inc_tax":0,"market_be_sale_price_inc_tax":0,"market_fr_price":0,"market_fr_sale_price":0,"market_fr_active":false,"market_fr_url":null,"market_fr_parent_url":"","market_fr_tax_rate":0,"market_fr_price_inc_tax":0,"market_fr_sale_price_inc_tax":0,"market_ch_price":0,"market_ch_sale_price":0,"market_ch_active":false,"market_ch_url":null,"market_ch_parent_url":"","market_ch_tax_rate":0,"market_ch_price_inc_tax":0,"market_ch_sale_price_inc_tax":0,"market_at_price":0,"market_at_sale_price":0,"market_at_active":false,"market_at_url":null,"market_at_parent_url":"","market_at_tax_rate":0,"market_at_price_inc_tax":0,"market_at_sale_price_inc_tax":0,"market_es_price":0,"market_es_sale_price":0,"market_es_active":false,"market_es_url":null,"market_es_parent_url":"","market_es_tax_rate":0,"market_es_price_inc_tax":0,"market_es_sale_price_inc_tax":0,"market_dk_price":0,"market_dk_sale_price":0,"market_dk_active":false,"market_dk_url":null,"market_dk_parent_url":"","market_dk_tax_rate":0,"market_dk_price_inc_tax":0,"market_dk_sale_price_inc_tax":0,"market_com_price":0,"market_com_sale_price":0,"market_com_active":false,"market_com_url":null,"market_com_parent_url":"","market_com_tax_rate":0,"market_com_price_inc_tax":0,"market_com_sale_price_inc_tax":0,"acf":[],"_links":{"self":[{"href":"https:\/\/www.pharmacy4pets.nl\/be\/wp-json\/wp\/v2\/product\/119566","targetHints":{"allow":["GET"]}}],"collection":[{"href":"https:\/\/www.pharmacy4pets.nl\/be\/wp-json\/wp\/v2\/product"}],"about":[{"href":"https:\/\/www.pharmacy4pets.nl\/be\/wp-json\/wp\/v2\/types\/product"}],"replies":[{"embeddable":true,"href":"https:\/\/www.pharmacy4pets.nl\/be\/wp-json\/wp\/v2\/comments?post=119566"}],"wp:featuredmedia":[{"embeddable":true,"href":"https:\/\/www.pharmacy4pets.nl\/be\/wp-json\/wp\/v2\/media\/119565"}],"wp:attachment":[{"href":"https:\/\/www.pharmacy4pets.nl\/be\/wp-json\/wp\/v2\/media?parent=119566"}],"wp:term":[{"taxonomy":"product_brand","embeddable":true,"href":"https:\/\/www.pharmacy4pets.nl\/be\/wp-json\/wp\/v2\/product_brand?post=119566"},{"taxonomy":"product_cat","embeddable":true,"href":"https:\/\/www.pharmacy4pets.nl\/be\/wp-json\/wp\/v2\/product_cat?post=119566"},{"taxonomy":"product_tag","embeddable":true,"href":"https:\/\/www.pharmacy4pets.nl\/be\/wp-json\/wp\/v2\/product_tag?post=119566"}],"curies":[{"name":"wp","href":"https:\/\/api.w.org\/{rel}","templated":true}]}}