{"id":119476,"date":"2021-10-12T15:13:28","date_gmt":"2021-10-12T15:13:28","guid":{"rendered":"https:\/\/p4p.test\/katkor-korrels-6-x-200-gram"},"modified":"2026-03-25T12:01:51","modified_gmt":"2026-03-25T12:01:51","slug":"katkor-korrels-6-x-200-gram","status":"publish","type":"product","link":"https:\/\/www.pharmacy4pets.nl\/be\/katkor-korrels-6-x-200-gram","title":{"rendered":"Katkor korrels | 6x 200 gram"},"content":{"rendered":"<p>Katkor is een kattenbakkorrel die geen vocht absorbeert en daardoor zeer geschikt is om urinemonsters te verzamelen. Met behulp van urinemonsters kan urineonderzoek worden verricht naar de verschillende soorten blaasgruis, eiwit, glucose, ketonen, bloed en soortelijk gewicht. Daarnaast kan Katkor worden gebruikt voor de verzameling van ontlasting voor onderzoek op o.a. wormeieren en verteringsindicatoren. <\/p>\n","protected":false},"excerpt":{"rendered":"<p>Katkor is een kattenbakkorrel die geen vocht absorbeert en daardoor zeer geschikt is om urinemonsters te verzamelen. Met behulp van urinemonsters kan urineonderzoek worden verricht naar de verschillende soorten blaasgruis, eiwit, glucose, ketonen, bloed en soortelijk gewicht. Daarnaast kan Katkor worden gebruikt voor de verzameling van ontlasting voor onderzoek op o.a. wormeieren en verteringsindicatoren.<\/p>\n","protected":false},"featured_media":119475,"comment_status":"open","ping_status":"closed","template":"","meta":{"_acf_changed":false,"_nl_post_content":"Katkor is een kattenbakkorrel die geen vocht absorbeert en daardoor zeer geschikt is om urinemonsters te verzamelen. Met behulp van urinemonsters kan urineonderzoek worden verricht naar de verschillende soorten blaasgruis, eiwit, glucose, ketonen, bloed en soortelijk gewicht. Daarnaast kan Katkor worden gebruikt voor de verzameling van ontlasting voor onderzoek op o.a. wormeieren en verteringsindicatoren. ","_nl_post_name":"katkor-korrels-6-x-200-gram","_nl_post_excerpt":"","_nl_post_title":"Katkor korrels | 6x 200 gram","_en_post_content":"Katkor is a cat litter granule that does not absorb moisture and is therefore very suitable for collecting urine samples. Urine samples can be used to perform urinalysis for the different types of bladder stones, protein, glucose, ketones, blood and specific gravity. In addition, Katkor can be used for the collection of faeces for research on, among other things, worm eggs and digestion indicators.","_en_post_name":"katkor-granules-6-x-200-grams","_en_post_excerpt":"","_en_post_title":"Katkor granules | 6x 200 grams","_de_post_content":"<p>Katkor ist eine Katzenklo-Granulat die keine Feuchtigkeit aufnimmt und sich daher sehr gut zum Sammeln von Urinproben eignet. Urinproben k&ouml;nnen verwendet werden um eine Urinanalyse f&uuml;r die verschiedenen Arten von Blasensteinen, Protein, Glukose, Ketonen, Blut und spezifischem Gewicht durchzuf&uuml;hren. Dar&uuml;ber hinaus kann Katkor zur Sammlung von F&auml;kalien zur Erforschung unter anderem von Wurmeiern und Verdauungsindikatoren verwendet werden.<\/p>","_de_post_name":"katkor-granulat-6-x-200-gramm","_de_post_excerpt":"","_de_post_title":"Katkor Granulat | 6x 200 Gramm","_fr_post_content":"<p>Katkor est une liti\u00e8re pour chat qui n'absorbe pas l'humidit\u00e9 et convient donc tr\u00e8s bien \u00e0 la collecte d'\u00e9chantillons d'urine. \u00c0 l'aide d'\u00e9chantillons d'urine, une analyse d'urine peut \u00eatre effectu\u00e9e pour les diff\u00e9rents types de calculs v\u00e9sicaux, de prot\u00e9ines, de glucose, de c\u00e9tones, de sang et de gravit\u00e9 sp\u00e9cifique. De plus, Katkor peut \u00eatre utilis\u00e9 pour la collecte de mati\u00e8res f\u00e9cales pour la recherche sur les \u0153ufs de vers et les indicateurs digestifs, entre autres.<\/p>","_fr_post_name":"granules-katkor-1200-grammes","_fr_post_excerpt":"","_fr_post_title":"Granul\u00e9s Katkor | 6x 200 grammes","_es_post_content":"<p>Katkor es una arena para gatos que no absorbe humedad, por lo que es muy adecuada para la recogida de muestras de orina. Las muestras de orina se pueden usar para realizar an\u00e1lisis de orina para los diferentes tipos de c\u00e1lculos en la vejiga, prote\u00ednas, glucosa, cetonas, sangre y gravedad espec\u00edfica. Adem\u00e1s, Katkor se puede utilizar para la recolecci\u00f3n de heces para la investigaci\u00f3n, entre otras cosas, de huevos de lombrices e indicadores de digesti\u00f3n.<\/p>","_es_post_name":"katkor-granulos-6-x-200-gramos","_es_post_excerpt":"","_es_post_title":"Katkor gr\u00e1nulos | 6x 200 gramos","edit_language":"nl"},"product_brand":[],"product_cat":[2012,2118,1997,2058,1118,1871,1857,1880],"product_tag":[],"class_list":{"0":"post-119476","1":"product","2":"type-product","3":"status-publish","4":"has-post-thumbnail","6":"product_cat-acties","7":"product_cat-blaasgruis","8":"product_cat-blaasontsteking","9":"product_cat-katkor","10":"product_cat-katten","11":"product_cat-medicijnen-supplementen","12":"product_cat-merken","13":"product_cat-nieren-blaas-urinewegen","14":"pa_aandoening-overig","15":"pa_doeldier-kat","16":"pa_fabricatieland-nederland","17":"pa_merkfilter-katkor","18":"pa_merkgroep-katkor","19":"pa_productsoort-overig","20":"pa_seo_canonical_store_id-not_found_value","21":"pa_seo_category-not_found_value","22":"pa_seo_meta_robots-not_found_value","23":"pa_toedieningswijze-korrels","24":"pa_unit_pricing_base_measure-1ct","25":"pa_unit_pricing_measure-6ct","26":"pa_werkzamestof-overig","28":"first","29":"instock","30":"sale","31":"taxable","32":"shipping-taxable","33":"purchasable","34":"product-type-simple"},"yoast_head":"<!-- This site is optimized with the Yoast SEO plugin v27.5 - https:\/\/yoast.com\/product\/yoast-seo-wordpress\/ -->\n<title>Katkor korrels | 6x 200 gram - Pharmacy4pets<\/title>\n<meta name=\"robots\" content=\"index, follow, max-snippet:-1, max-image-preview:large, max-video-preview:-1\" \/>\n<link rel=\"canonical\" href=\"https:\/\/p4p-nl.bootmine.com\/%product-slug%\/katkor-korrels-6-x-200-gram\" \/>\n<meta property=\"og:locale\" content=\"nl_NL\" \/>\n<meta property=\"og:type\" content=\"article\" \/>\n<meta property=\"og:title\" content=\"Katkor korrels | 6x 200 gram - Pharmacy4pets\" \/>\n<meta property=\"og:description\" content=\"Katkor is een kattenbakkorrel die geen vocht absorbeert en daardoor zeer geschikt is om urinemonsters te verzamelen. Met behulp van urinemonsters kan urineonderzoek worden verricht naar de verschillende soorten blaasgruis, eiwit, glucose, ketonen, bloed en soortelijk gewicht. Daarnaast kan Katkor worden gebruikt voor de verzameling van ontlasting voor onderzoek op o.a. wormeieren en verteringsindicatoren.\" \/>\n<meta property=\"og:url\" content=\"https:\/\/p4p-nl.bootmine.com\/%product-slug%\/katkor-korrels-6-x-200-gram\" \/>\n<meta property=\"og:site_name\" content=\"Pharmacy4pets\" \/>\n<meta property=\"article:publisher\" content=\"https:\/\/www.facebook.com\/people\/Pharmacy4petsnl\/100063484989896\/\" \/>\n<meta property=\"article:modified_time\" content=\"2026-03-25T12:01:51+00:00\" \/>\n<meta property=\"og:image\" content=\"https:\/\/p4p-nl.bootmine.com\/wp-content\/uploads\/2021\/10\/25606_1.jpg\" \/>\n\t<meta property=\"og:image:width\" content=\"600\" \/>\n\t<meta property=\"og:image:height\" content=\"600\" \/>\n\t<meta property=\"og:image:type\" content=\"image\/jpeg\" \/>\n<meta name=\"twitter:card\" content=\"summary_large_image\" \/>\n<script type=\"application\/ld+json\" class=\"yoast-schema-graph\">{\"@context\":\"https:\\\/\\\/schema.org\",\"@graph\":[{\"@type\":\"WebPage\",\"@id\":\"https:\\\/\\\/p4p-nl.bootmine.com\\\/%product-slug%\\\/katkor-korrels-6-x-200-gram\",\"url\":\"https:\\\/\\\/p4p-nl.bootmine.com\\\/%product-slug%\\\/katkor-korrels-6-x-200-gram\",\"name\":\"Katkor korrels | 6x 200 gram - Pharmacy4pets\",\"isPartOf\":{\"@id\":\"http:\\\/\\\/www.pharmacy4pets.nl\\\/#website\"},\"primaryImageOfPage\":{\"@id\":\"https:\\\/\\\/p4p-nl.bootmine.com\\\/%product-slug%\\\/katkor-korrels-6-x-200-gram#primaryimage\"},\"image\":{\"@id\":\"https:\\\/\\\/p4p-nl.bootmine.com\\\/%product-slug%\\\/katkor-korrels-6-x-200-gram#primaryimage\"},\"thumbnailUrl\":\"https:\\\/\\\/www.pharmacy4pets.nl\\\/wp-content\\\/uploads\\\/2021\\\/10\\\/25606_1.jpg\",\"datePublished\":\"2021-10-12T15:13:28+00:00\",\"dateModified\":\"2026-03-25T12:01:51+00:00\",\"breadcrumb\":{\"@id\":\"https:\\\/\\\/p4p-nl.bootmine.com\\\/%product-slug%\\\/katkor-korrels-6-x-200-gram#breadcrumb\"},\"inLanguage\":\"nl-NL\",\"potentialAction\":[{\"@type\":\"ReadAction\",\"target\":[\"https:\\\/\\\/p4p-nl.bootmine.com\\\/%product-slug%\\\/katkor-korrels-6-x-200-gram\"]}]},{\"@type\":\"ImageObject\",\"inLanguage\":\"nl-NL\",\"@id\":\"https:\\\/\\\/p4p-nl.bootmine.com\\\/%product-slug%\\\/katkor-korrels-6-x-200-gram#primaryimage\",\"url\":\"https:\\\/\\\/www.pharmacy4pets.nl\\\/wp-content\\\/uploads\\\/2021\\\/10\\\/25606_1.jpg\",\"contentUrl\":\"https:\\\/\\\/www.pharmacy4pets.nl\\\/wp-content\\\/uploads\\\/2021\\\/10\\\/25606_1.jpg\",\"width\":600,\"height\":600,\"caption\":\"Katkor\"},{\"@type\":\"BreadcrumbList\",\"@id\":\"https:\\\/\\\/p4p-nl.bootmine.com\\\/%product-slug%\\\/katkor-korrels-6-x-200-gram#breadcrumb\",\"itemListElement\":[{\"@type\":\"ListItem\",\"position\":1,\"name\":\"Home\",\"item\":\"https:\\\/\\\/p4p-nl.bootmine.com\\\/\"},{\"@type\":\"ListItem\",\"position\":2,\"name\":\"Winkel\",\"item\":\"https:\\\/\\\/p4p-nl.bootmine.com\\\/winkel\"},{\"@type\":\"ListItem\",\"position\":3,\"name\":\"Katkor korrels | 6x 200 gram\"}]},{\"@type\":\"WebSite\",\"@id\":\"http:\\\/\\\/www.pharmacy4pets.nl\\\/#website\",\"url\":\"http:\\\/\\\/www.pharmacy4pets.nl\\\/\",\"name\":\"Pharmacy4pets\",\"description\":\"Pharmacy4pets.nl is d\u00e9 online apotheek waar u terecht kunt voor alle diergeneesmiddelen, verzorgingsproducten en dieetvoeding voor uw huisdier.\",\"publisher\":{\"@id\":\"http:\\\/\\\/www.pharmacy4pets.nl\\\/#organization\"},\"potentialAction\":[{\"@type\":\"SearchAction\",\"target\":{\"@type\":\"EntryPoint\",\"urlTemplate\":\"http:\\\/\\\/www.pharmacy4pets.nl\\\/?s={search_term_string}\"},\"query-input\":{\"@type\":\"PropertyValueSpecification\",\"valueRequired\":true,\"valueName\":\"search_term_string\"}}],\"inLanguage\":\"nl-NL\"},{\"@type\":\"Organization\",\"@id\":\"http:\\\/\\\/www.pharmacy4pets.nl\\\/#organization\",\"name\":\"Pharmacy4pets\",\"url\":\"http:\\\/\\\/www.pharmacy4pets.nl\\\/\",\"logo\":{\"@type\":\"ImageObject\",\"inLanguage\":\"nl-NL\",\"@id\":\"http:\\\/\\\/www.pharmacy4pets.nl\\\/#\\\/schema\\\/logo\\\/image\\\/\",\"url\":\"https:\\\/\\\/p4p-nl.bootmine.com\\\/wp-content\\\/uploads\\\/2026\\\/03\\\/logo-pharmacy4pets.png\",\"contentUrl\":\"https:\\\/\\\/p4p-nl.bootmine.com\\\/wp-content\\\/uploads\\\/2026\\\/03\\\/logo-pharmacy4pets.png\",\"width\":1024,\"height\":135,\"caption\":\"Pharmacy4pets\"},\"image\":{\"@id\":\"http:\\\/\\\/www.pharmacy4pets.nl\\\/#\\\/schema\\\/logo\\\/image\\\/\"},\"sameAs\":[\"https:\\\/\\\/www.facebook.com\\\/people\\\/Pharmacy4petsnl\\\/100063484989896\\\/\",\"https:\\\/\\\/www.youtube.com\\\/channel\\\/UCGPTIgucgli03tP2_kvLkHg\\\/featured\",\"https:\\\/\\\/www.instagram.com\\\/pharmacy4pets.nl\"]}]}<\/script>\n<!-- \/ Yoast SEO plugin. -->","yoast_head_json":{"title":"Katkor korrels | 6x 200 gram - Pharmacy4pets","robots":{"index":"index","follow":"follow","max-snippet":"max-snippet:-1","max-image-preview":"max-image-preview:large","max-video-preview":"max-video-preview:-1"},"canonical":"https:\/\/p4p-nl.bootmine.com\/%product-slug%\/katkor-korrels-6-x-200-gram","og_locale":"nl_NL","og_type":"article","og_title":"Katkor korrels | 6x 200 gram - Pharmacy4pets","og_description":"Katkor is een kattenbakkorrel die geen vocht absorbeert en daardoor zeer geschikt is om urinemonsters te verzamelen. Met behulp van urinemonsters kan urineonderzoek worden verricht naar de verschillende soorten blaasgruis, eiwit, glucose, ketonen, bloed en soortelijk gewicht. Daarnaast kan Katkor worden gebruikt voor de verzameling van ontlasting voor onderzoek op o.a. wormeieren en verteringsindicatoren.","og_url":"https:\/\/p4p-nl.bootmine.com\/%product-slug%\/katkor-korrels-6-x-200-gram","og_site_name":"Pharmacy4pets","article_publisher":"https:\/\/www.facebook.com\/people\/Pharmacy4petsnl\/100063484989896\/","article_modified_time":"2026-03-25T12:01:51+00:00","og_image":[{"width":600,"height":600,"url":"https:\/\/p4p-nl.bootmine.com\/wp-content\/uploads\/2021\/10\/25606_1.jpg","type":"image\/jpeg"}],"twitter_card":"summary_large_image","schema":{"@context":"https:\/\/schema.org","@graph":[{"@type":"WebPage","@id":"https:\/\/p4p-nl.bootmine.com\/%product-slug%\/katkor-korrels-6-x-200-gram","url":"https:\/\/p4p-nl.bootmine.com\/%product-slug%\/katkor-korrels-6-x-200-gram","name":"Katkor korrels | 6x 200 gram - Pharmacy4pets","isPartOf":{"@id":"http:\/\/www.pharmacy4pets.nl\/#website"},"primaryImageOfPage":{"@id":"https:\/\/p4p-nl.bootmine.com\/%product-slug%\/katkor-korrels-6-x-200-gram#primaryimage"},"image":{"@id":"https:\/\/p4p-nl.bootmine.com\/%product-slug%\/katkor-korrels-6-x-200-gram#primaryimage"},"thumbnailUrl":"https:\/\/www.pharmacy4pets.nl\/wp-content\/uploads\/2021\/10\/25606_1.jpg","datePublished":"2021-10-12T15:13:28+00:00","dateModified":"2026-03-25T12:01:51+00:00","breadcrumb":{"@id":"https:\/\/p4p-nl.bootmine.com\/%product-slug%\/katkor-korrels-6-x-200-gram#breadcrumb"},"inLanguage":"nl-NL","potentialAction":[{"@type":"ReadAction","target":["https:\/\/p4p-nl.bootmine.com\/%product-slug%\/katkor-korrels-6-x-200-gram"]}]},{"@type":"ImageObject","inLanguage":"nl-NL","@id":"https:\/\/p4p-nl.bootmine.com\/%product-slug%\/katkor-korrels-6-x-200-gram#primaryimage","url":"https:\/\/www.pharmacy4pets.nl\/wp-content\/uploads\/2021\/10\/25606_1.jpg","contentUrl":"https:\/\/www.pharmacy4pets.nl\/wp-content\/uploads\/2021\/10\/25606_1.jpg","width":600,"height":600,"caption":"Katkor"},{"@type":"BreadcrumbList","@id":"https:\/\/p4p-nl.bootmine.com\/%product-slug%\/katkor-korrels-6-x-200-gram#breadcrumb","itemListElement":[{"@type":"ListItem","position":1,"name":"Home","item":"https:\/\/p4p-nl.bootmine.com\/"},{"@type":"ListItem","position":2,"name":"Winkel","item":"https:\/\/p4p-nl.bootmine.com\/winkel"},{"@type":"ListItem","position":3,"name":"Katkor korrels | 6x 200 gram"}]},{"@type":"WebSite","@id":"http:\/\/www.pharmacy4pets.nl\/#website","url":"http:\/\/www.pharmacy4pets.nl\/","name":"Pharmacy4pets","description":"Pharmacy4pets.nl is d\u00e9 online apotheek waar u terecht kunt voor alle diergeneesmiddelen, verzorgingsproducten en dieetvoeding voor uw huisdier.","publisher":{"@id":"http:\/\/www.pharmacy4pets.nl\/#organization"},"potentialAction":[{"@type":"SearchAction","target":{"@type":"EntryPoint","urlTemplate":"http:\/\/www.pharmacy4pets.nl\/?s={search_term_string}"},"query-input":{"@type":"PropertyValueSpecification","valueRequired":true,"valueName":"search_term_string"}}],"inLanguage":"nl-NL"},{"@type":"Organization","@id":"http:\/\/www.pharmacy4pets.nl\/#organization","name":"Pharmacy4pets","url":"http:\/\/www.pharmacy4pets.nl\/","logo":{"@type":"ImageObject","inLanguage":"nl-NL","@id":"http:\/\/www.pharmacy4pets.nl\/#\/schema\/logo\/image\/","url":"https:\/\/p4p-nl.bootmine.com\/wp-content\/uploads\/2026\/03\/logo-pharmacy4pets.png","contentUrl":"https:\/\/p4p-nl.bootmine.com\/wp-content\/uploads\/2026\/03\/logo-pharmacy4pets.png","width":1024,"height":135,"caption":"Pharmacy4pets"},"image":{"@id":"http:\/\/www.pharmacy4pets.nl\/#\/schema\/logo\/image\/"},"sameAs":["https:\/\/www.facebook.com\/people\/Pharmacy4petsnl\/100063484989896\/","https:\/\/www.youtube.com\/channel\/UCGPTIgucgli03tP2_kvLkHg\/featured","https:\/\/www.instagram.com\/pharmacy4pets.nl"]}]}},"market_data":{"nl":{"price":0,"sale_price":0,"active":false,"url":null,"parent_url":"","tax_rate":0,"price_inc_tax":0,"sale_price_inc_tax":0},"de":{"price":0,"sale_price":0,"active":false,"url":null,"parent_url":"","tax_rate":0,"price_inc_tax":0,"sale_price_inc_tax":0},"be":{"price":0,"sale_price":0,"active":false,"url":null,"parent_url":"","tax_rate":0,"price_inc_tax":0,"sale_price_inc_tax":0},"fr":{"price":0,"sale_price":0,"active":false,"url":null,"parent_url":"","tax_rate":0,"price_inc_tax":0,"sale_price_inc_tax":0},"ch":{"price":0,"sale_price":0,"active":false,"url":null,"parent_url":"","tax_rate":0,"price_inc_tax":0,"sale_price_inc_tax":0},"at":{"price":0,"sale_price":0,"active":false,"url":null,"parent_url":"","tax_rate":0,"price_inc_tax":0,"sale_price_inc_tax":0},"es":{"price":0,"sale_price":0,"active":false,"url":null,"parent_url":"","tax_rate":0,"price_inc_tax":0,"sale_price_inc_tax":0},"dk":{"price":0,"sale_price":0,"active":false,"url":null,"parent_url":"","tax_rate":0,"price_inc_tax":0,"sale_price_inc_tax":0},"com":{"price":0,"sale_price":0,"active":false,"url":null,"parent_url":"","tax_rate":0,"price_inc_tax":0,"sale_price_inc_tax":0}},"market_nl_price":0,"market_nl_sale_price":0,"market_nl_active":false,"market_nl_url":null,"market_nl_parent_url":"","market_nl_tax_rate":0,"market_nl_price_inc_tax":0,"market_nl_sale_price_inc_tax":0,"market_de_price":0,"market_de_sale_price":0,"market_de_active":false,"market_de_url":null,"market_de_parent_url":"","market_de_tax_rate":0,"market_de_price_inc_tax":0,"market_de_sale_price_inc_tax":0,"market_be_price":0,"market_be_sale_price":0,"market_be_active":false,"market_be_url":null,"market_be_parent_url":"","market_be_tax_rate":0,"market_be_price_inc_tax":0,"market_be_sale_price_inc_tax":0,"market_fr_price":0,"market_fr_sale_price":0,"market_fr_active":false,"market_fr_url":null,"market_fr_parent_url":"","market_fr_tax_rate":0,"market_fr_price_inc_tax":0,"market_fr_sale_price_inc_tax":0,"market_ch_price":0,"market_ch_sale_price":0,"market_ch_active":false,"market_ch_url":null,"market_ch_parent_url":"","market_ch_tax_rate":0,"market_ch_price_inc_tax":0,"market_ch_sale_price_inc_tax":0,"market_at_price":0,"market_at_sale_price":0,"market_at_active":false,"market_at_url":null,"market_at_parent_url":"","market_at_tax_rate":0,"market_at_price_inc_tax":0,"market_at_sale_price_inc_tax":0,"market_es_price":0,"market_es_sale_price":0,"market_es_active":false,"market_es_url":null,"market_es_parent_url":"","market_es_tax_rate":0,"market_es_price_inc_tax":0,"market_es_sale_price_inc_tax":0,"market_dk_price":0,"market_dk_sale_price":0,"market_dk_active":false,"market_dk_url":null,"market_dk_parent_url":"","market_dk_tax_rate":0,"market_dk_price_inc_tax":0,"market_dk_sale_price_inc_tax":0,"market_com_price":0,"market_com_sale_price":0,"market_com_active":false,"market_com_url":null,"market_com_parent_url":"","market_com_tax_rate":0,"market_com_price_inc_tax":0,"market_com_sale_price_inc_tax":0,"acf":[],"_links":{"self":[{"href":"https:\/\/www.pharmacy4pets.nl\/be\/wp-json\/wp\/v2\/product\/119476","targetHints":{"allow":["GET"]}}],"collection":[{"href":"https:\/\/www.pharmacy4pets.nl\/be\/wp-json\/wp\/v2\/product"}],"about":[{"href":"https:\/\/www.pharmacy4pets.nl\/be\/wp-json\/wp\/v2\/types\/product"}],"replies":[{"embeddable":true,"href":"https:\/\/www.pharmacy4pets.nl\/be\/wp-json\/wp\/v2\/comments?post=119476"}],"wp:featuredmedia":[{"embeddable":true,"href":"https:\/\/www.pharmacy4pets.nl\/be\/wp-json\/wp\/v2\/media\/119475"}],"wp:attachment":[{"href":"https:\/\/www.pharmacy4pets.nl\/be\/wp-json\/wp\/v2\/media?parent=119476"}],"wp:term":[{"taxonomy":"product_brand","embeddable":true,"href":"https:\/\/www.pharmacy4pets.nl\/be\/wp-json\/wp\/v2\/product_brand?post=119476"},{"taxonomy":"product_cat","embeddable":true,"href":"https:\/\/www.pharmacy4pets.nl\/be\/wp-json\/wp\/v2\/product_cat?post=119476"},{"taxonomy":"product_tag","embeddable":true,"href":"https:\/\/www.pharmacy4pets.nl\/be\/wp-json\/wp\/v2\/product_tag?post=119476"}],"curies":[{"name":"wp","href":"https:\/\/api.w.org\/{rel}","templated":true}]}}