{"id":119467,"date":"2021-09-01T11:01:35","date_gmt":"2021-09-01T11:01:35","guid":{"rendered":"https:\/\/p4p.test\/trixie-fles-met-drinkbak-rvs-blauw"},"modified":"2026-03-25T12:01:49","modified_gmt":"2026-03-25T12:01:49","slug":"trixie-fles-met-drinkbak-rvs-blauw","status":"publish","type":"product","link":"https:\/\/www.pharmacy4pets.nl\/be\/trixie-fles-met-drinkbak-rvs-blauw","title":{"rendered":"Trixie fles met drinkbak RVS\/blauw"},"content":{"rendered":"<p>De roestvrijstalen Trixie drinkfles met drinkbak is erg handig voor onderweg. De vorm van het deksel maakt het gebruik als drinkbak mogelijk. Verkrijgbaar in RVS met kunststof blauw.<\/p>\n<p><span style=\"text-decoration: underline;\">Verpakking:<br \/> <\/span>300 ml of 750 ml<\/p>\n","protected":false},"excerpt":{"rendered":"<p>De roestvrijstalen Trixie drinkfles met drinkbak is erg handig voor onderweg. De vorm van het deksel maakt het gebruik als drinkbak mogelijk. Verkrijgbaar in RVS met kunststof blauw. Verpakking: 300 ml of 750 ml<\/p>\n","protected":false},"featured_media":119466,"comment_status":"open","ping_status":"closed","template":"","meta":{"_acf_changed":false,"_nl_post_content":"<p>De roestvrijstalen Trixie drinkfles met drinkbak is erg handig voor onderweg. De vorm van het deksel maakt het gebruik als drinkbak mogelijk. Verkrijgbaar in RVS met kunststof blauw.<\/p>\r\n<p><span style=\"text-decoration: underline;\">Verpakking:<br \/> <\/span>300 ml of 750 ml<\/p>","_nl_post_name":"trixie-fles-met-drinkbak-rvs-blauw","_nl_post_excerpt":"","_nl_post_title":"Trixie fles met drinkbak RVS\/blauw","_en_post_content":"<div class=\"std\">\r\n<p>The stainless steel Trixie drink bottle with drinking bowl is very handy for being on tour. The shape of the lid makes it possible to use it as a water bowl. Available in stainless steel with blue plastic.<\/p>\r\n<p><span style=\"text-decoration: underline;\">Package:<br \/><\/span>300 ml or 750 ml<\/p>\r\n<\/div>","_en_post_name":"trixie-bottle-drinking-bowl-stainless-steel-blue","_en_post_excerpt":"","_en_post_title":"Trixie bottle with drinking bowl stainless steel\/blue","_de_post_content":"<div class=\"std\">\r\n<p>Die rostfreier Edelstahl Trixie Trinkflasche mit Trinkschale ist sehr praktisch f&uuml;r unterwegs. Die Form des Deckels erm&ouml;glicht die Nutzung als Trinknapf. Erh&auml;ltlich in rostfreier Edelstahl mit Kunststoff blau.<\/p>\r\n<p><span style=\"text-decoration: underline;\">Verpackung:<br \/><\/span>300 ml oder 750 ml<\/p>\r\n<\/div>","_de_post_name":"trixie-flasche-trinknapf-rostfreier-edelstahl-blau","_de_post_excerpt":"","_de_post_title":"Trixie Flasche mit Trinknapf rostfreier Edelstahl\/blau","_fr_post_content":"<p>La bouteille Trixie en acier inoxydable avec bol \u00e0 boire est tr\u00e8s pratique en d\u00e9placement. La forme du couvercle permet de l'utiliser comme un bol \u00e0 boire. Disponible en acier inoxydable et en plastique bleu.<\/p>\r\n<p>Emballage :<br \/>300 ml ou 750 ml<\/p>","_fr_post_name":"trixie-bouteille-avec-abreuvoir-inox-bleu","_fr_post_excerpt":"","_fr_post_title":"Trixie bouteille avec abreuvoir inox bleu","_es_post_content":"<p>La botella con bibedero de Trixie es ideal para que su perro beba mientras viaja. La forma de la tapa permite su uso como bebedero. Esta botella est\u00e1 hecha de acero inoxidable con pl\u00e1stico azul.<\/p>\r\n<p><span style=\"text-decoration: underline;\">Embalaje:<\/span><br \/>300 ml o 750 ml.<\/p>","_es_post_name":"trixie-botella-con-bebedero-perros-acero-inoxidable-azul","_es_post_excerpt":"","_es_post_title":"Trixie botella con bebedero para perros | Acero inoxidable - azul","edit_language":"nl"},"product_brand":[],"product_cat":[1861,1117,1857,1959,1866],"product_tag":[],"class_list":{"0":"post-119467","1":"product","2":"type-product","3":"status-publish","4":"has-post-thumbnail","6":"product_cat-benodigdheden","7":"product_cat-honden","8":"product_cat-merken","9":"product_cat-trixie","10":"product_cat-voerbak","11":"pa_aandoening-overig","12":"pa_doeldier-hond","13":"pa_fabricatieland-duitsland","14":"pa_merkfilter-trixie","15":"pa_merkgroep-trixie","16":"pa_productsoort-overig","17":"pa_seo_canonical_store_id-not_found_value","18":"pa_seo_category-not_found_value","19":"pa_seo_meta_robots-not_found_value","20":"pa_toedieningswijze-fles","21":"pa_werkzamestof-overig","23":"first","24":"instock","25":"taxable","26":"shipping-taxable","27":"product-type-grouped"},"yoast_head":"<!-- This site is optimized with the Yoast SEO plugin v27.5 - https:\/\/yoast.com\/product\/yoast-seo-wordpress\/ -->\n<title>Trixie fles met drinkbak RVS\/blauw - Pharmacy4pets<\/title>\n<meta name=\"robots\" content=\"index, follow, max-snippet:-1, max-image-preview:large, max-video-preview:-1\" \/>\n<link rel=\"canonical\" href=\"https:\/\/www.pharmacy4pets.nl\/trixie-fles-met-drinkbak-rvs-blauw\" \/>\n<meta property=\"og:locale\" content=\"nl_NL\" \/>\n<meta property=\"og:type\" content=\"article\" \/>\n<meta property=\"og:title\" content=\"Trixie fles met drinkbak RVS\/blauw - Pharmacy4pets\" \/>\n<meta property=\"og:description\" content=\"De roestvrijstalen Trixie drinkfles met drinkbak is erg handig voor onderweg. De vorm van het deksel maakt het gebruik als drinkbak mogelijk. Verkrijgbaar in RVS met kunststof blauw. Verpakking: 300 ml of 750 ml\" \/>\n<meta property=\"og:url\" content=\"https:\/\/www.pharmacy4pets.nl\/trixie-fles-met-drinkbak-rvs-blauw\" \/>\n<meta property=\"og:site_name\" content=\"Pharmacy4pets\" \/>\n<meta property=\"article:publisher\" content=\"https:\/\/www.facebook.com\/people\/Pharmacy4petsnl\/100063484989896\/\" \/>\n<meta property=\"article:modified_time\" content=\"2026-03-25T12:01:49+00:00\" \/>\n<meta property=\"og:image\" content=\"https:\/\/www.pharmacy4pets.nl\/wp-content\/uploads\/2021\/09\/99375.jpg\" \/>\n\t<meta property=\"og:image:width\" content=\"600\" \/>\n\t<meta property=\"og:image:height\" content=\"600\" \/>\n\t<meta property=\"og:image:type\" content=\"image\/jpeg\" \/>\n<meta name=\"twitter:card\" content=\"summary_large_image\" \/>\n<script type=\"application\/ld+json\" class=\"yoast-schema-graph\">{\"@context\":\"https:\\\/\\\/schema.org\",\"@graph\":[{\"@type\":\"WebPage\",\"@id\":\"https:\\\/\\\/www.pharmacy4pets.nl\\\/trixie-fles-met-drinkbak-rvs-blauw\",\"url\":\"https:\\\/\\\/www.pharmacy4pets.nl\\\/trixie-fles-met-drinkbak-rvs-blauw\",\"name\":\"Trixie fles met drinkbak RVS\\\/blauw - Pharmacy4pets\",\"isPartOf\":{\"@id\":\"http:\\\/\\\/www.pharmacy4pets.nl\\\/#website\"},\"primaryImageOfPage\":{\"@id\":\"https:\\\/\\\/www.pharmacy4pets.nl\\\/trixie-fles-met-drinkbak-rvs-blauw#primaryimage\"},\"image\":{\"@id\":\"https:\\\/\\\/www.pharmacy4pets.nl\\\/trixie-fles-met-drinkbak-rvs-blauw#primaryimage\"},\"thumbnailUrl\":\"https:\\\/\\\/www.pharmacy4pets.nl\\\/wp-content\\\/uploads\\\/2021\\\/09\\\/99375.jpg\",\"datePublished\":\"2021-09-01T11:01:35+00:00\",\"dateModified\":\"2026-03-25T12:01:49+00:00\",\"breadcrumb\":{\"@id\":\"https:\\\/\\\/www.pharmacy4pets.nl\\\/trixie-fles-met-drinkbak-rvs-blauw#breadcrumb\"},\"inLanguage\":\"nl-NL\",\"potentialAction\":[{\"@type\":\"ReadAction\",\"target\":[\"https:\\\/\\\/www.pharmacy4pets.nl\\\/trixie-fles-met-drinkbak-rvs-blauw\"]}]},{\"@type\":\"ImageObject\",\"inLanguage\":\"nl-NL\",\"@id\":\"https:\\\/\\\/www.pharmacy4pets.nl\\\/trixie-fles-met-drinkbak-rvs-blauw#primaryimage\",\"url\":\"https:\\\/\\\/www.pharmacy4pets.nl\\\/wp-content\\\/uploads\\\/2021\\\/09\\\/99375.jpg\",\"contentUrl\":\"https:\\\/\\\/www.pharmacy4pets.nl\\\/wp-content\\\/uploads\\\/2021\\\/09\\\/99375.jpg\",\"width\":600,\"height\":600,\"caption\":\"Trixie\"},{\"@type\":\"BreadcrumbList\",\"@id\":\"https:\\\/\\\/www.pharmacy4pets.nl\\\/trixie-fles-met-drinkbak-rvs-blauw#breadcrumb\",\"itemListElement\":[{\"@type\":\"ListItem\",\"position\":1,\"name\":\"Home\",\"item\":\"https:\\\/\\\/p4p-nl.bootmine.com\\\/\"},{\"@type\":\"ListItem\",\"position\":2,\"name\":\"Winkel\",\"item\":\"https:\\\/\\\/p4p-nl.bootmine.com\\\/winkel\"},{\"@type\":\"ListItem\",\"position\":3,\"name\":\"Trixie fles met drinkbak RVS\\\/blauw\"}]},{\"@type\":\"WebSite\",\"@id\":\"http:\\\/\\\/www.pharmacy4pets.nl\\\/#website\",\"url\":\"http:\\\/\\\/www.pharmacy4pets.nl\\\/\",\"name\":\"Pharmacy4pets\",\"description\":\"Pharmacy4pets.nl is d\u00e9 online apotheek waar u terecht kunt voor alle diergeneesmiddelen, verzorgingsproducten en dieetvoeding voor uw huisdier.\",\"publisher\":{\"@id\":\"http:\\\/\\\/www.pharmacy4pets.nl\\\/#organization\"},\"potentialAction\":[{\"@type\":\"SearchAction\",\"target\":{\"@type\":\"EntryPoint\",\"urlTemplate\":\"http:\\\/\\\/www.pharmacy4pets.nl\\\/?s={search_term_string}\"},\"query-input\":{\"@type\":\"PropertyValueSpecification\",\"valueRequired\":true,\"valueName\":\"search_term_string\"}}],\"inLanguage\":\"nl-NL\"},{\"@type\":\"Organization\",\"@id\":\"http:\\\/\\\/www.pharmacy4pets.nl\\\/#organization\",\"name\":\"Pharmacy4pets\",\"url\":\"http:\\\/\\\/www.pharmacy4pets.nl\\\/\",\"logo\":{\"@type\":\"ImageObject\",\"inLanguage\":\"nl-NL\",\"@id\":\"http:\\\/\\\/www.pharmacy4pets.nl\\\/#\\\/schema\\\/logo\\\/image\\\/\",\"url\":\"https:\\\/\\\/p4p-nl.bootmine.com\\\/wp-content\\\/uploads\\\/2026\\\/03\\\/logo-pharmacy4pets.png\",\"contentUrl\":\"https:\\\/\\\/p4p-nl.bootmine.com\\\/wp-content\\\/uploads\\\/2026\\\/03\\\/logo-pharmacy4pets.png\",\"width\":1024,\"height\":135,\"caption\":\"Pharmacy4pets\"},\"image\":{\"@id\":\"http:\\\/\\\/www.pharmacy4pets.nl\\\/#\\\/schema\\\/logo\\\/image\\\/\"},\"sameAs\":[\"https:\\\/\\\/www.facebook.com\\\/people\\\/Pharmacy4petsnl\\\/100063484989896\\\/\",\"https:\\\/\\\/www.youtube.com\\\/channel\\\/UCGPTIgucgli03tP2_kvLkHg\\\/featured\",\"https:\\\/\\\/www.instagram.com\\\/pharmacy4pets.nl\"]}]}<\/script>\n<!-- \/ Yoast SEO plugin. -->","yoast_head_json":{"title":"Trixie fles met drinkbak RVS\/blauw - Pharmacy4pets","robots":{"index":"index","follow":"follow","max-snippet":"max-snippet:-1","max-image-preview":"max-image-preview:large","max-video-preview":"max-video-preview:-1"},"canonical":"https:\/\/www.pharmacy4pets.nl\/trixie-fles-met-drinkbak-rvs-blauw","og_locale":"nl_NL","og_type":"article","og_title":"Trixie fles met drinkbak RVS\/blauw - Pharmacy4pets","og_description":"De roestvrijstalen Trixie drinkfles met drinkbak is erg handig voor onderweg. De vorm van het deksel maakt het gebruik als drinkbak mogelijk. Verkrijgbaar in RVS met kunststof blauw. Verpakking: 300 ml of 750 ml","og_url":"https:\/\/www.pharmacy4pets.nl\/trixie-fles-met-drinkbak-rvs-blauw","og_site_name":"Pharmacy4pets","article_publisher":"https:\/\/www.facebook.com\/people\/Pharmacy4petsnl\/100063484989896\/","article_modified_time":"2026-03-25T12:01:49+00:00","og_image":[{"width":600,"height":600,"url":"https:\/\/www.pharmacy4pets.nl\/wp-content\/uploads\/2021\/09\/99375.jpg","type":"image\/jpeg"}],"twitter_card":"summary_large_image","schema":{"@context":"https:\/\/schema.org","@graph":[{"@type":"WebPage","@id":"https:\/\/www.pharmacy4pets.nl\/trixie-fles-met-drinkbak-rvs-blauw","url":"https:\/\/www.pharmacy4pets.nl\/trixie-fles-met-drinkbak-rvs-blauw","name":"Trixie fles met drinkbak RVS\/blauw - Pharmacy4pets","isPartOf":{"@id":"http:\/\/www.pharmacy4pets.nl\/#website"},"primaryImageOfPage":{"@id":"https:\/\/www.pharmacy4pets.nl\/trixie-fles-met-drinkbak-rvs-blauw#primaryimage"},"image":{"@id":"https:\/\/www.pharmacy4pets.nl\/trixie-fles-met-drinkbak-rvs-blauw#primaryimage"},"thumbnailUrl":"https:\/\/www.pharmacy4pets.nl\/wp-content\/uploads\/2021\/09\/99375.jpg","datePublished":"2021-09-01T11:01:35+00:00","dateModified":"2026-03-25T12:01:49+00:00","breadcrumb":{"@id":"https:\/\/www.pharmacy4pets.nl\/trixie-fles-met-drinkbak-rvs-blauw#breadcrumb"},"inLanguage":"nl-NL","potentialAction":[{"@type":"ReadAction","target":["https:\/\/www.pharmacy4pets.nl\/trixie-fles-met-drinkbak-rvs-blauw"]}]},{"@type":"ImageObject","inLanguage":"nl-NL","@id":"https:\/\/www.pharmacy4pets.nl\/trixie-fles-met-drinkbak-rvs-blauw#primaryimage","url":"https:\/\/www.pharmacy4pets.nl\/wp-content\/uploads\/2021\/09\/99375.jpg","contentUrl":"https:\/\/www.pharmacy4pets.nl\/wp-content\/uploads\/2021\/09\/99375.jpg","width":600,"height":600,"caption":"Trixie"},{"@type":"BreadcrumbList","@id":"https:\/\/www.pharmacy4pets.nl\/trixie-fles-met-drinkbak-rvs-blauw#breadcrumb","itemListElement":[{"@type":"ListItem","position":1,"name":"Home","item":"https:\/\/p4p-nl.bootmine.com\/"},{"@type":"ListItem","position":2,"name":"Winkel","item":"https:\/\/p4p-nl.bootmine.com\/winkel"},{"@type":"ListItem","position":3,"name":"Trixie fles met drinkbak RVS\/blauw"}]},{"@type":"WebSite","@id":"http:\/\/www.pharmacy4pets.nl\/#website","url":"http:\/\/www.pharmacy4pets.nl\/","name":"Pharmacy4pets","description":"Pharmacy4pets.nl is d\u00e9 online apotheek waar u terecht kunt voor alle diergeneesmiddelen, verzorgingsproducten en dieetvoeding voor uw huisdier.","publisher":{"@id":"http:\/\/www.pharmacy4pets.nl\/#organization"},"potentialAction":[{"@type":"SearchAction","target":{"@type":"EntryPoint","urlTemplate":"http:\/\/www.pharmacy4pets.nl\/?s={search_term_string}"},"query-input":{"@type":"PropertyValueSpecification","valueRequired":true,"valueName":"search_term_string"}}],"inLanguage":"nl-NL"},{"@type":"Organization","@id":"http:\/\/www.pharmacy4pets.nl\/#organization","name":"Pharmacy4pets","url":"http:\/\/www.pharmacy4pets.nl\/","logo":{"@type":"ImageObject","inLanguage":"nl-NL","@id":"http:\/\/www.pharmacy4pets.nl\/#\/schema\/logo\/image\/","url":"https:\/\/p4p-nl.bootmine.com\/wp-content\/uploads\/2026\/03\/logo-pharmacy4pets.png","contentUrl":"https:\/\/p4p-nl.bootmine.com\/wp-content\/uploads\/2026\/03\/logo-pharmacy4pets.png","width":1024,"height":135,"caption":"Pharmacy4pets"},"image":{"@id":"http:\/\/www.pharmacy4pets.nl\/#\/schema\/logo\/image\/"},"sameAs":["https:\/\/www.facebook.com\/people\/Pharmacy4petsnl\/100063484989896\/","https:\/\/www.youtube.com\/channel\/UCGPTIgucgli03tP2_kvLkHg\/featured","https:\/\/www.instagram.com\/pharmacy4pets.nl"]}]}},"market_data":{"nl":{"price":0,"sale_price":0,"active":false,"url":null,"parent_url":"","tax_rate":0,"price_inc_tax":0,"sale_price_inc_tax":0},"de":{"price":0,"sale_price":0,"active":false,"url":null,"parent_url":"","tax_rate":0,"price_inc_tax":0,"sale_price_inc_tax":0},"be":{"price":0,"sale_price":0,"active":false,"url":null,"parent_url":"","tax_rate":0,"price_inc_tax":0,"sale_price_inc_tax":0},"fr":{"price":0,"sale_price":0,"active":false,"url":null,"parent_url":"","tax_rate":0,"price_inc_tax":0,"sale_price_inc_tax":0},"ch":{"price":0,"sale_price":0,"active":false,"url":null,"parent_url":"","tax_rate":0,"price_inc_tax":0,"sale_price_inc_tax":0},"at":{"price":0,"sale_price":0,"active":false,"url":null,"parent_url":"","tax_rate":0,"price_inc_tax":0,"sale_price_inc_tax":0},"es":{"price":0,"sale_price":0,"active":false,"url":null,"parent_url":"","tax_rate":0,"price_inc_tax":0,"sale_price_inc_tax":0},"dk":{"price":0,"sale_price":0,"active":false,"url":null,"parent_url":"","tax_rate":0,"price_inc_tax":0,"sale_price_inc_tax":0},"com":{"price":0,"sale_price":0,"active":false,"url":null,"parent_url":"","tax_rate":0,"price_inc_tax":0,"sale_price_inc_tax":0}},"market_nl_price":0,"market_nl_sale_price":0,"market_nl_active":false,"market_nl_url":null,"market_nl_parent_url":"","market_nl_tax_rate":0,"market_nl_price_inc_tax":0,"market_nl_sale_price_inc_tax":0,"market_de_price":0,"market_de_sale_price":0,"market_de_active":false,"market_de_url":null,"market_de_parent_url":"","market_de_tax_rate":0,"market_de_price_inc_tax":0,"market_de_sale_price_inc_tax":0,"market_be_price":0,"market_be_sale_price":0,"market_be_active":false,"market_be_url":null,"market_be_parent_url":"","market_be_tax_rate":0,"market_be_price_inc_tax":0,"market_be_sale_price_inc_tax":0,"market_fr_price":0,"market_fr_sale_price":0,"market_fr_active":false,"market_fr_url":null,"market_fr_parent_url":"","market_fr_tax_rate":0,"market_fr_price_inc_tax":0,"market_fr_sale_price_inc_tax":0,"market_ch_price":0,"market_ch_sale_price":0,"market_ch_active":false,"market_ch_url":null,"market_ch_parent_url":"","market_ch_tax_rate":0,"market_ch_price_inc_tax":0,"market_ch_sale_price_inc_tax":0,"market_at_price":0,"market_at_sale_price":0,"market_at_active":false,"market_at_url":null,"market_at_parent_url":"","market_at_tax_rate":0,"market_at_price_inc_tax":0,"market_at_sale_price_inc_tax":0,"market_es_price":0,"market_es_sale_price":0,"market_es_active":false,"market_es_url":null,"market_es_parent_url":"","market_es_tax_rate":0,"market_es_price_inc_tax":0,"market_es_sale_price_inc_tax":0,"market_dk_price":0,"market_dk_sale_price":0,"market_dk_active":false,"market_dk_url":null,"market_dk_parent_url":"","market_dk_tax_rate":0,"market_dk_price_inc_tax":0,"market_dk_sale_price_inc_tax":0,"market_com_price":0,"market_com_sale_price":0,"market_com_active":false,"market_com_url":null,"market_com_parent_url":"","market_com_tax_rate":0,"market_com_price_inc_tax":0,"market_com_sale_price_inc_tax":0,"acf":[],"_links":{"self":[{"href":"https:\/\/www.pharmacy4pets.nl\/be\/wp-json\/wp\/v2\/product\/119467","targetHints":{"allow":["GET"]}}],"collection":[{"href":"https:\/\/www.pharmacy4pets.nl\/be\/wp-json\/wp\/v2\/product"}],"about":[{"href":"https:\/\/www.pharmacy4pets.nl\/be\/wp-json\/wp\/v2\/types\/product"}],"replies":[{"embeddable":true,"href":"https:\/\/www.pharmacy4pets.nl\/be\/wp-json\/wp\/v2\/comments?post=119467"}],"wp:featuredmedia":[{"embeddable":true,"href":"https:\/\/www.pharmacy4pets.nl\/be\/wp-json\/wp\/v2\/media\/119466"}],"wp:attachment":[{"href":"https:\/\/www.pharmacy4pets.nl\/be\/wp-json\/wp\/v2\/media?parent=119467"}],"wp:term":[{"taxonomy":"product_brand","embeddable":true,"href":"https:\/\/www.pharmacy4pets.nl\/be\/wp-json\/wp\/v2\/product_brand?post=119467"},{"taxonomy":"product_cat","embeddable":true,"href":"https:\/\/www.pharmacy4pets.nl\/be\/wp-json\/wp\/v2\/product_cat?post=119467"},{"taxonomy":"product_tag","embeddable":true,"href":"https:\/\/www.pharmacy4pets.nl\/be\/wp-json\/wp\/v2\/product_tag?post=119467"}],"curies":[{"name":"wp","href":"https:\/\/api.w.org\/{rel}","templated":true}]}}