{"id":119455,"date":"2021-08-09T08:32:49","date_gmt":"2021-08-09T08:32:49","guid":{"rendered":"https:\/\/p4p.test\/vet-aquadent-fr3sh-500ml"},"modified":"2026-04-14T08:04:03","modified_gmt":"2026-04-14T08:04:03","slug":"vet-aquadent-fr3sh-500ml","status":"publish","type":"product","link":"https:\/\/www.pharmacy4pets.nl\/be\/vet-aquadent-fr3sh-500ml","title":{"rendered":"Vet Aquadent Fr3sh 500 ml"},"content":{"rendered":"<p>Nieuwe formule met innovatieve Fresh \u2122-technologie! Mondwater voor katten en honden vanaf 6 maanden. Voor een frissere adem. Tegen tandplak. Eenvoudig door drinkwater mengen.<\/p>\n","protected":false},"excerpt":{"rendered":"<p>Nieuwe formule met innovatieve Fresh \u2122-technologie! Mondwater voor katten en honden vanaf 6 maanden. Voor een frissere adem. Tegen tandplak. Eenvoudig door drinkwater mengen.<\/p>\n","protected":false},"featured_media":119454,"comment_status":"open","ping_status":"closed","template":"","meta":{"_acf_changed":false,"_nl_post_content":"Nieuwe formule met innovatieve Fresh \u2122-technologie! Mondwater voor katten en honden vanaf 6 maanden. Voor een frissere adem. Tegen tandplak. Eenvoudig door drinkwater mengen.","_nl_post_name":"vet-aquadent-fr3sh-500ml","_nl_post_excerpt":"","_nl_post_title":"Vet Aquadent Fr3sh 500 ml","_en_post_content":"New formula with innovative Fresh\u2122 technology! Mouthwash for cats and dogs over 6 months. For fresher breath. Against dental plaque. Simply mix with drinking water.","_en_post_name":"vet-aquadent-fr3sh-500ml","_en_post_excerpt":"","_en_post_title":"Vet Aquadent Fr3sh 500 ml","_de_post_content":"Neue Formel mit innovativer Fresh\u2122-Technologie! Mundsp\u00fclung f\u00fcr Katzen und Hunde \u00fcber 6 Monate. F\u00fcr einen frischeren Atem. Gegen Zahnbelag. Einfach mit Trinkwasser mischen.","_de_post_name":"vet-aquadent-fr3sh-500ml","_de_post_excerpt":"","_de_post_title":"Vet Aquadent Fr3sh 500 ml","_fr_post_content":"Vet Aquadent Fr3sh est un compl\u00e9ment alimentaire destin\u00e9 \u00e0 l'hygi\u00e8ne bucco-dentaire des chats et des chiens adultes.","_fr_post_name":"vet-aquadent-fr3sh-500ml","_fr_post_excerpt":"","_fr_post_title":"Vet Aquadent Fr3sh 500 ml","_es_post_content":"<p>Vet Aquadent Fr3sh 500 ml es un suplemento alimenticio l\u00edquido para la higiene bucal de perros y gatos adultos.<\/p>\r\n<p>Vet Aquadent Fr3sh es una sabrosa soluci\u00f3n para combatir la placa dental, el sarro y el mal aliento. Se puede a\u00f1adir f\u00e1cilmente al agua de bebida del perro o del gato.<br \/>Un cuidado dental f\u00e1cil y efectivo durante todo el d\u00eda. Ideal como apoyo adicional para el cuidado diario de los dientes.<\/p>\r\n<p>F\u00e1cil de usar: agregue 2,5 ml a 250 ml de agua potable<br \/>Apto tanto para perros como para gatos.<\/p>\r\n<p>Vet Aquadent Fr3sh combate las causas del mal aliento de 3 maneras:<\/p>\r\n<ol>\r\n<li>La granada limpia y previene la formaci\u00f3n de placa dental;<\/li>\r\n<li>El eritritol tiene un efecto refrescante y es antimicrobiano;<\/li>\r\n<li>La inulina, un prebi\u00f3tico, asegura una flora intestinal sana.<\/li>\r\n<\/ol>","_es_post_name":"vet-aquadent-fr3sh-500-ml","_es_post_excerpt":"","_es_post_title":"Vet Aquadent Fr3sh 500 ml","edit_language":"nl"},"product_brand":[],"product_cat":[1842,1873,1117,1118,1871,1839,1857,2102],"product_tag":[],"class_list":{"0":"post-119455","1":"product","2":"type-product","3":"status-publish","4":"has-post-thumbnail","6":"product_cat-gebit","8":"product_cat-honden","9":"product_cat-katten","10":"product_cat-medicijnen-supplementen","12":"product_cat-merken","13":"product_cat-vet-aquadent-virbac","14":"pa_aandoening-gebit","15":"pa_doeldier-hond","16":"pa_doeldier-kat","17":"pa_fabricatieland-frankrijk","18":"pa_merkfilter-vetaquadent","19":"pa_merkgroep-virbac","20":"pa_productsoort-overig","21":"pa_seo_canonical_store_id-not_found_value","22":"pa_seo_category-not_found_value","23":"pa_seo_meta_robots-not_found_value","24":"pa_toedieningswijze-vloeistof","25":"pa_unit_pricing_base_measure-100ml","26":"pa_unit_pricing_measure-500ml","27":"pa_werkzamestof-overig","29":"first","30":"instock","31":"taxable","32":"shipping-taxable","33":"purchasable","34":"product-type-simple"},"yoast_head":"<!-- This site is optimized with the Yoast SEO plugin v27.5 - https:\/\/yoast.com\/product\/yoast-seo-wordpress\/ -->\n<title>Vet Aquadent Fr3sh 500 ml - Pharmacy4pets<\/title>\n<meta name=\"robots\" content=\"index, follow, max-snippet:-1, max-image-preview:large, max-video-preview:-1\" \/>\n<link rel=\"canonical\" href=\"https:\/\/p4p-nl.bootmine.com\/%product-slug%\/vet-aquadent-fr3sh-500ml\" \/>\n<meta property=\"og:locale\" content=\"nl_NL\" \/>\n<meta property=\"og:type\" content=\"article\" \/>\n<meta property=\"og:title\" content=\"Vet Aquadent Fr3sh 500 ml - Pharmacy4pets\" \/>\n<meta property=\"og:description\" content=\"Nieuwe formule met innovatieve Fresh \u2122-technologie! Mondwater voor katten en honden vanaf 6 maanden. Voor een frissere adem. Tegen tandplak. Eenvoudig door drinkwater mengen.\" \/>\n<meta property=\"og:url\" content=\"https:\/\/p4p-nl.bootmine.com\/%product-slug%\/vet-aquadent-fr3sh-500ml\" \/>\n<meta property=\"og:site_name\" content=\"Pharmacy4pets\" \/>\n<meta property=\"article:publisher\" content=\"https:\/\/www.facebook.com\/people\/Pharmacy4petsnl\/100063484989896\/\" \/>\n<meta property=\"article:modified_time\" content=\"2026-04-14T08:04:03+00:00\" \/>\n<meta property=\"og:image\" content=\"https:\/\/p4p-nl.bootmine.com\/wp-content\/uploads\/2021\/08\/8411015501_bottle_vet-aquadent_500ml_be-fr-lu-nl_face-scaled.jpg\" \/>\n\t<meta property=\"og:image:width\" content=\"2560\" \/>\n\t<meta property=\"og:image:height\" content=\"2560\" \/>\n\t<meta property=\"og:image:type\" content=\"image\/jpeg\" \/>\n<meta name=\"twitter:card\" content=\"summary_large_image\" \/>\n<script type=\"application\/ld+json\" class=\"yoast-schema-graph\">{\"@context\":\"https:\\\/\\\/schema.org\",\"@graph\":[{\"@type\":\"WebPage\",\"@id\":\"https:\\\/\\\/p4p-nl.bootmine.com\\\/%product-slug%\\\/vet-aquadent-fr3sh-500ml\",\"url\":\"https:\\\/\\\/p4p-nl.bootmine.com\\\/%product-slug%\\\/vet-aquadent-fr3sh-500ml\",\"name\":\"Vet Aquadent Fr3sh 500 ml - Pharmacy4pets\",\"isPartOf\":{\"@id\":\"http:\\\/\\\/www.pharmacy4pets.nl\\\/#website\"},\"primaryImageOfPage\":{\"@id\":\"https:\\\/\\\/p4p-nl.bootmine.com\\\/%product-slug%\\\/vet-aquadent-fr3sh-500ml#primaryimage\"},\"image\":{\"@id\":\"https:\\\/\\\/p4p-nl.bootmine.com\\\/%product-slug%\\\/vet-aquadent-fr3sh-500ml#primaryimage\"},\"thumbnailUrl\":\"https:\\\/\\\/www.pharmacy4pets.nl\\\/wp-content\\\/uploads\\\/2021\\\/08\\\/8411015501_bottle_vet-aquadent_500ml_be-fr-lu-nl_face-scaled.jpg\",\"datePublished\":\"2021-08-09T08:32:49+00:00\",\"dateModified\":\"2026-04-14T08:04:03+00:00\",\"breadcrumb\":{\"@id\":\"https:\\\/\\\/p4p-nl.bootmine.com\\\/%product-slug%\\\/vet-aquadent-fr3sh-500ml#breadcrumb\"},\"inLanguage\":\"nl-NL\",\"potentialAction\":[{\"@type\":\"ReadAction\",\"target\":[\"https:\\\/\\\/p4p-nl.bootmine.com\\\/%product-slug%\\\/vet-aquadent-fr3sh-500ml\"]}]},{\"@type\":\"ImageObject\",\"inLanguage\":\"nl-NL\",\"@id\":\"https:\\\/\\\/p4p-nl.bootmine.com\\\/%product-slug%\\\/vet-aquadent-fr3sh-500ml#primaryimage\",\"url\":\"https:\\\/\\\/www.pharmacy4pets.nl\\\/wp-content\\\/uploads\\\/2021\\\/08\\\/8411015501_bottle_vet-aquadent_500ml_be-fr-lu-nl_face-scaled.jpg\",\"contentUrl\":\"https:\\\/\\\/www.pharmacy4pets.nl\\\/wp-content\\\/uploads\\\/2021\\\/08\\\/8411015501_bottle_vet-aquadent_500ml_be-fr-lu-nl_face-scaled.jpg\",\"width\":2560,\"height\":2560,\"caption\":\"Vet Aquadent\"},{\"@type\":\"BreadcrumbList\",\"@id\":\"https:\\\/\\\/p4p-nl.bootmine.com\\\/%product-slug%\\\/vet-aquadent-fr3sh-500ml#breadcrumb\",\"itemListElement\":[{\"@type\":\"ListItem\",\"position\":1,\"name\":\"Home\",\"item\":\"https:\\\/\\\/p4p-nl.bootmine.com\\\/\"},{\"@type\":\"ListItem\",\"position\":2,\"name\":\"Winkel\",\"item\":\"https:\\\/\\\/p4p-nl.bootmine.com\\\/winkel\"},{\"@type\":\"ListItem\",\"position\":3,\"name\":\"Vet Aquadent Fr3sh 500 ml\"}]},{\"@type\":\"WebSite\",\"@id\":\"http:\\\/\\\/www.pharmacy4pets.nl\\\/#website\",\"url\":\"http:\\\/\\\/www.pharmacy4pets.nl\\\/\",\"name\":\"Pharmacy4pets\",\"description\":\"Pharmacy4pets.nl is d\u00e9 online apotheek waar u terecht kunt voor alle diergeneesmiddelen, verzorgingsproducten en dieetvoeding voor uw huisdier.\",\"publisher\":{\"@id\":\"http:\\\/\\\/www.pharmacy4pets.nl\\\/#organization\"},\"potentialAction\":[{\"@type\":\"SearchAction\",\"target\":{\"@type\":\"EntryPoint\",\"urlTemplate\":\"http:\\\/\\\/www.pharmacy4pets.nl\\\/?s={search_term_string}\"},\"query-input\":{\"@type\":\"PropertyValueSpecification\",\"valueRequired\":true,\"valueName\":\"search_term_string\"}}],\"inLanguage\":\"nl-NL\"},{\"@type\":\"Organization\",\"@id\":\"http:\\\/\\\/www.pharmacy4pets.nl\\\/#organization\",\"name\":\"Pharmacy4pets\",\"url\":\"http:\\\/\\\/www.pharmacy4pets.nl\\\/\",\"logo\":{\"@type\":\"ImageObject\",\"inLanguage\":\"nl-NL\",\"@id\":\"http:\\\/\\\/www.pharmacy4pets.nl\\\/#\\\/schema\\\/logo\\\/image\\\/\",\"url\":\"https:\\\/\\\/p4p-nl.bootmine.com\\\/wp-content\\\/uploads\\\/2026\\\/03\\\/logo-pharmacy4pets.png\",\"contentUrl\":\"https:\\\/\\\/p4p-nl.bootmine.com\\\/wp-content\\\/uploads\\\/2026\\\/03\\\/logo-pharmacy4pets.png\",\"width\":1024,\"height\":135,\"caption\":\"Pharmacy4pets\"},\"image\":{\"@id\":\"http:\\\/\\\/www.pharmacy4pets.nl\\\/#\\\/schema\\\/logo\\\/image\\\/\"},\"sameAs\":[\"https:\\\/\\\/www.facebook.com\\\/people\\\/Pharmacy4petsnl\\\/100063484989896\\\/\",\"https:\\\/\\\/www.youtube.com\\\/channel\\\/UCGPTIgucgli03tP2_kvLkHg\\\/featured\",\"https:\\\/\\\/www.instagram.com\\\/pharmacy4pets.nl\"]}]}<\/script>\n<!-- \/ Yoast SEO plugin. -->","yoast_head_json":{"title":"Vet Aquadent Fr3sh 500 ml - Pharmacy4pets","robots":{"index":"index","follow":"follow","max-snippet":"max-snippet:-1","max-image-preview":"max-image-preview:large","max-video-preview":"max-video-preview:-1"},"canonical":"https:\/\/p4p-nl.bootmine.com\/%product-slug%\/vet-aquadent-fr3sh-500ml","og_locale":"nl_NL","og_type":"article","og_title":"Vet Aquadent Fr3sh 500 ml - Pharmacy4pets","og_description":"Nieuwe formule met innovatieve Fresh \u2122-technologie! Mondwater voor katten en honden vanaf 6 maanden. Voor een frissere adem. Tegen tandplak. Eenvoudig door drinkwater mengen.","og_url":"https:\/\/p4p-nl.bootmine.com\/%product-slug%\/vet-aquadent-fr3sh-500ml","og_site_name":"Pharmacy4pets","article_publisher":"https:\/\/www.facebook.com\/people\/Pharmacy4petsnl\/100063484989896\/","article_modified_time":"2026-04-14T08:04:03+00:00","og_image":[{"width":2560,"height":2560,"url":"https:\/\/p4p-nl.bootmine.com\/wp-content\/uploads\/2021\/08\/8411015501_bottle_vet-aquadent_500ml_be-fr-lu-nl_face-scaled.jpg","type":"image\/jpeg"}],"twitter_card":"summary_large_image","schema":{"@context":"https:\/\/schema.org","@graph":[{"@type":"WebPage","@id":"https:\/\/p4p-nl.bootmine.com\/%product-slug%\/vet-aquadent-fr3sh-500ml","url":"https:\/\/p4p-nl.bootmine.com\/%product-slug%\/vet-aquadent-fr3sh-500ml","name":"Vet Aquadent Fr3sh 500 ml - Pharmacy4pets","isPartOf":{"@id":"http:\/\/www.pharmacy4pets.nl\/#website"},"primaryImageOfPage":{"@id":"https:\/\/p4p-nl.bootmine.com\/%product-slug%\/vet-aquadent-fr3sh-500ml#primaryimage"},"image":{"@id":"https:\/\/p4p-nl.bootmine.com\/%product-slug%\/vet-aquadent-fr3sh-500ml#primaryimage"},"thumbnailUrl":"https:\/\/www.pharmacy4pets.nl\/wp-content\/uploads\/2021\/08\/8411015501_bottle_vet-aquadent_500ml_be-fr-lu-nl_face-scaled.jpg","datePublished":"2021-08-09T08:32:49+00:00","dateModified":"2026-04-14T08:04:03+00:00","breadcrumb":{"@id":"https:\/\/p4p-nl.bootmine.com\/%product-slug%\/vet-aquadent-fr3sh-500ml#breadcrumb"},"inLanguage":"nl-NL","potentialAction":[{"@type":"ReadAction","target":["https:\/\/p4p-nl.bootmine.com\/%product-slug%\/vet-aquadent-fr3sh-500ml"]}]},{"@type":"ImageObject","inLanguage":"nl-NL","@id":"https:\/\/p4p-nl.bootmine.com\/%product-slug%\/vet-aquadent-fr3sh-500ml#primaryimage","url":"https:\/\/www.pharmacy4pets.nl\/wp-content\/uploads\/2021\/08\/8411015501_bottle_vet-aquadent_500ml_be-fr-lu-nl_face-scaled.jpg","contentUrl":"https:\/\/www.pharmacy4pets.nl\/wp-content\/uploads\/2021\/08\/8411015501_bottle_vet-aquadent_500ml_be-fr-lu-nl_face-scaled.jpg","width":2560,"height":2560,"caption":"Vet Aquadent"},{"@type":"BreadcrumbList","@id":"https:\/\/p4p-nl.bootmine.com\/%product-slug%\/vet-aquadent-fr3sh-500ml#breadcrumb","itemListElement":[{"@type":"ListItem","position":1,"name":"Home","item":"https:\/\/p4p-nl.bootmine.com\/"},{"@type":"ListItem","position":2,"name":"Winkel","item":"https:\/\/p4p-nl.bootmine.com\/winkel"},{"@type":"ListItem","position":3,"name":"Vet Aquadent Fr3sh 500 ml"}]},{"@type":"WebSite","@id":"http:\/\/www.pharmacy4pets.nl\/#website","url":"http:\/\/www.pharmacy4pets.nl\/","name":"Pharmacy4pets","description":"Pharmacy4pets.nl is d\u00e9 online apotheek waar u terecht kunt voor alle diergeneesmiddelen, verzorgingsproducten en dieetvoeding voor uw huisdier.","publisher":{"@id":"http:\/\/www.pharmacy4pets.nl\/#organization"},"potentialAction":[{"@type":"SearchAction","target":{"@type":"EntryPoint","urlTemplate":"http:\/\/www.pharmacy4pets.nl\/?s={search_term_string}"},"query-input":{"@type":"PropertyValueSpecification","valueRequired":true,"valueName":"search_term_string"}}],"inLanguage":"nl-NL"},{"@type":"Organization","@id":"http:\/\/www.pharmacy4pets.nl\/#organization","name":"Pharmacy4pets","url":"http:\/\/www.pharmacy4pets.nl\/","logo":{"@type":"ImageObject","inLanguage":"nl-NL","@id":"http:\/\/www.pharmacy4pets.nl\/#\/schema\/logo\/image\/","url":"https:\/\/p4p-nl.bootmine.com\/wp-content\/uploads\/2026\/03\/logo-pharmacy4pets.png","contentUrl":"https:\/\/p4p-nl.bootmine.com\/wp-content\/uploads\/2026\/03\/logo-pharmacy4pets.png","width":1024,"height":135,"caption":"Pharmacy4pets"},"image":{"@id":"http:\/\/www.pharmacy4pets.nl\/#\/schema\/logo\/image\/"},"sameAs":["https:\/\/www.facebook.com\/people\/Pharmacy4petsnl\/100063484989896\/","https:\/\/www.youtube.com\/channel\/UCGPTIgucgli03tP2_kvLkHg\/featured","https:\/\/www.instagram.com\/pharmacy4pets.nl"]}]}},"market_data":{"nl":{"price":0,"sale_price":0,"active":false,"url":null,"parent_url":"","tax_rate":0,"price_inc_tax":0,"sale_price_inc_tax":0},"de":{"price":0,"sale_price":0,"active":false,"url":null,"parent_url":"","tax_rate":0,"price_inc_tax":0,"sale_price_inc_tax":0},"be":{"price":0,"sale_price":0,"active":false,"url":null,"parent_url":"","tax_rate":0,"price_inc_tax":0,"sale_price_inc_tax":0},"fr":{"price":0,"sale_price":0,"active":false,"url":null,"parent_url":"","tax_rate":0,"price_inc_tax":0,"sale_price_inc_tax":0},"ch":{"price":0,"sale_price":0,"active":false,"url":null,"parent_url":"","tax_rate":0,"price_inc_tax":0,"sale_price_inc_tax":0},"at":{"price":0,"sale_price":0,"active":false,"url":null,"parent_url":"","tax_rate":0,"price_inc_tax":0,"sale_price_inc_tax":0},"es":{"price":0,"sale_price":0,"active":false,"url":null,"parent_url":"","tax_rate":0,"price_inc_tax":0,"sale_price_inc_tax":0},"dk":{"price":0,"sale_price":0,"active":false,"url":null,"parent_url":"","tax_rate":0,"price_inc_tax":0,"sale_price_inc_tax":0},"com":{"price":0,"sale_price":0,"active":false,"url":null,"parent_url":"","tax_rate":0,"price_inc_tax":0,"sale_price_inc_tax":0}},"market_nl_price":0,"market_nl_sale_price":0,"market_nl_active":false,"market_nl_url":null,"market_nl_parent_url":"","market_nl_tax_rate":0,"market_nl_price_inc_tax":0,"market_nl_sale_price_inc_tax":0,"market_de_price":0,"market_de_sale_price":0,"market_de_active":false,"market_de_url":null,"market_de_parent_url":"","market_de_tax_rate":0,"market_de_price_inc_tax":0,"market_de_sale_price_inc_tax":0,"market_be_price":0,"market_be_sale_price":0,"market_be_active":false,"market_be_url":null,"market_be_parent_url":"","market_be_tax_rate":0,"market_be_price_inc_tax":0,"market_be_sale_price_inc_tax":0,"market_fr_price":0,"market_fr_sale_price":0,"market_fr_active":false,"market_fr_url":null,"market_fr_parent_url":"","market_fr_tax_rate":0,"market_fr_price_inc_tax":0,"market_fr_sale_price_inc_tax":0,"market_ch_price":0,"market_ch_sale_price":0,"market_ch_active":false,"market_ch_url":null,"market_ch_parent_url":"","market_ch_tax_rate":0,"market_ch_price_inc_tax":0,"market_ch_sale_price_inc_tax":0,"market_at_price":0,"market_at_sale_price":0,"market_at_active":false,"market_at_url":null,"market_at_parent_url":"","market_at_tax_rate":0,"market_at_price_inc_tax":0,"market_at_sale_price_inc_tax":0,"market_es_price":0,"market_es_sale_price":0,"market_es_active":false,"market_es_url":null,"market_es_parent_url":"","market_es_tax_rate":0,"market_es_price_inc_tax":0,"market_es_sale_price_inc_tax":0,"market_dk_price":0,"market_dk_sale_price":0,"market_dk_active":false,"market_dk_url":null,"market_dk_parent_url":"","market_dk_tax_rate":0,"market_dk_price_inc_tax":0,"market_dk_sale_price_inc_tax":0,"market_com_price":0,"market_com_sale_price":0,"market_com_active":false,"market_com_url":null,"market_com_parent_url":"","market_com_tax_rate":0,"market_com_price_inc_tax":0,"market_com_sale_price_inc_tax":0,"acf":[],"_links":{"self":[{"href":"https:\/\/www.pharmacy4pets.nl\/be\/wp-json\/wp\/v2\/product\/119455","targetHints":{"allow":["GET"]}}],"collection":[{"href":"https:\/\/www.pharmacy4pets.nl\/be\/wp-json\/wp\/v2\/product"}],"about":[{"href":"https:\/\/www.pharmacy4pets.nl\/be\/wp-json\/wp\/v2\/types\/product"}],"replies":[{"embeddable":true,"href":"https:\/\/www.pharmacy4pets.nl\/be\/wp-json\/wp\/v2\/comments?post=119455"}],"wp:featuredmedia":[{"embeddable":true,"href":"https:\/\/www.pharmacy4pets.nl\/be\/wp-json\/wp\/v2\/media\/119454"}],"wp:attachment":[{"href":"https:\/\/www.pharmacy4pets.nl\/be\/wp-json\/wp\/v2\/media?parent=119455"}],"wp:term":[{"taxonomy":"product_brand","embeddable":true,"href":"https:\/\/www.pharmacy4pets.nl\/be\/wp-json\/wp\/v2\/product_brand?post=119455"},{"taxonomy":"product_cat","embeddable":true,"href":"https:\/\/www.pharmacy4pets.nl\/be\/wp-json\/wp\/v2\/product_cat?post=119455"},{"taxonomy":"product_tag","embeddable":true,"href":"https:\/\/www.pharmacy4pets.nl\/be\/wp-json\/wp\/v2\/product_tag?post=119455"}],"curies":[{"name":"wp","href":"https:\/\/api.w.org\/{rel}","templated":true}]}}