{"id":119438,"date":"2021-03-03T10:19:42","date_gmt":"2021-03-03T10:19:42","guid":{"rendered":"https:\/\/p4p.test\/trixie-cat-activity-snackbal-6-cm"},"modified":"2026-03-25T12:01:40","modified_gmt":"2026-03-25T12:01:40","slug":"trixie-cat-activity-snackbal-6-cm","status":"publish","type":"product","link":"https:\/\/www.pharmacy4pets.nl\/be\/trixie-cat-activity-snackbal-6-cm","title":{"rendered":"Trixie Cat Activity snackbal 6 cm"},"content":{"rendered":"<p>Trixie Cat Activity snackbal kunt u vullen met beloningssnoepjes en door de bal te laten rollen vallen de snacks eruit. Deze heeft een verstelbare opening ter dosering van de lekkernijen. De meeste katten willen niet alleen fysiek, maar ook mentaal worden afgeleid. Bij dit kattenspeelgoed moet de kat iets voor zijn beloning doen en kleine opdrachten uitvoeren, om met behulp van poot of snuit bij de snacks te komen. Dit schoolt de vaardigheid van de kat. De Trixie Cat Activity snackbal heeft een diameter van 6 cm en is verkrijgbaar in de kleuren koraal\/wit en koraal\/grijs. Een kleurkeuze is helaas niet mogelijk.<\/p>\n","protected":false},"excerpt":{"rendered":"<p>Trixie Cat Activity snackbal kunt u vullen met beloningssnoepjes en door de bal te laten rollen vallen de snacks eruit. Deze heeft een verstelbare opening ter dosering van de lekkernijen. De meeste katten willen niet alleen fysiek, maar ook mentaal worden afgeleid. Bij dit kattenspeelgoed moet de kat iets voor zijn beloning doen en kleine [&hellip;]<\/p>\n","protected":false},"featured_media":119436,"comment_status":"open","ping_status":"closed","template":"","meta":{"_acf_changed":false,"_nl_post_content":"<p>Trixie Cat Activity snackbal kunt u vullen met beloningssnoepjes en door de bal te laten rollen vallen de snacks eruit. Deze heeft een verstelbare opening ter dosering van de lekkernijen. De meeste katten willen niet alleen fysiek, maar ook mentaal worden afgeleid. Bij dit kattenspeelgoed moet de kat iets voor zijn beloning doen en kleine opdrachten uitvoeren, om met behulp van poot of snuit bij de snacks te komen. Dit schoolt de vaardigheid van de kat. De Trixie Cat Activity snackbal heeft een diameter van 6 cm en is verkrijgbaar in de kleuren koraal\/wit en koraal\/grijs. Een kleurkeuze is helaas niet mogelijk.<\/p>","_nl_post_name":"trixie-cat-activity-snackbal-6-cm","_nl_post_excerpt":"","_nl_post_title":"Trixie Cat Activity snackbal 6 cm","_en_post_content":"<p>You can fill the Trixie Cat Activity snack ball with treats and by rolling the ball, the snacks fall out. This has an adjustable opening for dosing the treats. Most cats want to be distracted not only physically but also mentally. With this cat toy, the cat has to do something for its reward and perform small tasks to get to the snacks with the help of paw or snout. This trains the cat's skill. The Trixie Cat Activity snack ball has a diameter of 6 cm and is available in the colors coral\/white and coral\/grey. Unfortunately, a color choice is not possible.<\/p>","_en_post_name":"trixie-cat-activity-snack-ball-6-cm","_en_post_excerpt":"","_en_post_title":"Trixie Cat Activity snack ball 6 cm","_de_post_content":"<p>Sie k\u00f6nnen den Trixie Cat Activity Snackball mit Leckereien f\u00fcllen und durch Rollen des Balls fallen die Snacks heraus. Dies hat eine einstellbare \u00d6ffnung zum Dosieren der Leckereien. Die meisten Katzen wollen nicht nur k\u00f6rperlich, sondern auch geistig abgelenkt werden. Mit diesem Katzenspielzeug muss die Katze etwas f\u00fcr ihre Belohnung tun und kleine Aufgaben ausf\u00fchren, um die Snacks mit Hilfe von Pfote oder Schnauze zu erreichen. Dies trainiert die Geschicklichkeit der Katze. Der Trixie Cat Activity Snackball hat einen Durchmesser von 6 cm und ist in den Farben Koralle\/Wei\u00df und Koralle\/Grau erh\u00e4ltlich. Eine Farbauswahl ist leider nicht m\u00f6glich.<br \/><br \/><\/p>","_de_post_name":"trixie-cat-activity-snackball-6-cm","_de_post_excerpt":"","_de_post_title":"Trixie Cat Activity Snackball 6 cm","_fr_post_content":"<p>Vous pouvez remplir la balle Trixie Cat Activity avec des friandises et en faisant rouler la balle, les collations tombent. Cela a une ouverture r\u00e9glable pour le dosage des friandises. La plupart des chats veulent \u00eatre distraits non seulement physiquement mais aussi mentalement. Avec ce jouet pour chat, le chat doit faire quelque chose pour sa r\u00e9compense et effectuer de petites t\u00e2ches pour se rendre aux collations \u00e0 l'aide de la patte ou du museau. Cela entra\u00eene la comp\u00e9tence du chat. La balle Trixie Cat Activity a un diam\u00e8tre de 6 cm et est disponible dans les couleurs corail\/blanc et corail\/gris. Malheureusement, un choix de couleur n'est pas possible.<\/p>","_fr_post_name":"trixie-cat-activity-snack-balle-6-cm","_fr_post_excerpt":"","_fr_post_title":"Trixie Cat Activity balle de jeu gourmandise 6 cm","_es_post_content":"<p>Puede llenar la bola de bocadillos de Trixie Cat Activity con golosinas y al hacer rodar la bola, los bocadillos se caen. Tiene una abertura ajustable para dosificar las golosinas. La mayor\u00eda de los gatos quieren distraerse no solo f\u00edsicamente sino tambi\u00e9n mentalmente. Con este juguete para gatos, el gato tiene que hacer algo por su recompensa y realizar peque\u00f1as tareas para llegar a los bocadillos con la ayuda de la pata o el hocico. Esto entrena la habilidad del gato. La bola de aperitivos Trixie Cat Activity tiene un di\u00e1metro de 6 cm y est\u00e1 disponible en los colores coral\/blanco y coral\/gris. Desafortunadamente, una elecci\u00f3n de color no es posible.<\/p>","_es_post_name":"trixie-cat-activity-pelota-snacks-6-cm","_es_post_excerpt":"","_es_post_title":"Trixie Cat Activity Pelota Snacks 6 cm","edit_language":"nl"},"product_brand":[],"product_cat":[2182,1891,1118,1889,1895,1887,2180,2336,2178,1857,2194,1959],"product_tag":[],"class_list":{"0":"post-119438","1":"product","2":"type-product","3":"status-publish","4":"has-post-thumbnail","6":"product_cat-kitten-benodigdheden","7":"product_cat-benodigdheden","8":"product_cat-katten","9":"product_cat-snacks","10":"product_cat-kattenspeelgoed","11":"product_cat-kattenvoer","12":"product_cat-kitten-voer","13":"product_cat-kitten","15":"product_cat-merken","16":"product_cat-kitten-speelgoed","17":"product_cat-trixie","18":"pa_aandoening-overig","19":"pa_doeldier-kat","20":"pa_fabricatieland-duitsland","21":"pa_merkfilter-trixie","22":"pa_merkgroep-trixie","23":"pa_productsoort-overig","24":"pa_seo_canonical_store_id-not_found_value","25":"pa_seo_category-not_found_value","26":"pa_seo_meta_robots-not_found_value","27":"pa_toedieningswijze-speelgoed","28":"pa_unit_pricing_base_measure-1ct","29":"pa_unit_pricing_measure-1ct","30":"pa_werkzamestof-overig","32":"first","33":"instock","34":"taxable","35":"shipping-taxable","36":"purchasable","37":"product-type-simple"},"yoast_head":"<!-- This site is optimized with the Yoast SEO plugin v27.5 - https:\/\/yoast.com\/product\/yoast-seo-wordpress\/ -->\n<title>Trixie Cat Activity snackbal 6 cm - Pharmacy4pets<\/title>\n<meta name=\"robots\" content=\"index, follow, max-snippet:-1, max-image-preview:large, max-video-preview:-1\" \/>\n<link rel=\"canonical\" href=\"https:\/\/p4p-nl.bootmine.com\/%product-slug%\/trixie-cat-activity-snackbal-6-cm\" \/>\n<meta property=\"og:locale\" content=\"nl_NL\" \/>\n<meta property=\"og:type\" content=\"article\" \/>\n<meta property=\"og:title\" content=\"Trixie Cat Activity snackbal 6 cm - Pharmacy4pets\" \/>\n<meta property=\"og:description\" content=\"Trixie Cat Activity snackbal kunt u vullen met beloningssnoepjes en door de bal te laten rollen vallen de snacks eruit. Deze heeft een verstelbare opening ter dosering van de lekkernijen. De meeste katten willen niet alleen fysiek, maar ook mentaal worden afgeleid. Bij dit kattenspeelgoed moet de kat iets voor zijn beloning doen en kleine [&hellip;]\" \/>\n<meta property=\"og:url\" content=\"https:\/\/p4p-nl.bootmine.com\/%product-slug%\/trixie-cat-activity-snackbal-6-cm\" \/>\n<meta property=\"og:site_name\" content=\"Pharmacy4pets\" \/>\n<meta property=\"article:publisher\" content=\"https:\/\/www.facebook.com\/people\/Pharmacy4petsnl\/100063484989896\/\" \/>\n<meta property=\"article:modified_time\" content=\"2026-03-25T12:01:40+00:00\" \/>\n<meta property=\"og:image\" content=\"https:\/\/p4p-nl.bootmine.com\/wp-content\/uploads\/2021\/03\/trixie_snackbal.jpg\" \/>\n\t<meta property=\"og:image:width\" content=\"978\" \/>\n\t<meta property=\"og:image:height\" content=\"978\" \/>\n\t<meta property=\"og:image:type\" content=\"image\/jpeg\" \/>\n<meta name=\"twitter:card\" content=\"summary_large_image\" \/>\n<meta name=\"twitter:label1\" content=\"Geschatte leestijd\" \/>\n\t<meta name=\"twitter:data1\" content=\"1 minuut\" \/>\n<script type=\"application\/ld+json\" class=\"yoast-schema-graph\">{\"@context\":\"https:\\\/\\\/schema.org\",\"@graph\":[{\"@type\":\"WebPage\",\"@id\":\"https:\\\/\\\/p4p-nl.bootmine.com\\\/%product-slug%\\\/trixie-cat-activity-snackbal-6-cm\",\"url\":\"https:\\\/\\\/p4p-nl.bootmine.com\\\/%product-slug%\\\/trixie-cat-activity-snackbal-6-cm\",\"name\":\"Trixie Cat Activity snackbal 6 cm - Pharmacy4pets\",\"isPartOf\":{\"@id\":\"http:\\\/\\\/www.pharmacy4pets.nl\\\/#website\"},\"primaryImageOfPage\":{\"@id\":\"https:\\\/\\\/p4p-nl.bootmine.com\\\/%product-slug%\\\/trixie-cat-activity-snackbal-6-cm#primaryimage\"},\"image\":{\"@id\":\"https:\\\/\\\/p4p-nl.bootmine.com\\\/%product-slug%\\\/trixie-cat-activity-snackbal-6-cm#primaryimage\"},\"thumbnailUrl\":\"https:\\\/\\\/www.pharmacy4pets.nl\\\/wp-content\\\/uploads\\\/2021\\\/03\\\/trixie_snackbal.jpg\",\"datePublished\":\"2021-03-03T10:19:42+00:00\",\"dateModified\":\"2026-03-25T12:01:40+00:00\",\"breadcrumb\":{\"@id\":\"https:\\\/\\\/p4p-nl.bootmine.com\\\/%product-slug%\\\/trixie-cat-activity-snackbal-6-cm#breadcrumb\"},\"inLanguage\":\"nl-NL\",\"potentialAction\":[{\"@type\":\"ReadAction\",\"target\":[\"https:\\\/\\\/p4p-nl.bootmine.com\\\/%product-slug%\\\/trixie-cat-activity-snackbal-6-cm\"]}]},{\"@type\":\"ImageObject\",\"inLanguage\":\"nl-NL\",\"@id\":\"https:\\\/\\\/p4p-nl.bootmine.com\\\/%product-slug%\\\/trixie-cat-activity-snackbal-6-cm#primaryimage\",\"url\":\"https:\\\/\\\/www.pharmacy4pets.nl\\\/wp-content\\\/uploads\\\/2021\\\/03\\\/trixie_snackbal.jpg\",\"contentUrl\":\"https:\\\/\\\/www.pharmacy4pets.nl\\\/wp-content\\\/uploads\\\/2021\\\/03\\\/trixie_snackbal.jpg\",\"width\":978,\"height\":978,\"caption\":\"Trixie Snackbal\"},{\"@type\":\"BreadcrumbList\",\"@id\":\"https:\\\/\\\/p4p-nl.bootmine.com\\\/%product-slug%\\\/trixie-cat-activity-snackbal-6-cm#breadcrumb\",\"itemListElement\":[{\"@type\":\"ListItem\",\"position\":1,\"name\":\"Home\",\"item\":\"https:\\\/\\\/p4p-nl.bootmine.com\\\/\"},{\"@type\":\"ListItem\",\"position\":2,\"name\":\"Winkel\",\"item\":\"https:\\\/\\\/p4p-nl.bootmine.com\\\/winkel\"},{\"@type\":\"ListItem\",\"position\":3,\"name\":\"Trixie Cat Activity snackbal 6 cm\"}]},{\"@type\":\"WebSite\",\"@id\":\"http:\\\/\\\/www.pharmacy4pets.nl\\\/#website\",\"url\":\"http:\\\/\\\/www.pharmacy4pets.nl\\\/\",\"name\":\"Pharmacy4pets\",\"description\":\"Pharmacy4pets.nl is d\u00e9 online apotheek waar u terecht kunt voor alle diergeneesmiddelen, verzorgingsproducten en dieetvoeding voor uw huisdier.\",\"publisher\":{\"@id\":\"http:\\\/\\\/www.pharmacy4pets.nl\\\/#organization\"},\"potentialAction\":[{\"@type\":\"SearchAction\",\"target\":{\"@type\":\"EntryPoint\",\"urlTemplate\":\"http:\\\/\\\/www.pharmacy4pets.nl\\\/?s={search_term_string}\"},\"query-input\":{\"@type\":\"PropertyValueSpecification\",\"valueRequired\":true,\"valueName\":\"search_term_string\"}}],\"inLanguage\":\"nl-NL\"},{\"@type\":\"Organization\",\"@id\":\"http:\\\/\\\/www.pharmacy4pets.nl\\\/#organization\",\"name\":\"Pharmacy4pets\",\"url\":\"http:\\\/\\\/www.pharmacy4pets.nl\\\/\",\"logo\":{\"@type\":\"ImageObject\",\"inLanguage\":\"nl-NL\",\"@id\":\"http:\\\/\\\/www.pharmacy4pets.nl\\\/#\\\/schema\\\/logo\\\/image\\\/\",\"url\":\"https:\\\/\\\/p4p-nl.bootmine.com\\\/wp-content\\\/uploads\\\/2026\\\/03\\\/logo-pharmacy4pets.png\",\"contentUrl\":\"https:\\\/\\\/p4p-nl.bootmine.com\\\/wp-content\\\/uploads\\\/2026\\\/03\\\/logo-pharmacy4pets.png\",\"width\":1024,\"height\":135,\"caption\":\"Pharmacy4pets\"},\"image\":{\"@id\":\"http:\\\/\\\/www.pharmacy4pets.nl\\\/#\\\/schema\\\/logo\\\/image\\\/\"},\"sameAs\":[\"https:\\\/\\\/www.facebook.com\\\/people\\\/Pharmacy4petsnl\\\/100063484989896\\\/\",\"https:\\\/\\\/www.youtube.com\\\/channel\\\/UCGPTIgucgli03tP2_kvLkHg\\\/featured\",\"https:\\\/\\\/www.instagram.com\\\/pharmacy4pets.nl\"]}]}<\/script>\n<!-- \/ Yoast SEO plugin. -->","yoast_head_json":{"title":"Trixie Cat Activity snackbal 6 cm - Pharmacy4pets","robots":{"index":"index","follow":"follow","max-snippet":"max-snippet:-1","max-image-preview":"max-image-preview:large","max-video-preview":"max-video-preview:-1"},"canonical":"https:\/\/p4p-nl.bootmine.com\/%product-slug%\/trixie-cat-activity-snackbal-6-cm","og_locale":"nl_NL","og_type":"article","og_title":"Trixie Cat Activity snackbal 6 cm - Pharmacy4pets","og_description":"Trixie Cat Activity snackbal kunt u vullen met beloningssnoepjes en door de bal te laten rollen vallen de snacks eruit. Deze heeft een verstelbare opening ter dosering van de lekkernijen. De meeste katten willen niet alleen fysiek, maar ook mentaal worden afgeleid. Bij dit kattenspeelgoed moet de kat iets voor zijn beloning doen en kleine [&hellip;]","og_url":"https:\/\/p4p-nl.bootmine.com\/%product-slug%\/trixie-cat-activity-snackbal-6-cm","og_site_name":"Pharmacy4pets","article_publisher":"https:\/\/www.facebook.com\/people\/Pharmacy4petsnl\/100063484989896\/","article_modified_time":"2026-03-25T12:01:40+00:00","og_image":[{"width":978,"height":978,"url":"https:\/\/p4p-nl.bootmine.com\/wp-content\/uploads\/2021\/03\/trixie_snackbal.jpg","type":"image\/jpeg"}],"twitter_card":"summary_large_image","twitter_misc":{"Geschatte leestijd":"1 minuut"},"schema":{"@context":"https:\/\/schema.org","@graph":[{"@type":"WebPage","@id":"https:\/\/p4p-nl.bootmine.com\/%product-slug%\/trixie-cat-activity-snackbal-6-cm","url":"https:\/\/p4p-nl.bootmine.com\/%product-slug%\/trixie-cat-activity-snackbal-6-cm","name":"Trixie Cat Activity snackbal 6 cm - Pharmacy4pets","isPartOf":{"@id":"http:\/\/www.pharmacy4pets.nl\/#website"},"primaryImageOfPage":{"@id":"https:\/\/p4p-nl.bootmine.com\/%product-slug%\/trixie-cat-activity-snackbal-6-cm#primaryimage"},"image":{"@id":"https:\/\/p4p-nl.bootmine.com\/%product-slug%\/trixie-cat-activity-snackbal-6-cm#primaryimage"},"thumbnailUrl":"https:\/\/www.pharmacy4pets.nl\/wp-content\/uploads\/2021\/03\/trixie_snackbal.jpg","datePublished":"2021-03-03T10:19:42+00:00","dateModified":"2026-03-25T12:01:40+00:00","breadcrumb":{"@id":"https:\/\/p4p-nl.bootmine.com\/%product-slug%\/trixie-cat-activity-snackbal-6-cm#breadcrumb"},"inLanguage":"nl-NL","potentialAction":[{"@type":"ReadAction","target":["https:\/\/p4p-nl.bootmine.com\/%product-slug%\/trixie-cat-activity-snackbal-6-cm"]}]},{"@type":"ImageObject","inLanguage":"nl-NL","@id":"https:\/\/p4p-nl.bootmine.com\/%product-slug%\/trixie-cat-activity-snackbal-6-cm#primaryimage","url":"https:\/\/www.pharmacy4pets.nl\/wp-content\/uploads\/2021\/03\/trixie_snackbal.jpg","contentUrl":"https:\/\/www.pharmacy4pets.nl\/wp-content\/uploads\/2021\/03\/trixie_snackbal.jpg","width":978,"height":978,"caption":"Trixie Snackbal"},{"@type":"BreadcrumbList","@id":"https:\/\/p4p-nl.bootmine.com\/%product-slug%\/trixie-cat-activity-snackbal-6-cm#breadcrumb","itemListElement":[{"@type":"ListItem","position":1,"name":"Home","item":"https:\/\/p4p-nl.bootmine.com\/"},{"@type":"ListItem","position":2,"name":"Winkel","item":"https:\/\/p4p-nl.bootmine.com\/winkel"},{"@type":"ListItem","position":3,"name":"Trixie Cat Activity snackbal 6 cm"}]},{"@type":"WebSite","@id":"http:\/\/www.pharmacy4pets.nl\/#website","url":"http:\/\/www.pharmacy4pets.nl\/","name":"Pharmacy4pets","description":"Pharmacy4pets.nl is d\u00e9 online apotheek waar u terecht kunt voor alle diergeneesmiddelen, verzorgingsproducten en dieetvoeding voor uw huisdier.","publisher":{"@id":"http:\/\/www.pharmacy4pets.nl\/#organization"},"potentialAction":[{"@type":"SearchAction","target":{"@type":"EntryPoint","urlTemplate":"http:\/\/www.pharmacy4pets.nl\/?s={search_term_string}"},"query-input":{"@type":"PropertyValueSpecification","valueRequired":true,"valueName":"search_term_string"}}],"inLanguage":"nl-NL"},{"@type":"Organization","@id":"http:\/\/www.pharmacy4pets.nl\/#organization","name":"Pharmacy4pets","url":"http:\/\/www.pharmacy4pets.nl\/","logo":{"@type":"ImageObject","inLanguage":"nl-NL","@id":"http:\/\/www.pharmacy4pets.nl\/#\/schema\/logo\/image\/","url":"https:\/\/p4p-nl.bootmine.com\/wp-content\/uploads\/2026\/03\/logo-pharmacy4pets.png","contentUrl":"https:\/\/p4p-nl.bootmine.com\/wp-content\/uploads\/2026\/03\/logo-pharmacy4pets.png","width":1024,"height":135,"caption":"Pharmacy4pets"},"image":{"@id":"http:\/\/www.pharmacy4pets.nl\/#\/schema\/logo\/image\/"},"sameAs":["https:\/\/www.facebook.com\/people\/Pharmacy4petsnl\/100063484989896\/","https:\/\/www.youtube.com\/channel\/UCGPTIgucgli03tP2_kvLkHg\/featured","https:\/\/www.instagram.com\/pharmacy4pets.nl"]}]}},"market_data":{"nl":{"price":0,"sale_price":0,"active":false,"url":null,"parent_url":"","tax_rate":0,"price_inc_tax":0,"sale_price_inc_tax":0},"de":{"price":0,"sale_price":0,"active":false,"url":null,"parent_url":"","tax_rate":0,"price_inc_tax":0,"sale_price_inc_tax":0},"be":{"price":0,"sale_price":0,"active":false,"url":null,"parent_url":"","tax_rate":0,"price_inc_tax":0,"sale_price_inc_tax":0},"fr":{"price":0,"sale_price":0,"active":false,"url":null,"parent_url":"","tax_rate":0,"price_inc_tax":0,"sale_price_inc_tax":0},"ch":{"price":0,"sale_price":0,"active":false,"url":null,"parent_url":"","tax_rate":0,"price_inc_tax":0,"sale_price_inc_tax":0},"at":{"price":0,"sale_price":0,"active":false,"url":null,"parent_url":"","tax_rate":0,"price_inc_tax":0,"sale_price_inc_tax":0},"es":{"price":0,"sale_price":0,"active":false,"url":null,"parent_url":"","tax_rate":0,"price_inc_tax":0,"sale_price_inc_tax":0},"dk":{"price":0,"sale_price":0,"active":false,"url":null,"parent_url":"","tax_rate":0,"price_inc_tax":0,"sale_price_inc_tax":0},"com":{"price":0,"sale_price":0,"active":false,"url":null,"parent_url":"","tax_rate":0,"price_inc_tax":0,"sale_price_inc_tax":0}},"market_nl_price":0,"market_nl_sale_price":0,"market_nl_active":false,"market_nl_url":null,"market_nl_parent_url":"","market_nl_tax_rate":0,"market_nl_price_inc_tax":0,"market_nl_sale_price_inc_tax":0,"market_de_price":0,"market_de_sale_price":0,"market_de_active":false,"market_de_url":null,"market_de_parent_url":"","market_de_tax_rate":0,"market_de_price_inc_tax":0,"market_de_sale_price_inc_tax":0,"market_be_price":0,"market_be_sale_price":0,"market_be_active":false,"market_be_url":null,"market_be_parent_url":"","market_be_tax_rate":0,"market_be_price_inc_tax":0,"market_be_sale_price_inc_tax":0,"market_fr_price":0,"market_fr_sale_price":0,"market_fr_active":false,"market_fr_url":null,"market_fr_parent_url":"","market_fr_tax_rate":0,"market_fr_price_inc_tax":0,"market_fr_sale_price_inc_tax":0,"market_ch_price":0,"market_ch_sale_price":0,"market_ch_active":false,"market_ch_url":null,"market_ch_parent_url":"","market_ch_tax_rate":0,"market_ch_price_inc_tax":0,"market_ch_sale_price_inc_tax":0,"market_at_price":0,"market_at_sale_price":0,"market_at_active":false,"market_at_url":null,"market_at_parent_url":"","market_at_tax_rate":0,"market_at_price_inc_tax":0,"market_at_sale_price_inc_tax":0,"market_es_price":0,"market_es_sale_price":0,"market_es_active":false,"market_es_url":null,"market_es_parent_url":"","market_es_tax_rate":0,"market_es_price_inc_tax":0,"market_es_sale_price_inc_tax":0,"market_dk_price":0,"market_dk_sale_price":0,"market_dk_active":false,"market_dk_url":null,"market_dk_parent_url":"","market_dk_tax_rate":0,"market_dk_price_inc_tax":0,"market_dk_sale_price_inc_tax":0,"market_com_price":0,"market_com_sale_price":0,"market_com_active":false,"market_com_url":null,"market_com_parent_url":"","market_com_tax_rate":0,"market_com_price_inc_tax":0,"market_com_sale_price_inc_tax":0,"acf":[],"_links":{"self":[{"href":"https:\/\/www.pharmacy4pets.nl\/be\/wp-json\/wp\/v2\/product\/119438","targetHints":{"allow":["GET"]}}],"collection":[{"href":"https:\/\/www.pharmacy4pets.nl\/be\/wp-json\/wp\/v2\/product"}],"about":[{"href":"https:\/\/www.pharmacy4pets.nl\/be\/wp-json\/wp\/v2\/types\/product"}],"replies":[{"embeddable":true,"href":"https:\/\/www.pharmacy4pets.nl\/be\/wp-json\/wp\/v2\/comments?post=119438"}],"wp:featuredmedia":[{"embeddable":true,"href":"https:\/\/www.pharmacy4pets.nl\/be\/wp-json\/wp\/v2\/media\/119436"}],"wp:attachment":[{"href":"https:\/\/www.pharmacy4pets.nl\/be\/wp-json\/wp\/v2\/media?parent=119438"}],"wp:term":[{"taxonomy":"product_brand","embeddable":true,"href":"https:\/\/www.pharmacy4pets.nl\/be\/wp-json\/wp\/v2\/product_brand?post=119438"},{"taxonomy":"product_cat","embeddable":true,"href":"https:\/\/www.pharmacy4pets.nl\/be\/wp-json\/wp\/v2\/product_cat?post=119438"},{"taxonomy":"product_tag","embeddable":true,"href":"https:\/\/www.pharmacy4pets.nl\/be\/wp-json\/wp\/v2\/product_tag?post=119438"}],"curies":[{"name":"wp","href":"https:\/\/api.w.org\/{rel}","templated":true}]}}