{"id":119427,"date":"2021-01-22T12:01:17","date_gmt":"2021-01-22T12:01:17","guid":{"rendered":"https:\/\/p4p.test\/anibidiol-plus-8-mg-30-sachets"},"modified":"2026-04-14T08:03:59","modified_gmt":"2026-04-14T08:03:59","slug":"anibidiol-plus-8-mg-30-sachets","status":"publish","type":"product","link":"https:\/\/www.pharmacy4pets.nl\/be\/anibidiol-plus-8-mg-30-sachets","title":{"rendered":"Anibidiol Nature 8 Plus | 30 sachets"},"content":{"rendered":"<p>Anibidiol Nature 8 Plus is een voedingssupplement voor honden en katten met hennepbloem (gezeefd hennepmeel). Anibidiol Nature 8 Plus bevat ook vitamine B6 en B3 (niacine) om het zenuwstelsel te ondersteunen en vermoeidheid en uitputting te verminderen. Het granulaat is op basis van dextrose, dus oplosbaar in water.\u00a0E\u00e9n sachet bevat 8 mg CBD en\u00a0heeft een rundvlees aroma.<\/p>\n<p><i>Overleg met uw dierenarts of Anibidiol Nature 8 Plus geschikt is voor toepassing bij uw huisdier.<\/i><\/p>\n<p><u>Dosering:<\/u><\/p>\n<table border=\"1\" cellspacing=\"1\" cellpadding=\"1\">\n<tbody>\n<tr>\n<td><strong>\u00a0Lichaamsgewicht<\/strong><\/td>\n<td><strong>\u00a0Per dag<\/strong><\/td>\n<\/tr>\n<tr>\n<td>\u00a0&lt; 10 kg<\/td>\n<td>\u00a0\u00bd sachet<\/td>\n<\/tr>\n<tr>\n<td>\u00a010 &#8211; 20 kg<\/td>\n<td>\u00a01 sachet<\/td>\n<\/tr>\n<tr>\n<td>\u00a0&gt; 20 kg<\/td>\n<td>\n<p>\u00a02 sachets<\/p>\n<p>\u00a0<\/p>\n<\/td>\n<\/tr>\n<\/tbody>\n<\/table>\n<p><span style=\"text-decoration: underline;\">Verpakking:<\/span><\/p>\n<p>De verpakking bevat 30 sachets \u00e0 5 gram.<\/p>\n","protected":false},"excerpt":{"rendered":"<p>Anibidiol Nature 8 Plus is een voedingssupplement voor honden en katten met hennepbloem (gezeefd hennepmeel). Anibidiol Nature 8 Plus bevat ook vitamine B6 en B3 (niacine) om het zenuwstelsel te ondersteunen en vermoeidheid en uitputting te verminderen. Het granulaat is op basis van dextrose, dus oplosbaar in water.\u00a0E\u00e9n sachet bevat 8 mg CBD en\u00a0heeft een [&hellip;]<\/p>\n","protected":false},"featured_media":119426,"comment_status":"open","ping_status":"closed","template":"","meta":{"_acf_changed":false,"_nl_post_content":"<p>Anibidiol Nature 8 Plus is een voedingssupplement voor honden en katten met hennepbloem (gezeefd hennepmeel). Anibidiol Nature 8 Plus bevat ook vitamine B6 en B3 (niacine) om het zenuwstelsel te ondersteunen en vermoeidheid en uitputting te verminderen. Het granulaat is op basis van dextrose, dus oplosbaar in water.\u00a0E\u00e9n sachet bevat 8 mg CBD en\u00a0heeft een rundvlees aroma.<\/p>\r\n<p><i>Overleg met uw dierenarts of Anibidiol Nature 8 Plus geschikt is voor toepassing bij uw huisdier.<\/i><\/p>\r\n<p><u>Dosering:<\/u><\/p>\r\n<table border=\"1\" cellspacing=\"1\" cellpadding=\"1\">\r\n<tbody>\r\n<tr>\r\n<td><strong>\u00a0Lichaamsgewicht<\/strong><\/td>\r\n<td><strong>\u00a0Per dag<\/strong><\/td>\r\n<\/tr>\r\n<tr>\r\n<td>\u00a0&lt; 10 kg<\/td>\r\n<td>\u00a0\u00bd sachet<\/td>\r\n<\/tr>\r\n<tr>\r\n<td>\u00a010 - 20 kg<\/td>\r\n<td>\u00a01 sachet<\/td>\r\n<\/tr>\r\n<tr>\r\n<td>\u00a0&gt; 20 kg<\/td>\r\n<td>\r\n<p>\u00a02 sachets<\/p>\r\n<p>\u00a0<\/p>\r\n<\/td>\r\n<\/tr>\r\n<\/tbody>\r\n<\/table>\r\n<p><span style=\"text-decoration: underline;\">Verpakking:<\/span><\/p>\r\n<p>De verpakking bevat 30 sachets \u00e0 5 gram.<\/p>","_nl_post_name":"anibidiol-plus-8-mg-30-sachets","_nl_post_excerpt":"","_nl_post_title":"Anibidiol Nature 8 Plus | 30 sachets","_en_post_content":"<p><span class=\"HwtZe\" lang=\"en\"><span class=\"jCAhz ChMk0b\"><span class=\"ryNqvb\">Anibidiol Nature 8 Plus is a food supplement for dogs and cats with hemp flower (sifted hemp flour).<\/span><\/span> <span class=\"jCAhz ChMk0b\"><span class=\"ryNqvb\">Anibidiol Nature 8 Plus also contains vitamins B6 and B3 (niacin) to support the nervous system and reduce fatigue and exhaustion.<\/span><\/span> <span class=\"jCAhz ChMk0b\"><span class=\"ryNqvb\">The granules are based on dextrose, so they are soluble in water.<\/span><\/span> <span class=\"jCAhz ChMk0b\"><span class=\"ryNqvb\">One sachet contains 8 mg CBD and\u00a0has a beef aroma.<\/span><\/span><\/span><\/p>\n<p><i><span class=\"HwtZe\" lang=\"en\"><span class=\"jCAhz ChMk0b\"><span class=\"ryNqvb\">Consult with your veterinarian whether Anibidiol Nature 8 Plus is suitable for use in your pet.<\/span><\/span><\/span><\/i><\/p>\n<p><u>Dosage:<\/u><\/p>\n<table border=\"1\" cellspacing=\"1\" cellpadding=\"1\">\n<tbody>\n<tr>\n<td><strong>\u00a0Body weight<\/strong><\/td>\n<td><strong>\u00a0Per day<\/strong><\/td>\n<\/tr>\n<tr>\n<td>\u00a0&lt; 10 kg<\/td>\n<td>\u00a0\u00bd sachet<\/td>\n<\/tr>\n<tr>\n<td>\u00a010 - 20 kg<\/td>\n<td>\u00a01 sachet<\/td>\n<\/tr>\n<tr>\n<td>\u00a0&gt; 20 kg<\/td>\n<td>\n<p>\u00a02 sachets<\/p>\n<p>\u00a0<\/p>\n<\/td>\n<\/tr>\n<\/tbody>\n<\/table>\n<p><span style=\"text-decoration: underline;\">Packaging:<\/span><\/p>\n<p><span class=\"HwtZe\" lang=\"en\"><span class=\"jCAhz ChMk0b\"><span class=\"ryNqvb\">The package contains 30 sachets of 5 grams.<\/span><\/span><\/span><\/p>","_en_post_name":"anibidiol-plus-8-mg-30-sachets","_en_post_excerpt":"","_en_post_title":"Anibidiol Nature 8 Plus | 30 sachets","_de_post_content":"<p><span class=\"HwtZe\" lang=\"de\"><span class=\"jCAhz ChMk0b\"><span class=\"ryNqvb\">Anibidiol Nature 8 Plus ist ein Nahrungserg\u00e4nzungsmittel f\u00fcr Hunde und Katzen mit Hanfbl\u00fcten (gesiebtes Hanfmehl).<\/span><\/span> <span class=\"jCAhz ChMk0b\"><span class=\"ryNqvb\">Anibidiol Nature 8 Plus enth\u00e4lt au\u00dferdem die Vitamine B6 und B3 (Niacin), um das Nervensystem zu unterst\u00fctzen und M\u00fcdigkeit und Ersch\u00f6pfung zu reduzieren.<\/span><\/span> <span class=\"jCAhz ChMk0b\"><span class=\"ryNqvb\">Das Granulat basiert auf Dextrose und ist daher wasserl\u00f6slich.<\/span><\/span> <span class=\"jCAhz ChMk0b\"><span class=\"ryNqvb\">Ein Beutel enth\u00e4lt 8 mg CBD und hat ein Rindfleischaroma.<\/span><\/span><\/span><\/p>\n<p><i><span class=\"HwtZe\" lang=\"de\"><span class=\"jCAhz ChMk0b\"><span class=\"ryNqvb\">Fragen Sie Ihren Tierarzt, ob Anibidiol Nature 8 Plus f\u00fcr die Anwendung bei Ihrem Haustier geeignet ist.<\/span><\/span><\/span><\/i><\/p>\n<p><u>Dosierung:<\/u><\/p>\n<table style=\"height: 132px;\" border=\"1\" cellspacing=\"1\" cellpadding=\"1\">\n<tbody>\n<tr style=\"height: 18px;\">\n<td style=\"height: 18px;\"><strong>\u00a0K\u00f6rpergewicht<\/strong><\/td>\n<td style=\"height: 18px;\"><strong>\u00a0Pro Tag<\/strong><\/td>\n<\/tr>\n<tr style=\"height: 18px;\">\n<td style=\"height: 18px;\">\u00a0&lt; 10 kg<\/td>\n<td style=\"height: 18px;\">\u00a0\u00bd Beutel<\/td>\n<\/tr>\n<tr style=\"height: 18px;\">\n<td style=\"height: 18px;\">\u00a010 - 20 kg<\/td>\n<td style=\"height: 18px;\">\u00a01 Beutel<\/td>\n<\/tr>\n<tr style=\"height: 78px;\">\n<td style=\"height: 78px;\">\u00a0&gt; 20 kg<\/td>\n<td style=\"height: 78px;\">\n<p>\u00a02 Beutel<\/p>\n<p>\u00a0<\/p>\n<\/td>\n<\/tr>\n<\/tbody>\n<\/table>\n<p><u><span class=\"HwtZe\" lang=\"de\"><span class=\"jCAhz ChMk0b\"><span class=\"ryNqvb\">Verpackung:<\/span><\/span><\/span><\/u><\/p>\n<p><span class=\"HwtZe\" lang=\"de\"><span class=\"jCAhz ChMk0b\"><span class=\"ryNqvb\">Die Packung enth\u00e4lt 30 Beutel \u00e0 5 \u200b\u200bGramm.<\/span><\/span><\/span><\/p>","_de_post_name":"anibidiol-plus-8-mg-30-sachets","_de_post_excerpt":"","_de_post_title":"Anibidiol Nature 8 Plus | 30 Beutel","_fr_post_content":"<p><span class=\"HwtZe\" lang=\"fr\"><span class=\"jCAhz ChMk0b\"><span class=\"ryNqvb\">Anibidiol Nature 8 Plus est un compl\u00e9ment alimentaire pour chiens et chats \u00e0 base de fleur de chanvre (farine de chanvre tamis\u00e9e).<\/span><\/span> <span class=\"jCAhz ChMk0b\"><span class=\"ryNqvb\">Anibidiol Nature 8 Plus contient \u00e9galement des vitamines B6 et B3 (niacine) pour soutenir le syst\u00e8me nerveux et r\u00e9duire la fatigue et l'\u00e9puisement.<\/span><\/span> <span class=\"jCAhz ChMk0b\"><span class=\"ryNqvb\">Les granul\u00e9s sont \u00e0 base de dextrose, ils sont donc solubles dans l'eau.<\/span><\/span> <span class=\"jCAhz ChMk0b\"><span class=\"ryNqvb\">Un sachet contient 8 mg de CBD et\u00a0a un ar\u00f4me de b\u0153uf.<\/span><\/span><\/span><\/p>\n<p><i><span class=\"HwtZe\" lang=\"fr\"><span class=\"jCAhz ChMk0b\"><span class=\"ryNqvb\">Consultez votre v\u00e9t\u00e9rinaire pour savoir si Anibidiol Nature 8 Plus convient \u00e0 votre animal de compagnie.<\/span><\/span><\/span><\/i><\/p>\n<p><u>Dosage:<\/u><\/p>\n<table border=\"1\" cellspacing=\"1\" cellpadding=\"1\">\n<tbody>\n<tr>\n<td><strong>\u00a0Poids corporel<\/strong><\/td>\n<td><strong>\u00a0Par jour<\/strong><\/td>\n<\/tr>\n<tr>\n<td>\u00a0&lt; 10 kg<\/td>\n<td>\u00a0\u00bd sachet<\/td>\n<\/tr>\n<tr>\n<td>\u00a010 - 20 kg<\/td>\n<td>\u00a01 sachet<\/td>\n<\/tr>\n<tr>\n<td>\u00a0&gt; 20 kg<\/td>\n<td>\n<p>\u00a02 sachets<\/p>\n<p>\u00a0<\/p>\n<\/td>\n<\/tr>\n<\/tbody>\n<\/table>\n<p><span style=\"text-decoration: underline;\">Emballage:<\/span><\/p>\n<p><span class=\"HwtZe\" lang=\"fr\"><span class=\"jCAhz ChMk0b\"><span class=\"ryNqvb\">Le paquet contient 30 sachets de 5 grammes.<\/span><\/span><\/span><\/p>","_fr_post_name":"anibidiol-plus-8-mg-30-sachets","_fr_post_excerpt":"","_fr_post_title":"Anibidiol Nature 8 Plus | 30 sachets","_es_post_content":"<p><span class=\"HwtZe\" lang=\"es\"><span class=\"jCAhz ChMk0b\"><span class=\"ryNqvb\">Anibidiol Nature 8 Plus es un complemento alimenticio para perros y gatos con flor de c\u00e1\u00f1amo (harina de c\u00e1\u00f1amo tamizada).<\/span><\/span> <span class=\"jCAhz ChMk0b\"><span class=\"ryNqvb\">Anibidiol Nature 8 Plus tambi\u00e9n contiene vitaminas B6 y B3 (niacina) para apoyar el sistema nervioso y reducir la fatiga y el agotamiento.<\/span><\/span> <span class=\"jCAhz ChMk0b\"><span class=\"ryNqvb\">Los gr\u00e1nulos tienen como base dextrosa, por lo que son solubles en agua.<\/span><\/span> <span class=\"jCAhz ChMk0b\"><span class=\"ryNqvb\">Un sobre contiene 8 mg de CBD y tiene aroma a carne de vacuno.<\/span><\/span><\/span><\/p>\n<p><i><span class=\"HwtZe\" lang=\"es\"><span class=\"jCAhz ChMk0b\"><span class=\"ryNqvb\">Consulta con tu veterinario si Anibidiol Nature 8 Plus es adecuado para su uso en tu mascota.<\/span><\/span><\/span><\/i><\/p>\n<p><u>Dosis:<\/u><\/p>\n<table border=\"1\" cellspacing=\"1\" cellpadding=\"1\">\n<tbody>\n<tr>\n<td><strong>\u00a0Peso corporal<\/strong><\/td>\n<td><strong>\u00a0Por d\u00eda<\/strong><\/td>\n<\/tr>\n<tr>\n<td>\u00a0&lt; 10 kg<\/td>\n<td>\u00a0\u00bd sobre<\/td>\n<\/tr>\n<tr>\n<td>\u00a010 - 20 kg<\/td>\n<td>\u00a01 sobre<\/td>\n<\/tr>\n<tr>\n<td>\u00a0&gt; 20 kg<\/td>\n<td>\n<p>\u00a02 sobres<\/p>\n<p>\u00a0<\/p>\n<\/td>\n<\/tr>\n<\/tbody>\n<\/table>\n<p><span style=\"text-decoration: underline;\">Embalaje:<\/span><\/p>\n<div class=\"lRu31\"><span class=\"HwtZe\" lang=\"es\"><span class=\"jCAhz ChMk0b\"><span class=\"ryNqvb\">El paquete contiene 30 sobres de 5 gramos.<\/span><\/span><\/span><\/div>","_es_post_name":"anibidiol-plus-8-mg-30-sobres","_es_post_excerpt":"","_es_post_title":"Anibidiol Nature 8 Plus | 30 sobres","edit_language":"nl"},"product_brand":[],"product_cat":[2001,2022,1985,2002,2003,1117,1118,1839,1871,1857,1885,1854],"product_tag":[],"class_list":{"0":"post-119427","1":"product","2":"type-product","3":"status-publish","4":"has-post-thumbnail","6":"product_cat-angst-stress","7":"product_cat-anibidiol-virbac","8":"product_cat-dementie","10":"product_cat-epilepsie","11":"product_cat-honden","12":"product_cat-katten","13":"product_cat-medicijnen-supplementen","15":"product_cat-merken","16":"product_cat-zenuwstelsel","18":"pa_aandoening-gewrichten","19":"pa_doeldier-hond","20":"pa_doeldier-kat","21":"pa_fabricatieland-frankrijk","22":"pa_merkfilter-anibidiol","23":"pa_merkgroep-virbac","24":"pa_productsoort-voedingssupplement","25":"pa_seo_canonical_store_id-not_found_value","26":"pa_seo_category-not_found_value","27":"pa_seo_meta_robots-not_found_value","28":"pa_toedieningswijze-poeder","29":"pa_unit_pricing_base_measure-1ct","30":"pa_unit_pricing_measure-30ct","31":"pa_werkzamestof-overig","33":"first","34":"instock","35":"taxable","36":"shipping-taxable","37":"purchasable","38":"product-type-simple"},"yoast_head":"<!-- This site is optimized with the Yoast SEO plugin v27.5 - https:\/\/yoast.com\/product\/yoast-seo-wordpress\/ -->\n<title>Anibidiol Nature 8 Plus | 30 sachets - Pharmacy4pets<\/title>\n<meta name=\"robots\" content=\"index, follow, max-snippet:-1, max-image-preview:large, max-video-preview:-1\" \/>\n<link rel=\"canonical\" href=\"https:\/\/p4p-nl.bootmine.com\/%product-slug%\/anibidiol-plus-8-mg-30-sachets\" \/>\n<meta property=\"og:locale\" content=\"nl_NL\" \/>\n<meta property=\"og:type\" content=\"article\" \/>\n<meta property=\"og:title\" content=\"Anibidiol Nature 8 Plus | 30 sachets - Pharmacy4pets\" \/>\n<meta property=\"og:description\" content=\"Anibidiol Nature 8 Plus is een voedingssupplement voor honden en katten met hennepbloem (gezeefd hennepmeel). Anibidiol Nature 8 Plus bevat ook vitamine B6 en B3 (niacine) om het zenuwstelsel te ondersteunen en vermoeidheid en uitputting te verminderen. Het granulaat is op basis van dextrose, dus oplosbaar in water.\u00a0E\u00e9n sachet bevat 8 mg CBD en\u00a0heeft een [&hellip;]\" \/>\n<meta property=\"og:url\" content=\"https:\/\/p4p-nl.bootmine.com\/%product-slug%\/anibidiol-plus-8-mg-30-sachets\" \/>\n<meta property=\"og:site_name\" content=\"Pharmacy4pets\" \/>\n<meta property=\"article:publisher\" content=\"https:\/\/www.facebook.com\/people\/Pharmacy4petsnl\/100063484989896\/\" \/>\n<meta property=\"article:modified_time\" content=\"2026-04-14T08:03:59+00:00\" \/>\n<meta property=\"og:image\" content=\"https:\/\/p4p-nl.bootmine.com\/wp-content\/uploads\/2021\/01\/Anibidiol_Nature_8_Plus.jpg\" \/>\n\t<meta property=\"og:image:width\" content=\"1000\" \/>\n\t<meta property=\"og:image:height\" content=\"1000\" \/>\n\t<meta property=\"og:image:type\" content=\"image\/jpeg\" \/>\n<meta name=\"twitter:card\" content=\"summary_large_image\" \/>\n<script type=\"application\/ld+json\" class=\"yoast-schema-graph\">{\"@context\":\"https:\\\/\\\/schema.org\",\"@graph\":[{\"@type\":\"WebPage\",\"@id\":\"https:\\\/\\\/p4p-nl.bootmine.com\\\/%product-slug%\\\/anibidiol-plus-8-mg-30-sachets\",\"url\":\"https:\\\/\\\/p4p-nl.bootmine.com\\\/%product-slug%\\\/anibidiol-plus-8-mg-30-sachets\",\"name\":\"Anibidiol Nature 8 Plus | 30 sachets - Pharmacy4pets\",\"isPartOf\":{\"@id\":\"http:\\\/\\\/www.pharmacy4pets.nl\\\/#website\"},\"primaryImageOfPage\":{\"@id\":\"https:\\\/\\\/p4p-nl.bootmine.com\\\/%product-slug%\\\/anibidiol-plus-8-mg-30-sachets#primaryimage\"},\"image\":{\"@id\":\"https:\\\/\\\/p4p-nl.bootmine.com\\\/%product-slug%\\\/anibidiol-plus-8-mg-30-sachets#primaryimage\"},\"thumbnailUrl\":\"https:\\\/\\\/www.pharmacy4pets.nl\\\/wp-content\\\/uploads\\\/2021\\\/01\\\/Anibidiol_Nature_8_Plus.jpg\",\"datePublished\":\"2021-01-22T12:01:17+00:00\",\"dateModified\":\"2026-04-14T08:03:59+00:00\",\"breadcrumb\":{\"@id\":\"https:\\\/\\\/p4p-nl.bootmine.com\\\/%product-slug%\\\/anibidiol-plus-8-mg-30-sachets#breadcrumb\"},\"inLanguage\":\"nl-NL\",\"potentialAction\":[{\"@type\":\"ReadAction\",\"target\":[\"https:\\\/\\\/p4p-nl.bootmine.com\\\/%product-slug%\\\/anibidiol-plus-8-mg-30-sachets\"]}]},{\"@type\":\"ImageObject\",\"inLanguage\":\"nl-NL\",\"@id\":\"https:\\\/\\\/p4p-nl.bootmine.com\\\/%product-slug%\\\/anibidiol-plus-8-mg-30-sachets#primaryimage\",\"url\":\"https:\\\/\\\/www.pharmacy4pets.nl\\\/wp-content\\\/uploads\\\/2021\\\/01\\\/Anibidiol_Nature_8_Plus.jpg\",\"contentUrl\":\"https:\\\/\\\/www.pharmacy4pets.nl\\\/wp-content\\\/uploads\\\/2021\\\/01\\\/Anibidiol_Nature_8_Plus.jpg\",\"width\":1000,\"height\":1000,\"caption\":\"Anibidiol\"},{\"@type\":\"BreadcrumbList\",\"@id\":\"https:\\\/\\\/p4p-nl.bootmine.com\\\/%product-slug%\\\/anibidiol-plus-8-mg-30-sachets#breadcrumb\",\"itemListElement\":[{\"@type\":\"ListItem\",\"position\":1,\"name\":\"Home\",\"item\":\"https:\\\/\\\/p4p-nl.bootmine.com\\\/\"},{\"@type\":\"ListItem\",\"position\":2,\"name\":\"Winkel\",\"item\":\"https:\\\/\\\/p4p-nl.bootmine.com\\\/winkel\"},{\"@type\":\"ListItem\",\"position\":3,\"name\":\"Anibidiol Nature 8 Plus | 30 sachets\"}]},{\"@type\":\"WebSite\",\"@id\":\"http:\\\/\\\/www.pharmacy4pets.nl\\\/#website\",\"url\":\"http:\\\/\\\/www.pharmacy4pets.nl\\\/\",\"name\":\"Pharmacy4pets\",\"description\":\"Pharmacy4pets.nl is d\u00e9 online apotheek waar u terecht kunt voor alle diergeneesmiddelen, verzorgingsproducten en dieetvoeding voor uw huisdier.\",\"publisher\":{\"@id\":\"http:\\\/\\\/www.pharmacy4pets.nl\\\/#organization\"},\"potentialAction\":[{\"@type\":\"SearchAction\",\"target\":{\"@type\":\"EntryPoint\",\"urlTemplate\":\"http:\\\/\\\/www.pharmacy4pets.nl\\\/?s={search_term_string}\"},\"query-input\":{\"@type\":\"PropertyValueSpecification\",\"valueRequired\":true,\"valueName\":\"search_term_string\"}}],\"inLanguage\":\"nl-NL\"},{\"@type\":\"Organization\",\"@id\":\"http:\\\/\\\/www.pharmacy4pets.nl\\\/#organization\",\"name\":\"Pharmacy4pets\",\"url\":\"http:\\\/\\\/www.pharmacy4pets.nl\\\/\",\"logo\":{\"@type\":\"ImageObject\",\"inLanguage\":\"nl-NL\",\"@id\":\"http:\\\/\\\/www.pharmacy4pets.nl\\\/#\\\/schema\\\/logo\\\/image\\\/\",\"url\":\"https:\\\/\\\/p4p-nl.bootmine.com\\\/wp-content\\\/uploads\\\/2026\\\/03\\\/logo-pharmacy4pets.png\",\"contentUrl\":\"https:\\\/\\\/p4p-nl.bootmine.com\\\/wp-content\\\/uploads\\\/2026\\\/03\\\/logo-pharmacy4pets.png\",\"width\":1024,\"height\":135,\"caption\":\"Pharmacy4pets\"},\"image\":{\"@id\":\"http:\\\/\\\/www.pharmacy4pets.nl\\\/#\\\/schema\\\/logo\\\/image\\\/\"},\"sameAs\":[\"https:\\\/\\\/www.facebook.com\\\/people\\\/Pharmacy4petsnl\\\/100063484989896\\\/\",\"https:\\\/\\\/www.youtube.com\\\/channel\\\/UCGPTIgucgli03tP2_kvLkHg\\\/featured\",\"https:\\\/\\\/www.instagram.com\\\/pharmacy4pets.nl\"]}]}<\/script>\n<!-- \/ Yoast SEO plugin. -->","yoast_head_json":{"title":"Anibidiol Nature 8 Plus | 30 sachets - Pharmacy4pets","robots":{"index":"index","follow":"follow","max-snippet":"max-snippet:-1","max-image-preview":"max-image-preview:large","max-video-preview":"max-video-preview:-1"},"canonical":"https:\/\/p4p-nl.bootmine.com\/%product-slug%\/anibidiol-plus-8-mg-30-sachets","og_locale":"nl_NL","og_type":"article","og_title":"Anibidiol Nature 8 Plus | 30 sachets - Pharmacy4pets","og_description":"Anibidiol Nature 8 Plus is een voedingssupplement voor honden en katten met hennepbloem (gezeefd hennepmeel). Anibidiol Nature 8 Plus bevat ook vitamine B6 en B3 (niacine) om het zenuwstelsel te ondersteunen en vermoeidheid en uitputting te verminderen. Het granulaat is op basis van dextrose, dus oplosbaar in water.\u00a0E\u00e9n sachet bevat 8 mg CBD en\u00a0heeft een [&hellip;]","og_url":"https:\/\/p4p-nl.bootmine.com\/%product-slug%\/anibidiol-plus-8-mg-30-sachets","og_site_name":"Pharmacy4pets","article_publisher":"https:\/\/www.facebook.com\/people\/Pharmacy4petsnl\/100063484989896\/","article_modified_time":"2026-04-14T08:03:59+00:00","og_image":[{"width":1000,"height":1000,"url":"https:\/\/p4p-nl.bootmine.com\/wp-content\/uploads\/2021\/01\/Anibidiol_Nature_8_Plus.jpg","type":"image\/jpeg"}],"twitter_card":"summary_large_image","schema":{"@context":"https:\/\/schema.org","@graph":[{"@type":"WebPage","@id":"https:\/\/p4p-nl.bootmine.com\/%product-slug%\/anibidiol-plus-8-mg-30-sachets","url":"https:\/\/p4p-nl.bootmine.com\/%product-slug%\/anibidiol-plus-8-mg-30-sachets","name":"Anibidiol Nature 8 Plus | 30 sachets - Pharmacy4pets","isPartOf":{"@id":"http:\/\/www.pharmacy4pets.nl\/#website"},"primaryImageOfPage":{"@id":"https:\/\/p4p-nl.bootmine.com\/%product-slug%\/anibidiol-plus-8-mg-30-sachets#primaryimage"},"image":{"@id":"https:\/\/p4p-nl.bootmine.com\/%product-slug%\/anibidiol-plus-8-mg-30-sachets#primaryimage"},"thumbnailUrl":"https:\/\/www.pharmacy4pets.nl\/wp-content\/uploads\/2021\/01\/Anibidiol_Nature_8_Plus.jpg","datePublished":"2021-01-22T12:01:17+00:00","dateModified":"2026-04-14T08:03:59+00:00","breadcrumb":{"@id":"https:\/\/p4p-nl.bootmine.com\/%product-slug%\/anibidiol-plus-8-mg-30-sachets#breadcrumb"},"inLanguage":"nl-NL","potentialAction":[{"@type":"ReadAction","target":["https:\/\/p4p-nl.bootmine.com\/%product-slug%\/anibidiol-plus-8-mg-30-sachets"]}]},{"@type":"ImageObject","inLanguage":"nl-NL","@id":"https:\/\/p4p-nl.bootmine.com\/%product-slug%\/anibidiol-plus-8-mg-30-sachets#primaryimage","url":"https:\/\/www.pharmacy4pets.nl\/wp-content\/uploads\/2021\/01\/Anibidiol_Nature_8_Plus.jpg","contentUrl":"https:\/\/www.pharmacy4pets.nl\/wp-content\/uploads\/2021\/01\/Anibidiol_Nature_8_Plus.jpg","width":1000,"height":1000,"caption":"Anibidiol"},{"@type":"BreadcrumbList","@id":"https:\/\/p4p-nl.bootmine.com\/%product-slug%\/anibidiol-plus-8-mg-30-sachets#breadcrumb","itemListElement":[{"@type":"ListItem","position":1,"name":"Home","item":"https:\/\/p4p-nl.bootmine.com\/"},{"@type":"ListItem","position":2,"name":"Winkel","item":"https:\/\/p4p-nl.bootmine.com\/winkel"},{"@type":"ListItem","position":3,"name":"Anibidiol Nature 8 Plus | 30 sachets"}]},{"@type":"WebSite","@id":"http:\/\/www.pharmacy4pets.nl\/#website","url":"http:\/\/www.pharmacy4pets.nl\/","name":"Pharmacy4pets","description":"Pharmacy4pets.nl is d\u00e9 online apotheek waar u terecht kunt voor alle diergeneesmiddelen, verzorgingsproducten en dieetvoeding voor uw huisdier.","publisher":{"@id":"http:\/\/www.pharmacy4pets.nl\/#organization"},"potentialAction":[{"@type":"SearchAction","target":{"@type":"EntryPoint","urlTemplate":"http:\/\/www.pharmacy4pets.nl\/?s={search_term_string}"},"query-input":{"@type":"PropertyValueSpecification","valueRequired":true,"valueName":"search_term_string"}}],"inLanguage":"nl-NL"},{"@type":"Organization","@id":"http:\/\/www.pharmacy4pets.nl\/#organization","name":"Pharmacy4pets","url":"http:\/\/www.pharmacy4pets.nl\/","logo":{"@type":"ImageObject","inLanguage":"nl-NL","@id":"http:\/\/www.pharmacy4pets.nl\/#\/schema\/logo\/image\/","url":"https:\/\/p4p-nl.bootmine.com\/wp-content\/uploads\/2026\/03\/logo-pharmacy4pets.png","contentUrl":"https:\/\/p4p-nl.bootmine.com\/wp-content\/uploads\/2026\/03\/logo-pharmacy4pets.png","width":1024,"height":135,"caption":"Pharmacy4pets"},"image":{"@id":"http:\/\/www.pharmacy4pets.nl\/#\/schema\/logo\/image\/"},"sameAs":["https:\/\/www.facebook.com\/people\/Pharmacy4petsnl\/100063484989896\/","https:\/\/www.youtube.com\/channel\/UCGPTIgucgli03tP2_kvLkHg\/featured","https:\/\/www.instagram.com\/pharmacy4pets.nl"]}]}},"market_data":{"nl":{"price":0,"sale_price":0,"active":false,"url":null,"parent_url":"","tax_rate":0,"price_inc_tax":0,"sale_price_inc_tax":0},"de":{"price":0,"sale_price":0,"active":false,"url":null,"parent_url":"","tax_rate":0,"price_inc_tax":0,"sale_price_inc_tax":0},"be":{"price":0,"sale_price":0,"active":false,"url":null,"parent_url":"","tax_rate":0,"price_inc_tax":0,"sale_price_inc_tax":0},"fr":{"price":0,"sale_price":0,"active":false,"url":null,"parent_url":"","tax_rate":0,"price_inc_tax":0,"sale_price_inc_tax":0},"ch":{"price":0,"sale_price":0,"active":false,"url":null,"parent_url":"","tax_rate":0,"price_inc_tax":0,"sale_price_inc_tax":0},"at":{"price":0,"sale_price":0,"active":false,"url":null,"parent_url":"","tax_rate":0,"price_inc_tax":0,"sale_price_inc_tax":0},"es":{"price":0,"sale_price":0,"active":false,"url":null,"parent_url":"","tax_rate":0,"price_inc_tax":0,"sale_price_inc_tax":0},"dk":{"price":0,"sale_price":0,"active":false,"url":null,"parent_url":"","tax_rate":0,"price_inc_tax":0,"sale_price_inc_tax":0},"com":{"price":0,"sale_price":0,"active":false,"url":null,"parent_url":"","tax_rate":0,"price_inc_tax":0,"sale_price_inc_tax":0}},"market_nl_price":0,"market_nl_sale_price":0,"market_nl_active":false,"market_nl_url":null,"market_nl_parent_url":"","market_nl_tax_rate":0,"market_nl_price_inc_tax":0,"market_nl_sale_price_inc_tax":0,"market_de_price":0,"market_de_sale_price":0,"market_de_active":false,"market_de_url":null,"market_de_parent_url":"","market_de_tax_rate":0,"market_de_price_inc_tax":0,"market_de_sale_price_inc_tax":0,"market_be_price":0,"market_be_sale_price":0,"market_be_active":false,"market_be_url":null,"market_be_parent_url":"","market_be_tax_rate":0,"market_be_price_inc_tax":0,"market_be_sale_price_inc_tax":0,"market_fr_price":0,"market_fr_sale_price":0,"market_fr_active":false,"market_fr_url":null,"market_fr_parent_url":"","market_fr_tax_rate":0,"market_fr_price_inc_tax":0,"market_fr_sale_price_inc_tax":0,"market_ch_price":0,"market_ch_sale_price":0,"market_ch_active":false,"market_ch_url":null,"market_ch_parent_url":"","market_ch_tax_rate":0,"market_ch_price_inc_tax":0,"market_ch_sale_price_inc_tax":0,"market_at_price":0,"market_at_sale_price":0,"market_at_active":false,"market_at_url":null,"market_at_parent_url":"","market_at_tax_rate":0,"market_at_price_inc_tax":0,"market_at_sale_price_inc_tax":0,"market_es_price":0,"market_es_sale_price":0,"market_es_active":false,"market_es_url":null,"market_es_parent_url":"","market_es_tax_rate":0,"market_es_price_inc_tax":0,"market_es_sale_price_inc_tax":0,"market_dk_price":0,"market_dk_sale_price":0,"market_dk_active":false,"market_dk_url":null,"market_dk_parent_url":"","market_dk_tax_rate":0,"market_dk_price_inc_tax":0,"market_dk_sale_price_inc_tax":0,"market_com_price":0,"market_com_sale_price":0,"market_com_active":false,"market_com_url":null,"market_com_parent_url":"","market_com_tax_rate":0,"market_com_price_inc_tax":0,"market_com_sale_price_inc_tax":0,"acf":[],"_links":{"self":[{"href":"https:\/\/www.pharmacy4pets.nl\/be\/wp-json\/wp\/v2\/product\/119427","targetHints":{"allow":["GET"]}}],"collection":[{"href":"https:\/\/www.pharmacy4pets.nl\/be\/wp-json\/wp\/v2\/product"}],"about":[{"href":"https:\/\/www.pharmacy4pets.nl\/be\/wp-json\/wp\/v2\/types\/product"}],"replies":[{"embeddable":true,"href":"https:\/\/www.pharmacy4pets.nl\/be\/wp-json\/wp\/v2\/comments?post=119427"}],"wp:featuredmedia":[{"embeddable":true,"href":"https:\/\/www.pharmacy4pets.nl\/be\/wp-json\/wp\/v2\/media\/119426"}],"wp:attachment":[{"href":"https:\/\/www.pharmacy4pets.nl\/be\/wp-json\/wp\/v2\/media?parent=119427"}],"wp:term":[{"taxonomy":"product_brand","embeddable":true,"href":"https:\/\/www.pharmacy4pets.nl\/be\/wp-json\/wp\/v2\/product_brand?post=119427"},{"taxonomy":"product_cat","embeddable":true,"href":"https:\/\/www.pharmacy4pets.nl\/be\/wp-json\/wp\/v2\/product_cat?post=119427"},{"taxonomy":"product_tag","embeddable":true,"href":"https:\/\/www.pharmacy4pets.nl\/be\/wp-json\/wp\/v2\/product_tag?post=119427"}],"curies":[{"name":"wp","href":"https:\/\/api.w.org\/{rel}","templated":true}]}}