{"id":119405,"date":"2021-01-08T13:44:42","date_gmt":"2021-01-08T13:44:42","guid":{"rendered":"https:\/\/p4p.test\/trixie-dog-snack-bal-7-cm-1-st"},"modified":"2026-03-25T12:01:35","modified_gmt":"2026-03-25T12:01:35","slug":"trixie-dog-snack-bal-7-cm-1-st","status":"publish","type":"product","link":"https:\/\/www.pharmacy4pets.nl\/be\/trixie-dog-snack-bal-7-cm-1-st","title":{"rendered":"Trixie dog snack-bal 7 cm | Groen | 1 stuk"},"content":{"rendered":"<p>Verstop de traktaties van uw hond in deze bal. Door de bal te laten bewegen met zijn neus of poot rolt de traktatie eruit en krijgt uw hond zijn beloning. De snack bal heeft een handige verstelbare opening. De bal is verkrijgbaar in de formaten: 7 en 11 cm. De kleur van de 7 cm bal is groen en de kleur van de 11 cm bal is turqoise.<\/p>\n","protected":false},"excerpt":{"rendered":"<p>Verstop de traktaties van uw hond in deze bal. Door de bal te laten bewegen met zijn neus of poot rolt de traktatie eruit en krijgt uw hond zijn beloning. De snack bal heeft een handige verstelbare opening. De bal is verkrijgbaar in de formaten: 7 en 11 cm. De kleur van de 7 cm [&hellip;]<\/p>\n","protected":false},"featured_media":119404,"comment_status":"open","ping_status":"closed","template":"","meta":{"_acf_changed":false,"_nl_post_content":"<p>Verstop de traktaties van uw hond in deze bal. Door de bal te laten bewegen met zijn neus of poot rolt de traktatie eruit en krijgt uw hond zijn beloning. De snack bal heeft een handige verstelbare opening. De bal is verkrijgbaar in de formaten: 7 en 11 cm. De kleur van de 7 cm bal is groen en de kleur van de 11 cm bal is turqoise.<\/p>","_nl_post_name":"trixie-dog-snack-bal-7-cm-1-st","_nl_post_excerpt":"","_nl_post_title":"Trixie dog snack-bal 7 cm | Groen | 1 stuk","_en_post_content":"<p>Hide your dog's treats in this ball. By moving the ball with his nose or paw, the treat rolls out and your dog gets his reward. The snack ball has a handy adjustable opening. The ball is available in sizes: 7 and 11 cm. The colour of the 7 cm ball is green and the colour of the 11 cm ball is turquoise.<\/p>","_en_post_name":"trixie-dog-snack-bal-7-cm-1-piece","_en_post_excerpt":"","_en_post_title":"Trixie dog snack-bal 7 cm | Green | 1 piece","_de_post_content":"<p>Verstecken Sie die Leckerlis Ihres Hundes in diesem Ball. Wenn er den Ball mit seiner Nase oder Pfote bewegt, rollt das Leckerli heraus und Ihr Hund bekommt seine Belohnung. Der Snackball hat eine praktische verstellbare \u00d6ffnung. Der Ball ist in folgenden Gr\u00f6\u00dfen erh\u00e4ltlich: 7 und 11 cm. Die Farbe des 7 cm Balls ist gr\u00fcn und die Farbe des 11 cm Balls ist t\u00fcrkis.<\/p>","_de_post_name":"trixie-snack-ball-hund-7-cm-1-stuck","_de_post_excerpt":"","_de_post_title":"Trixie Snack-Ball Hund 7 cm | Gr\u00fcn | 1 St\u00fcck","_fr_post_content":"<p>Cachez les friandises de votre chien dans cette balle. En bougeant la balle avec son nez ou sa patte, la friandise sort et votre chien re\u00e7oit sa r\u00e9compense. La balle \u00e0 grignoter est dot\u00e9e d'une ouverture r\u00e9glable tr\u00e8s pratique. La balle est disponible en deux tailles : 7 et 11 cm.\u00a0La couleur de la balle de 7 cm est verte et celle de la balle de 11 cm est turquoise.<\/p>","_fr_post_name":"trixie-snack-balle-7-cm-1-piece","_fr_post_excerpt":"","_fr_post_title":"Trixie Snack balle 7 cm | Verte | 1 pi\u00e8ce","_es_post_content":"<p>Esconde las golosinas de tu perro en esta pelota. Al mover la pelota con la nariz o la pata, la golosina sale rodando y tu perro obtiene su recompensa. La pelota tiene una pr\u00e1ctica abertura ajustable. La pelota est\u00e1 disponible en tama\u00f1os de 7 y 11 cm. El color de la bola de 7 cm es verde y el de la bola de 11 cm es turquesa.<\/p>","_es_post_name":"trixie-pelota-snacks-7-cm-1-pieza","_es_post_excerpt":"","_es_post_title":"Trixie Pelota Snacks 7 cm | Verde | 1 pieza","edit_language":"nl"},"product_brand":[],"product_cat":[1861,1117,1865,1857,1959],"product_tag":[],"class_list":{"0":"post-119405","1":"product","2":"type-product","3":"status-publish","4":"has-post-thumbnail","6":"product_cat-benodigdheden","7":"product_cat-honden","8":"product_cat-hondenspeelgoed","9":"product_cat-merken","10":"product_cat-trixie","11":"pa_aandoening-overig","12":"pa_doeldier-hond","13":"pa_fabricatieland-duitsland","14":"pa_merkfilter-trixie","15":"pa_merkgroep-trixie","16":"pa_productsoort-overig","17":"pa_seo_canonical_store_id-not_found_value","18":"pa_seo_category-not_found_value","19":"pa_seo_meta_robots-not_found_value","20":"pa_toedieningswijze-speelgoed","21":"pa_unit_pricing_base_measure-1ct","22":"pa_unit_pricing_measure-1ct","23":"pa_werkzamestof-overig","25":"first","26":"instock","27":"taxable","28":"shipping-taxable","29":"purchasable","30":"product-type-simple"},"yoast_head":"<!-- This site is optimized with the Yoast SEO plugin v27.5 - https:\/\/yoast.com\/product\/yoast-seo-wordpress\/ -->\n<title>Trixie dog snack-bal 7 cm 1 st.<\/title>\n<meta name=\"robots\" content=\"index, follow, max-snippet:-1, max-image-preview:large, max-video-preview:-1\" \/>\n<link rel=\"canonical\" href=\"https:\/\/www.pharmacy4pets.nl\/be\/trixie-dog-snack-bal-7-cm-1-st\" \/>\n<meta property=\"og:locale\" content=\"nl_NL\" \/>\n<meta property=\"og:type\" content=\"article\" \/>\n<meta property=\"og:title\" content=\"Trixie dog snack-bal 7 cm 1 st.\" \/>\n<meta property=\"og:description\" content=\"Verstop de traktaties van uw hond in deze bal. Door de bal te laten bewegen met zijn neus of poot rolt de traktatie eruit en krijgt uw hond zijn beloning. De snack bal heeft een handige verstelbare opening. De bal is verkrijgbaar in de formaten: 7 en 11 cm. De kleur van de 7 cm [&hellip;]\" \/>\n<meta property=\"og:url\" content=\"https:\/\/www.pharmacy4pets.nl\/be\/trixie-dog-snack-bal-7-cm-1-st\" \/>\n<meta property=\"og:site_name\" content=\"Pharmacy4pets\" \/>\n<meta property=\"article:publisher\" content=\"https:\/\/www.facebook.com\/people\/Pharmacy4petsnl\/100063484989896\/\" \/>\n<meta property=\"article:modified_time\" content=\"2026-03-25T12:01:35+00:00\" \/>\n<meta property=\"og:image\" content=\"https:\/\/www.pharmacy4pets.nl\/wp-content\/uploads\/2021\/01\/25374_v2.jpg\" \/>\n\t<meta property=\"og:image:width\" content=\"750\" \/>\n\t<meta property=\"og:image:height\" content=\"750\" \/>\n\t<meta property=\"og:image:type\" content=\"image\/jpeg\" \/>\n<meta name=\"twitter:card\" content=\"summary_large_image\" \/>\n<script type=\"application\/ld+json\" class=\"yoast-schema-graph\">{\"@context\":\"https:\\\/\\\/schema.org\",\"@graph\":[{\"@type\":\"WebPage\",\"@id\":\"https:\\\/\\\/www.pharmacy4pets.nl\\\/be\\\/trixie-dog-snack-bal-7-cm-1-st\",\"url\":\"https:\\\/\\\/www.pharmacy4pets.nl\\\/be\\\/trixie-dog-snack-bal-7-cm-1-st\",\"name\":\"Trixie dog snack-bal 7 cm 1 st.\",\"isPartOf\":{\"@id\":\"http:\\\/\\\/www.pharmacy4pets.nl\\\/#website\"},\"primaryImageOfPage\":{\"@id\":\"https:\\\/\\\/www.pharmacy4pets.nl\\\/be\\\/trixie-dog-snack-bal-7-cm-1-st#primaryimage\"},\"image\":{\"@id\":\"https:\\\/\\\/www.pharmacy4pets.nl\\\/be\\\/trixie-dog-snack-bal-7-cm-1-st#primaryimage\"},\"thumbnailUrl\":\"https:\\\/\\\/www.pharmacy4pets.nl\\\/wp-content\\\/uploads\\\/2021\\\/01\\\/25374_v2.jpg\",\"datePublished\":\"2021-01-08T13:44:42+00:00\",\"dateModified\":\"2026-03-25T12:01:35+00:00\",\"breadcrumb\":{\"@id\":\"https:\\\/\\\/www.pharmacy4pets.nl\\\/be\\\/trixie-dog-snack-bal-7-cm-1-st#breadcrumb\"},\"inLanguage\":\"nl-NL\",\"potentialAction\":[{\"@type\":\"ReadAction\",\"target\":[\"https:\\\/\\\/www.pharmacy4pets.nl\\\/be\\\/trixie-dog-snack-bal-7-cm-1-st\"]}]},{\"@type\":\"ImageObject\",\"inLanguage\":\"nl-NL\",\"@id\":\"https:\\\/\\\/www.pharmacy4pets.nl\\\/be\\\/trixie-dog-snack-bal-7-cm-1-st#primaryimage\",\"url\":\"https:\\\/\\\/www.pharmacy4pets.nl\\\/wp-content\\\/uploads\\\/2021\\\/01\\\/25374_v2.jpg\",\"contentUrl\":\"https:\\\/\\\/www.pharmacy4pets.nl\\\/wp-content\\\/uploads\\\/2021\\\/01\\\/25374_v2.jpg\",\"width\":750,\"height\":750,\"caption\":\"Trixie\"},{\"@type\":\"BreadcrumbList\",\"@id\":\"https:\\\/\\\/www.pharmacy4pets.nl\\\/be\\\/trixie-dog-snack-bal-7-cm-1-st#breadcrumb\",\"itemListElement\":[{\"@type\":\"ListItem\",\"position\":1,\"name\":\"Home\",\"item\":\"https:\\\/\\\/p4p-nl.bootmine.com\\\/\"},{\"@type\":\"ListItem\",\"position\":2,\"name\":\"Winkel\",\"item\":\"https:\\\/\\\/p4p-nl.bootmine.com\\\/winkel\"},{\"@type\":\"ListItem\",\"position\":3,\"name\":\"Trixie dog snack-bal 7 cm | Groen | 1 stuk\"}]},{\"@type\":\"WebSite\",\"@id\":\"http:\\\/\\\/www.pharmacy4pets.nl\\\/#website\",\"url\":\"http:\\\/\\\/www.pharmacy4pets.nl\\\/\",\"name\":\"Pharmacy4pets\",\"description\":\"Pharmacy4pets.nl is d\u00e9 online apotheek waar u terecht kunt voor alle diergeneesmiddelen, verzorgingsproducten en dieetvoeding voor uw huisdier.\",\"publisher\":{\"@id\":\"http:\\\/\\\/www.pharmacy4pets.nl\\\/#organization\"},\"potentialAction\":[{\"@type\":\"SearchAction\",\"target\":{\"@type\":\"EntryPoint\",\"urlTemplate\":\"http:\\\/\\\/www.pharmacy4pets.nl\\\/?s={search_term_string}\"},\"query-input\":{\"@type\":\"PropertyValueSpecification\",\"valueRequired\":true,\"valueName\":\"search_term_string\"}}],\"inLanguage\":\"nl-NL\"},{\"@type\":\"Organization\",\"@id\":\"http:\\\/\\\/www.pharmacy4pets.nl\\\/#organization\",\"name\":\"Pharmacy4pets\",\"url\":\"http:\\\/\\\/www.pharmacy4pets.nl\\\/\",\"logo\":{\"@type\":\"ImageObject\",\"inLanguage\":\"nl-NL\",\"@id\":\"http:\\\/\\\/www.pharmacy4pets.nl\\\/#\\\/schema\\\/logo\\\/image\\\/\",\"url\":\"https:\\\/\\\/p4p-nl.bootmine.com\\\/wp-content\\\/uploads\\\/2026\\\/03\\\/logo-pharmacy4pets.png\",\"contentUrl\":\"https:\\\/\\\/p4p-nl.bootmine.com\\\/wp-content\\\/uploads\\\/2026\\\/03\\\/logo-pharmacy4pets.png\",\"width\":1024,\"height\":135,\"caption\":\"Pharmacy4pets\"},\"image\":{\"@id\":\"http:\\\/\\\/www.pharmacy4pets.nl\\\/#\\\/schema\\\/logo\\\/image\\\/\"},\"sameAs\":[\"https:\\\/\\\/www.facebook.com\\\/people\\\/Pharmacy4petsnl\\\/100063484989896\\\/\",\"https:\\\/\\\/www.youtube.com\\\/channel\\\/UCGPTIgucgli03tP2_kvLkHg\\\/featured\",\"https:\\\/\\\/www.instagram.com\\\/pharmacy4pets.nl\"]}]}<\/script>\n<!-- \/ Yoast SEO plugin. -->","yoast_head_json":{"title":"Trixie dog snack-bal 7 cm 1 st.","robots":{"index":"index","follow":"follow","max-snippet":"max-snippet:-1","max-image-preview":"max-image-preview:large","max-video-preview":"max-video-preview:-1"},"canonical":"https:\/\/www.pharmacy4pets.nl\/be\/trixie-dog-snack-bal-7-cm-1-st","og_locale":"nl_NL","og_type":"article","og_title":"Trixie dog snack-bal 7 cm 1 st.","og_description":"Verstop de traktaties van uw hond in deze bal. Door de bal te laten bewegen met zijn neus of poot rolt de traktatie eruit en krijgt uw hond zijn beloning. De snack bal heeft een handige verstelbare opening. De bal is verkrijgbaar in de formaten: 7 en 11 cm. De kleur van de 7 cm [&hellip;]","og_url":"https:\/\/www.pharmacy4pets.nl\/be\/trixie-dog-snack-bal-7-cm-1-st","og_site_name":"Pharmacy4pets","article_publisher":"https:\/\/www.facebook.com\/people\/Pharmacy4petsnl\/100063484989896\/","article_modified_time":"2026-03-25T12:01:35+00:00","og_image":[{"width":750,"height":750,"url":"https:\/\/www.pharmacy4pets.nl\/wp-content\/uploads\/2021\/01\/25374_v2.jpg","type":"image\/jpeg"}],"twitter_card":"summary_large_image","schema":{"@context":"https:\/\/schema.org","@graph":[{"@type":"WebPage","@id":"https:\/\/www.pharmacy4pets.nl\/be\/trixie-dog-snack-bal-7-cm-1-st","url":"https:\/\/www.pharmacy4pets.nl\/be\/trixie-dog-snack-bal-7-cm-1-st","name":"Trixie dog snack-bal 7 cm 1 st.","isPartOf":{"@id":"http:\/\/www.pharmacy4pets.nl\/#website"},"primaryImageOfPage":{"@id":"https:\/\/www.pharmacy4pets.nl\/be\/trixie-dog-snack-bal-7-cm-1-st#primaryimage"},"image":{"@id":"https:\/\/www.pharmacy4pets.nl\/be\/trixie-dog-snack-bal-7-cm-1-st#primaryimage"},"thumbnailUrl":"https:\/\/www.pharmacy4pets.nl\/wp-content\/uploads\/2021\/01\/25374_v2.jpg","datePublished":"2021-01-08T13:44:42+00:00","dateModified":"2026-03-25T12:01:35+00:00","breadcrumb":{"@id":"https:\/\/www.pharmacy4pets.nl\/be\/trixie-dog-snack-bal-7-cm-1-st#breadcrumb"},"inLanguage":"nl-NL","potentialAction":[{"@type":"ReadAction","target":["https:\/\/www.pharmacy4pets.nl\/be\/trixie-dog-snack-bal-7-cm-1-st"]}]},{"@type":"ImageObject","inLanguage":"nl-NL","@id":"https:\/\/www.pharmacy4pets.nl\/be\/trixie-dog-snack-bal-7-cm-1-st#primaryimage","url":"https:\/\/www.pharmacy4pets.nl\/wp-content\/uploads\/2021\/01\/25374_v2.jpg","contentUrl":"https:\/\/www.pharmacy4pets.nl\/wp-content\/uploads\/2021\/01\/25374_v2.jpg","width":750,"height":750,"caption":"Trixie"},{"@type":"BreadcrumbList","@id":"https:\/\/www.pharmacy4pets.nl\/be\/trixie-dog-snack-bal-7-cm-1-st#breadcrumb","itemListElement":[{"@type":"ListItem","position":1,"name":"Home","item":"https:\/\/p4p-nl.bootmine.com\/"},{"@type":"ListItem","position":2,"name":"Winkel","item":"https:\/\/p4p-nl.bootmine.com\/winkel"},{"@type":"ListItem","position":3,"name":"Trixie dog snack-bal 7 cm | Groen | 1 stuk"}]},{"@type":"WebSite","@id":"http:\/\/www.pharmacy4pets.nl\/#website","url":"http:\/\/www.pharmacy4pets.nl\/","name":"Pharmacy4pets","description":"Pharmacy4pets.nl is d\u00e9 online apotheek waar u terecht kunt voor alle diergeneesmiddelen, verzorgingsproducten en dieetvoeding voor uw huisdier.","publisher":{"@id":"http:\/\/www.pharmacy4pets.nl\/#organization"},"potentialAction":[{"@type":"SearchAction","target":{"@type":"EntryPoint","urlTemplate":"http:\/\/www.pharmacy4pets.nl\/?s={search_term_string}"},"query-input":{"@type":"PropertyValueSpecification","valueRequired":true,"valueName":"search_term_string"}}],"inLanguage":"nl-NL"},{"@type":"Organization","@id":"http:\/\/www.pharmacy4pets.nl\/#organization","name":"Pharmacy4pets","url":"http:\/\/www.pharmacy4pets.nl\/","logo":{"@type":"ImageObject","inLanguage":"nl-NL","@id":"http:\/\/www.pharmacy4pets.nl\/#\/schema\/logo\/image\/","url":"https:\/\/p4p-nl.bootmine.com\/wp-content\/uploads\/2026\/03\/logo-pharmacy4pets.png","contentUrl":"https:\/\/p4p-nl.bootmine.com\/wp-content\/uploads\/2026\/03\/logo-pharmacy4pets.png","width":1024,"height":135,"caption":"Pharmacy4pets"},"image":{"@id":"http:\/\/www.pharmacy4pets.nl\/#\/schema\/logo\/image\/"},"sameAs":["https:\/\/www.facebook.com\/people\/Pharmacy4petsnl\/100063484989896\/","https:\/\/www.youtube.com\/channel\/UCGPTIgucgli03tP2_kvLkHg\/featured","https:\/\/www.instagram.com\/pharmacy4pets.nl"]}]}},"market_data":{"nl":{"price":0,"sale_price":0,"active":false,"url":null,"parent_url":"","tax_rate":0,"price_inc_tax":0,"sale_price_inc_tax":0},"de":{"price":0,"sale_price":0,"active":false,"url":null,"parent_url":"","tax_rate":0,"price_inc_tax":0,"sale_price_inc_tax":0},"be":{"price":0,"sale_price":0,"active":false,"url":null,"parent_url":"","tax_rate":0,"price_inc_tax":0,"sale_price_inc_tax":0},"fr":{"price":0,"sale_price":0,"active":false,"url":null,"parent_url":"","tax_rate":0,"price_inc_tax":0,"sale_price_inc_tax":0},"ch":{"price":0,"sale_price":0,"active":false,"url":null,"parent_url":"","tax_rate":0,"price_inc_tax":0,"sale_price_inc_tax":0},"at":{"price":0,"sale_price":0,"active":false,"url":null,"parent_url":"","tax_rate":0,"price_inc_tax":0,"sale_price_inc_tax":0},"es":{"price":0,"sale_price":0,"active":false,"url":null,"parent_url":"","tax_rate":0,"price_inc_tax":0,"sale_price_inc_tax":0},"dk":{"price":0,"sale_price":0,"active":false,"url":null,"parent_url":"","tax_rate":0,"price_inc_tax":0,"sale_price_inc_tax":0},"com":{"price":0,"sale_price":0,"active":false,"url":null,"parent_url":"","tax_rate":0,"price_inc_tax":0,"sale_price_inc_tax":0}},"market_nl_price":0,"market_nl_sale_price":0,"market_nl_active":false,"market_nl_url":null,"market_nl_parent_url":"","market_nl_tax_rate":0,"market_nl_price_inc_tax":0,"market_nl_sale_price_inc_tax":0,"market_de_price":0,"market_de_sale_price":0,"market_de_active":false,"market_de_url":null,"market_de_parent_url":"","market_de_tax_rate":0,"market_de_price_inc_tax":0,"market_de_sale_price_inc_tax":0,"market_be_price":0,"market_be_sale_price":0,"market_be_active":false,"market_be_url":null,"market_be_parent_url":"","market_be_tax_rate":0,"market_be_price_inc_tax":0,"market_be_sale_price_inc_tax":0,"market_fr_price":0,"market_fr_sale_price":0,"market_fr_active":false,"market_fr_url":null,"market_fr_parent_url":"","market_fr_tax_rate":0,"market_fr_price_inc_tax":0,"market_fr_sale_price_inc_tax":0,"market_ch_price":0,"market_ch_sale_price":0,"market_ch_active":false,"market_ch_url":null,"market_ch_parent_url":"","market_ch_tax_rate":0,"market_ch_price_inc_tax":0,"market_ch_sale_price_inc_tax":0,"market_at_price":0,"market_at_sale_price":0,"market_at_active":false,"market_at_url":null,"market_at_parent_url":"","market_at_tax_rate":0,"market_at_price_inc_tax":0,"market_at_sale_price_inc_tax":0,"market_es_price":0,"market_es_sale_price":0,"market_es_active":false,"market_es_url":null,"market_es_parent_url":"","market_es_tax_rate":0,"market_es_price_inc_tax":0,"market_es_sale_price_inc_tax":0,"market_dk_price":0,"market_dk_sale_price":0,"market_dk_active":false,"market_dk_url":null,"market_dk_parent_url":"","market_dk_tax_rate":0,"market_dk_price_inc_tax":0,"market_dk_sale_price_inc_tax":0,"market_com_price":0,"market_com_sale_price":0,"market_com_active":false,"market_com_url":null,"market_com_parent_url":"","market_com_tax_rate":0,"market_com_price_inc_tax":0,"market_com_sale_price_inc_tax":0,"acf":[],"_links":{"self":[{"href":"https:\/\/www.pharmacy4pets.nl\/be\/wp-json\/wp\/v2\/product\/119405","targetHints":{"allow":["GET"]}}],"collection":[{"href":"https:\/\/www.pharmacy4pets.nl\/be\/wp-json\/wp\/v2\/product"}],"about":[{"href":"https:\/\/www.pharmacy4pets.nl\/be\/wp-json\/wp\/v2\/types\/product"}],"replies":[{"embeddable":true,"href":"https:\/\/www.pharmacy4pets.nl\/be\/wp-json\/wp\/v2\/comments?post=119405"}],"wp:featuredmedia":[{"embeddable":true,"href":"https:\/\/www.pharmacy4pets.nl\/be\/wp-json\/wp\/v2\/media\/119404"}],"wp:attachment":[{"href":"https:\/\/www.pharmacy4pets.nl\/be\/wp-json\/wp\/v2\/media?parent=119405"}],"wp:term":[{"taxonomy":"product_brand","embeddable":true,"href":"https:\/\/www.pharmacy4pets.nl\/be\/wp-json\/wp\/v2\/product_brand?post=119405"},{"taxonomy":"product_cat","embeddable":true,"href":"https:\/\/www.pharmacy4pets.nl\/be\/wp-json\/wp\/v2\/product_cat?post=119405"},{"taxonomy":"product_tag","embeddable":true,"href":"https:\/\/www.pharmacy4pets.nl\/be\/wp-json\/wp\/v2\/product_tag?post=119405"}],"curies":[{"name":"wp","href":"https:\/\/api.w.org\/{rel}","templated":true}]}}