{"id":119368,"date":"2020-02-18T09:45:05","date_gmt":"2020-02-18T09:45:05","guid":{"rendered":"https:\/\/p4p.test\/vectra-felis-423-mg-3-pipetten"},"modified":"2026-04-14T08:03:56","modified_gmt":"2026-04-14T08:03:56","slug":"vectra-felis-423-mg-3-pipetten","status":"publish","type":"product","link":"https:\/\/www.pharmacy4pets.nl\/be\/vectra-felis-423-mg-3-pipetten","title":{"rendered":"Vectra Felis kat 423mg 0.6-10kg 3 pipetten"},"content":{"rendered":"<h1><strong>Vectra Felis kat<\/strong><\/h1>\n<p><a href=\"https:\/\/www.pharmacy4pets.nl\/merken\/vectra-felis\">Vectra Felis<\/a> voor katten is een spot-on oplossing voor de behandeling en preventie van vlooienbesmetting. E\u00e9n toepassing voorkomt vlooienbesmetting gedurende \u00e9\u00e9n maand. Het verhindert ook de vermenigvuldiging van <a href=\"https:\/\/www.pharmacy4pets.nl\/katten\/vlooien-teken-insecten\/vlooien\">vlooien<\/a> door remming van de ontwikkeling van de vlooien in de omgeving van de kat gedurende 3 maanden.<\/p>\n<p>Vectra Felis is geschikt voor kittens en volwassen katten, maar mag niet worden gebruikt bij katten of kittens die minder dan 0,6 kg wegen.<\/p>\n<h2><strong>Bijsluiter<\/strong><\/h2>\n<p>Lees voor gebruik de Vectra Felis bijsluiter.<\/p>\n","protected":false},"excerpt":{"rendered":"<p>Vectra Felis kat Vectra Felis voor katten is een spot-on oplossing voor de behandeling en preventie van vlooienbesmetting. E\u00e9n toepassing voorkomt vlooienbesmetting gedurende \u00e9\u00e9n maand. Het verhindert ook de vermenigvuldiging van vlooien door remming van de ontwikkeling van de vlooien in de omgeving van de kat gedurende 3 maanden. Vectra Felis is geschikt voor kittens [&hellip;]<\/p>\n","protected":false},"featured_media":119367,"comment_status":"open","ping_status":"closed","template":"","meta":{"_acf_changed":false,"_nl_post_content":"<h1><strong>Vectra Felis kat<\/strong><\/h1>\n<p><a href=\"https:\/\/www.pharmacy4pets.nl\/merken\/vectra-felis\">Vectra Felis<\/a> voor katten is een spot-on oplossing voor de behandeling en preventie van vlooienbesmetting. E\u00e9n toepassing voorkomt vlooienbesmetting gedurende \u00e9\u00e9n maand. Het verhindert ook de vermenigvuldiging van <a href=\"https:\/\/www.pharmacy4pets.nl\/katten\/vlooien-teken-insecten\/vlooien\">vlooien<\/a> door remming van de ontwikkeling van de vlooien in de omgeving van de kat gedurende 3 maanden.<\/p>\n<p>Vectra Felis is geschikt voor kittens en volwassen katten, maar mag niet worden gebruikt bij katten of kittens die minder dan 0,6 kg wegen.<\/p>\n<h2><strong>Bijsluiter<\/strong><\/h2>\n<p>Lees voor gebruik de Vectra Felis bijsluiter.<\/p>","_nl_post_name":"vectra-felis-423-mg-3-pipetten","_nl_post_excerpt":"","_nl_post_title":"Vectra Felis kat 423mg 0.6-10kg 3 pipetten","_en_post_content":"<h1><strong>Vectra Felis cat<\/strong><\/h1>\r\n<p><a href=\"https:\/\/www.pharmacy4pets.com\/brands\/vectra-felis\">Vectra Felis<\/a> contains a unique combination of two active ingredients. Vectra Felis protects kittens and adult cats against adult <a href=\"https:\/\/www.pharmacy4pets.com\/cats\/fleas-ticks-insects\/fleas\">fleas<\/a>. Additionally, Vectra Felis prevents the development of all immature flea stages (eggs, larvae, and pupae), thus contributing to flea control in the environment for up to 3 months.<\/p>\r\n<h2><strong>Package leaflet<\/strong><\/h2>\r\n<p>Please read the package leaflet of Vectra Felis before use.<\/p>","_en_post_name":"vectra-felis-423-mg-3-pipettes","_en_post_excerpt":"","_en_post_title":"Vectra Felis 423mg 0.6-10kg 3 pipettes","_de_post_content":"<h1><strong>Vectra Felis<br \/><\/strong><\/h1>\r\n<p><a href=\"https:\/\/www.pharmacy4pets.de\/marken\/vectra-felis\">Vectra Felis<\/a> enth\u00e4lt eine einzigartige Kombination aus zwei Wirkstoffen. Vectra Felis sch\u00fctzt K\u00e4tzchen und erwachsene Katzen vor erwachsenen <a href=\"https:\/\/www.pharmacy4pets.de\/katzen\/flohe-zecken-insekten\/flohe\">Fl\u00f6hen<\/a>. Dar\u00fcber hinaus verhindert Vectra Felis die Entwicklung aller unreifen Flohstadien (Eier, Larven und Puppen) und tr\u00e4gt so zur Bek\u00e4mpfung der Fl\u00f6he in der Umgebung bei, und das bis zu 3 Monate lang.<\/p>\r\n<h2><strong>Beipackzettel<\/strong><\/h2>\r\n<p>Bitte lesen Sie vor der Anwendung die Beipackzettel von Vectra Felis.<\/p>","_de_post_name":"vectra-felis-423-mg-3-pipetten","_de_post_excerpt":"","_de_post_title":"Vectra Felis 423mg 0.6-10kg 3 Pipetten","_fr_post_content":"<h1><strong>Vectra Felis chat<\/strong><\/h1>\r\n<p><a href=\"https:\/\/www.pharmacy4pets.fr\/marques\/vectra-felis\">Vectra Felis<\/a> contient une combinaison unique de deux principes actifs. Vectra Felis prot\u00e8ge les chatons et les chats adultes contre les <a href=\"https:\/\/www.pharmacy4pets.fr\/chats\/puces-tiques-insectes\/puces\">puces<\/a> adultes. De plus, Vectra Felis emp\u00eache le d\u00e9veloppement de tous les stades immatures de puces (\u0153ufs, larves et nymphes), contribuant ainsi \u00e0 la lutte contre les puces dans l'environnement pendant jusqu'\u00e0 3 mois.<\/p>\r\n<h2><strong>Notice d'utilisation<\/strong><\/h2>\r\n<p>Veuillez lire la notice d'utilisation de Vectra Felis avant utilisation.<\/p>","_fr_post_name":"vectra-felis-423-mg-3-pipettes","_fr_post_excerpt":"","_fr_post_title":"Vectra Felis chat 423mg 0.6-10kg 3 pipettes","_es_post_content":"<h1><strong>Vectra Felis<br \/><\/strong><\/h1>\r\n<p><a href=\"https:\/\/www.pharmacy4pets.es\/marcas\/vectra-felis\">Vectra Felis<\/a> contiene una combinaci\u00f3n \u00fanica de dos principios activos. Vectra Felis protege a los gatitos y a los gatos adultos contra las <a href=\"https:\/\/www.pharmacy4pets.es\/gatos\/pulgas-garrapatas-insectos\/pulgas\">pulgas<\/a> adultas. Adem\u00e1s, Vectra Felis previene el desarrollo de todos los estadios inmaduros de las pulgas (huevos, larvas y pupas), contribuyendo as\u00ed al control de las pulgas en el entorno durante hasta 3 meses.<\/p>\r\n<h2><strong>Prospecto<\/strong><\/h2>\r\n<p>Por favor, lea las prospecto de Vectra Felis antes de utilizarlo.<\/p>","_es_post_name":"vectra-felis-423-mg-3-pipetas","_es_post_excerpt":"","_es_post_title":"Vectra Felis 423mg 0.6-10kg 3 pipetas","edit_language":"nl"},"product_brand":[],"product_cat":[1876,1118,2178,1871,1857,2184,2100,1868,2183,2181,1867,2340],"product_tag":[],"class_list":{"0":"post-119368","1":"product","2":"type-product","3":"status-publish","4":"has-post-thumbnail","6":"product_cat-huid-vacht","7":"product_cat-katten","8":"product_cat-kitten","9":"product_cat-medicijnen-supplementen","10":"product_cat-merken","11":"product_cat-teken","12":"product_cat-vectra-felis","13":"product_cat-vlooien","15":"product_cat-vlooien-teken-insecten","17":"product_cat-vlooienallergie","18":"pa_aandoening-muggen","19":"pa_aandoening-stalvliegen","20":"pa_aandoening-teken","21":"pa_aandoening-vlooien","22":"pa_aandoening-zandvliegen","23":"pa_doeldier-kat","24":"pa_doeldier-kitten","25":"pa_fabricatieland-frankrijk","26":"pa_merkfilter-vectra","27":"pa_merkgroep-ceva","28":"pa_productsoort-diergeneesmiddelvrij_ura","29":"pa_seo_canonical_store_id-not_found_value","30":"pa_seo_category-not_found_value","31":"pa_seo_meta_robots-not_found_value","32":"pa_toedieningswijze-spot_on","33":"pa_unit_pricing_base_measure-1ct","34":"pa_unit_pricing_measure-3ct","35":"pa_werkzamestof-dinotefuran","36":"pa_werkzamestof-pyriproxyfen","38":"first","39":"instock","40":"taxable","41":"shipping-taxable","42":"purchasable","43":"product-type-simple"},"yoast_head":"<!-- This site is optimized with the Yoast SEO plugin v27.5 - https:\/\/yoast.com\/product\/yoast-seo-wordpress\/ -->\n<title>Vectra Felis Kat | bij Vlooien | Pharmacy4pets.nl<\/title>\n<meta name=\"description\" content=\"Vectra Felis Kat is een spot-on voor katten voor de behandeling en preventie van vlooien. \u2b50 Klantbeoordeling 9\/10 \u2b50 PharmaPunten sparen \u2b50 Pharmacy4pets.nl\" \/>\n<meta name=\"robots\" content=\"index, follow, max-snippet:-1, max-image-preview:large, max-video-preview:-1\" \/>\n<link rel=\"canonical\" href=\"https:\/\/www.pharmacy4pets.nl\/vectra-felis-423-mg-3-pipetten\" \/>\n<meta property=\"og:locale\" content=\"nl_NL\" \/>\n<meta property=\"og:type\" content=\"article\" \/>\n<meta property=\"og:title\" content=\"Vectra Felis Kat | bij Vlooien | Pharmacy4pets.nl\" \/>\n<meta property=\"og:description\" content=\"Vectra Felis Kat is een spot-on voor katten voor de behandeling en preventie van vlooien. \u2b50 Klantbeoordeling 9\/10 \u2b50 PharmaPunten sparen \u2b50 Pharmacy4pets.nl\" \/>\n<meta property=\"og:url\" content=\"https:\/\/www.pharmacy4pets.nl\/vectra-felis-423-mg-3-pipetten\" \/>\n<meta property=\"og:site_name\" content=\"Pharmacy4pets\" \/>\n<meta property=\"article:publisher\" content=\"https:\/\/www.facebook.com\/people\/Pharmacy4petsnl\/100063484989896\/\" \/>\n<meta property=\"article:modified_time\" content=\"2026-04-14T08:03:56+00:00\" \/>\n<meta property=\"og:image\" content=\"https:\/\/www.pharmacy4pets.nl\/wp-content\/uploads\/2020\/02\/21512_2.jpg\" \/>\n\t<meta property=\"og:image:width\" content=\"600\" \/>\n\t<meta property=\"og:image:height\" content=\"600\" \/>\n\t<meta property=\"og:image:type\" content=\"image\/jpeg\" \/>\n<meta name=\"twitter:card\" content=\"summary_large_image\" \/>\n<script type=\"application\/ld+json\" class=\"yoast-schema-graph\">{\"@context\":\"https:\\\/\\\/schema.org\",\"@graph\":[{\"@type\":\"WebPage\",\"@id\":\"https:\\\/\\\/www.pharmacy4pets.nl\\\/vectra-felis-423-mg-3-pipetten\",\"url\":\"https:\\\/\\\/www.pharmacy4pets.nl\\\/vectra-felis-423-mg-3-pipetten\",\"name\":\"Vectra Felis Kat | bij Vlooien | Pharmacy4pets.nl\",\"isPartOf\":{\"@id\":\"http:\\\/\\\/www.pharmacy4pets.nl\\\/#website\"},\"primaryImageOfPage\":{\"@id\":\"https:\\\/\\\/www.pharmacy4pets.nl\\\/vectra-felis-423-mg-3-pipetten#primaryimage\"},\"image\":{\"@id\":\"https:\\\/\\\/www.pharmacy4pets.nl\\\/vectra-felis-423-mg-3-pipetten#primaryimage\"},\"thumbnailUrl\":\"https:\\\/\\\/www.pharmacy4pets.nl\\\/wp-content\\\/uploads\\\/2020\\\/02\\\/21512_2.jpg\",\"datePublished\":\"2020-02-18T09:45:05+00:00\",\"dateModified\":\"2026-04-14T08:03:56+00:00\",\"description\":\"Vectra Felis Kat is een spot-on voor katten voor de behandeling en preventie van vlooien. \u2b50 Klantbeoordeling 9\\\/10 \u2b50 PharmaPunten sparen \u2b50 Pharmacy4pets.nl\",\"breadcrumb\":{\"@id\":\"https:\\\/\\\/www.pharmacy4pets.nl\\\/vectra-felis-423-mg-3-pipetten#breadcrumb\"},\"inLanguage\":\"nl-NL\",\"potentialAction\":[{\"@type\":\"ReadAction\",\"target\":[\"https:\\\/\\\/www.pharmacy4pets.nl\\\/vectra-felis-423-mg-3-pipetten\"]}]},{\"@type\":\"ImageObject\",\"inLanguage\":\"nl-NL\",\"@id\":\"https:\\\/\\\/www.pharmacy4pets.nl\\\/vectra-felis-423-mg-3-pipetten#primaryimage\",\"url\":\"https:\\\/\\\/www.pharmacy4pets.nl\\\/wp-content\\\/uploads\\\/2020\\\/02\\\/21512_2.jpg\",\"contentUrl\":\"https:\\\/\\\/www.pharmacy4pets.nl\\\/wp-content\\\/uploads\\\/2020\\\/02\\\/21512_2.jpg\",\"width\":600,\"height\":600,\"caption\":\"Vectra Felis\"},{\"@type\":\"BreadcrumbList\",\"@id\":\"https:\\\/\\\/www.pharmacy4pets.nl\\\/vectra-felis-423-mg-3-pipetten#breadcrumb\",\"itemListElement\":[{\"@type\":\"ListItem\",\"position\":1,\"name\":\"Home\",\"item\":\"https:\\\/\\\/p4p-nl.bootmine.com\\\/\"},{\"@type\":\"ListItem\",\"position\":2,\"name\":\"Winkel\",\"item\":\"https:\\\/\\\/p4p-nl.bootmine.com\\\/winkel\"},{\"@type\":\"ListItem\",\"position\":3,\"name\":\"Vectra Felis kat 423mg 0.6-10kg 3 pipetten\"}]},{\"@type\":\"WebSite\",\"@id\":\"http:\\\/\\\/www.pharmacy4pets.nl\\\/#website\",\"url\":\"http:\\\/\\\/www.pharmacy4pets.nl\\\/\",\"name\":\"Pharmacy4pets\",\"description\":\"Pharmacy4pets.nl is d\u00e9 online apotheek waar u terecht kunt voor alle diergeneesmiddelen, verzorgingsproducten en dieetvoeding voor uw huisdier.\",\"publisher\":{\"@id\":\"http:\\\/\\\/www.pharmacy4pets.nl\\\/#organization\"},\"potentialAction\":[{\"@type\":\"SearchAction\",\"target\":{\"@type\":\"EntryPoint\",\"urlTemplate\":\"http:\\\/\\\/www.pharmacy4pets.nl\\\/?s={search_term_string}\"},\"query-input\":{\"@type\":\"PropertyValueSpecification\",\"valueRequired\":true,\"valueName\":\"search_term_string\"}}],\"inLanguage\":\"nl-NL\"},{\"@type\":\"Organization\",\"@id\":\"http:\\\/\\\/www.pharmacy4pets.nl\\\/#organization\",\"name\":\"Pharmacy4pets\",\"url\":\"http:\\\/\\\/www.pharmacy4pets.nl\\\/\",\"logo\":{\"@type\":\"ImageObject\",\"inLanguage\":\"nl-NL\",\"@id\":\"http:\\\/\\\/www.pharmacy4pets.nl\\\/#\\\/schema\\\/logo\\\/image\\\/\",\"url\":\"https:\\\/\\\/p4p-nl.bootmine.com\\\/wp-content\\\/uploads\\\/2026\\\/03\\\/logo-pharmacy4pets.png\",\"contentUrl\":\"https:\\\/\\\/p4p-nl.bootmine.com\\\/wp-content\\\/uploads\\\/2026\\\/03\\\/logo-pharmacy4pets.png\",\"width\":1024,\"height\":135,\"caption\":\"Pharmacy4pets\"},\"image\":{\"@id\":\"http:\\\/\\\/www.pharmacy4pets.nl\\\/#\\\/schema\\\/logo\\\/image\\\/\"},\"sameAs\":[\"https:\\\/\\\/www.facebook.com\\\/people\\\/Pharmacy4petsnl\\\/100063484989896\\\/\",\"https:\\\/\\\/www.youtube.com\\\/channel\\\/UCGPTIgucgli03tP2_kvLkHg\\\/featured\",\"https:\\\/\\\/www.instagram.com\\\/pharmacy4pets.nl\"]}]}<\/script>\n<!-- \/ Yoast SEO plugin. -->","yoast_head_json":{"title":"Vectra Felis Kat | bij Vlooien | Pharmacy4pets.nl","description":"Vectra Felis Kat is een spot-on voor katten voor de behandeling en preventie van vlooien. \u2b50 Klantbeoordeling 9\/10 \u2b50 PharmaPunten sparen \u2b50 Pharmacy4pets.nl","robots":{"index":"index","follow":"follow","max-snippet":"max-snippet:-1","max-image-preview":"max-image-preview:large","max-video-preview":"max-video-preview:-1"},"canonical":"https:\/\/www.pharmacy4pets.nl\/vectra-felis-423-mg-3-pipetten","og_locale":"nl_NL","og_type":"article","og_title":"Vectra Felis Kat | bij Vlooien | Pharmacy4pets.nl","og_description":"Vectra Felis Kat is een spot-on voor katten voor de behandeling en preventie van vlooien. \u2b50 Klantbeoordeling 9\/10 \u2b50 PharmaPunten sparen \u2b50 Pharmacy4pets.nl","og_url":"https:\/\/www.pharmacy4pets.nl\/vectra-felis-423-mg-3-pipetten","og_site_name":"Pharmacy4pets","article_publisher":"https:\/\/www.facebook.com\/people\/Pharmacy4petsnl\/100063484989896\/","article_modified_time":"2026-04-14T08:03:56+00:00","og_image":[{"width":600,"height":600,"url":"https:\/\/www.pharmacy4pets.nl\/wp-content\/uploads\/2020\/02\/21512_2.jpg","type":"image\/jpeg"}],"twitter_card":"summary_large_image","schema":{"@context":"https:\/\/schema.org","@graph":[{"@type":"WebPage","@id":"https:\/\/www.pharmacy4pets.nl\/vectra-felis-423-mg-3-pipetten","url":"https:\/\/www.pharmacy4pets.nl\/vectra-felis-423-mg-3-pipetten","name":"Vectra Felis Kat | bij Vlooien | Pharmacy4pets.nl","isPartOf":{"@id":"http:\/\/www.pharmacy4pets.nl\/#website"},"primaryImageOfPage":{"@id":"https:\/\/www.pharmacy4pets.nl\/vectra-felis-423-mg-3-pipetten#primaryimage"},"image":{"@id":"https:\/\/www.pharmacy4pets.nl\/vectra-felis-423-mg-3-pipetten#primaryimage"},"thumbnailUrl":"https:\/\/www.pharmacy4pets.nl\/wp-content\/uploads\/2020\/02\/21512_2.jpg","datePublished":"2020-02-18T09:45:05+00:00","dateModified":"2026-04-14T08:03:56+00:00","description":"Vectra Felis Kat is een spot-on voor katten voor de behandeling en preventie van vlooien. \u2b50 Klantbeoordeling 9\/10 \u2b50 PharmaPunten sparen \u2b50 Pharmacy4pets.nl","breadcrumb":{"@id":"https:\/\/www.pharmacy4pets.nl\/vectra-felis-423-mg-3-pipetten#breadcrumb"},"inLanguage":"nl-NL","potentialAction":[{"@type":"ReadAction","target":["https:\/\/www.pharmacy4pets.nl\/vectra-felis-423-mg-3-pipetten"]}]},{"@type":"ImageObject","inLanguage":"nl-NL","@id":"https:\/\/www.pharmacy4pets.nl\/vectra-felis-423-mg-3-pipetten#primaryimage","url":"https:\/\/www.pharmacy4pets.nl\/wp-content\/uploads\/2020\/02\/21512_2.jpg","contentUrl":"https:\/\/www.pharmacy4pets.nl\/wp-content\/uploads\/2020\/02\/21512_2.jpg","width":600,"height":600,"caption":"Vectra Felis"},{"@type":"BreadcrumbList","@id":"https:\/\/www.pharmacy4pets.nl\/vectra-felis-423-mg-3-pipetten#breadcrumb","itemListElement":[{"@type":"ListItem","position":1,"name":"Home","item":"https:\/\/p4p-nl.bootmine.com\/"},{"@type":"ListItem","position":2,"name":"Winkel","item":"https:\/\/p4p-nl.bootmine.com\/winkel"},{"@type":"ListItem","position":3,"name":"Vectra Felis kat 423mg 0.6-10kg 3 pipetten"}]},{"@type":"WebSite","@id":"http:\/\/www.pharmacy4pets.nl\/#website","url":"http:\/\/www.pharmacy4pets.nl\/","name":"Pharmacy4pets","description":"Pharmacy4pets.nl is d\u00e9 online apotheek waar u terecht kunt voor alle diergeneesmiddelen, verzorgingsproducten en dieetvoeding voor uw huisdier.","publisher":{"@id":"http:\/\/www.pharmacy4pets.nl\/#organization"},"potentialAction":[{"@type":"SearchAction","target":{"@type":"EntryPoint","urlTemplate":"http:\/\/www.pharmacy4pets.nl\/?s={search_term_string}"},"query-input":{"@type":"PropertyValueSpecification","valueRequired":true,"valueName":"search_term_string"}}],"inLanguage":"nl-NL"},{"@type":"Organization","@id":"http:\/\/www.pharmacy4pets.nl\/#organization","name":"Pharmacy4pets","url":"http:\/\/www.pharmacy4pets.nl\/","logo":{"@type":"ImageObject","inLanguage":"nl-NL","@id":"http:\/\/www.pharmacy4pets.nl\/#\/schema\/logo\/image\/","url":"https:\/\/p4p-nl.bootmine.com\/wp-content\/uploads\/2026\/03\/logo-pharmacy4pets.png","contentUrl":"https:\/\/p4p-nl.bootmine.com\/wp-content\/uploads\/2026\/03\/logo-pharmacy4pets.png","width":1024,"height":135,"caption":"Pharmacy4pets"},"image":{"@id":"http:\/\/www.pharmacy4pets.nl\/#\/schema\/logo\/image\/"},"sameAs":["https:\/\/www.facebook.com\/people\/Pharmacy4petsnl\/100063484989896\/","https:\/\/www.youtube.com\/channel\/UCGPTIgucgli03tP2_kvLkHg\/featured","https:\/\/www.instagram.com\/pharmacy4pets.nl"]}]}},"market_data":{"nl":{"price":0,"sale_price":0,"active":false,"url":null,"parent_url":"","tax_rate":0,"price_inc_tax":0,"sale_price_inc_tax":0},"de":{"price":0,"sale_price":0,"active":false,"url":null,"parent_url":"","tax_rate":0,"price_inc_tax":0,"sale_price_inc_tax":0},"be":{"price":0,"sale_price":0,"active":false,"url":null,"parent_url":"","tax_rate":0,"price_inc_tax":0,"sale_price_inc_tax":0},"fr":{"price":0,"sale_price":0,"active":false,"url":null,"parent_url":"","tax_rate":0,"price_inc_tax":0,"sale_price_inc_tax":0},"ch":{"price":0,"sale_price":0,"active":false,"url":null,"parent_url":"","tax_rate":0,"price_inc_tax":0,"sale_price_inc_tax":0},"at":{"price":0,"sale_price":0,"active":false,"url":null,"parent_url":"","tax_rate":0,"price_inc_tax":0,"sale_price_inc_tax":0},"es":{"price":0,"sale_price":0,"active":false,"url":null,"parent_url":"","tax_rate":0,"price_inc_tax":0,"sale_price_inc_tax":0},"dk":{"price":0,"sale_price":0,"active":false,"url":null,"parent_url":"","tax_rate":0,"price_inc_tax":0,"sale_price_inc_tax":0},"com":{"price":0,"sale_price":0,"active":false,"url":null,"parent_url":"","tax_rate":0,"price_inc_tax":0,"sale_price_inc_tax":0}},"market_nl_price":0,"market_nl_sale_price":0,"market_nl_active":false,"market_nl_url":null,"market_nl_parent_url":"","market_nl_tax_rate":0,"market_nl_price_inc_tax":0,"market_nl_sale_price_inc_tax":0,"market_de_price":0,"market_de_sale_price":0,"market_de_active":false,"market_de_url":null,"market_de_parent_url":"","market_de_tax_rate":0,"market_de_price_inc_tax":0,"market_de_sale_price_inc_tax":0,"market_be_price":0,"market_be_sale_price":0,"market_be_active":false,"market_be_url":null,"market_be_parent_url":"","market_be_tax_rate":0,"market_be_price_inc_tax":0,"market_be_sale_price_inc_tax":0,"market_fr_price":0,"market_fr_sale_price":0,"market_fr_active":false,"market_fr_url":null,"market_fr_parent_url":"","market_fr_tax_rate":0,"market_fr_price_inc_tax":0,"market_fr_sale_price_inc_tax":0,"market_ch_price":0,"market_ch_sale_price":0,"market_ch_active":false,"market_ch_url":null,"market_ch_parent_url":"","market_ch_tax_rate":0,"market_ch_price_inc_tax":0,"market_ch_sale_price_inc_tax":0,"market_at_price":0,"market_at_sale_price":0,"market_at_active":false,"market_at_url":null,"market_at_parent_url":"","market_at_tax_rate":0,"market_at_price_inc_tax":0,"market_at_sale_price_inc_tax":0,"market_es_price":0,"market_es_sale_price":0,"market_es_active":false,"market_es_url":null,"market_es_parent_url":"","market_es_tax_rate":0,"market_es_price_inc_tax":0,"market_es_sale_price_inc_tax":0,"market_dk_price":0,"market_dk_sale_price":0,"market_dk_active":false,"market_dk_url":null,"market_dk_parent_url":"","market_dk_tax_rate":0,"market_dk_price_inc_tax":0,"market_dk_sale_price_inc_tax":0,"market_com_price":0,"market_com_sale_price":0,"market_com_active":false,"market_com_url":null,"market_com_parent_url":"","market_com_tax_rate":0,"market_com_price_inc_tax":0,"market_com_sale_price_inc_tax":0,"acf":[],"_links":{"self":[{"href":"https:\/\/www.pharmacy4pets.nl\/be\/wp-json\/wp\/v2\/product\/119368","targetHints":{"allow":["GET"]}}],"collection":[{"href":"https:\/\/www.pharmacy4pets.nl\/be\/wp-json\/wp\/v2\/product"}],"about":[{"href":"https:\/\/www.pharmacy4pets.nl\/be\/wp-json\/wp\/v2\/types\/product"}],"replies":[{"embeddable":true,"href":"https:\/\/www.pharmacy4pets.nl\/be\/wp-json\/wp\/v2\/comments?post=119368"}],"wp:featuredmedia":[{"embeddable":true,"href":"https:\/\/www.pharmacy4pets.nl\/be\/wp-json\/wp\/v2\/media\/119367"}],"wp:attachment":[{"href":"https:\/\/www.pharmacy4pets.nl\/be\/wp-json\/wp\/v2\/media?parent=119368"}],"wp:term":[{"taxonomy":"product_brand","embeddable":true,"href":"https:\/\/www.pharmacy4pets.nl\/be\/wp-json\/wp\/v2\/product_brand?post=119368"},{"taxonomy":"product_cat","embeddable":true,"href":"https:\/\/www.pharmacy4pets.nl\/be\/wp-json\/wp\/v2\/product_cat?post=119368"},{"taxonomy":"product_tag","embeddable":true,"href":"https:\/\/www.pharmacy4pets.nl\/be\/wp-json\/wp\/v2\/product_tag?post=119368"}],"curies":[{"name":"wp","href":"https:\/\/api.w.org\/{rel}","templated":true}]}}