{"id":119366,"date":"2020-01-24T14:58:16","date_gmt":"2020-01-24T14:58:16","guid":{"rendered":"https:\/\/p4p.test\/vetericyn-all-animal-hydrogel-spray"},"modified":"2026-03-25T12:01:25","modified_gmt":"2026-03-25T12:01:25","slug":"vetericyn-all-animal-hydrogel-spray","status":"publish","type":"product","link":"https:\/\/www.pharmacy4pets.nl\/be\/vetericyn-all-animal-hydrogel-spray","title":{"rendered":"Vetericyn All animal Hydrogel Spray"},"content":{"rendered":"<p>Vetericyn Plus Hydrogel is een dikkere substantie die het beste gebruikt kan worden op een verband of op gebieden waarbij het vereist is dat het product goed op zijn plek blijft zitten. Het is daarnaast ook een extra beschermlaag.<\/p>\n<ul>\n<li>Desinfecteert de huid en heeft een antimicrobi\u00eble werking<\/li>\n<li>Veilig en effectief tegen alle problemen die op de huid liggen<\/li>\n<li>Voor alle dieren in alle leeftijden<\/li>\n<\/ul>\n","protected":false},"excerpt":{"rendered":"<p>Vetericyn Plus Hydrogel is een dikkere substantie die het beste gebruikt kan worden op een verband of op gebieden waarbij het vereist is dat het product goed op zijn plek blijft zitten. Het is daarnaast ook een extra beschermlaag. Desinfecteert de huid en heeft een antimicrobi\u00eble werking Veilig en effectief tegen alle problemen die op [&hellip;]<\/p>\n","protected":false},"featured_media":119363,"comment_status":"open","ping_status":"closed","template":"","meta":{"_acf_changed":false,"_nl_post_content":"<p>Vetericyn Plus Hydrogel is een dikkere substantie die het beste gebruikt kan worden op een verband of op gebieden waarbij het vereist is dat het product goed op zijn plek blijft zitten. Het is daarnaast ook een extra beschermlaag.<\/p>\r\n<ul>\r\n<li>Desinfecteert de huid en heeft een antimicrobi\u00eble werking<\/li>\r\n<li>Veilig en effectief tegen alle problemen die op de huid liggen<\/li>\r\n<li>Voor alle dieren in alle leeftijden<\/li>\r\n<\/ul>","_nl_post_name":"vetericyn-all-animal-hydrogel-spray","_nl_post_excerpt":"","_nl_post_title":"Vetericyn All animal Hydrogel Spray","_en_post_content":"<p>Vetericyn Plus Hydrogel is a thicker substance that can best be used on a bandage or in areas where it is required that the product remains in place. It is also an additional protective layer.<br \/><br \/><\/p>\r\n<ul>\r\n<li>\u00a0\u00a0\u00a0 Disinfects the skin and has an antimicrobial effect.<\/li>\r\n<li>\u00a0\u00a0\u00a0 Safe and effective against all skinproblems<\/li>\r\n<li>\u00a0\u00a0\u00a0 For all animals of all ages<\/li>\r\n<\/ul>","_en_post_name":"vetericyn-all-animal-hydrogel-spray","_en_post_excerpt":"","_en_post_title":"Vetericyn All animal Hydrogel Spray","_de_post_content":"<p>Vetericyn Plus Hydrogel ist eine dickere Substanz, die am besten auf einem Verband oder in Bereichen verwendet werden kann, in denen es erforderlich ist, dass das Produkt an seinem Platz bleibt. Es ist auch eine zus\u00e4tzliche Schutzschicht.<br \/><br \/><\/p>\r\n<ul>\r\n<li>\u00a0\u00a0\u00a0 Desinfiziert die Haut und hat eine antimikrobielle Wirkung.<\/li>\r\n<li>\u00a0\u00a0\u00a0 Sicher und effektiv bei allen Problemen rund um die Haut.<\/li>\r\n<li>\u00a0\u00a0\u00a0 F\u00fcr alle Tiere jeden Alters<\/li>\r\n<\/ul>","_de_post_name":"vetericyn-hydrogel-spray","_de_post_excerpt":"","_de_post_title":"Vetericyn All Animal HydroGel (spray)","_fr_post_content":"<p>Vetericyn Plus Hydrogel est une substance plus \u00e9paisse qui peut \u00eatre utilis\u00e9e sur un pansement ou dans les zones o\u00f9 il est n\u00e9cessaire que le produit reste en place. C'est aussi une couche protectrice suppl\u00e9mentaire.<br \/><br \/><\/p>\r\n<ul>\r\n<li>\u00a0\u00a0\u00a0 D\u00e9sinfecte la peau et a un effet antimicrobien.<\/li>\r\n<li>\u00a0\u00a0\u00a0 S\u00fbr et efficace contre tous les probl\u00e8mes de peau<\/li>\r\n<li>\u00a0\u00a0\u00a0 Pour tous les animaux de tous \u00e2ges<\/li>\r\n<\/ul>","_fr_post_name":"vetericyn-all-animal-hydrogel-spray","_fr_post_excerpt":"","_fr_post_title":"Vetericyn All animal Hydrogel Spray","_es_post_content":"<p>Vetericyn Hydrogel Plus es una sustancia m&aacute;s espesa que se utiliza en una venda o en &aacute;reas donde se requiere que el producto se mantenga bien en su lugar. Tambi&eacute;n es una capa extra de protecci&oacute;n.<\/p>\r\n<ul>\r\n<li>Desinfecta la piel y tiene un efecto antimicrobiano.<\/li>\r\n<li>Seguro y eficaz contra todos los problemas de la piel<\/li>\r\n<li>Para todo tipo de animales de todas las edades<\/li>\r\n<\/ul>","_es_post_name":"vetericyn-all-animal-hydrogel-spray","_es_post_excerpt":"","_es_post_title":"Vetericyn All animal Hydrogel Spray","edit_language":"nl"},"product_brand":[],"product_cat":[2345,2344,1891,2229,1892,1118,1825,1857,1824,1962],"product_tag":[],"class_list":{"0":"post-119366","1":"product","2":"type-product","3":"status-publish","4":"has-post-thumbnail","6":"product_cat-benodigdheden","9":"product_cat-cavia","10":"product_cat-ehbo","11":"product_cat-katten","12":"product_cat-konijnen","13":"product_cat-merken","14":"product_cat-overig","15":"product_cat-vetericyn","16":"pa_aandoening-overig","17":"pa_doeldier-exoten","18":"pa_doeldier-ezel","19":"pa_doeldier-hond","20":"pa_doeldier-kat","21":"pa_doeldier-knaagdier","22":"pa_doeldier-konijn","23":"pa_doeldier-overig","24":"pa_doeldier-paard","25":"pa_fabricatieland-usa","26":"pa_merkfilter-vetericyn","27":"pa_merkgroep-vetericyn","28":"pa_productsoort-overig","29":"pa_seo_canonical_store_id-not_found_value","30":"pa_seo_category-not_found_value","31":"pa_seo_meta_robots-not_found_value","32":"pa_toedieningswijze-spray","33":"pa_werkzamestof-overig","35":"first","36":"instock","37":"taxable","38":"shipping-taxable","39":"product-type-grouped"},"yoast_head":"<!-- This site is optimized with the Yoast SEO plugin v27.5 - https:\/\/yoast.com\/product\/yoast-seo-wordpress\/ -->\n<title>Vetericyn All animal Hydrogel (spray)<\/title>\n<meta name=\"description\" content=\"Vetericyn All animal Hydrogel (spray)\" \/>\n<meta name=\"robots\" content=\"index, follow, max-snippet:-1, max-image-preview:large, max-video-preview:-1\" \/>\n<link rel=\"canonical\" href=\"https:\/\/www.pharmacy4pets.nl\/vetericyn-all-animal-hydrogel-spray\" \/>\n<meta property=\"og:locale\" content=\"nl_NL\" \/>\n<meta property=\"og:type\" content=\"article\" \/>\n<meta property=\"og:title\" content=\"Vetericyn All animal Hydrogel (spray)\" \/>\n<meta property=\"og:description\" content=\"Vetericyn All animal Hydrogel (spray)\" \/>\n<meta property=\"og:url\" content=\"https:\/\/www.pharmacy4pets.nl\/vetericyn-all-animal-hydrogel-spray\" \/>\n<meta property=\"og:site_name\" content=\"Pharmacy4pets\" \/>\n<meta property=\"article:publisher\" content=\"https:\/\/www.facebook.com\/people\/Pharmacy4petsnl\/100063484989896\/\" \/>\n<meta property=\"article:modified_time\" content=\"2026-03-25T12:01:25+00:00\" \/>\n<meta property=\"og:image\" content=\"https:\/\/www.pharmacy4pets.nl\/wp-content\/uploads\/2020\/01\/vetericyn-hydrogel.jpg\" \/>\n\t<meta property=\"og:image:width\" content=\"600\" \/>\n\t<meta property=\"og:image:height\" content=\"600\" \/>\n\t<meta property=\"og:image:type\" content=\"image\/jpeg\" \/>\n<meta name=\"twitter:card\" content=\"summary_large_image\" \/>\n<script type=\"application\/ld+json\" class=\"yoast-schema-graph\">{\"@context\":\"https:\\\/\\\/schema.org\",\"@graph\":[{\"@type\":\"WebPage\",\"@id\":\"https:\\\/\\\/www.pharmacy4pets.nl\\\/vetericyn-all-animal-hydrogel-spray\",\"url\":\"https:\\\/\\\/www.pharmacy4pets.nl\\\/vetericyn-all-animal-hydrogel-spray\",\"name\":\"Vetericyn All animal Hydrogel (spray)\",\"isPartOf\":{\"@id\":\"http:\\\/\\\/www.pharmacy4pets.nl\\\/#website\"},\"primaryImageOfPage\":{\"@id\":\"https:\\\/\\\/www.pharmacy4pets.nl\\\/vetericyn-all-animal-hydrogel-spray#primaryimage\"},\"image\":{\"@id\":\"https:\\\/\\\/www.pharmacy4pets.nl\\\/vetericyn-all-animal-hydrogel-spray#primaryimage\"},\"thumbnailUrl\":\"https:\\\/\\\/www.pharmacy4pets.nl\\\/wp-content\\\/uploads\\\/2020\\\/01\\\/vetericyn-hydrogel.jpg\",\"datePublished\":\"2020-01-24T14:58:16+00:00\",\"dateModified\":\"2026-03-25T12:01:25+00:00\",\"description\":\"Vetericyn All animal Hydrogel (spray)\",\"breadcrumb\":{\"@id\":\"https:\\\/\\\/www.pharmacy4pets.nl\\\/vetericyn-all-animal-hydrogel-spray#breadcrumb\"},\"inLanguage\":\"nl-NL\",\"potentialAction\":[{\"@type\":\"ReadAction\",\"target\":[\"https:\\\/\\\/www.pharmacy4pets.nl\\\/vetericyn-all-animal-hydrogel-spray\"]}]},{\"@type\":\"ImageObject\",\"inLanguage\":\"nl-NL\",\"@id\":\"https:\\\/\\\/www.pharmacy4pets.nl\\\/vetericyn-all-animal-hydrogel-spray#primaryimage\",\"url\":\"https:\\\/\\\/www.pharmacy4pets.nl\\\/wp-content\\\/uploads\\\/2020\\\/01\\\/vetericyn-hydrogel.jpg\",\"contentUrl\":\"https:\\\/\\\/www.pharmacy4pets.nl\\\/wp-content\\\/uploads\\\/2020\\\/01\\\/vetericyn-hydrogel.jpg\",\"width\":600,\"height\":600,\"caption\":\"Vetericyn Plus Hydrogel\"},{\"@type\":\"BreadcrumbList\",\"@id\":\"https:\\\/\\\/www.pharmacy4pets.nl\\\/vetericyn-all-animal-hydrogel-spray#breadcrumb\",\"itemListElement\":[{\"@type\":\"ListItem\",\"position\":1,\"name\":\"Home\",\"item\":\"https:\\\/\\\/p4p-nl.bootmine.com\\\/\"},{\"@type\":\"ListItem\",\"position\":2,\"name\":\"Winkel\",\"item\":\"https:\\\/\\\/p4p-nl.bootmine.com\\\/winkel\"},{\"@type\":\"ListItem\",\"position\":3,\"name\":\"Vetericyn All animal Hydrogel Spray\"}]},{\"@type\":\"WebSite\",\"@id\":\"http:\\\/\\\/www.pharmacy4pets.nl\\\/#website\",\"url\":\"http:\\\/\\\/www.pharmacy4pets.nl\\\/\",\"name\":\"Pharmacy4pets\",\"description\":\"Pharmacy4pets.nl is d\u00e9 online apotheek waar u terecht kunt voor alle diergeneesmiddelen, verzorgingsproducten en dieetvoeding voor uw huisdier.\",\"publisher\":{\"@id\":\"http:\\\/\\\/www.pharmacy4pets.nl\\\/#organization\"},\"potentialAction\":[{\"@type\":\"SearchAction\",\"target\":{\"@type\":\"EntryPoint\",\"urlTemplate\":\"http:\\\/\\\/www.pharmacy4pets.nl\\\/?s={search_term_string}\"},\"query-input\":{\"@type\":\"PropertyValueSpecification\",\"valueRequired\":true,\"valueName\":\"search_term_string\"}}],\"inLanguage\":\"nl-NL\"},{\"@type\":\"Organization\",\"@id\":\"http:\\\/\\\/www.pharmacy4pets.nl\\\/#organization\",\"name\":\"Pharmacy4pets\",\"url\":\"http:\\\/\\\/www.pharmacy4pets.nl\\\/\",\"logo\":{\"@type\":\"ImageObject\",\"inLanguage\":\"nl-NL\",\"@id\":\"http:\\\/\\\/www.pharmacy4pets.nl\\\/#\\\/schema\\\/logo\\\/image\\\/\",\"url\":\"https:\\\/\\\/p4p-nl.bootmine.com\\\/wp-content\\\/uploads\\\/2026\\\/03\\\/logo-pharmacy4pets.png\",\"contentUrl\":\"https:\\\/\\\/p4p-nl.bootmine.com\\\/wp-content\\\/uploads\\\/2026\\\/03\\\/logo-pharmacy4pets.png\",\"width\":1024,\"height\":135,\"caption\":\"Pharmacy4pets\"},\"image\":{\"@id\":\"http:\\\/\\\/www.pharmacy4pets.nl\\\/#\\\/schema\\\/logo\\\/image\\\/\"},\"sameAs\":[\"https:\\\/\\\/www.facebook.com\\\/people\\\/Pharmacy4petsnl\\\/100063484989896\\\/\",\"https:\\\/\\\/www.youtube.com\\\/channel\\\/UCGPTIgucgli03tP2_kvLkHg\\\/featured\",\"https:\\\/\\\/www.instagram.com\\\/pharmacy4pets.nl\"]}]}<\/script>\n<!-- \/ Yoast SEO plugin. -->","yoast_head_json":{"title":"Vetericyn All animal Hydrogel (spray)","description":"Vetericyn All animal Hydrogel (spray)","robots":{"index":"index","follow":"follow","max-snippet":"max-snippet:-1","max-image-preview":"max-image-preview:large","max-video-preview":"max-video-preview:-1"},"canonical":"https:\/\/www.pharmacy4pets.nl\/vetericyn-all-animal-hydrogel-spray","og_locale":"nl_NL","og_type":"article","og_title":"Vetericyn All animal Hydrogel (spray)","og_description":"Vetericyn All animal Hydrogel (spray)","og_url":"https:\/\/www.pharmacy4pets.nl\/vetericyn-all-animal-hydrogel-spray","og_site_name":"Pharmacy4pets","article_publisher":"https:\/\/www.facebook.com\/people\/Pharmacy4petsnl\/100063484989896\/","article_modified_time":"2026-03-25T12:01:25+00:00","og_image":[{"width":600,"height":600,"url":"https:\/\/www.pharmacy4pets.nl\/wp-content\/uploads\/2020\/01\/vetericyn-hydrogel.jpg","type":"image\/jpeg"}],"twitter_card":"summary_large_image","schema":{"@context":"https:\/\/schema.org","@graph":[{"@type":"WebPage","@id":"https:\/\/www.pharmacy4pets.nl\/vetericyn-all-animal-hydrogel-spray","url":"https:\/\/www.pharmacy4pets.nl\/vetericyn-all-animal-hydrogel-spray","name":"Vetericyn All animal Hydrogel (spray)","isPartOf":{"@id":"http:\/\/www.pharmacy4pets.nl\/#website"},"primaryImageOfPage":{"@id":"https:\/\/www.pharmacy4pets.nl\/vetericyn-all-animal-hydrogel-spray#primaryimage"},"image":{"@id":"https:\/\/www.pharmacy4pets.nl\/vetericyn-all-animal-hydrogel-spray#primaryimage"},"thumbnailUrl":"https:\/\/www.pharmacy4pets.nl\/wp-content\/uploads\/2020\/01\/vetericyn-hydrogel.jpg","datePublished":"2020-01-24T14:58:16+00:00","dateModified":"2026-03-25T12:01:25+00:00","description":"Vetericyn All animal Hydrogel (spray)","breadcrumb":{"@id":"https:\/\/www.pharmacy4pets.nl\/vetericyn-all-animal-hydrogel-spray#breadcrumb"},"inLanguage":"nl-NL","potentialAction":[{"@type":"ReadAction","target":["https:\/\/www.pharmacy4pets.nl\/vetericyn-all-animal-hydrogel-spray"]}]},{"@type":"ImageObject","inLanguage":"nl-NL","@id":"https:\/\/www.pharmacy4pets.nl\/vetericyn-all-animal-hydrogel-spray#primaryimage","url":"https:\/\/www.pharmacy4pets.nl\/wp-content\/uploads\/2020\/01\/vetericyn-hydrogel.jpg","contentUrl":"https:\/\/www.pharmacy4pets.nl\/wp-content\/uploads\/2020\/01\/vetericyn-hydrogel.jpg","width":600,"height":600,"caption":"Vetericyn Plus Hydrogel"},{"@type":"BreadcrumbList","@id":"https:\/\/www.pharmacy4pets.nl\/vetericyn-all-animal-hydrogel-spray#breadcrumb","itemListElement":[{"@type":"ListItem","position":1,"name":"Home","item":"https:\/\/p4p-nl.bootmine.com\/"},{"@type":"ListItem","position":2,"name":"Winkel","item":"https:\/\/p4p-nl.bootmine.com\/winkel"},{"@type":"ListItem","position":3,"name":"Vetericyn All animal Hydrogel Spray"}]},{"@type":"WebSite","@id":"http:\/\/www.pharmacy4pets.nl\/#website","url":"http:\/\/www.pharmacy4pets.nl\/","name":"Pharmacy4pets","description":"Pharmacy4pets.nl is d\u00e9 online apotheek waar u terecht kunt voor alle diergeneesmiddelen, verzorgingsproducten en dieetvoeding voor uw huisdier.","publisher":{"@id":"http:\/\/www.pharmacy4pets.nl\/#organization"},"potentialAction":[{"@type":"SearchAction","target":{"@type":"EntryPoint","urlTemplate":"http:\/\/www.pharmacy4pets.nl\/?s={search_term_string}"},"query-input":{"@type":"PropertyValueSpecification","valueRequired":true,"valueName":"search_term_string"}}],"inLanguage":"nl-NL"},{"@type":"Organization","@id":"http:\/\/www.pharmacy4pets.nl\/#organization","name":"Pharmacy4pets","url":"http:\/\/www.pharmacy4pets.nl\/","logo":{"@type":"ImageObject","inLanguage":"nl-NL","@id":"http:\/\/www.pharmacy4pets.nl\/#\/schema\/logo\/image\/","url":"https:\/\/p4p-nl.bootmine.com\/wp-content\/uploads\/2026\/03\/logo-pharmacy4pets.png","contentUrl":"https:\/\/p4p-nl.bootmine.com\/wp-content\/uploads\/2026\/03\/logo-pharmacy4pets.png","width":1024,"height":135,"caption":"Pharmacy4pets"},"image":{"@id":"http:\/\/www.pharmacy4pets.nl\/#\/schema\/logo\/image\/"},"sameAs":["https:\/\/www.facebook.com\/people\/Pharmacy4petsnl\/100063484989896\/","https:\/\/www.youtube.com\/channel\/UCGPTIgucgli03tP2_kvLkHg\/featured","https:\/\/www.instagram.com\/pharmacy4pets.nl"]}]}},"market_data":{"nl":{"price":0,"sale_price":0,"active":false,"url":null,"parent_url":"","tax_rate":0,"price_inc_tax":0,"sale_price_inc_tax":0},"de":{"price":0,"sale_price":0,"active":false,"url":null,"parent_url":"","tax_rate":0,"price_inc_tax":0,"sale_price_inc_tax":0},"be":{"price":0,"sale_price":0,"active":false,"url":null,"parent_url":"","tax_rate":0,"price_inc_tax":0,"sale_price_inc_tax":0},"fr":{"price":0,"sale_price":0,"active":false,"url":null,"parent_url":"","tax_rate":0,"price_inc_tax":0,"sale_price_inc_tax":0},"ch":{"price":0,"sale_price":0,"active":false,"url":null,"parent_url":"","tax_rate":0,"price_inc_tax":0,"sale_price_inc_tax":0},"at":{"price":0,"sale_price":0,"active":false,"url":null,"parent_url":"","tax_rate":0,"price_inc_tax":0,"sale_price_inc_tax":0},"es":{"price":0,"sale_price":0,"active":false,"url":null,"parent_url":"","tax_rate":0,"price_inc_tax":0,"sale_price_inc_tax":0},"dk":{"price":0,"sale_price":0,"active":false,"url":null,"parent_url":"","tax_rate":0,"price_inc_tax":0,"sale_price_inc_tax":0},"com":{"price":0,"sale_price":0,"active":false,"url":null,"parent_url":"","tax_rate":0,"price_inc_tax":0,"sale_price_inc_tax":0}},"market_nl_price":0,"market_nl_sale_price":0,"market_nl_active":false,"market_nl_url":null,"market_nl_parent_url":"","market_nl_tax_rate":0,"market_nl_price_inc_tax":0,"market_nl_sale_price_inc_tax":0,"market_de_price":0,"market_de_sale_price":0,"market_de_active":false,"market_de_url":null,"market_de_parent_url":"","market_de_tax_rate":0,"market_de_price_inc_tax":0,"market_de_sale_price_inc_tax":0,"market_be_price":0,"market_be_sale_price":0,"market_be_active":false,"market_be_url":null,"market_be_parent_url":"","market_be_tax_rate":0,"market_be_price_inc_tax":0,"market_be_sale_price_inc_tax":0,"market_fr_price":0,"market_fr_sale_price":0,"market_fr_active":false,"market_fr_url":null,"market_fr_parent_url":"","market_fr_tax_rate":0,"market_fr_price_inc_tax":0,"market_fr_sale_price_inc_tax":0,"market_ch_price":0,"market_ch_sale_price":0,"market_ch_active":false,"market_ch_url":null,"market_ch_parent_url":"","market_ch_tax_rate":0,"market_ch_price_inc_tax":0,"market_ch_sale_price_inc_tax":0,"market_at_price":0,"market_at_sale_price":0,"market_at_active":false,"market_at_url":null,"market_at_parent_url":"","market_at_tax_rate":0,"market_at_price_inc_tax":0,"market_at_sale_price_inc_tax":0,"market_es_price":0,"market_es_sale_price":0,"market_es_active":false,"market_es_url":null,"market_es_parent_url":"","market_es_tax_rate":0,"market_es_price_inc_tax":0,"market_es_sale_price_inc_tax":0,"market_dk_price":0,"market_dk_sale_price":0,"market_dk_active":false,"market_dk_url":null,"market_dk_parent_url":"","market_dk_tax_rate":0,"market_dk_price_inc_tax":0,"market_dk_sale_price_inc_tax":0,"market_com_price":0,"market_com_sale_price":0,"market_com_active":false,"market_com_url":null,"market_com_parent_url":"","market_com_tax_rate":0,"market_com_price_inc_tax":0,"market_com_sale_price_inc_tax":0,"acf":[],"_links":{"self":[{"href":"https:\/\/www.pharmacy4pets.nl\/be\/wp-json\/wp\/v2\/product\/119366","targetHints":{"allow":["GET"]}}],"collection":[{"href":"https:\/\/www.pharmacy4pets.nl\/be\/wp-json\/wp\/v2\/product"}],"about":[{"href":"https:\/\/www.pharmacy4pets.nl\/be\/wp-json\/wp\/v2\/types\/product"}],"replies":[{"embeddable":true,"href":"https:\/\/www.pharmacy4pets.nl\/be\/wp-json\/wp\/v2\/comments?post=119366"}],"wp:featuredmedia":[{"embeddable":true,"href":"https:\/\/www.pharmacy4pets.nl\/be\/wp-json\/wp\/v2\/media\/119363"}],"wp:attachment":[{"href":"https:\/\/www.pharmacy4pets.nl\/be\/wp-json\/wp\/v2\/media?parent=119366"}],"wp:term":[{"taxonomy":"product_brand","embeddable":true,"href":"https:\/\/www.pharmacy4pets.nl\/be\/wp-json\/wp\/v2\/product_brand?post=119366"},{"taxonomy":"product_cat","embeddable":true,"href":"https:\/\/www.pharmacy4pets.nl\/be\/wp-json\/wp\/v2\/product_cat?post=119366"},{"taxonomy":"product_tag","embeddable":true,"href":"https:\/\/www.pharmacy4pets.nl\/be\/wp-json\/wp\/v2\/product_tag?post=119366"}],"curies":[{"name":"wp","href":"https:\/\/api.w.org\/{rel}","templated":true}]}}