{"id":119342,"date":"2019-12-12T16:04:16","date_gmt":"2019-12-12T16:04:16","guid":{"rendered":"https:\/\/p4p.test\/puur-vitamine-en-mineralen"},"modified":"2026-03-25T12:01:19","modified_gmt":"2026-03-25T12:01:19","slug":"puur-vitamine-en-mineralen","status":"publish","type":"product","link":"https:\/\/www.pharmacy4pets.nl\/be\/puur-vitamine-en-mineralen","title":{"rendered":"PUUR vitamine en mineralen"},"content":{"rendered":"<p style=\"text-align: justify;\">PUUR Vita-min helpt het immuunsysteem gezond te houden en zorgt ervoor dat bij uw hond of kat de weerstand optimaal blijft. Ook helpt het wanneer uw huisdier moet herstellen van bijvoorbeeld een operatie. Dit product bevat alle nodige vitaminen en mineralen die uw hond of kat op dat moment nodig heeft.<\/p>\n<p style=\"text-align: justify;\">U kunt PUUR Vita-min door het voer van uw hond mengen. Zorg er hierbij wel voor dat u het poeder vochtig maakt zodat uw huisdier het hier van het voer afblaast.<\/p>\n<table border=\"1\" style=\"\">\n<thead>\n<tr>\n<td colspan=\"2\">\n<p style=\"text-align: center;\"><strong>Dosering (1 maatschep = 1 gram)<\/strong><\/p>\n<\/td>\n<\/tr>\n<tr>\n<td>\n<p><strong>Dier &nbsp; &nbsp; &nbsp; &nbsp; &nbsp; &nbsp; &nbsp; &nbsp; &nbsp; &nbsp; &nbsp; &nbsp; &nbsp;<\/strong><\/p>\n<\/td>\n<td>\n<p><strong>Aantal maatscheppen (1 x per dag)<\/strong><\/p>\n<\/td>\n<\/tr>\n<tr>\n<td>\n<p>Hond&nbsp; &gt; 25 kg<\/p>\n<\/td>\n<td>\n<p>4 maatscheppen<\/p>\n<\/td>\n<\/tr>\n<tr>\n<td>\n<p>Hond 10-25 kg<\/p>\n<\/td>\n<td>\n<p>2 &frac12; maatschep<\/p>\n<\/td>\n<\/tr>\n<tr>\n<td>\n<p>Kat + Hond &lt; 10 kg<\/p>\n<\/td>\n<td>\n<p>1 maatschep<\/p>\n<\/td>\n<\/tr>\n<\/thead>\n<\/table>\n","protected":false},"excerpt":{"rendered":"<p>PUUR Vita-min helpt het immuunsysteem gezond te houden en zorgt ervoor dat bij uw hond of kat de weerstand optimaal blijft. Ook helpt het wanneer uw huisdier moet herstellen van bijvoorbeeld een operatie. Dit product bevat alle nodige vitaminen en mineralen die uw hond of kat op dat moment nodig heeft. U kunt PUUR Vita-min [&hellip;]<\/p>\n","protected":false},"featured_media":119341,"comment_status":"open","ping_status":"closed","template":"","meta":{"_acf_changed":false,"_nl_post_content":"<p style=\"text-align: justify;\">PUUR Vita-min helpt het immuunsysteem gezond te houden en zorgt ervoor dat bij uw hond of kat de weerstand optimaal blijft. Ook helpt het wanneer uw huisdier moet herstellen van bijvoorbeeld een operatie. Dit product bevat alle nodige vitaminen en mineralen die uw hond of kat op dat moment nodig heeft.<\/p>\r\n<p style=\"text-align: justify;\">U kunt PUUR Vita-min door het voer van uw hond mengen. Zorg er hierbij wel voor dat u het poeder vochtig maakt zodat uw huisdier het hier van het voer afblaast.<\/p>\r\n<table border=\"1\" style=\"\">\r\n<thead>\r\n<tr>\r\n<td colspan=\"2\">\r\n<p style=\"text-align: center;\"><strong>Dosering (1 maatschep = 1 gram)<\/strong><\/p>\r\n<\/td>\r\n<\/tr>\r\n<tr>\r\n<td>\r\n<p><strong>Dier &nbsp; &nbsp; &nbsp; &nbsp; &nbsp; &nbsp; &nbsp; &nbsp; &nbsp; &nbsp; &nbsp; &nbsp; &nbsp;<\/strong><\/p>\r\n<\/td>\r\n<td>\r\n<p><strong>Aantal maatscheppen (1 x per dag)<\/strong><\/p>\r\n<\/td>\r\n<\/tr>\r\n<tr>\r\n<td>\r\n<p>Hond&nbsp; &gt; 25 kg<\/p>\r\n<\/td>\r\n<td>\r\n<p>4 maatscheppen<\/p>\r\n<\/td>\r\n<\/tr>\r\n<tr>\r\n<td>\r\n<p>Hond 10-25 kg<\/p>\r\n<\/td>\r\n<td>\r\n<p>2 &frac12; maatschep<\/p>\r\n<\/td>\r\n<\/tr>\r\n<tr>\r\n<td>\r\n<p>Kat + Hond &lt; 10 kg<\/p>\r\n<\/td>\r\n<td>\r\n<p>1 maatschep<\/p>\r\n<\/td>\r\n<\/tr>\r\n<\/thead>\r\n<\/table>","_nl_post_name":"puur-vitamine-en-mineralen","_nl_post_excerpt":"","_nl_post_title":"PUUR vitamine en mineralen","_en_post_content":"<p style=\"text-align: justify;\">PUUR Vita-min helps you to keep the immunsystem of your dog and cat healthy and makes sure that the resistance of your pet stays at his optimal level. This product helps when yuor pet needs to recover from an operation. It provides all the nescessary vitamins and minerals that your pet needs at that moment.<\/p>\r\n<p style=\"text-align: justify;\">U can mix PUUR Vita-min through the food of your dog or cat. Make sure that the powder is a bit wet, so you pet cannot blow the powder out of his bowl.<\/p>\r\n<table style=\"\" border=\"1\">\r\n<thead>\r\n<tr>\r\n<td colspan=\"2\">\r\n<p style=\"text-align: center;\"><b>Dosage (1 Scoop = 1 gram)<\/b><\/p>\r\n<\/td>\r\n<\/tr>\r\n<tr>\r\n<td>\r\n<p><b>Animal&nbsp; &nbsp; &nbsp; &nbsp; &nbsp; &nbsp;&nbsp; &nbsp; &nbsp; &nbsp; &nbsp; &nbsp;<\/b><\/p>\r\n<\/td>\r\n<td>\r\n<p><b>Number of scoops (1 x per day)<\/b><\/p>\r\n<\/td>\r\n<\/tr>\r\n<tr>\r\n<td>\r\n<p>Dog &gt; 25 kg<\/p>\r\n<\/td>\r\n<td>\r\n<p>4 scoops<\/p>\r\n<\/td>\r\n<\/tr>\r\n<tr>\r\n<td>\r\n<p>Dog 10-25 kg<\/p>\r\n<\/td>\r\n<td>\r\n<p>2 &frac12; &nbsp;scoops<\/p>\r\n<\/td>\r\n<\/tr>\r\n<tr>\r\n<td>\r\n<p>Cat + Dog &lt; 10 kg<\/p>\r\n<\/td>\r\n<td>\r\n<p>1 scoop<\/p>\r\n<\/td>\r\n<\/tr>\r\n<\/thead>\r\n<\/table>","_en_post_name":"puur-vitamin-and-minerals","_en_post_excerpt":"","_en_post_title":"PUUR vitamin and minerals","_de_post_content":"<p style=\"text-align: justify;\">PUUR Vita-min &nbsp;ist ein Erg&auml;nzungsfuttermittel mit verscheidene Vitamin und Mineralien. Die Abwehrkraft von Ihre Hund, Katze und Pferd bleibt gut und auch werdet das Immunsystem gesund gehalten. Sie k&ouml;nnen zum Beispiel die PUUR&nbsp; Vita-min abwenden wann Ihre Haustier ein operation durch gemacht hat.<\/p>\r\n<p style=\"text-align: justify;\">Sie k&ouml;nnen die PUUR Vita-min mengen mit das Futter. Beachten Sie das Sie das Pulver ein bischen anfeuchten. Dann blasen die tieren das nicht auf den Sch&uuml;ssel.<\/p>\r\n<table border=\"1\">\r\n<thead>\r\n<tr>\r\n<td colspan=\"2\">\r\n<p style=\"text-align: center;\"><b>Doserung (1 Messl&ouml;ffel = 1 Gramm)<\/b><\/p>\r\n<\/td>\r\n<\/tr>\r\n<tr>\r\n<td>\r\n<p><b>Tier&nbsp; &nbsp; &nbsp; &nbsp; &nbsp; &nbsp; &nbsp; &nbsp; &nbsp; &nbsp; &nbsp; &nbsp;&nbsp;<\/b><\/p>\r\n<\/td>\r\n<td>\r\n<p><b>Anzahl Messl&ouml;ffel (1-2 x pro Tag)<\/b><\/p>\r\n<\/td>\r\n<\/tr>\r\n<tr>\r\n<td>\r\n<p>Hund<\/p>\r\n<\/td>\r\n<td>\r\n<p>4 Messl&ouml;ffel<\/p>\r\n<\/td>\r\n<\/tr>\r\n<tr>\r\n<td>\r\n<p>Katze<\/p>\r\n<\/td>\r\n<td>\r\n<p>2 &frac12; Messl&ouml;ffel<\/p>\r\n<\/td>\r\n<\/tr>\r\n<tr>\r\n<td>\r\n<p>Pferd<\/p>\r\n<\/td>\r\n<td>\r\n<p>1 Messl&ouml;ffel<\/p>\r\n<\/td>\r\n<\/tr>\r\n<\/thead>\r\n<\/table>","_de_post_name":"puur-vitamin-und-mineralien","_de_post_excerpt":"","_de_post_title":"PUUR Vitamin und Mineralien","_fr_post_content":"<p style=\"text-align: justify;\">PUUR Vita-min helpt het immuunsysteem gezond te houden en zorgt ervoor dat bij uw hond of kat de weerstand optimaal blijft. Ook helpt het wanneer uw huisdier moet herstellen van bijvoorbeeld een operatie. Dit product bevat alle nodige vitaminen en mineralen die uw hond of kat op dat moment nodig heeft.<\/p>\r\n<p style=\"text-align: justify;\">U kunt PUUR Vita-min door het voer van uw hond mengen. Zorg er hierbij wel voor dat u het poeder vochtig maakt zodat uw huisdier het hier van het voer afblaast.<\/p>\r\n<table border=\"1\" style=\"\">\r\n<thead>\r\n<tr>\r\n<td colspan=\"2\">\r\n<p style=\"text-align: center;\"><strong>Dosering (1 maatschep = 1 gram)<\/strong><\/p>\r\n<\/td>\r\n<\/tr>\r\n<tr>\r\n<td>\r\n<p><strong>Dier &nbsp; &nbsp; &nbsp; &nbsp; &nbsp; &nbsp; &nbsp; &nbsp; &nbsp; &nbsp; &nbsp; &nbsp; &nbsp;<\/strong><\/p>\r\n<\/td>\r\n<td>\r\n<p><strong>Aantal maatscheppen (1 x per dag)<\/strong><\/p>\r\n<\/td>\r\n<\/tr>\r\n<tr>\r\n<td>\r\n<p>Hond&nbsp; &gt; 25 kg<\/p>\r\n<\/td>\r\n<td>\r\n<p>4 maatscheppen<\/p>\r\n<\/td>\r\n<\/tr>\r\n<tr>\r\n<td>\r\n<p>Hond 10-25 kg<\/p>\r\n<\/td>\r\n<td>\r\n<p>2 &frac12; maatschep<\/p>\r\n<\/td>\r\n<\/tr>\r\n<tr>\r\n<td>\r\n<p>Kat + Hond &lt; 10 kg<\/p>\r\n<\/td>\r\n<td>\r\n<p>1 maatschep<\/p>\r\n<\/td>\r\n<\/tr>\r\n<\/thead>\r\n<\/table>","_fr_post_name":"puur-vitamine-en-mineralen","_fr_post_excerpt":"","_fr_post_title":"PUUR vitamine en mineralen","_es_post_content":"<p>Las vitaminas y minerales PUUR ayudan a mantener saludable el sistema inmunol\u00f3gico y aseguran que la resistencia de su perro o gato se mantenga \u00f3ptima. Tambi\u00e9n ayuda cuando su mascota tiene que recuperarse, por ejemplo, de una operaci\u00f3n. Este producto contiene todas las vitaminas y minerales necesarios que su perro o gato necesita en ese momento.<\/p>\r\n<p>Puedes mezclar PUUR Vitaminas y minerales a trav\u00e9s de la comida de su perro o gato. Aseg\u00farate de humedecer el polvo para que su mascota lo sople de la comida aqu\u00ed.<\/p>\r\n<table style=\"\" border=\"1\">\r\n<thead>\r\n<tr>\r\n<td colspan=\"2\">\r\n<p style=\"text-align: center;\"><strong>Dosis (1 cuchara dosificadora = 1 gramo)<\/strong><\/p>\r\n<\/td>\r\n<\/tr>\r\n<tr>\r\n<td>\r\n<p><strong>Animal \u00a0 \u00a0 \u00a0 \u00a0 \u00a0 \u00a0 \u00a0 \u00a0 \u00a0 \u00a0 \u00a0 \u00a0 \u00a0<\/strong><\/p>\r\n<\/td>\r\n<td>\r\n<p><strong>Cucharas dosificadoras (1 x por d\u00eda)<\/strong><\/p>\r\n<\/td>\r\n<\/tr>\r\n<tr>\r\n<td>\r\n<p>Perros\u00a0 &gt; 25 kg<\/p>\r\n<\/td>\r\n<td>\r\n<p>4 cucharas dosificadoras<\/p>\r\n<\/td>\r\n<\/tr>\r\n<tr>\r\n<td>\r\n<p>Perros 10-25 kg<\/p>\r\n<\/td>\r\n<td>\r\n<p>2 \u00bd cucharas dosificadoras<\/p>\r\n<\/td>\r\n<\/tr>\r\n<tr>\r\n<td>\r\n<p>Gatos y perros &lt; 10 kg<\/p>\r\n<\/td>\r\n<td>\r\n<p>1 cuchara dosificadora<\/p>\r\n<\/td>\r\n<\/tr>\r\n<\/thead>\r\n<\/table>\r\n<p style=\"text-align: justify;\">\u00a0<\/p>\r\n<p style=\"text-align: justify;\">250 gramos de polvo.\u00a0<\/p>","_es_post_name":"puur-vitaminas-minerales-perros-gatos","_es_post_excerpt":"","_es_post_title":"PUUR vitaminas y minerales","edit_language":"nl"},"product_brand":[],"product_cat":[1117,2013,1839,1857,1950],"product_tag":[],"class_list":{"0":"post-119342","1":"product","2":"type-product","3":"status-publish","4":"has-post-thumbnail","6":"product_cat-honden","7":"product_cat-immuunsysteem-weerstand","8":"product_cat-medicijnen-supplementen","9":"product_cat-merken","10":"product_cat-puur","11":"pa_aandoening-overig","12":"pa_doeldier-hond","13":"pa_doeldier-kat","14":"pa_fabricatieland-nederland","15":"pa_merkfilter-puur","16":"pa_merkgroep-nml","17":"pa_productsoort-overig","18":"pa_seo_canonical_store_id-not_found_value","19":"pa_seo_category-not_found_value","20":"pa_seo_meta_robots-not_found_value","21":"pa_toedieningswijze-poeder","22":"pa_werkzamestof-overig","24":"first","25":"instock","26":"taxable","27":"shipping-taxable","28":"product-type-grouped"},"yoast_head":"<!-- This site is optimized with the Yoast SEO plugin v27.5 - https:\/\/yoast.com\/product\/yoast-seo-wordpress\/ -->\n<title>PUUR vitamine en mineralen - Pharmacy4pets<\/title>\n<meta name=\"robots\" content=\"index, follow, max-snippet:-1, max-image-preview:large, max-video-preview:-1\" \/>\n<link rel=\"canonical\" href=\"https:\/\/www.pharmacy4pets.nl\/puur-vitamine-en-mineralen\" \/>\n<meta property=\"og:locale\" content=\"nl_NL\" \/>\n<meta property=\"og:type\" content=\"article\" \/>\n<meta property=\"og:title\" content=\"PUUR vitamine en mineralen - Pharmacy4pets\" \/>\n<meta property=\"og:description\" content=\"PUUR Vita-min helpt het immuunsysteem gezond te houden en zorgt ervoor dat bij uw hond of kat de weerstand optimaal blijft. Ook helpt het wanneer uw huisdier moet herstellen van bijvoorbeeld een operatie. Dit product bevat alle nodige vitaminen en mineralen die uw hond of kat op dat moment nodig heeft. U kunt PUUR Vita-min [&hellip;]\" \/>\n<meta property=\"og:url\" content=\"https:\/\/www.pharmacy4pets.nl\/puur-vitamine-en-mineralen\" \/>\n<meta property=\"og:site_name\" content=\"Pharmacy4pets\" \/>\n<meta property=\"article:publisher\" content=\"https:\/\/www.facebook.com\/people\/Pharmacy4petsnl\/100063484989896\/\" \/>\n<meta property=\"article:modified_time\" content=\"2026-03-25T12:01:19+00:00\" \/>\n<meta property=\"og:image\" content=\"https:\/\/www.pharmacy4pets.nl\/wp-content\/uploads\/2019\/12\/21682_1.jpg\" \/>\n\t<meta property=\"og:image:width\" content=\"600\" \/>\n\t<meta property=\"og:image:height\" content=\"600\" \/>\n\t<meta property=\"og:image:type\" content=\"image\/jpeg\" \/>\n<meta name=\"twitter:card\" content=\"summary_large_image\" \/>\n<meta name=\"twitter:label1\" content=\"Geschatte leestijd\" \/>\n\t<meta name=\"twitter:data1\" content=\"1 minuut\" \/>\n<script type=\"application\/ld+json\" class=\"yoast-schema-graph\">{\"@context\":\"https:\\\/\\\/schema.org\",\"@graph\":[{\"@type\":\"WebPage\",\"@id\":\"https:\\\/\\\/www.pharmacy4pets.nl\\\/puur-vitamine-en-mineralen\",\"url\":\"https:\\\/\\\/www.pharmacy4pets.nl\\\/puur-vitamine-en-mineralen\",\"name\":\"PUUR vitamine en mineralen - Pharmacy4pets\",\"isPartOf\":{\"@id\":\"http:\\\/\\\/www.pharmacy4pets.nl\\\/#website\"},\"primaryImageOfPage\":{\"@id\":\"https:\\\/\\\/www.pharmacy4pets.nl\\\/puur-vitamine-en-mineralen#primaryimage\"},\"image\":{\"@id\":\"https:\\\/\\\/www.pharmacy4pets.nl\\\/puur-vitamine-en-mineralen#primaryimage\"},\"thumbnailUrl\":\"https:\\\/\\\/www.pharmacy4pets.nl\\\/wp-content\\\/uploads\\\/2019\\\/12\\\/21682_1.jpg\",\"datePublished\":\"2019-12-12T16:04:16+00:00\",\"dateModified\":\"2026-03-25T12:01:19+00:00\",\"breadcrumb\":{\"@id\":\"https:\\\/\\\/www.pharmacy4pets.nl\\\/puur-vitamine-en-mineralen#breadcrumb\"},\"inLanguage\":\"nl-NL\",\"potentialAction\":[{\"@type\":\"ReadAction\",\"target\":[\"https:\\\/\\\/www.pharmacy4pets.nl\\\/puur-vitamine-en-mineralen\"]}]},{\"@type\":\"ImageObject\",\"inLanguage\":\"nl-NL\",\"@id\":\"https:\\\/\\\/www.pharmacy4pets.nl\\\/puur-vitamine-en-mineralen#primaryimage\",\"url\":\"https:\\\/\\\/www.pharmacy4pets.nl\\\/wp-content\\\/uploads\\\/2019\\\/12\\\/21682_1.jpg\",\"contentUrl\":\"https:\\\/\\\/www.pharmacy4pets.nl\\\/wp-content\\\/uploads\\\/2019\\\/12\\\/21682_1.jpg\",\"width\":600,\"height\":600,\"caption\":\"PUUR\"},{\"@type\":\"BreadcrumbList\",\"@id\":\"https:\\\/\\\/www.pharmacy4pets.nl\\\/puur-vitamine-en-mineralen#breadcrumb\",\"itemListElement\":[{\"@type\":\"ListItem\",\"position\":1,\"name\":\"Home\",\"item\":\"https:\\\/\\\/p4p-nl.bootmine.com\\\/\"},{\"@type\":\"ListItem\",\"position\":2,\"name\":\"Winkel\",\"item\":\"https:\\\/\\\/p4p-nl.bootmine.com\\\/winkel\"},{\"@type\":\"ListItem\",\"position\":3,\"name\":\"PUUR vitamine en mineralen\"}]},{\"@type\":\"WebSite\",\"@id\":\"http:\\\/\\\/www.pharmacy4pets.nl\\\/#website\",\"url\":\"http:\\\/\\\/www.pharmacy4pets.nl\\\/\",\"name\":\"Pharmacy4pets\",\"description\":\"Pharmacy4pets.nl is d\u00e9 online apotheek waar u terecht kunt voor alle diergeneesmiddelen, verzorgingsproducten en dieetvoeding voor uw huisdier.\",\"publisher\":{\"@id\":\"http:\\\/\\\/www.pharmacy4pets.nl\\\/#organization\"},\"potentialAction\":[{\"@type\":\"SearchAction\",\"target\":{\"@type\":\"EntryPoint\",\"urlTemplate\":\"http:\\\/\\\/www.pharmacy4pets.nl\\\/?s={search_term_string}\"},\"query-input\":{\"@type\":\"PropertyValueSpecification\",\"valueRequired\":true,\"valueName\":\"search_term_string\"}}],\"inLanguage\":\"nl-NL\"},{\"@type\":\"Organization\",\"@id\":\"http:\\\/\\\/www.pharmacy4pets.nl\\\/#organization\",\"name\":\"Pharmacy4pets\",\"url\":\"http:\\\/\\\/www.pharmacy4pets.nl\\\/\",\"logo\":{\"@type\":\"ImageObject\",\"inLanguage\":\"nl-NL\",\"@id\":\"http:\\\/\\\/www.pharmacy4pets.nl\\\/#\\\/schema\\\/logo\\\/image\\\/\",\"url\":\"https:\\\/\\\/p4p-nl.bootmine.com\\\/wp-content\\\/uploads\\\/2026\\\/03\\\/logo-pharmacy4pets.png\",\"contentUrl\":\"https:\\\/\\\/p4p-nl.bootmine.com\\\/wp-content\\\/uploads\\\/2026\\\/03\\\/logo-pharmacy4pets.png\",\"width\":1024,\"height\":135,\"caption\":\"Pharmacy4pets\"},\"image\":{\"@id\":\"http:\\\/\\\/www.pharmacy4pets.nl\\\/#\\\/schema\\\/logo\\\/image\\\/\"},\"sameAs\":[\"https:\\\/\\\/www.facebook.com\\\/people\\\/Pharmacy4petsnl\\\/100063484989896\\\/\",\"https:\\\/\\\/www.youtube.com\\\/channel\\\/UCGPTIgucgli03tP2_kvLkHg\\\/featured\",\"https:\\\/\\\/www.instagram.com\\\/pharmacy4pets.nl\"]}]}<\/script>\n<!-- \/ Yoast SEO plugin. -->","yoast_head_json":{"title":"PUUR vitamine en mineralen - Pharmacy4pets","robots":{"index":"index","follow":"follow","max-snippet":"max-snippet:-1","max-image-preview":"max-image-preview:large","max-video-preview":"max-video-preview:-1"},"canonical":"https:\/\/www.pharmacy4pets.nl\/puur-vitamine-en-mineralen","og_locale":"nl_NL","og_type":"article","og_title":"PUUR vitamine en mineralen - Pharmacy4pets","og_description":"PUUR Vita-min helpt het immuunsysteem gezond te houden en zorgt ervoor dat bij uw hond of kat de weerstand optimaal blijft. Ook helpt het wanneer uw huisdier moet herstellen van bijvoorbeeld een operatie. Dit product bevat alle nodige vitaminen en mineralen die uw hond of kat op dat moment nodig heeft. U kunt PUUR Vita-min [&hellip;]","og_url":"https:\/\/www.pharmacy4pets.nl\/puur-vitamine-en-mineralen","og_site_name":"Pharmacy4pets","article_publisher":"https:\/\/www.facebook.com\/people\/Pharmacy4petsnl\/100063484989896\/","article_modified_time":"2026-03-25T12:01:19+00:00","og_image":[{"width":600,"height":600,"url":"https:\/\/www.pharmacy4pets.nl\/wp-content\/uploads\/2019\/12\/21682_1.jpg","type":"image\/jpeg"}],"twitter_card":"summary_large_image","twitter_misc":{"Geschatte leestijd":"1 minuut"},"schema":{"@context":"https:\/\/schema.org","@graph":[{"@type":"WebPage","@id":"https:\/\/www.pharmacy4pets.nl\/puur-vitamine-en-mineralen","url":"https:\/\/www.pharmacy4pets.nl\/puur-vitamine-en-mineralen","name":"PUUR vitamine en mineralen - Pharmacy4pets","isPartOf":{"@id":"http:\/\/www.pharmacy4pets.nl\/#website"},"primaryImageOfPage":{"@id":"https:\/\/www.pharmacy4pets.nl\/puur-vitamine-en-mineralen#primaryimage"},"image":{"@id":"https:\/\/www.pharmacy4pets.nl\/puur-vitamine-en-mineralen#primaryimage"},"thumbnailUrl":"https:\/\/www.pharmacy4pets.nl\/wp-content\/uploads\/2019\/12\/21682_1.jpg","datePublished":"2019-12-12T16:04:16+00:00","dateModified":"2026-03-25T12:01:19+00:00","breadcrumb":{"@id":"https:\/\/www.pharmacy4pets.nl\/puur-vitamine-en-mineralen#breadcrumb"},"inLanguage":"nl-NL","potentialAction":[{"@type":"ReadAction","target":["https:\/\/www.pharmacy4pets.nl\/puur-vitamine-en-mineralen"]}]},{"@type":"ImageObject","inLanguage":"nl-NL","@id":"https:\/\/www.pharmacy4pets.nl\/puur-vitamine-en-mineralen#primaryimage","url":"https:\/\/www.pharmacy4pets.nl\/wp-content\/uploads\/2019\/12\/21682_1.jpg","contentUrl":"https:\/\/www.pharmacy4pets.nl\/wp-content\/uploads\/2019\/12\/21682_1.jpg","width":600,"height":600,"caption":"PUUR"},{"@type":"BreadcrumbList","@id":"https:\/\/www.pharmacy4pets.nl\/puur-vitamine-en-mineralen#breadcrumb","itemListElement":[{"@type":"ListItem","position":1,"name":"Home","item":"https:\/\/p4p-nl.bootmine.com\/"},{"@type":"ListItem","position":2,"name":"Winkel","item":"https:\/\/p4p-nl.bootmine.com\/winkel"},{"@type":"ListItem","position":3,"name":"PUUR vitamine en mineralen"}]},{"@type":"WebSite","@id":"http:\/\/www.pharmacy4pets.nl\/#website","url":"http:\/\/www.pharmacy4pets.nl\/","name":"Pharmacy4pets","description":"Pharmacy4pets.nl is d\u00e9 online apotheek waar u terecht kunt voor alle diergeneesmiddelen, verzorgingsproducten en dieetvoeding voor uw huisdier.","publisher":{"@id":"http:\/\/www.pharmacy4pets.nl\/#organization"},"potentialAction":[{"@type":"SearchAction","target":{"@type":"EntryPoint","urlTemplate":"http:\/\/www.pharmacy4pets.nl\/?s={search_term_string}"},"query-input":{"@type":"PropertyValueSpecification","valueRequired":true,"valueName":"search_term_string"}}],"inLanguage":"nl-NL"},{"@type":"Organization","@id":"http:\/\/www.pharmacy4pets.nl\/#organization","name":"Pharmacy4pets","url":"http:\/\/www.pharmacy4pets.nl\/","logo":{"@type":"ImageObject","inLanguage":"nl-NL","@id":"http:\/\/www.pharmacy4pets.nl\/#\/schema\/logo\/image\/","url":"https:\/\/p4p-nl.bootmine.com\/wp-content\/uploads\/2026\/03\/logo-pharmacy4pets.png","contentUrl":"https:\/\/p4p-nl.bootmine.com\/wp-content\/uploads\/2026\/03\/logo-pharmacy4pets.png","width":1024,"height":135,"caption":"Pharmacy4pets"},"image":{"@id":"http:\/\/www.pharmacy4pets.nl\/#\/schema\/logo\/image\/"},"sameAs":["https:\/\/www.facebook.com\/people\/Pharmacy4petsnl\/100063484989896\/","https:\/\/www.youtube.com\/channel\/UCGPTIgucgli03tP2_kvLkHg\/featured","https:\/\/www.instagram.com\/pharmacy4pets.nl"]}]}},"market_data":{"nl":{"price":0,"sale_price":0,"active":false,"url":null,"parent_url":"","tax_rate":0,"price_inc_tax":0,"sale_price_inc_tax":0},"de":{"price":0,"sale_price":0,"active":false,"url":null,"parent_url":"","tax_rate":0,"price_inc_tax":0,"sale_price_inc_tax":0},"be":{"price":0,"sale_price":0,"active":false,"url":null,"parent_url":"","tax_rate":0,"price_inc_tax":0,"sale_price_inc_tax":0},"fr":{"price":0,"sale_price":0,"active":false,"url":null,"parent_url":"","tax_rate":0,"price_inc_tax":0,"sale_price_inc_tax":0},"ch":{"price":0,"sale_price":0,"active":false,"url":null,"parent_url":"","tax_rate":0,"price_inc_tax":0,"sale_price_inc_tax":0},"at":{"price":0,"sale_price":0,"active":false,"url":null,"parent_url":"","tax_rate":0,"price_inc_tax":0,"sale_price_inc_tax":0},"es":{"price":0,"sale_price":0,"active":false,"url":null,"parent_url":"","tax_rate":0,"price_inc_tax":0,"sale_price_inc_tax":0},"dk":{"price":0,"sale_price":0,"active":false,"url":null,"parent_url":"","tax_rate":0,"price_inc_tax":0,"sale_price_inc_tax":0},"com":{"price":0,"sale_price":0,"active":false,"url":null,"parent_url":"","tax_rate":0,"price_inc_tax":0,"sale_price_inc_tax":0}},"market_nl_price":0,"market_nl_sale_price":0,"market_nl_active":false,"market_nl_url":null,"market_nl_parent_url":"","market_nl_tax_rate":0,"market_nl_price_inc_tax":0,"market_nl_sale_price_inc_tax":0,"market_de_price":0,"market_de_sale_price":0,"market_de_active":false,"market_de_url":null,"market_de_parent_url":"","market_de_tax_rate":0,"market_de_price_inc_tax":0,"market_de_sale_price_inc_tax":0,"market_be_price":0,"market_be_sale_price":0,"market_be_active":false,"market_be_url":null,"market_be_parent_url":"","market_be_tax_rate":0,"market_be_price_inc_tax":0,"market_be_sale_price_inc_tax":0,"market_fr_price":0,"market_fr_sale_price":0,"market_fr_active":false,"market_fr_url":null,"market_fr_parent_url":"","market_fr_tax_rate":0,"market_fr_price_inc_tax":0,"market_fr_sale_price_inc_tax":0,"market_ch_price":0,"market_ch_sale_price":0,"market_ch_active":false,"market_ch_url":null,"market_ch_parent_url":"","market_ch_tax_rate":0,"market_ch_price_inc_tax":0,"market_ch_sale_price_inc_tax":0,"market_at_price":0,"market_at_sale_price":0,"market_at_active":false,"market_at_url":null,"market_at_parent_url":"","market_at_tax_rate":0,"market_at_price_inc_tax":0,"market_at_sale_price_inc_tax":0,"market_es_price":0,"market_es_sale_price":0,"market_es_active":false,"market_es_url":null,"market_es_parent_url":"","market_es_tax_rate":0,"market_es_price_inc_tax":0,"market_es_sale_price_inc_tax":0,"market_dk_price":0,"market_dk_sale_price":0,"market_dk_active":false,"market_dk_url":null,"market_dk_parent_url":"","market_dk_tax_rate":0,"market_dk_price_inc_tax":0,"market_dk_sale_price_inc_tax":0,"market_com_price":0,"market_com_sale_price":0,"market_com_active":false,"market_com_url":null,"market_com_parent_url":"","market_com_tax_rate":0,"market_com_price_inc_tax":0,"market_com_sale_price_inc_tax":0,"acf":[],"_links":{"self":[{"href":"https:\/\/www.pharmacy4pets.nl\/be\/wp-json\/wp\/v2\/product\/119342","targetHints":{"allow":["GET"]}}],"collection":[{"href":"https:\/\/www.pharmacy4pets.nl\/be\/wp-json\/wp\/v2\/product"}],"about":[{"href":"https:\/\/www.pharmacy4pets.nl\/be\/wp-json\/wp\/v2\/types\/product"}],"replies":[{"embeddable":true,"href":"https:\/\/www.pharmacy4pets.nl\/be\/wp-json\/wp\/v2\/comments?post=119342"}],"wp:featuredmedia":[{"embeddable":true,"href":"https:\/\/www.pharmacy4pets.nl\/be\/wp-json\/wp\/v2\/media\/119341"}],"wp:attachment":[{"href":"https:\/\/www.pharmacy4pets.nl\/be\/wp-json\/wp\/v2\/media?parent=119342"}],"wp:term":[{"taxonomy":"product_brand","embeddable":true,"href":"https:\/\/www.pharmacy4pets.nl\/be\/wp-json\/wp\/v2\/product_brand?post=119342"},{"taxonomy":"product_cat","embeddable":true,"href":"https:\/\/www.pharmacy4pets.nl\/be\/wp-json\/wp\/v2\/product_cat?post=119342"},{"taxonomy":"product_tag","embeddable":true,"href":"https:\/\/www.pharmacy4pets.nl\/be\/wp-json\/wp\/v2\/product_tag?post=119342"}],"curies":[{"name":"wp","href":"https:\/\/api.w.org\/{rel}","templated":true}]}}